{"id":201,"date":"2023-11-08T13:46:21","date_gmt":"2023-11-08T11:46:21","guid":{"rendered":"https:\/\/eventdk.nordiske-medier.dk\/atervinningsgalan\/?page_id=201"},"modified":"2025-08-06T15:54:07","modified_gmt":"2025-08-06T13:54:07","slug":"om-oss","status":"publish","type":"page","link":"https:\/\/nmevents.se\/aretsbilsaljare\/om-oss\/","title":{"rendered":"Om oss"},"content":{"rendered":"\t\t<div data-elementor-type=\"wp-page\" data-elementor-id=\"201\" class=\"elementor elementor-201\" data-elementor-post-type=\"page\">\n\t\t\t\t<div class=\"elementor-element elementor-element-dc69a17 e-flex e-con-boxed e-con e-parent\" data-id=\"dc69a17\" data-element_type=\"container\" data-core-v316-plus=\"true\">\n\t\t\t\t\t<div class=\"e-con-inner\">\n\t\t\t\t<div class=\"elementor-element elementor-element-ab12fb0 elementor-widget elementor-widget-spacer\" data-id=\"ab12fb0\" data-element_type=\"widget\" data-widget_type=\"spacer.default\">\n\t\t\t\t<div class=\"elementor-widget-container\">\n\t\t\t<style>\/*! elementor - v3.20.0 - 20-03-2024 *\/\n.elementor-column .elementor-spacer-inner{height:var(--spacer-size)}.e-con{--container-widget-width:100%}.e-con-inner>.elementor-widget-spacer,.e-con>.elementor-widget-spacer{width:var(--container-widget-width,var(--spacer-size));--align-self:var(--container-widget-align-self,initial);--flex-shrink:0}.e-con-inner>.elementor-widget-spacer>.elementor-widget-container,.e-con>.elementor-widget-spacer>.elementor-widget-container{height:100%;width:100%}.e-con-inner>.elementor-widget-spacer>.elementor-widget-container>.elementor-spacer,.e-con>.elementor-widget-spacer>.elementor-widget-container>.elementor-spacer{height:100%}.e-con-inner>.elementor-widget-spacer>.elementor-widget-container>.elementor-spacer>.elementor-spacer-inner,.e-con>.elementor-widget-spacer>.elementor-widget-container>.elementor-spacer>.elementor-spacer-inner{height:var(--container-widget-height,var(--spacer-size))}.e-con-inner>.elementor-widget-spacer.elementor-widget-empty,.e-con>.elementor-widget-spacer.elementor-widget-empty{position:relative;min-height:22px;min-width:22px}.e-con-inner>.elementor-widget-spacer.elementor-widget-empty .elementor-widget-empty-icon,.e-con>.elementor-widget-spacer.elementor-widget-empty .elementor-widget-empty-icon{position:absolute;top:0;bottom:0;left:0;right:0;margin:auto;padding:0;width:22px;height:22px}<\/style>\t\t<div class=\"elementor-spacer\">\n\t\t\t<div class=\"elementor-spacer-inner\"><\/div>\n\t\t<\/div>\n\t\t\t\t<\/div>\n\t\t\t\t<\/div>\n\t\t\t\t\t<\/div>\n\t\t\t\t<\/div>\n\t\t<div class=\"elementor-element elementor-element-c60e0ac e-flex e-con-boxed e-con e-parent\" data-id=\"c60e0ac\" data-element_type=\"container\" data-core-v316-plus=\"true\">\n\t\t\t\t\t<div class=\"e-con-inner\">\n\t\t<div class=\"elementor-element elementor-element-cc9de00 e-con-full e-flex e-con e-child\" data-id=\"cc9de00\" data-element_type=\"container\">\n\t\t\t\t<div class=\"elementor-element elementor-element-b6c2937 elementor-widget elementor-widget-text-editor\" data-id=\"b6c2937\" data-element_type=\"widget\" data-widget_type=\"text-editor.default\">\n\t\t\t\t<div class=\"elementor-widget-container\">\n\t\t\t<style>\/*! elementor - v3.20.0 - 20-03-2024 *\/\n.elementor-widget-text-editor.elementor-drop-cap-view-stacked .elementor-drop-cap{background-color:#69727d;color:#fff}.elementor-widget-text-editor.elementor-drop-cap-view-framed .elementor-drop-cap{color:#69727d;border:3px solid;background-color:transparent}.elementor-widget-text-editor:not(.elementor-drop-cap-view-default) .elementor-drop-cap{margin-top:8px}.elementor-widget-text-editor:not(.elementor-drop-cap-view-default) .elementor-drop-cap-letter{width:1em;height:1em}.elementor-widget-text-editor .elementor-drop-cap{float:left;text-align:center;line-height:1;font-size:50px}.elementor-widget-text-editor .elementor-drop-cap-letter{display:inline-block}<\/style>\t\t\t\t<p>Motormagasinet<\/p>\t\t\t\t\t\t<\/div>\n\t\t\t\t<\/div>\n\t\t\t\t<div class=\"elementor-element elementor-element-654be83 elementor-widget elementor-widget-text-editor\" data-id=\"654be83\" data-element_type=\"widget\" data-widget_type=\"text-editor.default\">\n\t\t\t\t<div class=\"elementor-widget-container\">\n\t\t\t\t\t\t\t<p>\u2013 f\u00f6r den som vill f\u00f6lja branschen<\/p>\t\t\t\t\t\t<\/div>\n\t\t\t\t<\/div>\n\t\t\t\t<div class=\"elementor-element elementor-element-331353c elementor-widget elementor-widget-text-editor\" data-id=\"331353c\" data-element_type=\"widget\" data-widget_type=\"text-editor.default\">\n\t\t\t\t<div class=\"elementor-widget-container\">\n\t\t\t\t\t\t\t<p>Motormagasinet \u00e4r branschens ledande, oberoende nyhetsk\u00e4lla i tryck och digitalt. H\u00e4r f\u00e5r du information och inspiration om allt som h\u00e4nder i fordonsbranschen.<\/p><p>Genom Motormagasinets alla kanaler, i tryck, p\u00e5 webben och i nyhetsbreven, f\u00e5r du heta nyheter, reportage fr\u00e5n branschf\u00f6retag, tekniska beskrivningar och f\u00f6rdjupningar i ett eller flera teman, allt skrivet av v\u00e5ra initierade reportrar.<\/p><p>Chefredakt\u00f6r<br \/><strong>Marcus Nyberg<br \/><\/strong>+46 (0)70 947 16 31<br \/>marcus.nyberg@nordiskemedier.se<strong><br \/><\/strong><\/p>\t\t\t\t\t\t<\/div>\n\t\t\t\t<\/div>\n\t\t\t\t<\/div>\n\t\t<div class=\"elementor-element elementor-element-78f92a5 e-con-full e-flex e-con e-child\" data-id=\"78f92a5\" data-element_type=\"container\">\n\t\t\t\t<div class=\"elementor-element elementor-element-d5261f3 elementor-widget elementor-widget-image\" data-id=\"d5261f3\" data-element_type=\"widget\" data-widget_type=\"image.default\">\n\t\t\t\t<div class=\"elementor-widget-container\">\n\t\t\t<style>\/*! elementor - v3.20.0 - 20-03-2024 *\/\n.elementor-widget-image{text-align:center}.elementor-widget-image a{display:inline-block}.elementor-widget-image a img[src$=\".svg\"]{width:48px}.elementor-widget-image img{vertical-align:middle;display:inline-block}<\/style>\t\t\t\t\t\t\t\t\t\t<img fetchpriority=\"high\" decoding=\"async\" width=\"800\" height=\"453\" src=\"https:\/\/nmevents.se\/aretsbilsaljare\/wp-content\/uploads\/sites\/67\/2025\/05\/samlingsbild-MM-1024x580.png\" class=\"attachment-large size-large wp-image-2793\" alt=\"\" srcset=\"https:\/\/nmevents.se\/aretsbilsaljare\/wp-content\/uploads\/sites\/67\/2025\/05\/samlingsbild-MM-1024x580.png 1024w, https:\/\/nmevents.se\/aretsbilsaljare\/wp-content\/uploads\/sites\/67\/2025\/05\/samlingsbild-MM-300x170.png 300w, https:\/\/nmevents.se\/aretsbilsaljare\/wp-content\/uploads\/sites\/67\/2025\/05\/samlingsbild-MM-768x435.png 768w, https:\/\/nmevents.se\/aretsbilsaljare\/wp-content\/uploads\/sites\/67\/2025\/05\/samlingsbild-MM-1536x869.png 1536w, https:\/\/nmevents.se\/aretsbilsaljare\/wp-content\/uploads\/sites\/67\/2025\/05\/samlingsbild-MM-2048x1159.png 2048w\" sizes=\"(max-width: 800px) 100vw, 800px\" \/>\t\t\t\t\t\t\t\t\t\t\t\t\t<\/div>\n\t\t\t\t<\/div>\n\t\t\t\t<\/div>\n\t\t\t\t\t<\/div>\n\t\t\t\t<\/div>\n\t\t<div class=\"elementor-element elementor-element-de8f925 e-flex e-con-boxed e-con e-parent\" data-id=\"de8f925\" data-element_type=\"container\" data-core-v316-plus=\"true\">\n\t\t\t\t\t<div class=\"e-con-inner\">\n\t\t\t\t<div class=\"elementor-element elementor-element-3c2a5d8 elementor-widget-divider--view-line elementor-widget elementor-widget-divider\" data-id=\"3c2a5d8\" data-element_type=\"widget\" data-widget_type=\"divider.default\">\n\t\t\t\t<div class=\"elementor-widget-container\">\n\t\t\t<style>\/*! elementor - v3.20.0 - 20-03-2024 *\/\n.elementor-widget-divider{--divider-border-style:none;--divider-border-width:1px;--divider-color:#0c0d0e;--divider-icon-size:20px;--divider-element-spacing:10px;--divider-pattern-height:24px;--divider-pattern-size:20px;--divider-pattern-url:none;--divider-pattern-repeat:repeat-x}.elementor-widget-divider .elementor-divider{display:flex}.elementor-widget-divider .elementor-divider__text{font-size:15px;line-height:1;max-width:95%}.elementor-widget-divider .elementor-divider__element{margin:0 var(--divider-element-spacing);flex-shrink:0}.elementor-widget-divider .elementor-icon{font-size:var(--divider-icon-size)}.elementor-widget-divider .elementor-divider-separator{display:flex;margin:0;direction:ltr}.elementor-widget-divider--view-line_icon .elementor-divider-separator,.elementor-widget-divider--view-line_text .elementor-divider-separator{align-items:center}.elementor-widget-divider--view-line_icon .elementor-divider-separator:after,.elementor-widget-divider--view-line_icon .elementor-divider-separator:before,.elementor-widget-divider--view-line_text .elementor-divider-separator:after,.elementor-widget-divider--view-line_text .elementor-divider-separator:before{display:block;content:\"\";border-block-end:0;flex-grow:1;border-block-start:var(--divider-border-width) var(--divider-border-style) var(--divider-color)}.elementor-widget-divider--element-align-left .elementor-divider .elementor-divider-separator>.elementor-divider__svg:first-of-type{flex-grow:0;flex-shrink:100}.elementor-widget-divider--element-align-left .elementor-divider-separator:before{content:none}.elementor-widget-divider--element-align-left .elementor-divider__element{margin-left:0}.elementor-widget-divider--element-align-right .elementor-divider .elementor-divider-separator>.elementor-divider__svg:last-of-type{flex-grow:0;flex-shrink:100}.elementor-widget-divider--element-align-right .elementor-divider-separator:after{content:none}.elementor-widget-divider--element-align-right .elementor-divider__element{margin-right:0}.elementor-widget-divider--element-align-start .elementor-divider .elementor-divider-separator>.elementor-divider__svg:first-of-type{flex-grow:0;flex-shrink:100}.elementor-widget-divider--element-align-start .elementor-divider-separator:before{content:none}.elementor-widget-divider--element-align-start .elementor-divider__element{margin-inline-start:0}.elementor-widget-divider--element-align-end .elementor-divider .elementor-divider-separator>.elementor-divider__svg:last-of-type{flex-grow:0;flex-shrink:100}.elementor-widget-divider--element-align-end .elementor-divider-separator:after{content:none}.elementor-widget-divider--element-align-end .elementor-divider__element{margin-inline-end:0}.elementor-widget-divider:not(.elementor-widget-divider--view-line_text):not(.elementor-widget-divider--view-line_icon) .elementor-divider-separator{border-block-start:var(--divider-border-width) var(--divider-border-style) var(--divider-color)}.elementor-widget-divider--separator-type-pattern{--divider-border-style:none}.elementor-widget-divider--separator-type-pattern.elementor-widget-divider--view-line .elementor-divider-separator,.elementor-widget-divider--separator-type-pattern:not(.elementor-widget-divider--view-line) .elementor-divider-separator:after,.elementor-widget-divider--separator-type-pattern:not(.elementor-widget-divider--view-line) .elementor-divider-separator:before,.elementor-widget-divider--separator-type-pattern:not([class*=elementor-widget-divider--view]) .elementor-divider-separator{width:100%;min-height:var(--divider-pattern-height);-webkit-mask-size:var(--divider-pattern-size) 100%;mask-size:var(--divider-pattern-size) 100%;-webkit-mask-repeat:var(--divider-pattern-repeat);mask-repeat:var(--divider-pattern-repeat);background-color:var(--divider-color);-webkit-mask-image:var(--divider-pattern-url);mask-image:var(--divider-pattern-url)}.elementor-widget-divider--no-spacing{--divider-pattern-size:auto}.elementor-widget-divider--bg-round{--divider-pattern-repeat:round}.rtl .elementor-widget-divider .elementor-divider__text{direction:rtl}.e-con-inner>.elementor-widget-divider,.e-con>.elementor-widget-divider{width:var(--container-widget-width,100%);--flex-grow:var(--container-widget-flex-grow)}<\/style>\t\t<div class=\"elementor-divider\">\n\t\t\t<span class=\"elementor-divider-separator\">\n\t\t\t\t\t\t<\/span>\n\t\t<\/div>\n\t\t\t\t<\/div>\n\t\t\t\t<\/div>\n\t\t\t\t\t<\/div>\n\t\t\t\t<\/div>\n\t\t<div class=\"elementor-element elementor-element-a586756 e-flex e-con-boxed e-con e-parent\" data-id=\"a586756\" data-element_type=\"container\" data-core-v316-plus=\"true\">\n\t\t\t\t\t<div class=\"e-con-inner\">\n\t\t\t\t<div class=\"elementor-element elementor-element-4dcd758 elementor-widget elementor-widget-heading\" data-id=\"4dcd758\" data-element_type=\"widget\" data-widget_type=\"heading.default\">\n\t\t\t\t<div class=\"elementor-widget-container\">\n\t\t\t<style>\/*! elementor - v3.20.0 - 20-03-2024 *\/\n.elementor-heading-title{padding:0;margin:0;line-height:1}.elementor-widget-heading .elementor-heading-title[class*=elementor-size-]>a{color:inherit;font-size:inherit;line-height:inherit}.elementor-widget-heading .elementor-heading-title.elementor-size-small{font-size:15px}.elementor-widget-heading .elementor-heading-title.elementor-size-medium{font-size:19px}.elementor-widget-heading .elementor-heading-title.elementor-size-large{font-size:29px}.elementor-widget-heading .elementor-heading-title.elementor-size-xl{font-size:39px}.elementor-widget-heading .elementor-heading-title.elementor-size-xxl{font-size:59px}<\/style><h1 class=\"elementor-heading-title elementor-size-default\">Nextlane  \u2013 ledande leverant\u00f6r av digitala l\u00f6sningar f\u00f6r fordonsbranschen<\/h1>\t\t<\/div>\n\t\t\t\t<\/div>\n\t\t\t\t<div class=\"elementor-element elementor-element-071f4bd elementor-widget elementor-widget-text-editor\" data-id=\"071f4bd\" data-element_type=\"widget\" data-widget_type=\"text-editor.default\">\n\t\t\t\t<div class=\"elementor-widget-container\">\n\t\t\t\t\t\t\t<p class=\"\">Nextlane ledande leverant\u00f6r av digitala l\u00f6sningar f\u00f6r fordonsbranschen.\u00a0<\/p><p>Nextlane \u00e4r en europeisk ledare inom utveckling inom digitala l\u00f6sningar f\u00f6r fordonsindustrin som kopplar samman biltillverkares och \u00e5terf\u00f6rs\u00e4ljares system. F\u00f6retagets l\u00f6sningar digitaliserar och optimerar alla processer, fr\u00e5n f\u00f6rs\u00e4ljning av nya eller begagnade bilar till hantering av eftermarknadsservicen. Aff\u00e4rssytemet Kobra II \u00a0DMS och s\u00e4ljst\u00f6dssystemet Kobra II CRM anv\u00e4nds av fler \u00e4n 700 \u00e5terf\u00f6rs\u00e4ljare i Sverige.<\/p><p class=\"\">Nextlane Sweden grundades 1991 under namnet Fordonsdata Nordic. V\u00e5ren 2022 f\u00f6rv\u00e4rvades f\u00f6retaget av Imaweb Group och h\u00f6sten 2023 bytte hela koncernen namn till Nextlane. I dag \u00e4r koncernen en internationell spelare med m\u00e5nga olika system f\u00f6r b\u00e5de generalagenter, verkst\u00e4der och \u00e5terf\u00f6rs\u00e4ljare.<\/p>\t\t\t\t\t\t<\/div>\n\t\t\t\t<\/div>\n\t\t\t\t<div class=\"elementor-element elementor-element-f97c576 elementor-widget elementor-widget-button\" data-id=\"f97c576\" data-element_type=\"widget\" data-widget_type=\"button.default\">\n\t\t\t\t<div class=\"elementor-widget-container\">\n\t\t\t\t\t<div class=\"elementor-button-wrapper\">\n\t\t\t<a class=\"elementor-button elementor-button-link elementor-size-sm\" href=\"https:\/\/www.nextlane.com\/se\/\">\n\t\t\t\t\t\t<span class=\"elementor-button-content-wrapper\">\n\t\t\t\t\t\t<span class=\"elementor-button-text\">L\u00e4s mer om Nextlane Sweden<\/span>\n\t\t<\/span>\n\t\t\t\t\t<\/a>\n\t\t<\/div>\n\t\t\t\t<\/div>\n\t\t\t\t<\/div>\n\t\t\t\t\t<\/div>\n\t\t\t\t<\/div>\n\t\t<div class=\"elementor-element elementor-element-35be11e e-flex e-con-boxed e-con e-parent\" data-id=\"35be11e\" data-element_type=\"container\" data-core-v316-plus=\"true\">\n\t\t\t\t\t<div class=\"e-con-inner\">\n\t\t\t\t<div class=\"elementor-element elementor-element-9369233 elementor-widget elementor-widget-spacer\" data-id=\"9369233\" data-element_type=\"widget\" data-widget_type=\"spacer.default\">\n\t\t\t\t<div class=\"elementor-widget-container\">\n\t\t\t\t\t<div class=\"elementor-spacer\">\n\t\t\t<div class=\"elementor-spacer-inner\"><\/div>\n\t\t<\/div>\n\t\t\t\t<\/div>\n\t\t\t\t<\/div>\n\t\t\t\t\t<\/div>\n\t\t\t\t<\/div>\n\t\t<div class=\"elementor-element elementor-element-0139137 e-flex e-con-boxed e-con e-parent\" data-id=\"0139137\" data-element_type=\"container\" data-settings=\"{&quot;background_background&quot;:&quot;gradient&quot;}\" data-core-v316-plus=\"true\">\n\t\t\t\t\t<div class=\"e-con-inner\">\n\t\t\t\t<div class=\"elementor-element elementor-element-e6fc539 elementor-widget elementor-widget-text-editor\" data-id=\"e6fc539\" data-element_type=\"widget\" data-widget_type=\"text-editor.default\">\n\t\t\t\t<div class=\"elementor-widget-container\">\n\t\t\t\t\t\t\t<p>Under <strong>2025 <\/strong>arrangerar vi \u00e4ven<\/p>\t\t\t\t\t\t<\/div>\n\t\t\t\t<\/div>\n\t\t\t\t\t<\/div>\n\t\t\t\t<\/div>\n\t\t<div class=\"elementor-element elementor-element-3dcb12b e-flex e-con-boxed e-con e-parent\" data-id=\"3dcb12b\" data-element_type=\"container\" data-core-v316-plus=\"true\">\n\t\t\t\t\t<div class=\"e-con-inner\">\n\t\t<div class=\"elementor-element elementor-element-19b3294 e-con-full e-flex e-con e-child\" data-id=\"19b3294\" data-element_type=\"container\">\n\t\t\t\t<div class=\"elementor-element elementor-element-7b4b2ab elementor-widget elementor-widget-text-editor\" data-id=\"7b4b2ab\" data-element_type=\"widget\" data-widget_type=\"text-editor.default\">\n\t\t\t\t<div class=\"elementor-widget-container\">\n\t\t\t\t\t\t\t<p>Motordagen Live<\/p>\t\t\t\t\t\t<\/div>\n\t\t\t\t<\/div>\n\t\t\t\t<div class=\"elementor-element elementor-element-5839587 elementor-widget elementor-widget-text-editor\" data-id=\"5839587\" data-element_type=\"widget\" data-widget_type=\"text-editor.default\">\n\t\t\t\t<div class=\"elementor-widget-container\">\n\t\t\t\t\t\t\t<p>Motordagen Live\u00a0\u00e4r fordonsbranschens nya m\u00f6tesplats, d\u00e4r deltagare f\u00e5r uppleva de senaste nyheterna\u00a0under en inspirerande och fartfylld dag.\u00a0<\/p>\t\t\t\t\t\t<\/div>\n\t\t\t\t<\/div>\n\t\t\t\t<div class=\"elementor-element elementor-element-43feb8c elementor-widget elementor-widget-button\" data-id=\"43feb8c\" data-element_type=\"widget\" data-widget_type=\"button.default\">\n\t\t\t\t<div class=\"elementor-widget-container\">\n\t\t\t\t\t<div class=\"elementor-button-wrapper\">\n\t\t\t<a class=\"elementor-button elementor-button-link elementor-size-sm\" href=\"https:\/\/nmevents.se\/motordagenlive\/\">\n\t\t\t\t\t\t<span class=\"elementor-button-content-wrapper\">\n\t\t\t\t\t\t<span class=\"elementor-button-text\">L\u00e4s mer h\u00e4r<\/span>\n\t\t<\/span>\n\t\t\t\t\t<\/a>\n\t\t<\/div>\n\t\t\t\t<\/div>\n\t\t\t\t<\/div>\n\t\t\t\t<\/div>\n\t\t<div class=\"elementor-element elementor-element-672c5af e-con-full e-flex e-con e-child\" data-id=\"672c5af\" data-element_type=\"container\">\n\t\t\t\t<div class=\"elementor-element elementor-element-ad0fc51 elementor-widget elementor-widget-text-editor\" data-id=\"ad0fc51\" data-element_type=\"widget\" data-widget_type=\"text-editor.default\">\n\t\t\t\t<div class=\"elementor-widget-container\">\n\t\t\t\t\t\t\t<p>Motormagasinet Roadshow<\/p>\t\t\t\t\t\t<\/div>\n\t\t\t\t<\/div>\n\t\t\t\t<div class=\"elementor-element elementor-element-9bc374a elementor-widget elementor-widget-text-editor\" data-id=\"9bc374a\" data-element_type=\"widget\" data-widget_type=\"text-editor.default\">\n\t\t\t\t<div class=\"elementor-widget-container\">\n\t\t\t\t\t\t\t<p>Under juni ger sig Motormagasinet ut och bes\u00f6ker verkst\u00e4der runt<br \/>om i Sverige.<\/p>\t\t\t\t\t\t<\/div>\n\t\t\t\t<\/div>\n\t\t\t\t<div class=\"elementor-element elementor-element-8b2f037 elementor-widget elementor-widget-button\" data-id=\"8b2f037\" data-element_type=\"widget\" data-widget_type=\"button.default\">\n\t\t\t\t<div class=\"elementor-widget-container\">\n\t\t\t\t\t<div class=\"elementor-button-wrapper\">\n\t\t\t<a class=\"elementor-button elementor-button-link elementor-size-sm\" href=\"https:\/\/nmevents.se\/roadshow\/\" target=\"_blank\">\n\t\t\t\t\t\t<span class=\"elementor-button-content-wrapper\">\n\t\t\t\t\t\t<span class=\"elementor-button-text\">L\u00e4s mer h\u00e4r<\/span>\n\t\t<\/span>\n\t\t\t\t\t<\/a>\n\t\t<\/div>\n\t\t\t\t<\/div>\n\t\t\t\t<\/div>\n\t\t\t\t<\/div>\n\t\t\t\t\t<\/div>\n\t\t\t\t<\/div>\n\t\t\t\t<\/div>\n\t\t","protected":false},"excerpt":{"rendered":"<p>Motormagasinet \u2013 f\u00f6r den som vill f\u00f6lja branschen Motormagasinet \u00e4r branschens ledande, oberoende nyhetsk\u00e4lla i tryck och digitalt. H\u00e4r f\u00e5r du information och inspiration om allt som h\u00e4nder i fordonsbranschen. Genom Motormagasinets alla kanaler, i tryck, p\u00e5 webben och i nyhetsbreven, f\u00e5r du heta nyheter, reportage fr\u00e5n branschf\u00f6retag, tekniska beskrivningar och f\u00f6rdjupningar i ett eller [&hellip;]<\/p>\n","protected":false},"author":1,"featured_media":0,"parent":0,"menu_order":0,"comment_status":"closed","ping_status":"closed","template":"elementor_header_footer","meta":{"_acf_changed":false,"inline_featured_image":false,"footnotes":""},"acf":[],"_links":{"self":[{"href":"https:\/\/nmevents.se\/aretsbilsaljare\/wp-json\/wp\/v2\/pages\/201"}],"collection":[{"href":"https:\/\/nmevents.se\/aretsbilsaljare\/wp-json\/wp\/v2\/pages"}],"about":[{"href":"https:\/\/nmevents.se\/aretsbilsaljare\/wp-json\/wp\/v2\/types\/page"}],"author":[{"embeddable":true,"href":"https:\/\/nmevents.se\/aretsbilsaljare\/wp-json\/wp\/v2\/users\/1"}],"replies":[{"embeddable":true,"href":"https:\/\/nmevents.se\/aretsbilsaljare\/wp-json\/wp\/v2\/comments?post=201"}],"version-history":[{"count":13,"href":"https:\/\/nmevents.se\/aretsbilsaljare\/wp-json\/wp\/v2\/pages\/201\/revisions"}],"predecessor-version":[{"id":2922,"href":"https:\/\/nmevents.se\/aretsbilsaljare\/wp-json\/wp\/v2\/pages\/201\/revisions\/2922"}],"wp:attachment":[{"href":"https:\/\/nmevents.se\/aretsbilsaljare\/wp-json\/wp\/v2\/media?parent=201"}],"curies":[{"name":"wp","href":"https:\/\/api.w.org\/{rel}","templated":true}]}}