{"id":2224,"date":"2025-02-07T11:32:54","date_gmt":"2025-02-07T10:32:54","guid":{"rendered":"https:\/\/nmevents.se\/aretsbilsaljare2\/?page_id=2224"},"modified":"2025-11-06T07:25:47","modified_gmt":"2025-11-06T06:25:47","slug":"tidigare-vinnare","status":"publish","type":"page","link":"https:\/\/nmevents.se\/aretsbilsaljare\/tidigare-vinnare\/","title":{"rendered":"Tidigare vinnare"},"content":{"rendered":"\t\t<div data-elementor-type=\"wp-page\" data-elementor-id=\"2224\" class=\"elementor elementor-2224\" data-elementor-post-type=\"page\">\n\t\t\t\t<div class=\"elementor-element elementor-element-ea78f4c e-flex e-con-boxed e-con e-parent\" data-id=\"ea78f4c\" data-element_type=\"container\" data-core-v316-plus=\"true\">\n\t\t\t\t\t<div class=\"e-con-inner\">\n\t\t\t\t<div class=\"elementor-element elementor-element-6468e05 elementor-widget elementor-widget-spacer\" data-id=\"6468e05\" data-element_type=\"widget\" data-widget_type=\"spacer.default\">\n\t\t\t\t<div class=\"elementor-widget-container\">\n\t\t\t<style>\/*! elementor - v3.20.0 - 20-03-2024 *\/\n.elementor-column .elementor-spacer-inner{height:var(--spacer-size)}.e-con{--container-widget-width:100%}.e-con-inner>.elementor-widget-spacer,.e-con>.elementor-widget-spacer{width:var(--container-widget-width,var(--spacer-size));--align-self:var(--container-widget-align-self,initial);--flex-shrink:0}.e-con-inner>.elementor-widget-spacer>.elementor-widget-container,.e-con>.elementor-widget-spacer>.elementor-widget-container{height:100%;width:100%}.e-con-inner>.elementor-widget-spacer>.elementor-widget-container>.elementor-spacer,.e-con>.elementor-widget-spacer>.elementor-widget-container>.elementor-spacer{height:100%}.e-con-inner>.elementor-widget-spacer>.elementor-widget-container>.elementor-spacer>.elementor-spacer-inner,.e-con>.elementor-widget-spacer>.elementor-widget-container>.elementor-spacer>.elementor-spacer-inner{height:var(--container-widget-height,var(--spacer-size))}.e-con-inner>.elementor-widget-spacer.elementor-widget-empty,.e-con>.elementor-widget-spacer.elementor-widget-empty{position:relative;min-height:22px;min-width:22px}.e-con-inner>.elementor-widget-spacer.elementor-widget-empty .elementor-widget-empty-icon,.e-con>.elementor-widget-spacer.elementor-widget-empty .elementor-widget-empty-icon{position:absolute;top:0;bottom:0;left:0;right:0;margin:auto;padding:0;width:22px;height:22px}<\/style>\t\t<div class=\"elementor-spacer\">\n\t\t\t<div class=\"elementor-spacer-inner\"><\/div>\n\t\t<\/div>\n\t\t\t\t<\/div>\n\t\t\t\t<\/div>\n\t\t\t\t\t<\/div>\n\t\t\t\t<\/div>\n\t\t<div class=\"elementor-element elementor-element-d9be731 e-flex e-con-boxed e-con e-parent\" data-id=\"d9be731\" data-element_type=\"container\" data-core-v316-plus=\"true\">\n\t\t\t\t\t<div class=\"e-con-inner\">\n\t\t<div class=\"elementor-element elementor-element-63dd411 e-con-full e-flex e-con e-child\" data-id=\"63dd411\" data-element_type=\"container\">\n\t\t<div class=\"elementor-element elementor-element-37d2711 e-flex e-con-boxed e-con e-child\" data-id=\"37d2711\" data-element_type=\"container\" data-settings=\"{&quot;background_background&quot;:&quot;classic&quot;}\">\n\t\t\t\t\t<div class=\"e-con-inner\">\n\t\t\t\t<div class=\"elementor-element elementor-element-2f458af elementor-widget elementor-widget-heading\" data-id=\"2f458af\" data-element_type=\"widget\" data-widget_type=\"heading.default\">\n\t\t\t\t<div class=\"elementor-widget-container\">\n\t\t\t<style>\/*! elementor - v3.20.0 - 20-03-2024 *\/\n.elementor-heading-title{padding:0;margin:0;line-height:1}.elementor-widget-heading .elementor-heading-title[class*=elementor-size-]>a{color:inherit;font-size:inherit;line-height:inherit}.elementor-widget-heading .elementor-heading-title.elementor-size-small{font-size:15px}.elementor-widget-heading .elementor-heading-title.elementor-size-medium{font-size:19px}.elementor-widget-heading .elementor-heading-title.elementor-size-large{font-size:29px}.elementor-widget-heading .elementor-heading-title.elementor-size-xl{font-size:39px}.elementor-widget-heading .elementor-heading-title.elementor-size-xxl{font-size:59px}<\/style><h2 class=\"elementor-heading-title elementor-size-default\"><a href=\"https:\/\/nmevents.se\/aretsbilsaljare\/vinnare-2024\/\">\u00c5rets bils\u00e4ljare 2024<\/a><\/h2>\t\t<\/div>\n\t\t\t\t<\/div>\n\t\t\t\t\t<\/div>\n\t\t\t\t<\/div>\n\t\t\t\t<\/div>\n\t\t<div class=\"elementor-element elementor-element-bb90234 e-con-full e-flex e-con e-child\" data-id=\"bb90234\" data-element_type=\"container\">\n\t\t<div class=\"elementor-element elementor-element-c1651ea e-flex e-con-boxed e-con e-child\" data-id=\"c1651ea\" data-element_type=\"container\" data-settings=\"{&quot;background_background&quot;:&quot;classic&quot;}\">\n\t\t\t\t\t<div class=\"e-con-inner\">\n\t\t\t\t<div class=\"elementor-element elementor-element-ef6e232 elementor-widget elementor-widget-heading\" data-id=\"ef6e232\" data-element_type=\"widget\" data-widget_type=\"heading.default\">\n\t\t\t\t<div class=\"elementor-widget-container\">\n\t\t\t<h2 class=\"elementor-heading-title elementor-size-default\"><a href=\"https:\/\/nmevents.se\/aretsbilsaljare\/vinnare-2023\/\">\u00c5rets bils\u00e4ljare 2023<\/a><\/h2>\t\t<\/div>\n\t\t\t\t<\/div>\n\t\t\t\t\t<\/div>\n\t\t\t\t<\/div>\n\t\t\t\t<\/div>\n\t\t<div class=\"elementor-element elementor-element-e92e5f8 e-con-full e-flex e-con e-child\" data-id=\"e92e5f8\" data-element_type=\"container\">\n\t\t<div class=\"elementor-element elementor-element-9e554d3 e-flex e-con-boxed e-con e-child\" data-id=\"9e554d3\" data-element_type=\"container\" data-settings=\"{&quot;background_background&quot;:&quot;classic&quot;}\">\n\t\t\t\t\t<div class=\"e-con-inner\">\n\t\t\t\t<div class=\"elementor-element elementor-element-65d84e2 elementor-widget elementor-widget-heading\" data-id=\"65d84e2\" data-element_type=\"widget\" data-widget_type=\"heading.default\">\n\t\t\t\t<div class=\"elementor-widget-container\">\n\t\t\t<h2 class=\"elementor-heading-title elementor-size-default\"><a href=\"https:\/\/nmevents.se\/aretsbilsaljare\/vinnare-2022\/\">\u00c5rets bils\u00e4ljare 2022<\/a><\/h2>\t\t<\/div>\n\t\t\t\t<\/div>\n\t\t\t\t\t<\/div>\n\t\t\t\t<\/div>\n\t\t\t\t<\/div>\n\t\t<div class=\"elementor-element elementor-element-ef32d02 e-con-full e-flex e-con e-child\" data-id=\"ef32d02\" data-element_type=\"container\">\n\t\t<div class=\"elementor-element elementor-element-8b5f180 e-flex e-con-boxed e-con e-child\" data-id=\"8b5f180\" data-element_type=\"container\" data-settings=\"{&quot;background_background&quot;:&quot;classic&quot;}\">\n\t\t\t\t\t<div class=\"e-con-inner\">\n\t\t\t\t<div class=\"elementor-element elementor-element-ed90fb1 elementor-widget elementor-widget-heading\" data-id=\"ed90fb1\" data-element_type=\"widget\" data-widget_type=\"heading.default\">\n\t\t\t\t<div class=\"elementor-widget-container\">\n\t\t\t<h2 class=\"elementor-heading-title elementor-size-default\"><a href=\"https:\/\/nmevents.se\/aretsbilsaljare\/vinnare-2021\/\">\u00c5rets bils\u00e4ljare 2021<\/a><\/h2>\t\t<\/div>\n\t\t\t\t<\/div>\n\t\t\t\t\t<\/div>\n\t\t\t\t<\/div>\n\t\t\t\t<\/div>\n\t\t\t\t\t<\/div>\n\t\t\t\t<\/div>\n\t\t<div class=\"elementor-element elementor-element-026e381 e-flex e-con-boxed e-con e-parent\" data-id=\"026e381\" data-element_type=\"container\" data-core-v316-plus=\"true\">\n\t\t\t\t\t<div class=\"e-con-inner\">\n\t\t\t\t<div class=\"elementor-element elementor-element-0fa7831 elementor-widget elementor-widget-spacer\" data-id=\"0fa7831\" data-element_type=\"widget\" data-widget_type=\"spacer.default\">\n\t\t\t\t<div class=\"elementor-widget-container\">\n\t\t\t\t\t<div class=\"elementor-spacer\">\n\t\t\t<div class=\"elementor-spacer-inner\"><\/div>\n\t\t<\/div>\n\t\t\t\t<\/div>\n\t\t\t\t<\/div>\n\t\t\t\t\t<\/div>\n\t\t\t\t<\/div>\n\t\t\t\t<\/div>\n\t\t","protected":false},"excerpt":{"rendered":"<p>\u00c5rets bils\u00e4ljare 2024 \u00c5rets bils\u00e4ljare 2023 \u00c5rets bils\u00e4ljare 2022 \u00c5rets bils\u00e4ljare 2021<\/p>\n","protected":false},"author":6,"featured_media":0,"parent":0,"menu_order":0,"comment_status":"closed","ping_status":"closed","template":"elementor_header_footer","meta":{"_acf_changed":false,"inline_featured_image":false,"footnotes":""},"acf":[],"_links":{"self":[{"href":"https:\/\/nmevents.se\/aretsbilsaljare\/wp-json\/wp\/v2\/pages\/2224"}],"collection":[{"href":"https:\/\/nmevents.se\/aretsbilsaljare\/wp-json\/wp\/v2\/pages"}],"about":[{"href":"https:\/\/nmevents.se\/aretsbilsaljare\/wp-json\/wp\/v2\/types\/page"}],"author":[{"embeddable":true,"href":"https:\/\/nmevents.se\/aretsbilsaljare\/wp-json\/wp\/v2\/users\/6"}],"replies":[{"embeddable":true,"href":"https:\/\/nmevents.se\/aretsbilsaljare\/wp-json\/wp\/v2\/comments?post=2224"}],"version-history":[{"count":25,"href":"https:\/\/nmevents.se\/aretsbilsaljare\/wp-json\/wp\/v2\/pages\/2224\/revisions"}],"predecessor-version":[{"id":3018,"href":"https:\/\/nmevents.se\/aretsbilsaljare\/wp-json\/wp\/v2\/pages\/2224\/revisions\/3018"}],"wp:attachment":[{"href":"https:\/\/nmevents.se\/aretsbilsaljare\/wp-json\/wp\/v2\/media?parent=2224"}],"curies":[{"name":"wp","href":"https:\/\/api.w.org\/{rel}","templated":true}]}}