{"id":2750,"date":"2025-05-05T11:45:18","date_gmt":"2025-05-05T09:45:18","guid":{"rendered":"https:\/\/nmevents.se\/aretsbilsaljare2\/?page_id=2750"},"modified":"2025-05-05T11:49:26","modified_gmt":"2025-05-05T09:49:26","slug":"vinnare-2024","status":"publish","type":"page","link":"https:\/\/nmevents.se\/aretsbilsaljare\/vinnare-2024\/","title":{"rendered":"Vinnare 2024"},"content":{"rendered":"\t\t<div data-elementor-type=\"wp-page\" data-elementor-id=\"2750\" class=\"elementor elementor-2750\" data-elementor-post-type=\"page\">\n\t\t\t\t<div class=\"elementor-element elementor-element-f0cce24 e-flex e-con-boxed e-con e-parent\" data-id=\"f0cce24\" data-element_type=\"container\" data-core-v316-plus=\"true\">\n\t\t\t\t\t<div class=\"e-con-inner\">\n\t\t\t\t<div class=\"elementor-element elementor-element-159074c elementor-widget elementor-widget-spacer\" data-id=\"159074c\" data-element_type=\"widget\" data-widget_type=\"spacer.default\">\n\t\t\t\t<div class=\"elementor-widget-container\">\n\t\t\t<style>\/*! elementor - v3.20.0 - 20-03-2024 *\/\n.elementor-column .elementor-spacer-inner{height:var(--spacer-size)}.e-con{--container-widget-width:100%}.e-con-inner>.elementor-widget-spacer,.e-con>.elementor-widget-spacer{width:var(--container-widget-width,var(--spacer-size));--align-self:var(--container-widget-align-self,initial);--flex-shrink:0}.e-con-inner>.elementor-widget-spacer>.elementor-widget-container,.e-con>.elementor-widget-spacer>.elementor-widget-container{height:100%;width:100%}.e-con-inner>.elementor-widget-spacer>.elementor-widget-container>.elementor-spacer,.e-con>.elementor-widget-spacer>.elementor-widget-container>.elementor-spacer{height:100%}.e-con-inner>.elementor-widget-spacer>.elementor-widget-container>.elementor-spacer>.elementor-spacer-inner,.e-con>.elementor-widget-spacer>.elementor-widget-container>.elementor-spacer>.elementor-spacer-inner{height:var(--container-widget-height,var(--spacer-size))}.e-con-inner>.elementor-widget-spacer.elementor-widget-empty,.e-con>.elementor-widget-spacer.elementor-widget-empty{position:relative;min-height:22px;min-width:22px}.e-con-inner>.elementor-widget-spacer.elementor-widget-empty .elementor-widget-empty-icon,.e-con>.elementor-widget-spacer.elementor-widget-empty .elementor-widget-empty-icon{position:absolute;top:0;bottom:0;left:0;right:0;margin:auto;padding:0;width:22px;height:22px}<\/style>\t\t<div class=\"elementor-spacer\">\n\t\t\t<div class=\"elementor-spacer-inner\"><\/div>\n\t\t<\/div>\n\t\t\t\t<\/div>\n\t\t\t\t<\/div>\n\t\t\t\t\t<\/div>\n\t\t\t\t<\/div>\n\t\t<div class=\"elementor-element elementor-element-c9dc8e7 e-flex e-con-boxed e-con e-parent\" data-id=\"c9dc8e7\" data-element_type=\"container\" data-core-v316-plus=\"true\">\n\t\t\t\t\t<div class=\"e-con-inner\">\n\t\t<div class=\"elementor-element elementor-element-c12dc7d e-con-full e-flex e-con e-child\" data-id=\"c12dc7d\" data-element_type=\"container\">\n\t\t\t\t<div class=\"elementor-element elementor-element-2aced04 elementor-widget elementor-widget-heading\" data-id=\"2aced04\" data-element_type=\"widget\" data-widget_type=\"heading.default\">\n\t\t\t\t<div class=\"elementor-widget-container\">\n\t\t\t<style>\/*! elementor - v3.20.0 - 20-03-2024 *\/\n.elementor-heading-title{padding:0;margin:0;line-height:1}.elementor-widget-heading .elementor-heading-title[class*=elementor-size-]>a{color:inherit;font-size:inherit;line-height:inherit}.elementor-widget-heading .elementor-heading-title.elementor-size-small{font-size:15px}.elementor-widget-heading .elementor-heading-title.elementor-size-medium{font-size:19px}.elementor-widget-heading .elementor-heading-title.elementor-size-large{font-size:29px}.elementor-widget-heading .elementor-heading-title.elementor-size-xl{font-size:39px}.elementor-widget-heading .elementor-heading-title.elementor-size-xxl{font-size:59px}<\/style><h1 class=\"elementor-heading-title elementor-size-default\">Vinnare 2024<\/h1>\t\t<\/div>\n\t\t\t\t<\/div>\n\t\t\t\t<div class=\"elementor-element elementor-element-66030d1 elementor-widget elementor-widget-text-editor\" data-id=\"66030d1\" data-element_type=\"widget\" data-widget_type=\"text-editor.default\">\n\t\t\t\t<div class=\"elementor-widget-container\">\n\t\t\t<style>\/*! elementor - v3.20.0 - 20-03-2024 *\/\n.elementor-widget-text-editor.elementor-drop-cap-view-stacked .elementor-drop-cap{background-color:#69727d;color:#fff}.elementor-widget-text-editor.elementor-drop-cap-view-framed .elementor-drop-cap{color:#69727d;border:3px solid;background-color:transparent}.elementor-widget-text-editor:not(.elementor-drop-cap-view-default) .elementor-drop-cap{margin-top:8px}.elementor-widget-text-editor:not(.elementor-drop-cap-view-default) .elementor-drop-cap-letter{width:1em;height:1em}.elementor-widget-text-editor .elementor-drop-cap{float:left;text-align:center;line-height:1;font-size:50px}.elementor-widget-text-editor .elementor-drop-cap-letter{display:inline-block}<\/style>\t\t\t\t<p><strong><span class=\"TextRun SCXW172644216 BCX8\" lang=\"SV-SE\" xml:lang=\"SV-SE\" data-contrast=\"none\"><span class=\"NormalTextRun SCXW172644216 BCX8\">Patrik Lundgren, Din Bil Skoda Bredden<\/span><\/span><\/strong><\/p><p><span data-teams=\"true\">\u00c5rets Bils\u00e4ljare 2024 har visat prov p\u00e5 innovativa arbetss\u00e4tt i en utmanade konjunktur. F\u00f6r att uppn\u00e5 detta anv\u00e4nder han sig av digitala samt fysiska tr\u00e4ffar f\u00f6r att beh\u00e5lla och hitta nya kunder. Han har lyckats bevara en stabil orderstock tack vare ett aktivt arbete mot import\u00f6r f\u00f6r att kunna ha det b\u00e4sta erbjudandet. Han v\u00e4gleder och ger sina kunder trygghet i en alltmer elektrifierad och digitaliserad bilv\u00e4rld som inneb\u00e4r b\u00e5de utmaningar och m\u00f6jligheter.<\/span><\/p>\t\t\t\t\t\t<\/div>\n\t\t\t\t<\/div>\n\t\t\t\t<\/div>\n\t\t<div class=\"elementor-element elementor-element-7a77e06 e-con-full e-flex e-con e-child\" data-id=\"7a77e06\" data-element_type=\"container\">\n\t\t\t\t<div class=\"elementor-element elementor-element-e386bff elementor-widget elementor-widget-image\" data-id=\"e386bff\" data-element_type=\"widget\" data-widget_type=\"image.default\">\n\t\t\t\t<div class=\"elementor-widget-container\">\n\t\t\t<style>\/*! elementor - v3.20.0 - 20-03-2024 *\/\n.elementor-widget-image{text-align:center}.elementor-widget-image a{display:inline-block}.elementor-widget-image a img[src$=\".svg\"]{width:48px}.elementor-widget-image img{vertical-align:middle;display:inline-block}<\/style>\t\t\t\t\t\t\t\t\t\t<img fetchpriority=\"high\" decoding=\"async\" width=\"600\" height=\"521\" src=\"https:\/\/nmevents.se\/aretsbilsaljare\/wp-content\/uploads\/sites\/67\/2025\/05\/Patrik-Lundgren-2024-finalist-1-e1744707909778.jpg\" class=\"attachment-full size-full wp-image-2770\" alt=\"\" srcset=\"https:\/\/nmevents.se\/aretsbilsaljare\/wp-content\/uploads\/sites\/67\/2025\/05\/Patrik-Lundgren-2024-finalist-1-e1744707909778.jpg 600w, https:\/\/nmevents.se\/aretsbilsaljare\/wp-content\/uploads\/sites\/67\/2025\/05\/Patrik-Lundgren-2024-finalist-1-e1744707909778-300x261.jpg 300w\" sizes=\"(max-width: 600px) 100vw, 600px\" \/>\t\t\t\t\t\t\t\t\t\t\t\t\t<\/div>\n\t\t\t\t<\/div>\n\t\t\t\t<\/div>\n\t\t\t\t\t<\/div>\n\t\t\t\t<\/div>\n\t\t\t\t<\/div>\n\t\t","protected":false},"excerpt":{"rendered":"<p>Vinnare 2024 Patrik Lundgren, Din Bil Skoda Bredden \u00c5rets Bils\u00e4ljare 2024 har visat prov p\u00e5 innovativa arbetss\u00e4tt i en utmanade konjunktur. F\u00f6r att uppn\u00e5 detta anv\u00e4nder han sig av digitala samt fysiska tr\u00e4ffar f\u00f6r att beh\u00e5lla och hitta nya kunder. Han har lyckats bevara en stabil orderstock tack vare ett aktivt arbete mot import\u00f6r f\u00f6r [&hellip;]<\/p>\n","protected":false},"author":21,"featured_media":0,"parent":0,"menu_order":0,"comment_status":"closed","ping_status":"closed","template":"","meta":{"_acf_changed":false,"inline_featured_image":false,"footnotes":""},"acf":[],"_links":{"self":[{"href":"https:\/\/nmevents.se\/aretsbilsaljare\/wp-json\/wp\/v2\/pages\/2750"}],"collection":[{"href":"https:\/\/nmevents.se\/aretsbilsaljare\/wp-json\/wp\/v2\/pages"}],"about":[{"href":"https:\/\/nmevents.se\/aretsbilsaljare\/wp-json\/wp\/v2\/types\/page"}],"author":[{"embeddable":true,"href":"https:\/\/nmevents.se\/aretsbilsaljare\/wp-json\/wp\/v2\/users\/21"}],"replies":[{"embeddable":true,"href":"https:\/\/nmevents.se\/aretsbilsaljare\/wp-json\/wp\/v2\/comments?post=2750"}],"version-history":[{"count":7,"href":"https:\/\/nmevents.se\/aretsbilsaljare\/wp-json\/wp\/v2\/pages\/2750\/revisions"}],"predecessor-version":[{"id":2776,"href":"https:\/\/nmevents.se\/aretsbilsaljare\/wp-json\/wp\/v2\/pages\/2750\/revisions\/2776"}],"wp:attachment":[{"href":"https:\/\/nmevents.se\/aretsbilsaljare\/wp-json\/wp\/v2\/media?parent=2750"}],"curies":[{"name":"wp","href":"https:\/\/api.w.org\/{rel}","templated":true}]}}