{"id":2756,"date":"2025-05-05T11:46:44","date_gmt":"2025-05-05T09:46:44","guid":{"rendered":"https:\/\/nmevents.se\/aretsbilsaljare2\/?page_id=2756"},"modified":"2025-05-05T11:51:45","modified_gmt":"2025-05-05T09:51:45","slug":"vinnare-2021","status":"publish","type":"page","link":"https:\/\/nmevents.se\/aretsbilsaljare\/vinnare-2021\/","title":{"rendered":"Vinnare 2021"},"content":{"rendered":"\t\t<div data-elementor-type=\"wp-page\" data-elementor-id=\"2756\" class=\"elementor elementor-2756\" data-elementor-post-type=\"page\">\n\t\t\t\t<div class=\"elementor-element elementor-element-090eba2 e-flex e-con-boxed e-con e-parent\" data-id=\"090eba2\" data-element_type=\"container\" data-core-v316-plus=\"true\">\n\t\t\t\t\t<div class=\"e-con-inner\">\n\t\t\t\t<div class=\"elementor-element elementor-element-5f82057 elementor-widget elementor-widget-spacer\" data-id=\"5f82057\" data-element_type=\"widget\" data-widget_type=\"spacer.default\">\n\t\t\t\t<div class=\"elementor-widget-container\">\n\t\t\t<style>\/*! elementor - v3.20.0 - 20-03-2024 *\/\n.elementor-column .elementor-spacer-inner{height:var(--spacer-size)}.e-con{--container-widget-width:100%}.e-con-inner>.elementor-widget-spacer,.e-con>.elementor-widget-spacer{width:var(--container-widget-width,var(--spacer-size));--align-self:var(--container-widget-align-self,initial);--flex-shrink:0}.e-con-inner>.elementor-widget-spacer>.elementor-widget-container,.e-con>.elementor-widget-spacer>.elementor-widget-container{height:100%;width:100%}.e-con-inner>.elementor-widget-spacer>.elementor-widget-container>.elementor-spacer,.e-con>.elementor-widget-spacer>.elementor-widget-container>.elementor-spacer{height:100%}.e-con-inner>.elementor-widget-spacer>.elementor-widget-container>.elementor-spacer>.elementor-spacer-inner,.e-con>.elementor-widget-spacer>.elementor-widget-container>.elementor-spacer>.elementor-spacer-inner{height:var(--container-widget-height,var(--spacer-size))}.e-con-inner>.elementor-widget-spacer.elementor-widget-empty,.e-con>.elementor-widget-spacer.elementor-widget-empty{position:relative;min-height:22px;min-width:22px}.e-con-inner>.elementor-widget-spacer.elementor-widget-empty .elementor-widget-empty-icon,.e-con>.elementor-widget-spacer.elementor-widget-empty .elementor-widget-empty-icon{position:absolute;top:0;bottom:0;left:0;right:0;margin:auto;padding:0;width:22px;height:22px}<\/style>\t\t<div class=\"elementor-spacer\">\n\t\t\t<div class=\"elementor-spacer-inner\"><\/div>\n\t\t<\/div>\n\t\t\t\t<\/div>\n\t\t\t\t<\/div>\n\t\t\t\t\t<\/div>\n\t\t\t\t<\/div>\n\t\t<div class=\"elementor-element elementor-element-99aef99 e-flex e-con-boxed e-con e-parent\" data-id=\"99aef99\" data-element_type=\"container\" data-core-v316-plus=\"true\">\n\t\t\t\t\t<div class=\"e-con-inner\">\n\t\t<div class=\"elementor-element elementor-element-33fabf4 e-con-full e-flex e-con e-child\" data-id=\"33fabf4\" data-element_type=\"container\">\n\t\t\t\t<div class=\"elementor-element elementor-element-e3e4e29 elementor-widget elementor-widget-heading\" data-id=\"e3e4e29\" data-element_type=\"widget\" data-widget_type=\"heading.default\">\n\t\t\t\t<div class=\"elementor-widget-container\">\n\t\t\t<style>\/*! elementor - v3.20.0 - 20-03-2024 *\/\n.elementor-heading-title{padding:0;margin:0;line-height:1}.elementor-widget-heading .elementor-heading-title[class*=elementor-size-]>a{color:inherit;font-size:inherit;line-height:inherit}.elementor-widget-heading .elementor-heading-title.elementor-size-small{font-size:15px}.elementor-widget-heading .elementor-heading-title.elementor-size-medium{font-size:19px}.elementor-widget-heading .elementor-heading-title.elementor-size-large{font-size:29px}.elementor-widget-heading .elementor-heading-title.elementor-size-xl{font-size:39px}.elementor-widget-heading .elementor-heading-title.elementor-size-xxl{font-size:59px}<\/style><h1 class=\"elementor-heading-title elementor-size-default\">\u00c5rets bils\u00e4ljare 2021<\/h1>\t\t<\/div>\n\t\t\t\t<\/div>\n\t\t\t\t<div class=\"elementor-element elementor-element-f0a5b84 elementor-widget elementor-widget-text-editor\" data-id=\"f0a5b84\" data-element_type=\"widget\" data-widget_type=\"text-editor.default\">\n\t\t\t\t<div class=\"elementor-widget-container\">\n\t\t\t<style>\/*! elementor - v3.20.0 - 20-03-2024 *\/\n.elementor-widget-text-editor.elementor-drop-cap-view-stacked .elementor-drop-cap{background-color:#69727d;color:#fff}.elementor-widget-text-editor.elementor-drop-cap-view-framed .elementor-drop-cap{color:#69727d;border:3px solid;background-color:transparent}.elementor-widget-text-editor:not(.elementor-drop-cap-view-default) .elementor-drop-cap{margin-top:8px}.elementor-widget-text-editor:not(.elementor-drop-cap-view-default) .elementor-drop-cap-letter{width:1em;height:1em}.elementor-widget-text-editor .elementor-drop-cap{float:left;text-align:center;line-height:1;font-size:50px}.elementor-widget-text-editor .elementor-drop-cap-letter{display:inline-block}<\/style>\t\t\t\t<p><strong><span style=\"text-align: var(--text-align);\">Christopher Jonsson, s\u00e4ljare Hedstr\u00f6ms bil i Hudiksvall<\/span><\/strong><\/p><div class=\"container first\"><div class=\"row seminar-row\"><div id=\"292_display\" class=\"col-xs-12 col-xs-offset-0 col-md-8 col-md-offset-2 no-padding winners\"><div class=\"col-xs-12 col-xs-offset-0 col-sm-6 col-sm-offset-0 no-padding winners\"><div class=\"col-xs-12 winnerEverything\"><p class=\"\">Vinnaren av \u00c5rets Bils\u00e4ljare \u00e4r en person som har ett modernt f\u00f6rh\u00e5llningss\u00e4tt till f\u00f6rs\u00e4ljning.<\/p><p class=\"\">Hen arbetar proaktivt f\u00f6r att hitta kunder och aff\u00e4rer, kan hantera olika digitala och sociala kanaler f\u00f6r att s\u00e4lja p\u00e5 nya s\u00e4tt och \u00e4r duktig p\u00e5 att v\u00e5rda befintliga kundrelationer.<\/p><p class=\"\">Hen ser till f\u00f6retagets helhet och \u00e4r en duktig \u201dekonom\u201d.<\/p><\/div><\/div><\/div><\/div><\/div>\t\t\t\t\t\t<\/div>\n\t\t\t\t<\/div>\n\t\t\t\t<\/div>\n\t\t<div class=\"elementor-element elementor-element-85428b2 e-con-full e-flex e-con e-child\" data-id=\"85428b2\" data-element_type=\"container\">\n\t\t\t\t<div class=\"elementor-element elementor-element-0c0d22f elementor-widget elementor-widget-image\" data-id=\"0c0d22f\" data-element_type=\"widget\" data-widget_type=\"image.default\">\n\t\t\t\t<div class=\"elementor-widget-container\">\n\t\t\t<style>\/*! elementor - v3.20.0 - 20-03-2024 *\/\n.elementor-widget-image{text-align:center}.elementor-widget-image a{display:inline-block}.elementor-widget-image a img[src$=\".svg\"]{width:48px}.elementor-widget-image img{vertical-align:middle;display:inline-block}<\/style>\t\t\t\t\t\t\t\t\t\t<img fetchpriority=\"high\" decoding=\"async\" width=\"2560\" height=\"1440\" src=\"https:\/\/nmevents.se\/aretsbilsaljare\/wp-content\/uploads\/sites\/67\/2025\/05\/Vinnare-2021-scaled-1.jpg\" class=\"attachment-full size-full wp-image-2786\" alt=\"\" srcset=\"https:\/\/nmevents.se\/aretsbilsaljare\/wp-content\/uploads\/sites\/67\/2025\/05\/Vinnare-2021-scaled-1.jpg 2560w, https:\/\/nmevents.se\/aretsbilsaljare\/wp-content\/uploads\/sites\/67\/2025\/05\/Vinnare-2021-scaled-1-300x169.jpg 300w, https:\/\/nmevents.se\/aretsbilsaljare\/wp-content\/uploads\/sites\/67\/2025\/05\/Vinnare-2021-scaled-1-1024x576.jpg 1024w, https:\/\/nmevents.se\/aretsbilsaljare\/wp-content\/uploads\/sites\/67\/2025\/05\/Vinnare-2021-scaled-1-768x432.jpg 768w, https:\/\/nmevents.se\/aretsbilsaljare\/wp-content\/uploads\/sites\/67\/2025\/05\/Vinnare-2021-scaled-1-1536x864.jpg 1536w, https:\/\/nmevents.se\/aretsbilsaljare\/wp-content\/uploads\/sites\/67\/2025\/05\/Vinnare-2021-scaled-1-2048x1152.jpg 2048w\" sizes=\"(max-width: 2560px) 100vw, 2560px\" \/>\t\t\t\t\t\t\t\t\t\t\t\t\t<\/div>\n\t\t\t\t<\/div>\n\t\t\t\t<\/div>\n\t\t\t\t\t<\/div>\n\t\t\t\t<\/div>\n\t\t\t\t<\/div>\n\t\t","protected":false},"excerpt":{"rendered":"<p>\u00c5rets bils\u00e4ljare 2021 Christopher Jonsson, s\u00e4ljare Hedstr\u00f6ms bil i Hudiksvall Vinnaren av \u00c5rets Bils\u00e4ljare \u00e4r en person som har ett modernt f\u00f6rh\u00e5llningss\u00e4tt till f\u00f6rs\u00e4ljning. Hen arbetar proaktivt f\u00f6r att hitta kunder och aff\u00e4rer, kan hantera olika digitala och sociala kanaler f\u00f6r att s\u00e4lja p\u00e5 nya s\u00e4tt och \u00e4r duktig p\u00e5 att v\u00e5rda befintliga kundrelationer. Hen [&hellip;]<\/p>\n","protected":false},"author":21,"featured_media":0,"parent":0,"menu_order":0,"comment_status":"closed","ping_status":"closed","template":"","meta":{"_acf_changed":false,"inline_featured_image":false,"footnotes":""},"acf":[],"_links":{"self":[{"href":"https:\/\/nmevents.se\/aretsbilsaljare\/wp-json\/wp\/v2\/pages\/2756"}],"collection":[{"href":"https:\/\/nmevents.se\/aretsbilsaljare\/wp-json\/wp\/v2\/pages"}],"about":[{"href":"https:\/\/nmevents.se\/aretsbilsaljare\/wp-json\/wp\/v2\/types\/page"}],"author":[{"embeddable":true,"href":"https:\/\/nmevents.se\/aretsbilsaljare\/wp-json\/wp\/v2\/users\/21"}],"replies":[{"embeddable":true,"href":"https:\/\/nmevents.se\/aretsbilsaljare\/wp-json\/wp\/v2\/comments?post=2756"}],"version-history":[{"count":4,"href":"https:\/\/nmevents.se\/aretsbilsaljare\/wp-json\/wp\/v2\/pages\/2756\/revisions"}],"predecessor-version":[{"id":2789,"href":"https:\/\/nmevents.se\/aretsbilsaljare\/wp-json\/wp\/v2\/pages\/2756\/revisions\/2789"}],"wp:attachment":[{"href":"https:\/\/nmevents.se\/aretsbilsaljare\/wp-json\/wp\/v2\/media?parent=2756"}],"curies":[{"name":"wp","href":"https:\/\/api.w.org\/{rel}","templated":true}]}}