{"id":3022,"date":"2025-11-06T10:56:18","date_gmt":"2025-11-06T09:56:18","guid":{"rendered":"https:\/\/nmevents.se\/aretsbilsaljare\/?page_id=3022"},"modified":"2025-11-07T11:01:27","modified_gmt":"2025-11-07T10:01:27","slug":"finalister","status":"publish","type":"page","link":"https:\/\/nmevents.se\/aretsbilsaljare\/finalister\/","title":{"rendered":"Finalister"},"content":{"rendered":"\t\t<div data-elementor-type=\"wp-page\" data-elementor-id=\"3022\" class=\"elementor elementor-3022\" data-elementor-post-type=\"page\">\n\t\t\t\t<div class=\"elementor-element elementor-element-efe35e4 e-flex e-con-boxed e-con e-parent\" data-id=\"efe35e4\" data-element_type=\"container\" data-core-v316-plus=\"true\">\n\t\t\t\t\t<div class=\"e-con-inner\">\n\t\t\t\t<div class=\"elementor-element elementor-element-596b4f4 elementor-widget elementor-widget-spacer\" data-id=\"596b4f4\" data-element_type=\"widget\" data-widget_type=\"spacer.default\">\n\t\t\t\t<div class=\"elementor-widget-container\">\n\t\t\t<style>\/*! elementor - v3.20.0 - 20-03-2024 *\/\n.elementor-column .elementor-spacer-inner{height:var(--spacer-size)}.e-con{--container-widget-width:100%}.e-con-inner>.elementor-widget-spacer,.e-con>.elementor-widget-spacer{width:var(--container-widget-width,var(--spacer-size));--align-self:var(--container-widget-align-self,initial);--flex-shrink:0}.e-con-inner>.elementor-widget-spacer>.elementor-widget-container,.e-con>.elementor-widget-spacer>.elementor-widget-container{height:100%;width:100%}.e-con-inner>.elementor-widget-spacer>.elementor-widget-container>.elementor-spacer,.e-con>.elementor-widget-spacer>.elementor-widget-container>.elementor-spacer{height:100%}.e-con-inner>.elementor-widget-spacer>.elementor-widget-container>.elementor-spacer>.elementor-spacer-inner,.e-con>.elementor-widget-spacer>.elementor-widget-container>.elementor-spacer>.elementor-spacer-inner{height:var(--container-widget-height,var(--spacer-size))}.e-con-inner>.elementor-widget-spacer.elementor-widget-empty,.e-con>.elementor-widget-spacer.elementor-widget-empty{position:relative;min-height:22px;min-width:22px}.e-con-inner>.elementor-widget-spacer.elementor-widget-empty .elementor-widget-empty-icon,.e-con>.elementor-widget-spacer.elementor-widget-empty .elementor-widget-empty-icon{position:absolute;top:0;bottom:0;left:0;right:0;margin:auto;padding:0;width:22px;height:22px}<\/style>\t\t<div class=\"elementor-spacer\">\n\t\t\t<div class=\"elementor-spacer-inner\"><\/div>\n\t\t<\/div>\n\t\t\t\t<\/div>\n\t\t\t\t<\/div>\n\t\t\t\t<div class=\"elementor-element elementor-element-733f72e elementor-widget elementor-widget-text-editor\" data-id=\"733f72e\" data-element_type=\"widget\" data-widget_type=\"text-editor.default\">\n\t\t\t\t<div class=\"elementor-widget-container\">\n\t\t\t<style>\/*! elementor - v3.20.0 - 20-03-2024 *\/\n.elementor-widget-text-editor.elementor-drop-cap-view-stacked .elementor-drop-cap{background-color:#69727d;color:#fff}.elementor-widget-text-editor.elementor-drop-cap-view-framed .elementor-drop-cap{color:#69727d;border:3px solid;background-color:transparent}.elementor-widget-text-editor:not(.elementor-drop-cap-view-default) .elementor-drop-cap{margin-top:8px}.elementor-widget-text-editor:not(.elementor-drop-cap-view-default) .elementor-drop-cap-letter{width:1em;height:1em}.elementor-widget-text-editor .elementor-drop-cap{float:left;text-align:center;line-height:1;font-size:50px}.elementor-widget-text-editor .elementor-drop-cap-letter{display:inline-block}<\/style>\t\t\t\t<p>Finalister 2025<\/p>\t\t\t\t\t\t<\/div>\n\t\t\t\t<\/div>\n\t\t\t\t\t<\/div>\n\t\t\t\t<\/div>\n\t\t<div class=\"elementor-element elementor-element-eadde2b e-flex e-con-boxed e-con e-parent\" data-id=\"eadde2b\" data-element_type=\"container\" data-core-v316-plus=\"true\">\n\t\t\t\t\t<div class=\"e-con-inner\">\n\t\t<div class=\"elementor-element elementor-element-0ba7e57 e-con-full e-flex e-con e-child\" data-id=\"0ba7e57\" data-element_type=\"container\">\n\t\t\t\t<div class=\"elementor-element elementor-element-2d0b58e elementor-widget elementor-widget-image\" data-id=\"2d0b58e\" data-element_type=\"widget\" data-widget_type=\"image.default\">\n\t\t\t\t<div class=\"elementor-widget-container\">\n\t\t\t<style>\/*! elementor - v3.20.0 - 20-03-2024 *\/\n.elementor-widget-image{text-align:center}.elementor-widget-image a{display:inline-block}.elementor-widget-image a img[src$=\".svg\"]{width:48px}.elementor-widget-image img{vertical-align:middle;display:inline-block}<\/style>\t\t\t\t\t\t\t\t\t\t<img fetchpriority=\"high\" decoding=\"async\" width=\"768\" height=\"615\" src=\"https:\/\/nmevents.se\/aretsbilsaljare\/wp-content\/uploads\/sites\/67\/2025\/11\/Jonathan-G.jpg\" class=\"attachment-large size-large wp-image-3032\" alt=\"\" srcset=\"https:\/\/nmevents.se\/aretsbilsaljare\/wp-content\/uploads\/sites\/67\/2025\/11\/Jonathan-G.jpg 768w, https:\/\/nmevents.se\/aretsbilsaljare\/wp-content\/uploads\/sites\/67\/2025\/11\/Jonathan-G-300x240.jpg 300w\" sizes=\"(max-width: 768px) 100vw, 768px\" \/>\t\t\t\t\t\t\t\t\t\t\t\t\t<\/div>\n\t\t\t\t<\/div>\n\t\t\t\t<\/div>\n\t\t\t\t<div class=\"elementor-element elementor-element-d07f9a3 elementor-widget elementor-widget-spacer\" data-id=\"d07f9a3\" data-element_type=\"widget\" data-widget_type=\"spacer.default\">\n\t\t\t\t<div class=\"elementor-widget-container\">\n\t\t\t\t\t<div class=\"elementor-spacer\">\n\t\t\t<div class=\"elementor-spacer-inner\"><\/div>\n\t\t<\/div>\n\t\t\t\t<\/div>\n\t\t\t\t<\/div>\n\t\t<div class=\"elementor-element elementor-element-b6b960a e-con-full e-flex e-con e-child\" data-id=\"b6b960a\" data-element_type=\"container\">\n\t\t\t\t<div class=\"elementor-element elementor-element-4d5bd7f elementor-widget elementor-widget-text-editor\" data-id=\"4d5bd7f\" data-element_type=\"widget\" data-widget_type=\"text-editor.default\">\n\t\t\t\t<div class=\"elementor-widget-container\">\n\t\t\t\t\t\t\t<p>Jonathan Gawell, Ove Andersson Bil<\/p>\t\t\t\t\t\t<\/div>\n\t\t\t\t<\/div>\n\t\t\t\t<div class=\"elementor-element elementor-element-c091a7b elementor-widget elementor-widget-text-editor\" data-id=\"c091a7b\" data-element_type=\"widget\" data-widget_type=\"text-editor.default\">\n\t\t\t\t<div class=\"elementor-widget-container\">\n\t\t\t\t\t\t\t<p>Jonathan utm\u00e4rker sig som en engagerad, lyh\u00f6rd och resultatinriktad s\u00e4ljare som med sin positiva attityd och djupa f\u00f6rst\u00e5else f\u00f6r kundernas behov bygger starka och l\u00e5ngsiktiga relationer. Genom ekonomisk medvetenhet, imponerande organisationsf\u00f6rm\u00e5ga och en naturlig k\u00e4nsla f\u00f6r branschen har han bidragit till b\u00e5de \u00f6kad l\u00f6nsamhet och kundn\u00f6jdhet. Jonathan Gawell\u00a0 \u00e4r en f\u00f6rebild i sitt arbete och en sj\u00e4lvklar kandidat till \u00c5rets Bils\u00e4ljare 2025.<\/p>\t\t\t\t\t\t<\/div>\n\t\t\t\t<\/div>\n\t\t\t\t<\/div>\n\t\t\t\t\t<\/div>\n\t\t\t\t<\/div>\n\t\t<div class=\"elementor-element elementor-element-c4d97ad e-flex e-con-boxed e-con e-parent\" data-id=\"c4d97ad\" data-element_type=\"container\" data-core-v316-plus=\"true\">\n\t\t\t\t\t<div class=\"e-con-inner\">\n\t\t\t\t<div class=\"elementor-element elementor-element-0d1a195 e-transform e-transform e-transform elementor-widget-divider--view-line elementor-widget elementor-widget-divider\" data-id=\"0d1a195\" data-element_type=\"widget\" data-settings=\"{&quot;_transform_rotateZ_effect&quot;:{&quot;unit&quot;:&quot;px&quot;,&quot;size&quot;:&quot;&quot;,&quot;sizes&quot;:[]},&quot;_transform_rotateZ_effect_tablet&quot;:{&quot;unit&quot;:&quot;deg&quot;,&quot;size&quot;:&quot;&quot;,&quot;sizes&quot;:[]},&quot;_transform_rotateZ_effect_mobile&quot;:{&quot;unit&quot;:&quot;deg&quot;,&quot;size&quot;:&quot;&quot;,&quot;sizes&quot;:[]},&quot;_transform_scale_effect&quot;:{&quot;unit&quot;:&quot;px&quot;,&quot;size&quot;:&quot;&quot;,&quot;sizes&quot;:[]},&quot;_transform_scale_effect_tablet&quot;:{&quot;unit&quot;:&quot;px&quot;,&quot;size&quot;:&quot;&quot;,&quot;sizes&quot;:[]},&quot;_transform_scale_effect_mobile&quot;:{&quot;unit&quot;:&quot;px&quot;,&quot;size&quot;:&quot;&quot;,&quot;sizes&quot;:[]},&quot;_transform_skewX_effect&quot;:{&quot;unit&quot;:&quot;px&quot;,&quot;size&quot;:&quot;&quot;,&quot;sizes&quot;:[]},&quot;_transform_skewX_effect_tablet&quot;:{&quot;unit&quot;:&quot;deg&quot;,&quot;size&quot;:&quot;&quot;,&quot;sizes&quot;:[]},&quot;_transform_skewX_effect_mobile&quot;:{&quot;unit&quot;:&quot;deg&quot;,&quot;size&quot;:&quot;&quot;,&quot;sizes&quot;:[]},&quot;_transform_skewY_effect&quot;:{&quot;unit&quot;:&quot;px&quot;,&quot;size&quot;:&quot;&quot;,&quot;sizes&quot;:[]},&quot;_transform_skewY_effect_tablet&quot;:{&quot;unit&quot;:&quot;deg&quot;,&quot;size&quot;:&quot;&quot;,&quot;sizes&quot;:[]},&quot;_transform_skewY_effect_mobile&quot;:{&quot;unit&quot;:&quot;deg&quot;,&quot;size&quot;:&quot;&quot;,&quot;sizes&quot;:[]}}\" data-widget_type=\"divider.default\">\n\t\t\t\t<div class=\"elementor-widget-container\">\n\t\t\t<style>\/*! elementor - v3.20.0 - 20-03-2024 *\/\n.elementor-widget-divider{--divider-border-style:none;--divider-border-width:1px;--divider-color:#0c0d0e;--divider-icon-size:20px;--divider-element-spacing:10px;--divider-pattern-height:24px;--divider-pattern-size:20px;--divider-pattern-url:none;--divider-pattern-repeat:repeat-x}.elementor-widget-divider .elementor-divider{display:flex}.elementor-widget-divider .elementor-divider__text{font-size:15px;line-height:1;max-width:95%}.elementor-widget-divider .elementor-divider__element{margin:0 var(--divider-element-spacing);flex-shrink:0}.elementor-widget-divider .elementor-icon{font-size:var(--divider-icon-size)}.elementor-widget-divider .elementor-divider-separator{display:flex;margin:0;direction:ltr}.elementor-widget-divider--view-line_icon .elementor-divider-separator,.elementor-widget-divider--view-line_text .elementor-divider-separator{align-items:center}.elementor-widget-divider--view-line_icon .elementor-divider-separator:after,.elementor-widget-divider--view-line_icon .elementor-divider-separator:before,.elementor-widget-divider--view-line_text .elementor-divider-separator:after,.elementor-widget-divider--view-line_text .elementor-divider-separator:before{display:block;content:\"\";border-block-end:0;flex-grow:1;border-block-start:var(--divider-border-width) var(--divider-border-style) var(--divider-color)}.elementor-widget-divider--element-align-left .elementor-divider .elementor-divider-separator>.elementor-divider__svg:first-of-type{flex-grow:0;flex-shrink:100}.elementor-widget-divider--element-align-left .elementor-divider-separator:before{content:none}.elementor-widget-divider--element-align-left .elementor-divider__element{margin-left:0}.elementor-widget-divider--element-align-right .elementor-divider .elementor-divider-separator>.elementor-divider__svg:last-of-type{flex-grow:0;flex-shrink:100}.elementor-widget-divider--element-align-right .elementor-divider-separator:after{content:none}.elementor-widget-divider--element-align-right .elementor-divider__element{margin-right:0}.elementor-widget-divider--element-align-start .elementor-divider .elementor-divider-separator>.elementor-divider__svg:first-of-type{flex-grow:0;flex-shrink:100}.elementor-widget-divider--element-align-start .elementor-divider-separator:before{content:none}.elementor-widget-divider--element-align-start .elementor-divider__element{margin-inline-start:0}.elementor-widget-divider--element-align-end .elementor-divider .elementor-divider-separator>.elementor-divider__svg:last-of-type{flex-grow:0;flex-shrink:100}.elementor-widget-divider--element-align-end .elementor-divider-separator:after{content:none}.elementor-widget-divider--element-align-end .elementor-divider__element{margin-inline-end:0}.elementor-widget-divider:not(.elementor-widget-divider--view-line_text):not(.elementor-widget-divider--view-line_icon) .elementor-divider-separator{border-block-start:var(--divider-border-width) var(--divider-border-style) var(--divider-color)}.elementor-widget-divider--separator-type-pattern{--divider-border-style:none}.elementor-widget-divider--separator-type-pattern.elementor-widget-divider--view-line .elementor-divider-separator,.elementor-widget-divider--separator-type-pattern:not(.elementor-widget-divider--view-line) .elementor-divider-separator:after,.elementor-widget-divider--separator-type-pattern:not(.elementor-widget-divider--view-line) .elementor-divider-separator:before,.elementor-widget-divider--separator-type-pattern:not([class*=elementor-widget-divider--view]) .elementor-divider-separator{width:100%;min-height:var(--divider-pattern-height);-webkit-mask-size:var(--divider-pattern-size) 100%;mask-size:var(--divider-pattern-size) 100%;-webkit-mask-repeat:var(--divider-pattern-repeat);mask-repeat:var(--divider-pattern-repeat);background-color:var(--divider-color);-webkit-mask-image:var(--divider-pattern-url);mask-image:var(--divider-pattern-url)}.elementor-widget-divider--no-spacing{--divider-pattern-size:auto}.elementor-widget-divider--bg-round{--divider-pattern-repeat:round}.rtl .elementor-widget-divider .elementor-divider__text{direction:rtl}.e-con-inner>.elementor-widget-divider,.e-con>.elementor-widget-divider{width:var(--container-widget-width,100%);--flex-grow:var(--container-widget-flex-grow)}<\/style>\t\t<div class=\"elementor-divider\">\n\t\t\t<span class=\"elementor-divider-separator\">\n\t\t\t\t\t\t<\/span>\n\t\t<\/div>\n\t\t\t\t<\/div>\n\t\t\t\t<\/div>\n\t\t\t\t\t<\/div>\n\t\t\t\t<\/div>\n\t\t<div class=\"elementor-element elementor-element-e7378f1 e-flex e-con-boxed e-con e-parent\" data-id=\"e7378f1\" data-element_type=\"container\" data-core-v316-plus=\"true\">\n\t\t\t\t\t<div class=\"e-con-inner\">\n\t\t<div class=\"elementor-element elementor-element-435d6a3 e-con-full e-flex e-con e-child\" data-id=\"435d6a3\" data-element_type=\"container\">\n\t\t\t\t<div class=\"elementor-element elementor-element-e883ae9 elementor-widget elementor-widget-image\" data-id=\"e883ae9\" data-element_type=\"widget\" data-widget_type=\"image.default\">\n\t\t\t\t<div class=\"elementor-widget-container\">\n\t\t\t\t\t\t\t\t\t\t\t\t\t<img decoding=\"async\" width=\"800\" height=\"640\" src=\"https:\/\/nmevents.se\/aretsbilsaljare\/wp-content\/uploads\/sites\/67\/2025\/11\/MIlard-1024x819.jpg\" class=\"attachment-large size-large wp-image-3024\" alt=\"\" srcset=\"https:\/\/nmevents.se\/aretsbilsaljare\/wp-content\/uploads\/sites\/67\/2025\/11\/MIlard-1024x819.jpg 1024w, https:\/\/nmevents.se\/aretsbilsaljare\/wp-content\/uploads\/sites\/67\/2025\/11\/MIlard-300x240.jpg 300w, https:\/\/nmevents.se\/aretsbilsaljare\/wp-content\/uploads\/sites\/67\/2025\/11\/MIlard-768x614.jpg 768w, https:\/\/nmevents.se\/aretsbilsaljare\/wp-content\/uploads\/sites\/67\/2025\/11\/MIlard.jpg 1333w\" sizes=\"(max-width: 800px) 100vw, 800px\" \/>\t\t\t\t\t\t\t\t\t\t\t\t\t<\/div>\n\t\t\t\t<\/div>\n\t\t\t\t<\/div>\n\t\t\t\t<div class=\"elementor-element elementor-element-176cbd7 elementor-widget elementor-widget-spacer\" data-id=\"176cbd7\" data-element_type=\"widget\" data-widget_type=\"spacer.default\">\n\t\t\t\t<div class=\"elementor-widget-container\">\n\t\t\t\t\t<div class=\"elementor-spacer\">\n\t\t\t<div class=\"elementor-spacer-inner\"><\/div>\n\t\t<\/div>\n\t\t\t\t<\/div>\n\t\t\t\t<\/div>\n\t\t<div class=\"elementor-element elementor-element-970176d e-con-full e-flex e-con e-child\" data-id=\"970176d\" data-element_type=\"container\">\n\t\t\t\t<div class=\"elementor-element elementor-element-a0a98c3 elementor-widget elementor-widget-text-editor\" data-id=\"a0a98c3\" data-element_type=\"widget\" data-widget_type=\"text-editor.default\">\n\t\t\t\t<div class=\"elementor-widget-container\">\n\t\t\t\t\t\t\t<p>Milard Touma, Auto 7H<\/p>\t\t\t\t\t\t<\/div>\n\t\t\t\t<\/div>\n\t\t\t\t<div class=\"elementor-element elementor-element-20a0f22 elementor-widget elementor-widget-text-editor\" data-id=\"20a0f22\" data-element_type=\"widget\" data-widget_type=\"text-editor.default\">\n\t\t\t\t<div class=\"elementor-widget-container\">\n\t\t\t\t\t\t\t<p>Milard \u00e4r en driven och kundfokuserad bils\u00e4ljare som kombinerar h\u00f6g digital n\u00e4rvaro med genuina personliga relationer. Med starkt aff\u00e4rssinne, modern kommunikation och en imponerande f\u00f6rm\u00e5ga att skapa f\u00f6rtroende levererar han st\u00e4ndigt resultat av h\u00f6gsta klass. Hans engagemang, m\u00e5lmedvetenhet och fingertoppsk\u00e4nsla f\u00f6r kundupplevelsen g\u00f6r Milard Touma till en v\u00e4rdig kandidat till utm\u00e4rkelsen \u00c5rets Bils\u00e4ljare 2025.<\/p>\t\t\t\t\t\t<\/div>\n\t\t\t\t<\/div>\n\t\t\t\t<\/div>\n\t\t\t\t\t<\/div>\n\t\t\t\t<\/div>\n\t\t<div class=\"elementor-element elementor-element-0f944dc e-flex e-con-boxed e-con e-parent\" data-id=\"0f944dc\" data-element_type=\"container\" data-core-v316-plus=\"true\">\n\t\t\t\t\t<div class=\"e-con-inner\">\n\t\t\t\t<div class=\"elementor-element elementor-element-822765d e-transform e-transform e-transform elementor-widget-divider--view-line elementor-widget elementor-widget-divider\" data-id=\"822765d\" data-element_type=\"widget\" data-settings=\"{&quot;_transform_rotateZ_effect&quot;:{&quot;unit&quot;:&quot;px&quot;,&quot;size&quot;:&quot;&quot;,&quot;sizes&quot;:[]},&quot;_transform_rotateZ_effect_tablet&quot;:{&quot;unit&quot;:&quot;deg&quot;,&quot;size&quot;:&quot;&quot;,&quot;sizes&quot;:[]},&quot;_transform_rotateZ_effect_mobile&quot;:{&quot;unit&quot;:&quot;deg&quot;,&quot;size&quot;:&quot;&quot;,&quot;sizes&quot;:[]},&quot;_transform_scale_effect&quot;:{&quot;unit&quot;:&quot;px&quot;,&quot;size&quot;:&quot;&quot;,&quot;sizes&quot;:[]},&quot;_transform_scale_effect_tablet&quot;:{&quot;unit&quot;:&quot;px&quot;,&quot;size&quot;:&quot;&quot;,&quot;sizes&quot;:[]},&quot;_transform_scale_effect_mobile&quot;:{&quot;unit&quot;:&quot;px&quot;,&quot;size&quot;:&quot;&quot;,&quot;sizes&quot;:[]},&quot;_transform_skewX_effect&quot;:{&quot;unit&quot;:&quot;px&quot;,&quot;size&quot;:&quot;&quot;,&quot;sizes&quot;:[]},&quot;_transform_skewX_effect_tablet&quot;:{&quot;unit&quot;:&quot;deg&quot;,&quot;size&quot;:&quot;&quot;,&quot;sizes&quot;:[]},&quot;_transform_skewX_effect_mobile&quot;:{&quot;unit&quot;:&quot;deg&quot;,&quot;size&quot;:&quot;&quot;,&quot;sizes&quot;:[]},&quot;_transform_skewY_effect&quot;:{&quot;unit&quot;:&quot;px&quot;,&quot;size&quot;:&quot;&quot;,&quot;sizes&quot;:[]},&quot;_transform_skewY_effect_tablet&quot;:{&quot;unit&quot;:&quot;deg&quot;,&quot;size&quot;:&quot;&quot;,&quot;sizes&quot;:[]},&quot;_transform_skewY_effect_mobile&quot;:{&quot;unit&quot;:&quot;deg&quot;,&quot;size&quot;:&quot;&quot;,&quot;sizes&quot;:[]}}\" data-widget_type=\"divider.default\">\n\t\t\t\t<div class=\"elementor-widget-container\">\n\t\t\t\t\t<div class=\"elementor-divider\">\n\t\t\t<span class=\"elementor-divider-separator\">\n\t\t\t\t\t\t<\/span>\n\t\t<\/div>\n\t\t\t\t<\/div>\n\t\t\t\t<\/div>\n\t\t\t\t\t<\/div>\n\t\t\t\t<\/div>\n\t\t<div class=\"elementor-element elementor-element-ae495df e-flex e-con-boxed e-con e-parent\" data-id=\"ae495df\" data-element_type=\"container\" data-core-v316-plus=\"true\">\n\t\t\t\t\t<div class=\"e-con-inner\">\n\t\t<div class=\"elementor-element elementor-element-0fdbeae e-con-full e-flex e-con e-child\" data-id=\"0fdbeae\" data-element_type=\"container\">\n\t\t\t\t<div class=\"elementor-element elementor-element-46c737c elementor-widget elementor-widget-image\" data-id=\"46c737c\" data-element_type=\"widget\" data-widget_type=\"image.default\">\n\t\t\t\t<div class=\"elementor-widget-container\">\n\t\t\t\t\t\t\t\t\t\t\t\t\t<img decoding=\"async\" width=\"800\" height=\"640\" src=\"https:\/\/nmevents.se\/aretsbilsaljare\/wp-content\/uploads\/sites\/67\/2025\/11\/Boris-Bildhall-1024x819.jpg\" class=\"attachment-large size-large wp-image-3025\" alt=\"\" srcset=\"https:\/\/nmevents.se\/aretsbilsaljare\/wp-content\/uploads\/sites\/67\/2025\/11\/Boris-Bildhall-1024x819.jpg 1024w, https:\/\/nmevents.se\/aretsbilsaljare\/wp-content\/uploads\/sites\/67\/2025\/11\/Boris-Bildhall-300x240.jpg 300w, https:\/\/nmevents.se\/aretsbilsaljare\/wp-content\/uploads\/sites\/67\/2025\/11\/Boris-Bildhall-768x614.jpg 768w, https:\/\/nmevents.se\/aretsbilsaljare\/wp-content\/uploads\/sites\/67\/2025\/11\/Boris-Bildhall-1536x1229.jpg 1536w, https:\/\/nmevents.se\/aretsbilsaljare\/wp-content\/uploads\/sites\/67\/2025\/11\/Boris-Bildhall-2048x1638.jpg 2048w\" sizes=\"(max-width: 800px) 100vw, 800px\" \/>\t\t\t\t\t\t\t\t\t\t\t\t\t<\/div>\n\t\t\t\t<\/div>\n\t\t\t\t<\/div>\n\t\t\t\t<div class=\"elementor-element elementor-element-fc966b6 elementor-widget elementor-widget-spacer\" data-id=\"fc966b6\" data-element_type=\"widget\" data-widget_type=\"spacer.default\">\n\t\t\t\t<div class=\"elementor-widget-container\">\n\t\t\t\t\t<div class=\"elementor-spacer\">\n\t\t\t<div class=\"elementor-spacer-inner\"><\/div>\n\t\t<\/div>\n\t\t\t\t<\/div>\n\t\t\t\t<\/div>\n\t\t<div class=\"elementor-element elementor-element-f3ab629 e-con-full e-flex e-con e-child\" data-id=\"f3ab629\" data-element_type=\"container\">\n\t\t\t\t<div class=\"elementor-element elementor-element-a0e4c55 elementor-widget elementor-widget-text-editor\" data-id=\"a0e4c55\" data-element_type=\"widget\" data-widget_type=\"text-editor.default\">\n\t\t\t\t<div class=\"elementor-widget-container\">\n\t\t\t\t\t\t\t<p>Boris Sibenik, Toveks Bil<\/p>\t\t\t\t\t\t<\/div>\n\t\t\t\t<\/div>\n\t\t\t\t<div class=\"elementor-element elementor-element-42286e2 elementor-widget elementor-widget-text-editor\" data-id=\"42286e2\" data-element_type=\"widget\" data-widget_type=\"text-editor.default\">\n\t\t\t\t<div class=\"elementor-widget-container\">\n\t\t\t\t\t\t\t<p>Boris \u00e4r en passionerad och kunnig bils\u00e4ljare som f\u00f6renar djup produktkunskap med genuin omtanke om varje kund. Med ett varmt bem\u00f6tande, pedagogisk f\u00f6rm\u00e5ga och vilja att alltid \u00f6vertr\u00e4ffa f\u00f6rv\u00e4ntningarna skapar han kundrelationer som h\u00e5ller \u00f6ver tid. Boris Sibeniks engagemang, driv och laganda g\u00f6r honom till en inspirationsk\u00e4lla f\u00f6r kollegor, en ov\u00e4rderlig tillg\u00e5ng f\u00f6r b\u00e5de teamet och f\u00f6retaget samt en v\u00e4lf\u00f6rtj\u00e4nt kandidat till \u00c5rets Bils\u00e4ljare 2025.<\/p>\t\t\t\t\t\t<\/div>\n\t\t\t\t<\/div>\n\t\t\t\t<\/div>\n\t\t\t\t\t<\/div>\n\t\t\t\t<\/div>\n\t\t\t\t<\/div>\n\t\t","protected":false},"excerpt":{"rendered":"<p>Finalister 2025 Jonathan Gawell, Ove Andersson Bil Jonathan utm\u00e4rker sig som en engagerad, lyh\u00f6rd och resultatinriktad s\u00e4ljare som med sin positiva attityd och djupa f\u00f6rst\u00e5else f\u00f6r kundernas behov bygger starka och l\u00e5ngsiktiga relationer. Genom ekonomisk medvetenhet, imponerande organisationsf\u00f6rm\u00e5ga och en naturlig k\u00e4nsla f\u00f6r branschen har han bidragit till b\u00e5de \u00f6kad l\u00f6nsamhet och kundn\u00f6jdhet. Jonathan Gawell\u00a0 [&hellip;]<\/p>\n","protected":false},"author":21,"featured_media":0,"parent":0,"menu_order":0,"comment_status":"closed","ping_status":"closed","template":"","meta":{"_acf_changed":false,"inline_featured_image":false,"footnotes":""},"acf":[],"_links":{"self":[{"href":"https:\/\/nmevents.se\/aretsbilsaljare\/wp-json\/wp\/v2\/pages\/3022"}],"collection":[{"href":"https:\/\/nmevents.se\/aretsbilsaljare\/wp-json\/wp\/v2\/pages"}],"about":[{"href":"https:\/\/nmevents.se\/aretsbilsaljare\/wp-json\/wp\/v2\/types\/page"}],"author":[{"embeddable":true,"href":"https:\/\/nmevents.se\/aretsbilsaljare\/wp-json\/wp\/v2\/users\/21"}],"replies":[{"embeddable":true,"href":"https:\/\/nmevents.se\/aretsbilsaljare\/wp-json\/wp\/v2\/comments?post=3022"}],"version-history":[{"count":9,"href":"https:\/\/nmevents.se\/aretsbilsaljare\/wp-json\/wp\/v2\/pages\/3022\/revisions"}],"predecessor-version":[{"id":3035,"href":"https:\/\/nmevents.se\/aretsbilsaljare\/wp-json\/wp\/v2\/pages\/3022\/revisions\/3035"}],"wp:attachment":[{"href":"https:\/\/nmevents.se\/aretsbilsaljare\/wp-json\/wp\/v2\/media?parent=3022"}],"curies":[{"name":"wp","href":"https:\/\/api.w.org\/{rel}","templated":true}]}}