{"id":17,"date":"2023-11-06T11:17:16","date_gmt":"2023-11-06T11:17:16","guid":{"rendered":"https:\/\/eventdk.nordiske-medier.dk\/?page_id=17"},"modified":"2026-03-30T15:15:23","modified_gmt":"2026-03-30T13:15:23","slug":"kontakt","status":"publish","type":"page","link":"https:\/\/nmevents.se\/atervinningsgalan\/kontakt\/","title":{"rendered":"Kontakt"},"content":{"rendered":"\t\t<div data-elementor-type=\"wp-page\" data-elementor-id=\"17\" class=\"elementor elementor-17\" data-elementor-post-type=\"page\">\n\t\t\t\t<div class=\"elementor-element elementor-element-2a5d0ef e-flex e-con-boxed e-con e-parent\" data-id=\"2a5d0ef\" data-element_type=\"container\" data-core-v316-plus=\"true\">\n\t\t\t\t\t<div class=\"e-con-inner\">\n\t\t\t\t<div class=\"elementor-element elementor-element-4687767 elementor-widget elementor-widget-spacer\" data-id=\"4687767\" data-element_type=\"widget\" data-widget_type=\"spacer.default\">\n\t\t\t\t<div class=\"elementor-widget-container\">\n\t\t\t<style>\/*! elementor - v3.20.0 - 20-03-2024 *\/\n.elementor-column .elementor-spacer-inner{height:var(--spacer-size)}.e-con{--container-widget-width:100%}.e-con-inner>.elementor-widget-spacer,.e-con>.elementor-widget-spacer{width:var(--container-widget-width,var(--spacer-size));--align-self:var(--container-widget-align-self,initial);--flex-shrink:0}.e-con-inner>.elementor-widget-spacer>.elementor-widget-container,.e-con>.elementor-widget-spacer>.elementor-widget-container{height:100%;width:100%}.e-con-inner>.elementor-widget-spacer>.elementor-widget-container>.elementor-spacer,.e-con>.elementor-widget-spacer>.elementor-widget-container>.elementor-spacer{height:100%}.e-con-inner>.elementor-widget-spacer>.elementor-widget-container>.elementor-spacer>.elementor-spacer-inner,.e-con>.elementor-widget-spacer>.elementor-widget-container>.elementor-spacer>.elementor-spacer-inner{height:var(--container-widget-height,var(--spacer-size))}.e-con-inner>.elementor-widget-spacer.elementor-widget-empty,.e-con>.elementor-widget-spacer.elementor-widget-empty{position:relative;min-height:22px;min-width:22px}.e-con-inner>.elementor-widget-spacer.elementor-widget-empty .elementor-widget-empty-icon,.e-con>.elementor-widget-spacer.elementor-widget-empty .elementor-widget-empty-icon{position:absolute;top:0;bottom:0;left:0;right:0;margin:auto;padding:0;width:22px;height:22px}<\/style>\t\t<div class=\"elementor-spacer\">\n\t\t\t<div class=\"elementor-spacer-inner\"><\/div>\n\t\t<\/div>\n\t\t\t\t<\/div>\n\t\t\t\t<\/div>\n\t\t\t\t\t<\/div>\n\t\t\t\t<\/div>\n\t\t<div class=\"elementor-element elementor-element-0e5b778 e-flex e-con-boxed e-con e-parent\" data-id=\"0e5b778\" data-element_type=\"container\" data-core-v316-plus=\"true\">\n\t\t\t\t\t<div class=\"e-con-inner\">\n\t\t<div class=\"elementor-element elementor-element-2fb4584 e-flex e-con-boxed e-con e-child\" data-id=\"2fb4584\" data-element_type=\"container\">\n\t\t\t\t\t<div class=\"e-con-inner\">\n\t\t<div class=\"elementor-element elementor-element-eb1d079 e-con-full e-flex e-con e-child\" data-id=\"eb1d079\" data-element_type=\"container\">\n\t\t\t\t<div class=\"elementor-element elementor-element-40786d0 elementor-widget elementor-widget-image\" data-id=\"40786d0\" data-element_type=\"widget\" data-widget_type=\"image.default\">\n\t\t\t\t<div class=\"elementor-widget-container\">\n\t\t\t<style>\/*! elementor - v3.20.0 - 20-03-2024 *\/\n.elementor-widget-image{text-align:center}.elementor-widget-image a{display:inline-block}.elementor-widget-image a img[src$=\".svg\"]{width:48px}.elementor-widget-image img{vertical-align:middle;display:inline-block}<\/style>\t\t\t\t\t\t\t\t\t\t<img fetchpriority=\"high\" decoding=\"async\" width=\"600\" height=\"600\" src=\"https:\/\/nmevents.se\/atervinningsgalan\/wp-content\/uploads\/sites\/69\/2025\/05\/AG_kontakt_Peter.png\" class=\"attachment-full size-full wp-image-3028\" alt=\"\" srcset=\"https:\/\/nmevents.se\/atervinningsgalan\/wp-content\/uploads\/sites\/69\/2025\/05\/AG_kontakt_Peter.png 600w, https:\/\/nmevents.se\/atervinningsgalan\/wp-content\/uploads\/sites\/69\/2025\/05\/AG_kontakt_Peter-300x300.png 300w, https:\/\/nmevents.se\/atervinningsgalan\/wp-content\/uploads\/sites\/69\/2025\/05\/AG_kontakt_Peter-150x150.png 150w\" sizes=\"(max-width: 600px) 100vw, 600px\" \/>\t\t\t\t\t\t\t\t\t\t\t\t\t<\/div>\n\t\t\t\t<\/div>\n\t\t<div class=\"elementor-element elementor-element-3162553 e-con-full e-flex e-con e-child\" data-id=\"3162553\" data-element_type=\"container\">\n\t\t\t\t<div class=\"elementor-element elementor-element-bc575f9 elementor-widget elementor-widget-heading\" data-id=\"bc575f9\" data-element_type=\"widget\" data-widget_type=\"heading.default\">\n\t\t\t\t<div class=\"elementor-widget-container\">\n\t\t\t<style>\/*! elementor - v3.20.0 - 20-03-2024 *\/\n.elementor-heading-title{padding:0;margin:0;line-height:1}.elementor-widget-heading .elementor-heading-title[class*=elementor-size-]>a{color:inherit;font-size:inherit;line-height:inherit}.elementor-widget-heading .elementor-heading-title.elementor-size-small{font-size:15px}.elementor-widget-heading .elementor-heading-title.elementor-size-medium{font-size:19px}.elementor-widget-heading .elementor-heading-title.elementor-size-large{font-size:29px}.elementor-widget-heading .elementor-heading-title.elementor-size-xl{font-size:39px}.elementor-widget-heading .elementor-heading-title.elementor-size-xxl{font-size:59px}<\/style><h5 class=\"elementor-heading-title elementor-size-default\">Peter Olofsson<\/h5>\t\t<\/div>\n\t\t\t\t<\/div>\n\t\t\t\t<div class=\"elementor-element elementor-element-8baad40 elementor-widget elementor-widget-text-editor\" data-id=\"8baad40\" data-element_type=\"widget\" data-widget_type=\"text-editor.default\">\n\t\t\t\t<div class=\"elementor-widget-container\">\n\t\t\t<style>\/*! elementor - v3.20.0 - 20-03-2024 *\/\n.elementor-widget-text-editor.elementor-drop-cap-view-stacked .elementor-drop-cap{background-color:#69727d;color:#fff}.elementor-widget-text-editor.elementor-drop-cap-view-framed .elementor-drop-cap{color:#69727d;border:3px solid;background-color:transparent}.elementor-widget-text-editor:not(.elementor-drop-cap-view-default) .elementor-drop-cap{margin-top:8px}.elementor-widget-text-editor:not(.elementor-drop-cap-view-default) .elementor-drop-cap-letter{width:1em;height:1em}.elementor-widget-text-editor .elementor-drop-cap{float:left;text-align:center;line-height:1;font-size:50px}.elementor-widget-text-editor .elementor-drop-cap-letter{display:inline-block}<\/style>\t\t\t\t<p>Chefredakt\u00f6r<br class=\"\" \/>070-833 54 86<br \/>peter.olofsson@nordiskemedier.se<\/p>\t\t\t\t\t\t<\/div>\n\t\t\t\t<\/div>\n\t\t\t\t<\/div>\n\t\t\t\t<\/div>\n\t\t<div class=\"elementor-element elementor-element-ba355f1 e-con-full e-flex e-con e-child\" data-id=\"ba355f1\" data-element_type=\"container\">\n\t\t\t\t<div class=\"elementor-element elementor-element-6594d2a elementor-widget elementor-widget-image\" data-id=\"6594d2a\" data-element_type=\"widget\" data-widget_type=\"image.default\">\n\t\t\t\t<div class=\"elementor-widget-container\">\n\t\t\t\t\t\t\t\t\t\t\t\t\t<img decoding=\"async\" width=\"600\" height=\"600\" src=\"https:\/\/nmevents.se\/atervinningsgalan\/wp-content\/uploads\/sites\/69\/2025\/05\/AG_kontakt_Josefine.png\" class=\"attachment-full size-full wp-image-3029\" alt=\"\" srcset=\"https:\/\/nmevents.se\/atervinningsgalan\/wp-content\/uploads\/sites\/69\/2025\/05\/AG_kontakt_Josefine.png 600w, https:\/\/nmevents.se\/atervinningsgalan\/wp-content\/uploads\/sites\/69\/2025\/05\/AG_kontakt_Josefine-300x300.png 300w, https:\/\/nmevents.se\/atervinningsgalan\/wp-content\/uploads\/sites\/69\/2025\/05\/AG_kontakt_Josefine-150x150.png 150w\" sizes=\"(max-width: 600px) 100vw, 600px\" \/>\t\t\t\t\t\t\t\t\t\t\t\t\t<\/div>\n\t\t\t\t<\/div>\n\t\t<div class=\"elementor-element elementor-element-8dbea8a e-con-full e-flex e-con e-child\" data-id=\"8dbea8a\" data-element_type=\"container\">\n\t\t\t\t<div class=\"elementor-element elementor-element-f7b51e3 elementor-widget elementor-widget-heading\" data-id=\"f7b51e3\" data-element_type=\"widget\" data-widget_type=\"heading.default\">\n\t\t\t\t<div class=\"elementor-widget-container\">\n\t\t\t<h5 class=\"elementor-heading-title elementor-size-default\">Josefine Rydstedt<\/h5>\t\t<\/div>\n\t\t\t\t<\/div>\n\t\t\t\t<div class=\"elementor-element elementor-element-40c19a7 elementor-widget elementor-widget-text-editor\" data-id=\"40c19a7\" data-element_type=\"widget\" data-widget_type=\"text-editor.default\">\n\t\t\t\t<div class=\"elementor-widget-container\">\n\t\t\t\t\t\t\t<p>Projektledare<br \/>\u00a0070-171 61 79<br \/>josefine.rydstedt@nordiskemedier.se<\/p>\t\t\t\t\t\t<\/div>\n\t\t\t\t<\/div>\n\t\t\t\t<\/div>\n\t\t\t\t<\/div>\n\t\t<div class=\"elementor-element elementor-element-1704954 e-con-full e-flex e-con e-child\" data-id=\"1704954\" data-element_type=\"container\">\n\t\t\t\t<div class=\"elementor-element elementor-element-9573198 elementor-widget elementor-widget-image\" data-id=\"9573198\" data-element_type=\"widget\" data-widget_type=\"image.default\">\n\t\t\t\t<div class=\"elementor-widget-container\">\n\t\t\t\t\t\t\t\t\t\t\t\t\t<img decoding=\"async\" width=\"600\" height=\"600\" src=\"https:\/\/nmevents.se\/atervinningsgalan\/wp-content\/uploads\/sites\/69\/2025\/05\/AG_kontakt_Jerker.png\" class=\"attachment-full size-full wp-image-3030\" alt=\"\" srcset=\"https:\/\/nmevents.se\/atervinningsgalan\/wp-content\/uploads\/sites\/69\/2025\/05\/AG_kontakt_Jerker.png 600w, https:\/\/nmevents.se\/atervinningsgalan\/wp-content\/uploads\/sites\/69\/2025\/05\/AG_kontakt_Jerker-300x300.png 300w, https:\/\/nmevents.se\/atervinningsgalan\/wp-content\/uploads\/sites\/69\/2025\/05\/AG_kontakt_Jerker-150x150.png 150w\" sizes=\"(max-width: 600px) 100vw, 600px\" \/>\t\t\t\t\t\t\t\t\t\t\t\t\t<\/div>\n\t\t\t\t<\/div>\n\t\t<div class=\"elementor-element elementor-element-6acdafd e-con-full e-flex e-con e-child\" data-id=\"6acdafd\" data-element_type=\"container\">\n\t\t\t\t<div class=\"elementor-element elementor-element-5d29474 elementor-widget elementor-widget-heading\" data-id=\"5d29474\" data-element_type=\"widget\" data-widget_type=\"heading.default\">\n\t\t\t\t<div class=\"elementor-widget-container\">\n\t\t\t<h5 class=\"elementor-heading-title elementor-size-default\">Jerker Evaldsson<\/h5>\t\t<\/div>\n\t\t\t\t<\/div>\n\t\t\t\t<div class=\"elementor-element elementor-element-b9552b1 elementor-widget elementor-widget-text-editor\" data-id=\"b9552b1\" data-element_type=\"widget\" data-widget_type=\"text-editor.default\">\n\t\t\t\t<div class=\"elementor-widget-container\">\n\t\t\t\t\t\t\t<p>F\u00f6rs\u00e4ljningschef<br class=\"\" \/>070-975 99 40<br \/>jerker.evaldsson@nordiskemedier.se<\/p>\t\t\t\t\t\t<\/div>\n\t\t\t\t<\/div>\n\t\t\t\t<\/div>\n\t\t\t\t<\/div>\n\t\t<div class=\"elementor-element elementor-element-2f0cff9 e-con-full e-flex e-con e-child\" data-id=\"2f0cff9\" data-element_type=\"container\">\n\t\t\t\t<div class=\"elementor-element elementor-element-f1ddd2c elementor-widget elementor-widget-image\" data-id=\"f1ddd2c\" data-element_type=\"widget\" data-widget_type=\"image.default\">\n\t\t\t\t<div class=\"elementor-widget-container\">\n\t\t\t\t\t\t\t\t\t\t\t\t\t<img loading=\"lazy\" decoding=\"async\" width=\"600\" height=\"600\" src=\"https:\/\/nmevents.se\/atervinningsgalan\/wp-content\/uploads\/sites\/69\/2026\/03\/AG_kontakt_SofiaWaldell.jpg\" class=\"attachment-full size-full wp-image-4571\" alt=\"\" srcset=\"https:\/\/nmevents.se\/atervinningsgalan\/wp-content\/uploads\/sites\/69\/2026\/03\/AG_kontakt_SofiaWaldell.jpg 600w, https:\/\/nmevents.se\/atervinningsgalan\/wp-content\/uploads\/sites\/69\/2026\/03\/AG_kontakt_SofiaWaldell-300x300.jpg 300w, https:\/\/nmevents.se\/atervinningsgalan\/wp-content\/uploads\/sites\/69\/2026\/03\/AG_kontakt_SofiaWaldell-150x150.jpg 150w\" sizes=\"(max-width: 600px) 100vw, 600px\" \/>\t\t\t\t\t\t\t\t\t\t\t\t\t<\/div>\n\t\t\t\t<\/div>\n\t\t<div class=\"elementor-element elementor-element-0de397a e-con-full e-flex e-con e-child\" data-id=\"0de397a\" data-element_type=\"container\">\n\t\t\t\t<div class=\"elementor-element elementor-element-f9bfcc0 elementor-widget elementor-widget-heading\" data-id=\"f9bfcc0\" data-element_type=\"widget\" data-widget_type=\"heading.default\">\n\t\t\t\t<div class=\"elementor-widget-container\">\n\t\t\t<h5 class=\"elementor-heading-title elementor-size-default\">Sofia Waldell<\/h5>\t\t<\/div>\n\t\t\t\t<\/div>\n\t\t\t\t<div class=\"elementor-element elementor-element-23e515a elementor-widget elementor-widget-text-editor\" data-id=\"23e515a\" data-element_type=\"widget\" data-widget_type=\"text-editor.default\">\n\t\t\t\t<div class=\"elementor-widget-container\">\n\t\t\t\t\t\t\t<p>Medias\u00e4ljare<br class=\"\" \/>073-640 80 35<br \/>sofia.waldell@nordiskemedier.se<\/p>\t\t\t\t\t\t<\/div>\n\t\t\t\t<\/div>\n\t\t\t\t<\/div>\n\t\t\t\t<\/div>\n\t\t\t\t\t<\/div>\n\t\t\t\t<\/div>\n\t\t\t\t\t<\/div>\n\t\t\t\t<\/div>\n\t\t<div class=\"elementor-element elementor-element-5717607 e-flex e-con-boxed e-con e-parent\" data-id=\"5717607\" data-element_type=\"container\" data-core-v316-plus=\"true\">\n\t\t\t\t\t<div class=\"e-con-inner\">\n\t\t\t\t<div class=\"elementor-element elementor-element-09f9762 elementor-widget elementor-widget-spacer\" data-id=\"09f9762\" data-element_type=\"widget\" data-widget_type=\"spacer.default\">\n\t\t\t\t<div class=\"elementor-widget-container\">\n\t\t\t\t\t<div class=\"elementor-spacer\">\n\t\t\t<div class=\"elementor-spacer-inner\"><\/div>\n\t\t<\/div>\n\t\t\t\t<\/div>\n\t\t\t\t<\/div>\n\t\t\t\t\t<\/div>\n\t\t\t\t<\/div>\n\t\t\t\t<\/div>\n\t\t","protected":false},"excerpt":{"rendered":"<p>Peter Olofsson Chefredakt\u00f6r070-833 54 86peter.olofsson@nordiskemedier.se Josefine Rydstedt Projektledare\u00a0070-171 61 79josefine.rydstedt@nordiskemedier.se Jerker Evaldsson F\u00f6rs\u00e4ljningschef070-975 99 40jerker.evaldsson@nordiskemedier.se Sofia Waldell Medias\u00e4ljare073-640 80 35sofia.waldell@nordiskemedier.se<\/p>\n","protected":false},"author":1,"featured_media":0,"parent":0,"menu_order":0,"comment_status":"closed","ping_status":"closed","template":"elementor_header_footer","meta":{"_acf_changed":false,"inline_featured_image":false,"footnotes":""},"acf":[],"_links":{"self":[{"href":"https:\/\/nmevents.se\/atervinningsgalan\/wp-json\/wp\/v2\/pages\/17"}],"collection":[{"href":"https:\/\/nmevents.se\/atervinningsgalan\/wp-json\/wp\/v2\/pages"}],"about":[{"href":"https:\/\/nmevents.se\/atervinningsgalan\/wp-json\/wp\/v2\/types\/page"}],"author":[{"embeddable":true,"href":"https:\/\/nmevents.se\/atervinningsgalan\/wp-json\/wp\/v2\/users\/1"}],"replies":[{"embeddable":true,"href":"https:\/\/nmevents.se\/atervinningsgalan\/wp-json\/wp\/v2\/comments?post=17"}],"version-history":[{"count":22,"href":"https:\/\/nmevents.se\/atervinningsgalan\/wp-json\/wp\/v2\/pages\/17\/revisions"}],"predecessor-version":[{"id":4575,"href":"https:\/\/nmevents.se\/atervinningsgalan\/wp-json\/wp\/v2\/pages\/17\/revisions\/4575"}],"wp:attachment":[{"href":"https:\/\/nmevents.se\/atervinningsgalan\/wp-json\/wp\/v2\/media?parent=17"}],"curies":[{"name":"wp","href":"https:\/\/api.w.org\/{rel}","templated":true}]}}