{"id":201,"date":"2023-11-08T13:46:21","date_gmt":"2023-11-08T11:46:21","guid":{"rendered":"https:\/\/eventdk.nordiske-medier.dk\/atervinningsgalan\/?page_id=201"},"modified":"2026-01-29T13:14:17","modified_gmt":"2026-01-29T12:14:17","slug":"om-oss","status":"publish","type":"page","link":"https:\/\/nmevents.se\/atervinningsgalan\/om-oss\/","title":{"rendered":"Om oss"},"content":{"rendered":"\t\t<div data-elementor-type=\"wp-page\" data-elementor-id=\"201\" class=\"elementor elementor-201\" data-elementor-post-type=\"page\">\n\t\t\t\t<div class=\"elementor-element elementor-element-6162fca e-flex e-con-boxed e-con e-parent\" data-id=\"6162fca\" data-element_type=\"container\" data-core-v316-plus=\"true\">\n\t\t\t\t\t<div class=\"e-con-inner\">\n\t\t\t\t<div class=\"elementor-element elementor-element-b534818 elementor-widget elementor-widget-spacer\" data-id=\"b534818\" data-element_type=\"widget\" data-widget_type=\"spacer.default\">\n\t\t\t\t<div class=\"elementor-widget-container\">\n\t\t\t<style>\/*! elementor - v3.20.0 - 20-03-2024 *\/\n.elementor-column .elementor-spacer-inner{height:var(--spacer-size)}.e-con{--container-widget-width:100%}.e-con-inner>.elementor-widget-spacer,.e-con>.elementor-widget-spacer{width:var(--container-widget-width,var(--spacer-size));--align-self:var(--container-widget-align-self,initial);--flex-shrink:0}.e-con-inner>.elementor-widget-spacer>.elementor-widget-container,.e-con>.elementor-widget-spacer>.elementor-widget-container{height:100%;width:100%}.e-con-inner>.elementor-widget-spacer>.elementor-widget-container>.elementor-spacer,.e-con>.elementor-widget-spacer>.elementor-widget-container>.elementor-spacer{height:100%}.e-con-inner>.elementor-widget-spacer>.elementor-widget-container>.elementor-spacer>.elementor-spacer-inner,.e-con>.elementor-widget-spacer>.elementor-widget-container>.elementor-spacer>.elementor-spacer-inner{height:var(--container-widget-height,var(--spacer-size))}.e-con-inner>.elementor-widget-spacer.elementor-widget-empty,.e-con>.elementor-widget-spacer.elementor-widget-empty{position:relative;min-height:22px;min-width:22px}.e-con-inner>.elementor-widget-spacer.elementor-widget-empty .elementor-widget-empty-icon,.e-con>.elementor-widget-spacer.elementor-widget-empty .elementor-widget-empty-icon{position:absolute;top:0;bottom:0;left:0;right:0;margin:auto;padding:0;width:22px;height:22px}<\/style>\t\t<div class=\"elementor-spacer\">\n\t\t\t<div class=\"elementor-spacer-inner\"><\/div>\n\t\t<\/div>\n\t\t\t\t<\/div>\n\t\t\t\t<\/div>\n\t\t\t\t\t<\/div>\n\t\t\t\t<\/div>\n\t\t<div class=\"elementor-element elementor-element-8c133ac e-flex e-con-boxed e-con e-parent\" data-id=\"8c133ac\" data-element_type=\"container\" data-core-v316-plus=\"true\">\n\t\t\t\t\t<div class=\"e-con-inner\">\n\t\t<div class=\"elementor-element elementor-element-9cd82e9 e-con-full e-flex e-con e-child\" data-id=\"9cd82e9\" data-element_type=\"container\">\n\t\t\t\t<div class=\"elementor-element elementor-element-031f6e2 elementor-widget elementor-widget-text-editor\" data-id=\"031f6e2\" data-element_type=\"widget\" data-widget_type=\"text-editor.default\">\n\t\t\t\t<div class=\"elementor-widget-container\">\n\t\t\t<style>\/*! elementor - v3.20.0 - 20-03-2024 *\/\n.elementor-widget-text-editor.elementor-drop-cap-view-stacked .elementor-drop-cap{background-color:#69727d;color:#fff}.elementor-widget-text-editor.elementor-drop-cap-view-framed .elementor-drop-cap{color:#69727d;border:3px solid;background-color:transparent}.elementor-widget-text-editor:not(.elementor-drop-cap-view-default) .elementor-drop-cap{margin-top:8px}.elementor-widget-text-editor:not(.elementor-drop-cap-view-default) .elementor-drop-cap-letter{width:1em;height:1em}.elementor-widget-text-editor .elementor-drop-cap{float:left;text-align:center;line-height:1;font-size:50px}.elementor-widget-text-editor .elementor-drop-cap-letter{display:inline-block}<\/style>\t\t\t\t<p>2026 med Recycling<\/p>\t\t\t\t\t\t<\/div>\n\t\t\t\t<\/div>\n\t\t\t\t<div class=\"elementor-element elementor-element-d347909 elementor-widget elementor-widget-text-editor\" data-id=\"d347909\" data-element_type=\"widget\" data-widget_type=\"text-editor.default\">\n\t\t\t\t<div class=\"elementor-widget-container\">\n\t\t\t\t\t\t\t<p>Recycling, landets ledande tidskrift inom avfallshantering, \u00e5tervinning och cirkul\u00e4r ekonomi, kommer under 2026 ut med sex tryckta utg\u00e5vor. I till\u00e4gg till det publicerar vi dagligen nyheter kring avfall, \u00e5tervinning och cirkul\u00e4r ekonomi p\u00e5<strong>\u00a0<a href=\"https:\/\/www.recyclingnet.se\/\" target=\"_blank\" rel=\"noopener\">recyclingnet.se<\/a>.<\/strong>\u00a0Dessutom, tv\u00e5 g\u00e5nger i veckan skickar vi v\u00e5rt nyhetsbrev till drygt 6600 mottagare i branschen.<\/p><p>Recycling \u00e4r inte bara en leverant\u00f6r av branschnyheter i form av tidningar, webbportal och nyhetsbrev, utan vi \u00e4r \u00e4ven arrang\u00f6r av ett antal uppskattade \u00e5rliga event.<\/p>\t\t\t\t\t\t<\/div>\n\t\t\t\t<\/div>\n\t\t\t\t<div class=\"elementor-element elementor-element-b141a0c elementor-widget elementor-widget-button\" data-id=\"b141a0c\" data-element_type=\"widget\" data-widget_type=\"button.default\">\n\t\t\t\t<div class=\"elementor-widget-container\">\n\t\t\t\t\t<div class=\"elementor-button-wrapper\">\n\t\t\t<a class=\"elementor-button elementor-button-link elementor-size-sm\" href=\"https:\/\/www.recyclingnet.se\/\" target=\"_blank\">\n\t\t\t\t\t\t<span class=\"elementor-button-content-wrapper\">\n\t\t\t\t\t\t<span class=\"elementor-button-text\">Bes\u00f6k v\u00e5r webbsida h\u00e4r<\/span>\n\t\t<\/span>\n\t\t\t\t\t<\/a>\n\t\t<\/div>\n\t\t\t\t<\/div>\n\t\t\t\t<\/div>\n\t\t\t\t<\/div>\n\t\t<div class=\"elementor-element elementor-element-8cfd81d e-con-full e-flex e-con e-child\" data-id=\"8cfd81d\" data-element_type=\"container\">\n\t\t\t\t<div class=\"elementor-element elementor-element-eb64c1a elementor-widget elementor-widget-image\" data-id=\"eb64c1a\" data-element_type=\"widget\" data-widget_type=\"image.default\">\n\t\t\t\t<div class=\"elementor-widget-container\">\n\t\t\t<style>\/*! elementor - v3.20.0 - 20-03-2024 *\/\n.elementor-widget-image{text-align:center}.elementor-widget-image a{display:inline-block}.elementor-widget-image a img[src$=\".svg\"]{width:48px}.elementor-widget-image img{vertical-align:middle;display:inline-block}<\/style>\t\t\t\t\t\t\t\t\t\t<img fetchpriority=\"high\" decoding=\"async\" width=\"666\" height=\"561\" src=\"https:\/\/nmevents.se\/atervinningsgalan\/wp-content\/uploads\/sites\/69\/2025\/05\/Tidningskollage.png\" class=\"attachment-full size-full wp-image-3023\" alt=\"\" srcset=\"https:\/\/nmevents.se\/atervinningsgalan\/wp-content\/uploads\/sites\/69\/2025\/05\/Tidningskollage.png 666w, https:\/\/nmevents.se\/atervinningsgalan\/wp-content\/uploads\/sites\/69\/2025\/05\/Tidningskollage-300x253.png 300w\" sizes=\"(max-width: 666px) 100vw, 666px\" \/>\t\t\t\t\t\t\t\t\t\t\t\t\t<\/div>\n\t\t\t\t<\/div>\n\t\t\t\t<\/div>\n\t\t\t\t\t<\/div>\n\t\t\t\t<\/div>\n\t\t<div class=\"elementor-element elementor-element-329ecbe e-flex e-con-boxed e-con e-parent\" data-id=\"329ecbe\" data-element_type=\"container\" data-settings=\"{&quot;background_background&quot;:&quot;gradient&quot;}\" data-core-v316-plus=\"true\">\n\t\t\t\t\t<div class=\"e-con-inner\">\n\t\t\t\t<div class=\"elementor-element elementor-element-3f1446d elementor-widget elementor-widget-text-editor\" data-id=\"3f1446d\" data-element_type=\"widget\" data-widget_type=\"text-editor.default\">\n\t\t\t\t<div class=\"elementor-widget-container\">\n\t\t\t\t\t\t\t<p>V\u00e5ra event<\/p>\t\t\t\t\t\t<\/div>\n\t\t\t\t<\/div>\n\t\t\t\t\t<\/div>\n\t\t\t\t<\/div>\n\t\t<div class=\"elementor-element elementor-element-1467f11 e-flex e-con-boxed e-con e-parent\" data-id=\"1467f11\" data-element_type=\"container\" data-core-v316-plus=\"true\">\n\t\t\t\t\t<div class=\"e-con-inner\">\n\t\t\t\t<div class=\"elementor-element elementor-element-3fc260c elementor-widget elementor-widget-spacer\" data-id=\"3fc260c\" data-element_type=\"widget\" data-widget_type=\"spacer.default\">\n\t\t\t\t<div class=\"elementor-widget-container\">\n\t\t\t\t\t<div class=\"elementor-spacer\">\n\t\t\t<div class=\"elementor-spacer-inner\"><\/div>\n\t\t<\/div>\n\t\t\t\t<\/div>\n\t\t\t\t<\/div>\n\t\t\t\t\t<\/div>\n\t\t\t\t<\/div>\n\t\t<div class=\"elementor-element elementor-element-47e9b1a e-flex e-con-boxed e-con e-parent\" data-id=\"47e9b1a\" data-element_type=\"container\" data-core-v316-plus=\"true\">\n\t\t\t\t\t<div class=\"e-con-inner\">\n\t\t<div class=\"elementor-element elementor-element-c029b11 e-con-full e-flex e-con e-child\" data-id=\"c029b11\" data-element_type=\"container\">\n\t\t\t\t<div class=\"elementor-element elementor-element-f15e48e elementor-widget elementor-widget-text-editor\" data-id=\"f15e48e\" data-element_type=\"widget\" data-widget_type=\"text-editor.default\">\n\t\t\t\t<div class=\"elementor-widget-container\">\n\t\t\t\t\t\t\t<p>Recycling Cup\u00a0<\/p>\t\t\t\t\t\t<\/div>\n\t\t\t\t<\/div>\n\t\t\t\t<div class=\"elementor-element elementor-element-4ca10ef elementor-widget elementor-widget-text-editor\" data-id=\"4ca10ef\" data-element_type=\"widget\" data-widget_type=\"text-editor.default\">\n\t\t\t\t<div class=\"elementor-widget-container\">\n\t\t\t\t\t\t\t<p>Recycling Cup \u00e4r \u00e5tervinningsbranschens \u00e4ldsta och mest prestigefyllda golft\u00e4vling. I \u00e5r arrangerar vi evegemanget den 27 augusti p\u00e5 Ombergs golf resort.\u00a0 Under denna dag \u00e4r det spel, mingel och n\u00e4tverk som st\u00e5r i fokus, detta under avslappnade och trevliga former. P\u00e5 Recycling Cup tr\u00e4ffar du nya kunder, dina nuvarande kunder och dina branschkollegor.<\/p>\t\t\t\t\t\t<\/div>\n\t\t\t\t<\/div>\n\t\t\t\t<div class=\"elementor-element elementor-element-aa7ad39 elementor-widget elementor-widget-button\" data-id=\"aa7ad39\" data-element_type=\"widget\" data-widget_type=\"button.default\">\n\t\t\t\t<div class=\"elementor-widget-container\">\n\t\t\t\t\t<div class=\"elementor-button-wrapper\">\n\t\t\t<a class=\"elementor-button elementor-button-link elementor-size-sm\" href=\"https:\/\/nmevents.se\/recyclingcup\/\" target=\"_blank\">\n\t\t\t\t\t\t<span class=\"elementor-button-content-wrapper\">\n\t\t\t\t\t\t<span class=\"elementor-button-text\">F\u00f6r mer info & anm\u00e4lan<\/span>\n\t\t<\/span>\n\t\t\t\t\t<\/a>\n\t\t<\/div>\n\t\t\t\t<\/div>\n\t\t\t\t<\/div>\n\t\t\t\t<\/div>\n\t\t<div class=\"elementor-element elementor-element-7be462f e-con-full e-flex e-con e-child\" data-id=\"7be462f\" data-element_type=\"container\">\n\t\t\t\t<div class=\"elementor-element elementor-element-f62acc2 elementor-widget elementor-widget-text-editor\" data-id=\"f62acc2\" data-element_type=\"widget\" data-widget_type=\"text-editor.default\">\n\t\t\t\t<div class=\"elementor-widget-container\">\n\t\t\t\t\t\t\t<p>Recyclingdagen x 2<\/p>\t\t\t\t\t\t<\/div>\n\t\t\t\t<\/div>\n\t\t\t\t<div class=\"elementor-element elementor-element-925dac3 elementor-widget elementor-widget-text-editor\" data-id=\"925dac3\" data-element_type=\"widget\" data-widget_type=\"text-editor.default\">\n\t\t\t\t<div class=\"elementor-widget-container\">\n\t\t\t\t\t\t\t<p>Recyclingdagarna bjuder p\u00e5 ett aktuellt och spetsigt seminarieprogram d\u00e4r vi utforskar s\u00e5v\u00e4l utmaningar som m\u00f6jligheter i \u00f6verg\u00e5ngen till en cirkul\u00e4r ekonomi. Tillsammans tittar vi n\u00e4rmare p\u00e5 innovativa metoder, teknikl\u00f6sningar och samverkan som kr\u00e4vs f\u00f6r att skapa verklig f\u00f6r\u00e4ndring. I \u00e5r arrangerar vi evenemangen p\u00e5 Life city i Stockholm den 23 april &amp; p\u00e5 Helsingborgs arena den 22 oktober.<\/p>\t\t\t\t\t\t<\/div>\n\t\t\t\t<\/div>\n\t\t\t\t<div class=\"elementor-element elementor-element-ef8acb2 elementor-widget elementor-widget-button\" data-id=\"ef8acb2\" data-element_type=\"widget\" data-widget_type=\"button.default\">\n\t\t\t\t<div class=\"elementor-widget-container\">\n\t\t\t\t\t<div class=\"elementor-button-wrapper\">\n\t\t\t<a class=\"elementor-button elementor-button-link elementor-size-sm\" href=\"https:\/\/nmevents.se\/recyclingdagen\/helsingborg\/\" target=\"_blank\">\n\t\t\t\t\t\t<span class=\"elementor-button-content-wrapper\">\n\t\t\t\t\t\t<span class=\"elementor-button-text\">F\u00f6r mer info & anm\u00e4lan<\/span>\n\t\t<\/span>\n\t\t\t\t\t<\/a>\n\t\t<\/div>\n\t\t\t\t<\/div>\n\t\t\t\t<\/div>\n\t\t\t\t<\/div>\n\t\t\t\t\t<\/div>\n\t\t\t\t<\/div>\n\t\t<div class=\"elementor-element elementor-element-0010350 e-flex e-con-boxed e-con e-parent\" data-id=\"0010350\" data-element_type=\"container\" data-core-v316-plus=\"true\">\n\t\t\t\t\t<div class=\"e-con-inner\">\n\t\t\t\t<div class=\"elementor-element elementor-element-0eaced9 elementor-widget elementor-widget-spacer\" data-id=\"0eaced9\" data-element_type=\"widget\" data-widget_type=\"spacer.default\">\n\t\t\t\t<div class=\"elementor-widget-container\">\n\t\t\t\t\t<div class=\"elementor-spacer\">\n\t\t\t<div class=\"elementor-spacer-inner\"><\/div>\n\t\t<\/div>\n\t\t\t\t<\/div>\n\t\t\t\t<\/div>\n\t\t\t\t\t<\/div>\n\t\t\t\t<\/div>\n\t\t<div class=\"elementor-element elementor-element-10522a8 e-flex e-con-boxed e-con e-child\" data-id=\"10522a8\" data-element_type=\"container\">\n\t\t\t\t\t<div class=\"e-con-inner\">\n\t\t\t\t<div class=\"elementor-element elementor-element-581e05c elementor-widget elementor-widget-video\" data-id=\"581e05c\" data-element_type=\"widget\" data-settings=\"{&quot;youtube_url&quot;:&quot;https:\\\/\\\/youtu.be\\\/j0LqxumJ3SU?si=HywMdWZTtuajUKCY&quot;,&quot;video_type&quot;:&quot;youtube&quot;,&quot;controls&quot;:&quot;yes&quot;}\" data-widget_type=\"video.default\">\n\t\t\t\t<div class=\"elementor-widget-container\">\n\t\t\t<style>\/*! elementor - v3.20.0 - 20-03-2024 *\/\n.elementor-widget-video .elementor-widget-container{overflow:hidden;transform:translateZ(0)}.elementor-widget-video .elementor-wrapper{aspect-ratio:var(--video-aspect-ratio)}.elementor-widget-video .elementor-wrapper iframe,.elementor-widget-video .elementor-wrapper video{height:100%;width:100%;display:flex;border:none;background-color:#000}@supports not (aspect-ratio:1\/1){.elementor-widget-video .elementor-wrapper{position:relative;overflow:hidden;height:0;padding-bottom:calc(100% \/ var(--video-aspect-ratio))}.elementor-widget-video .elementor-wrapper iframe,.elementor-widget-video .elementor-wrapper video{position:absolute;top:0;right:0;bottom:0;left:0}}.elementor-widget-video .elementor-open-inline .elementor-custom-embed-image-overlay{position:absolute;top:0;right:0;bottom:0;left:0;background-size:cover;background-position:50%}.elementor-widget-video .elementor-custom-embed-image-overlay{cursor:pointer;text-align:center}.elementor-widget-video .elementor-custom-embed-image-overlay:hover .elementor-custom-embed-play i{opacity:1}.elementor-widget-video .elementor-custom-embed-image-overlay img{display:block;width:100%;aspect-ratio:var(--video-aspect-ratio);-o-object-fit:cover;object-fit:cover;-o-object-position:center center;object-position:center center}@supports not (aspect-ratio:1\/1){.elementor-widget-video .elementor-custom-embed-image-overlay{position:relative;overflow:hidden;height:0;padding-bottom:calc(100% \/ var(--video-aspect-ratio))}.elementor-widget-video .elementor-custom-embed-image-overlay img{position:absolute;top:0;right:0;bottom:0;left:0}}.elementor-widget-video .e-hosted-video .elementor-video{-o-object-fit:cover;object-fit:cover}.e-con-inner>.elementor-widget-video,.e-con>.elementor-widget-video{width:var(--container-widget-width);--flex-grow:var(--container-widget-flex-grow)}<\/style>\t\t<div class=\"elementor-wrapper elementor-open-inline\">\n\t\t\t<div class=\"elementor-video\"><\/div>\t\t<\/div>\n\t\t\t\t<\/div>\n\t\t\t\t<\/div>\n\t\t\t\t\t<\/div>\n\t\t\t\t<\/div>\n\t\t<div class=\"elementor-element elementor-element-2d44878 e-flex e-con-boxed e-con e-parent\" data-id=\"2d44878\" data-element_type=\"container\" data-core-v316-plus=\"true\">\n\t\t\t\t\t<div class=\"e-con-inner\">\n\t\t\t\t<div class=\"elementor-element elementor-element-9657bd7 elementor-widget elementor-widget-spacer\" data-id=\"9657bd7\" data-element_type=\"widget\" data-widget_type=\"spacer.default\">\n\t\t\t\t<div class=\"elementor-widget-container\">\n\t\t\t\t\t<div class=\"elementor-spacer\">\n\t\t\t<div class=\"elementor-spacer-inner\"><\/div>\n\t\t<\/div>\n\t\t\t\t<\/div>\n\t\t\t\t<\/div>\n\t\t\t\t\t<\/div>\n\t\t\t\t<\/div>\n\t\t\t\t<\/div>\n\t\t","protected":false},"excerpt":{"rendered":"<p>2026 med Recycling Recycling, landets ledande tidskrift inom avfallshantering, \u00e5tervinning och cirkul\u00e4r ekonomi, kommer under 2026 ut med sex tryckta utg\u00e5vor. I till\u00e4gg till det publicerar vi dagligen nyheter kring avfall, \u00e5tervinning och cirkul\u00e4r ekonomi p\u00e5\u00a0recyclingnet.se.\u00a0Dessutom, tv\u00e5 g\u00e5nger i veckan skickar vi v\u00e5rt nyhetsbrev till drygt 6600 mottagare i branschen. Recycling \u00e4r inte bara en [&hellip;]<\/p>\n","protected":false},"author":1,"featured_media":0,"parent":0,"menu_order":0,"comment_status":"closed","ping_status":"closed","template":"elementor_header_footer","meta":{"_acf_changed":false,"inline_featured_image":false,"footnotes":""},"acf":[],"_links":{"self":[{"href":"https:\/\/nmevents.se\/atervinningsgalan\/wp-json\/wp\/v2\/pages\/201"}],"collection":[{"href":"https:\/\/nmevents.se\/atervinningsgalan\/wp-json\/wp\/v2\/pages"}],"about":[{"href":"https:\/\/nmevents.se\/atervinningsgalan\/wp-json\/wp\/v2\/types\/page"}],"author":[{"embeddable":true,"href":"https:\/\/nmevents.se\/atervinningsgalan\/wp-json\/wp\/v2\/users\/1"}],"replies":[{"embeddable":true,"href":"https:\/\/nmevents.se\/atervinningsgalan\/wp-json\/wp\/v2\/comments?post=201"}],"version-history":[{"count":59,"href":"https:\/\/nmevents.se\/atervinningsgalan\/wp-json\/wp\/v2\/pages\/201\/revisions"}],"predecessor-version":[{"id":4497,"href":"https:\/\/nmevents.se\/atervinningsgalan\/wp-json\/wp\/v2\/pages\/201\/revisions\/4497"}],"wp:attachment":[{"href":"https:\/\/nmevents.se\/atervinningsgalan\/wp-json\/wp\/v2\/media?parent=201"}],"curies":[{"name":"wp","href":"https:\/\/api.w.org\/{rel}","templated":true}]}}