{"id":3000,"date":"2025-05-06T14:29:54","date_gmt":"2025-05-06T12:29:54","guid":{"rendered":"https:\/\/nmevents.se\/atervinningsgalan2\/?page_id=3000"},"modified":"2025-06-23T14:43:41","modified_gmt":"2025-06-23T12:43:41","slug":"jury","status":"publish","type":"page","link":"https:\/\/nmevents.se\/atervinningsgalan\/jury\/","title":{"rendered":"Jury"},"content":{"rendered":"\t\t<div data-elementor-type=\"wp-page\" data-elementor-id=\"3000\" class=\"elementor elementor-3000\" data-elementor-post-type=\"page\">\n\t\t\t\t<div class=\"elementor-element elementor-element-1f69329 e-flex e-con-boxed e-con e-parent\" data-id=\"1f69329\" data-element_type=\"container\" data-core-v316-plus=\"true\">\n\t\t\t\t\t<div class=\"e-con-inner\">\n\t\t\t\t<div class=\"elementor-element elementor-element-3a2ed73 elementor-widget elementor-widget-spacer\" data-id=\"3a2ed73\" data-element_type=\"widget\" data-widget_type=\"spacer.default\">\n\t\t\t\t<div class=\"elementor-widget-container\">\n\t\t\t<style>\/*! elementor - v3.20.0 - 20-03-2024 *\/\n.elementor-column .elementor-spacer-inner{height:var(--spacer-size)}.e-con{--container-widget-width:100%}.e-con-inner>.elementor-widget-spacer,.e-con>.elementor-widget-spacer{width:var(--container-widget-width,var(--spacer-size));--align-self:var(--container-widget-align-self,initial);--flex-shrink:0}.e-con-inner>.elementor-widget-spacer>.elementor-widget-container,.e-con>.elementor-widget-spacer>.elementor-widget-container{height:100%;width:100%}.e-con-inner>.elementor-widget-spacer>.elementor-widget-container>.elementor-spacer,.e-con>.elementor-widget-spacer>.elementor-widget-container>.elementor-spacer{height:100%}.e-con-inner>.elementor-widget-spacer>.elementor-widget-container>.elementor-spacer>.elementor-spacer-inner,.e-con>.elementor-widget-spacer>.elementor-widget-container>.elementor-spacer>.elementor-spacer-inner{height:var(--container-widget-height,var(--spacer-size))}.e-con-inner>.elementor-widget-spacer.elementor-widget-empty,.e-con>.elementor-widget-spacer.elementor-widget-empty{position:relative;min-height:22px;min-width:22px}.e-con-inner>.elementor-widget-spacer.elementor-widget-empty .elementor-widget-empty-icon,.e-con>.elementor-widget-spacer.elementor-widget-empty .elementor-widget-empty-icon{position:absolute;top:0;bottom:0;left:0;right:0;margin:auto;padding:0;width:22px;height:22px}<\/style>\t\t<div class=\"elementor-spacer\">\n\t\t\t<div class=\"elementor-spacer-inner\"><\/div>\n\t\t<\/div>\n\t\t\t\t<\/div>\n\t\t\t\t<\/div>\n\t\t\t\t\t<\/div>\n\t\t\t\t<\/div>\n\t\t<div class=\"elementor-element elementor-element-0a672f9 e-flex e-con-boxed e-con e-parent\" data-id=\"0a672f9\" data-element_type=\"container\" data-core-v316-plus=\"true\">\n\t\t\t\t\t<div class=\"e-con-inner\">\n\t\t<div class=\"elementor-element elementor-element-361b458 e-con-full e-flex e-con e-child\" data-id=\"361b458\" data-element_type=\"container\">\n\t\t\t\t<div class=\"elementor-element elementor-element-5c0edcc elementor-widget elementor-widget-text-editor\" data-id=\"5c0edcc\" data-element_type=\"widget\" data-widget_type=\"text-editor.default\">\n\t\t\t\t<div class=\"elementor-widget-container\">\n\t\t\t<style>\/*! elementor - v3.20.0 - 20-03-2024 *\/\n.elementor-widget-text-editor.elementor-drop-cap-view-stacked .elementor-drop-cap{background-color:#69727d;color:#fff}.elementor-widget-text-editor.elementor-drop-cap-view-framed .elementor-drop-cap{color:#69727d;border:3px solid;background-color:transparent}.elementor-widget-text-editor:not(.elementor-drop-cap-view-default) .elementor-drop-cap{margin-top:8px}.elementor-widget-text-editor:not(.elementor-drop-cap-view-default) .elementor-drop-cap-letter{width:1em;height:1em}.elementor-widget-text-editor .elementor-drop-cap{float:left;text-align:center;line-height:1;font-size:50px}.elementor-widget-text-editor .elementor-drop-cap-letter{display:inline-block}<\/style>\t\t\t\t<p>M\u00f6t v\u00e5r jury<\/p>\t\t\t\t\t\t<\/div>\n\t\t\t\t<\/div>\n\t\t\t\t<div class=\"elementor-element elementor-element-099082c elementor-widget elementor-widget-text-editor\" data-id=\"099082c\" data-element_type=\"widget\" data-widget_type=\"text-editor.default\">\n\t\t\t\t<div class=\"elementor-widget-container\">\n\t\t\t\t\t\t\t<p>Juryn som bed\u00f6mer de nominerade bidragen till \u00c5tervinningsgalan best\u00e5r <br \/>av experter och namnkunniga fr\u00e5n avfalls- och \u00e5tervinningsbranschen.<\/p><p>Juryn har sammanlagt fem medlemmar och utser inledningsvis tre finalister till <br \/>varje kategori. D\u00e4refter utses en vinnare i varje kategori. Dessa avsl\u00f6jas p\u00e5 \u00c5tervinningsgalan den 3 december p\u00e5 Berns i centrala Stockholm.<\/p><p>L\u00e4s mer om v\u00e5ra jurymedlemmar nedan.<\/p>\t\t\t\t\t\t<\/div>\n\t\t\t\t<\/div>\n\t\t\t\t<\/div>\n\t\t<div class=\"elementor-element elementor-element-764e104 e-con-full e-flex e-con e-child\" data-id=\"764e104\" data-element_type=\"container\">\n\t\t\t\t<div class=\"elementor-element elementor-element-80a6b9f elementor-widget elementor-widget-image\" data-id=\"80a6b9f\" data-element_type=\"widget\" data-widget_type=\"image.default\">\n\t\t\t\t<div class=\"elementor-widget-container\">\n\t\t\t<style>\/*! elementor - v3.20.0 - 20-03-2024 *\/\n.elementor-widget-image{text-align:center}.elementor-widget-image a{display:inline-block}.elementor-widget-image a img[src$=\".svg\"]{width:48px}.elementor-widget-image img{vertical-align:middle;display:inline-block}<\/style>\t\t\t\t\t\t\t\t\t\t<img fetchpriority=\"high\" decoding=\"async\" width=\"768\" height=\"481\" src=\"https:\/\/nmevents.se\/atervinningsgalan\/wp-content\/uploads\/sites\/69\/2025\/05\/jury-768x481-1.png\" class=\"attachment-large size-large wp-image-3286\" alt=\"\" srcset=\"https:\/\/nmevents.se\/atervinningsgalan\/wp-content\/uploads\/sites\/69\/2025\/05\/jury-768x481-1.png 768w, https:\/\/nmevents.se\/atervinningsgalan\/wp-content\/uploads\/sites\/69\/2025\/05\/jury-768x481-1-300x188.png 300w\" sizes=\"(max-width: 768px) 100vw, 768px\" \/>\t\t\t\t\t\t\t\t\t\t\t\t\t<\/div>\n\t\t\t\t<\/div>\n\t\t\t\t<\/div>\n\t\t\t\t\t<\/div>\n\t\t\t\t<\/div>\n\t\t<div class=\"elementor-element elementor-element-3df6b40 e-flex e-con-boxed e-con e-parent\" data-id=\"3df6b40\" data-element_type=\"container\" data-core-v316-plus=\"true\">\n\t\t\t\t\t<div class=\"e-con-inner\">\n\t\t\t\t<div class=\"elementor-element elementor-element-d4c79ca elementor-widget elementor-widget-spacer\" data-id=\"d4c79ca\" data-element_type=\"widget\" data-widget_type=\"spacer.default\">\n\t\t\t\t<div class=\"elementor-widget-container\">\n\t\t\t\t\t<div class=\"elementor-spacer\">\n\t\t\t<div class=\"elementor-spacer-inner\"><\/div>\n\t\t<\/div>\n\t\t\t\t<\/div>\n\t\t\t\t<\/div>\n\t\t\t\t\t<\/div>\n\t\t\t\t<\/div>\n\t\t<div class=\"elementor-element elementor-element-da05a57 e-flex e-con-boxed e-con e-parent\" data-id=\"da05a57\" data-element_type=\"container\" data-settings=\"{&quot;background_background&quot;:&quot;gradient&quot;}\" data-core-v316-plus=\"true\">\n\t\t\t\t\t<div class=\"e-con-inner\">\n\t\t\t\t<div class=\"elementor-element elementor-element-d78f1d4 elementor-widget elementor-widget-text-editor\" data-id=\"d78f1d4\" data-element_type=\"widget\" data-widget_type=\"text-editor.default\">\n\t\t\t\t<div class=\"elementor-widget-container\">\n\t\t\t\t\t\t\t<p>Juryn best\u00e5r av:<\/p>\t\t\t\t\t\t<\/div>\n\t\t\t\t<\/div>\n\t\t\t\t\t<\/div>\n\t\t\t\t<\/div>\n\t\t<div class=\"elementor-element elementor-element-5fd0acd e-flex e-con-boxed e-con e-parent\" data-id=\"5fd0acd\" data-element_type=\"container\" data-core-v316-plus=\"true\">\n\t\t\t\t\t<div class=\"e-con-inner\">\n\t\t\t\t<div class=\"elementor-element elementor-element-bfe9ad5 elementor-widget elementor-widget-spacer\" data-id=\"bfe9ad5\" data-element_type=\"widget\" data-widget_type=\"spacer.default\">\n\t\t\t\t<div class=\"elementor-widget-container\">\n\t\t\t\t\t<div class=\"elementor-spacer\">\n\t\t\t<div class=\"elementor-spacer-inner\"><\/div>\n\t\t<\/div>\n\t\t\t\t<\/div>\n\t\t\t\t<\/div>\n\t\t\t\t\t<\/div>\n\t\t\t\t<\/div>\n\t\t<div class=\"elementor-element elementor-element-5b3d681 e-flex e-con-boxed e-con e-parent\" data-id=\"5b3d681\" data-element_type=\"container\" data-core-v316-plus=\"true\">\n\t\t\t\t\t<div class=\"e-con-inner\">\n\t\t<div class=\"elementor-element elementor-element-1004ad1 e-con-full e-flex e-con e-child\" data-id=\"1004ad1\" data-element_type=\"container\">\n\t\t\t\t<div class=\"elementor-element elementor-element-203f80d elementor-widget elementor-widget-image\" data-id=\"203f80d\" data-element_type=\"widget\" data-widget_type=\"image.default\">\n\t\t\t\t<div class=\"elementor-widget-container\">\n\t\t\t\t\t\t\t\t\t\t\t\t\t<img decoding=\"async\" width=\"800\" height=\"800\" src=\"https:\/\/nmevents.se\/atervinningsgalan\/wp-content\/uploads\/sites\/69\/2025\/05\/2eqj9o45461m8wqb-1024x1024.png\" class=\"attachment-large size-large wp-image-3011\" alt=\"\" srcset=\"https:\/\/nmevents.se\/atervinningsgalan\/wp-content\/uploads\/sites\/69\/2025\/05\/2eqj9o45461m8wqb-1024x1024.png 1024w, https:\/\/nmevents.se\/atervinningsgalan\/wp-content\/uploads\/sites\/69\/2025\/05\/2eqj9o45461m8wqb-300x300.png 300w, https:\/\/nmevents.se\/atervinningsgalan\/wp-content\/uploads\/sites\/69\/2025\/05\/2eqj9o45461m8wqb-150x150.png 150w, https:\/\/nmevents.se\/atervinningsgalan\/wp-content\/uploads\/sites\/69\/2025\/05\/2eqj9o45461m8wqb-768x768.png 768w, https:\/\/nmevents.se\/atervinningsgalan\/wp-content\/uploads\/sites\/69\/2025\/05\/2eqj9o45461m8wqb-1536x1536.png 1536w, https:\/\/nmevents.se\/atervinningsgalan\/wp-content\/uploads\/sites\/69\/2025\/05\/2eqj9o45461m8wqb-2048x2048.png 2048w\" sizes=\"(max-width: 800px) 100vw, 800px\" \/>\t\t\t\t\t\t\t\t\t\t\t\t\t<\/div>\n\t\t\t\t<\/div>\n\t\t\t\t<div class=\"elementor-element elementor-element-53d410c elementor-widget elementor-widget-text-editor\" data-id=\"53d410c\" data-element_type=\"widget\" data-widget_type=\"text-editor.default\">\n\t\t\t\t<div class=\"elementor-widget-container\">\n\t\t\t\t\t\t\t<p><b class=\"\">Peter Olofsson<\/b>, chefredakt\u00f6r p\u00e5 Recycling &amp; Milj\u00f6teknik och juryns ordf\u00f6rande. Peter har arbetat med kommersiell fackpress i drygt trettio \u00e5r, p\u00e5 tidningar inom plast- och gummiomr\u00e5det samt industriellt underh\u00e5ll.<\/p>\t\t\t\t\t\t<\/div>\n\t\t\t\t<\/div>\n\t\t\t\t<\/div>\n\t\t<div class=\"elementor-element elementor-element-34d3128 e-con-full e-flex e-con e-child\" data-id=\"34d3128\" data-element_type=\"container\">\n\t\t\t\t<div class=\"elementor-element elementor-element-7a103c3 elementor-widget elementor-widget-image\" data-id=\"7a103c3\" data-element_type=\"widget\" data-widget_type=\"image.default\">\n\t\t\t\t<div class=\"elementor-widget-container\">\n\t\t\t\t\t\t\t\t\t\t\t\t\t<img decoding=\"async\" width=\"800\" height=\"800\" src=\"https:\/\/nmevents.se\/atervinningsgalan\/wp-content\/uploads\/sites\/69\/2025\/05\/25a4r105o8at3fdb-1024x1024.png\" class=\"attachment-large size-large wp-image-3014\" alt=\"\" srcset=\"https:\/\/nmevents.se\/atervinningsgalan\/wp-content\/uploads\/sites\/69\/2025\/05\/25a4r105o8at3fdb-1024x1024.png 1024w, https:\/\/nmevents.se\/atervinningsgalan\/wp-content\/uploads\/sites\/69\/2025\/05\/25a4r105o8at3fdb-300x300.png 300w, https:\/\/nmevents.se\/atervinningsgalan\/wp-content\/uploads\/sites\/69\/2025\/05\/25a4r105o8at3fdb-150x150.png 150w, https:\/\/nmevents.se\/atervinningsgalan\/wp-content\/uploads\/sites\/69\/2025\/05\/25a4r105o8at3fdb-768x768.png 768w, https:\/\/nmevents.se\/atervinningsgalan\/wp-content\/uploads\/sites\/69\/2025\/05\/25a4r105o8at3fdb-1536x1536.png 1536w, https:\/\/nmevents.se\/atervinningsgalan\/wp-content\/uploads\/sites\/69\/2025\/05\/25a4r105o8at3fdb-2048x2048.png 2048w\" sizes=\"(max-width: 800px) 100vw, 800px\" \/>\t\t\t\t\t\t\t\t\t\t\t\t\t<\/div>\n\t\t\t\t<\/div>\n\t\t\t\t<div class=\"elementor-element elementor-element-42e94a1 elementor-widget elementor-widget-text-editor\" data-id=\"42e94a1\" data-element_type=\"widget\" data-widget_type=\"text-editor.default\">\n\t\t\t\t<div class=\"elementor-widget-container\">\n\t\t\t\t\t\t\t<p><b class=\"\">Jan-Peter Bergkvist,\u00a0<\/b>vd f\u00f6r SleepWell AB. Jan-Peter \u00e4r h\u00e5llbarhetsr\u00e5dgivare, f\u00f6rel\u00e4sare och f\u00f6rfattare med bakgrund i bes\u00f6ksn\u00e4ringen. Idag driver han SleepWell.<\/p>\t\t\t\t\t\t<\/div>\n\t\t\t\t<\/div>\n\t\t\t\t<\/div>\n\t\t\t\t\t<\/div>\n\t\t\t\t<\/div>\n\t\t<div class=\"elementor-element elementor-element-5f8322c e-flex e-con-boxed e-con e-parent\" data-id=\"5f8322c\" data-element_type=\"container\" data-core-v316-plus=\"true\">\n\t\t\t\t\t<div class=\"e-con-inner\">\n\t\t\t\t<div class=\"elementor-element elementor-element-fb2d9c7 elementor-widget elementor-widget-spacer\" data-id=\"fb2d9c7\" data-element_type=\"widget\" data-widget_type=\"spacer.default\">\n\t\t\t\t<div class=\"elementor-widget-container\">\n\t\t\t\t\t<div class=\"elementor-spacer\">\n\t\t\t<div class=\"elementor-spacer-inner\"><\/div>\n\t\t<\/div>\n\t\t\t\t<\/div>\n\t\t\t\t<\/div>\n\t\t\t\t\t<\/div>\n\t\t\t\t<\/div>\n\t\t<div class=\"elementor-element elementor-element-a932e51 e-flex e-con-boxed e-con e-parent\" data-id=\"a932e51\" data-element_type=\"container\" data-core-v316-plus=\"true\">\n\t\t\t\t\t<div class=\"e-con-inner\">\n\t\t<div class=\"elementor-element elementor-element-209c2fd e-con-full e-flex e-con e-child\" data-id=\"209c2fd\" data-element_type=\"container\">\n\t\t\t\t<div class=\"elementor-element elementor-element-05a65d1 elementor-widget elementor-widget-image\" data-id=\"05a65d1\" data-element_type=\"widget\" data-widget_type=\"image.default\">\n\t\t\t\t<div class=\"elementor-widget-container\">\n\t\t\t\t\t\t\t\t\t\t\t\t\t<img loading=\"lazy\" decoding=\"async\" width=\"800\" height=\"800\" src=\"https:\/\/nmevents.se\/atervinningsgalan\/wp-content\/uploads\/sites\/69\/2025\/05\/2se21jr0qn91l87b-1024x1024.png\" class=\"attachment-large size-large wp-image-3012\" alt=\"\" srcset=\"https:\/\/nmevents.se\/atervinningsgalan\/wp-content\/uploads\/sites\/69\/2025\/05\/2se21jr0qn91l87b-1024x1024.png 1024w, https:\/\/nmevents.se\/atervinningsgalan\/wp-content\/uploads\/sites\/69\/2025\/05\/2se21jr0qn91l87b-300x300.png 300w, https:\/\/nmevents.se\/atervinningsgalan\/wp-content\/uploads\/sites\/69\/2025\/05\/2se21jr0qn91l87b-150x150.png 150w, https:\/\/nmevents.se\/atervinningsgalan\/wp-content\/uploads\/sites\/69\/2025\/05\/2se21jr0qn91l87b-768x768.png 768w, https:\/\/nmevents.se\/atervinningsgalan\/wp-content\/uploads\/sites\/69\/2025\/05\/2se21jr0qn91l87b-1536x1536.png 1536w, https:\/\/nmevents.se\/atervinningsgalan\/wp-content\/uploads\/sites\/69\/2025\/05\/2se21jr0qn91l87b-2048x2048.png 2048w\" sizes=\"(max-width: 800px) 100vw, 800px\" \/>\t\t\t\t\t\t\t\t\t\t\t\t\t<\/div>\n\t\t\t\t<\/div>\n\t\t\t\t<div class=\"elementor-element elementor-element-df5e5df elementor-widget elementor-widget-text-editor\" data-id=\"df5e5df\" data-element_type=\"widget\" data-widget_type=\"text-editor.default\">\n\t\t\t\t<div class=\"elementor-widget-container\">\n\t\t\t\t\t\t\t<p><b class=\"\">Jan-Olov Sundqvist,\u00a0<\/b>verksam vid IVL Svenska Milj\u00f6institutet och har arbetat med forskning, utveckling och konsultation inom avfalls- och \u00e5tervinningsomr\u00e5det i 47 \u00e5r.<\/p>\t\t\t\t\t\t<\/div>\n\t\t\t\t<\/div>\n\t\t\t\t<\/div>\n\t\t<div class=\"elementor-element elementor-element-66f0217 e-con-full e-flex e-con e-child\" data-id=\"66f0217\" data-element_type=\"container\">\n\t\t\t\t<div class=\"elementor-element elementor-element-781e458 elementor-widget elementor-widget-image\" data-id=\"781e458\" data-element_type=\"widget\" data-widget_type=\"image.default\">\n\t\t\t\t<div class=\"elementor-widget-container\">\n\t\t\t\t\t\t\t\t\t\t\t\t\t<img loading=\"lazy\" decoding=\"async\" width=\"800\" height=\"800\" src=\"https:\/\/nmevents.se\/atervinningsgalan\/wp-content\/uploads\/sites\/69\/2025\/05\/2bqn7tfvfu881fbb-1024x1024.png\" class=\"attachment-large size-large wp-image-3013\" alt=\"\" srcset=\"https:\/\/nmevents.se\/atervinningsgalan\/wp-content\/uploads\/sites\/69\/2025\/05\/2bqn7tfvfu881fbb-1024x1024.png 1024w, https:\/\/nmevents.se\/atervinningsgalan\/wp-content\/uploads\/sites\/69\/2025\/05\/2bqn7tfvfu881fbb-300x300.png 300w, https:\/\/nmevents.se\/atervinningsgalan\/wp-content\/uploads\/sites\/69\/2025\/05\/2bqn7tfvfu881fbb-150x150.png 150w, https:\/\/nmevents.se\/atervinningsgalan\/wp-content\/uploads\/sites\/69\/2025\/05\/2bqn7tfvfu881fbb-768x768.png 768w, https:\/\/nmevents.se\/atervinningsgalan\/wp-content\/uploads\/sites\/69\/2025\/05\/2bqn7tfvfu881fbb-1536x1536.png 1536w, https:\/\/nmevents.se\/atervinningsgalan\/wp-content\/uploads\/sites\/69\/2025\/05\/2bqn7tfvfu881fbb-2048x2048.png 2048w\" sizes=\"(max-width: 800px) 100vw, 800px\" \/>\t\t\t\t\t\t\t\t\t\t\t\t\t<\/div>\n\t\t\t\t<\/div>\n\t\t\t\t<div class=\"elementor-element elementor-element-48a62ea elementor-widget elementor-widget-text-editor\" data-id=\"48a62ea\" data-element_type=\"widget\" data-widget_type=\"text-editor.default\">\n\t\t\t\t<div class=\"elementor-widget-container\">\n\t\t\t\t\t\t\t<p><b class=\"\">Jon Nilsson Djerf,\u00a0<\/b>r\u00e5dgivare material\u00e5tervinning, insamling och transport vid branschorganisationen Avfall Sverige.<\/p>\t\t\t\t\t\t<\/div>\n\t\t\t\t<\/div>\n\t\t\t\t<\/div>\n\t\t<div class=\"elementor-element elementor-element-296d4e3 e-con-full e-flex e-con e-child\" data-id=\"296d4e3\" data-element_type=\"container\">\n\t\t\t\t<div class=\"elementor-element elementor-element-95ea1de elementor-widget elementor-widget-image\" data-id=\"95ea1de\" data-element_type=\"widget\" data-widget_type=\"image.default\">\n\t\t\t\t<div class=\"elementor-widget-container\">\n\t\t\t\t\t\t\t\t\t\t\t\t\t<img loading=\"lazy\" decoding=\"async\" width=\"800\" height=\"800\" src=\"https:\/\/nmevents.se\/atervinningsgalan\/wp-content\/uploads\/sites\/69\/2025\/05\/20x0cu1su7zoobbb.jpg\" class=\"attachment-large size-large wp-image-3019\" alt=\"\" srcset=\"https:\/\/nmevents.se\/atervinningsgalan\/wp-content\/uploads\/sites\/69\/2025\/05\/20x0cu1su7zoobbb.jpg 1000w, https:\/\/nmevents.se\/atervinningsgalan\/wp-content\/uploads\/sites\/69\/2025\/05\/20x0cu1su7zoobbb-300x300.jpg 300w, https:\/\/nmevents.se\/atervinningsgalan\/wp-content\/uploads\/sites\/69\/2025\/05\/20x0cu1su7zoobbb-150x150.jpg 150w, https:\/\/nmevents.se\/atervinningsgalan\/wp-content\/uploads\/sites\/69\/2025\/05\/20x0cu1su7zoobbb-768x768.jpg 768w\" sizes=\"(max-width: 800px) 100vw, 800px\" \/>\t\t\t\t\t\t\t\t\t\t\t\t\t<\/div>\n\t\t\t\t<\/div>\n\t\t\t\t<div class=\"elementor-element elementor-element-7b7ed18 elementor-widget elementor-widget-text-editor\" data-id=\"7b7ed18\" data-element_type=\"widget\" data-widget_type=\"text-editor.default\">\n\t\t\t\t<div class=\"elementor-widget-container\">\n\t\t\t\t\t\t\t<div class=\"col-xs-12 col-sm-3 fancyDiv\"><b class=\"\">Viveke Ihd, <\/b><span class=\"\">Viveke Ihd, tidigare vd, nu ordf\u00f6rande \u00c5tervinningsindustrierna och med erfarenhet fr\u00e5n bland annat Naturv\u00e5rdsverket och Ragn-Sells.<br \/><\/span><\/div>\t\t\t\t\t\t<\/div>\n\t\t\t\t<\/div>\n\t\t\t\t<\/div>\n\t\t\t\t\t<\/div>\n\t\t\t\t<\/div>\n\t\t<div class=\"elementor-element elementor-element-eb2f969 e-flex e-con-boxed e-con e-parent\" data-id=\"eb2f969\" data-element_type=\"container\" data-core-v316-plus=\"true\">\n\t\t\t\t\t<div class=\"e-con-inner\">\n\t\t\t\t<div class=\"elementor-element elementor-element-6ff02cb elementor-widget elementor-widget-spacer\" data-id=\"6ff02cb\" data-element_type=\"widget\" data-widget_type=\"spacer.default\">\n\t\t\t\t<div class=\"elementor-widget-container\">\n\t\t\t\t\t<div class=\"elementor-spacer\">\n\t\t\t<div class=\"elementor-spacer-inner\"><\/div>\n\t\t<\/div>\n\t\t\t\t<\/div>\n\t\t\t\t<\/div>\n\t\t\t\t\t<\/div>\n\t\t\t\t<\/div>\n\t\t\t\t<\/div>\n\t\t","protected":false},"excerpt":{"rendered":"<p>M\u00f6t v\u00e5r jury Juryn som bed\u00f6mer de nominerade bidragen till \u00c5tervinningsgalan best\u00e5r av experter och namnkunniga fr\u00e5n avfalls- och \u00e5tervinningsbranschen. Juryn har sammanlagt fem medlemmar och utser inledningsvis tre finalister till varje kategori. D\u00e4refter utses en vinnare i varje kategori. Dessa avsl\u00f6jas p\u00e5 \u00c5tervinningsgalan den 3 december p\u00e5 Berns i centrala Stockholm. L\u00e4s mer om [&hellip;]<\/p>\n","protected":false},"author":21,"featured_media":0,"parent":0,"menu_order":0,"comment_status":"closed","ping_status":"closed","template":"","meta":{"_acf_changed":false,"inline_featured_image":false,"footnotes":""},"acf":[],"_links":{"self":[{"href":"https:\/\/nmevents.se\/atervinningsgalan\/wp-json\/wp\/v2\/pages\/3000"}],"collection":[{"href":"https:\/\/nmevents.se\/atervinningsgalan\/wp-json\/wp\/v2\/pages"}],"about":[{"href":"https:\/\/nmevents.se\/atervinningsgalan\/wp-json\/wp\/v2\/types\/page"}],"author":[{"embeddable":true,"href":"https:\/\/nmevents.se\/atervinningsgalan\/wp-json\/wp\/v2\/users\/21"}],"replies":[{"embeddable":true,"href":"https:\/\/nmevents.se\/atervinningsgalan\/wp-json\/wp\/v2\/comments?post=3000"}],"version-history":[{"count":26,"href":"https:\/\/nmevents.se\/atervinningsgalan\/wp-json\/wp\/v2\/pages\/3000\/revisions"}],"predecessor-version":[{"id":3456,"href":"https:\/\/nmevents.se\/atervinningsgalan\/wp-json\/wp\/v2\/pages\/3000\/revisions\/3456"}],"wp:attachment":[{"href":"https:\/\/nmevents.se\/atervinningsgalan\/wp-json\/wp\/v2\/media?parent=3000"}],"curies":[{"name":"wp","href":"https:\/\/api.w.org\/{rel}","templated":true}]}}