{"id":1043,"date":"2024-02-20T15:36:39","date_gmt":"2024-02-20T14:36:39","guid":{"rendered":"https:\/\/nmevents.se\/bussforar-sm\/?page_id=1043"},"modified":"2026-03-18T10:10:10","modified_gmt":"2026-03-18T09:10:10","slug":"besokare","status":"publish","type":"page","link":"https:\/\/nmevents.se\/bussforar-sm\/besokare\/","title":{"rendered":"Bes\u00f6kare"},"content":{"rendered":"\t\t<div data-elementor-type=\"wp-page\" data-elementor-id=\"1043\" class=\"elementor elementor-1043\" data-elementor-post-type=\"page\">\n\t\t\t\t<div class=\"elementor-element elementor-element-22f71bc e-flex e-con-boxed e-con e-parent\" data-id=\"22f71bc\" data-element_type=\"container\" data-core-v316-plus=\"true\">\n\t\t\t\t\t<div class=\"e-con-inner\">\n\t\t\t\t<div class=\"elementor-element elementor-element-d496d91 elementor-widget elementor-widget-spacer\" data-id=\"d496d91\" data-element_type=\"widget\" data-widget_type=\"spacer.default\">\n\t\t\t\t<div class=\"elementor-widget-container\">\n\t\t\t<style>\/*! elementor - v3.20.0 - 20-03-2024 *\/\n.elementor-column .elementor-spacer-inner{height:var(--spacer-size)}.e-con{--container-widget-width:100%}.e-con-inner>.elementor-widget-spacer,.e-con>.elementor-widget-spacer{width:var(--container-widget-width,var(--spacer-size));--align-self:var(--container-widget-align-self,initial);--flex-shrink:0}.e-con-inner>.elementor-widget-spacer>.elementor-widget-container,.e-con>.elementor-widget-spacer>.elementor-widget-container{height:100%;width:100%}.e-con-inner>.elementor-widget-spacer>.elementor-widget-container>.elementor-spacer,.e-con>.elementor-widget-spacer>.elementor-widget-container>.elementor-spacer{height:100%}.e-con-inner>.elementor-widget-spacer>.elementor-widget-container>.elementor-spacer>.elementor-spacer-inner,.e-con>.elementor-widget-spacer>.elementor-widget-container>.elementor-spacer>.elementor-spacer-inner{height:var(--container-widget-height,var(--spacer-size))}.e-con-inner>.elementor-widget-spacer.elementor-widget-empty,.e-con>.elementor-widget-spacer.elementor-widget-empty{position:relative;min-height:22px;min-width:22px}.e-con-inner>.elementor-widget-spacer.elementor-widget-empty .elementor-widget-empty-icon,.e-con>.elementor-widget-spacer.elementor-widget-empty .elementor-widget-empty-icon{position:absolute;top:0;bottom:0;left:0;right:0;margin:auto;padding:0;width:22px;height:22px}<\/style>\t\t<div class=\"elementor-spacer\">\n\t\t\t<div class=\"elementor-spacer-inner\"><\/div>\n\t\t<\/div>\n\t\t\t\t<\/div>\n\t\t\t\t<\/div>\n\t\t\t\t\t<\/div>\n\t\t\t\t<\/div>\n\t\t<div class=\"elementor-element elementor-element-f9b5530 e-flex e-con-boxed e-con e-parent\" data-id=\"f9b5530\" data-element_type=\"container\" data-core-v316-plus=\"true\">\n\t\t\t\t\t<div class=\"e-con-inner\">\n\t\t\t\t<div class=\"elementor-element elementor-element-beacf27 elementor-widget elementor-widget-text-editor\" data-id=\"beacf27\" data-element_type=\"widget\" data-widget_type=\"text-editor.default\">\n\t\t\t\t<div class=\"elementor-widget-container\">\n\t\t\t<style>\/*! elementor - v3.20.0 - 20-03-2024 *\/\n.elementor-widget-text-editor.elementor-drop-cap-view-stacked .elementor-drop-cap{background-color:#69727d;color:#fff}.elementor-widget-text-editor.elementor-drop-cap-view-framed .elementor-drop-cap{color:#69727d;border:3px solid;background-color:transparent}.elementor-widget-text-editor:not(.elementor-drop-cap-view-default) .elementor-drop-cap{margin-top:8px}.elementor-widget-text-editor:not(.elementor-drop-cap-view-default) .elementor-drop-cap-letter{width:1em;height:1em}.elementor-widget-text-editor .elementor-drop-cap{float:left;text-align:center;line-height:1;font-size:50px}.elementor-widget-text-editor .elementor-drop-cap-letter{display:inline-block}<\/style>\t\t\t\t<p><strong>Bes\u00f6kare<\/strong><\/p>\t\t\t\t\t\t<\/div>\n\t\t\t\t<\/div>\n\t\t\t\t\t<\/div>\n\t\t\t\t<\/div>\n\t\t<div class=\"elementor-element elementor-element-69c02b0 e-flex e-con-boxed e-con e-parent\" data-id=\"69c02b0\" data-element_type=\"container\" data-core-v316-plus=\"true\">\n\t\t\t\t\t<div class=\"e-con-inner\">\n\t\t<div class=\"elementor-element elementor-element-db9172d e-con-full e-flex e-con e-child\" data-id=\"db9172d\" data-element_type=\"container\">\n\t\t\t\t<div class=\"elementor-element elementor-element-e17b692 elementor-widget elementor-widget-text-editor\" data-id=\"e17b692\" data-element_type=\"widget\" data-widget_type=\"text-editor.default\">\n\t\t\t\t<div class=\"elementor-widget-container\">\n\t\t\t\t\t\t\t<p>Vill du komma som bes\u00f6kare och f\u00f6lja SM-t\u00e4vlingen p\u00e5 plats?<\/p>\n<h5><strong>Praktisk information:<\/strong><\/h5>\n<div class=\"row multidivs\">\n<div class=\"col-xs-12 col-sm-6 fancyDiv\">\n<ul class=\"\">\n<li><strong>Parkering<\/strong><br>Det finns goda parkeringsm\u00f6jligheter p\u00e5 omr\u00e5det.<\/li>\n<li><strong>Mat &amp; Fika<br><\/strong>Det finns begr\u00e4nsat med utspisningsm\u00f6jligheter s\u00e5 ta med egen f\u00f6rt\u00e4ring. Vatten finns.<\/li>\n<li><strong>Toaletter<br><\/strong>Toaletter finns i klubbhuset.<\/li>\n<li><strong>Hitta hit<br><\/strong>T\u00e4vlingen kommer att \u00e4ga rum p\u00e5 <strong>Eskilstuna Track &amp; Resort<\/strong>. Adressen \u00e4r Tommy Janssons v\u00e4g 17 och till h\u00f6ger finner du en karta. <a href=\"https:\/\/www.google.com\/maps\/place\/Tommy+Janssons+v%C3%A4g+17,+635+11+Eskilstuna\/@59.415014,16.3701267,553m\/data=!3m2!1e3!4b1!4m6!3m5!1s0x465e8c2b2825e0a1:0x39b8fbd574344205!8m2!3d59.4150113!4d16.3727016!16s%2Fg%2F11s30r2yc3?entry=ttu&amp;g_ep=EgoyMDI2MDMxMS4wIKXMDSoASAFQAw%3D%3D\" target=\"_blank\" rel=\"noopener\">Klicka h\u00e4r f\u00f6r v\u00e4gbeskrivning.<\/a><\/li>\n<\/ul>\n<\/div>\n<\/div>\t\t\t\t\t\t<\/div>\n\t\t\t\t<\/div>\n\t\t\t\t<div class=\"elementor-element elementor-element-c3eee5e elementor-hidden-desktop elementor-hidden-tablet elementor-hidden-mobile elementor-widget elementor-widget-image\" data-id=\"c3eee5e\" data-element_type=\"widget\" data-widget_type=\"image.default\">\n\t\t\t\t<div class=\"elementor-widget-container\">\n\t\t\t<style>\/*! elementor - v3.20.0 - 20-03-2024 *\/\n.elementor-widget-image{text-align:center}.elementor-widget-image a{display:inline-block}.elementor-widget-image a img[src$=\".svg\"]{width:48px}.elementor-widget-image img{vertical-align:middle;display:inline-block}<\/style>\t\t\t\t\t\t\t\t\t\t\t<a href=\"https:\/\/www.trippus.net\/BFSM_25_Besokare\" target=\"_blank\">\n\t\t\t\t\t\t\t<img decoding=\"async\" width=\"300\" height=\"62\" src=\"https:\/\/nmevents.se\/bussforar-sm\/wp-content\/uploads\/sites\/21\/2024\/06\/Knapp-anmalan_besokare-300x62.png\" class=\"attachment-medium size-medium wp-image-1714\" alt=\"\" srcset=\"https:\/\/nmevents.se\/bussforar-sm\/wp-content\/uploads\/sites\/21\/2024\/06\/Knapp-anmalan_besokare-300x62.png 300w, https:\/\/nmevents.se\/bussforar-sm\/wp-content\/uploads\/sites\/21\/2024\/06\/Knapp-anmalan_besokare.png 400w\" sizes=\"(max-width: 300px) 100vw, 300px\" \/>\t\t\t\t\t\t\t\t<\/a>\n\t\t\t\t\t\t\t\t\t\t\t\t\t<\/div>\n\t\t\t\t<\/div>\n\t\t\t\t<\/div>\n\t\t\t\t<div class=\"elementor-element elementor-element-37e977a elementor-widget elementor-widget-spacer\" data-id=\"37e977a\" data-element_type=\"widget\" data-widget_type=\"spacer.default\">\n\t\t\t\t<div class=\"elementor-widget-container\">\n\t\t\t\t\t<div class=\"elementor-spacer\">\n\t\t\t<div class=\"elementor-spacer-inner\"><\/div>\n\t\t<\/div>\n\t\t\t\t<\/div>\n\t\t\t\t<\/div>\n\t\t<div class=\"elementor-element elementor-element-f472f68 e-con-full e-flex e-con e-child\" data-id=\"f472f68\" data-element_type=\"container\">\n\t\t\t\t<div class=\"elementor-element elementor-element-1908794 elementor-widget elementor-widget-google_maps\" data-id=\"1908794\" data-element_type=\"widget\" data-widget_type=\"google_maps.default\">\n\t\t\t\t<div class=\"elementor-widget-container\">\n\t\t\t<style>\/*! elementor - v3.20.0 - 20-03-2024 *\/\n.elementor-widget-google_maps .elementor-widget-container{overflow:hidden}.elementor-widget-google_maps .elementor-custom-embed{line-height:0}.elementor-widget-google_maps iframe{height:300px}<\/style>\t\t<div class=\"elementor-custom-embed\">\n\t\t\t<iframe loading=\"lazy\"\n\t\t\t\t\tsrc=\"https:\/\/maps.google.com\/maps?q=Eskilstuna%20Track%20%26%20Resort&#038;t=m&#038;z=16&#038;output=embed&#038;iwloc=near\"\n\t\t\t\t\ttitle=\"Eskilstuna Track &amp; Resort\"\n\t\t\t\t\taria-label=\"Eskilstuna Track &amp; Resort\"\n\t\t\t><\/iframe>\n\t\t<\/div>\n\t\t\t\t<\/div>\n\t\t\t\t<\/div>\n\t\t\t\t<\/div>\n\t\t\t\t\t<\/div>\n\t\t\t\t<\/div>\n\t\t\t\t<\/div>\n\t\t","protected":false},"excerpt":{"rendered":"<p>Bes\u00f6kare Vill du komma som bes\u00f6kare och f\u00f6lja SM-t\u00e4vlingen p\u00e5 plats? Praktisk information: ParkeringDet finns goda parkeringsm\u00f6jligheter p\u00e5 omr\u00e5det. Mat &amp; FikaDet finns begr\u00e4nsat med utspisningsm\u00f6jligheter s\u00e5 ta med egen f\u00f6rt\u00e4ring. Vatten finns. ToaletterToaletter finns i klubbhuset. Hitta hitT\u00e4vlingen kommer att \u00e4ga rum p\u00e5 Eskilstuna Track &amp; Resort. Adressen \u00e4r Tommy Janssons v\u00e4g 17 och [&hellip;]<\/p>\n","protected":false},"author":7,"featured_media":0,"parent":0,"menu_order":0,"comment_status":"closed","ping_status":"closed","template":"","meta":{"_acf_changed":false,"footnotes":""},"acf":[],"_links":{"self":[{"href":"https:\/\/nmevents.se\/bussforar-sm\/wp-json\/wp\/v2\/pages\/1043"}],"collection":[{"href":"https:\/\/nmevents.se\/bussforar-sm\/wp-json\/wp\/v2\/pages"}],"about":[{"href":"https:\/\/nmevents.se\/bussforar-sm\/wp-json\/wp\/v2\/types\/page"}],"author":[{"embeddable":true,"href":"https:\/\/nmevents.se\/bussforar-sm\/wp-json\/wp\/v2\/users\/7"}],"replies":[{"embeddable":true,"href":"https:\/\/nmevents.se\/bussforar-sm\/wp-json\/wp\/v2\/comments?post=1043"}],"version-history":[{"count":64,"href":"https:\/\/nmevents.se\/bussforar-sm\/wp-json\/wp\/v2\/pages\/1043\/revisions"}],"predecessor-version":[{"id":2489,"href":"https:\/\/nmevents.se\/bussforar-sm\/wp-json\/wp\/v2\/pages\/1043\/revisions\/2489"}],"wp:attachment":[{"href":"https:\/\/nmevents.se\/bussforar-sm\/wp-json\/wp\/v2\/media?parent=1043"}],"curies":[{"name":"wp","href":"https:\/\/api.w.org\/{rel}","templated":true}]}}