{"id":17,"date":"2023-11-06T11:17:16","date_gmt":"2023-11-06T11:17:16","guid":{"rendered":"https:\/\/eventdk4_.nordiske-medier.dk4_\/?page_id=17"},"modified":"2026-03-09T13:17:57","modified_gmt":"2026-03-09T12:17:57","slug":"kontakt","status":"publish","type":"page","link":"https:\/\/nmevents.se\/bussforar-sm\/kontakt\/","title":{"rendered":"Kontakt"},"content":{"rendered":"\t\t<div data-elementor-type=\"wp-page\" data-elementor-id=\"17\" class=\"elementor elementor-17\" data-elementor-post-type=\"page\">\n\t\t\t\t<div class=\"elementor-element elementor-element-bbdf963 e-flex e-con-boxed e-con e-parent\" data-id=\"bbdf963\" data-element_type=\"container\" data-core-v316-plus=\"true\">\n\t\t\t\t\t<div class=\"e-con-inner\">\n\t\t<div class=\"elementor-element elementor-element-f9ce19b e-con-full e-flex e-con e-child\" data-id=\"f9ce19b\" data-element_type=\"container\">\n\t\t\t\t<div class=\"elementor-element elementor-element-61022a1 elementor-widget elementor-widget-heading\" data-id=\"61022a1\" data-element_type=\"widget\" data-widget_type=\"heading.default\">\n\t\t\t\t<div class=\"elementor-widget-container\">\n\t\t\t<style>\/*! elementor - v3.20.0 - 20-03-2024 *\/\n.elementor-heading-title{padding:0;margin:0;line-height:1}.elementor-widget-heading .elementor-heading-title[class*=elementor-size-]>a{color:inherit;font-size:inherit;line-height:inherit}.elementor-widget-heading .elementor-heading-title.elementor-size-small{font-size:15px}.elementor-widget-heading .elementor-heading-title.elementor-size-medium{font-size:19px}.elementor-widget-heading .elementor-heading-title.elementor-size-large{font-size:29px}.elementor-widget-heading .elementor-heading-title.elementor-size-xl{font-size:39px}.elementor-widget-heading .elementor-heading-title.elementor-size-xxl{font-size:59px}<\/style><h1 class=\"elementor-heading-title elementor-size-default\">Kontakta oss<\/h1>\t\t<\/div>\n\t\t\t\t<\/div>\n\t\t\t\t<\/div>\n\t\t\t\t\t<\/div>\n\t\t\t\t<\/div>\n\t\t<div class=\"elementor-element elementor-element-d75187f e-flex e-con-boxed e-con e-parent\" data-id=\"d75187f\" data-element_type=\"container\" data-core-v316-plus=\"true\">\n\t\t\t\t\t<div class=\"e-con-inner\">\n\t\t<div class=\"elementor-element elementor-element-ca3ef8f e-con-full e-flex e-con e-child\" data-id=\"ca3ef8f\" data-element_type=\"container\">\n\t\t\t\t<div class=\"elementor-element elementor-element-07b8bd5 elementor-widget__width-initial elementor-widget elementor-widget-image\" data-id=\"07b8bd5\" data-element_type=\"widget\" data-widget_type=\"image.default\">\n\t\t\t\t<div class=\"elementor-widget-container\">\n\t\t\t<style>\/*! elementor - v3.20.0 - 20-03-2024 *\/\n.elementor-widget-image{text-align:center}.elementor-widget-image a{display:inline-block}.elementor-widget-image a img[src$=\".svg\"]{width:48px}.elementor-widget-image img{vertical-align:middle;display:inline-block}<\/style>\t\t\t\t\t\t\t\t\t\t<img fetchpriority=\"high\" decoding=\"async\" width=\"625\" height=\"625\" src=\"https:\/\/nmevents.se\/bussforar-sm\/wp-content\/uploads\/sites\/21\/2026\/01\/BFSM26_kontakt_Jacob.png\" class=\"attachment-medium_large size-medium_large wp-image-2282\" alt=\"\" srcset=\"https:\/\/nmevents.se\/bussforar-sm\/wp-content\/uploads\/sites\/21\/2026\/01\/BFSM26_kontakt_Jacob.png 625w, https:\/\/nmevents.se\/bussforar-sm\/wp-content\/uploads\/sites\/21\/2026\/01\/BFSM26_kontakt_Jacob-300x300.png 300w, https:\/\/nmevents.se\/bussforar-sm\/wp-content\/uploads\/sites\/21\/2026\/01\/BFSM26_kontakt_Jacob-150x150.png 150w\" sizes=\"(max-width: 625px) 100vw, 625px\" \/>\t\t\t\t\t\t\t\t\t\t\t\t\t<\/div>\n\t\t\t\t<\/div>\n\t\t\t\t<div class=\"elementor-element elementor-element-664ddf5 elementor-widget elementor-widget-heading\" data-id=\"664ddf5\" data-element_type=\"widget\" data-widget_type=\"heading.default\">\n\t\t\t\t<div class=\"elementor-widget-container\">\n\t\t\t<h3 class=\"elementor-heading-title elementor-size-default\">Jacob G\u00fcnd\u00fcz<\/h3>\t\t<\/div>\n\t\t\t\t<\/div>\n\t\t\t\t<div class=\"elementor-element elementor-element-4327d44 elementor-widget elementor-widget-text-editor\" data-id=\"4327d44\" data-element_type=\"widget\" data-widget_type=\"text-editor.default\">\n\t\t\t\t<div class=\"elementor-widget-container\">\n\t\t\t<style>\/*! elementor - v3.20.0 - 20-03-2024 *\/\n.elementor-widget-text-editor.elementor-drop-cap-view-stacked .elementor-drop-cap{background-color:#69727d;color:#fff}.elementor-widget-text-editor.elementor-drop-cap-view-framed .elementor-drop-cap{color:#69727d;border:3px solid;background-color:transparent}.elementor-widget-text-editor:not(.elementor-drop-cap-view-default) .elementor-drop-cap{margin-top:8px}.elementor-widget-text-editor:not(.elementor-drop-cap-view-default) .elementor-drop-cap-letter{width:1em;height:1em}.elementor-widget-text-editor .elementor-drop-cap{float:left;text-align:center;line-height:1;font-size:50px}.elementor-widget-text-editor .elementor-drop-cap-letter{display:inline-block}<\/style>\t\t\t\t<p><span style=\"text-align: var(--text-align);\">Mediechef &amp; Projektledare<br \/><a href=\"tel:+46 (0)70 844 08 70\">+46(0)<\/a><\/span>73-682 53 06<br \/><span style=\"text-align: var(--text-align);\"><a href=\"mailto:jens.osterstrom@nordiskemedier.se\">jacob.gunduz@nordiskemedier.se<\/a><br \/><\/span><\/p>\t\t\t\t\t\t<\/div>\n\t\t\t\t<\/div>\n\t\t\t\t<\/div>\n\t\t<div class=\"elementor-element elementor-element-cf57224 e-con-full e-flex e-con e-child\" data-id=\"cf57224\" data-element_type=\"container\">\n\t\t\t\t<div class=\"elementor-element elementor-element-2f97c21 elementor-widget__width-initial elementor-widget elementor-widget-image\" data-id=\"2f97c21\" data-element_type=\"widget\" data-widget_type=\"image.default\">\n\t\t\t\t<div class=\"elementor-widget-container\">\n\t\t\t\t\t\t\t\t\t\t\t\t\t<img decoding=\"async\" width=\"300\" height=\"300\" src=\"https:\/\/nmevents.se\/bussforar-sm\/wp-content\/uploads\/sites\/21\/2026\/01\/BFSM26_kontakt_Linda-300x300.png\" class=\"attachment-medium size-medium wp-image-2283\" alt=\"\" srcset=\"https:\/\/nmevents.se\/bussforar-sm\/wp-content\/uploads\/sites\/21\/2026\/01\/BFSM26_kontakt_Linda-300x300.png 300w, https:\/\/nmevents.se\/bussforar-sm\/wp-content\/uploads\/sites\/21\/2026\/01\/BFSM26_kontakt_Linda-150x150.png 150w, https:\/\/nmevents.se\/bussforar-sm\/wp-content\/uploads\/sites\/21\/2026\/01\/BFSM26_kontakt_Linda.png 625w\" sizes=\"(max-width: 300px) 100vw, 300px\" \/>\t\t\t\t\t\t\t\t\t\t\t\t\t<\/div>\n\t\t\t\t<\/div>\n\t\t\t\t<div class=\"elementor-element elementor-element-1450d3e elementor-widget elementor-widget-heading\" data-id=\"1450d3e\" data-element_type=\"widget\" data-widget_type=\"heading.default\">\n\t\t\t\t<div class=\"elementor-widget-container\">\n\t\t\t<h3 class=\"elementor-heading-title elementor-size-default\">Linda Stenstr\u00f6m<\/h3>\t\t<\/div>\n\t\t\t\t<\/div>\n\t\t\t\t<div class=\"elementor-element elementor-element-6eb480a elementor-widget elementor-widget-text-editor\" data-id=\"6eb480a\" data-element_type=\"widget\" data-widget_type=\"text-editor.default\">\n\t\t\t\t<div class=\"elementor-widget-container\">\n\t\t\t\t\t\t\t<p>Branschutvecklare och presskontakt, Transportf\u00f6retagen<br \/>+46 (0)72-208 76 90<br \/><a href=\"mailto:linda.stenstrom@transportforetagen.se\">linda.stenstrom@transportforetagen.se<span style=\"color: #014f9b; text-align: var(--text-align);\">\u00a0<\/span><\/a><\/p>\t\t\t\t\t\t<\/div>\n\t\t\t\t<\/div>\n\t\t\t\t<\/div>\n\t\t\t\t\t<\/div>\n\t\t\t\t<\/div>\n\t\t\t\t<\/div>\n\t\t","protected":false},"excerpt":{"rendered":"<p>Kontakta oss Jacob G\u00fcnd\u00fcz Mediechef &amp; Projektledare+46(0)73-682 53 06jacob.gunduz@nordiskemedier.se Linda Stenstr\u00f6m Branschutvecklare och presskontakt, Transportf\u00f6retagen+46 (0)72-208 76 90linda.stenstrom@transportforetagen.se\u00a0<\/p>\n","protected":false},"author":1,"featured_media":0,"parent":0,"menu_order":0,"comment_status":"closed","ping_status":"closed","template":"elementor_header_footer","meta":{"_acf_changed":false,"footnotes":""},"acf":[],"_links":{"self":[{"href":"https:\/\/nmevents.se\/bussforar-sm\/wp-json\/wp\/v2\/pages\/17"}],"collection":[{"href":"https:\/\/nmevents.se\/bussforar-sm\/wp-json\/wp\/v2\/pages"}],"about":[{"href":"https:\/\/nmevents.se\/bussforar-sm\/wp-json\/wp\/v2\/types\/page"}],"author":[{"embeddable":true,"href":"https:\/\/nmevents.se\/bussforar-sm\/wp-json\/wp\/v2\/users\/1"}],"replies":[{"embeddable":true,"href":"https:\/\/nmevents.se\/bussforar-sm\/wp-json\/wp\/v2\/comments?post=17"}],"version-history":[{"count":78,"href":"https:\/\/nmevents.se\/bussforar-sm\/wp-json\/wp\/v2\/pages\/17\/revisions"}],"predecessor-version":[{"id":2465,"href":"https:\/\/nmevents.se\/bussforar-sm\/wp-json\/wp\/v2\/pages\/17\/revisions\/2465"}],"wp:attachment":[{"href":"https:\/\/nmevents.se\/bussforar-sm\/wp-json\/wp\/v2\/media?parent=17"}],"curies":[{"name":"wp","href":"https:\/\/api.w.org\/{rel}","templated":true}]}}