{"id":696,"date":"2023-11-30T12:24:44","date_gmt":"2023-11-30T10:24:44","guid":{"rendered":"https:\/\/eventdk.nordiske-medier.dk\/pack-point-nordic\/?page_id=696"},"modified":"2026-03-11T13:58:07","modified_gmt":"2026-03-11T12:58:07","slug":"faq","status":"publish","type":"page","link":"https:\/\/nmevents.se\/bussforar-sm\/faq\/","title":{"rendered":"FAQ"},"content":{"rendered":"\t\t<div data-elementor-type=\"wp-page\" data-elementor-id=\"696\" class=\"elementor elementor-696\" data-elementor-post-type=\"page\">\n\t\t\t\t<div class=\"elementor-element elementor-element-e144f21 e-flex e-con-boxed e-con e-parent\" data-id=\"e144f21\" data-element_type=\"container\" data-core-v316-plus=\"true\">\n\t\t\t\t\t<div class=\"e-con-inner\">\n\t\t\t\t<div class=\"elementor-element elementor-element-38c3f19 elementor-widget elementor-widget-spacer\" data-id=\"38c3f19\" data-element_type=\"widget\" data-widget_type=\"spacer.default\">\n\t\t\t\t<div class=\"elementor-widget-container\">\n\t\t\t<style>\/*! elementor - v3.20.0 - 20-03-2024 *\/\n.elementor-column .elementor-spacer-inner{height:var(--spacer-size)}.e-con{--container-widget-width:100%}.e-con-inner>.elementor-widget-spacer,.e-con>.elementor-widget-spacer{width:var(--container-widget-width,var(--spacer-size));--align-self:var(--container-widget-align-self,initial);--flex-shrink:0}.e-con-inner>.elementor-widget-spacer>.elementor-widget-container,.e-con>.elementor-widget-spacer>.elementor-widget-container{height:100%;width:100%}.e-con-inner>.elementor-widget-spacer>.elementor-widget-container>.elementor-spacer,.e-con>.elementor-widget-spacer>.elementor-widget-container>.elementor-spacer{height:100%}.e-con-inner>.elementor-widget-spacer>.elementor-widget-container>.elementor-spacer>.elementor-spacer-inner,.e-con>.elementor-widget-spacer>.elementor-widget-container>.elementor-spacer>.elementor-spacer-inner{height:var(--container-widget-height,var(--spacer-size))}.e-con-inner>.elementor-widget-spacer.elementor-widget-empty,.e-con>.elementor-widget-spacer.elementor-widget-empty{position:relative;min-height:22px;min-width:22px}.e-con-inner>.elementor-widget-spacer.elementor-widget-empty .elementor-widget-empty-icon,.e-con>.elementor-widget-spacer.elementor-widget-empty .elementor-widget-empty-icon{position:absolute;top:0;bottom:0;left:0;right:0;margin:auto;padding:0;width:22px;height:22px}<\/style>\t\t<div class=\"elementor-spacer\">\n\t\t\t<div class=\"elementor-spacer-inner\"><\/div>\n\t\t<\/div>\n\t\t\t\t<\/div>\n\t\t\t\t<\/div>\n\t\t\t\t\t<\/div>\n\t\t\t\t<\/div>\n\t\t<div class=\"elementor-element elementor-element-bf0f3a0 e-flex e-con-boxed e-con e-parent\" data-id=\"bf0f3a0\" data-element_type=\"container\" data-core-v316-plus=\"true\">\n\t\t\t\t\t<div class=\"e-con-inner\">\n\t\t<div class=\"elementor-element elementor-element-134dbce e-con-full e-flex e-con e-child\" data-id=\"134dbce\" data-element_type=\"container\">\n\t\t<div class=\"elementor-element elementor-element-b78199e e-con-full e-flex e-con e-child\" data-id=\"b78199e\" data-element_type=\"container\">\n\t\t\t\t<div class=\"elementor-element elementor-element-10805cf elementor-widget elementor-widget-heading\" data-id=\"10805cf\" data-element_type=\"widget\" data-widget_type=\"heading.default\">\n\t\t\t\t<div class=\"elementor-widget-container\">\n\t\t\t<style>\/*! elementor - v3.20.0 - 20-03-2024 *\/\n.elementor-heading-title{padding:0;margin:0;line-height:1}.elementor-widget-heading .elementor-heading-title[class*=elementor-size-]>a{color:inherit;font-size:inherit;line-height:inherit}.elementor-widget-heading .elementor-heading-title.elementor-size-small{font-size:15px}.elementor-widget-heading .elementor-heading-title.elementor-size-medium{font-size:19px}.elementor-widget-heading .elementor-heading-title.elementor-size-large{font-size:29px}.elementor-widget-heading .elementor-heading-title.elementor-size-xl{font-size:39px}.elementor-widget-heading .elementor-heading-title.elementor-size-xxl{font-size:59px}<\/style><h1 class=\"elementor-heading-title elementor-size-default\">FAQ<\/h1>\t\t<\/div>\n\t\t\t\t<\/div>\n\t\t\t\t<div class=\"elementor-element elementor-element-4b3f295 elementor-widget elementor-widget-heading\" data-id=\"4b3f295\" data-element_type=\"widget\" data-widget_type=\"heading.default\">\n\t\t\t\t<div class=\"elementor-widget-container\">\n\t\t\t<h2 class=\"elementor-heading-title elementor-size-default\">Svar p\u00e5 de vanligaste fr\u00e5gorna<\/h2>\t\t<\/div>\n\t\t\t\t<\/div>\n\t\t\t\t<\/div>\n\t\t\t\t<div class=\"elementor-element elementor-element-c8b3054 elementor-widget elementor-widget-n-accordion\" data-id=\"c8b3054\" data-element_type=\"widget\" data-settings=\"{&quot;default_state&quot;:&quot;all_collapsed&quot;,&quot;max_items_expended&quot;:&quot;one&quot;,&quot;n_accordion_animation_duration&quot;:{&quot;unit&quot;:&quot;ms&quot;,&quot;size&quot;:400,&quot;sizes&quot;:[]}}\" data-widget_type=\"nested-accordion.default\">\n\t\t\t\t<div class=\"elementor-widget-container\">\n\t\t\t\t\t<div class=\"e-n-accordion\" aria-label=\"Accordion. Open links with Enter or Space, close with Escape, and navigate with Arrow Keys\">\n\t\t\t\t\t\t<details id=\"e-n-accordion-item-2100\" class=\"e-n-accordion-item\" >\n\t\t\t\t<summary class=\"e-n-accordion-item-title\" data-accordion-index=\"1\" tabindex=\"0\" aria-expanded=\"false\" aria-controls=\"e-n-accordion-item-2100\" >\n\t\t\t\t\t<span class='e-n-accordion-item-title-header'><div class=\"e-n-accordion-item-title-text\"> Vad g\u00e4ller f\u00f6r bes\u00f6kare? <\/div><\/span>\n\t\t\t\t\t\t\t<span class='e-n-accordion-item-title-icon'>\n\t\t\t<span class='e-opened' ><\/span>\n\t\t\t<span class='e-closed'><\/span>\n\t\t<\/span>\n\n\t\t\t\t\t\t<\/summary>\n\t\t\t\t<div role=\"region\" aria-labelledby=\"e-n-accordion-item-2100\" class=\"elementor-element elementor-element-3fa7514 e-con-full e-flex e-con e-child\" data-id=\"3fa7514\" data-element_type=\"container\">\n\t\t\t\t<div class=\"elementor-element elementor-element-fc2fe01 elementor-widget elementor-widget-text-editor\" data-id=\"fc2fe01\" data-element_type=\"widget\" data-widget_type=\"text-editor.default\">\n\t\t\t\t<div class=\"elementor-widget-container\">\n\t\t\t<style>\/*! elementor - v3.20.0 - 20-03-2024 *\/\n.elementor-widget-text-editor.elementor-drop-cap-view-stacked .elementor-drop-cap{background-color:#69727d;color:#fff}.elementor-widget-text-editor.elementor-drop-cap-view-framed .elementor-drop-cap{color:#69727d;border:3px solid;background-color:transparent}.elementor-widget-text-editor:not(.elementor-drop-cap-view-default) .elementor-drop-cap{margin-top:8px}.elementor-widget-text-editor:not(.elementor-drop-cap-view-default) .elementor-drop-cap-letter{width:1em;height:1em}.elementor-widget-text-editor .elementor-drop-cap{float:left;text-align:center;line-height:1;font-size:50px}.elementor-widget-text-editor .elementor-drop-cap-letter{display:inline-block}<\/style>\t\t\t\t<ul><li>Att bes\u00f6ka Bussf\u00f6rar-SM \u00e4r kostnadsfritt<\/li><li>T\u00e4nk p\u00e5 att ta med egen mat\/fika<\/li><li>Ta med kl\u00e4der efter v\u00e4der<\/li><li>M\u00f6jlighet till parkering finns<\/li><li>F\u00f6r mer detaljer se fliken Bes\u00f6kare<\/li><\/ul>\t\t\t\t\t\t<\/div>\n\t\t\t\t<\/div>\n\t\t\t\t<\/div>\n\t\t\t\t\t<\/details>\n\t\t\t\t\t\t<details id=\"e-n-accordion-item-2101\" class=\"e-n-accordion-item\" >\n\t\t\t\t<summary class=\"e-n-accordion-item-title\" data-accordion-index=\"2\" tabindex=\"-1\" aria-expanded=\"false\" aria-controls=\"e-n-accordion-item-2101\" >\n\t\t\t\t\t<span class='e-n-accordion-item-title-header'><div class=\"e-n-accordion-item-title-text\"> Hur hittar jag dit? <\/div><\/span>\n\t\t\t\t\t\t\t<span class='e-n-accordion-item-title-icon'>\n\t\t\t<span class='e-opened' ><\/span>\n\t\t\t<span class='e-closed'><\/span>\n\t\t<\/span>\n\n\t\t\t\t\t\t<\/summary>\n\t\t\t\t<div role=\"region\" aria-labelledby=\"e-n-accordion-item-2101\" class=\"elementor-element elementor-element-bd64ece e-con-full e-flex e-con e-child\" data-id=\"bd64ece\" data-element_type=\"container\">\n\t\t\t\t<div class=\"elementor-element elementor-element-9df9490 elementor-widget elementor-widget-text-editor\" data-id=\"9df9490\" data-element_type=\"widget\" data-widget_type=\"text-editor.default\">\n\t\t\t\t<div class=\"elementor-widget-container\">\n\t\t\t\t\t\t\t<p>N\u00e4rmaste adress:<\/p><p>Junkersgatan 5J-7E<br \/>195 61 Arlanda stad<\/p>\t\t\t\t\t\t<\/div>\n\t\t\t\t<\/div>\n\t\t\t\t<\/div>\n\t\t\t\t\t<\/details>\n\t\t\t\t\t\t<details id=\"e-n-accordion-item-2102\" class=\"e-n-accordion-item\" >\n\t\t\t\t<summary class=\"e-n-accordion-item-title\" data-accordion-index=\"3\" tabindex=\"-1\" aria-expanded=\"false\" aria-controls=\"e-n-accordion-item-2102\" >\n\t\t\t\t\t<span class='e-n-accordion-item-title-header'><div class=\"e-n-accordion-item-title-text\"> Vilka moment best\u00e5r Bussf\u00f6rar-SM av? <\/div><\/span>\n\t\t\t\t\t\t\t<span class='e-n-accordion-item-title-icon'>\n\t\t\t<span class='e-opened' ><\/span>\n\t\t\t<span class='e-closed'><\/span>\n\t\t<\/span>\n\n\t\t\t\t\t\t<\/summary>\n\t\t\t\t<div role=\"region\" aria-labelledby=\"e-n-accordion-item-2102\" class=\"elementor-element elementor-element-1a69cee e-con-full e-flex e-con e-child\" data-id=\"1a69cee\" data-element_type=\"container\">\n\t\t\t\t<div class=\"elementor-element elementor-element-855d1b8 elementor-widget elementor-widget-text-editor\" data-id=\"855d1b8\" data-element_type=\"widget\" data-widget_type=\"text-editor.default\">\n\t\t\t\t<div class=\"elementor-widget-container\">\n\t\t\t\t\t\t\t<h5>Bussf\u00f6rar-SM best\u00e5r av 7 moment:<\/h5><ol><li>Teoriprov 1, den f\u00f6rsta allm\u00e4nna intagningen. De 20 b\u00e4sta herrarna och de 20 b\u00e4sta damerna g\u00e5r vidare.<\/li><li>Teoriprov 2, de 20 b\u00e4sta g\u00e5r vidare till finalen<\/li><\/ol><h5>Finalen (beh\u00f6ver inte vara i nedan ordning under t\u00e4vlingen):<\/h5><ol><li>Man\u00f6verprov<\/li><li>Sparsam k\u00f6rning<\/li><li>Backmoment<\/li><li>Service &amp; Bem\u00f6tande<\/li><li>Katastrof och brand<\/li><\/ol>\t\t\t\t\t\t<\/div>\n\t\t\t\t<\/div>\n\t\t\t\t<\/div>\n\t\t\t\t\t<\/details>\n\t\t\t\t\t\t<details id=\"e-n-accordion-item-2103\" class=\"e-n-accordion-item\" >\n\t\t\t\t<summary class=\"e-n-accordion-item-title\" data-accordion-index=\"4\" tabindex=\"-1\" aria-expanded=\"false\" aria-controls=\"e-n-accordion-item-2103\" >\n\t\t\t\t\t<span class='e-n-accordion-item-title-header'><div class=\"e-n-accordion-item-title-text\"> Hur fungerar teoriprovet? <\/div><\/span>\n\t\t\t\t\t\t\t<span class='e-n-accordion-item-title-icon'>\n\t\t\t<span class='e-opened' ><\/span>\n\t\t\t<span class='e-closed'><\/span>\n\t\t<\/span>\n\n\t\t\t\t\t\t<\/summary>\n\t\t\t\t<div role=\"region\" aria-labelledby=\"e-n-accordion-item-2103\" class=\"elementor-element elementor-element-0e24fde e-flex e-con-boxed e-con e-child\" data-id=\"0e24fde\" data-element_type=\"container\">\n\t\t\t\t\t<div class=\"e-con-inner\">\n\t\t<div role=\"region\" aria-labelledby=\"e-n-accordion-item-2103\" class=\"elementor-element elementor-element-986c010 e-flex e-con-boxed e-con e-child\" data-id=\"986c010\" data-element_type=\"container\">\n\t\t\t\t\t<div class=\"e-con-inner\">\n\t\t\t\t<div class=\"elementor-element elementor-element-23dd4fc elementor-widget elementor-widget-text-editor\" data-id=\"23dd4fc\" data-element_type=\"widget\" data-widget_type=\"text-editor.default\">\n\t\t\t\t<div class=\"elementor-widget-container\">\n\t\t\t\t\t\t\t<p>Genom att klicka p\u00e5 l\u00e4nken anm\u00e4lan ovan s\u00e5 kommer du till hemsidan med provfr\u00e5gorna. Det \u00e4r m\u00e5nga fr\u00e5gor och det finns ingen tidsgr\u00e4ns mer \u00e4n n\u00e4r provet st\u00e4nger.<\/p><p>Provet s\u00e4tts samman av v\u00e5r t\u00e4vlingsledare.<\/p><p>Teoriprov 1 \u00e4r \u00f6ppet mellan p\u00e5skafton till midsommarafton.<\/p><p>Teoriprov 2 skickas ut via mail till de 40 som g\u00e5tt vidare till semifinalen. Skickas ut s\u00e5 snart sammanst\u00e4llningen \u00e4r gjord. Provet st\u00e4nger i b\u00f6rjan p\u00e5 augusti.<br \/><br \/>N\u00e4r teoriprov 2 \u00e4r st\u00e4ngt sammanst\u00e4lls resultaten och de 20 som g\u00e5r vidare till finalen underr\u00e4ttas via telefon och mail.<\/p>\t\t\t\t\t\t<\/div>\n\t\t\t\t<\/div>\n\t\t\t\t\t<\/div>\n\t\t\t\t<\/div>\n\t\t\t\t\t<\/div>\n\t\t\t\t<\/div>\n\t\t\t\t\t<\/details>\n\t\t\t\t\t<\/div>\n\t\t\t\t<\/div>\n\t\t\t\t<\/div>\n\t\t\t\t<\/div>\n\t\t<div class=\"elementor-element elementor-element-d4f72b4 e-con-full e-flex e-con e-child\" data-id=\"d4f72b4\" data-element_type=\"container\">\n\t\t\t\t<div class=\"elementor-element elementor-element-0dd2ddd elementor-widget elementor-widget-image\" data-id=\"0dd2ddd\" data-element_type=\"widget\" data-widget_type=\"image.default\">\n\t\t\t\t<div class=\"elementor-widget-container\">\n\t\t\t<style>\/*! elementor - v3.20.0 - 20-03-2024 *\/\n.elementor-widget-image{text-align:center}.elementor-widget-image a{display:inline-block}.elementor-widget-image a img[src$=\".svg\"]{width:48px}.elementor-widget-image img{vertical-align:middle;display:inline-block}<\/style>\t\t\t\t\t\t\t\t\t\t<img fetchpriority=\"high\" decoding=\"async\" width=\"768\" height=\"432\" src=\"https:\/\/nmevents.se\/bussforar-sm\/wp-content\/uploads\/sites\/21\/2024\/02\/Bild2-768x432.jpg\" class=\"attachment-medium_large size-medium_large wp-image-1267\" alt=\"\" srcset=\"https:\/\/nmevents.se\/bussforar-sm\/wp-content\/uploads\/sites\/21\/2024\/02\/Bild2-768x432.jpg 768w, https:\/\/nmevents.se\/bussforar-sm\/wp-content\/uploads\/sites\/21\/2024\/02\/Bild2-300x169.jpg 300w, https:\/\/nmevents.se\/bussforar-sm\/wp-content\/uploads\/sites\/21\/2024\/02\/Bild2-1024x576.jpg 1024w, https:\/\/nmevents.se\/bussforar-sm\/wp-content\/uploads\/sites\/21\/2024\/02\/Bild2.jpg 1281w\" sizes=\"(max-width: 768px) 100vw, 768px\" \/>\t\t\t\t\t\t\t\t\t\t\t\t\t<\/div>\n\t\t\t\t<\/div>\n\t\t\t\t<\/div>\n\t\t\t\t\t<\/div>\n\t\t\t\t<\/div>\n\t\t\t\t<\/div>\n\t\t","protected":false},"excerpt":{"rendered":"<p>FAQ Svar p\u00e5 de vanligaste fr\u00e5gorna Vad g\u00e4ller f\u00f6r bes\u00f6kare? Att bes\u00f6ka Bussf\u00f6rar-SM \u00e4r kostnadsfritt T\u00e4nk p\u00e5 att ta med egen mat\/fika Ta med kl\u00e4der efter v\u00e4der M\u00f6jlighet till parkering finns F\u00f6r mer detaljer se fliken Bes\u00f6kare Hur hittar jag dit? N\u00e4rmaste adress: Junkersgatan 5J-7E195 61 Arlanda stad Vilka moment best\u00e5r Bussf\u00f6rar-SM av? Bussf\u00f6rar-SM best\u00e5r [&hellip;]<\/p>\n","protected":false},"author":1,"featured_media":0,"parent":0,"menu_order":0,"comment_status":"closed","ping_status":"closed","template":"elementor_header_footer","meta":{"_acf_changed":false,"footnotes":""},"acf":[],"_links":{"self":[{"href":"https:\/\/nmevents.se\/bussforar-sm\/wp-json\/wp\/v2\/pages\/696"}],"collection":[{"href":"https:\/\/nmevents.se\/bussforar-sm\/wp-json\/wp\/v2\/pages"}],"about":[{"href":"https:\/\/nmevents.se\/bussforar-sm\/wp-json\/wp\/v2\/types\/page"}],"author":[{"embeddable":true,"href":"https:\/\/nmevents.se\/bussforar-sm\/wp-json\/wp\/v2\/users\/1"}],"replies":[{"embeddable":true,"href":"https:\/\/nmevents.se\/bussforar-sm\/wp-json\/wp\/v2\/comments?post=696"}],"version-history":[{"count":48,"href":"https:\/\/nmevents.se\/bussforar-sm\/wp-json\/wp\/v2\/pages\/696\/revisions"}],"predecessor-version":[{"id":2472,"href":"https:\/\/nmevents.se\/bussforar-sm\/wp-json\/wp\/v2\/pages\/696\/revisions\/2472"}],"wp:attachment":[{"href":"https:\/\/nmevents.se\/bussforar-sm\/wp-json\/wp\/v2\/media?parent=696"}],"curies":[{"name":"wp","href":"https:\/\/api.w.org\/{rel}","templated":true}]}}