{"id":1848,"date":"2026-02-23T14:10:20","date_gmt":"2026-02-23T13:10:20","guid":{"rendered":"https:\/\/nmevents.se\/busstorget\/?page_id=1848"},"modified":"2026-02-25T10:07:43","modified_gmt":"2026-02-25T09:07:43","slug":"arets-turistbussbild","status":"publish","type":"page","link":"https:\/\/nmevents.se\/busstorget\/arets-turistbussbild\/","title":{"rendered":"\u00c5rets turistbussbild"},"content":{"rendered":"\t\t<div data-elementor-type=\"wp-page\" data-elementor-id=\"1848\" class=\"elementor elementor-1848\" data-elementor-post-type=\"page\">\n\t\t\t\t<div class=\"elementor-element elementor-element-dd29ec3 e-flex e-con-boxed e-con e-parent\" data-id=\"dd29ec3\" data-element_type=\"container\" data-core-v316-plus=\"true\">\n\t\t\t\t\t<div class=\"e-con-inner\">\n\t\t\t\t<div class=\"elementor-element elementor-element-2bd70e6 elementor-widget elementor-widget-spacer\" data-id=\"2bd70e6\" data-element_type=\"widget\" data-widget_type=\"spacer.default\">\n\t\t\t\t<div class=\"elementor-widget-container\">\n\t\t\t<style>\/*! elementor - v3.20.0 - 20-03-2024 *\/\n.elementor-column .elementor-spacer-inner{height:var(--spacer-size)}.e-con{--container-widget-width:100%}.e-con-inner>.elementor-widget-spacer,.e-con>.elementor-widget-spacer{width:var(--container-widget-width,var(--spacer-size));--align-self:var(--container-widget-align-self,initial);--flex-shrink:0}.e-con-inner>.elementor-widget-spacer>.elementor-widget-container,.e-con>.elementor-widget-spacer>.elementor-widget-container{height:100%;width:100%}.e-con-inner>.elementor-widget-spacer>.elementor-widget-container>.elementor-spacer,.e-con>.elementor-widget-spacer>.elementor-widget-container>.elementor-spacer{height:100%}.e-con-inner>.elementor-widget-spacer>.elementor-widget-container>.elementor-spacer>.elementor-spacer-inner,.e-con>.elementor-widget-spacer>.elementor-widget-container>.elementor-spacer>.elementor-spacer-inner{height:var(--container-widget-height,var(--spacer-size))}.e-con-inner>.elementor-widget-spacer.elementor-widget-empty,.e-con>.elementor-widget-spacer.elementor-widget-empty{position:relative;min-height:22px;min-width:22px}.e-con-inner>.elementor-widget-spacer.elementor-widget-empty .elementor-widget-empty-icon,.e-con>.elementor-widget-spacer.elementor-widget-empty .elementor-widget-empty-icon{position:absolute;top:0;bottom:0;left:0;right:0;margin:auto;padding:0;width:22px;height:22px}<\/style>\t\t<div class=\"elementor-spacer\">\n\t\t\t<div class=\"elementor-spacer-inner\"><\/div>\n\t\t<\/div>\n\t\t\t\t<\/div>\n\t\t\t\t<\/div>\n\t\t\t\t\t<\/div>\n\t\t\t\t<\/div>\n\t\t<div class=\"elementor-element elementor-element-7dbfb6a e-flex e-con-boxed e-con e-parent\" data-id=\"7dbfb6a\" data-element_type=\"container\" data-core-v316-plus=\"true\">\n\t\t\t\t\t<div class=\"e-con-inner\">\n\t\t<div class=\"elementor-element elementor-element-a3eb6da e-con-full e-flex e-con e-child\" data-id=\"a3eb6da\" data-element_type=\"container\">\n\t\t\t\t<div class=\"elementor-element elementor-element-8b0a47d elementor-widget elementor-widget-text-editor\" data-id=\"8b0a47d\" data-element_type=\"widget\" data-widget_type=\"text-editor.default\">\n\t\t\t\t<div class=\"elementor-widget-container\">\n\t\t\t<style>\/*! elementor - v3.20.0 - 20-03-2024 *\/\n.elementor-widget-text-editor.elementor-drop-cap-view-stacked .elementor-drop-cap{background-color:#69727d;color:#fff}.elementor-widget-text-editor.elementor-drop-cap-view-framed .elementor-drop-cap{color:#69727d;border:3px solid;background-color:transparent}.elementor-widget-text-editor:not(.elementor-drop-cap-view-default) .elementor-drop-cap{margin-top:8px}.elementor-widget-text-editor:not(.elementor-drop-cap-view-default) .elementor-drop-cap-letter{width:1em;height:1em}.elementor-widget-text-editor .elementor-drop-cap{float:left;text-align:center;line-height:1;font-size:50px}.elementor-widget-text-editor .elementor-drop-cap-letter{display:inline-block}<\/style>\t\t\t\t<p><strong>Nyhet<\/strong><\/p>\t\t\t\t\t\t<\/div>\n\t\t\t\t<\/div>\n\t\t\t\t<div class=\"elementor-element elementor-element-0892de9 elementor-widget elementor-widget-text-editor\" data-id=\"0892de9\" data-element_type=\"widget\" data-widget_type=\"text-editor.default\">\n\t\t\t\t<div class=\"elementor-widget-container\">\n\t\t\t\t\t\t\t<p><strong>T\u00e4vla i \u00e5rets turistbussbild!<\/strong><\/p>\t\t\t\t\t\t<\/div>\n\t\t\t\t<\/div>\n\t\t\t\t<div class=\"elementor-element elementor-element-1ce577c elementor-widget elementor-widget-text-editor\" data-id=\"1ce577c\" data-element_type=\"widget\" data-widget_type=\"text-editor.default\">\n\t\t\t\t<div class=\"elementor-widget-container\">\n\t\t\t\t\t\t\t<p>Vi vet att det finns m\u00e5nga duktiga fotografer d\u00e4r ute och fr\u00e5n branschen vill vi nu s\u00e4tta ljuset p\u00e5 allt som skapas! Nu finns chansen att f\u00e5 din bild utsedd till \u00e5rets turistbussbild!<\/p><p>Alla inkomna bidrag kommer g\u00e5s igenom av en jury best\u00e5ende av representanter f\u00f6r bussbranschen och de ledande fordonstillverkarna. Tre finalister kommer att nomineras och vinnaren koras under Busstorget, Sveriges st\u00f6rsta m\u00f6tesplats f\u00f6r turistbussbranschen, den 16 april.<\/p>\t\t\t\t\t\t<\/div>\n\t\t\t\t<\/div>\n\t\t\t\t<div class=\"elementor-element elementor-element-f8ecc2c elementor-widget elementor-widget-text-editor\" data-id=\"f8ecc2c\" data-element_type=\"widget\" data-widget_type=\"text-editor.default\">\n\t\t\t\t<div class=\"elementor-widget-container\">\n\t\t\t\t\t\t\t<p><strong>Vad kan jag vinna?<br \/><\/strong>F\u00f6rsta pris \u00e4r ett presentkort fr\u00e5n Liveit p\u00e5 5000 kronor, andra pris p\u00e5 3000 kronor och tredje pris p\u00e5 2000 kronor.<\/p><p><strong>Hur t\u00e4vlar jag?<br \/><\/strong>F\u00f6r att t\u00e4vla mejlar du in din bild till\u00a0<a href=\"mailto:busstorget@transportforetagen.se\">busstorget@transportforetagen.se<\/a>\u00a0tillsammans med ditt namn, mejladress, mobilnummer och en beskrivning av vart bilden \u00e4r tagen och i vilket sammanhang.<\/p><p>D\u00e5 vi hoppas p\u00e5 m\u00e5nga fina bidrag s\u00e5 vill vi ocks\u00e5 att du anger om vi f\u00e5r anv\u00e4nda din bild \u00e4ven om du inte vinner (med fotograf angiven).<\/p><p>Vi vill ha in ditt bidrag senast 27 mars.<\/p><p><strong>Lycka till!<\/strong><\/p>\t\t\t\t\t\t<\/div>\n\t\t\t\t<\/div>\n\t\t\t\t<\/div>\n\t\t\t\t<div class=\"elementor-element elementor-element-e14129d elementor-widget elementor-widget-spacer\" data-id=\"e14129d\" data-element_type=\"widget\" data-widget_type=\"spacer.default\">\n\t\t\t\t<div class=\"elementor-widget-container\">\n\t\t\t\t\t<div class=\"elementor-spacer\">\n\t\t\t<div class=\"elementor-spacer-inner\"><\/div>\n\t\t<\/div>\n\t\t\t\t<\/div>\n\t\t\t\t<\/div>\n\t\t<div class=\"elementor-element elementor-element-9a06452 e-con-full e-flex e-con e-child\" data-id=\"9a06452\" data-element_type=\"container\">\n\t\t\t\t<div class=\"elementor-element elementor-element-269574d elementor-widget elementor-widget-image\" data-id=\"269574d\" data-element_type=\"widget\" data-widget_type=\"image.default\">\n\t\t\t\t<div class=\"elementor-widget-container\">\n\t\t\t<style>\/*! elementor - v3.20.0 - 20-03-2024 *\/\n.elementor-widget-image{text-align:center}.elementor-widget-image a{display:inline-block}.elementor-widget-image a img[src$=\".svg\"]{width:48px}.elementor-widget-image img{vertical-align:middle;display:inline-block}<\/style>\t\t\t\t\t\t\t\t\t\t<img fetchpriority=\"high\" decoding=\"async\" width=\"800\" height=\"800\" src=\"https:\/\/nmevents.se\/busstorget\/wp-content\/uploads\/sites\/42\/2026\/02\/IMG_9935_1-1024x1024.png\" class=\"attachment-large size-large wp-image-1862\" alt=\"\" srcset=\"https:\/\/nmevents.se\/busstorget\/wp-content\/uploads\/sites\/42\/2026\/02\/IMG_9935_1-1024x1024.png 1024w, https:\/\/nmevents.se\/busstorget\/wp-content\/uploads\/sites\/42\/2026\/02\/IMG_9935_1-300x300.png 300w, https:\/\/nmevents.se\/busstorget\/wp-content\/uploads\/sites\/42\/2026\/02\/IMG_9935_1-150x150.png 150w, https:\/\/nmevents.se\/busstorget\/wp-content\/uploads\/sites\/42\/2026\/02\/IMG_9935_1-768x768.png 768w, https:\/\/nmevents.se\/busstorget\/wp-content\/uploads\/sites\/42\/2026\/02\/IMG_9935_1.png 1124w\" sizes=\"(max-width: 800px) 100vw, 800px\" \/>\t\t\t\t\t\t\t\t\t\t\t\t\t<\/div>\n\t\t\t\t<\/div>\n\t\t\t\t<\/div>\n\t\t\t\t\t<\/div>\n\t\t\t\t<\/div>\n\t\t<div class=\"elementor-element elementor-element-c826490 e-flex e-con-boxed e-con e-parent\" data-id=\"c826490\" data-element_type=\"container\" data-core-v316-plus=\"true\">\n\t\t\t\t\t<div class=\"e-con-inner\">\n\t\t\t\t<div class=\"elementor-element elementor-element-195b4cf elementor-widget elementor-widget-spacer\" data-id=\"195b4cf\" data-element_type=\"widget\" data-widget_type=\"spacer.default\">\n\t\t\t\t<div class=\"elementor-widget-container\">\n\t\t\t\t\t<div class=\"elementor-spacer\">\n\t\t\t<div class=\"elementor-spacer-inner\"><\/div>\n\t\t<\/div>\n\t\t\t\t<\/div>\n\t\t\t\t<\/div>\n\t\t\t\t\t<\/div>\n\t\t\t\t<\/div>\n\t\t<div class=\"elementor-element elementor-element-1d418b7 e-flex e-con-boxed e-con e-parent\" data-id=\"1d418b7\" data-element_type=\"container\" data-core-v316-plus=\"true\">\n\t\t\t\t\t<div class=\"e-con-inner\">\n\t\t\t\t<div class=\"elementor-element elementor-element-5001ec5 elementor-widget-divider--view-line elementor-widget elementor-widget-divider\" data-id=\"5001ec5\" data-element_type=\"widget\" data-widget_type=\"divider.default\">\n\t\t\t\t<div class=\"elementor-widget-container\">\n\t\t\t<style>\/*! elementor - v3.20.0 - 20-03-2024 *\/\n.elementor-widget-divider{--divider-border-style:none;--divider-border-width:1px;--divider-color:#0c0d0e;--divider-icon-size:20px;--divider-element-spacing:10px;--divider-pattern-height:24px;--divider-pattern-size:20px;--divider-pattern-url:none;--divider-pattern-repeat:repeat-x}.elementor-widget-divider .elementor-divider{display:flex}.elementor-widget-divider .elementor-divider__text{font-size:15px;line-height:1;max-width:95%}.elementor-widget-divider .elementor-divider__element{margin:0 var(--divider-element-spacing);flex-shrink:0}.elementor-widget-divider .elementor-icon{font-size:var(--divider-icon-size)}.elementor-widget-divider .elementor-divider-separator{display:flex;margin:0;direction:ltr}.elementor-widget-divider--view-line_icon .elementor-divider-separator,.elementor-widget-divider--view-line_text .elementor-divider-separator{align-items:center}.elementor-widget-divider--view-line_icon .elementor-divider-separator:after,.elementor-widget-divider--view-line_icon .elementor-divider-separator:before,.elementor-widget-divider--view-line_text .elementor-divider-separator:after,.elementor-widget-divider--view-line_text .elementor-divider-separator:before{display:block;content:\"\";border-block-end:0;flex-grow:1;border-block-start:var(--divider-border-width) var(--divider-border-style) var(--divider-color)}.elementor-widget-divider--element-align-left .elementor-divider .elementor-divider-separator>.elementor-divider__svg:first-of-type{flex-grow:0;flex-shrink:100}.elementor-widget-divider--element-align-left .elementor-divider-separator:before{content:none}.elementor-widget-divider--element-align-left .elementor-divider__element{margin-left:0}.elementor-widget-divider--element-align-right .elementor-divider .elementor-divider-separator>.elementor-divider__svg:last-of-type{flex-grow:0;flex-shrink:100}.elementor-widget-divider--element-align-right .elementor-divider-separator:after{content:none}.elementor-widget-divider--element-align-right .elementor-divider__element{margin-right:0}.elementor-widget-divider--element-align-start .elementor-divider .elementor-divider-separator>.elementor-divider__svg:first-of-type{flex-grow:0;flex-shrink:100}.elementor-widget-divider--element-align-start .elementor-divider-separator:before{content:none}.elementor-widget-divider--element-align-start .elementor-divider__element{margin-inline-start:0}.elementor-widget-divider--element-align-end .elementor-divider .elementor-divider-separator>.elementor-divider__svg:last-of-type{flex-grow:0;flex-shrink:100}.elementor-widget-divider--element-align-end .elementor-divider-separator:after{content:none}.elementor-widget-divider--element-align-end .elementor-divider__element{margin-inline-end:0}.elementor-widget-divider:not(.elementor-widget-divider--view-line_text):not(.elementor-widget-divider--view-line_icon) .elementor-divider-separator{border-block-start:var(--divider-border-width) var(--divider-border-style) var(--divider-color)}.elementor-widget-divider--separator-type-pattern{--divider-border-style:none}.elementor-widget-divider--separator-type-pattern.elementor-widget-divider--view-line .elementor-divider-separator,.elementor-widget-divider--separator-type-pattern:not(.elementor-widget-divider--view-line) .elementor-divider-separator:after,.elementor-widget-divider--separator-type-pattern:not(.elementor-widget-divider--view-line) .elementor-divider-separator:before,.elementor-widget-divider--separator-type-pattern:not([class*=elementor-widget-divider--view]) .elementor-divider-separator{width:100%;min-height:var(--divider-pattern-height);-webkit-mask-size:var(--divider-pattern-size) 100%;mask-size:var(--divider-pattern-size) 100%;-webkit-mask-repeat:var(--divider-pattern-repeat);mask-repeat:var(--divider-pattern-repeat);background-color:var(--divider-color);-webkit-mask-image:var(--divider-pattern-url);mask-image:var(--divider-pattern-url)}.elementor-widget-divider--no-spacing{--divider-pattern-size:auto}.elementor-widget-divider--bg-round{--divider-pattern-repeat:round}.rtl .elementor-widget-divider .elementor-divider__text{direction:rtl}.e-con-inner>.elementor-widget-divider,.e-con>.elementor-widget-divider{width:var(--container-widget-width,100%);--flex-grow:var(--container-widget-flex-grow)}<\/style>\t\t<div class=\"elementor-divider\">\n\t\t\t<span class=\"elementor-divider-separator\">\n\t\t\t\t\t\t<\/span>\n\t\t<\/div>\n\t\t\t\t<\/div>\n\t\t\t\t<\/div>\n\t\t\t\t\t<\/div>\n\t\t\t\t<\/div>\n\t\t<div class=\"elementor-element elementor-element-75ec511 e-flex e-con-boxed e-con e-parent\" data-id=\"75ec511\" data-element_type=\"container\" data-core-v316-plus=\"true\">\n\t\t\t\t\t<div class=\"e-con-inner\">\n\t\t\t\t<div class=\"elementor-element elementor-element-ce95f75 elementor-widget elementor-widget-spacer\" data-id=\"ce95f75\" data-element_type=\"widget\" data-widget_type=\"spacer.default\">\n\t\t\t\t<div class=\"elementor-widget-container\">\n\t\t\t\t\t<div class=\"elementor-spacer\">\n\t\t\t<div class=\"elementor-spacer-inner\"><\/div>\n\t\t<\/div>\n\t\t\t\t<\/div>\n\t\t\t\t<\/div>\n\t\t\t\t\t<\/div>\n\t\t\t\t<\/div>\n\t\t<div class=\"elementor-element elementor-element-e8cfe64 e-flex e-con-boxed e-con e-parent\" data-id=\"e8cfe64\" data-element_type=\"container\" data-core-v316-plus=\"true\">\n\t\t\t\t\t<div class=\"e-con-inner\">\n\t\t<div class=\"elementor-element elementor-element-3fa7160 e-con-full e-flex e-con e-child\" data-id=\"3fa7160\" data-element_type=\"container\">\n\t\t\t\t<div class=\"elementor-element elementor-element-90939fc elementor-widget elementor-widget-text-editor\" data-id=\"90939fc\" data-element_type=\"widget\" data-widget_type=\"text-editor.default\">\n\t\t\t\t<div class=\"elementor-widget-container\">\n\t\t\t\t\t\t\t<p><strong>Kriterier:<\/strong><\/p>\t\t\t\t\t\t<\/div>\n\t\t\t\t<\/div>\n\t\t\t\t<\/div>\n\t\t\t\t\t<\/div>\n\t\t\t\t<\/div>\n\t\t<div class=\"elementor-element elementor-element-103829c e-flex e-con-boxed e-con e-parent\" data-id=\"103829c\" data-element_type=\"container\" data-core-v316-plus=\"true\">\n\t\t\t\t\t<div class=\"e-con-inner\">\n\t\t<div class=\"elementor-element elementor-element-a14c372 e-con-full e-flex e-con e-child\" data-id=\"a14c372\" data-element_type=\"container\">\n\t\t\t\t<div class=\"elementor-element elementor-element-c5368a6 elementor-widget elementor-widget-text-editor\" data-id=\"c5368a6\" data-element_type=\"widget\" data-widget_type=\"text-editor.default\">\n\t\t\t\t<div class=\"elementor-widget-container\">\n\t\t\t\t\t\t\t<ul><li>Bilden ska vara p\u00e5 en turistbuss<\/li><li>Bilden ska p\u00e5 valfritt s\u00e4tt skildra verksamhet inom best\u00e4llningstrafik<\/li><li>Bilden ska vara tagen av dig sj\u00e4lv<\/li><li>Bilden ska vara maximalt tre \u00e5r gammal<\/li><li>Bilden ska f\u00e5 anv\u00e4ndas fritt av Sveriges Bussf\u00f6retag efter t\u00e4vlingen i olika positiva sammanhang (med fotograf angiven)<\/li><\/ul>\t\t\t\t\t\t<\/div>\n\t\t\t\t<\/div>\n\t\t\t\t<\/div>\n\t\t\t\t<div class=\"elementor-element elementor-element-280ac7f elementor-widget elementor-widget-spacer\" data-id=\"280ac7f\" data-element_type=\"widget\" data-widget_type=\"spacer.default\">\n\t\t\t\t<div class=\"elementor-widget-container\">\n\t\t\t\t\t<div class=\"elementor-spacer\">\n\t\t\t<div class=\"elementor-spacer-inner\"><\/div>\n\t\t<\/div>\n\t\t\t\t<\/div>\n\t\t\t\t<\/div>\n\t\t<div class=\"elementor-element elementor-element-79b6763 e-con-full e-flex e-con e-child\" data-id=\"79b6763\" data-element_type=\"container\">\n\t\t\t\t<div class=\"elementor-element elementor-element-352a515 elementor-widget elementor-widget-text-editor\" data-id=\"352a515\" data-element_type=\"widget\" data-widget_type=\"text-editor.default\">\n\t\t\t\t<div class=\"elementor-widget-container\">\n\t\t\t\t\t\t\t<ul><li>Om det finns m\u00e4nniskor som g\u00e5r att identifiera med p\u00e5 bilden ska de ha l\u00e4mnat samtycke till att vara med<\/li><li>Om det tydligt syns p\u00e5 bilden vilket f\u00f6retag bussen tillh\u00f6r, s\u00e5 ska f\u00f6retaget vara medlem i Sveriges Bussf\u00f6retag<\/li><\/ul>\t\t\t\t\t\t<\/div>\n\t\t\t\t<\/div>\n\t\t\t\t<div class=\"elementor-element elementor-element-c912a72 elementor-widget elementor-widget-button\" data-id=\"c912a72\" data-element_type=\"widget\" data-widget_type=\"button.default\">\n\t\t\t\t<div class=\"elementor-widget-container\">\n\t\t\t\t\t<div class=\"elementor-button-wrapper\">\n\t\t\t<a class=\"elementor-button elementor-button-link elementor-size-sm\" href=\"mailto:busstorget@transportforetagen.se\" target=\"_blank\">\n\t\t\t\t\t\t<span class=\"elementor-button-content-wrapper\">\n\t\t\t\t\t\t<span class=\"elementor-button-text\">Skicka in ditt bidrag<\/span>\n\t\t<\/span>\n\t\t\t\t\t<\/a>\n\t\t<\/div>\n\t\t\t\t<\/div>\n\t\t\t\t<\/div>\n\t\t\t\t<\/div>\n\t\t\t\t\t<\/div>\n\t\t\t\t<\/div>\n\t\t<div class=\"elementor-element elementor-element-ceafec6 e-flex e-con-boxed e-con e-parent\" data-id=\"ceafec6\" data-element_type=\"container\" data-core-v316-plus=\"true\">\n\t\t\t\t\t<div class=\"e-con-inner\">\n\t\t\t\t<div class=\"elementor-element elementor-element-991e369 elementor-widget elementor-widget-spacer\" data-id=\"991e369\" data-element_type=\"widget\" data-widget_type=\"spacer.default\">\n\t\t\t\t<div class=\"elementor-widget-container\">\n\t\t\t\t\t<div class=\"elementor-spacer\">\n\t\t\t<div class=\"elementor-spacer-inner\"><\/div>\n\t\t<\/div>\n\t\t\t\t<\/div>\n\t\t\t\t<\/div>\n\t\t\t\t\t<\/div>\n\t\t\t\t<\/div>\n\t\t<div class=\"elementor-element elementor-element-91ade6f e-flex e-con-boxed e-con e-parent\" data-id=\"91ade6f\" data-element_type=\"container\" data-settings=\"{&quot;background_background&quot;:&quot;classic&quot;}\" data-core-v316-plus=\"true\">\n\t\t\t\t\t<div class=\"e-con-inner\">\n\t\t<div class=\"elementor-element elementor-element-3dc8e71 e-flex e-con-boxed e-con e-child\" data-id=\"3dc8e71\" data-element_type=\"container\" data-settings=\"{&quot;background_background&quot;:&quot;classic&quot;}\">\n\t\t\t\t\t<div class=\"e-con-inner\">\n\t\t<div class=\"elementor-element elementor-element-73c5c88 e-con-full e-flex e-con e-child\" data-id=\"73c5c88\" data-element_type=\"container\">\n\t\t\t\t<div class=\"elementor-element elementor-element-0feb378 elementor-widget__width-initial elementor-widget elementor-widget-image\" data-id=\"0feb378\" data-element_type=\"widget\" data-widget_type=\"image.default\">\n\t\t\t\t<div class=\"elementor-widget-container\">\n\t\t\t\t\t\t\t\t\t\t\t\t\t<img decoding=\"async\" width=\"300\" height=\"106\" src=\"https:\/\/nmevents.se\/busstorget\/wp-content\/uploads\/sites\/42\/2023\/11\/busstorgetbildlogga-300x106.png\" class=\"attachment-medium size-medium wp-image-828\" alt=\"\" srcset=\"https:\/\/nmevents.se\/busstorget\/wp-content\/uploads\/sites\/42\/2023\/11\/busstorgetbildlogga-300x106.png 300w, https:\/\/nmevents.se\/busstorget\/wp-content\/uploads\/sites\/42\/2023\/11\/busstorgetbildlogga-1024x362.png 1024w, https:\/\/nmevents.se\/busstorget\/wp-content\/uploads\/sites\/42\/2023\/11\/busstorgetbildlogga-768x271.png 768w, https:\/\/nmevents.se\/busstorget\/wp-content\/uploads\/sites\/42\/2023\/11\/busstorgetbildlogga-1536x542.png 1536w, https:\/\/nmevents.se\/busstorget\/wp-content\/uploads\/sites\/42\/2023\/11\/busstorgetbildlogga.png 1713w\" sizes=\"(max-width: 300px) 100vw, 300px\" \/>\t\t\t\t\t\t\t\t\t\t\t\t\t<\/div>\n\t\t\t\t<\/div>\n\t\t\t\t<\/div>\n\t\t\t\t\t<\/div>\n\t\t\t\t<\/div>\n\t\t<div class=\"elementor-element elementor-element-c95d03a e-con-full e-flex e-con e-child\" data-id=\"c95d03a\" data-element_type=\"container\">\n\t\t\t\t<div class=\"elementor-element elementor-element-bfbe91c elementor-widget elementor-widget-spacer\" data-id=\"bfbe91c\" data-element_type=\"widget\" data-widget_type=\"spacer.default\">\n\t\t\t\t<div class=\"elementor-widget-container\">\n\t\t\t\t\t<div class=\"elementor-spacer\">\n\t\t\t<div class=\"elementor-spacer-inner\"><\/div>\n\t\t<\/div>\n\t\t\t\t<\/div>\n\t\t\t\t<\/div>\n\t\t\t\t<div class=\"elementor-element elementor-element-9ab82bb elementor-widget elementor-widget-spacer\" data-id=\"9ab82bb\" data-element_type=\"widget\" data-widget_type=\"spacer.default\">\n\t\t\t\t<div class=\"elementor-widget-container\">\n\t\t\t\t\t<div class=\"elementor-spacer\">\n\t\t\t<div class=\"elementor-spacer-inner\"><\/div>\n\t\t<\/div>\n\t\t\t\t<\/div>\n\t\t\t\t<\/div>\n\t\t\t\t<div class=\"elementor-element elementor-element-04d3bc3 elementor-widget elementor-widget-heading\" data-id=\"04d3bc3\" data-element_type=\"widget\" data-widget_type=\"heading.default\">\n\t\t\t\t<div class=\"elementor-widget-container\">\n\t\t\t<style>\/*! elementor - v3.20.0 - 20-03-2024 *\/\n.elementor-heading-title{padding:0;margin:0;line-height:1}.elementor-widget-heading .elementor-heading-title[class*=elementor-size-]>a{color:inherit;font-size:inherit;line-height:inherit}.elementor-widget-heading .elementor-heading-title.elementor-size-small{font-size:15px}.elementor-widget-heading .elementor-heading-title.elementor-size-medium{font-size:19px}.elementor-widget-heading .elementor-heading-title.elementor-size-large{font-size:29px}.elementor-widget-heading .elementor-heading-title.elementor-size-xl{font-size:39px}.elementor-widget-heading .elementor-heading-title.elementor-size-xxl{font-size:59px}<\/style><h6 class=\"elementor-heading-title elementor-size-default\">Kontakta oss<\/h6>\t\t<\/div>\n\t\t\t\t<\/div>\n\t\t\t\t<div class=\"elementor-element elementor-element-1c12cea elementor-mobile-align-center elementor-icon-list--layout-traditional elementor-list-item-link-full_width elementor-widget elementor-widget-icon-list\" data-id=\"1c12cea\" data-element_type=\"widget\" data-widget_type=\"icon-list.default\">\n\t\t\t\t<div class=\"elementor-widget-container\">\n\t\t\t<link rel=\"stylesheet\" href=\"https:\/\/nmevents.se\/busstorget\/wp-content\/plugins\/elementor\/assets\/css\/widget-icon-list.min.css\">\t\t<ul class=\"elementor-icon-list-items\">\n\t\t\t\t\t\t\t<li class=\"elementor-icon-list-item\">\n\t\t\t\t\t\t\t\t\t\t<span class=\"elementor-icon-list-text\">busstorget@transportforetagen.se<\/span>\n\t\t\t\t\t\t\t\t\t<\/li>\n\t\t\t\t\t\t<\/ul>\n\t\t\t\t<\/div>\n\t\t\t\t<\/div>\n\t\t\t\t<\/div>\n\t\t\t\t\t<\/div>\n\t\t\t\t<\/div>\n\t\t\t\t<\/div>\n\t\t","protected":false},"excerpt":{"rendered":"<p>Nyhet T\u00e4vla i \u00e5rets turistbussbild! Vi vet att det finns m\u00e5nga duktiga fotografer d\u00e4r ute och fr\u00e5n branschen vill vi nu s\u00e4tta ljuset p\u00e5 allt som skapas! Nu finns chansen att f\u00e5 din bild utsedd till \u00e5rets turistbussbild! Alla inkomna bidrag kommer g\u00e5s igenom av en jury best\u00e5ende av representanter f\u00f6r bussbranschen och de ledande [&hellip;]<\/p>\n","protected":false},"author":12,"featured_media":0,"parent":0,"menu_order":0,"comment_status":"closed","ping_status":"closed","template":"","meta":{"_acf_changed":false,"footnotes":""},"acf":[],"_links":{"self":[{"href":"https:\/\/nmevents.se\/busstorget\/wp-json\/wp\/v2\/pages\/1848"}],"collection":[{"href":"https:\/\/nmevents.se\/busstorget\/wp-json\/wp\/v2\/pages"}],"about":[{"href":"https:\/\/nmevents.se\/busstorget\/wp-json\/wp\/v2\/types\/page"}],"author":[{"embeddable":true,"href":"https:\/\/nmevents.se\/busstorget\/wp-json\/wp\/v2\/users\/12"}],"replies":[{"embeddable":true,"href":"https:\/\/nmevents.se\/busstorget\/wp-json\/wp\/v2\/comments?post=1848"}],"version-history":[{"count":18,"href":"https:\/\/nmevents.se\/busstorget\/wp-json\/wp\/v2\/pages\/1848\/revisions"}],"predecessor-version":[{"id":1882,"href":"https:\/\/nmevents.se\/busstorget\/wp-json\/wp\/v2\/pages\/1848\/revisions\/1882"}],"wp:attachment":[{"href":"https:\/\/nmevents.se\/busstorget\/wp-json\/wp\/v2\/media?parent=1848"}],"curies":[{"name":"wp","href":"https:\/\/api.w.org\/{rel}","templated":true}]}}