{"id":1580,"date":"2023-11-06T11:17:06","date_gmt":"2023-11-06T11:17:06","guid":{"rendered":"https:\/\/eventdk5_.nordiske-medier.dk5_\/?page_id=15"},"modified":"2026-03-10T11:03:14","modified_gmt":"2026-03-10T10:03:14","slug":"events-2","status":"publish","type":"page","link":"https:\/\/nmevents.se\/cleanbrightawards\/","title":{"rendered":"V\u00e4lkommen"},"content":{"rendered":"\t\t<div data-elementor-type=\"wp-page\" data-elementor-id=\"1580\" class=\"elementor elementor-1580\" data-elementor-post-type=\"page\">\n\t\t\t\t<div class=\"elementor-element elementor-element-68992a1 e-con-full e-flex e-con e-parent\" data-id=\"68992a1\" data-element_type=\"container\" data-core-v316-plus=\"true\">\n\t\t\t\t<div class=\"elementor-element elementor-element-b39dbcd elementor-widget elementor-widget-video\" data-id=\"b39dbcd\" data-element_type=\"widget\" data-settings=\"{&quot;video_type&quot;:&quot;hosted&quot;,&quot;autoplay&quot;:&quot;yes&quot;,&quot;play_on_mobile&quot;:&quot;yes&quot;,&quot;mute&quot;:&quot;yes&quot;}\" data-widget_type=\"video.default\">\n\t\t\t\t<div class=\"elementor-widget-container\">\n\t\t\t<style>\/*! elementor - v3.20.0 - 20-03-2024 *\/\n.elementor-widget-video .elementor-widget-container{overflow:hidden;transform:translateZ(0)}.elementor-widget-video .elementor-wrapper{aspect-ratio:var(--video-aspect-ratio)}.elementor-widget-video .elementor-wrapper iframe,.elementor-widget-video .elementor-wrapper video{height:100%;width:100%;display:flex;border:none;background-color:#000}@supports not (aspect-ratio:1\/1){.elementor-widget-video .elementor-wrapper{position:relative;overflow:hidden;height:0;padding-bottom:calc(100% \/ var(--video-aspect-ratio))}.elementor-widget-video .elementor-wrapper iframe,.elementor-widget-video .elementor-wrapper video{position:absolute;top:0;right:0;bottom:0;left:0}}.elementor-widget-video .elementor-open-inline .elementor-custom-embed-image-overlay{position:absolute;top:0;right:0;bottom:0;left:0;background-size:cover;background-position:50%}.elementor-widget-video .elementor-custom-embed-image-overlay{cursor:pointer;text-align:center}.elementor-widget-video .elementor-custom-embed-image-overlay:hover .elementor-custom-embed-play i{opacity:1}.elementor-widget-video .elementor-custom-embed-image-overlay img{display:block;width:100%;aspect-ratio:var(--video-aspect-ratio);-o-object-fit:cover;object-fit:cover;-o-object-position:center center;object-position:center center}@supports not (aspect-ratio:1\/1){.elementor-widget-video .elementor-custom-embed-image-overlay{position:relative;overflow:hidden;height:0;padding-bottom:calc(100% \/ var(--video-aspect-ratio))}.elementor-widget-video .elementor-custom-embed-image-overlay img{position:absolute;top:0;right:0;bottom:0;left:0}}.elementor-widget-video .e-hosted-video .elementor-video{-o-object-fit:cover;object-fit:cover}.e-con-inner>.elementor-widget-video,.e-con>.elementor-widget-video{width:var(--container-widget-width);--flex-grow:var(--container-widget-flex-grow)}<\/style>\t\t<div class=\"e-hosted-video elementor-wrapper elementor-open-inline\">\n\t\t\t\t\t<video class=\"elementor-video\" src=\"https:\/\/nmevents.se\/cleanbrightawards2\/wp-content\/uploads\/sites\/66\/2025\/05\/CBA_HEADER_MAIN_1.mp4\" autoplay=\"\" muted=\"muted\" playsinline=\"\" controlsList=\"nodownload\"><\/video>\n\t\t\t\t<\/div>\n\t\t\t\t<\/div>\n\t\t\t\t<\/div>\n\t\t\t\t<\/div>\n\t\t<div class=\"elementor-element elementor-element-64da1c9 e-flex e-con-boxed e-con e-parent\" data-id=\"64da1c9\" data-element_type=\"container\" data-core-v316-plus=\"true\">\n\t\t\t\t\t<div class=\"e-con-inner\">\n\t\t\t\t<div class=\"elementor-element elementor-element-3b071ff elementor-widget elementor-widget-spacer\" data-id=\"3b071ff\" data-element_type=\"widget\" data-widget_type=\"spacer.default\">\n\t\t\t\t<div class=\"elementor-widget-container\">\n\t\t\t<style>\/*! elementor - v3.20.0 - 20-03-2024 *\/\n.elementor-column .elementor-spacer-inner{height:var(--spacer-size)}.e-con{--container-widget-width:100%}.e-con-inner>.elementor-widget-spacer,.e-con>.elementor-widget-spacer{width:var(--container-widget-width,var(--spacer-size));--align-self:var(--container-widget-align-self,initial);--flex-shrink:0}.e-con-inner>.elementor-widget-spacer>.elementor-widget-container,.e-con>.elementor-widget-spacer>.elementor-widget-container{height:100%;width:100%}.e-con-inner>.elementor-widget-spacer>.elementor-widget-container>.elementor-spacer,.e-con>.elementor-widget-spacer>.elementor-widget-container>.elementor-spacer{height:100%}.e-con-inner>.elementor-widget-spacer>.elementor-widget-container>.elementor-spacer>.elementor-spacer-inner,.e-con>.elementor-widget-spacer>.elementor-widget-container>.elementor-spacer>.elementor-spacer-inner{height:var(--container-widget-height,var(--spacer-size))}.e-con-inner>.elementor-widget-spacer.elementor-widget-empty,.e-con>.elementor-widget-spacer.elementor-widget-empty{position:relative;min-height:22px;min-width:22px}.e-con-inner>.elementor-widget-spacer.elementor-widget-empty .elementor-widget-empty-icon,.e-con>.elementor-widget-spacer.elementor-widget-empty .elementor-widget-empty-icon{position:absolute;top:0;bottom:0;left:0;right:0;margin:auto;padding:0;width:22px;height:22px}<\/style>\t\t<div class=\"elementor-spacer\">\n\t\t\t<div class=\"elementor-spacer-inner\"><\/div>\n\t\t<\/div>\n\t\t\t\t<\/div>\n\t\t\t\t<\/div>\n\t\t\t\t\t<\/div>\n\t\t\t\t<\/div>\n\t\t<div class=\"elementor-element elementor-element-892a86e e-flex e-con-boxed e-con e-parent\" data-id=\"892a86e\" data-element_type=\"container\" data-core-v316-plus=\"true\">\n\t\t\t\t\t<div class=\"e-con-inner\">\n\t\t\t\t<div class=\"elementor-element elementor-element-d3fde33 elementor-widget elementor-widget-spacer\" data-id=\"d3fde33\" data-element_type=\"widget\" data-widget_type=\"spacer.default\">\n\t\t\t\t<div class=\"elementor-widget-container\">\n\t\t\t\t\t<div class=\"elementor-spacer\">\n\t\t\t<div class=\"elementor-spacer-inner\"><\/div>\n\t\t<\/div>\n\t\t\t\t<\/div>\n\t\t\t\t<\/div>\n\t\t\t\t\t<\/div>\n\t\t\t\t<\/div>\n\t\t<div class=\"elementor-element elementor-element-32ab9ab e-flex e-con-boxed e-con e-parent\" data-id=\"32ab9ab\" data-element_type=\"container\" data-core-v316-plus=\"true\">\n\t\t\t\t\t<div class=\"e-con-inner\">\n\t\t<div class=\"elementor-element elementor-element-a6d5d27 e-con-full e-flex e-con e-child\" data-id=\"a6d5d27\" data-element_type=\"container\">\n\t\t\t\t<div class=\"elementor-element elementor-element-718b46e elementor-widget elementor-widget-spacer\" data-id=\"718b46e\" data-element_type=\"widget\" data-widget_type=\"spacer.default\">\n\t\t\t\t<div class=\"elementor-widget-container\">\n\t\t\t\t\t<div class=\"elementor-spacer\">\n\t\t\t<div class=\"elementor-spacer-inner\"><\/div>\n\t\t<\/div>\n\t\t\t\t<\/div>\n\t\t\t\t<\/div>\n\t\t\t\t<div class=\"elementor-element elementor-element-2d36119 elementor-widget elementor-widget-image\" data-id=\"2d36119\" data-element_type=\"widget\" data-widget_type=\"image.default\">\n\t\t\t\t<div class=\"elementor-widget-container\">\n\t\t\t<style>\/*! elementor - v3.20.0 - 20-03-2024 *\/\n.elementor-widget-image{text-align:center}.elementor-widget-image a{display:inline-block}.elementor-widget-image a img[src$=\".svg\"]{width:48px}.elementor-widget-image img{vertical-align:middle;display:inline-block}<\/style>\t\t\t\t\t\t\t\t\t\t<img fetchpriority=\"high\" decoding=\"async\" width=\"800\" height=\"128\" src=\"https:\/\/nmevents.se\/cleanbrightawards\/wp-content\/uploads\/sites\/66\/2026\/03\/CBA_logo2026_liggande_Text.jpg\" class=\"attachment-large size-large wp-image-3192\" alt=\"\" srcset=\"https:\/\/nmevents.se\/cleanbrightawards\/wp-content\/uploads\/sites\/66\/2026\/03\/CBA_logo2026_liggande_Text.jpg 1000w, https:\/\/nmevents.se\/cleanbrightawards\/wp-content\/uploads\/sites\/66\/2026\/03\/CBA_logo2026_liggande_Text-300x48.jpg 300w, https:\/\/nmevents.se\/cleanbrightawards\/wp-content\/uploads\/sites\/66\/2026\/03\/CBA_logo2026_liggande_Text-768x123.jpg 768w\" sizes=\"(max-width: 800px) 100vw, 800px\" \/>\t\t\t\t\t\t\t\t\t\t\t\t\t<\/div>\n\t\t\t\t<\/div>\n\t\t\t\t<div class=\"elementor-element elementor-element-32a3843 elementor-widget elementor-widget-text-editor\" data-id=\"32a3843\" data-element_type=\"widget\" data-widget_type=\"text-editor.default\">\n\t\t\t\t<div class=\"elementor-widget-container\">\n\t\t\t<style>\/*! elementor - v3.20.0 - 20-03-2024 *\/\n.elementor-widget-text-editor.elementor-drop-cap-view-stacked .elementor-drop-cap{background-color:#69727d;color:#fff}.elementor-widget-text-editor.elementor-drop-cap-view-framed .elementor-drop-cap{color:#69727d;border:3px solid;background-color:transparent}.elementor-widget-text-editor:not(.elementor-drop-cap-view-default) .elementor-drop-cap{margin-top:8px}.elementor-widget-text-editor:not(.elementor-drop-cap-view-default) .elementor-drop-cap-letter{width:1em;height:1em}.elementor-widget-text-editor .elementor-drop-cap{float:left;text-align:center;line-height:1;font-size:50px}.elementor-widget-text-editor .elementor-drop-cap-letter{display:inline-block}<\/style>\t\t\t\t<p>Branschpriset som lyfter fram f\u00f6rebilder och framtidsl\u00f6ften <br \/>inom den svenska st\u00e4d- och service- branschen.<\/p>\t\t\t\t\t\t<\/div>\n\t\t\t\t<\/div>\n\t\t\t\t<div class=\"elementor-element elementor-element-66261ae elementor-widget elementor-widget-text-editor\" data-id=\"66261ae\" data-element_type=\"widget\" data-widget_type=\"text-editor.default\">\n\t\t\t\t<div class=\"elementor-widget-container\">\n\t\t\t\t\t\t\t<p>Var med oss i jakten p\u00e5 branschens talanger och f\u00f6rebilder och bidra till att<br \/>uppm\u00e4rksamma dem som leder branschen fram\u00e5t!\u00a0<\/p><p>St\u00e4dbranschens serviceniv\u00e5 och resultat recenseras varje dag och d\u00e5 oftast av <br \/>fler \u00e4n den egentliga kunden. Det \u00e4r m\u00e5nga som m\u00e4rker vad som g\u00f6rs och inte g\u00f6rs!<\/p><ul><li>Clean Bright Awards lyfter fram m\u00e4nniskorna och kunskapen bakom resultatet.<\/li><li>Lyft fram smarta id\u00e9er, genomt\u00e4nkt f\u00f6retagande och personliga kvalit\u00e9er som <br \/>bidrar till branschens utveckling.<\/li><li>M\u00f6jligheten att nominera \u00e4r \u00f6ppen f\u00f6r alla.<\/li><\/ul>\t\t\t\t\t\t<\/div>\n\t\t\t\t<\/div>\n\t\t\t\t<div class=\"elementor-element elementor-element-e7353e9 elementor-widget elementor-widget-text-editor\" data-id=\"e7353e9\" data-element_type=\"widget\" data-widget_type=\"text-editor.default\">\n\t\t\t\t<div class=\"elementor-widget-container\">\n\t\t\t\t\t\t\t<p><strong>Den 1 maj \u00f6ppnar nomineringen f\u00f6r 2026<\/strong> \u2013 och vi vill att s\u00e5 m\u00e5nga som m\u00f6jligt nominerar! Ta chansen att lyfta fram de personer och f\u00f6retag som verkligen f\u00f6rtj\u00e4nar att st\u00e5 i rampljuset.<\/p><p>Vi \u00e4r dessutom stolta och glada \u00f6ver att Tony Irving \u00e4r \u00e5rets konferencier \u2013 det kommer att bli en kv\u00e4ll fylld av energi, gl\u00e4dje och inspiration. Enormt kul!<\/p>\t\t\t\t\t\t<\/div>\n\t\t\t\t<\/div>\n\t\t\t\t<div class=\"elementor-element elementor-element-650097d elementor-hidden-desktop elementor-hidden-tablet elementor-hidden-mobile elementor-widget elementor-widget-image\" data-id=\"650097d\" data-element_type=\"widget\" data-widget_type=\"image.default\">\n\t\t\t\t<div class=\"elementor-widget-container\">\n\t\t\t\t\t\t\t\t\t\t\t\t\t\t<a href=\"https:\/\/nmevents.se\/cleanbrightawards\/kategorier\/\">\n\t\t\t\t\t\t\t<img decoding=\"async\" width=\"622\" height=\"188\" src=\"https:\/\/nmevents.se\/cleanbrightawards\/wp-content\/uploads\/sites\/66\/2025\/05\/Knapp_nominera.png\" class=\"attachment-large size-large wp-image-2730\" alt=\"\" srcset=\"https:\/\/nmevents.se\/cleanbrightawards\/wp-content\/uploads\/sites\/66\/2025\/05\/Knapp_nominera.png 622w, https:\/\/nmevents.se\/cleanbrightawards\/wp-content\/uploads\/sites\/66\/2025\/05\/Knapp_nominera-300x91.png 300w\" sizes=\"(max-width: 622px) 100vw, 622px\" \/>\t\t\t\t\t\t\t\t<\/a>\n\t\t\t\t\t\t\t\t\t\t\t\t\t<\/div>\n\t\t\t\t<\/div>\n\t\t\t\t<\/div>\n\t\t<div class=\"elementor-element elementor-element-838cc1a e-con-full e-flex e-con e-child\" data-id=\"838cc1a\" data-element_type=\"container\">\n\t\t\t\t<div class=\"elementor-element elementor-element-73b9b99 elementor-widget elementor-widget-image\" data-id=\"73b9b99\" data-element_type=\"widget\" data-widget_type=\"image.default\">\n\t\t\t\t<div class=\"elementor-widget-container\">\n\t\t\t\t\t\t\t\t\t\t\t\t\t<img decoding=\"async\" width=\"800\" height=\"758\" src=\"https:\/\/nmevents.se\/cleanbrightawards\/wp-content\/uploads\/sites\/66\/2026\/03\/Tony-Irving_Stjarna1-1024x970.png\" class=\"attachment-large size-large wp-image-3191\" alt=\"\" srcset=\"https:\/\/nmevents.se\/cleanbrightawards\/wp-content\/uploads\/sites\/66\/2026\/03\/Tony-Irving_Stjarna1-1024x970.png 1024w, https:\/\/nmevents.se\/cleanbrightawards\/wp-content\/uploads\/sites\/66\/2026\/03\/Tony-Irving_Stjarna1-300x284.png 300w, https:\/\/nmevents.se\/cleanbrightawards\/wp-content\/uploads\/sites\/66\/2026\/03\/Tony-Irving_Stjarna1-768x728.png 768w, https:\/\/nmevents.se\/cleanbrightawards\/wp-content\/uploads\/sites\/66\/2026\/03\/Tony-Irving_Stjarna1.png 1200w\" sizes=\"(max-width: 800px) 100vw, 800px\" \/>\t\t\t\t\t\t\t\t\t\t\t\t\t<\/div>\n\t\t\t\t<\/div>\n\t\t\t\t<div class=\"elementor-element elementor-element-8213873 elementor-widget elementor-widget-text-editor\" data-id=\"8213873\" data-element_type=\"widget\" data-widget_type=\"text-editor.default\">\n\t\t\t\t<div class=\"elementor-widget-container\">\n\t\t\t\t\t\t\t<p>Fotograf: Peter Knutson<\/p>\t\t\t\t\t\t<\/div>\n\t\t\t\t<\/div>\n\t\t\t\t<\/div>\n\t\t\t\t\t<\/div>\n\t\t\t\t<\/div>\n\t\t<div class=\"elementor-element elementor-element-1f5c16c e-flex e-con-boxed e-con e-parent\" data-id=\"1f5c16c\" data-element_type=\"container\" data-core-v316-plus=\"true\">\n\t\t\t\t\t<div class=\"e-con-inner\">\n\t\t\t\t<div class=\"elementor-element elementor-element-46c06ee elementor-widget elementor-widget-spacer\" data-id=\"46c06ee\" data-element_type=\"widget\" data-widget_type=\"spacer.default\">\n\t\t\t\t<div class=\"elementor-widget-container\">\n\t\t\t\t\t<div class=\"elementor-spacer\">\n\t\t\t<div class=\"elementor-spacer-inner\"><\/div>\n\t\t<\/div>\n\t\t\t\t<\/div>\n\t\t\t\t<\/div>\n\t\t\t\t\t<\/div>\n\t\t\t\t<\/div>\n\t\t<div class=\"elementor-element elementor-element-1303684 e-flex e-con-boxed e-con e-parent\" data-id=\"1303684\" data-element_type=\"container\" data-core-v316-plus=\"true\">\n\t\t\t\t\t<div class=\"e-con-inner\">\n\t\t\t\t<div class=\"elementor-element elementor-element-c1a0921 elementor-widget elementor-widget-image\" data-id=\"c1a0921\" data-element_type=\"widget\" data-widget_type=\"image.default\">\n\t\t\t\t<div class=\"elementor-widget-container\">\n\t\t\t\t\t\t\t\t\t\t\t\t\t<img loading=\"lazy\" decoding=\"async\" width=\"3000\" height=\"598\" src=\"https:\/\/nmevents.se\/cleanbrightawards\/wp-content\/uploads\/sites\/66\/2026\/03\/CBA26_Tidslinje-Liggande.png\" class=\"attachment-full size-full wp-image-3182\" alt=\"\" srcset=\"https:\/\/nmevents.se\/cleanbrightawards\/wp-content\/uploads\/sites\/66\/2026\/03\/CBA26_Tidslinje-Liggande.png 3000w, https:\/\/nmevents.se\/cleanbrightawards\/wp-content\/uploads\/sites\/66\/2026\/03\/CBA26_Tidslinje-Liggande-300x60.png 300w, https:\/\/nmevents.se\/cleanbrightawards\/wp-content\/uploads\/sites\/66\/2026\/03\/CBA26_Tidslinje-Liggande-1024x204.png 1024w, https:\/\/nmevents.se\/cleanbrightawards\/wp-content\/uploads\/sites\/66\/2026\/03\/CBA26_Tidslinje-Liggande-768x153.png 768w, https:\/\/nmevents.se\/cleanbrightawards\/wp-content\/uploads\/sites\/66\/2026\/03\/CBA26_Tidslinje-Liggande-1536x306.png 1536w, https:\/\/nmevents.se\/cleanbrightawards\/wp-content\/uploads\/sites\/66\/2026\/03\/CBA26_Tidslinje-Liggande-2048x408.png 2048w\" sizes=\"(max-width: 3000px) 100vw, 3000px\" \/>\t\t\t\t\t\t\t\t\t\t\t\t\t<\/div>\n\t\t\t\t<\/div>\n\t\t\t\t\t<\/div>\n\t\t\t\t<\/div>\n\t\t<div class=\"elementor-element elementor-element-0a34aa3 e-flex e-con-boxed e-con e-parent\" data-id=\"0a34aa3\" data-element_type=\"container\" data-core-v316-plus=\"true\">\n\t\t\t\t\t<div class=\"e-con-inner\">\n\t\t\t\t<div class=\"elementor-element elementor-element-89e8164 elementor-widget elementor-widget-spacer\" data-id=\"89e8164\" data-element_type=\"widget\" data-widget_type=\"spacer.default\">\n\t\t\t\t<div class=\"elementor-widget-container\">\n\t\t\t\t\t<div class=\"elementor-spacer\">\n\t\t\t<div class=\"elementor-spacer-inner\"><\/div>\n\t\t<\/div>\n\t\t\t\t<\/div>\n\t\t\t\t<\/div>\n\t\t\t\t\t<\/div>\n\t\t\t\t<\/div>\n\t\t<div class=\"elementor-element elementor-element-21cf2f2 e-flex e-con-boxed e-con e-parent\" data-id=\"21cf2f2\" data-element_type=\"container\" data-core-v316-plus=\"true\">\n\t\t\t\t\t<div class=\"e-con-inner\">\n\t\t\t\t<div class=\"elementor-element elementor-element-52bfaf2 elementor-widget-divider--view-line elementor-widget elementor-widget-divider\" data-id=\"52bfaf2\" data-element_type=\"widget\" data-widget_type=\"divider.default\">\n\t\t\t\t<div class=\"elementor-widget-container\">\n\t\t\t<style>\/*! elementor - v3.20.0 - 20-03-2024 *\/\n.elementor-widget-divider{--divider-border-style:none;--divider-border-width:1px;--divider-color:#0c0d0e;--divider-icon-size:20px;--divider-element-spacing:10px;--divider-pattern-height:24px;--divider-pattern-size:20px;--divider-pattern-url:none;--divider-pattern-repeat:repeat-x}.elementor-widget-divider .elementor-divider{display:flex}.elementor-widget-divider .elementor-divider__text{font-size:15px;line-height:1;max-width:95%}.elementor-widget-divider .elementor-divider__element{margin:0 var(--divider-element-spacing);flex-shrink:0}.elementor-widget-divider .elementor-icon{font-size:var(--divider-icon-size)}.elementor-widget-divider .elementor-divider-separator{display:flex;margin:0;direction:ltr}.elementor-widget-divider--view-line_icon .elementor-divider-separator,.elementor-widget-divider--view-line_text .elementor-divider-separator{align-items:center}.elementor-widget-divider--view-line_icon .elementor-divider-separator:after,.elementor-widget-divider--view-line_icon .elementor-divider-separator:before,.elementor-widget-divider--view-line_text .elementor-divider-separator:after,.elementor-widget-divider--view-line_text .elementor-divider-separator:before{display:block;content:\"\";border-block-end:0;flex-grow:1;border-block-start:var(--divider-border-width) var(--divider-border-style) var(--divider-color)}.elementor-widget-divider--element-align-left .elementor-divider .elementor-divider-separator>.elementor-divider__svg:first-of-type{flex-grow:0;flex-shrink:100}.elementor-widget-divider--element-align-left .elementor-divider-separator:before{content:none}.elementor-widget-divider--element-align-left .elementor-divider__element{margin-left:0}.elementor-widget-divider--element-align-right .elementor-divider .elementor-divider-separator>.elementor-divider__svg:last-of-type{flex-grow:0;flex-shrink:100}.elementor-widget-divider--element-align-right .elementor-divider-separator:after{content:none}.elementor-widget-divider--element-align-right .elementor-divider__element{margin-right:0}.elementor-widget-divider--element-align-start .elementor-divider .elementor-divider-separator>.elementor-divider__svg:first-of-type{flex-grow:0;flex-shrink:100}.elementor-widget-divider--element-align-start .elementor-divider-separator:before{content:none}.elementor-widget-divider--element-align-start .elementor-divider__element{margin-inline-start:0}.elementor-widget-divider--element-align-end .elementor-divider .elementor-divider-separator>.elementor-divider__svg:last-of-type{flex-grow:0;flex-shrink:100}.elementor-widget-divider--element-align-end .elementor-divider-separator:after{content:none}.elementor-widget-divider--element-align-end .elementor-divider__element{margin-inline-end:0}.elementor-widget-divider:not(.elementor-widget-divider--view-line_text):not(.elementor-widget-divider--view-line_icon) .elementor-divider-separator{border-block-start:var(--divider-border-width) var(--divider-border-style) var(--divider-color)}.elementor-widget-divider--separator-type-pattern{--divider-border-style:none}.elementor-widget-divider--separator-type-pattern.elementor-widget-divider--view-line .elementor-divider-separator,.elementor-widget-divider--separator-type-pattern:not(.elementor-widget-divider--view-line) .elementor-divider-separator:after,.elementor-widget-divider--separator-type-pattern:not(.elementor-widget-divider--view-line) .elementor-divider-separator:before,.elementor-widget-divider--separator-type-pattern:not([class*=elementor-widget-divider--view]) .elementor-divider-separator{width:100%;min-height:var(--divider-pattern-height);-webkit-mask-size:var(--divider-pattern-size) 100%;mask-size:var(--divider-pattern-size) 100%;-webkit-mask-repeat:var(--divider-pattern-repeat);mask-repeat:var(--divider-pattern-repeat);background-color:var(--divider-color);-webkit-mask-image:var(--divider-pattern-url);mask-image:var(--divider-pattern-url)}.elementor-widget-divider--no-spacing{--divider-pattern-size:auto}.elementor-widget-divider--bg-round{--divider-pattern-repeat:round}.rtl .elementor-widget-divider .elementor-divider__text{direction:rtl}.e-con-inner>.elementor-widget-divider,.e-con>.elementor-widget-divider{width:var(--container-widget-width,100%);--flex-grow:var(--container-widget-flex-grow)}<\/style>\t\t<div class=\"elementor-divider\">\n\t\t\t<span class=\"elementor-divider-separator\">\n\t\t\t\t\t\t<\/span>\n\t\t<\/div>\n\t\t\t\t<\/div>\n\t\t\t\t<\/div>\n\t\t\t\t\t<\/div>\n\t\t\t\t<\/div>\n\t\t<div class=\"elementor-element elementor-element-4c32203 e-flex e-con-boxed e-con e-parent\" data-id=\"4c32203\" data-element_type=\"container\" data-core-v316-plus=\"true\">\n\t\t\t\t\t<div class=\"e-con-inner\">\n\t\t\t\t<div class=\"elementor-element elementor-element-1899904 elementor-widget elementor-widget-spacer\" data-id=\"1899904\" data-element_type=\"widget\" data-widget_type=\"spacer.default\">\n\t\t\t\t<div class=\"elementor-widget-container\">\n\t\t\t\t\t<div class=\"elementor-spacer\">\n\t\t\t<div class=\"elementor-spacer-inner\"><\/div>\n\t\t<\/div>\n\t\t\t\t<\/div>\n\t\t\t\t<\/div>\n\t\t\t\t\t<\/div>\n\t\t\t\t<\/div>\n\t\t<div class=\"elementor-element elementor-element-fb96900 e-flex e-con-boxed e-con e-parent\" data-id=\"fb96900\" data-element_type=\"container\" data-core-v316-plus=\"true\">\n\t\t\t\t\t<div class=\"e-con-inner\">\n\t\t\t\t<div class=\"elementor-element elementor-element-b1b747e elementor-widget elementor-widget-heading\" data-id=\"b1b747e\" data-element_type=\"widget\" data-widget_type=\"heading.default\">\n\t\t\t\t<div class=\"elementor-widget-container\">\n\t\t\t<style>\/*! elementor - v3.20.0 - 20-03-2024 *\/\n.elementor-heading-title{padding:0;margin:0;line-height:1}.elementor-widget-heading .elementor-heading-title[class*=elementor-size-]>a{color:inherit;font-size:inherit;line-height:inherit}.elementor-widget-heading .elementor-heading-title.elementor-size-small{font-size:15px}.elementor-widget-heading .elementor-heading-title.elementor-size-medium{font-size:19px}.elementor-widget-heading .elementor-heading-title.elementor-size-large{font-size:29px}.elementor-widget-heading .elementor-heading-title.elementor-size-xl{font-size:39px}.elementor-widget-heading .elementor-heading-title.elementor-size-xxl{font-size:59px}<\/style><h2 class=\"elementor-heading-title elementor-size-default\">Arrang\u00f6r: <\/h2>\t\t<\/div>\n\t\t\t\t<\/div>\n\t\t\t\t<div class=\"elementor-element elementor-element-d37b6d7 elementor-widget elementor-widget-image\" data-id=\"d37b6d7\" data-element_type=\"widget\" data-widget_type=\"image.default\">\n\t\t\t\t<div class=\"elementor-widget-container\">\n\t\t\t\t\t\t\t\t\t\t\t\t\t\t<a href=\"https:\/\/www.recyclingnet.se\/\" target=\"_blank\">\n\t\t\t\t\t\t\t<img loading=\"lazy\" decoding=\"async\" width=\"1545\" height=\"967\" src=\"https:\/\/nmevents.se\/cleanbrightawards\/wp-content\/uploads\/sites\/66\/2025\/05\/Rent_orange_Facility.png\" class=\"attachment-full size-full wp-image-2775\" alt=\"\" srcset=\"https:\/\/nmevents.se\/cleanbrightawards\/wp-content\/uploads\/sites\/66\/2025\/05\/Rent_orange_Facility.png 1545w, https:\/\/nmevents.se\/cleanbrightawards\/wp-content\/uploads\/sites\/66\/2025\/05\/Rent_orange_Facility-300x188.png 300w, https:\/\/nmevents.se\/cleanbrightawards\/wp-content\/uploads\/sites\/66\/2025\/05\/Rent_orange_Facility-1024x641.png 1024w, https:\/\/nmevents.se\/cleanbrightawards\/wp-content\/uploads\/sites\/66\/2025\/05\/Rent_orange_Facility-768x481.png 768w, https:\/\/nmevents.se\/cleanbrightawards\/wp-content\/uploads\/sites\/66\/2025\/05\/Rent_orange_Facility-1536x961.png 1536w\" sizes=\"(max-width: 1545px) 100vw, 1545px\" \/>\t\t\t\t\t\t\t\t<\/a>\n\t\t\t\t\t\t\t\t\t\t\t\t\t<\/div>\n\t\t\t\t<\/div>\n\t\t\t\t\t<\/div>\n\t\t\t\t<\/div>\n\t\t\t\t<\/div>\n\t\t","protected":false},"excerpt":{"rendered":"<p>https:\/\/nmevents.se\/cleanbrightawards2\/wp-content\/uploads\/sites\/66\/2025\/05\/CBA_HEADER_MAIN_1.mp4 Branschpriset som lyfter fram f\u00f6rebilder och framtidsl\u00f6ften inom den svenska st\u00e4d- och service- branschen. Var med oss i jakten p\u00e5 branschens talanger och f\u00f6rebilder och bidra till attuppm\u00e4rksamma dem som leder branschen fram\u00e5t!\u00a0 St\u00e4dbranschens serviceniv\u00e5 och resultat recenseras varje dag och d\u00e5 oftast av fler \u00e4n den egentliga kunden. Det \u00e4r m\u00e5nga som m\u00e4rker [&hellip;]<\/p>\n","protected":false},"author":1,"featured_media":0,"parent":0,"menu_order":0,"comment_status":"closed","ping_status":"closed","template":"elementor_header_footer","meta":{"_acf_changed":false,"inline_featured_image":false,"footnotes":""},"acf":[],"_links":{"self":[{"href":"https:\/\/nmevents.se\/cleanbrightawards\/wp-json\/wp\/v2\/pages\/1580"}],"collection":[{"href":"https:\/\/nmevents.se\/cleanbrightawards\/wp-json\/wp\/v2\/pages"}],"about":[{"href":"https:\/\/nmevents.se\/cleanbrightawards\/wp-json\/wp\/v2\/types\/page"}],"author":[{"embeddable":true,"href":"https:\/\/nmevents.se\/cleanbrightawards\/wp-json\/wp\/v2\/users\/1"}],"replies":[{"embeddable":true,"href":"https:\/\/nmevents.se\/cleanbrightawards\/wp-json\/wp\/v2\/comments?post=1580"}],"version-history":[{"count":76,"href":"https:\/\/nmevents.se\/cleanbrightawards\/wp-json\/wp\/v2\/pages\/1580\/revisions"}],"predecessor-version":[{"id":3198,"href":"https:\/\/nmevents.se\/cleanbrightawards\/wp-json\/wp\/v2\/pages\/1580\/revisions\/3198"}],"wp:attachment":[{"href":"https:\/\/nmevents.se\/cleanbrightawards\/wp-json\/wp\/v2\/media?parent=1580"}],"curies":[{"name":"wp","href":"https:\/\/api.w.org\/{rel}","templated":true}]}}