{"id":2725,"date":"2025-05-02T10:32:03","date_gmt":"2025-05-02T08:32:03","guid":{"rendered":"https:\/\/nmevents.se\/cleanbrightawards2\/?page_id=2725"},"modified":"2025-05-02T10:45:20","modified_gmt":"2025-05-02T08:45:20","slug":"vinnare-2024","status":"publish","type":"page","link":"https:\/\/nmevents.se\/cleanbrightawards\/vinnare-2024\/","title":{"rendered":"Vinnare 2024"},"content":{"rendered":"\t\t<div data-elementor-type=\"wp-page\" data-elementor-id=\"2725\" class=\"elementor elementor-2725\" data-elementor-post-type=\"page\">\n\t\t\t\t<div class=\"elementor-element elementor-element-4cd3b03 e-flex e-con-boxed e-con e-parent\" data-id=\"4cd3b03\" data-element_type=\"container\" data-core-v316-plus=\"true\">\n\t\t\t\t\t<div class=\"e-con-inner\">\n\t\t\t\t<div class=\"elementor-element elementor-element-9dae09c elementor-widget elementor-widget-spacer\" data-id=\"9dae09c\" data-element_type=\"widget\" data-widget_type=\"spacer.default\">\n\t\t\t\t<div class=\"elementor-widget-container\">\n\t\t\t<style>\/*! elementor - v3.20.0 - 20-03-2024 *\/\n.elementor-column .elementor-spacer-inner{height:var(--spacer-size)}.e-con{--container-widget-width:100%}.e-con-inner>.elementor-widget-spacer,.e-con>.elementor-widget-spacer{width:var(--container-widget-width,var(--spacer-size));--align-self:var(--container-widget-align-self,initial);--flex-shrink:0}.e-con-inner>.elementor-widget-spacer>.elementor-widget-container,.e-con>.elementor-widget-spacer>.elementor-widget-container{height:100%;width:100%}.e-con-inner>.elementor-widget-spacer>.elementor-widget-container>.elementor-spacer,.e-con>.elementor-widget-spacer>.elementor-widget-container>.elementor-spacer{height:100%}.e-con-inner>.elementor-widget-spacer>.elementor-widget-container>.elementor-spacer>.elementor-spacer-inner,.e-con>.elementor-widget-spacer>.elementor-widget-container>.elementor-spacer>.elementor-spacer-inner{height:var(--container-widget-height,var(--spacer-size))}.e-con-inner>.elementor-widget-spacer.elementor-widget-empty,.e-con>.elementor-widget-spacer.elementor-widget-empty{position:relative;min-height:22px;min-width:22px}.e-con-inner>.elementor-widget-spacer.elementor-widget-empty .elementor-widget-empty-icon,.e-con>.elementor-widget-spacer.elementor-widget-empty .elementor-widget-empty-icon{position:absolute;top:0;bottom:0;left:0;right:0;margin:auto;padding:0;width:22px;height:22px}<\/style>\t\t<div class=\"elementor-spacer\">\n\t\t\t<div class=\"elementor-spacer-inner\"><\/div>\n\t\t<\/div>\n\t\t\t\t<\/div>\n\t\t\t\t<\/div>\n\t\t\t\t\t<\/div>\n\t\t\t\t<\/div>\n\t\t<div class=\"elementor-element elementor-element-b71e9fd e-flex e-con-boxed e-con e-parent\" data-id=\"b71e9fd\" data-element_type=\"container\" data-core-v316-plus=\"true\">\n\t\t\t\t\t<div class=\"e-con-inner\">\n\t\t<div class=\"elementor-element elementor-element-55d5144 e-con-full e-flex e-con e-child\" data-id=\"55d5144\" data-element_type=\"container\">\n\t\t\t\t<div class=\"elementor-element elementor-element-ba4fa8b elementor-widget elementor-widget-image\" data-id=\"ba4fa8b\" data-element_type=\"widget\" data-widget_type=\"image.default\">\n\t\t\t\t<div class=\"elementor-widget-container\">\n\t\t\t<style>\/*! elementor - v3.20.0 - 20-03-2024 *\/\n.elementor-widget-image{text-align:center}.elementor-widget-image a{display:inline-block}.elementor-widget-image a img[src$=\".svg\"]{width:48px}.elementor-widget-image img{vertical-align:middle;display:inline-block}<\/style>\t\t\t\t\t\t\t\t\t\t<img fetchpriority=\"high\" decoding=\"async\" width=\"500\" height=\"330\" src=\"https:\/\/nmevents.se\/cleanbrightawards\/wp-content\/uploads\/sites\/66\/2025\/05\/branchforetag.jpg\" class=\"attachment-large size-large wp-image-2783\" alt=\"\" srcset=\"https:\/\/nmevents.se\/cleanbrightawards\/wp-content\/uploads\/sites\/66\/2025\/05\/branchforetag.jpg 500w, https:\/\/nmevents.se\/cleanbrightawards\/wp-content\/uploads\/sites\/66\/2025\/05\/branchforetag-300x198.jpg 300w\" sizes=\"(max-width: 500px) 100vw, 500px\" \/>\t\t\t\t\t\t\t\t\t\t\t\t\t<\/div>\n\t\t\t\t<\/div>\n\t\t\t\t<div class=\"elementor-element elementor-element-22fd619 elementor-widget elementor-widget-text-editor\" data-id=\"22fd619\" data-element_type=\"widget\" data-widget_type=\"text-editor.default\">\n\t\t\t\t<div class=\"elementor-widget-container\">\n\t\t\t<style>\/*! elementor - v3.20.0 - 20-03-2024 *\/\n.elementor-widget-text-editor.elementor-drop-cap-view-stacked .elementor-drop-cap{background-color:#69727d;color:#fff}.elementor-widget-text-editor.elementor-drop-cap-view-framed .elementor-drop-cap{color:#69727d;border:3px solid;background-color:transparent}.elementor-widget-text-editor:not(.elementor-drop-cap-view-default) .elementor-drop-cap{margin-top:8px}.elementor-widget-text-editor:not(.elementor-drop-cap-view-default) .elementor-drop-cap-letter{width:1em;height:1em}.elementor-widget-text-editor .elementor-drop-cap{float:left;text-align:center;line-height:1;font-size:50px}.elementor-widget-text-editor .elementor-drop-cap-letter{display:inline-block}<\/style>\t\t\t\t<p>\u00c5rets Branchf\u00f6retag<\/p>\t\t\t\t\t\t<\/div>\n\t\t\t\t<\/div>\n\t\t\t\t<div class=\"elementor-element elementor-element-14100f1 elementor-widget elementor-widget-text-editor\" data-id=\"14100f1\" data-element_type=\"widget\" data-widget_type=\"text-editor.default\">\n\t\t\t\t<div class=\"elementor-widget-container\">\n\t\t\t\t\t\t\t<p class=\"center\"><b>Kundpartner<\/b><\/p><p>Kundpartners ambition \u00e4r att g\u00f6ra st\u00e4dning till en vetenskap genom fokus p\u00e5 sambandet hos kunden mellan r\u00e4tt typ av st\u00e4dning, kvaliteten p\u00e5 inomhusluften, b\u00e4ttre arbetsmilj\u00f6, minskade sjukskrivningstal och starkt arbetsgivarvarum\u00e4rke. Drivkraften \u00e4r att g\u00f6ra allm\u00e4nt rent och snyggt men ocks\u00e5 ta ansvar f\u00f6r att f\u00f6rb\u00e4ttra den fysiska arbetsmilj\u00f6n, s\u00e5v\u00e4l f\u00f6r de egna anst\u00e4llda som kundernas. Med hj\u00e4lp av sensorer, olika st\u00e4dmetoder och st\u00e4dfrekvenser ger Kundpartner facit f\u00f6r olika st\u00e4dbehov. Akt\u00f6ren v\u00e4xer p\u00e5 en tuff marknad med hj\u00e4lp av trevlig, kompetent, serviceinriktad och svensktalande personal. Under 2024 har Kundpartner utsetts till M\u00e4stargasell av Dagens Industri, f\u00e5tt Nordiskt Tillv\u00e4xtcertifikat av UC, Helsingborgs Stads F\u00f6retagsstj\u00e4rna, L\u00e4nets f\u00f6retagare i Sk\u00e5ne och utm\u00e4rkelse som det bolag med SNI-kod st\u00e4dning som hade b\u00e4st utveckling av de ekonomiska nyckeltalen.<\/p>\t\t\t\t\t\t<\/div>\n\t\t\t\t<\/div>\n\t\t\t\t<\/div>\n\t\t<div class=\"elementor-element elementor-element-4fa128f e-con-full e-flex e-con e-child\" data-id=\"4fa128f\" data-element_type=\"container\">\n\t\t\t\t<div class=\"elementor-element elementor-element-6237f07 elementor-widget elementor-widget-image\" data-id=\"6237f07\" data-element_type=\"widget\" data-widget_type=\"image.default\">\n\t\t\t\t<div class=\"elementor-widget-container\">\n\t\t\t\t\t\t\t\t\t\t\t\t\t<img decoding=\"async\" width=\"500\" height=\"337\" src=\"https:\/\/nmevents.se\/cleanbrightawards\/wp-content\/uploads\/sites\/66\/2025\/05\/ledare.jpg\" class=\"attachment-large size-large wp-image-2784\" alt=\"\" srcset=\"https:\/\/nmevents.se\/cleanbrightawards\/wp-content\/uploads\/sites\/66\/2025\/05\/ledare.jpg 500w, https:\/\/nmevents.se\/cleanbrightawards\/wp-content\/uploads\/sites\/66\/2025\/05\/ledare-300x202.jpg 300w\" sizes=\"(max-width: 500px) 100vw, 500px\" \/>\t\t\t\t\t\t\t\t\t\t\t\t\t<\/div>\n\t\t\t\t<\/div>\n\t\t\t\t<div class=\"elementor-element elementor-element-e4e2039 elementor-widget elementor-widget-text-editor\" data-id=\"e4e2039\" data-element_type=\"widget\" data-widget_type=\"text-editor.default\">\n\t\t\t\t<div class=\"elementor-widget-container\">\n\t\t\t\t\t\t\t<p>\u00c5rets Ledare<\/p>\t\t\t\t\t\t<\/div>\n\t\t\t\t<\/div>\n\t\t\t\t<div class=\"elementor-element elementor-element-6ffa2bd elementor-widget elementor-widget-text-editor\" data-id=\"6ffa2bd\" data-element_type=\"widget\" data-widget_type=\"text-editor.default\">\n\t\t\t\t<div class=\"elementor-widget-container\">\n\t\t\t\t\t\t\t<p class=\"center\"><b>Nikola Radisic, driftchef ISS Facility Services<\/b><\/p><div class=\"col-xs-12 col-xs-offset-0 col-sm-6 col-sm-offset-0 no-padding winners\"><div class=\"col-xs-12 winnerEverything\"><p>Nikola Radisic f\u00e5r jobbet utf\u00f6rt med goda resultat och \u00e4r prestigel\u00f6s, handlingskraftig, l\u00f6sningsorienterad och resultatinriktad. Han besitter d\u00e4rtill en kundk\u00e4nsla ut\u00f6ver det vanliga. \u00a0Som en nyckelspelare ute hos kund \u00e4r Nikola Radisic mycket uppskattad f\u00f6r sina insatser hos samtliga platschefer och han \u00e4r duktig p\u00e5 att snabbt bygga relationer till nya kontakter. Han \u00e4r inte bara uppskattad mot kund utan \u00e4r \u00e4ven en omtyckt och uppskattad kraft som chef. Nikola Radisic st\u00e4ller krav och har f\u00f6rv\u00e4ntningar men jobbar ocks\u00e5 h\u00e5rt f\u00f6r att ge personalen r\u00e4tt f\u00f6ruts\u00e4ttningar. Sammantaget \u00e4r han duktig p\u00e5 utvecklingsomr\u00e5det och har ett \u00f6ga f\u00f6r att tillvarata synergier mellankunden olika bolag.<\/p><\/div><\/div>\t\t\t\t\t\t<\/div>\n\t\t\t\t<\/div>\n\t\t\t\t<\/div>\n\t\t\t\t\t<\/div>\n\t\t\t\t<\/div>\n\t\t<div class=\"elementor-element elementor-element-3cb9cf3 e-flex e-con-boxed e-con e-parent\" data-id=\"3cb9cf3\" data-element_type=\"container\" data-core-v316-plus=\"true\">\n\t\t\t\t\t<div class=\"e-con-inner\">\n\t\t\t\t<div class=\"elementor-element elementor-element-1411d13 elementor-widget elementor-widget-spacer\" data-id=\"1411d13\" data-element_type=\"widget\" data-widget_type=\"spacer.default\">\n\t\t\t\t<div class=\"elementor-widget-container\">\n\t\t\t\t\t<div class=\"elementor-spacer\">\n\t\t\t<div class=\"elementor-spacer-inner\"><\/div>\n\t\t<\/div>\n\t\t\t\t<\/div>\n\t\t\t\t<\/div>\n\t\t\t\t<div class=\"elementor-element elementor-element-884a754 elementor-widget-divider--view-line elementor-widget elementor-widget-divider\" data-id=\"884a754\" data-element_type=\"widget\" data-widget_type=\"divider.default\">\n\t\t\t\t<div class=\"elementor-widget-container\">\n\t\t\t<style>\/*! elementor - v3.20.0 - 20-03-2024 *\/\n.elementor-widget-divider{--divider-border-style:none;--divider-border-width:1px;--divider-color:#0c0d0e;--divider-icon-size:20px;--divider-element-spacing:10px;--divider-pattern-height:24px;--divider-pattern-size:20px;--divider-pattern-url:none;--divider-pattern-repeat:repeat-x}.elementor-widget-divider .elementor-divider{display:flex}.elementor-widget-divider .elementor-divider__text{font-size:15px;line-height:1;max-width:95%}.elementor-widget-divider .elementor-divider__element{margin:0 var(--divider-element-spacing);flex-shrink:0}.elementor-widget-divider .elementor-icon{font-size:var(--divider-icon-size)}.elementor-widget-divider .elementor-divider-separator{display:flex;margin:0;direction:ltr}.elementor-widget-divider--view-line_icon .elementor-divider-separator,.elementor-widget-divider--view-line_text .elementor-divider-separator{align-items:center}.elementor-widget-divider--view-line_icon .elementor-divider-separator:after,.elementor-widget-divider--view-line_icon .elementor-divider-separator:before,.elementor-widget-divider--view-line_text .elementor-divider-separator:after,.elementor-widget-divider--view-line_text .elementor-divider-separator:before{display:block;content:\"\";border-block-end:0;flex-grow:1;border-block-start:var(--divider-border-width) var(--divider-border-style) var(--divider-color)}.elementor-widget-divider--element-align-left .elementor-divider .elementor-divider-separator>.elementor-divider__svg:first-of-type{flex-grow:0;flex-shrink:100}.elementor-widget-divider--element-align-left .elementor-divider-separator:before{content:none}.elementor-widget-divider--element-align-left .elementor-divider__element{margin-left:0}.elementor-widget-divider--element-align-right .elementor-divider .elementor-divider-separator>.elementor-divider__svg:last-of-type{flex-grow:0;flex-shrink:100}.elementor-widget-divider--element-align-right .elementor-divider-separator:after{content:none}.elementor-widget-divider--element-align-right .elementor-divider__element{margin-right:0}.elementor-widget-divider--element-align-start .elementor-divider .elementor-divider-separator>.elementor-divider__svg:first-of-type{flex-grow:0;flex-shrink:100}.elementor-widget-divider--element-align-start .elementor-divider-separator:before{content:none}.elementor-widget-divider--element-align-start .elementor-divider__element{margin-inline-start:0}.elementor-widget-divider--element-align-end .elementor-divider .elementor-divider-separator>.elementor-divider__svg:last-of-type{flex-grow:0;flex-shrink:100}.elementor-widget-divider--element-align-end .elementor-divider-separator:after{content:none}.elementor-widget-divider--element-align-end .elementor-divider__element{margin-inline-end:0}.elementor-widget-divider:not(.elementor-widget-divider--view-line_text):not(.elementor-widget-divider--view-line_icon) .elementor-divider-separator{border-block-start:var(--divider-border-width) var(--divider-border-style) var(--divider-color)}.elementor-widget-divider--separator-type-pattern{--divider-border-style:none}.elementor-widget-divider--separator-type-pattern.elementor-widget-divider--view-line .elementor-divider-separator,.elementor-widget-divider--separator-type-pattern:not(.elementor-widget-divider--view-line) .elementor-divider-separator:after,.elementor-widget-divider--separator-type-pattern:not(.elementor-widget-divider--view-line) .elementor-divider-separator:before,.elementor-widget-divider--separator-type-pattern:not([class*=elementor-widget-divider--view]) .elementor-divider-separator{width:100%;min-height:var(--divider-pattern-height);-webkit-mask-size:var(--divider-pattern-size) 100%;mask-size:var(--divider-pattern-size) 100%;-webkit-mask-repeat:var(--divider-pattern-repeat);mask-repeat:var(--divider-pattern-repeat);background-color:var(--divider-color);-webkit-mask-image:var(--divider-pattern-url);mask-image:var(--divider-pattern-url)}.elementor-widget-divider--no-spacing{--divider-pattern-size:auto}.elementor-widget-divider--bg-round{--divider-pattern-repeat:round}.rtl .elementor-widget-divider .elementor-divider__text{direction:rtl}.e-con-inner>.elementor-widget-divider,.e-con>.elementor-widget-divider{width:var(--container-widget-width,100%);--flex-grow:var(--container-widget-flex-grow)}<\/style>\t\t<div class=\"elementor-divider\">\n\t\t\t<span class=\"elementor-divider-separator\">\n\t\t\t\t\t\t<\/span>\n\t\t<\/div>\n\t\t\t\t<\/div>\n\t\t\t\t<\/div>\n\t\t\t\t\t<\/div>\n\t\t\t\t<\/div>\n\t\t<div class=\"elementor-element elementor-element-1c9347d e-flex e-con-boxed e-con e-parent\" data-id=\"1c9347d\" data-element_type=\"container\" data-core-v316-plus=\"true\">\n\t\t\t\t\t<div class=\"e-con-inner\">\n\t\t<div class=\"elementor-element elementor-element-ffe7af3 e-con-full e-flex e-con e-child\" data-id=\"ffe7af3\" data-element_type=\"container\">\n\t\t\t\t<div class=\"elementor-element elementor-element-fd3d663 elementor-widget elementor-widget-image\" data-id=\"fd3d663\" data-element_type=\"widget\" data-widget_type=\"image.default\">\n\t\t\t\t<div class=\"elementor-widget-container\">\n\t\t\t\t\t\t\t\t\t\t\t\t\t<img decoding=\"async\" width=\"500\" height=\"323\" src=\"https:\/\/nmevents.se\/cleanbrightawards\/wp-content\/uploads\/sites\/66\/2025\/05\/stadare.jpg\" class=\"attachment-large size-large wp-image-2786\" alt=\"\" srcset=\"https:\/\/nmevents.se\/cleanbrightawards\/wp-content\/uploads\/sites\/66\/2025\/05\/stadare.jpg 500w, https:\/\/nmevents.se\/cleanbrightawards\/wp-content\/uploads\/sites\/66\/2025\/05\/stadare-300x194.jpg 300w\" sizes=\"(max-width: 500px) 100vw, 500px\" \/>\t\t\t\t\t\t\t\t\t\t\t\t\t<\/div>\n\t\t\t\t<\/div>\n\t\t\t\t<div class=\"elementor-element elementor-element-589b8ab elementor-widget elementor-widget-text-editor\" data-id=\"589b8ab\" data-element_type=\"widget\" data-widget_type=\"text-editor.default\">\n\t\t\t\t<div class=\"elementor-widget-container\">\n\t\t\t\t\t\t\t<p>\u00c5rets St\u00e4dare<\/p>\t\t\t\t\t\t<\/div>\n\t\t\t\t<\/div>\n\t\t\t\t<div class=\"elementor-element elementor-element-5cdf61f elementor-widget elementor-widget-text-editor\" data-id=\"5cdf61f\" data-element_type=\"widget\" data-widget_type=\"text-editor.default\">\n\t\t\t\t<div class=\"elementor-widget-container\">\n\t\t\t\t\t\t\t<p class=\"center\"><b>Anna-Lena Jansson, st\u00e4dare Tj\u00f6rns kommun<\/b><\/p><p>Anna-Lena Janssons djupa f\u00f6rst\u00e5else f\u00f6r olika reng\u00f6ringsprodukter och deras specifika anv\u00e4ndningsomr\u00e5den s\u00e4kerst\u00e4ller att r\u00e4tt produkter anv\u00e4nds f\u00f6r olika material och ytor vilket ger optimala resultat och f\u00f6rl\u00e4nger materialens livsl\u00e4ngd. Dessutom \u00e4r Anna-Lena Jansson en m\u00e4stare p\u00e5 att hantera b\u00e5de traditionella och moderna reng\u00f6ringsmaskiner och hon h\u00e5ller sig st\u00e4ndigt uppdaterad med de senaste tekniska framstegen inom st\u00e4dteknik, n\u00e5got som inte bara f\u00f6rb\u00e4ttrar effektiviteten utan ocks\u00e5 s\u00e4kerheten i hennes och kollegornas arbete. Anna-Lenas kunskap om ergonomiska arbetstekniker \u00e4r exceptionell och genom att dela med sig av f\u00e4rdigheter och erfarenhet fr\u00e4mjar hon en h\u00e4lsosam och h\u00e5llbar arbetsmilj\u00f6 f\u00f6r hela teamet.<\/p>\t\t\t\t\t\t<\/div>\n\t\t\t\t<\/div>\n\t\t\t\t<\/div>\n\t\t<div class=\"elementor-element elementor-element-69d884d e-con-full e-flex e-con e-child\" data-id=\"69d884d\" data-element_type=\"container\">\n\t\t\t\t<div class=\"elementor-element elementor-element-a30e712 elementor-widget elementor-widget-image\" data-id=\"a30e712\" data-element_type=\"widget\" data-widget_type=\"image.default\">\n\t\t\t\t<div class=\"elementor-widget-container\">\n\t\t\t\t\t\t\t\t\t\t\t\t\t<img loading=\"lazy\" decoding=\"async\" width=\"500\" height=\"347\" src=\"https:\/\/nmevents.se\/cleanbrightawards\/wp-content\/uploads\/sites\/66\/2025\/05\/nytankare.jpg\" class=\"attachment-large size-large wp-image-2787\" alt=\"\" srcset=\"https:\/\/nmevents.se\/cleanbrightawards\/wp-content\/uploads\/sites\/66\/2025\/05\/nytankare.jpg 500w, https:\/\/nmevents.se\/cleanbrightawards\/wp-content\/uploads\/sites\/66\/2025\/05\/nytankare-300x208.jpg 300w\" sizes=\"(max-width: 500px) 100vw, 500px\" \/>\t\t\t\t\t\t\t\t\t\t\t\t\t<\/div>\n\t\t\t\t<\/div>\n\t\t\t\t<div class=\"elementor-element elementor-element-8c6a108 elementor-widget elementor-widget-text-editor\" data-id=\"8c6a108\" data-element_type=\"widget\" data-widget_type=\"text-editor.default\">\n\t\t\t\t<div class=\"elementor-widget-container\">\n\t\t\t\t\t\t\t<p>\u00c5rets Nyt\u00e4nkare<\/p>\t\t\t\t\t\t<\/div>\n\t\t\t\t<\/div>\n\t\t\t\t<div class=\"elementor-element elementor-element-6422769 elementor-widget elementor-widget-text-editor\" data-id=\"6422769\" data-element_type=\"widget\" data-widget_type=\"text-editor.default\">\n\t\t\t\t<div class=\"elementor-widget-container\">\n\t\t\t\t\t\t\t<p class=\"center\"><b>Diversey med produkten Lesseau<\/b><\/p><div class=\"col-xs-12 col-xs-offset-0 col-sm-6 col-sm-offset-0 no-padding winners\"><div class=\"col-xs-12 winnerEverything\"><p>Genom att hitta en modern och professionell distribution f\u00f6r fast tv\u00e5l har \u00e5rets vinnare av utm\u00e4rkelsen \u00c5rets nyt\u00e4nkare lyckats eliminera plastavfall och minskat koldioxidutsl\u00e4ppen rej\u00e4lt med en handtv\u00e4ttsl\u00f6sning som inneh\u00e5ller 95 procent mindre vatten \u00e4n konventionell flytande tv\u00e5l. D\u00e4rtill inneh\u00e5ller tv\u00e5len naturliga ingredienser, minskar belastningen p\u00e5 leveranskedjan n\u00e4r det g\u00e4ller transport, lagring och hantering d\u00e5 produkten inneh\u00e5ller mindre vatten och \u00e4r betydligt mindre, l\u00e4ttare och enklare att packa. Att tv\u00e5len sedan ger ett sk\u00f6nt l\u00f6dder och doseras hygieniskt i en snygg automatl\u00f6sning g\u00f6r att utmaningen med att hitta en distributionsl\u00f6sning f\u00f6r fast tv\u00e5 f\u00e5r s\u00e4gas vara uppfylld.<br class=\"\" \/>Diversey, ett Solenis-f\u00f6retag med produkten Lesseau som \u00e4r en ber\u00f6ringsfri dispenser och refill f\u00f6r handtv\u00e4tt<\/p><\/div><\/div>\t\t\t\t\t\t<\/div>\n\t\t\t\t<\/div>\n\t\t\t\t<\/div>\n\t\t\t\t\t<\/div>\n\t\t\t\t<\/div>\n\t\t<div class=\"elementor-element elementor-element-850aa9c e-flex e-con-boxed e-con e-parent\" data-id=\"850aa9c\" data-element_type=\"container\" data-core-v316-plus=\"true\">\n\t\t\t\t\t<div class=\"e-con-inner\">\n\t\t\t\t<div class=\"elementor-element elementor-element-6c4a91d elementor-widget elementor-widget-spacer\" data-id=\"6c4a91d\" data-element_type=\"widget\" data-widget_type=\"spacer.default\">\n\t\t\t\t<div class=\"elementor-widget-container\">\n\t\t\t\t\t<div class=\"elementor-spacer\">\n\t\t\t<div class=\"elementor-spacer-inner\"><\/div>\n\t\t<\/div>\n\t\t\t\t<\/div>\n\t\t\t\t<\/div>\n\t\t\t\t<div class=\"elementor-element elementor-element-26e9a39 elementor-widget-divider--view-line elementor-widget elementor-widget-divider\" data-id=\"26e9a39\" data-element_type=\"widget\" data-widget_type=\"divider.default\">\n\t\t\t\t<div class=\"elementor-widget-container\">\n\t\t\t\t\t<div class=\"elementor-divider\">\n\t\t\t<span class=\"elementor-divider-separator\">\n\t\t\t\t\t\t<\/span>\n\t\t<\/div>\n\t\t\t\t<\/div>\n\t\t\t\t<\/div>\n\t\t\t\t\t<\/div>\n\t\t\t\t<\/div>\n\t\t<div class=\"elementor-element elementor-element-104de6b e-flex e-con-boxed e-con e-parent\" data-id=\"104de6b\" data-element_type=\"container\" data-core-v316-plus=\"true\">\n\t\t\t\t\t<div class=\"e-con-inner\">\n\t\t<div class=\"elementor-element elementor-element-b8b40ad e-con-full e-flex e-con e-child\" data-id=\"b8b40ad\" data-element_type=\"container\">\n\t\t\t\t<div class=\"elementor-element elementor-element-d95f9d0 elementor-widget elementor-widget-image\" data-id=\"d95f9d0\" data-element_type=\"widget\" data-widget_type=\"image.default\">\n\t\t\t\t<div class=\"elementor-widget-container\">\n\t\t\t\t\t\t\t\t\t\t\t\t\t<img loading=\"lazy\" decoding=\"async\" width=\"500\" height=\"308\" src=\"https:\/\/nmevents.se\/cleanbrightawards\/wp-content\/uploads\/sites\/66\/2025\/05\/medarbetare.jpg\" class=\"attachment-large size-large wp-image-2788\" alt=\"\" srcset=\"https:\/\/nmevents.se\/cleanbrightawards\/wp-content\/uploads\/sites\/66\/2025\/05\/medarbetare.jpg 500w, https:\/\/nmevents.se\/cleanbrightawards\/wp-content\/uploads\/sites\/66\/2025\/05\/medarbetare-300x185.jpg 300w\" sizes=\"(max-width: 500px) 100vw, 500px\" \/>\t\t\t\t\t\t\t\t\t\t\t\t\t<\/div>\n\t\t\t\t<\/div>\n\t\t\t\t<div class=\"elementor-element elementor-element-532ff06 elementor-widget elementor-widget-text-editor\" data-id=\"532ff06\" data-element_type=\"widget\" data-widget_type=\"text-editor.default\">\n\t\t\t\t<div class=\"elementor-widget-container\">\n\t\t\t\t\t\t\t<p>\u00c5rets Medarbetare<\/p>\t\t\t\t\t\t<\/div>\n\t\t\t\t<\/div>\n\t\t\t\t<div class=\"elementor-element elementor-element-51847fb elementor-widget elementor-widget-text-editor\" data-id=\"51847fb\" data-element_type=\"widget\" data-widget_type=\"text-editor.default\">\n\t\t\t\t<div class=\"elementor-widget-container\">\n\t\t\t\t\t\t\t<p class=\"center\"><b>Katarzyna Turos, arbetsledare, Mj\u00f6lby kommun<\/b><\/p><p>Katarzyna Turos nomineras f\u00f6r sin f\u00f6rm\u00e5ga att lyfta, st\u00f6tta och engagera sina kollegor p\u00e5 ett proffsigt s\u00e4tt. Hon medverkar till god utveckling och \u00e4r inte heller fr\u00e4mmande f\u00f6r f\u00f6r\u00e4ndringar i verksamheten n\u00e4r det beh\u00f6vs. Som arbetsledare hittar hon st\u00e4ndigt f\u00f6rb\u00e4ttringar och l\u00f6sningar i vardagen. Katarzyna Turos ser m\u00f6jligheter i de mest komplexa situationer och har god f\u00f6rm\u00e5ga att se och anpassa kommunikationen efter behov. Hon \u00e4r medarbetaren som drivs av utmaningar och som ofta bidrar med nya id\u00e9er och tankes\u00e4tt om hur b\u00e5de hon sj\u00e4lv och organisationen kan utvecklas.<\/p>\t\t\t\t\t\t<\/div>\n\t\t\t\t<\/div>\n\t\t\t\t<\/div>\n\t\t\t\t\t<\/div>\n\t\t\t\t<\/div>\n\t\t\t\t<\/div>\n\t\t","protected":false},"excerpt":{"rendered":"<p>\u00c5rets Branchf\u00f6retag Kundpartner Kundpartners ambition \u00e4r att g\u00f6ra st\u00e4dning till en vetenskap genom fokus p\u00e5 sambandet hos kunden mellan r\u00e4tt typ av st\u00e4dning, kvaliteten p\u00e5 inomhusluften, b\u00e4ttre arbetsmilj\u00f6, minskade sjukskrivningstal och starkt arbetsgivarvarum\u00e4rke. Drivkraften \u00e4r att g\u00f6ra allm\u00e4nt rent och snyggt men ocks\u00e5 ta ansvar f\u00f6r att f\u00f6rb\u00e4ttra den fysiska arbetsmilj\u00f6n, s\u00e5v\u00e4l f\u00f6r de egna [&hellip;]<\/p>\n","protected":false},"author":21,"featured_media":0,"parent":0,"menu_order":0,"comment_status":"closed","ping_status":"closed","template":"","meta":{"_acf_changed":false,"inline_featured_image":false,"footnotes":""},"acf":[],"_links":{"self":[{"href":"https:\/\/nmevents.se\/cleanbrightawards\/wp-json\/wp\/v2\/pages\/2725"}],"collection":[{"href":"https:\/\/nmevents.se\/cleanbrightawards\/wp-json\/wp\/v2\/pages"}],"about":[{"href":"https:\/\/nmevents.se\/cleanbrightawards\/wp-json\/wp\/v2\/types\/page"}],"author":[{"embeddable":true,"href":"https:\/\/nmevents.se\/cleanbrightawards\/wp-json\/wp\/v2\/users\/21"}],"replies":[{"embeddable":true,"href":"https:\/\/nmevents.se\/cleanbrightawards\/wp-json\/wp\/v2\/comments?post=2725"}],"version-history":[{"count":4,"href":"https:\/\/nmevents.se\/cleanbrightawards\/wp-json\/wp\/v2\/pages\/2725\/revisions"}],"predecessor-version":[{"id":2791,"href":"https:\/\/nmevents.se\/cleanbrightawards\/wp-json\/wp\/v2\/pages\/2725\/revisions\/2791"}],"wp:attachment":[{"href":"https:\/\/nmevents.se\/cleanbrightawards\/wp-json\/wp\/v2\/media?parent=2725"}],"curies":[{"name":"wp","href":"https:\/\/api.w.org\/{rel}","templated":true}]}}