{"id":2732,"date":"2025-05-02T10:32:52","date_gmt":"2025-05-02T08:32:52","guid":{"rendered":"https:\/\/nmevents.se\/cleanbrightawards2\/?page_id=2732"},"modified":"2025-05-02T10:47:41","modified_gmt":"2025-05-02T08:47:41","slug":"vinnare-2023","status":"publish","type":"page","link":"https:\/\/nmevents.se\/cleanbrightawards\/vinnare-2023\/","title":{"rendered":"Vinnare 2023"},"content":{"rendered":"\t\t<div data-elementor-type=\"wp-page\" data-elementor-id=\"2732\" class=\"elementor elementor-2732\" data-elementor-post-type=\"page\">\n\t\t\t\t<div class=\"elementor-element elementor-element-a4e4cbb e-flex e-con-boxed e-con e-parent\" data-id=\"a4e4cbb\" data-element_type=\"container\" data-core-v316-plus=\"true\">\n\t\t\t\t\t<div class=\"e-con-inner\">\n\t\t\t\t<div class=\"elementor-element elementor-element-e5974a2 elementor-widget elementor-widget-spacer\" data-id=\"e5974a2\" data-element_type=\"widget\" data-widget_type=\"spacer.default\">\n\t\t\t\t<div class=\"elementor-widget-container\">\n\t\t\t<style>\/*! elementor - v3.20.0 - 20-03-2024 *\/\n.elementor-column .elementor-spacer-inner{height:var(--spacer-size)}.e-con{--container-widget-width:100%}.e-con-inner>.elementor-widget-spacer,.e-con>.elementor-widget-spacer{width:var(--container-widget-width,var(--spacer-size));--align-self:var(--container-widget-align-self,initial);--flex-shrink:0}.e-con-inner>.elementor-widget-spacer>.elementor-widget-container,.e-con>.elementor-widget-spacer>.elementor-widget-container{height:100%;width:100%}.e-con-inner>.elementor-widget-spacer>.elementor-widget-container>.elementor-spacer,.e-con>.elementor-widget-spacer>.elementor-widget-container>.elementor-spacer{height:100%}.e-con-inner>.elementor-widget-spacer>.elementor-widget-container>.elementor-spacer>.elementor-spacer-inner,.e-con>.elementor-widget-spacer>.elementor-widget-container>.elementor-spacer>.elementor-spacer-inner{height:var(--container-widget-height,var(--spacer-size))}.e-con-inner>.elementor-widget-spacer.elementor-widget-empty,.e-con>.elementor-widget-spacer.elementor-widget-empty{position:relative;min-height:22px;min-width:22px}.e-con-inner>.elementor-widget-spacer.elementor-widget-empty .elementor-widget-empty-icon,.e-con>.elementor-widget-spacer.elementor-widget-empty .elementor-widget-empty-icon{position:absolute;top:0;bottom:0;left:0;right:0;margin:auto;padding:0;width:22px;height:22px}<\/style>\t\t<div class=\"elementor-spacer\">\n\t\t\t<div class=\"elementor-spacer-inner\"><\/div>\n\t\t<\/div>\n\t\t\t\t<\/div>\n\t\t\t\t<\/div>\n\t\t\t\t\t<\/div>\n\t\t\t\t<\/div>\n\t\t<div class=\"elementor-element elementor-element-40defb8 e-flex e-con-boxed e-con e-parent\" data-id=\"40defb8\" data-element_type=\"container\" data-core-v316-plus=\"true\">\n\t\t\t\t\t<div class=\"e-con-inner\">\n\t\t<div class=\"elementor-element elementor-element-22301e0 e-con-full e-flex e-con e-child\" data-id=\"22301e0\" data-element_type=\"container\">\n\t\t\t\t<div class=\"elementor-element elementor-element-ac0aed9 elementor-widget elementor-widget-image\" data-id=\"ac0aed9\" data-element_type=\"widget\" data-widget_type=\"image.default\">\n\t\t\t\t<div class=\"elementor-widget-container\">\n\t\t\t<style>\/*! elementor - v3.20.0 - 20-03-2024 *\/\n.elementor-widget-image{text-align:center}.elementor-widget-image a{display:inline-block}.elementor-widget-image a img[src$=\".svg\"]{width:48px}.elementor-widget-image img{vertical-align:middle;display:inline-block}<\/style>\t\t\t\t\t\t\t\t\t\t<img fetchpriority=\"high\" decoding=\"async\" width=\"500\" height=\"344\" src=\"https:\/\/nmevents.se\/cleanbrightawards\/wp-content\/uploads\/sites\/66\/2025\/05\/medarbetare-1.jpg\" class=\"attachment-large size-large wp-image-2793\" alt=\"\" srcset=\"https:\/\/nmevents.se\/cleanbrightawards\/wp-content\/uploads\/sites\/66\/2025\/05\/medarbetare-1.jpg 500w, https:\/\/nmevents.se\/cleanbrightawards\/wp-content\/uploads\/sites\/66\/2025\/05\/medarbetare-1-300x206.jpg 300w\" sizes=\"(max-width: 500px) 100vw, 500px\" \/>\t\t\t\t\t\t\t\t\t\t\t\t\t<\/div>\n\t\t\t\t<\/div>\n\t\t\t\t<div class=\"elementor-element elementor-element-a6ab3e5 elementor-widget elementor-widget-text-editor\" data-id=\"a6ab3e5\" data-element_type=\"widget\" data-widget_type=\"text-editor.default\">\n\t\t\t\t<div class=\"elementor-widget-container\">\n\t\t\t<style>\/*! elementor - v3.20.0 - 20-03-2024 *\/\n.elementor-widget-text-editor.elementor-drop-cap-view-stacked .elementor-drop-cap{background-color:#69727d;color:#fff}.elementor-widget-text-editor.elementor-drop-cap-view-framed .elementor-drop-cap{color:#69727d;border:3px solid;background-color:transparent}.elementor-widget-text-editor:not(.elementor-drop-cap-view-default) .elementor-drop-cap{margin-top:8px}.elementor-widget-text-editor:not(.elementor-drop-cap-view-default) .elementor-drop-cap-letter{width:1em;height:1em}.elementor-widget-text-editor .elementor-drop-cap{float:left;text-align:center;line-height:1;font-size:50px}.elementor-widget-text-editor .elementor-drop-cap-letter{display:inline-block}<\/style>\t\t\t\t<p>\u00c5rets Medarbetare<\/p>\t\t\t\t\t\t<\/div>\n\t\t\t\t<\/div>\n\t\t\t\t<div class=\"elementor-element elementor-element-cc14af8 elementor-widget elementor-widget-text-editor\" data-id=\"cc14af8\" data-element_type=\"widget\" data-widget_type=\"text-editor.default\">\n\t\t\t\t<div class=\"elementor-widget-container\">\n\t\t\t\t\t\t\t<p class=\"center\"><b>Joakim Sj\u00f6stedt &#8211; MIAB<\/b><\/p><p>Joakim Sj\u00f6stedt, nationell s\u00e4ljare hos Miab, nomineras f\u00f6r att ha levererat enast\u00e5ende service till f\u00f6retagets kunder och skapat h\u00f6g kvalitet p\u00e5 leveransen. Hans professionalism, engagemang, expertis och arbete med skapa skr\u00e4ddarsydda l\u00f6sningar g\u00f6r honom till en p\u00e5litlig och respekterad kontakt f\u00f6r kunderna och hans arbete har bidragit till f\u00f6retagets l\u00f6nsamhetsm\u00e5l och utveckling. Internt \u00e4r han en uppskattad, st\u00f6ttande och motiverande medarbetare som med energi och entusiasm bidrar till en positiv och produktiv arbetsmilj\u00f6.<\/p>\t\t\t\t\t\t<\/div>\n\t\t\t\t<\/div>\n\t\t\t\t<\/div>\n\t\t<div class=\"elementor-element elementor-element-3f08aea e-con-full e-flex e-con e-child\" data-id=\"3f08aea\" data-element_type=\"container\">\n\t\t\t\t<div class=\"elementor-element elementor-element-249c77a elementor-widget elementor-widget-image\" data-id=\"249c77a\" data-element_type=\"widget\" data-widget_type=\"image.default\">\n\t\t\t\t<div class=\"elementor-widget-container\">\n\t\t\t\t\t\t\t\t\t\t\t\t\t<img decoding=\"async\" width=\"500\" height=\"365\" src=\"https:\/\/nmevents.se\/cleanbrightawards\/wp-content\/uploads\/sites\/66\/2025\/05\/ledare-1.jpg\" class=\"attachment-large size-large wp-image-2794\" alt=\"\" srcset=\"https:\/\/nmevents.se\/cleanbrightawards\/wp-content\/uploads\/sites\/66\/2025\/05\/ledare-1.jpg 500w, https:\/\/nmevents.se\/cleanbrightawards\/wp-content\/uploads\/sites\/66\/2025\/05\/ledare-1-300x219.jpg 300w\" sizes=\"(max-width: 500px) 100vw, 500px\" \/>\t\t\t\t\t\t\t\t\t\t\t\t\t<\/div>\n\t\t\t\t<\/div>\n\t\t\t\t<div class=\"elementor-element elementor-element-6f1eeee elementor-widget elementor-widget-text-editor\" data-id=\"6f1eeee\" data-element_type=\"widget\" data-widget_type=\"text-editor.default\">\n\t\t\t\t<div class=\"elementor-widget-container\">\n\t\t\t\t\t\t\t<p>\u00c5rets Ledare<\/p>\t\t\t\t\t\t<\/div>\n\t\t\t\t<\/div>\n\t\t\t\t<div class=\"elementor-element elementor-element-e980334 elementor-widget elementor-widget-text-editor\" data-id=\"e980334\" data-element_type=\"widget\" data-widget_type=\"text-editor.default\">\n\t\t\t\t<div class=\"elementor-widget-container\">\n\t\t\t\t\t\t\t<p class=\"center\"><b>Samira Shamon Melin &#8211; G\u00f6teborgs stad\/F\u00f6rskolef\u00f6rvaltningen<\/b><\/p><div class=\"col-xs-12 col-xs-offset-0 col-sm-6 col-sm-offset-0 no-padding winners\"><div class=\"col-xs-12 winnerEverything\"><p>Samira Shamon Melin, arbetsledare f\u00f6r 75 lokalv\u00e5rdare i Angered, L\u00f6vg\u00e4rdet, G\u00e5rdsten, Hammarkullen, Hj\u00e4llbo och Bergum, leder medarbetarna med tydlighet, v\u00e4nlighet och med inspiration. Hon har ett t\u00e5lamod ut\u00f6ver det f\u00f6rv\u00e4ntade och f\u00e5r alla medarbetare att n\u00e5 sitt b\u00e4sta jag i alla l\u00e4gen och hon besitter ocks\u00e5 f\u00f6rm\u00e5gan att backa och l\u00e5ta kollegorna visa vad de g\u00e5r f\u00f6r. Samira Shamon Melin driver och st\u00f6der de kompetensutvecklande arbetet med ergonomi, arbetsmilj\u00f6 och nya st\u00e4dredskap och hennes ledarskap \u00e4r byggt p\u00e5 samverkan och hennes medarbetare upplever en stor trygghet i hennes n\u00e4rvaro.<\/p><\/div><\/div>\t\t\t\t\t\t<\/div>\n\t\t\t\t<\/div>\n\t\t\t\t<\/div>\n\t\t\t\t\t<\/div>\n\t\t\t\t<\/div>\n\t\t<div class=\"elementor-element elementor-element-fc60966 e-flex e-con-boxed e-con e-parent\" data-id=\"fc60966\" data-element_type=\"container\" data-core-v316-plus=\"true\">\n\t\t\t\t\t<div class=\"e-con-inner\">\n\t\t\t\t<div class=\"elementor-element elementor-element-774b6f5 elementor-widget elementor-widget-spacer\" data-id=\"774b6f5\" data-element_type=\"widget\" data-widget_type=\"spacer.default\">\n\t\t\t\t<div class=\"elementor-widget-container\">\n\t\t\t\t\t<div class=\"elementor-spacer\">\n\t\t\t<div class=\"elementor-spacer-inner\"><\/div>\n\t\t<\/div>\n\t\t\t\t<\/div>\n\t\t\t\t<\/div>\n\t\t\t\t<div class=\"elementor-element elementor-element-ff17eae elementor-widget-divider--view-line elementor-widget elementor-widget-divider\" data-id=\"ff17eae\" data-element_type=\"widget\" data-widget_type=\"divider.default\">\n\t\t\t\t<div class=\"elementor-widget-container\">\n\t\t\t<style>\/*! elementor - v3.20.0 - 20-03-2024 *\/\n.elementor-widget-divider{--divider-border-style:none;--divider-border-width:1px;--divider-color:#0c0d0e;--divider-icon-size:20px;--divider-element-spacing:10px;--divider-pattern-height:24px;--divider-pattern-size:20px;--divider-pattern-url:none;--divider-pattern-repeat:repeat-x}.elementor-widget-divider .elementor-divider{display:flex}.elementor-widget-divider .elementor-divider__text{font-size:15px;line-height:1;max-width:95%}.elementor-widget-divider .elementor-divider__element{margin:0 var(--divider-element-spacing);flex-shrink:0}.elementor-widget-divider .elementor-icon{font-size:var(--divider-icon-size)}.elementor-widget-divider .elementor-divider-separator{display:flex;margin:0;direction:ltr}.elementor-widget-divider--view-line_icon .elementor-divider-separator,.elementor-widget-divider--view-line_text .elementor-divider-separator{align-items:center}.elementor-widget-divider--view-line_icon .elementor-divider-separator:after,.elementor-widget-divider--view-line_icon .elementor-divider-separator:before,.elementor-widget-divider--view-line_text .elementor-divider-separator:after,.elementor-widget-divider--view-line_text .elementor-divider-separator:before{display:block;content:\"\";border-block-end:0;flex-grow:1;border-block-start:var(--divider-border-width) var(--divider-border-style) var(--divider-color)}.elementor-widget-divider--element-align-left .elementor-divider .elementor-divider-separator>.elementor-divider__svg:first-of-type{flex-grow:0;flex-shrink:100}.elementor-widget-divider--element-align-left .elementor-divider-separator:before{content:none}.elementor-widget-divider--element-align-left .elementor-divider__element{margin-left:0}.elementor-widget-divider--element-align-right .elementor-divider .elementor-divider-separator>.elementor-divider__svg:last-of-type{flex-grow:0;flex-shrink:100}.elementor-widget-divider--element-align-right .elementor-divider-separator:after{content:none}.elementor-widget-divider--element-align-right .elementor-divider__element{margin-right:0}.elementor-widget-divider--element-align-start .elementor-divider .elementor-divider-separator>.elementor-divider__svg:first-of-type{flex-grow:0;flex-shrink:100}.elementor-widget-divider--element-align-start .elementor-divider-separator:before{content:none}.elementor-widget-divider--element-align-start .elementor-divider__element{margin-inline-start:0}.elementor-widget-divider--element-align-end .elementor-divider .elementor-divider-separator>.elementor-divider__svg:last-of-type{flex-grow:0;flex-shrink:100}.elementor-widget-divider--element-align-end .elementor-divider-separator:after{content:none}.elementor-widget-divider--element-align-end .elementor-divider__element{margin-inline-end:0}.elementor-widget-divider:not(.elementor-widget-divider--view-line_text):not(.elementor-widget-divider--view-line_icon) .elementor-divider-separator{border-block-start:var(--divider-border-width) var(--divider-border-style) var(--divider-color)}.elementor-widget-divider--separator-type-pattern{--divider-border-style:none}.elementor-widget-divider--separator-type-pattern.elementor-widget-divider--view-line .elementor-divider-separator,.elementor-widget-divider--separator-type-pattern:not(.elementor-widget-divider--view-line) .elementor-divider-separator:after,.elementor-widget-divider--separator-type-pattern:not(.elementor-widget-divider--view-line) .elementor-divider-separator:before,.elementor-widget-divider--separator-type-pattern:not([class*=elementor-widget-divider--view]) .elementor-divider-separator{width:100%;min-height:var(--divider-pattern-height);-webkit-mask-size:var(--divider-pattern-size) 100%;mask-size:var(--divider-pattern-size) 100%;-webkit-mask-repeat:var(--divider-pattern-repeat);mask-repeat:var(--divider-pattern-repeat);background-color:var(--divider-color);-webkit-mask-image:var(--divider-pattern-url);mask-image:var(--divider-pattern-url)}.elementor-widget-divider--no-spacing{--divider-pattern-size:auto}.elementor-widget-divider--bg-round{--divider-pattern-repeat:round}.rtl .elementor-widget-divider .elementor-divider__text{direction:rtl}.e-con-inner>.elementor-widget-divider,.e-con>.elementor-widget-divider{width:var(--container-widget-width,100%);--flex-grow:var(--container-widget-flex-grow)}<\/style>\t\t<div class=\"elementor-divider\">\n\t\t\t<span class=\"elementor-divider-separator\">\n\t\t\t\t\t\t<\/span>\n\t\t<\/div>\n\t\t\t\t<\/div>\n\t\t\t\t<\/div>\n\t\t\t\t\t<\/div>\n\t\t\t\t<\/div>\n\t\t<div class=\"elementor-element elementor-element-4e33554 e-flex e-con-boxed e-con e-parent\" data-id=\"4e33554\" data-element_type=\"container\" data-core-v316-plus=\"true\">\n\t\t\t\t\t<div class=\"e-con-inner\">\n\t\t<div class=\"elementor-element elementor-element-b9f761c e-con-full e-flex e-con e-child\" data-id=\"b9f761c\" data-element_type=\"container\">\n\t\t\t\t<div class=\"elementor-element elementor-element-a8d020b elementor-widget elementor-widget-image\" data-id=\"a8d020b\" data-element_type=\"widget\" data-widget_type=\"image.default\">\n\t\t\t\t<div class=\"elementor-widget-container\">\n\t\t\t\t\t\t\t\t\t\t\t\t\t<img decoding=\"async\" width=\"500\" height=\"354\" src=\"https:\/\/nmevents.se\/cleanbrightawards\/wp-content\/uploads\/sites\/66\/2025\/05\/branchforetag-1.jpg\" class=\"attachment-large size-large wp-image-2795\" alt=\"\" srcset=\"https:\/\/nmevents.se\/cleanbrightawards\/wp-content\/uploads\/sites\/66\/2025\/05\/branchforetag-1.jpg 500w, https:\/\/nmevents.se\/cleanbrightawards\/wp-content\/uploads\/sites\/66\/2025\/05\/branchforetag-1-300x212.jpg 300w\" sizes=\"(max-width: 500px) 100vw, 500px\" \/>\t\t\t\t\t\t\t\t\t\t\t\t\t<\/div>\n\t\t\t\t<\/div>\n\t\t\t\t<div class=\"elementor-element elementor-element-5ca0069 elementor-widget elementor-widget-text-editor\" data-id=\"5ca0069\" data-element_type=\"widget\" data-widget_type=\"text-editor.default\">\n\t\t\t\t<div class=\"elementor-widget-container\">\n\t\t\t\t\t\t\t<p>\u00c5rets Branchf\u00f6retag<\/p>\t\t\t\t\t\t<\/div>\n\t\t\t\t<\/div>\n\t\t\t\t<div class=\"elementor-element elementor-element-8bc3fef elementor-widget elementor-widget-text-editor\" data-id=\"8bc3fef\" data-element_type=\"widget\" data-widget_type=\"text-editor.default\">\n\t\t\t\t<div class=\"elementor-widget-container\">\n\t\t\t\t\t\t\t<p class=\"center\"><b>MIAB<\/b><\/p><p>Genom att prioritera kompetensutveckling och hantverket st\u00e4d har Miab s\u00e4kerst\u00e4llt att alla medarbetare f\u00e5r tillg\u00e5ng till relevant och h\u00f6gkvalitativ utbildning via den egna plattformen Miab Learning. D\u00e4rtill har akt\u00f6ren s\u00e4kerst\u00e4llt st\u00e4llningen som en attraktiv arbetsgivare genom konkurrenskraftiga f\u00f6rm\u00e5ner, arbetsvillkor och utvecklingsm\u00f6jligheter. F\u00f6rm\u00e5gan att locka till sig talangfulla individer har ocks\u00e5 lett erk\u00e4nnande som ett av Sveriges 100 karri\u00e4rsf\u00f6retag 2023 n\u00e5got som i sin tur genererar stor nytta till kunderna. I h\u00e5llbarhetsarbetet ligger fokus p\u00e5 milj\u00f6v\u00e4nliga st\u00e4dmetoder, anv\u00e4ndning av ekologiska produkter och effektiv resurshantering.<\/p>\t\t\t\t\t\t<\/div>\n\t\t\t\t<\/div>\n\t\t\t\t<\/div>\n\t\t<div class=\"elementor-element elementor-element-fb47bc5 e-con-full e-flex e-con e-child\" data-id=\"fb47bc5\" data-element_type=\"container\">\n\t\t\t\t<div class=\"elementor-element elementor-element-0dbdf6f elementor-widget elementor-widget-image\" data-id=\"0dbdf6f\" data-element_type=\"widget\" data-widget_type=\"image.default\">\n\t\t\t\t<div class=\"elementor-widget-container\">\n\t\t\t\t\t\t\t\t\t\t\t\t\t<img loading=\"lazy\" decoding=\"async\" width=\"500\" height=\"352\" src=\"https:\/\/nmevents.se\/cleanbrightawards\/wp-content\/uploads\/sites\/66\/2025\/05\/miljoforetag.jpg\" class=\"attachment-large size-large wp-image-2796\" alt=\"\" srcset=\"https:\/\/nmevents.se\/cleanbrightawards\/wp-content\/uploads\/sites\/66\/2025\/05\/miljoforetag.jpg 500w, https:\/\/nmevents.se\/cleanbrightawards\/wp-content\/uploads\/sites\/66\/2025\/05\/miljoforetag-300x211.jpg 300w\" sizes=\"(max-width: 500px) 100vw, 500px\" \/>\t\t\t\t\t\t\t\t\t\t\t\t\t<\/div>\n\t\t\t\t<\/div>\n\t\t\t\t<div class=\"elementor-element elementor-element-39b5db9 elementor-widget elementor-widget-text-editor\" data-id=\"39b5db9\" data-element_type=\"widget\" data-widget_type=\"text-editor.default\">\n\t\t\t\t<div class=\"elementor-widget-container\">\n\t\t\t\t\t\t\t<p>\u00c5rets Milj\u00f6f\u00f6retag<\/p>\t\t\t\t\t\t<\/div>\n\t\t\t\t<\/div>\n\t\t\t\t<div class=\"elementor-element elementor-element-d85cb1d elementor-widget elementor-widget-text-editor\" data-id=\"d85cb1d\" data-element_type=\"widget\" data-widget_type=\"text-editor.default\">\n\t\t\t\t<div class=\"elementor-widget-container\">\n\t\t\t\t\t\t\t<p class=\"center\"><b>Tana-Chemie<\/b><\/p><div class=\"col-xs-12 col-xs-offset-0 col-sm-6 col-sm-offset-0 no-padding winners\"><div class=\"col-xs-12 winnerEverything\"><p>Tana-Chemie st\u00e5r f\u00f6r en konsekvent cirkul\u00e4r ekonomi l\u00e4ngs hela v\u00e4rdekedjan; fr\u00e5n r\u00e5vara till f\u00f6rpackning. Kretsloppstanken innefattar allt fr\u00e5n \u00e5tervinningsbara f\u00f6rpackningar, tillvaratagande av plast fr\u00e5n avfallsinsamlingar, utnyttjande av f\u00f6rnybar energi och \u00e5teranv\u00e4ndning av vatten fr\u00e5n driftprocesser samt minskad vattenf\u00f6rbrukning totalt. F\u00f6r sitt arbete har Tana-Chemie prisats vid en rad tillf\u00e4llen och fick 2022 \u00e5terigen Ecovadis Platinum- certifieringen och uts\u00e5gs till ett av de mest h\u00e5llbara f\u00f6retagen i v\u00e4rlden.<\/p><\/div><\/div>\t\t\t\t\t\t<\/div>\n\t\t\t\t<\/div>\n\t\t\t\t<\/div>\n\t\t\t\t\t<\/div>\n\t\t\t\t<\/div>\n\t\t<div class=\"elementor-element elementor-element-692d53c e-flex e-con-boxed e-con e-parent\" data-id=\"692d53c\" data-element_type=\"container\" data-core-v316-plus=\"true\">\n\t\t\t\t\t<div class=\"e-con-inner\">\n\t\t\t\t<div class=\"elementor-element elementor-element-ca0a69e elementor-widget elementor-widget-spacer\" data-id=\"ca0a69e\" data-element_type=\"widget\" data-widget_type=\"spacer.default\">\n\t\t\t\t<div class=\"elementor-widget-container\">\n\t\t\t\t\t<div class=\"elementor-spacer\">\n\t\t\t<div class=\"elementor-spacer-inner\"><\/div>\n\t\t<\/div>\n\t\t\t\t<\/div>\n\t\t\t\t<\/div>\n\t\t\t\t<div class=\"elementor-element elementor-element-092e075 elementor-widget-divider--view-line elementor-widget elementor-widget-divider\" data-id=\"092e075\" data-element_type=\"widget\" data-widget_type=\"divider.default\">\n\t\t\t\t<div class=\"elementor-widget-container\">\n\t\t\t\t\t<div class=\"elementor-divider\">\n\t\t\t<span class=\"elementor-divider-separator\">\n\t\t\t\t\t\t<\/span>\n\t\t<\/div>\n\t\t\t\t<\/div>\n\t\t\t\t<\/div>\n\t\t\t\t\t<\/div>\n\t\t\t\t<\/div>\n\t\t<div class=\"elementor-element elementor-element-cbd2f85 e-flex e-con-boxed e-con e-parent\" data-id=\"cbd2f85\" data-element_type=\"container\" data-core-v316-plus=\"true\">\n\t\t\t\t\t<div class=\"e-con-inner\">\n\t\t<div class=\"elementor-element elementor-element-0ecf425 e-con-full e-flex e-con e-child\" data-id=\"0ecf425\" data-element_type=\"container\">\n\t\t\t\t<div class=\"elementor-element elementor-element-ce72f41 elementor-widget elementor-widget-image\" data-id=\"ce72f41\" data-element_type=\"widget\" data-widget_type=\"image.default\">\n\t\t\t\t<div class=\"elementor-widget-container\">\n\t\t\t\t\t\t\t\t\t\t\t\t\t<img loading=\"lazy\" decoding=\"async\" width=\"500\" height=\"345\" src=\"https:\/\/nmevents.se\/cleanbrightawards\/wp-content\/uploads\/sites\/66\/2025\/05\/stadare-1.jpg\" class=\"attachment-large size-large wp-image-2797\" alt=\"\" srcset=\"https:\/\/nmevents.se\/cleanbrightawards\/wp-content\/uploads\/sites\/66\/2025\/05\/stadare-1.jpg 500w, https:\/\/nmevents.se\/cleanbrightawards\/wp-content\/uploads\/sites\/66\/2025\/05\/stadare-1-300x207.jpg 300w\" sizes=\"(max-width: 500px) 100vw, 500px\" \/>\t\t\t\t\t\t\t\t\t\t\t\t\t<\/div>\n\t\t\t\t<\/div>\n\t\t\t\t<div class=\"elementor-element elementor-element-391edec elementor-widget elementor-widget-text-editor\" data-id=\"391edec\" data-element_type=\"widget\" data-widget_type=\"text-editor.default\">\n\t\t\t\t<div class=\"elementor-widget-container\">\n\t\t\t\t\t\t\t<p>\u00c5rets St\u00e4dare<\/p>\t\t\t\t\t\t<\/div>\n\t\t\t\t<\/div>\n\t\t\t\t<div class=\"elementor-element elementor-element-45a0856 elementor-widget elementor-widget-text-editor\" data-id=\"45a0856\" data-element_type=\"widget\" data-widget_type=\"text-editor.default\">\n\t\t\t\t<div class=\"elementor-widget-container\">\n\t\t\t\t\t\t\t<p class=\"center\"><b>Suada Ajanovic &#8211; Asteri Facility Solutions<\/b><\/p><p>Suada Ajanovic, Asteri Facility Solutions, levererar alltid h\u00f6gsta kvalitet; det \u00e4r alltid rent och snyggt vid kvalitetsrapportering och ordning och reda i st\u00e4df\u00f6rr\u00e5d och maskiner. Hennes skarpa \u00f6ga och l\u00e5nga bakgrund i st\u00e4dbranschen har resulterat i utvecklade, nya och f\u00f6rfinade st\u00e4dmetoder och arbetsbeskrivningar, n\u00e5got som uppskattats mycket av kunderna. Med skarpt \u00f6ga och mjuka s\u00e4tt att l\u00e4ra ut har \u00e4ven bidragit till att praktikanter fr\u00e5n Arbetsf\u00f6rmedlingen och individer som st\u00e5tt l\u00e5ngt ifr\u00e5n arbetsmarknaden k\u00e4nt ett stort engagemang och driv att l\u00e4ra sig yrket; n\u00e5got som ofta lett anst\u00e4llningar efter praktikperioder g\u00e5tt ut.<\/p>\t\t\t\t\t\t<\/div>\n\t\t\t\t<\/div>\n\t\t\t\t<\/div>\n\t\t\t\t\t<\/div>\n\t\t\t\t<\/div>\n\t\t\t\t<\/div>\n\t\t","protected":false},"excerpt":{"rendered":"<p>\u00c5rets Medarbetare Joakim Sj\u00f6stedt &#8211; MIAB Joakim Sj\u00f6stedt, nationell s\u00e4ljare hos Miab, nomineras f\u00f6r att ha levererat enast\u00e5ende service till f\u00f6retagets kunder och skapat h\u00f6g kvalitet p\u00e5 leveransen. Hans professionalism, engagemang, expertis och arbete med skapa skr\u00e4ddarsydda l\u00f6sningar g\u00f6r honom till en p\u00e5litlig och respekterad kontakt f\u00f6r kunderna och hans arbete har bidragit till f\u00f6retagets [&hellip;]<\/p>\n","protected":false},"author":21,"featured_media":0,"parent":0,"menu_order":0,"comment_status":"closed","ping_status":"closed","template":"","meta":{"_acf_changed":false,"inline_featured_image":false,"footnotes":""},"acf":[],"_links":{"self":[{"href":"https:\/\/nmevents.se\/cleanbrightawards\/wp-json\/wp\/v2\/pages\/2732"}],"collection":[{"href":"https:\/\/nmevents.se\/cleanbrightawards\/wp-json\/wp\/v2\/pages"}],"about":[{"href":"https:\/\/nmevents.se\/cleanbrightawards\/wp-json\/wp\/v2\/types\/page"}],"author":[{"embeddable":true,"href":"https:\/\/nmevents.se\/cleanbrightawards\/wp-json\/wp\/v2\/users\/21"}],"replies":[{"embeddable":true,"href":"https:\/\/nmevents.se\/cleanbrightawards\/wp-json\/wp\/v2\/comments?post=2732"}],"version-history":[{"count":5,"href":"https:\/\/nmevents.se\/cleanbrightawards\/wp-json\/wp\/v2\/pages\/2732\/revisions"}],"predecessor-version":[{"id":2800,"href":"https:\/\/nmevents.se\/cleanbrightawards\/wp-json\/wp\/v2\/pages\/2732\/revisions\/2800"}],"wp:attachment":[{"href":"https:\/\/nmevents.se\/cleanbrightawards\/wp-json\/wp\/v2\/media?parent=2732"}],"curies":[{"name":"wp","href":"https:\/\/api.w.org\/{rel}","templated":true}]}}