{"id":3199,"date":"2026-03-10T16:15:18","date_gmt":"2026-03-10T15:15:18","guid":{"rendered":"https:\/\/nmevents.se\/cleanbrightawards\/?page_id=3199"},"modified":"2026-03-10T16:27:19","modified_gmt":"2026-03-10T15:27:19","slug":"vinnare-2025","status":"publish","type":"page","link":"https:\/\/nmevents.se\/cleanbrightawards\/vinnare-2025\/","title":{"rendered":"Vinnare 2025"},"content":{"rendered":"\t\t<div data-elementor-type=\"wp-page\" data-elementor-id=\"3199\" class=\"elementor elementor-3199\" data-elementor-post-type=\"page\">\n\t\t\t\t<div class=\"elementor-element elementor-element-4cd3b03 e-flex e-con-boxed e-con e-parent\" data-id=\"4cd3b03\" data-element_type=\"container\" data-core-v316-plus=\"true\">\n\t\t\t\t\t<div class=\"e-con-inner\">\n\t\t\t\t<div class=\"elementor-element elementor-element-9dae09c elementor-widget elementor-widget-spacer\" data-id=\"9dae09c\" data-element_type=\"widget\" data-widget_type=\"spacer.default\">\n\t\t\t\t<div class=\"elementor-widget-container\">\n\t\t\t<style>\/*! elementor - v3.20.0 - 20-03-2024 *\/\n.elementor-column .elementor-spacer-inner{height:var(--spacer-size)}.e-con{--container-widget-width:100%}.e-con-inner>.elementor-widget-spacer,.e-con>.elementor-widget-spacer{width:var(--container-widget-width,var(--spacer-size));--align-self:var(--container-widget-align-self,initial);--flex-shrink:0}.e-con-inner>.elementor-widget-spacer>.elementor-widget-container,.e-con>.elementor-widget-spacer>.elementor-widget-container{height:100%;width:100%}.e-con-inner>.elementor-widget-spacer>.elementor-widget-container>.elementor-spacer,.e-con>.elementor-widget-spacer>.elementor-widget-container>.elementor-spacer{height:100%}.e-con-inner>.elementor-widget-spacer>.elementor-widget-container>.elementor-spacer>.elementor-spacer-inner,.e-con>.elementor-widget-spacer>.elementor-widget-container>.elementor-spacer>.elementor-spacer-inner{height:var(--container-widget-height,var(--spacer-size))}.e-con-inner>.elementor-widget-spacer.elementor-widget-empty,.e-con>.elementor-widget-spacer.elementor-widget-empty{position:relative;min-height:22px;min-width:22px}.e-con-inner>.elementor-widget-spacer.elementor-widget-empty .elementor-widget-empty-icon,.e-con>.elementor-widget-spacer.elementor-widget-empty .elementor-widget-empty-icon{position:absolute;top:0;bottom:0;left:0;right:0;margin:auto;padding:0;width:22px;height:22px}<\/style>\t\t<div class=\"elementor-spacer\">\n\t\t\t<div class=\"elementor-spacer-inner\"><\/div>\n\t\t<\/div>\n\t\t\t\t<\/div>\n\t\t\t\t<\/div>\n\t\t\t\t\t<\/div>\n\t\t\t\t<\/div>\n\t\t<div class=\"elementor-element elementor-element-b71e9fd e-flex e-con-boxed e-con e-parent\" data-id=\"b71e9fd\" data-element_type=\"container\" data-core-v316-plus=\"true\">\n\t\t\t\t\t<div class=\"e-con-inner\">\n\t\t<div class=\"elementor-element elementor-element-55d5144 e-con-full e-flex e-con e-child\" data-id=\"55d5144\" data-element_type=\"container\">\n\t\t\t\t<div class=\"elementor-element elementor-element-ba4fa8b elementor-widget elementor-widget-image\" data-id=\"ba4fa8b\" data-element_type=\"widget\" data-widget_type=\"image.default\">\n\t\t\t\t<div class=\"elementor-widget-container\">\n\t\t\t<style>\/*! elementor - v3.20.0 - 20-03-2024 *\/\n.elementor-widget-image{text-align:center}.elementor-widget-image a{display:inline-block}.elementor-widget-image a img[src$=\".svg\"]{width:48px}.elementor-widget-image img{vertical-align:middle;display:inline-block}<\/style>\t\t\t\t\t\t\t\t\t\t<img fetchpriority=\"high\" decoding=\"async\" width=\"800\" height=\"600\" src=\"https:\/\/nmevents.se\/cleanbrightawards\/wp-content\/uploads\/sites\/66\/2026\/03\/Uppsala-Kommun-1024x768.jpg\" class=\"attachment-large size-large wp-image-3201\" alt=\"\" srcset=\"https:\/\/nmevents.se\/cleanbrightawards\/wp-content\/uploads\/sites\/66\/2026\/03\/Uppsala-Kommun-1024x768.jpg 1024w, https:\/\/nmevents.se\/cleanbrightawards\/wp-content\/uploads\/sites\/66\/2026\/03\/Uppsala-Kommun-300x225.jpg 300w, https:\/\/nmevents.se\/cleanbrightawards\/wp-content\/uploads\/sites\/66\/2026\/03\/Uppsala-Kommun-768x576.jpg 768w, https:\/\/nmevents.se\/cleanbrightawards\/wp-content\/uploads\/sites\/66\/2026\/03\/Uppsala-Kommun-1536x1152.jpg 1536w, https:\/\/nmevents.se\/cleanbrightawards\/wp-content\/uploads\/sites\/66\/2026\/03\/Uppsala-Kommun-2048x1536.jpg 2048w\" sizes=\"(max-width: 800px) 100vw, 800px\" \/>\t\t\t\t\t\t\t\t\t\t\t\t\t<\/div>\n\t\t\t\t<\/div>\n\t\t\t\t<div class=\"elementor-element elementor-element-22fd619 elementor-widget elementor-widget-text-editor\" data-id=\"22fd619\" data-element_type=\"widget\" data-widget_type=\"text-editor.default\">\n\t\t\t\t<div class=\"elementor-widget-container\">\n\t\t\t<style>\/*! elementor - v3.20.0 - 20-03-2024 *\/\n.elementor-widget-text-editor.elementor-drop-cap-view-stacked .elementor-drop-cap{background-color:#69727d;color:#fff}.elementor-widget-text-editor.elementor-drop-cap-view-framed .elementor-drop-cap{color:#69727d;border:3px solid;background-color:transparent}.elementor-widget-text-editor:not(.elementor-drop-cap-view-default) .elementor-drop-cap{margin-top:8px}.elementor-widget-text-editor:not(.elementor-drop-cap-view-default) .elementor-drop-cap-letter{width:1em;height:1em}.elementor-widget-text-editor .elementor-drop-cap{float:left;text-align:center;line-height:1;font-size:50px}.elementor-widget-text-editor .elementor-drop-cap-letter{display:inline-block}<\/style>\t\t\t\t<p>\u00c5rets Branchf\u00f6retag<\/p>\t\t\t\t\t\t<\/div>\n\t\t\t\t<\/div>\n\t\t\t\t<div class=\"elementor-element elementor-element-14100f1 elementor-widget elementor-widget-text-editor\" data-id=\"14100f1\" data-element_type=\"widget\" data-widget_type=\"text-editor.default\">\n\t\t\t\t<div class=\"elementor-widget-container\">\n\t\t\t\t\t\t\t<p class=\"center\"><strong>St\u00e4dservice Uppsala Kommun<\/strong><\/p><p>Med stolthet, engagemang och ett hj\u00e4rta som klappar f\u00f6r hela kommunen skapar St\u00e4dservice Uppsala trygghet och trivsel varje dag. H\u00e4r \u00e4r 240 lokalv\u00e5rdare som g\u00f6r skillnad i skolor, \u00e4ldreboenden, bibliotek och idrottshallar. Genom innovation, n\u00e4ra ledarskap och omtanke om b\u00e5de m\u00e4nniskor och milj\u00f6 visar de v\u00e4gen f\u00f6r framtidens st\u00e4dning.<\/p>\t\t\t\t\t\t<\/div>\n\t\t\t\t<\/div>\n\t\t\t\t<\/div>\n\t\t<div class=\"elementor-element elementor-element-4fa128f e-con-full e-flex e-con e-child\" data-id=\"4fa128f\" data-element_type=\"container\">\n\t\t\t\t<div class=\"elementor-element elementor-element-6237f07 elementor-widget elementor-widget-image\" data-id=\"6237f07\" data-element_type=\"widget\" data-widget_type=\"image.default\">\n\t\t\t\t<div class=\"elementor-widget-container\">\n\t\t\t\t\t\t\t\t\t\t\t\t\t<img decoding=\"async\" width=\"800\" height=\"600\" src=\"https:\/\/nmevents.se\/cleanbrightawards\/wp-content\/uploads\/sites\/66\/2026\/03\/Ellinor-Jahber-1024x768.jpg\" class=\"attachment-large size-large wp-image-3203\" alt=\"\" srcset=\"https:\/\/nmevents.se\/cleanbrightawards\/wp-content\/uploads\/sites\/66\/2026\/03\/Ellinor-Jahber-1024x768.jpg 1024w, https:\/\/nmevents.se\/cleanbrightawards\/wp-content\/uploads\/sites\/66\/2026\/03\/Ellinor-Jahber-300x225.jpg 300w, https:\/\/nmevents.se\/cleanbrightawards\/wp-content\/uploads\/sites\/66\/2026\/03\/Ellinor-Jahber-768x576.jpg 768w, https:\/\/nmevents.se\/cleanbrightawards\/wp-content\/uploads\/sites\/66\/2026\/03\/Ellinor-Jahber-1536x1152.jpg 1536w, https:\/\/nmevents.se\/cleanbrightawards\/wp-content\/uploads\/sites\/66\/2026\/03\/Ellinor-Jahber.jpg 1920w\" sizes=\"(max-width: 800px) 100vw, 800px\" \/>\t\t\t\t\t\t\t\t\t\t\t\t\t<\/div>\n\t\t\t\t<\/div>\n\t\t\t\t<div class=\"elementor-element elementor-element-e4e2039 elementor-widget elementor-widget-text-editor\" data-id=\"e4e2039\" data-element_type=\"widget\" data-widget_type=\"text-editor.default\">\n\t\t\t\t<div class=\"elementor-widget-container\">\n\t\t\t\t\t\t\t<p>\u00c5rets Ledare<\/p>\t\t\t\t\t\t<\/div>\n\t\t\t\t<\/div>\n\t\t\t\t<div class=\"elementor-element elementor-element-6ffa2bd elementor-widget elementor-widget-text-editor\" data-id=\"6ffa2bd\" data-element_type=\"widget\" data-widget_type=\"text-editor.default\">\n\t\t\t\t<div class=\"elementor-widget-container\">\n\t\t\t\t\t\t\t<p class=\"center\"><strong>Ellinore J\u00e5hber, St\u00e4dservice \/ Uppsala Kommun<\/strong><\/p><div class=\"col-xs-12 col-xs-offset-0 col-sm-6 col-sm-offset-0 no-padding winners\"><div class=\"col-xs-12 winnerEverything\"><p>Ellinore J\u00e5hber \u00e4r ledare som verkligen g\u00f6r skillnad! Med hj\u00e4rta, v\u00e4rme och en s\u00e4llsynt f\u00f6rm\u00e5ga att se varje individ har hon skapat en arbetsmilj\u00f6 d\u00e4r trygghet och utveckling g\u00e5r hand i hand. Hon lyssnar, uppmuntrar och ger plats \u00e5t sina medarbetare \u2013 vilket bygger b\u00e5de mod och samh\u00f6righet. Med sitt smittande skratt och sin positiva inst\u00e4llning skapar hon arbetsgl\u00e4dje \u00e4ven i pressade situationer. Hon \u00e4r den som st\u00e5r stadigt, visar v\u00e4gen och inspirerar oss att v\u00e4xa. En f\u00f6rebild, en lagspelare och en ledare som leder genom omtanke och n\u00e4rvaro.<\/p><\/div><\/div>\t\t\t\t\t\t<\/div>\n\t\t\t\t<\/div>\n\t\t\t\t<\/div>\n\t\t\t\t\t<\/div>\n\t\t\t\t<\/div>\n\t\t<div class=\"elementor-element elementor-element-3cb9cf3 e-flex e-con-boxed e-con e-parent\" data-id=\"3cb9cf3\" data-element_type=\"container\" data-core-v316-plus=\"true\">\n\t\t\t\t\t<div class=\"e-con-inner\">\n\t\t\t\t<div class=\"elementor-element elementor-element-1411d13 elementor-widget elementor-widget-spacer\" data-id=\"1411d13\" data-element_type=\"widget\" data-widget_type=\"spacer.default\">\n\t\t\t\t<div class=\"elementor-widget-container\">\n\t\t\t\t\t<div class=\"elementor-spacer\">\n\t\t\t<div class=\"elementor-spacer-inner\"><\/div>\n\t\t<\/div>\n\t\t\t\t<\/div>\n\t\t\t\t<\/div>\n\t\t\t\t<div class=\"elementor-element elementor-element-884a754 elementor-widget-divider--view-line elementor-widget elementor-widget-divider\" data-id=\"884a754\" data-element_type=\"widget\" data-widget_type=\"divider.default\">\n\t\t\t\t<div class=\"elementor-widget-container\">\n\t\t\t<style>\/*! elementor - v3.20.0 - 20-03-2024 *\/\n.elementor-widget-divider{--divider-border-style:none;--divider-border-width:1px;--divider-color:#0c0d0e;--divider-icon-size:20px;--divider-element-spacing:10px;--divider-pattern-height:24px;--divider-pattern-size:20px;--divider-pattern-url:none;--divider-pattern-repeat:repeat-x}.elementor-widget-divider .elementor-divider{display:flex}.elementor-widget-divider .elementor-divider__text{font-size:15px;line-height:1;max-width:95%}.elementor-widget-divider .elementor-divider__element{margin:0 var(--divider-element-spacing);flex-shrink:0}.elementor-widget-divider .elementor-icon{font-size:var(--divider-icon-size)}.elementor-widget-divider .elementor-divider-separator{display:flex;margin:0;direction:ltr}.elementor-widget-divider--view-line_icon .elementor-divider-separator,.elementor-widget-divider--view-line_text .elementor-divider-separator{align-items:center}.elementor-widget-divider--view-line_icon .elementor-divider-separator:after,.elementor-widget-divider--view-line_icon .elementor-divider-separator:before,.elementor-widget-divider--view-line_text .elementor-divider-separator:after,.elementor-widget-divider--view-line_text .elementor-divider-separator:before{display:block;content:\"\";border-block-end:0;flex-grow:1;border-block-start:var(--divider-border-width) var(--divider-border-style) var(--divider-color)}.elementor-widget-divider--element-align-left .elementor-divider .elementor-divider-separator>.elementor-divider__svg:first-of-type{flex-grow:0;flex-shrink:100}.elementor-widget-divider--element-align-left .elementor-divider-separator:before{content:none}.elementor-widget-divider--element-align-left .elementor-divider__element{margin-left:0}.elementor-widget-divider--element-align-right .elementor-divider .elementor-divider-separator>.elementor-divider__svg:last-of-type{flex-grow:0;flex-shrink:100}.elementor-widget-divider--element-align-right .elementor-divider-separator:after{content:none}.elementor-widget-divider--element-align-right .elementor-divider__element{margin-right:0}.elementor-widget-divider--element-align-start .elementor-divider .elementor-divider-separator>.elementor-divider__svg:first-of-type{flex-grow:0;flex-shrink:100}.elementor-widget-divider--element-align-start .elementor-divider-separator:before{content:none}.elementor-widget-divider--element-align-start .elementor-divider__element{margin-inline-start:0}.elementor-widget-divider--element-align-end .elementor-divider .elementor-divider-separator>.elementor-divider__svg:last-of-type{flex-grow:0;flex-shrink:100}.elementor-widget-divider--element-align-end .elementor-divider-separator:after{content:none}.elementor-widget-divider--element-align-end .elementor-divider__element{margin-inline-end:0}.elementor-widget-divider:not(.elementor-widget-divider--view-line_text):not(.elementor-widget-divider--view-line_icon) .elementor-divider-separator{border-block-start:var(--divider-border-width) var(--divider-border-style) var(--divider-color)}.elementor-widget-divider--separator-type-pattern{--divider-border-style:none}.elementor-widget-divider--separator-type-pattern.elementor-widget-divider--view-line .elementor-divider-separator,.elementor-widget-divider--separator-type-pattern:not(.elementor-widget-divider--view-line) .elementor-divider-separator:after,.elementor-widget-divider--separator-type-pattern:not(.elementor-widget-divider--view-line) .elementor-divider-separator:before,.elementor-widget-divider--separator-type-pattern:not([class*=elementor-widget-divider--view]) .elementor-divider-separator{width:100%;min-height:var(--divider-pattern-height);-webkit-mask-size:var(--divider-pattern-size) 100%;mask-size:var(--divider-pattern-size) 100%;-webkit-mask-repeat:var(--divider-pattern-repeat);mask-repeat:var(--divider-pattern-repeat);background-color:var(--divider-color);-webkit-mask-image:var(--divider-pattern-url);mask-image:var(--divider-pattern-url)}.elementor-widget-divider--no-spacing{--divider-pattern-size:auto}.elementor-widget-divider--bg-round{--divider-pattern-repeat:round}.rtl .elementor-widget-divider .elementor-divider__text{direction:rtl}.e-con-inner>.elementor-widget-divider,.e-con>.elementor-widget-divider{width:var(--container-widget-width,100%);--flex-grow:var(--container-widget-flex-grow)}<\/style>\t\t<div class=\"elementor-divider\">\n\t\t\t<span class=\"elementor-divider-separator\">\n\t\t\t\t\t\t<\/span>\n\t\t<\/div>\n\t\t\t\t<\/div>\n\t\t\t\t<\/div>\n\t\t\t\t\t<\/div>\n\t\t\t\t<\/div>\n\t\t<div class=\"elementor-element elementor-element-1c9347d e-flex e-con-boxed e-con e-parent\" data-id=\"1c9347d\" data-element_type=\"container\" data-core-v316-plus=\"true\">\n\t\t\t\t\t<div class=\"e-con-inner\">\n\t\t<div class=\"elementor-element elementor-element-ffe7af3 e-con-full e-flex e-con e-child\" data-id=\"ffe7af3\" data-element_type=\"container\">\n\t\t\t\t<div class=\"elementor-element elementor-element-fd3d663 elementor-widget elementor-widget-image\" data-id=\"fd3d663\" data-element_type=\"widget\" data-widget_type=\"image.default\">\n\t\t\t\t<div class=\"elementor-widget-container\">\n\t\t\t\t\t\t\t\t\t\t\t\t\t<img decoding=\"async\" width=\"800\" height=\"600\" src=\"https:\/\/nmevents.se\/cleanbrightawards\/wp-content\/uploads\/sites\/66\/2026\/03\/Nina-Bostrom-1024x768.jpeg\" class=\"attachment-large size-large wp-image-3204\" alt=\"\" srcset=\"https:\/\/nmevents.se\/cleanbrightawards\/wp-content\/uploads\/sites\/66\/2026\/03\/Nina-Bostrom-1024x768.jpeg 1024w, https:\/\/nmevents.se\/cleanbrightawards\/wp-content\/uploads\/sites\/66\/2026\/03\/Nina-Bostrom-300x225.jpeg 300w, https:\/\/nmevents.se\/cleanbrightawards\/wp-content\/uploads\/sites\/66\/2026\/03\/Nina-Bostrom-768x576.jpeg 768w, https:\/\/nmevents.se\/cleanbrightawards\/wp-content\/uploads\/sites\/66\/2026\/03\/Nina-Bostrom-1536x1152.jpeg 1536w, https:\/\/nmevents.se\/cleanbrightawards\/wp-content\/uploads\/sites\/66\/2026\/03\/Nina-Bostrom-2048x1536.jpeg 2048w\" sizes=\"(max-width: 800px) 100vw, 800px\" \/>\t\t\t\t\t\t\t\t\t\t\t\t\t<\/div>\n\t\t\t\t<\/div>\n\t\t\t\t<div class=\"elementor-element elementor-element-589b8ab elementor-widget elementor-widget-text-editor\" data-id=\"589b8ab\" data-element_type=\"widget\" data-widget_type=\"text-editor.default\">\n\t\t\t\t<div class=\"elementor-widget-container\">\n\t\t\t\t\t\t\t<p>\u00c5rets St\u00e4dare<\/p>\t\t\t\t\t\t<\/div>\n\t\t\t\t<\/div>\n\t\t\t\t<div class=\"elementor-element elementor-element-15fa81a elementor-widget elementor-widget-text-editor\" data-id=\"15fa81a\" data-element_type=\"widget\" data-widget_type=\"text-editor.default\">\n\t\t\t\t<div class=\"elementor-widget-container\">\n\t\t\t\t\t\t\t<p><strong>Nina Bostr\u00f6m, Kfast<\/strong><\/p><p>Med l\u00e5ng erfarenhet inom lokalv\u00e5rden levererar Nina dagligen arbete med kunden i fokus och h\u00f6jer samtidigt yrkets status. Hon \u00e4r alltid hj\u00e4lpsam, l\u00f6sningsfokuserad och redo att b\u00e5de l\u00e4ra ut och l\u00e4ra nytt. Med sitt engagemang inspirerar hon kollegor att t\u00e4nka nytt och ta ansvar, och hon s\u00e4kerst\u00e4ller att underh\u00e5llet i kundernas lokaler alltid h\u00e5ller h\u00f6gsta kvalitet. Nina visar att lokalv\u00e5rd \u00e4r ett yrke att vara stolt \u00f6ver, och hennes passion och yrkesstolthet smittar av sig p\u00e5 hela teamet. Alla vill ha en Nina i sitt lag!<\/p>\t\t\t\t\t\t<\/div>\n\t\t\t\t<\/div>\n\t\t\t\t<\/div>\n\t\t<div class=\"elementor-element elementor-element-69d884d e-con-full e-flex e-con e-child\" data-id=\"69d884d\" data-element_type=\"container\">\n\t\t\t\t<div class=\"elementor-element elementor-element-d95f9d0 elementor-widget elementor-widget-image\" data-id=\"d95f9d0\" data-element_type=\"widget\" data-widget_type=\"image.default\">\n\t\t\t\t<div class=\"elementor-widget-container\">\n\t\t\t\t\t\t\t\t\t\t\t\t\t<img loading=\"lazy\" decoding=\"async\" width=\"800\" height=\"600\" src=\"https:\/\/nmevents.se\/cleanbrightawards\/wp-content\/uploads\/sites\/66\/2026\/03\/Sussie-Domeij-Falkhall-1024x768.jpg\" class=\"attachment-large size-large wp-image-3205\" alt=\"\" srcset=\"https:\/\/nmevents.se\/cleanbrightawards\/wp-content\/uploads\/sites\/66\/2026\/03\/Sussie-Domeij-Falkhall-1024x768.jpg 1024w, https:\/\/nmevents.se\/cleanbrightawards\/wp-content\/uploads\/sites\/66\/2026\/03\/Sussie-Domeij-Falkhall-300x225.jpg 300w, https:\/\/nmevents.se\/cleanbrightawards\/wp-content\/uploads\/sites\/66\/2026\/03\/Sussie-Domeij-Falkhall-768x576.jpg 768w, https:\/\/nmevents.se\/cleanbrightawards\/wp-content\/uploads\/sites\/66\/2026\/03\/Sussie-Domeij-Falkhall.jpg 1079w\" sizes=\"(max-width: 800px) 100vw, 800px\" \/>\t\t\t\t\t\t\t\t\t\t\t\t\t<\/div>\n\t\t\t\t<\/div>\n\t\t\t\t<div class=\"elementor-element elementor-element-532ff06 elementor-widget elementor-widget-text-editor\" data-id=\"532ff06\" data-element_type=\"widget\" data-widget_type=\"text-editor.default\">\n\t\t\t\t<div class=\"elementor-widget-container\">\n\t\t\t\t\t\t\t<p>\u00c5rets Medarbetare<\/p>\t\t\t\t\t\t<\/div>\n\t\t\t\t<\/div>\n\t\t\t\t<div class=\"elementor-element elementor-element-51847fb elementor-widget elementor-widget-text-editor\" data-id=\"51847fb\" data-element_type=\"widget\" data-widget_type=\"text-editor.default\">\n\t\t\t\t<div class=\"elementor-widget-container\">\n\t\t\t\t\t\t\t<p class=\"center\"><strong>Susanne Domeij Falkh\u00e4ll, Norrt\u00e4lje Kommun<\/strong><\/p><p>Med ett stort hj\u00e4rta, en imponerande yrkesstolthet och ett genuint engagemang f\u00f6r b\u00e5de kollegor och verksamhet \u00e4r\u00a0<strong>Susanne Domeij Falkh\u00e4ll<\/strong> en f\u00f6rebild inom st\u00e4dbranschen. Hon sprider arbetsgl\u00e4dje, tar alltid ansvar och visar dagligen vad professionalism och omtanke betyder i praktiken. Susanne ser varje utmaning som en m\u00f6jlighet att f\u00f6rb\u00e4ttra, utveckla och inspirera andra \u2013 och hennes positiva energi smittar av sig p\u00e5 hela arbetslaget. Genom sitt engagemang bidrar hon inte bara till en renare arbetsmilj\u00f6, utan ocks\u00e5 till en starkare gemenskap och en h\u00f6gre status f\u00f6r yrket.<\/p>\t\t\t\t\t\t<\/div>\n\t\t\t\t<\/div>\n\t\t\t\t<\/div>\n\t\t\t\t\t<\/div>\n\t\t\t\t<\/div>\n\t\t\t\t<\/div>\n\t\t","protected":false},"excerpt":{"rendered":"<p>\u00c5rets Branchf\u00f6retag St\u00e4dservice Uppsala Kommun Med stolthet, engagemang och ett hj\u00e4rta som klappar f\u00f6r hela kommunen skapar St\u00e4dservice Uppsala trygghet och trivsel varje dag. H\u00e4r \u00e4r 240 lokalv\u00e5rdare som g\u00f6r skillnad i skolor, \u00e4ldreboenden, bibliotek och idrottshallar. Genom innovation, n\u00e4ra ledarskap och omtanke om b\u00e5de m\u00e4nniskor och milj\u00f6 visar de v\u00e4gen f\u00f6r framtidens st\u00e4dning. \u00c5rets [&hellip;]<\/p>\n","protected":false},"author":21,"featured_media":0,"parent":0,"menu_order":0,"comment_status":"closed","ping_status":"closed","template":"","meta":{"_acf_changed":false,"inline_featured_image":false,"footnotes":""},"acf":[],"_links":{"self":[{"href":"https:\/\/nmevents.se\/cleanbrightawards\/wp-json\/wp\/v2\/pages\/3199"}],"collection":[{"href":"https:\/\/nmevents.se\/cleanbrightawards\/wp-json\/wp\/v2\/pages"}],"about":[{"href":"https:\/\/nmevents.se\/cleanbrightawards\/wp-json\/wp\/v2\/types\/page"}],"author":[{"embeddable":true,"href":"https:\/\/nmevents.se\/cleanbrightawards\/wp-json\/wp\/v2\/users\/21"}],"replies":[{"embeddable":true,"href":"https:\/\/nmevents.se\/cleanbrightawards\/wp-json\/wp\/v2\/comments?post=3199"}],"version-history":[{"count":10,"href":"https:\/\/nmevents.se\/cleanbrightawards\/wp-json\/wp\/v2\/pages\/3199\/revisions"}],"predecessor-version":[{"id":3221,"href":"https:\/\/nmevents.se\/cleanbrightawards\/wp-json\/wp\/v2\/pages\/3199\/revisions\/3221"}],"wp:attachment":[{"href":"https:\/\/nmevents.se\/cleanbrightawards\/wp-json\/wp\/v2\/media?parent=3199"}],"curies":[{"name":"wp","href":"https:\/\/api.w.org\/{rel}","templated":true}]}}