{"id":17,"date":"2023-11-06T11:17:16","date_gmt":"2023-11-06T11:17:16","guid":{"rendered":"https:\/\/eventdk3_.nordiske-medier.dk3_\/?page_id=17"},"modified":"2026-01-14T13:54:59","modified_gmt":"2026-01-14T12:54:59","slug":"kontakt","status":"publish","type":"page","link":"https:\/\/nmevents.se\/cleanmassan\/kontakt\/","title":{"rendered":"Kontakt"},"content":{"rendered":"\t\t<div data-elementor-type=\"wp-page\" data-elementor-id=\"17\" class=\"elementor elementor-17\" data-elementor-post-type=\"page\">\n\t\t\t\t<div class=\"elementor-element elementor-element-7298bb3 e-flex e-con-boxed e-con e-parent\" data-id=\"7298bb3\" data-element_type=\"container\" data-core-v316-plus=\"true\">\n\t\t\t\t\t<div class=\"e-con-inner\">\n\t\t\t\t<div class=\"elementor-element elementor-element-042c5cc elementor-widget elementor-widget-spacer\" data-id=\"042c5cc\" data-element_type=\"widget\" data-widget_type=\"spacer.default\">\n\t\t\t\t<div class=\"elementor-widget-container\">\n\t\t\t<style>\/*! elementor - v3.20.0 - 20-03-2024 *\/\n.elementor-column .elementor-spacer-inner{height:var(--spacer-size)}.e-con{--container-widget-width:100%}.e-con-inner>.elementor-widget-spacer,.e-con>.elementor-widget-spacer{width:var(--container-widget-width,var(--spacer-size));--align-self:var(--container-widget-align-self,initial);--flex-shrink:0}.e-con-inner>.elementor-widget-spacer>.elementor-widget-container,.e-con>.elementor-widget-spacer>.elementor-widget-container{height:100%;width:100%}.e-con-inner>.elementor-widget-spacer>.elementor-widget-container>.elementor-spacer,.e-con>.elementor-widget-spacer>.elementor-widget-container>.elementor-spacer{height:100%}.e-con-inner>.elementor-widget-spacer>.elementor-widget-container>.elementor-spacer>.elementor-spacer-inner,.e-con>.elementor-widget-spacer>.elementor-widget-container>.elementor-spacer>.elementor-spacer-inner{height:var(--container-widget-height,var(--spacer-size))}.e-con-inner>.elementor-widget-spacer.elementor-widget-empty,.e-con>.elementor-widget-spacer.elementor-widget-empty{position:relative;min-height:22px;min-width:22px}.e-con-inner>.elementor-widget-spacer.elementor-widget-empty .elementor-widget-empty-icon,.e-con>.elementor-widget-spacer.elementor-widget-empty .elementor-widget-empty-icon{position:absolute;top:0;bottom:0;left:0;right:0;margin:auto;padding:0;width:22px;height:22px}<\/style>\t\t<div class=\"elementor-spacer\">\n\t\t\t<div class=\"elementor-spacer-inner\"><\/div>\n\t\t<\/div>\n\t\t\t\t<\/div>\n\t\t\t\t<\/div>\n\t\t\t\t\t<\/div>\n\t\t\t\t<\/div>\n\t\t<div class=\"elementor-element elementor-element-c9337a6 e-flex e-con-boxed e-con e-parent\" data-id=\"c9337a6\" data-element_type=\"container\" data-core-v316-plus=\"true\">\n\t\t\t\t\t<div class=\"e-con-inner\">\n\t\t<div class=\"elementor-element elementor-element-75ca685 e-con-full e-flex e-con e-child\" data-id=\"75ca685\" data-element_type=\"container\">\n\t\t<div class=\"elementor-element elementor-element-8793c2d e-con-full e-flex e-con e-child\" data-id=\"8793c2d\" data-element_type=\"container\">\n\t\t\t\t<div class=\"elementor-element elementor-element-50bcc6a elementor-widget elementor-widget-image\" data-id=\"50bcc6a\" data-element_type=\"widget\" data-widget_type=\"image.default\">\n\t\t\t\t<div class=\"elementor-widget-container\">\n\t\t\t<style>\/*! elementor - v3.20.0 - 20-03-2024 *\/\n.elementor-widget-image{text-align:center}.elementor-widget-image a{display:inline-block}.elementor-widget-image a img[src$=\".svg\"]{width:48px}.elementor-widget-image img{vertical-align:middle;display:inline-block}<\/style>\t\t\t\t\t\t\t\t\t\t<img fetchpriority=\"high\" decoding=\"async\" width=\"2560\" height=\"1707\" src=\"https:\/\/nmevents.se\/cleanmassan\/wp-content\/uploads\/sites\/28\/2025\/07\/Emil-Sjostrom.jpg\" class=\"attachment-full size-full wp-image-2634\" alt=\"\" srcset=\"https:\/\/nmevents.se\/cleanmassan\/wp-content\/uploads\/sites\/28\/2025\/07\/Emil-Sjostrom.jpg 2560w, https:\/\/nmevents.se\/cleanmassan\/wp-content\/uploads\/sites\/28\/2025\/07\/Emil-Sjostrom-300x200.jpg 300w, https:\/\/nmevents.se\/cleanmassan\/wp-content\/uploads\/sites\/28\/2025\/07\/Emil-Sjostrom-1024x683.jpg 1024w, https:\/\/nmevents.se\/cleanmassan\/wp-content\/uploads\/sites\/28\/2025\/07\/Emil-Sjostrom-768x512.jpg 768w, https:\/\/nmevents.se\/cleanmassan\/wp-content\/uploads\/sites\/28\/2025\/07\/Emil-Sjostrom-1536x1024.jpg 1536w, https:\/\/nmevents.se\/cleanmassan\/wp-content\/uploads\/sites\/28\/2025\/07\/Emil-Sjostrom-2048x1366.jpg 2048w\" sizes=\"(max-width: 2560px) 100vw, 2560px\" \/>\t\t\t\t\t\t\t\t\t\t\t\t\t<\/div>\n\t\t\t\t<\/div>\n\t\t\t\t<div class=\"elementor-element elementor-element-24b9c99 elementor-widget elementor-widget-heading\" data-id=\"24b9c99\" data-element_type=\"widget\" data-widget_type=\"heading.default\">\n\t\t\t\t<div class=\"elementor-widget-container\">\n\t\t\t<style>\/*! elementor - v3.20.0 - 20-03-2024 *\/\n.elementor-heading-title{padding:0;margin:0;line-height:1}.elementor-widget-heading .elementor-heading-title[class*=elementor-size-]>a{color:inherit;font-size:inherit;line-height:inherit}.elementor-widget-heading .elementor-heading-title.elementor-size-small{font-size:15px}.elementor-widget-heading .elementor-heading-title.elementor-size-medium{font-size:19px}.elementor-widget-heading .elementor-heading-title.elementor-size-large{font-size:29px}.elementor-widget-heading .elementor-heading-title.elementor-size-xl{font-size:39px}.elementor-widget-heading .elementor-heading-title.elementor-size-xxl{font-size:59px}<\/style><h3 class=\"elementor-heading-title elementor-size-default\">Emil Sj\u00f6str\u00f6m<\/h3>\t\t<\/div>\n\t\t\t\t<\/div>\n\t\t\t\t<div class=\"elementor-element elementor-element-1d3ed8f elementor-widget elementor-widget-text-editor\" data-id=\"1d3ed8f\" data-element_type=\"widget\" data-widget_type=\"text-editor.default\">\n\t\t\t\t<div class=\"elementor-widget-container\">\n\t\t\t<style>\/*! elementor - v3.20.0 - 20-03-2024 *\/\n.elementor-widget-text-editor.elementor-drop-cap-view-stacked .elementor-drop-cap{background-color:#69727d;color:#fff}.elementor-widget-text-editor.elementor-drop-cap-view-framed .elementor-drop-cap{color:#69727d;border:3px solid;background-color:transparent}.elementor-widget-text-editor:not(.elementor-drop-cap-view-default) .elementor-drop-cap{margin-top:8px}.elementor-widget-text-editor:not(.elementor-drop-cap-view-default) .elementor-drop-cap-letter{width:1em;height:1em}.elementor-widget-text-editor .elementor-drop-cap{float:left;text-align:center;line-height:1;font-size:50px}.elementor-widget-text-editor .elementor-drop-cap-letter{display:inline-block}<\/style>\t\t\t\t<p class=\"staff-member-position\">Projektledare<br \/>+46 (0)70 024 61 89<br \/><a class=\"staff-member-email\" title=\"Email Emil Sj\u00f6str\u00f6m\" href=\"mailto:emil.sjostrom@nordiskemedier.se\">emil.sjostrom@nordiskemedier.se<\/a><\/p>\t\t\t\t\t\t<\/div>\n\t\t\t\t<\/div>\n\t\t\t\t<\/div>\n\t\t\t\t<\/div>\n\t\t<div class=\"elementor-element elementor-element-d97cb4c e-con-full e-flex e-con e-child\" data-id=\"d97cb4c\" data-element_type=\"container\">\n\t\t\t\t<div class=\"elementor-element elementor-element-695bc84 elementor-widget elementor-widget-image\" data-id=\"695bc84\" data-element_type=\"widget\" data-widget_type=\"image.default\">\n\t\t\t\t<div class=\"elementor-widget-container\">\n\t\t\t\t\t\t\t\t\t\t\t\t\t<img decoding=\"async\" width=\"2560\" height=\"1707\" src=\"https:\/\/nmevents.se\/cleanmassan\/wp-content\/uploads\/sites\/28\/2024\/12\/Hans-Roos_svv.jpg\" class=\"attachment-full size-full wp-image-1199\" alt=\"\" srcset=\"https:\/\/nmevents.se\/cleanmassan\/wp-content\/uploads\/sites\/28\/2024\/12\/Hans-Roos_svv.jpg 2560w, https:\/\/nmevents.se\/cleanmassan\/wp-content\/uploads\/sites\/28\/2024\/12\/Hans-Roos_svv-300x200.jpg 300w, https:\/\/nmevents.se\/cleanmassan\/wp-content\/uploads\/sites\/28\/2024\/12\/Hans-Roos_svv-1024x683.jpg 1024w, https:\/\/nmevents.se\/cleanmassan\/wp-content\/uploads\/sites\/28\/2024\/12\/Hans-Roos_svv-768x512.jpg 768w, https:\/\/nmevents.se\/cleanmassan\/wp-content\/uploads\/sites\/28\/2024\/12\/Hans-Roos_svv-1536x1024.jpg 1536w, https:\/\/nmevents.se\/cleanmassan\/wp-content\/uploads\/sites\/28\/2024\/12\/Hans-Roos_svv-2048x1366.jpg 2048w\" sizes=\"(max-width: 2560px) 100vw, 2560px\" \/>\t\t\t\t\t\t\t\t\t\t\t\t\t<\/div>\n\t\t\t\t<\/div>\n\t\t\t\t<div class=\"elementor-element elementor-element-4375492 elementor-widget elementor-widget-heading\" data-id=\"4375492\" data-element_type=\"widget\" data-widget_type=\"heading.default\">\n\t\t\t\t<div class=\"elementor-widget-container\">\n\t\t\t<h3 class=\"elementor-heading-title elementor-size-default\">Hans Roos af Hjelms\u00e4ter\u200b<\/h3>\t\t<\/div>\n\t\t\t\t<\/div>\n\t\t\t\t<div class=\"elementor-element elementor-element-05db1a7 elementor-widget elementor-widget-text-editor\" data-id=\"05db1a7\" data-element_type=\"widget\" data-widget_type=\"text-editor.default\">\n\t\t\t\t<div class=\"elementor-widget-container\">\n\t\t\t\t\t\t\t<p>Sales Manager<br><strong>Monter och annonsbokning<br><\/strong><strong>&nbsp;Clean &amp; Facility och&nbsp;<\/strong><b>Rent&nbsp;<br><\/b>+46 (0)73 682 53 98<br><a class=\"staff-member-email\" title=\"Email Hans Roos af Hjelms\u00e4ter\" href=\"mailto:hansrafh@nordiskemedier.se\" style=\"background-color: rgb(255, 255, 255);\">hansrafh@nordiskemedier.se<\/a><\/p>\t\t\t\t\t\t<\/div>\n\t\t\t\t<\/div>\n\t\t\t\t<\/div>\n\t\t<div class=\"elementor-element elementor-element-66f0527 e-con-full e-flex e-con e-child\" data-id=\"66f0527\" data-element_type=\"container\">\n\t\t\t\t<div class=\"elementor-element elementor-element-82498b7 elementor-widget elementor-widget-image\" data-id=\"82498b7\" data-element_type=\"widget\" data-widget_type=\"image.default\">\n\t\t\t\t<div class=\"elementor-widget-container\">\n\t\t\t\t\t\t\t\t\t\t\t\t\t<img decoding=\"async\" width=\"800\" height=\"534\" src=\"https:\/\/nmevents.se\/cleanmassan\/wp-content\/uploads\/sites\/28\/2025\/01\/Kontakt_placeholder-1024x683.png\" class=\"attachment-large size-large wp-image-1955\" alt=\"\" srcset=\"https:\/\/nmevents.se\/cleanmassan\/wp-content\/uploads\/sites\/28\/2025\/01\/Kontakt_placeholder-1024x683.png 1024w, https:\/\/nmevents.se\/cleanmassan\/wp-content\/uploads\/sites\/28\/2025\/01\/Kontakt_placeholder-300x200.png 300w, https:\/\/nmevents.se\/cleanmassan\/wp-content\/uploads\/sites\/28\/2025\/01\/Kontakt_placeholder-768x512.png 768w, https:\/\/nmevents.se\/cleanmassan\/wp-content\/uploads\/sites\/28\/2025\/01\/Kontakt_placeholder-1536x1024.png 1536w, https:\/\/nmevents.se\/cleanmassan\/wp-content\/uploads\/sites\/28\/2025\/01\/Kontakt_placeholder-2048x1366.png 2048w\" sizes=\"(max-width: 800px) 100vw, 800px\" \/>\t\t\t\t\t\t\t\t\t\t\t\t\t<\/div>\n\t\t\t\t<\/div>\n\t\t\t\t<div class=\"elementor-element elementor-element-1f22ac6 elementor-widget elementor-widget-heading\" data-id=\"1f22ac6\" data-element_type=\"widget\" data-widget_type=\"heading.default\">\n\t\t\t\t<div class=\"elementor-widget-container\">\n\t\t\t<h3 class=\"elementor-heading-title elementor-size-default\">Pernilla Hansson<\/h3>\t\t<\/div>\n\t\t\t\t<\/div>\n\t\t\t\t<div class=\"elementor-element elementor-element-3f046a9 elementor-widget elementor-widget-text-editor\" data-id=\"3f046a9\" data-element_type=\"widget\" data-widget_type=\"text-editor.default\">\n\t\t\t\t<div class=\"elementor-widget-container\">\n\t\t\t\t\t\t\t<p class=\"staff-member-position\">Chefredakt\u00f6r Rent<br \/>+46 (0)73 682 53 97<br \/><a class=\"staff-member-email\" title=\"Email Pernilla Hansson\" href=\"mailto:pernilla.hansson@nordiskemedier.se\">pernilla.hansson@nordiskemedier.se<\/a><\/p>\t\t\t\t\t\t<\/div>\n\t\t\t\t<\/div>\n\t\t\t\t<\/div>\n\t\t\t\t\t<\/div>\n\t\t\t\t<\/div>\n\t\t\t\t<\/div>\n\t\t","protected":false},"excerpt":{"rendered":"<p>Emil Sj\u00f6str\u00f6m Projektledare+46 (0)70 024 61 89emil.sjostrom@nordiskemedier.se Hans Roos af Hjelms\u00e4ter\u200b Sales ManagerMonter och annonsbokning&nbsp;Clean &amp; Facility och&nbsp;Rent&nbsp;+46 (0)73 682 53 98hansrafh@nordiskemedier.se Pernilla Hansson Chefredakt\u00f6r Rent+46 (0)73 682 53 97pernilla.hansson@nordiskemedier.se<\/p>\n","protected":false},"author":1,"featured_media":0,"parent":0,"menu_order":0,"comment_status":"closed","ping_status":"closed","template":"elementor_header_footer","meta":{"_acf_changed":false,"footnotes":""},"acf":[],"_links":{"self":[{"href":"https:\/\/nmevents.se\/cleanmassan\/wp-json\/wp\/v2\/pages\/17"}],"collection":[{"href":"https:\/\/nmevents.se\/cleanmassan\/wp-json\/wp\/v2\/pages"}],"about":[{"href":"https:\/\/nmevents.se\/cleanmassan\/wp-json\/wp\/v2\/types\/page"}],"author":[{"embeddable":true,"href":"https:\/\/nmevents.se\/cleanmassan\/wp-json\/wp\/v2\/users\/1"}],"replies":[{"embeddable":true,"href":"https:\/\/nmevents.se\/cleanmassan\/wp-json\/wp\/v2\/comments?post=17"}],"version-history":[{"count":97,"href":"https:\/\/nmevents.se\/cleanmassan\/wp-json\/wp\/v2\/pages\/17\/revisions"}],"predecessor-version":[{"id":3287,"href":"https:\/\/nmevents.se\/cleanmassan\/wp-json\/wp\/v2\/pages\/17\/revisions\/3287"}],"wp:attachment":[{"href":"https:\/\/nmevents.se\/cleanmassan\/wp-json\/wp\/v2\/media?parent=17"}],"curies":[{"name":"wp","href":"https:\/\/api.w.org\/{rel}","templated":true}]}}