{"id":203,"date":"2023-11-08T13:46:21","date_gmt":"2023-11-08T11:46:21","guid":{"rendered":"https:\/\/eventdk.nordiske-medier.dk\/clean-facility\/?page_id=203"},"modified":"2026-04-01T08:09:41","modified_gmt":"2026-04-01T06:09:41","slug":"besokare","status":"publish","type":"page","link":"https:\/\/nmevents.se\/cleanmassan\/besokare\/","title":{"rendered":"Bes\u00f6kere"},"content":{"rendered":"\t\t<div data-elementor-type=\"wp-page\" data-elementor-id=\"203\" class=\"elementor elementor-203\" data-elementor-post-type=\"page\">\n\t\t\t\t<div class=\"elementor-element elementor-element-cd6fc58 e-flex e-con-boxed e-con e-parent\" data-id=\"cd6fc58\" data-element_type=\"container\" data-core-v316-plus=\"true\">\n\t\t\t\t\t<div class=\"e-con-inner\">\n\t\t\t\t<div class=\"elementor-element elementor-element-0c5fa0d elementor-widget elementor-widget-spacer\" data-id=\"0c5fa0d\" data-element_type=\"widget\" data-widget_type=\"spacer.default\">\n\t\t\t\t<div class=\"elementor-widget-container\">\n\t\t\t<style>\/*! elementor - v3.20.0 - 20-03-2024 *\/\n.elementor-column .elementor-spacer-inner{height:var(--spacer-size)}.e-con{--container-widget-width:100%}.e-con-inner>.elementor-widget-spacer,.e-con>.elementor-widget-spacer{width:var(--container-widget-width,var(--spacer-size));--align-self:var(--container-widget-align-self,initial);--flex-shrink:0}.e-con-inner>.elementor-widget-spacer>.elementor-widget-container,.e-con>.elementor-widget-spacer>.elementor-widget-container{height:100%;width:100%}.e-con-inner>.elementor-widget-spacer>.elementor-widget-container>.elementor-spacer,.e-con>.elementor-widget-spacer>.elementor-widget-container>.elementor-spacer{height:100%}.e-con-inner>.elementor-widget-spacer>.elementor-widget-container>.elementor-spacer>.elementor-spacer-inner,.e-con>.elementor-widget-spacer>.elementor-widget-container>.elementor-spacer>.elementor-spacer-inner{height:var(--container-widget-height,var(--spacer-size))}.e-con-inner>.elementor-widget-spacer.elementor-widget-empty,.e-con>.elementor-widget-spacer.elementor-widget-empty{position:relative;min-height:22px;min-width:22px}.e-con-inner>.elementor-widget-spacer.elementor-widget-empty .elementor-widget-empty-icon,.e-con>.elementor-widget-spacer.elementor-widget-empty .elementor-widget-empty-icon{position:absolute;top:0;bottom:0;left:0;right:0;margin:auto;padding:0;width:22px;height:22px}<\/style>\t\t<div class=\"elementor-spacer\">\n\t\t\t<div class=\"elementor-spacer-inner\"><\/div>\n\t\t<\/div>\n\t\t\t\t<\/div>\n\t\t\t\t<\/div>\n\t\t\t\t\t<\/div>\n\t\t\t\t<\/div>\n\t\t<div class=\"elementor-element elementor-element-efa0388 e-flex e-con-boxed e-con e-parent\" data-id=\"efa0388\" data-element_type=\"container\" data-core-v316-plus=\"true\">\n\t\t\t\t\t<div class=\"e-con-inner\">\n\t\t<div class=\"elementor-element elementor-element-b588be7 e-con-full e-flex e-con e-child\" data-id=\"b588be7\" data-element_type=\"container\">\n\t\t\t\t<div class=\"elementor-element elementor-element-d71a5cb elementor-widget elementor-widget-text-editor\" data-id=\"d71a5cb\" data-element_type=\"widget\" data-widget_type=\"text-editor.default\">\n\t\t\t\t<div class=\"elementor-widget-container\">\n\t\t\t<style>\/*! elementor - v3.20.0 - 20-03-2024 *\/\n.elementor-widget-text-editor.elementor-drop-cap-view-stacked .elementor-drop-cap{background-color:#69727d;color:#fff}.elementor-widget-text-editor.elementor-drop-cap-view-framed .elementor-drop-cap{color:#69727d;border:3px solid;background-color:transparent}.elementor-widget-text-editor:not(.elementor-drop-cap-view-default) .elementor-drop-cap{margin-top:8px}.elementor-widget-text-editor:not(.elementor-drop-cap-view-default) .elementor-drop-cap-letter{width:1em;height:1em}.elementor-widget-text-editor .elementor-drop-cap{float:left;text-align:center;line-height:1;font-size:50px}.elementor-widget-text-editor .elementor-drop-cap-letter{display:inline-block}<\/style>\t\t\t\t<p>Nya produkter, tj\u00e4nster och innovationer<\/p>\t\t\t\t\t\t<\/div>\n\t\t\t\t<\/div>\n\t\t\t\t<div class=\"elementor-element elementor-element-d1e22e1 elementor-widget elementor-widget-text-editor\" data-id=\"d1e22e1\" data-element_type=\"widget\" data-widget_type=\"text-editor.default\">\n\t\t\t\t<div class=\"elementor-widget-container\">\n\t\t\t\t\t\t\t<p><strong>Som bes\u00f6kare f\u00e5r du inspiration och kunskap samt hittar nya <br \/>l\u00f6sningar, produkter och tj\u00e4nster f\u00f6r ditt arbete.<\/strong><\/p>\t\t\t\t\t\t<\/div>\n\t\t\t\t<\/div>\n\t\t\t\t<div class=\"elementor-element elementor-element-1c213a2 elementor-widget elementor-widget-text-editor\" data-id=\"1c213a2\" data-element_type=\"widget\" data-widget_type=\"text-editor.default\">\n\t\t\t\t<div class=\"elementor-widget-container\">\n\t\t\t\t\t\t\t<p><strong>Clean &amp; Facility<\/strong><\/p>\t\t\t\t\t\t<\/div>\n\t\t\t\t<\/div>\n\t\t\t\t<div class=\"elementor-element elementor-element-44fb167 elementor-widget elementor-widget-text-editor\" data-id=\"44fb167\" data-element_type=\"widget\" data-widget_type=\"text-editor.default\">\n\t\t\t\t<div class=\"elementor-widget-container\">\n\t\t\t\t\t\t\t<p>Clean &amp; Facility \u00e4r den sj\u00e4lvklara m\u00f6tesplatsen som tar upp branschens aktuella och viktiga fr\u00e5gor och ger dig inspiration och kunskap. H\u00e4r g\u00f6rs aff\u00e4rer och du tr\u00e4ffar potentiella och befintliga leverant\u00f6rer och kunder tillsammans med dina kollegor.<\/p>\t\t\t\t\t\t<\/div>\n\t\t\t\t<\/div>\n\t\t\t\t<div class=\"elementor-element elementor-element-a03e2e6 elementor-widget elementor-widget-text-editor\" data-id=\"a03e2e6\" data-element_type=\"widget\" data-widget_type=\"text-editor.default\">\n\t\t\t\t<div class=\"elementor-widget-container\">\n\t\t\t\t\t\t\t<p><strong>Drop-in seminarier<br \/><\/strong><\/p>\t\t\t\t\t\t<\/div>\n\t\t\t\t<\/div>\n\t\t\t\t<div class=\"elementor-element elementor-element-f041438 elementor-widget elementor-widget-text-editor\" data-id=\"f041438\" data-element_type=\"widget\" data-widget_type=\"text-editor.default\">\n\t\t\t\t<div class=\"elementor-widget-container\">\n\t\t\t\t\t\t\t<p>I m\u00e4ssans kostnadsfria drop-in seminarer arrangeras ett varierat seminarieprogram som ger dig m\u00f6jlighet till fortbildning och inspiration.<\/p>\t\t\t\t\t\t<\/div>\n\t\t\t\t<\/div>\n\t\t\t\t<div class=\"elementor-element elementor-element-28dbad8 elementor-widget elementor-widget-text-editor\" data-id=\"28dbad8\" data-element_type=\"widget\" data-widget_type=\"text-editor.default\">\n\t\t\t\t<div class=\"elementor-widget-container\">\n\t\t\t\t\t\t\t<p><strong>P\u00e5 m\u00e4ssgolvet<\/strong><\/p>\t\t\t\t\t\t<\/div>\n\t\t\t\t<\/div>\n\t\t\t\t<div class=\"elementor-element elementor-element-221128a elementor-widget elementor-widget-text-editor\" data-id=\"221128a\" data-element_type=\"widget\" data-widget_type=\"text-editor.default\">\n\t\t\t\t<div class=\"elementor-widget-container\">\n\t\t\t\t\t\t\t<p>Presenteras det mesta som \u00e4r v\u00e4rt att se och l\u00e4ra om nya produkter, tj\u00e4nster och innovationer. \u00d6versk\u00e5dligt i fina montrar presenteras st\u00e4dmaskiner, reng\u00f6ringsprodukter, st\u00e4dning, arbetskl\u00e4der, st\u00e4dredskap, administrativa system och allt annat som kr\u00e4vs f\u00f6r professionell reng\u00f6ring, st\u00e4dning och f\u00f6nsterputs!<\/p>\t\t\t\t\t\t<\/div>\n\t\t\t\t<\/div>\n\t\t\t\t<div class=\"elementor-element elementor-element-d9b3638 elementor-align-left elementor-widget elementor-widget-button\" data-id=\"d9b3638\" data-element_type=\"widget\" data-widget_type=\"button.default\">\n\t\t\t\t<div class=\"elementor-widget-container\">\n\t\t\t\t\t<div class=\"elementor-button-wrapper\">\n\t\t\t<a class=\"elementor-button elementor-button-link elementor-size-sm\" href=\"https:\/\/www.trippus.se\/web\/registration\/registration.aspx?view=registration&#038;idcategory=AB0ILBA2d-D7qx40CslJu4RT9jMaaI7T2_KvXnLhfJSAHJ2Vgr6X6kMUrw3H0iwq6BaxgV1AGujH&#038;ln=swe\">\n\t\t\t\t\t\t<span class=\"elementor-button-content-wrapper\">\n\t\t\t\t\t\t<span class=\"elementor-button-text\">Anm\u00e4lan bes\u00f6kare<\/span>\n\t\t<\/span>\n\t\t\t\t\t<\/a>\n\t\t<\/div>\n\t\t\t\t<\/div>\n\t\t\t\t<\/div>\n\t\t\t\t<div class=\"elementor-element elementor-element-d5ec310 elementor-widget elementor-widget-spacer\" data-id=\"d5ec310\" data-element_type=\"widget\" data-widget_type=\"spacer.default\">\n\t\t\t\t<div class=\"elementor-widget-container\">\n\t\t\t\t\t<div class=\"elementor-spacer\">\n\t\t\t<div class=\"elementor-spacer-inner\"><\/div>\n\t\t<\/div>\n\t\t\t\t<\/div>\n\t\t\t\t<\/div>\n\t\t\t\t<\/div>\n\t\t<div class=\"elementor-element elementor-element-31e9970 e-con-full e-flex e-con e-child\" data-id=\"31e9970\" data-element_type=\"container\">\n\t\t\t\t<div class=\"elementor-element elementor-element-b23a080 elementor-widget elementor-widget-image\" data-id=\"b23a080\" data-element_type=\"widget\" data-widget_type=\"image.default\">\n\t\t\t\t<div class=\"elementor-widget-container\">\n\t\t\t<style>\/*! elementor - v3.20.0 - 20-03-2024 *\/\n.elementor-widget-image{text-align:center}.elementor-widget-image a{display:inline-block}.elementor-widget-image a img[src$=\".svg\"]{width:48px}.elementor-widget-image img{vertical-align:middle;display:inline-block}<\/style>\t\t\t\t\t\t\t\t\t\t<img fetchpriority=\"high\" decoding=\"async\" width=\"723\" height=\"1024\" src=\"https:\/\/nmevents.se\/cleanmassan\/wp-content\/uploads\/sites\/28\/2025\/01\/Bild_staende2-723x1024.jpg\" class=\"attachment-large size-large wp-image-1510\" alt=\"\" srcset=\"https:\/\/nmevents.se\/cleanmassan\/wp-content\/uploads\/sites\/28\/2025\/01\/Bild_staende2-723x1024.jpg 723w, https:\/\/nmevents.se\/cleanmassan\/wp-content\/uploads\/sites\/28\/2025\/01\/Bild_staende2-212x300.jpg 212w, https:\/\/nmevents.se\/cleanmassan\/wp-content\/uploads\/sites\/28\/2025\/01\/Bild_staende2-768x1088.jpg 768w, https:\/\/nmevents.se\/cleanmassan\/wp-content\/uploads\/sites\/28\/2025\/01\/Bild_staende2-1084x1536.jpg 1084w, https:\/\/nmevents.se\/cleanmassan\/wp-content\/uploads\/sites\/28\/2025\/01\/Bild_staende2.jpg 1250w\" sizes=\"(max-width: 723px) 100vw, 723px\" \/>\t\t\t\t\t\t\t\t\t\t\t\t\t<\/div>\n\t\t\t\t<\/div>\n\t\t\t\t<\/div>\n\t\t\t\t\t<\/div>\n\t\t\t\t<\/div>\n\t\t<div class=\"elementor-element elementor-element-d798dc0 e-flex e-con-boxed e-con e-parent\" data-id=\"d798dc0\" data-element_type=\"container\" data-core-v316-plus=\"true\">\n\t\t\t\t\t<div class=\"e-con-inner\">\n\t\t\t\t<div class=\"elementor-element elementor-element-10519cd elementor-widget elementor-widget-spacer\" data-id=\"10519cd\" data-element_type=\"widget\" data-widget_type=\"spacer.default\">\n\t\t\t\t<div class=\"elementor-widget-container\">\n\t\t\t\t\t<div class=\"elementor-spacer\">\n\t\t\t<div class=\"elementor-spacer-inner\"><\/div>\n\t\t<\/div>\n\t\t\t\t<\/div>\n\t\t\t\t<\/div>\n\t\t\t\t\t<\/div>\n\t\t\t\t<\/div>\n\t\t\t\t<\/div>\n\t\t","protected":false},"excerpt":{"rendered":"<p>Nya produkter, tj\u00e4nster och innovationer Som bes\u00f6kare f\u00e5r du inspiration och kunskap samt hittar nya l\u00f6sningar, produkter och tj\u00e4nster f\u00f6r ditt arbete. Clean &amp; Facility Clean &amp; Facility \u00e4r den sj\u00e4lvklara m\u00f6tesplatsen som tar upp branschens aktuella och viktiga fr\u00e5gor och ger dig inspiration och kunskap. H\u00e4r g\u00f6rs aff\u00e4rer och du tr\u00e4ffar potentiella och befintliga [&hellip;]<\/p>\n","protected":false},"author":1,"featured_media":0,"parent":0,"menu_order":0,"comment_status":"closed","ping_status":"closed","template":"elementor_header_footer","meta":{"_acf_changed":false,"footnotes":""},"acf":[],"_links":{"self":[{"href":"https:\/\/nmevents.se\/cleanmassan\/wp-json\/wp\/v2\/pages\/203"}],"collection":[{"href":"https:\/\/nmevents.se\/cleanmassan\/wp-json\/wp\/v2\/pages"}],"about":[{"href":"https:\/\/nmevents.se\/cleanmassan\/wp-json\/wp\/v2\/types\/page"}],"author":[{"embeddable":true,"href":"https:\/\/nmevents.se\/cleanmassan\/wp-json\/wp\/v2\/users\/1"}],"replies":[{"embeddable":true,"href":"https:\/\/nmevents.se\/cleanmassan\/wp-json\/wp\/v2\/comments?post=203"}],"version-history":[{"count":155,"href":"https:\/\/nmevents.se\/cleanmassan\/wp-json\/wp\/v2\/pages\/203\/revisions"}],"predecessor-version":[{"id":3382,"href":"https:\/\/nmevents.se\/cleanmassan\/wp-json\/wp\/v2\/pages\/203\/revisions\/3382"}],"wp:attachment":[{"href":"https:\/\/nmevents.se\/cleanmassan\/wp-json\/wp\/v2\/media?parent=203"}],"curies":[{"name":"wp","href":"https:\/\/api.w.org\/{rel}","templated":true}]}}