{"id":205,"date":"2023-11-08T13:46:21","date_gmt":"2023-11-08T11:46:21","guid":{"rendered":"https:\/\/eventdk.nordiske-medier.dk\/clean-facility\/?page_id=205"},"modified":"2026-04-01T08:10:08","modified_gmt":"2026-04-01T06:10:08","slug":"utstallare","status":"publish","type":"page","link":"https:\/\/nmevents.se\/cleanmassan\/utstallare\/","title":{"rendered":"Utst\u00e4llare"},"content":{"rendered":"\t\t<div data-elementor-type=\"wp-page\" data-elementor-id=\"205\" class=\"elementor elementor-205\" data-elementor-post-type=\"page\">\n\t\t\t\t<div class=\"elementor-element elementor-element-ab2faa2 e-flex e-con-boxed e-con e-parent\" data-id=\"ab2faa2\" data-element_type=\"container\" data-core-v316-plus=\"true\">\n\t\t\t\t\t<div class=\"e-con-inner\">\n\t\t\t\t<div class=\"elementor-element elementor-element-bb39712 elementor-widget elementor-widget-spacer\" data-id=\"bb39712\" data-element_type=\"widget\" data-widget_type=\"spacer.default\">\n\t\t\t\t<div class=\"elementor-widget-container\">\n\t\t\t<style>\/*! elementor - v3.20.0 - 20-03-2024 *\/\n.elementor-column .elementor-spacer-inner{height:var(--spacer-size)}.e-con{--container-widget-width:100%}.e-con-inner>.elementor-widget-spacer,.e-con>.elementor-widget-spacer{width:var(--container-widget-width,var(--spacer-size));--align-self:var(--container-widget-align-self,initial);--flex-shrink:0}.e-con-inner>.elementor-widget-spacer>.elementor-widget-container,.e-con>.elementor-widget-spacer>.elementor-widget-container{height:100%;width:100%}.e-con-inner>.elementor-widget-spacer>.elementor-widget-container>.elementor-spacer,.e-con>.elementor-widget-spacer>.elementor-widget-container>.elementor-spacer{height:100%}.e-con-inner>.elementor-widget-spacer>.elementor-widget-container>.elementor-spacer>.elementor-spacer-inner,.e-con>.elementor-widget-spacer>.elementor-widget-container>.elementor-spacer>.elementor-spacer-inner{height:var(--container-widget-height,var(--spacer-size))}.e-con-inner>.elementor-widget-spacer.elementor-widget-empty,.e-con>.elementor-widget-spacer.elementor-widget-empty{position:relative;min-height:22px;min-width:22px}.e-con-inner>.elementor-widget-spacer.elementor-widget-empty .elementor-widget-empty-icon,.e-con>.elementor-widget-spacer.elementor-widget-empty .elementor-widget-empty-icon{position:absolute;top:0;bottom:0;left:0;right:0;margin:auto;padding:0;width:22px;height:22px}<\/style>\t\t<div class=\"elementor-spacer\">\n\t\t\t<div class=\"elementor-spacer-inner\"><\/div>\n\t\t<\/div>\n\t\t\t\t<\/div>\n\t\t\t\t<\/div>\n\t\t\t\t\t<\/div>\n\t\t\t\t<\/div>\n\t\t<div class=\"elementor-element elementor-element-d29d6ed e-flex e-con-boxed e-con e-parent\" data-id=\"d29d6ed\" data-element_type=\"container\" data-core-v316-plus=\"true\">\n\t\t\t\t\t<div class=\"e-con-inner\">\n\t\t<div class=\"elementor-element elementor-element-dcc4671 e-con-full e-flex e-con e-child\" data-id=\"dcc4671\" data-element_type=\"container\">\n\t\t\t\t<div class=\"elementor-element elementor-element-1efeef1 elementor-widget elementor-widget-text-editor\" data-id=\"1efeef1\" data-element_type=\"widget\" data-widget_type=\"text-editor.default\">\n\t\t\t\t<div class=\"elementor-widget-container\">\n\t\t\t<style>\/*! elementor - v3.20.0 - 20-03-2024 *\/\n.elementor-widget-text-editor.elementor-drop-cap-view-stacked .elementor-drop-cap{background-color:#69727d;color:#fff}.elementor-widget-text-editor.elementor-drop-cap-view-framed .elementor-drop-cap{color:#69727d;border:3px solid;background-color:transparent}.elementor-widget-text-editor:not(.elementor-drop-cap-view-default) .elementor-drop-cap{margin-top:8px}.elementor-widget-text-editor:not(.elementor-drop-cap-view-default) .elementor-drop-cap-letter{width:1em;height:1em}.elementor-widget-text-editor .elementor-drop-cap{float:left;text-align:center;line-height:1;font-size:50px}.elementor-widget-text-editor .elementor-drop-cap-letter{display:inline-block}<\/style>\t\t\t\t<p>\u00c4r du leverant\u00f6r till branschen <br \/>\u00e4r det h\u00e4r du ska medverka<\/p>\t\t\t\t\t\t<\/div>\n\t\t\t\t<\/div>\n\t\t<div class=\"elementor-element elementor-element-4f717d6 e-con-full e-flex e-con e-child\" data-id=\"4f717d6\" data-element_type=\"container\">\n\t\t\t\t<div class=\"elementor-element elementor-element-f4b9179 elementor-widget elementor-widget-text-editor\" data-id=\"f4b9179\" data-element_type=\"widget\" data-widget_type=\"text-editor.default\">\n\t\t\t\t<div class=\"elementor-widget-container\">\n\t\t\t\t\t\t\t<p><strong>Vi erbjuder<\/strong><\/p>\t\t\t\t\t\t<\/div>\n\t\t\t\t<\/div>\n\t\t\t\t<div class=\"elementor-element elementor-element-e9ad3e4 elementor-widget elementor-widget-text-editor\" data-id=\"e9ad3e4\" data-element_type=\"widget\" data-widget_type=\"text-editor.default\">\n\t\t\t\t<div class=\"elementor-widget-container\">\n\t\t\t\t\t\t\t<ul><li>M\u00f6jlighet att st\u00e4rka ert f\u00f6retags varum\u00e4rke och bef\u00e4st er marknadsposition<\/li><li>Bransch\u00f6verskridande m\u00f6ten med en k\u00f6pstark och beslutsfattande m\u00e5lgrupp<\/li><li>M\u00f6jlighet att belysa ert budskap f\u00f6re, under och efter Clean &amp; Facility via v\u00e5ra olika mediekanaler som branschtidningen Rent och cleannet.se<\/li><\/ul>\t\t\t\t\t\t<\/div>\n\t\t\t\t<\/div>\n\t\t\t\t<\/div>\n\t\t\t\t<\/div>\n\t\t<div class=\"elementor-element elementor-element-85ae40d e-con-full e-flex e-con e-child\" data-id=\"85ae40d\" data-element_type=\"container\">\n\t\t<div class=\"elementor-element elementor-element-0860477 e-con-full e-flex e-con e-child\" data-id=\"0860477\" data-element_type=\"container\">\n\t\t<div class=\"elementor-element elementor-element-2a282a9 e-con-full e-flex e-con e-child\" data-id=\"2a282a9\" data-element_type=\"container\">\n\t\t\t\t<div class=\"elementor-element elementor-element-c804c4f elementor-widget elementor-widget-spacer\" data-id=\"c804c4f\" data-element_type=\"widget\" data-widget_type=\"spacer.default\">\n\t\t\t\t<div class=\"elementor-widget-container\">\n\t\t\t\t\t<div class=\"elementor-spacer\">\n\t\t\t<div class=\"elementor-spacer-inner\"><\/div>\n\t\t<\/div>\n\t\t\t\t<\/div>\n\t\t\t\t<\/div>\n\t\t\t\t<div class=\"elementor-element elementor-element-b5cabfa elementor-widget elementor-widget-text-editor\" data-id=\"b5cabfa\" data-element_type=\"widget\" data-widget_type=\"text-editor.default\">\n\t\t\t\t<div class=\"elementor-widget-container\">\n\t\t\t\t\t\t\t<p><strong>Ni syns i v\u00e5r marknadsf\u00f6ring<\/strong><\/p>\t\t\t\t\t\t<\/div>\n\t\t\t\t<\/div>\n\t\t\t\t<div class=\"elementor-element elementor-element-10de3e3 elementor-widget elementor-widget-text-editor\" data-id=\"10de3e3\" data-element_type=\"widget\" data-widget_type=\"text-editor.default\">\n\t\t\t\t<div class=\"elementor-widget-container\">\n\t\t\t\t\t\t\t<ul><li><span class=\"\">M\u00e4ssans webbplats<\/span><\/li><li><span class=\"\">Branschspecifika nyhetsbrev<\/span><\/li><li><span class=\"\">Redaktionella artiklar inf\u00f6r m\u00e4ssan<\/span><\/li><li><span class=\"\">Bes\u00f6ksinbjudan<\/span><\/li><li><span class=\"\">M\u00e4ssnummer i RENT med Facility Nordic<\/span><\/li><li><span class=\"\">Annonser i ledande branschtidningar<\/span><\/li><\/ul>\t\t\t\t\t\t<\/div>\n\t\t\t\t<\/div>\n\t\t\t\t<\/div>\n\t\t\t\t<\/div>\n\t\t\t\t<\/div>\n\t\t\t\t\t<\/div>\n\t\t\t\t<\/div>\n\t\t<div class=\"elementor-element elementor-element-5fa6ad2 e-flex e-con-boxed e-con e-parent\" data-id=\"5fa6ad2\" data-element_type=\"container\" data-core-v316-plus=\"true\">\n\t\t\t\t\t<div class=\"e-con-inner\">\n\t\t\t\t<div class=\"elementor-element elementor-element-bffbd64 elementor-widget elementor-widget-spacer\" data-id=\"bffbd64\" data-element_type=\"widget\" data-widget_type=\"spacer.default\">\n\t\t\t\t<div class=\"elementor-widget-container\">\n\t\t\t\t\t<div class=\"elementor-spacer\">\n\t\t\t<div class=\"elementor-spacer-inner\"><\/div>\n\t\t<\/div>\n\t\t\t\t<\/div>\n\t\t\t\t<\/div>\n\t\t\t\t\t<\/div>\n\t\t\t\t<\/div>\n\t\t<div class=\"elementor-element elementor-element-c8f9d55 e-flex e-con-boxed e-con e-parent\" data-id=\"c8f9d55\" data-element_type=\"container\" data-core-v316-plus=\"true\">\n\t\t\t\t\t<div class=\"e-con-inner\">\n\t\t\t\t<div class=\"elementor-element elementor-element-b87b9e4 elementor-widget elementor-widget-spacer\" data-id=\"b87b9e4\" data-element_type=\"widget\" data-widget_type=\"spacer.default\">\n\t\t\t\t<div class=\"elementor-widget-container\">\n\t\t\t\t\t<div class=\"elementor-spacer\">\n\t\t\t<div class=\"elementor-spacer-inner\"><\/div>\n\t\t<\/div>\n\t\t\t\t<\/div>\n\t\t\t\t<\/div>\n\t\t\t\t<div class=\"elementor-element elementor-element-438f55c elementor-widget elementor-widget-text-editor\" data-id=\"438f55c\" data-element_type=\"widget\" data-widget_type=\"text-editor.default\">\n\t\t\t\t<div class=\"elementor-widget-container\">\n\t\t\t\t\t\t\t<p><strong>Bli en del av Clean &amp; Facility 2026<\/strong><\/p>\t\t\t\t\t\t<\/div>\n\t\t\t\t<\/div>\n\t\t\t\t<div class=\"elementor-element elementor-element-01320e9 elementor-widget elementor-widget-text-editor\" data-id=\"01320e9\" data-element_type=\"widget\" data-widget_type=\"text-editor.default\">\n\t\t\t\t<div class=\"elementor-widget-container\">\n\t\t\t\t\t\t\t<p><span style=\"color: #333333; font-family: arial, helvetica, sans-serif; text-align: var(--text-align);\">Det finns olika s\u00e4tt att synas under Clean &amp; Facility och vi skr\u00e4ddarsyr g\u00e4rna ditt <br \/>uppl\u00e4gg efter dina behov och m\u00e5l. Ni kan \u00e4ven medverka som <br \/>kategoripartner till Clean Bright Awards 2026 d\u00e4r vi lyfter och <br \/>hyllar personer och f\u00f6retag i branschen. <\/span><\/p>\t\t\t\t\t\t<\/div>\n\t\t\t\t<\/div>\n\t\t\t\t<div class=\"elementor-element elementor-element-75096d0 elementor-hidden-desktop elementor-hidden-tablet elementor-hidden-mobile elementor-widget elementor-widget-text-editor\" data-id=\"75096d0\" data-element_type=\"widget\" data-widget_type=\"text-editor.default\">\n\t\t\t\t<div class=\"elementor-widget-container\">\n\t\t\t\t\t\t\t<p><strong><a title=\"H\u00e4r hittar du inbjudan med fakta om m\u00e4ssan!\" href=\"https:\/\/f.nordiskemedier.dk\/2euxekumz77wrdwa.pdf\" target=\"_blank\" rel=\"noopener\">H\u00e4r hittar du utst\u00e4llarinbjudan!<\/a><\/strong><\/p>\t\t\t\t\t\t<\/div>\n\t\t\t\t<\/div>\n\t\t\t\t<div class=\"elementor-element elementor-element-0484a7d elementor-align-center elementor-widget elementor-widget-button\" data-id=\"0484a7d\" data-element_type=\"widget\" data-widget_type=\"button.default\">\n\t\t\t\t<div class=\"elementor-widget-container\">\n\t\t\t\t\t<div class=\"elementor-button-wrapper\">\n\t\t\t<a class=\"elementor-button elementor-button-link elementor-size-sm\" href=\"https:\/\/www.trippus.se\/web\/registration\/registration.aspx?view=registration&#038;idcategory=AB0ILBD_znygDbHkcMV-lMMlyzpbEybJblj0WAg8Xx29tqfqwgBlrUXgVJ1iL09iX926jDVZUWEB&#038;ln=swe\">\n\t\t\t\t\t\t<span class=\"elementor-button-content-wrapper\">\n\t\t\t\t\t\t<span class=\"elementor-button-text\">Anm\u00e4lan utst\u00e4llare<\/span>\n\t\t<\/span>\n\t\t\t\t\t<\/a>\n\t\t<\/div>\n\t\t\t\t<\/div>\n\t\t\t\t<\/div>\n\t\t\t\t<div class=\"elementor-element elementor-element-551bf3a elementor-widget elementor-widget-spacer\" data-id=\"551bf3a\" data-element_type=\"widget\" data-widget_type=\"spacer.default\">\n\t\t\t\t<div class=\"elementor-widget-container\">\n\t\t\t\t\t<div class=\"elementor-spacer\">\n\t\t\t<div class=\"elementor-spacer-inner\"><\/div>\n\t\t<\/div>\n\t\t\t\t<\/div>\n\t\t\t\t<\/div>\n\t\t\t\t\t<\/div>\n\t\t\t\t<\/div>\n\t\t<div class=\"elementor-element elementor-element-e5104c8 e-flex e-con-boxed e-con e-parent\" data-id=\"e5104c8\" data-element_type=\"container\" data-core-v316-plus=\"true\">\n\t\t\t\t\t<div class=\"e-con-inner\">\n\t\t\t\t<div class=\"elementor-element elementor-element-36e6227 elementor-widget elementor-widget-spacer\" data-id=\"36e6227\" data-element_type=\"widget\" data-widget_type=\"spacer.default\">\n\t\t\t\t<div class=\"elementor-widget-container\">\n\t\t\t\t\t<div class=\"elementor-spacer\">\n\t\t\t<div class=\"elementor-spacer-inner\"><\/div>\n\t\t<\/div>\n\t\t\t\t<\/div>\n\t\t\t\t<\/div>\n\t\t\t\t<div class=\"elementor-element elementor-element-74021eb elementor-widget elementor-widget-text-editor\" data-id=\"74021eb\" data-element_type=\"widget\" data-widget_type=\"text-editor.default\">\n\t\t\t\t<div class=\"elementor-widget-container\">\n\t\t\t\t\t\t\t<p>Kontakt<\/p>\t\t\t\t\t\t<\/div>\n\t\t\t\t<\/div>\n\t\t\t\t<div class=\"elementor-element elementor-element-0ed3b1d elementor-widget elementor-widget-text-editor\" data-id=\"0ed3b1d\" data-element_type=\"widget\" data-widget_type=\"text-editor.default\">\n\t\t\t\t<div class=\"elementor-widget-container\">\n\t\t\t\t\t\t\t<p class=\"staff-member-name\">Hans Roos af Hjelms\u00e4ter<br \/>Sales Manager<br \/>+46 (0)73 682 53 98<br \/><a class=\"staff-member-email\" title=\"Email Hans Roos af Hjelms\u00e4ter\" href=\"mailto:hansrafh@nordiskemedier.se\">hansrafh@nordiskemedier.se<\/a><\/p>\t\t\t\t\t\t<\/div>\n\t\t\t\t<\/div>\n\t\t\t\t<div class=\"elementor-element elementor-element-551f5e1 elementor-widget elementor-widget-spacer\" data-id=\"551f5e1\" data-element_type=\"widget\" data-widget_type=\"spacer.default\">\n\t\t\t\t<div class=\"elementor-widget-container\">\n\t\t\t\t\t<div class=\"elementor-spacer\">\n\t\t\t<div class=\"elementor-spacer-inner\"><\/div>\n\t\t<\/div>\n\t\t\t\t<\/div>\n\t\t\t\t<\/div>\n\t\t\t\t\t<\/div>\n\t\t\t\t<\/div>\n\t\t<div class=\"elementor-element elementor-element-d37cf32 e-flex e-con-boxed e-con e-parent\" data-id=\"d37cf32\" data-element_type=\"container\" data-core-v316-plus=\"true\">\n\t\t\t\t\t<div class=\"e-con-inner\">\n\t\t\t\t<div class=\"elementor-element elementor-element-e87cc15 elementor-widget elementor-widget-image\" data-id=\"e87cc15\" data-element_type=\"widget\" data-widget_type=\"image.default\">\n\t\t\t\t<div class=\"elementor-widget-container\">\n\t\t\t<style>\/*! elementor - v3.20.0 - 20-03-2024 *\/\n.elementor-widget-image{text-align:center}.elementor-widget-image a{display:inline-block}.elementor-widget-image a img[src$=\".svg\"]{width:48px}.elementor-widget-image img{vertical-align:middle;display:inline-block}<\/style>\t\t\t\t\t\t\t\t\t\t<img fetchpriority=\"high\" decoding=\"async\" width=\"2560\" height=\"694\" src=\"https:\/\/nmevents.se\/cleanmassan\/wp-content\/uploads\/sites\/28\/2025\/01\/Bilder-nertill_2-scaled.jpg\" class=\"attachment-full size-full wp-image-1524\" alt=\"\" srcset=\"https:\/\/nmevents.se\/cleanmassan\/wp-content\/uploads\/sites\/28\/2025\/01\/Bilder-nertill_2-scaled.jpg 2560w, https:\/\/nmevents.se\/cleanmassan\/wp-content\/uploads\/sites\/28\/2025\/01\/Bilder-nertill_2-300x81.jpg 300w, https:\/\/nmevents.se\/cleanmassan\/wp-content\/uploads\/sites\/28\/2025\/01\/Bilder-nertill_2-1024x277.jpg 1024w, https:\/\/nmevents.se\/cleanmassan\/wp-content\/uploads\/sites\/28\/2025\/01\/Bilder-nertill_2-768x208.jpg 768w, https:\/\/nmevents.se\/cleanmassan\/wp-content\/uploads\/sites\/28\/2025\/01\/Bilder-nertill_2-1536x416.jpg 1536w, https:\/\/nmevents.se\/cleanmassan\/wp-content\/uploads\/sites\/28\/2025\/01\/Bilder-nertill_2-2048x555.jpg 2048w\" sizes=\"(max-width: 2560px) 100vw, 2560px\" \/>\t\t\t\t\t\t\t\t\t\t\t\t\t<\/div>\n\t\t\t\t<\/div>\n\t\t\t\t\t<\/div>\n\t\t\t\t<\/div>\n\t\t\t\t<\/div>\n\t\t","protected":false},"excerpt":{"rendered":"<p>\u00c4r du leverant\u00f6r till branschen \u00e4r det h\u00e4r du ska medverka Vi erbjuder M\u00f6jlighet att st\u00e4rka ert f\u00f6retags varum\u00e4rke och bef\u00e4st er marknadsposition Bransch\u00f6verskridande m\u00f6ten med en k\u00f6pstark och beslutsfattande m\u00e5lgrupp M\u00f6jlighet att belysa ert budskap f\u00f6re, under och efter Clean &amp; Facility via v\u00e5ra olika mediekanaler som branschtidningen Rent och cleannet.se Ni syns i [&hellip;]<\/p>\n","protected":false},"author":1,"featured_media":0,"parent":0,"menu_order":0,"comment_status":"closed","ping_status":"closed","template":"elementor_header_footer","meta":{"_acf_changed":false,"footnotes":""},"acf":[],"_links":{"self":[{"href":"https:\/\/nmevents.se\/cleanmassan\/wp-json\/wp\/v2\/pages\/205"}],"collection":[{"href":"https:\/\/nmevents.se\/cleanmassan\/wp-json\/wp\/v2\/pages"}],"about":[{"href":"https:\/\/nmevents.se\/cleanmassan\/wp-json\/wp\/v2\/types\/page"}],"author":[{"embeddable":true,"href":"https:\/\/nmevents.se\/cleanmassan\/wp-json\/wp\/v2\/users\/1"}],"replies":[{"embeddable":true,"href":"https:\/\/nmevents.se\/cleanmassan\/wp-json\/wp\/v2\/comments?post=205"}],"version-history":[{"count":215,"href":"https:\/\/nmevents.se\/cleanmassan\/wp-json\/wp\/v2\/pages\/205\/revisions"}],"predecessor-version":[{"id":3385,"href":"https:\/\/nmevents.se\/cleanmassan\/wp-json\/wp\/v2\/pages\/205\/revisions\/3385"}],"wp:attachment":[{"href":"https:\/\/nmevents.se\/cleanmassan\/wp-json\/wp\/v2\/media?parent=205"}],"curies":[{"name":"wp","href":"https:\/\/api.w.org\/{rel}","templated":true}]}}