{"id":2386,"date":"2025-04-15T11:24:07","date_gmt":"2025-04-15T09:24:07","guid":{"rendered":"https:\/\/nmevents.se\/cleanmassan\/?page_id=2386"},"modified":"2025-10-09T15:58:16","modified_gmt":"2025-10-09T13:58:16","slug":"tavlingsregler","status":"publish","type":"page","link":"https:\/\/nmevents.se\/cleanmassan\/tavlingsregler\/","title":{"rendered":"T\u00e4vlingsregler"},"content":{"rendered":"\t\t<div data-elementor-type=\"wp-page\" data-elementor-id=\"2386\" class=\"elementor elementor-2386\" data-elementor-post-type=\"page\">\n\t\t\t\t<div class=\"elementor-element elementor-element-ae7cdfa e-flex e-con-boxed e-con e-parent\" data-id=\"ae7cdfa\" data-element_type=\"container\" data-core-v316-plus=\"true\">\n\t\t\t\t\t<div class=\"e-con-inner\">\n\t\t\t\t<div class=\"elementor-element elementor-element-65ade4d elementor-widget elementor-widget-spacer\" data-id=\"65ade4d\" data-element_type=\"widget\" data-widget_type=\"spacer.default\">\n\t\t\t\t<div class=\"elementor-widget-container\">\n\t\t\t<style>\/*! elementor - v3.20.0 - 20-03-2024 *\/\n.elementor-column .elementor-spacer-inner{height:var(--spacer-size)}.e-con{--container-widget-width:100%}.e-con-inner>.elementor-widget-spacer,.e-con>.elementor-widget-spacer{width:var(--container-widget-width,var(--spacer-size));--align-self:var(--container-widget-align-self,initial);--flex-shrink:0}.e-con-inner>.elementor-widget-spacer>.elementor-widget-container,.e-con>.elementor-widget-spacer>.elementor-widget-container{height:100%;width:100%}.e-con-inner>.elementor-widget-spacer>.elementor-widget-container>.elementor-spacer,.e-con>.elementor-widget-spacer>.elementor-widget-container>.elementor-spacer{height:100%}.e-con-inner>.elementor-widget-spacer>.elementor-widget-container>.elementor-spacer>.elementor-spacer-inner,.e-con>.elementor-widget-spacer>.elementor-widget-container>.elementor-spacer>.elementor-spacer-inner{height:var(--container-widget-height,var(--spacer-size))}.e-con-inner>.elementor-widget-spacer.elementor-widget-empty,.e-con>.elementor-widget-spacer.elementor-widget-empty{position:relative;min-height:22px;min-width:22px}.e-con-inner>.elementor-widget-spacer.elementor-widget-empty .elementor-widget-empty-icon,.e-con>.elementor-widget-spacer.elementor-widget-empty .elementor-widget-empty-icon{position:absolute;top:0;bottom:0;left:0;right:0;margin:auto;padding:0;width:22px;height:22px}<\/style>\t\t<div class=\"elementor-spacer\">\n\t\t\t<div class=\"elementor-spacer-inner\"><\/div>\n\t\t<\/div>\n\t\t\t\t<\/div>\n\t\t\t\t<\/div>\n\t\t\t\t\t<\/div>\n\t\t\t\t<\/div>\n\t\t<div class=\"elementor-element elementor-element-1311613 e-con-full e-flex e-con e-parent\" data-id=\"1311613\" data-element_type=\"container\" data-core-v316-plus=\"true\">\n\t\t<div class=\"elementor-element elementor-element-2c3322c e-con-full e-flex e-con e-child\" data-id=\"2c3322c\" data-element_type=\"container\">\n\t\t\t\t<div class=\"elementor-element elementor-element-a042376 elementor-widget elementor-widget-spacer\" data-id=\"a042376\" data-element_type=\"widget\" data-widget_type=\"spacer.default\">\n\t\t\t\t<div class=\"elementor-widget-container\">\n\t\t\t\t\t<div class=\"elementor-spacer\">\n\t\t\t<div class=\"elementor-spacer-inner\"><\/div>\n\t\t<\/div>\n\t\t\t\t<\/div>\n\t\t\t\t<\/div>\n\t\t\t\t<div class=\"elementor-element elementor-element-3c3c045 elementor-widget elementor-widget-text-editor\" data-id=\"3c3c045\" data-element_type=\"widget\" data-widget_type=\"text-editor.default\">\n\t\t\t\t<div class=\"elementor-widget-container\">\n\t\t\t<style>\/*! elementor - v3.20.0 - 20-03-2024 *\/\n.elementor-widget-text-editor.elementor-drop-cap-view-stacked .elementor-drop-cap{background-color:#69727d;color:#fff}.elementor-widget-text-editor.elementor-drop-cap-view-framed .elementor-drop-cap{color:#69727d;border:3px solid;background-color:transparent}.elementor-widget-text-editor:not(.elementor-drop-cap-view-default) .elementor-drop-cap{margin-top:8px}.elementor-widget-text-editor:not(.elementor-drop-cap-view-default) .elementor-drop-cap-letter{width:1em;height:1em}.elementor-widget-text-editor .elementor-drop-cap{float:left;text-align:center;line-height:1;font-size:50px}.elementor-widget-text-editor .elementor-drop-cap-letter{display:inline-block}<\/style>\t\t\t\t<p><strong>Snabbguide<\/strong><\/p>\t\t\t\t\t\t<\/div>\n\t\t\t\t<\/div>\n\t\t\t\t<div class=\"elementor-element elementor-element-31a8d8c elementor-widget elementor-widget-text-editor\" data-id=\"31a8d8c\" data-element_type=\"widget\" data-widget_type=\"text-editor.default\">\n\t\t\t\t<div class=\"elementor-widget-container\">\n\t\t\t\t\t\t\t<p>H\u00e4r \u00e4r en snabbguide till hur t\u00e4vlingen g\u00e5r till och vad du som t\u00e4vlande beh\u00f6ver t\u00e4nka p\u00e5.<\/p><p><strong>T\u00e4vlingsformat<\/strong><\/p><ul><li>Du ska putsa tre f\u00f6nster med m\u00e5tten 1143 x 1143 mm.<br \/>Endast arrang\u00f6rens utrustning anv\u00e4nds: p\u00e5bl\u00f6tare (35 cm) och skrapa (30 cm), b\u00e5da med fasta handtag.<\/li><li>\u00a0Blecken m\u00e5ste torkas \u2013 med p\u00e5bl\u00f6tare (ej mot glaset) eller med finger.<\/li><li>T\u00e4vlingen k\u00f6rs i tv\u00e5 kvalheat \u2013 din b\u00e4sta tid r\u00e4knas.<\/li><li>De 10 b\u00e4sta g\u00e5r till final. Den som var snabbast i kvalet startar sist i finalen.<\/li><\/ul><p><strong>Start &amp; Tidtagning<\/strong><\/p><ul><li>\u00a0Start sker p\u00e5 domarens signal: \u201c3 \u2013 2 \u2013 1 \u2013 START!\u201d<\/li><li>\u00a0Tv\u00e5 domare tar tid \u2013 snittet av deras tider \u00e4r din sluttid.<\/li><li>Du m\u00e5ste s\u00e4ga tydligt n\u00e4r du \u00e4r klar.<\/li><\/ul><p><strong>Till\u00e4ggstider (missar ger extra sekunder!)<\/strong><\/p><p>&#8211; Start f\u00f6re signal: +1 sek<br \/>&#8211; Miss med p\u00e5bl\u00f6tare\/skrapa:<br \/>\u00a0\u00a0 &lt; handflata: +1 sek<br \/>\u00a0\u00a0 &gt; handflata: +2 sek eller mer<br \/>&#8211; Rand\/dropp\/streck: +0,5 sek<br \/>&#8211; Missat att torka bleck: +1 sek\/f\u00f6nster (max 3 sek)<\/p>\t\t\t\t\t\t<\/div>\n\t\t\t\t<\/div>\n\t\t\t\t<\/div>\n\t\t<div class=\"elementor-element elementor-element-f5e6d99 e-con-full e-flex e-con e-child\" data-id=\"f5e6d99\" data-element_type=\"container\">\n\t\t\t\t<div class=\"elementor-element elementor-element-31a47e7 elementor-widget elementor-widget-spacer\" data-id=\"31a47e7\" data-element_type=\"widget\" data-widget_type=\"spacer.default\">\n\t\t\t\t<div class=\"elementor-widget-container\">\n\t\t\t\t\t<div class=\"elementor-spacer\">\n\t\t\t<div class=\"elementor-spacer-inner\"><\/div>\n\t\t<\/div>\n\t\t\t\t<\/div>\n\t\t\t\t<\/div>\n\t\t\t\t<div class=\"elementor-element elementor-element-65df8ae elementor-widget elementor-widget-text-editor\" data-id=\"65df8ae\" data-element_type=\"widget\" data-widget_type=\"text-editor.default\">\n\t\t\t\t<div class=\"elementor-widget-container\">\n\t\t\t\t\t\t\t<p><strong>Diskvalificering<\/strong><\/p><p>&#8211; Osportsligt beteende<br \/>&#8211; F\u00f6ljer inte reglerna<br \/>&#8211; Modifierad utrustning<\/p><p><strong>Tips inf\u00f6r t\u00e4vlingen<\/strong><\/p><ul><li>Kontrollera att din utrustning \u00e4r hel och att gummibladet \u00e4r i gott skick.<\/li><li>Inspektera glasen innan start.<\/li><li>Ha koll p\u00e5 blecken \u2013 gl\u00f6m inte att torka dem.<\/li><li>S\u00e4tt din egen rytm \u2013 det \u00e4r precision som vinner tid, inte stress!<\/li><li>T\u00e4vlingsf\u00f6nstren kommer finnas p\u00e5 plats dagen innan t\u00e4vling. Ta chansen att tr\u00e4na!<\/li><\/ul>\t\t\t\t\t\t<\/div>\n\t\t\t\t<\/div>\n\t\t\t\t<div class=\"elementor-element elementor-element-caa226f elementor-widget elementor-widget-image\" data-id=\"caa226f\" data-element_type=\"widget\" data-widget_type=\"image.default\">\n\t\t\t\t<div class=\"elementor-widget-container\">\n\t\t\t<style>\/*! elementor - v3.20.0 - 20-03-2024 *\/\n.elementor-widget-image{text-align:center}.elementor-widget-image a{display:inline-block}.elementor-widget-image a img[src$=\".svg\"]{width:48px}.elementor-widget-image img{vertical-align:middle;display:inline-block}<\/style>\t\t\t\t\t\t\t\t\t\t<img fetchpriority=\"high\" decoding=\"async\" width=\"800\" height=\"327\" src=\"https:\/\/nmevents.se\/cleanmassan\/wp-content\/uploads\/sites\/28\/2025\/04\/GettyImages-1218770447-Konvert-1-1024x418.png\" class=\"attachment-large size-large wp-image-2400\" alt=\"\" srcset=\"https:\/\/nmevents.se\/cleanmassan\/wp-content\/uploads\/sites\/28\/2025\/04\/GettyImages-1218770447-Konvert-1-1024x418.png 1024w, https:\/\/nmevents.se\/cleanmassan\/wp-content\/uploads\/sites\/28\/2025\/04\/GettyImages-1218770447-Konvert-1-300x122.png 300w, https:\/\/nmevents.se\/cleanmassan\/wp-content\/uploads\/sites\/28\/2025\/04\/GettyImages-1218770447-Konvert-1-768x313.png 768w, https:\/\/nmevents.se\/cleanmassan\/wp-content\/uploads\/sites\/28\/2025\/04\/GettyImages-1218770447-Konvert-1-1536x626.png 1536w, https:\/\/nmevents.se\/cleanmassan\/wp-content\/uploads\/sites\/28\/2025\/04\/GettyImages-1218770447-Konvert-1-2048x835.png 2048w\" sizes=\"(max-width: 800px) 100vw, 800px\" \/>\t\t\t\t\t\t\t\t\t\t\t\t\t<\/div>\n\t\t\t\t<\/div>\n\t\t\t\t<\/div>\n\t\t\t\t<\/div>\n\t\t<div class=\"elementor-element elementor-element-ba1375e e-flex e-con-boxed e-con e-parent\" data-id=\"ba1375e\" data-element_type=\"container\" data-core-v316-plus=\"true\">\n\t\t\t\t\t<div class=\"e-con-inner\">\n\t\t\t\t<div class=\"elementor-element elementor-element-dc46763 elementor-widget elementor-widget-spacer\" data-id=\"dc46763\" data-element_type=\"widget\" data-widget_type=\"spacer.default\">\n\t\t\t\t<div class=\"elementor-widget-container\">\n\t\t\t\t\t<div class=\"elementor-spacer\">\n\t\t\t<div class=\"elementor-spacer-inner\"><\/div>\n\t\t<\/div>\n\t\t\t\t<\/div>\n\t\t\t\t<\/div>\n\t\t\t\t\t<\/div>\n\t\t\t\t<\/div>\n\t\t<div class=\"elementor-element elementor-element-a219cb7 e-flex e-con-boxed e-con e-parent\" data-id=\"a219cb7\" data-element_type=\"container\" data-core-v316-plus=\"true\">\n\t\t\t\t\t<div class=\"e-con-inner\">\n\t\t\t\t<div class=\"elementor-element elementor-element-21e2d0d elementor-widget elementor-widget-spacer\" data-id=\"21e2d0d\" data-element_type=\"widget\" data-widget_type=\"spacer.default\">\n\t\t\t\t<div class=\"elementor-widget-container\">\n\t\t\t\t\t<div class=\"elementor-spacer\">\n\t\t\t<div class=\"elementor-spacer-inner\"><\/div>\n\t\t<\/div>\n\t\t\t\t<\/div>\n\t\t\t\t<\/div>\n\t\t\t\t\t<\/div>\n\t\t\t\t<\/div>\n\t\t<div class=\"elementor-element elementor-element-19319f0 e-flex e-con-boxed e-con e-parent\" data-id=\"19319f0\" data-element_type=\"container\" data-core-v316-plus=\"true\">\n\t\t\t\t\t<div class=\"e-con-inner\">\n\t\t\t\t<div class=\"elementor-element elementor-element-6d72688 elementor-widget elementor-widget-heading\" data-id=\"6d72688\" data-element_type=\"widget\" data-widget_type=\"heading.default\">\n\t\t\t\t<div class=\"elementor-widget-container\">\n\t\t\t<style>\/*! elementor - v3.20.0 - 20-03-2024 *\/\n.elementor-heading-title{padding:0;margin:0;line-height:1}.elementor-widget-heading .elementor-heading-title[class*=elementor-size-]>a{color:inherit;font-size:inherit;line-height:inherit}.elementor-widget-heading .elementor-heading-title.elementor-size-small{font-size:15px}.elementor-widget-heading .elementor-heading-title.elementor-size-medium{font-size:19px}.elementor-widget-heading .elementor-heading-title.elementor-size-large{font-size:29px}.elementor-widget-heading .elementor-heading-title.elementor-size-xl{font-size:39px}.elementor-widget-heading .elementor-heading-title.elementor-size-xxl{font-size:59px}<\/style><h1 class=\"elementor-heading-title elementor-size-default\">T\u00e4vlingsregler F\u00f6nsterputs-SM<\/h1>\t\t<\/div>\n\t\t\t\t<\/div>\n\t\t\t\t\t<\/div>\n\t\t\t\t<\/div>\n\t\t<div class=\"elementor-element elementor-element-4b2deab e-flex e-con-boxed e-con e-parent\" data-id=\"4b2deab\" data-element_type=\"container\" data-core-v316-plus=\"true\">\n\t\t\t\t\t<div class=\"e-con-inner\">\n\t\t<div class=\"elementor-element elementor-element-d7b6e49 e-con-full e-flex e-con e-child\" data-id=\"d7b6e49\" data-element_type=\"container\">\n\t\t\t\t<div class=\"elementor-element elementor-element-15c7f0d elementor-widget elementor-widget-text-editor\" data-id=\"15c7f0d\" data-element_type=\"widget\" data-widget_type=\"text-editor.default\">\n\t\t\t\t<div class=\"elementor-widget-container\">\n\t\t\t\t\t\t\t<p><strong> T\u00e4vlingsuppl\u00e4gg<\/strong><\/p><p>Varje t\u00e4vlande ska reng\u00f6ra tre f\u00f6nster (glasrutor) med m\u00e5tten 1143 x 1143 mm (45 x 45 tum). Varje f\u00f6nster har en ram som \u00e4r 12,5 mm djup (0,5 tum) och ett f\u00f6nsterbleck som \u00e4r 51 mm djupt (2 tum). M\u00e5let \u00e4r att genomf\u00f6ra uppgiften s\u00e5 snabbt som m\u00f6jligt \u2013 med h\u00f6gsta m\u00f6jliga precision.<\/p><p>Kvalt\u00e4vling och final:<br \/>&#8211; T\u00e4vlingen genomf\u00f6rs i tv\u00e5 kvalheat. Den t\u00e4vlande f\u00e5r tillgodor\u00e4kna sig sin b\u00e4sta tid fr\u00e5n de tv\u00e5 heaten.<br \/>&#8211; De 10 b\u00e4sta tiderna g\u00e5r vidare till finalomg\u00e5ngen.<br \/>&#8211; I finalen startar den med l\u00e4ngst kvaltid f\u00f6rst, och den med b\u00e4sta kvaltid startar sist.<\/p><p><strong>Utrustning<\/strong><\/p><p>Endast arrang\u00f6rens\/sponsorns utrustning f\u00e5r anv\u00e4ndas. Denna best\u00e5r av:<br \/>&#8211; En p\u00e5bl\u00f6tare med fast handtag, 35 cm (14 tum).<br \/>&#8211; En f\u00f6nsterskrapa med fast handtag, 30 cm (12 tum).<\/p><p>&#8211; Vatten med f\u00f6nsters\u00e5pa tillhandah\u00e5lls av arrang\u00f6rerna och blandas enligt tillverkarens anvisningar. Doseringen g\u00f6rs i enlighet med den s\u00e5pa som anv\u00e4nds i t\u00e4vlingen. Det \u00e4r inte till\u00e5tet att justera blandningen sj\u00e4lv.<br \/>Det \u00e4r f\u00f6rbjudet att anv\u00e4nda modifierad utrustning, exempelvis med sv\u00e4ngbart handtag eller egen utrustning.<\/p><p><strong>F\u00f6rberedelse inf\u00f6r t\u00e4vling<\/strong><\/p><p>Varje t\u00e4vlande har r\u00e4tt att:<br \/>&#8211; Kontrollera utrustningen (ex. gummiblad).<br \/>&#8211; Inspektera glasen f\u00f6r att s\u00e4kerst\u00e4lla att inga r\u00e4nder eller rester finns fr\u00e5n tidigare heat.<\/p><p><strong>Start och tidtagning<\/strong><\/p><p>Domaren r\u00e4knar ner: \u201c3 \u2013 2 \u2013 1 \u2013 START\u201d.<br \/>P\u00e5 \u201cSTART\u201d aktiveras tidtagningen av tv\u00e5 oberoende domare.<br \/>N\u00e4r t\u00e4vlande \u00e4r klar ska detta tydligt markeras verbalt.<br \/>Den officiella tiden \u00e4r snittet av de tv\u00e5 domartiderna.<\/p><p><strong>Tr\u00e4ning<\/strong><\/p><p>Tr\u00e4ningsheat kan till\u00e5tas enligt arrang\u00f6rens bed\u00f6mning, utan begr\u00e4nsningar.<\/p>\t\t\t\t\t\t<\/div>\n\t\t\t\t<\/div>\n\t\t\t\t<\/div>\n\t\t<div class=\"elementor-element elementor-element-12853f1 e-con-full e-flex e-con e-child\" data-id=\"12853f1\" data-element_type=\"container\">\n\t\t\t\t<div class=\"elementor-element elementor-element-9043929 elementor-widget elementor-widget-text-editor\" data-id=\"9043929\" data-element_type=\"widget\" data-widget_type=\"text-editor.default\">\n\t\t\t\t<div class=\"elementor-widget-container\">\n\t\t\t\t\t\t\t<p><strong> Till\u00e4gg f\u00f6r misstag<\/strong><\/p><table><tbody><tr><td width=\"288\"><p>\u00d6vertr\u00e4delse<\/p><\/td><td width=\"288\"><p>Till\u00e4gg<\/p><\/td><\/tr><tr><td width=\"288\"><p>Utrustning nuddar glas f\u00f6re start<\/p><\/td><td width=\"288\"><p>+1 sekund<\/p><\/td><\/tr><tr><td width=\"288\"><p>Missad sektion med p\u00e5bl\u00f6tare:<br \/>\u2013 mindre \u00e4n en handflata<br \/>\u2013 st\u00f6rre \u00e4n en handflata<\/p><\/td><td width=\"288\"><p>+1 sekund<br \/>+2 sekunder eller mer<\/p><\/td><\/tr><tr><td width=\"288\"><p>Missad sektion med skrapa:<br \/>\u2013 mindre \u00e4n en handflata<br \/>\u2013 st\u00f6rre \u00e4n en handflata<\/p><\/td><td width=\"288\"><p>+1 sekund<br \/>+2 sekunder eller mer<\/p><\/td><\/tr><tr><td width=\"288\"><p>Streck, dropp eller rand (omkrets mindre \u00e4n &lt;7 cm)<\/p><\/td><td width=\"288\"><p>+0,5 sekund<\/p><\/td><\/tr><tr><td width=\"288\"><p>Missad avtorkning av bleck<\/p><\/td><td width=\"288\"><p>+1 sekund per f\u00f6nster<br \/>Max: +3 sekunder totalt<\/p><\/td><\/tr><tr><td width=\"288\"><p>OBS: Blecken f\u00e5r torkas med finger eller p\u00e5bl\u00f6tare (utan att nudda glaset)<\/p><\/td><td width=\"288\"><p>\u2013<\/p><\/td><\/tr><\/tbody><\/table><p><strong>\u00a0<\/strong><strong>Diskvalificering<\/strong><\/p><p>&#8211; Ojuste uppf\u00f6rande, avsiktliga misstag, eller modifiering av utrustning.<br \/>&#8211; Underl\u00e5tenhet att f\u00f6lja regler.<\/p><p>\u00a0<\/p><p><strong>Omstart vid felstart<\/strong><\/p><p>Vid tjuvstart stoppas f\u00f6rs\u00f6ket och en omstart genomf\u00f6rs.<\/p>\t\t\t\t\t\t<\/div>\n\t\t\t\t<\/div>\n\t\t\t\t<div class=\"elementor-element elementor-element-7d27a48 elementor-widget elementor-widget-spacer\" data-id=\"7d27a48\" data-element_type=\"widget\" data-widget_type=\"spacer.default\">\n\t\t\t\t<div class=\"elementor-widget-container\">\n\t\t\t\t\t<div class=\"elementor-spacer\">\n\t\t\t<div class=\"elementor-spacer-inner\"><\/div>\n\t\t<\/div>\n\t\t\t\t<\/div>\n\t\t\t\t<\/div>\n\t\t\t\t<\/div>\n\t\t\t\t\t<\/div>\n\t\t\t\t<\/div>\n\t\t<div class=\"elementor-element elementor-element-3903515 e-flex e-con-boxed e-con e-parent\" data-id=\"3903515\" data-element_type=\"container\" data-core-v316-plus=\"true\">\n\t\t\t\t\t<div class=\"e-con-inner\">\n\t\t<div class=\"elementor-element elementor-element-271cc20 e-con-full e-flex e-con e-child\" data-id=\"271cc20\" data-element_type=\"container\">\n\t\t\t\t<div class=\"elementor-element elementor-element-9735e4b elementor-widget elementor-widget-video\" data-id=\"9735e4b\" data-element_type=\"widget\" data-settings=\"{&quot;youtube_url&quot;:&quot;https:\\\/\\\/www.youtube.com\\\/watch?v=cf-Wvr7D1oo&amp;feature=youtu.be&quot;,&quot;video_type&quot;:&quot;youtube&quot;,&quot;controls&quot;:&quot;yes&quot;}\" data-widget_type=\"video.default\">\n\t\t\t\t<div class=\"elementor-widget-container\">\n\t\t\t<style>\/*! elementor - v3.20.0 - 20-03-2024 *\/\n.elementor-widget-video .elementor-widget-container{overflow:hidden;transform:translateZ(0)}.elementor-widget-video .elementor-wrapper{aspect-ratio:var(--video-aspect-ratio)}.elementor-widget-video .elementor-wrapper iframe,.elementor-widget-video .elementor-wrapper video{height:100%;width:100%;display:flex;border:none;background-color:#000}@supports not (aspect-ratio:1\/1){.elementor-widget-video .elementor-wrapper{position:relative;overflow:hidden;height:0;padding-bottom:calc(100% \/ var(--video-aspect-ratio))}.elementor-widget-video .elementor-wrapper iframe,.elementor-widget-video .elementor-wrapper video{position:absolute;top:0;right:0;bottom:0;left:0}}.elementor-widget-video .elementor-open-inline .elementor-custom-embed-image-overlay{position:absolute;top:0;right:0;bottom:0;left:0;background-size:cover;background-position:50%}.elementor-widget-video .elementor-custom-embed-image-overlay{cursor:pointer;text-align:center}.elementor-widget-video .elementor-custom-embed-image-overlay:hover .elementor-custom-embed-play i{opacity:1}.elementor-widget-video .elementor-custom-embed-image-overlay img{display:block;width:100%;aspect-ratio:var(--video-aspect-ratio);-o-object-fit:cover;object-fit:cover;-o-object-position:center center;object-position:center center}@supports not (aspect-ratio:1\/1){.elementor-widget-video .elementor-custom-embed-image-overlay{position:relative;overflow:hidden;height:0;padding-bottom:calc(100% \/ var(--video-aspect-ratio))}.elementor-widget-video .elementor-custom-embed-image-overlay img{position:absolute;top:0;right:0;bottom:0;left:0}}.elementor-widget-video .e-hosted-video .elementor-video{-o-object-fit:cover;object-fit:cover}.e-con-inner>.elementor-widget-video,.e-con>.elementor-widget-video{width:var(--container-widget-width);--flex-grow:var(--container-widget-flex-grow)}<\/style>\t\t<div class=\"elementor-wrapper elementor-open-inline\">\n\t\t\t<div class=\"elementor-video\"><\/div>\t\t<\/div>\n\t\t\t\t<\/div>\n\t\t\t\t<\/div>\n\t\t\t\t<\/div>\n\t\t<div class=\"elementor-element elementor-element-4a6bc6a e-con-full e-flex e-con e-child\" data-id=\"4a6bc6a\" data-element_type=\"container\">\n\t\t\t\t<div class=\"elementor-element elementor-element-0181f74 elementor-widget elementor-widget-video\" data-id=\"0181f74\" data-element_type=\"widget\" data-settings=\"{&quot;youtube_url&quot;:&quot;https:\\\/\\\/youtu.be\\\/GLTAyAMfTic&quot;,&quot;video_type&quot;:&quot;youtube&quot;,&quot;controls&quot;:&quot;yes&quot;}\" data-widget_type=\"video.default\">\n\t\t\t\t<div class=\"elementor-widget-container\">\n\t\t\t\t\t<div class=\"elementor-wrapper elementor-open-inline\">\n\t\t\t<div class=\"elementor-video\"><\/div>\t\t<\/div>\n\t\t\t\t<\/div>\n\t\t\t\t<\/div>\n\t\t\t\t<\/div>\n\t\t<div class=\"elementor-element elementor-element-90073df e-con-full e-flex e-con e-child\" data-id=\"90073df\" data-element_type=\"container\">\n\t\t\t\t<div class=\"elementor-element elementor-element-4be86b8 elementor-widget elementor-widget-video\" data-id=\"4be86b8\" data-element_type=\"widget\" data-settings=\"{&quot;youtube_url&quot;:&quot;https:\\\/\\\/youtu.be\\\/VMHu-Ut2BSU&quot;,&quot;video_type&quot;:&quot;youtube&quot;,&quot;controls&quot;:&quot;yes&quot;}\" data-widget_type=\"video.default\">\n\t\t\t\t<div class=\"elementor-widget-container\">\n\t\t\t\t\t<div class=\"elementor-wrapper elementor-open-inline\">\n\t\t\t<div class=\"elementor-video\"><\/div>\t\t<\/div>\n\t\t\t\t<\/div>\n\t\t\t\t<\/div>\n\t\t\t\t<\/div>\n\t\t<div class=\"elementor-element elementor-element-ae0334e e-con-full e-flex e-con e-child\" data-id=\"ae0334e\" data-element_type=\"container\">\n\t\t\t\t<div class=\"elementor-element elementor-element-1d55a62 elementor-widget elementor-widget-video\" data-id=\"1d55a62\" data-element_type=\"widget\" data-settings=\"{&quot;youtube_url&quot;:&quot;https:\\\/\\\/youtu.be\\\/DX-RItZ7LGk&quot;,&quot;video_type&quot;:&quot;youtube&quot;,&quot;controls&quot;:&quot;yes&quot;}\" data-widget_type=\"video.default\">\n\t\t\t\t<div class=\"elementor-widget-container\">\n\t\t\t\t\t<div class=\"elementor-wrapper elementor-open-inline\">\n\t\t\t<div class=\"elementor-video\"><\/div>\t\t<\/div>\n\t\t\t\t<\/div>\n\t\t\t\t<\/div>\n\t\t\t\t<\/div>\n\t\t<div class=\"elementor-element elementor-element-b7cf131 e-con-full e-flex e-con e-child\" data-id=\"b7cf131\" data-element_type=\"container\">\n\t\t\t\t<div class=\"elementor-element elementor-element-1031814 elementor-widget elementor-widget-video\" data-id=\"1031814\" data-element_type=\"widget\" data-settings=\"{&quot;youtube_url&quot;:&quot;https:\\\/\\\/youtu.be\\\/Poiq65H3guo&quot;,&quot;video_type&quot;:&quot;youtube&quot;,&quot;controls&quot;:&quot;yes&quot;}\" data-widget_type=\"video.default\">\n\t\t\t\t<div class=\"elementor-widget-container\">\n\t\t\t\t\t<div class=\"elementor-wrapper elementor-open-inline\">\n\t\t\t<div class=\"elementor-video\"><\/div>\t\t<\/div>\n\t\t\t\t<\/div>\n\t\t\t\t<\/div>\n\t\t\t\t<\/div>\n\t\t<div class=\"elementor-element elementor-element-651f62f e-con-full e-flex e-con e-child\" data-id=\"651f62f\" data-element_type=\"container\">\n\t\t\t\t<div class=\"elementor-element elementor-element-60d4c3d elementor-widget elementor-widget-video\" data-id=\"60d4c3d\" data-element_type=\"widget\" data-settings=\"{&quot;youtube_url&quot;:&quot;https:\\\/\\\/youtu.be\\\/uJt4Wq1yOuw&quot;,&quot;video_type&quot;:&quot;youtube&quot;,&quot;controls&quot;:&quot;yes&quot;}\" data-widget_type=\"video.default\">\n\t\t\t\t<div class=\"elementor-widget-container\">\n\t\t\t\t\t<div class=\"elementor-wrapper elementor-open-inline\">\n\t\t\t<div class=\"elementor-video\"><\/div>\t\t<\/div>\n\t\t\t\t<\/div>\n\t\t\t\t<\/div>\n\t\t\t\t<\/div>\n\t\t\t\t\t<\/div>\n\t\t\t\t<\/div>\n\t\t\t\t<\/div>\n\t\t","protected":false},"excerpt":{"rendered":"<p>Snabbguide H\u00e4r \u00e4r en snabbguide till hur t\u00e4vlingen g\u00e5r till och vad du som t\u00e4vlande beh\u00f6ver t\u00e4nka p\u00e5. T\u00e4vlingsformat Du ska putsa tre f\u00f6nster med m\u00e5tten 1143 x 1143 mm.Endast arrang\u00f6rens utrustning anv\u00e4nds: p\u00e5bl\u00f6tare (35 cm) och skrapa (30 cm), b\u00e5da med fasta handtag. \u00a0Blecken m\u00e5ste torkas \u2013 med p\u00e5bl\u00f6tare (ej mot glaset) eller med [&hellip;]<\/p>\n","protected":false},"author":21,"featured_media":0,"parent":0,"menu_order":0,"comment_status":"closed","ping_status":"closed","template":"elementor_header_footer","meta":{"_acf_changed":false,"footnotes":""},"acf":[],"_links":{"self":[{"href":"https:\/\/nmevents.se\/cleanmassan\/wp-json\/wp\/v2\/pages\/2386"}],"collection":[{"href":"https:\/\/nmevents.se\/cleanmassan\/wp-json\/wp\/v2\/pages"}],"about":[{"href":"https:\/\/nmevents.se\/cleanmassan\/wp-json\/wp\/v2\/types\/page"}],"author":[{"embeddable":true,"href":"https:\/\/nmevents.se\/cleanmassan\/wp-json\/wp\/v2\/users\/21"}],"replies":[{"embeddable":true,"href":"https:\/\/nmevents.se\/cleanmassan\/wp-json\/wp\/v2\/comments?post=2386"}],"version-history":[{"count":22,"href":"https:\/\/nmevents.se\/cleanmassan\/wp-json\/wp\/v2\/pages\/2386\/revisions"}],"predecessor-version":[{"id":2930,"href":"https:\/\/nmevents.se\/cleanmassan\/wp-json\/wp\/v2\/pages\/2386\/revisions\/2930"}],"wp:attachment":[{"href":"https:\/\/nmevents.se\/cleanmassan\/wp-json\/wp\/v2\/media?parent=2386"}],"curies":[{"name":"wp","href":"https:\/\/api.w.org\/{rel}","templated":true}]}}