{"id":456,"date":"2023-11-28T16:33:07","date_gmt":"2023-11-28T14:33:07","guid":{"rendered":"https:\/\/eventdk.nordiske-medier.dk\/clean-facility\/?page_id=456"},"modified":"2025-11-17T13:26:58","modified_gmt":"2025-11-17T12:26:58","slug":"tidningen-rent","status":"publish","type":"page","link":"https:\/\/nmevents.se\/cleanmassan\/om-oss\/tidningen-rent\/","title":{"rendered":"Tidningen Rent"},"content":{"rendered":"\t\t<div data-elementor-type=\"wp-page\" data-elementor-id=\"456\" class=\"elementor elementor-456\" data-elementor-post-type=\"page\">\n\t\t\t\t<div class=\"elementor-element elementor-element-289c15e e-flex e-con-boxed e-con e-parent\" data-id=\"289c15e\" data-element_type=\"container\" data-core-v316-plus=\"true\">\n\t\t\t\t\t<div class=\"e-con-inner\">\n\t\t\t\t<div class=\"elementor-element elementor-element-083bb00 elementor-widget elementor-widget-spacer\" data-id=\"083bb00\" data-element_type=\"widget\" data-widget_type=\"spacer.default\">\n\t\t\t\t<div class=\"elementor-widget-container\">\n\t\t\t<style>\/*! elementor - v3.20.0 - 20-03-2024 *\/\n.elementor-column .elementor-spacer-inner{height:var(--spacer-size)}.e-con{--container-widget-width:100%}.e-con-inner>.elementor-widget-spacer,.e-con>.elementor-widget-spacer{width:var(--container-widget-width,var(--spacer-size));--align-self:var(--container-widget-align-self,initial);--flex-shrink:0}.e-con-inner>.elementor-widget-spacer>.elementor-widget-container,.e-con>.elementor-widget-spacer>.elementor-widget-container{height:100%;width:100%}.e-con-inner>.elementor-widget-spacer>.elementor-widget-container>.elementor-spacer,.e-con>.elementor-widget-spacer>.elementor-widget-container>.elementor-spacer{height:100%}.e-con-inner>.elementor-widget-spacer>.elementor-widget-container>.elementor-spacer>.elementor-spacer-inner,.e-con>.elementor-widget-spacer>.elementor-widget-container>.elementor-spacer>.elementor-spacer-inner{height:var(--container-widget-height,var(--spacer-size))}.e-con-inner>.elementor-widget-spacer.elementor-widget-empty,.e-con>.elementor-widget-spacer.elementor-widget-empty{position:relative;min-height:22px;min-width:22px}.e-con-inner>.elementor-widget-spacer.elementor-widget-empty .elementor-widget-empty-icon,.e-con>.elementor-widget-spacer.elementor-widget-empty .elementor-widget-empty-icon{position:absolute;top:0;bottom:0;left:0;right:0;margin:auto;padding:0;width:22px;height:22px}<\/style>\t\t<div class=\"elementor-spacer\">\n\t\t\t<div class=\"elementor-spacer-inner\"><\/div>\n\t\t<\/div>\n\t\t\t\t<\/div>\n\t\t\t\t<\/div>\n\t\t\t\t\t<\/div>\n\t\t\t\t<\/div>\n\t\t<div class=\"elementor-element elementor-element-62f0018 e-flex e-con-boxed e-con e-parent\" data-id=\"62f0018\" data-element_type=\"container\" data-core-v316-plus=\"true\">\n\t\t\t\t\t<div class=\"e-con-inner\">\n\t\t<div class=\"elementor-element elementor-element-08e4f95 e-con-full e-flex e-con e-child\" data-id=\"08e4f95\" data-element_type=\"container\">\n\t\t\t\t<div class=\"elementor-element elementor-element-e4ced82 elementor-widget elementor-widget-heading\" data-id=\"e4ced82\" data-element_type=\"widget\" data-widget_type=\"heading.default\">\n\t\t\t\t<div class=\"elementor-widget-container\">\n\t\t\t<style>\/*! elementor - v3.20.0 - 20-03-2024 *\/\n.elementor-heading-title{padding:0;margin:0;line-height:1}.elementor-widget-heading .elementor-heading-title[class*=elementor-size-]>a{color:inherit;font-size:inherit;line-height:inherit}.elementor-widget-heading .elementor-heading-title.elementor-size-small{font-size:15px}.elementor-widget-heading .elementor-heading-title.elementor-size-medium{font-size:19px}.elementor-widget-heading .elementor-heading-title.elementor-size-large{font-size:29px}.elementor-widget-heading .elementor-heading-title.elementor-size-xl{font-size:39px}.elementor-widget-heading .elementor-heading-title.elementor-size-xxl{font-size:59px}<\/style><h2 class=\"elementor-heading-title elementor-size-default\">Rent \u2013 Sveriges och st\u00e4dbranschens enda oberoende tidning\n <\/h2>\t\t<\/div>\n\t\t\t\t<\/div>\n\t\t\t\t<div class=\"elementor-element elementor-element-048871a elementor-widget elementor-widget-text-editor\" data-id=\"048871a\" data-element_type=\"widget\" data-widget_type=\"text-editor.default\">\n\t\t\t\t<div class=\"elementor-widget-container\">\n\t\t\t<style>\/*! elementor - v3.20.0 - 20-03-2024 *\/\n.elementor-widget-text-editor.elementor-drop-cap-view-stacked .elementor-drop-cap{background-color:#69727d;color:#fff}.elementor-widget-text-editor.elementor-drop-cap-view-framed .elementor-drop-cap{color:#69727d;border:3px solid;background-color:transparent}.elementor-widget-text-editor:not(.elementor-drop-cap-view-default) .elementor-drop-cap{margin-top:8px}.elementor-widget-text-editor:not(.elementor-drop-cap-view-default) .elementor-drop-cap-letter{width:1em;height:1em}.elementor-widget-text-editor .elementor-drop-cap{float:left;text-align:center;line-height:1;font-size:50px}.elementor-widget-text-editor .elementor-drop-cap-letter{display:inline-block}<\/style>\t\t\t\t<p>Rent st\u00e5r som arrang\u00f6r bakom m\u00e4ssan och har i \u00f6ver 50 \u00e5r varit Sveriges och st\u00e4dbranschens <br \/>enda oberoende tidning. Hos Rent f\u00e5r du en seri\u00f6s, bred och oberoende bevakning av st\u00e4d-och <br \/>FM-branschen.<\/p><p>Vi rapporterar om de angel\u00e4gna nyheterna i branschen. Vi ber\u00e4ttar om sp\u00e4nnande personer, <br \/>f\u00f6retag och trender och om nya st\u00e4dmetoder, redskap, kem, lagar och arbetsmilj\u00f6.\u00a0<br \/><span style=\"text-align: var(--text-align);\">Tidningen<\/span><i style=\"text-align: var(--text-align);\">\u00a0<\/i><span style=\"text-align: var(--text-align);\">bevakar ocks\u00e5 n\u00e4rliggande omr\u00e5den som tv\u00e4tteri-, f\u00f6nsterputs- och saneringsbranscherna.\u00a0<\/span><\/p>\t\t\t\t\t\t<\/div>\n\t\t\t\t<\/div>\n\t\t\t\t<div class=\"elementor-element elementor-element-01f9b6c elementor-widget elementor-widget-text-editor\" data-id=\"01f9b6c\" data-element_type=\"widget\" data-widget_type=\"text-editor.default\">\n\t\t\t\t<div class=\"elementor-widget-container\">\n\t\t\t\t\t\t\t<p><strong>Kontakt Chefredakt\u00f6r<br \/><\/strong>Pernilla Hansson\u00a0<br \/>+46 (0) 73 682 53 97<br \/><a class=\"staff-member-email\" title=\"Email Pernilla Hansson\" href=\"mailto:pernilla.hansson@nordiskemedier.se\">pernilla.hansson@nordiskemedier.se<\/a><\/p>\t\t\t\t\t\t<\/div>\n\t\t\t\t<\/div>\n\t\t\t\t<div class=\"elementor-element elementor-element-527b39b elementor-mobile-align-left elementor-widget elementor-widget-button\" data-id=\"527b39b\" data-element_type=\"widget\" data-widget_type=\"button.default\">\n\t\t\t\t<div class=\"elementor-widget-container\">\n\t\t\t\t\t<div class=\"elementor-button-wrapper\">\n\t\t\t<a class=\"elementor-button elementor-button-link elementor-size-sm\" href=\"https:\/\/www.cleannet.se\/\" target=\"_blank\">\n\t\t\t\t\t\t<span class=\"elementor-button-content-wrapper\">\n\t\t\t\t\t\t<span class=\"elementor-button-text\">Webbsidan Rent<\/span>\n\t\t<\/span>\n\t\t\t\t\t<\/a>\n\t\t<\/div>\n\t\t\t\t<\/div>\n\t\t\t\t<\/div>\n\t\t\t\t<\/div>\n\t\t<div class=\"elementor-element elementor-element-a2202c1 e-con-full e-flex e-con e-child\" data-id=\"a2202c1\" data-element_type=\"container\">\n\t\t\t\t<div class=\"elementor-element elementor-element-fb447a2 elementor-widget elementor-widget-image\" data-id=\"fb447a2\" data-element_type=\"widget\" data-widget_type=\"image.default\">\n\t\t\t\t<div class=\"elementor-widget-container\">\n\t\t\t<style>\/*! elementor - v3.20.0 - 20-03-2024 *\/\n.elementor-widget-image{text-align:center}.elementor-widget-image a{display:inline-block}.elementor-widget-image a img[src$=\".svg\"]{width:48px}.elementor-widget-image img{vertical-align:middle;display:inline-block}<\/style>\t\t\t\t\t\t\t\t\t\t<img fetchpriority=\"high\" decoding=\"async\" width=\"1167\" height=\"1167\" src=\"https:\/\/nmevents.se\/cleanmassan\/wp-content\/uploads\/sites\/28\/2025\/01\/omslag.png\" class=\"attachment-full size-full wp-image-1528\" alt=\"\" srcset=\"https:\/\/nmevents.se\/cleanmassan\/wp-content\/uploads\/sites\/28\/2025\/01\/omslag.png 1167w, https:\/\/nmevents.se\/cleanmassan\/wp-content\/uploads\/sites\/28\/2025\/01\/omslag-300x300.png 300w, https:\/\/nmevents.se\/cleanmassan\/wp-content\/uploads\/sites\/28\/2025\/01\/omslag-1024x1024.png 1024w, https:\/\/nmevents.se\/cleanmassan\/wp-content\/uploads\/sites\/28\/2025\/01\/omslag-150x150.png 150w, https:\/\/nmevents.se\/cleanmassan\/wp-content\/uploads\/sites\/28\/2025\/01\/omslag-768x768.png 768w\" sizes=\"(max-width: 1167px) 100vw, 1167px\" \/>\t\t\t\t\t\t\t\t\t\t\t\t\t<\/div>\n\t\t\t\t<\/div>\n\t\t\t\t<\/div>\n\t\t\t\t\t<\/div>\n\t\t\t\t<\/div>\n\t\t\t\t<\/div>\n\t\t","protected":false},"excerpt":{"rendered":"<p>Rent \u2013 Sveriges och st\u00e4dbranschens enda oberoende tidning Rent st\u00e5r som arrang\u00f6r bakom m\u00e4ssan och har i \u00f6ver 50 \u00e5r varit Sveriges och st\u00e4dbranschens enda oberoende tidning. Hos Rent f\u00e5r du en seri\u00f6s, bred och oberoende bevakning av st\u00e4d-och FM-branschen. Vi rapporterar om de angel\u00e4gna nyheterna i branschen. Vi ber\u00e4ttar om sp\u00e4nnande personer, f\u00f6retag och [&hellip;]<\/p>\n","protected":false},"author":1,"featured_media":0,"parent":201,"menu_order":0,"comment_status":"closed","ping_status":"closed","template":"elementor_header_footer","meta":{"_acf_changed":false,"footnotes":""},"acf":[],"_links":{"self":[{"href":"https:\/\/nmevents.se\/cleanmassan\/wp-json\/wp\/v2\/pages\/456"}],"collection":[{"href":"https:\/\/nmevents.se\/cleanmassan\/wp-json\/wp\/v2\/pages"}],"about":[{"href":"https:\/\/nmevents.se\/cleanmassan\/wp-json\/wp\/v2\/types\/page"}],"author":[{"embeddable":true,"href":"https:\/\/nmevents.se\/cleanmassan\/wp-json\/wp\/v2\/users\/1"}],"replies":[{"embeddable":true,"href":"https:\/\/nmevents.se\/cleanmassan\/wp-json\/wp\/v2\/comments?post=456"}],"version-history":[{"count":69,"href":"https:\/\/nmevents.se\/cleanmassan\/wp-json\/wp\/v2\/pages\/456\/revisions"}],"predecessor-version":[{"id":3187,"href":"https:\/\/nmevents.se\/cleanmassan\/wp-json\/wp\/v2\/pages\/456\/revisions\/3187"}],"up":[{"embeddable":true,"href":"https:\/\/nmevents.se\/cleanmassan\/wp-json\/wp\/v2\/pages\/201"}],"wp:attachment":[{"href":"https:\/\/nmevents.se\/cleanmassan\/wp-json\/wp\/v2\/media?parent=456"}],"curies":[{"name":"wp","href":"https:\/\/api.w.org\/{rel}","templated":true}]}}