{"id":772,"date":"2024-02-27T10:51:15","date_gmt":"2024-02-27T09:51:15","guid":{"rendered":"https:\/\/nmevents.se\/cleanmassan\/?page_id=772"},"modified":"2025-01-24T08:45:18","modified_gmt":"2025-01-24T07:45:18","slug":"praktisk-information","status":"publish","type":"page","link":"https:\/\/nmevents.se\/cleanmassan\/praktisk-information\/","title":{"rendered":"Praktisk information"},"content":{"rendered":"\t\t<div data-elementor-type=\"wp-page\" data-elementor-id=\"772\" class=\"elementor elementor-772\" data-elementor-post-type=\"page\">\n\t\t\t\t<div class=\"elementor-element elementor-element-2a731a4 e-flex e-con-boxed e-con e-parent\" data-id=\"2a731a4\" data-element_type=\"container\" data-core-v316-plus=\"true\">\n\t\t\t\t\t<div class=\"e-con-inner\">\n\t\t\t\t<div class=\"elementor-element elementor-element-5f0df8b elementor-widget elementor-widget-spacer\" data-id=\"5f0df8b\" data-element_type=\"widget\" data-widget_type=\"spacer.default\">\n\t\t\t\t<div class=\"elementor-widget-container\">\n\t\t\t<style>\/*! elementor - v3.20.0 - 20-03-2024 *\/\n.elementor-column .elementor-spacer-inner{height:var(--spacer-size)}.e-con{--container-widget-width:100%}.e-con-inner>.elementor-widget-spacer,.e-con>.elementor-widget-spacer{width:var(--container-widget-width,var(--spacer-size));--align-self:var(--container-widget-align-self,initial);--flex-shrink:0}.e-con-inner>.elementor-widget-spacer>.elementor-widget-container,.e-con>.elementor-widget-spacer>.elementor-widget-container{height:100%;width:100%}.e-con-inner>.elementor-widget-spacer>.elementor-widget-container>.elementor-spacer,.e-con>.elementor-widget-spacer>.elementor-widget-container>.elementor-spacer{height:100%}.e-con-inner>.elementor-widget-spacer>.elementor-widget-container>.elementor-spacer>.elementor-spacer-inner,.e-con>.elementor-widget-spacer>.elementor-widget-container>.elementor-spacer>.elementor-spacer-inner{height:var(--container-widget-height,var(--spacer-size))}.e-con-inner>.elementor-widget-spacer.elementor-widget-empty,.e-con>.elementor-widget-spacer.elementor-widget-empty{position:relative;min-height:22px;min-width:22px}.e-con-inner>.elementor-widget-spacer.elementor-widget-empty .elementor-widget-empty-icon,.e-con>.elementor-widget-spacer.elementor-widget-empty .elementor-widget-empty-icon{position:absolute;top:0;bottom:0;left:0;right:0;margin:auto;padding:0;width:22px;height:22px}<\/style>\t\t<div class=\"elementor-spacer\">\n\t\t\t<div class=\"elementor-spacer-inner\"><\/div>\n\t\t<\/div>\n\t\t\t\t<\/div>\n\t\t\t\t<\/div>\n\t\t\t\t\t<\/div>\n\t\t\t\t<\/div>\n\t\t<div class=\"elementor-element elementor-element-d13364d e-flex e-con-boxed e-con e-parent\" data-id=\"d13364d\" data-element_type=\"container\" data-core-v316-plus=\"true\">\n\t\t\t\t\t<div class=\"e-con-inner\">\n\t\t<div class=\"elementor-element elementor-element-c950ddc e-con-full e-flex e-con e-child\" data-id=\"c950ddc\" data-element_type=\"container\">\n\t\t<div class=\"elementor-element elementor-element-21e5e67 e-con-full e-flex e-con e-child\" data-id=\"21e5e67\" data-element_type=\"container\">\n\t\t\t\t<div class=\"elementor-element elementor-element-bed8eca elementor-widget elementor-widget-text-editor\" data-id=\"bed8eca\" data-element_type=\"widget\" data-widget_type=\"text-editor.default\">\n\t\t\t\t<div class=\"elementor-widget-container\">\n\t\t\t<style>\/*! elementor - v3.20.0 - 20-03-2024 *\/\n.elementor-widget-text-editor.elementor-drop-cap-view-stacked .elementor-drop-cap{background-color:#69727d;color:#fff}.elementor-widget-text-editor.elementor-drop-cap-view-framed .elementor-drop-cap{color:#69727d;border:3px solid;background-color:transparent}.elementor-widget-text-editor:not(.elementor-drop-cap-view-default) .elementor-drop-cap{margin-top:8px}.elementor-widget-text-editor:not(.elementor-drop-cap-view-default) .elementor-drop-cap-letter{width:1em;height:1em}.elementor-widget-text-editor .elementor-drop-cap{float:left;text-align:center;line-height:1;font-size:50px}.elementor-widget-text-editor .elementor-drop-cap-letter{display:inline-block}<\/style>\t\t\t\t<p><strong>M\u00e4ssan \u00e4r kostnadsfri att bes\u00f6ka men gl\u00f6m inte att f\u00f6rregistrera ditt bes\u00f6k p\u00e5 www.cleanmassan.se.<\/strong><\/p>\t\t\t\t\t\t<\/div>\n\t\t\t\t<\/div>\n\t\t\t\t<div class=\"elementor-element elementor-element-2d22f36 elementor-widget elementor-widget-text-editor\" data-id=\"2d22f36\" data-element_type=\"widget\" data-widget_type=\"text-editor.default\">\n\t\t\t\t<div class=\"elementor-widget-container\">\n\t\t\t\t\t\t\t<p><strong>Datum:<\/strong> 19-20 november 2025\u200b<br \/><strong>M\u00e4ssan \u00f6ppettider: <\/strong>09:00-16:00<br \/><strong>Adress:<\/strong> Elmia m\u00e4ssan, Elmiav\u00e4gen 11, 554 54 J\u00f6nk\u00f6ping\u200b<\/p>\t\t\t\t\t\t<\/div>\n\t\t\t\t<\/div>\n\t\t\t\t<div class=\"elementor-element elementor-element-cae192b elementor-widget elementor-widget-text-editor\" data-id=\"cae192b\" data-element_type=\"widget\" data-widget_type=\"text-editor.default\">\n\t\t\t\t<div class=\"elementor-widget-container\">\n\t\t\t\t\t\t\t<p>Elmiam\u00e4ssan har ett utm\u00e4rkt l\u00e4ge i J\u00f6nk\u00f6ping, l\u00e4ttillg\u00e4ngligt f\u00f6r b\u00e5de bes\u00f6kare och utst\u00e4llare. M\u00e4ssan n\u00e5s enkelt med bil, t\u00e5g eller buss. Fr\u00e5n J\u00f6nk\u00f6ping Centralstation tar det endast n\u00e5gra minuter med taxi eller lokaltrafik till m\u00e4ssan. F\u00f6r den som kommer med t\u00e5g \u00e4r Elmiam\u00e4ssan en kort resa fr\u00e5n stationen, och f\u00f6r de som k\u00f6r bil finns goda v\u00e4gf\u00f6rbindelser fr\u00e5n b\u00e5de E4 och E6. Det finns gott om parkeringsplatser vid m\u00e4ssan, vilket g\u00f6r det enkelt att ta sig hit fr\u00e5n hela Sverige.<\/p>\t\t\t\t\t\t<\/div>\n\t\t\t\t<\/div>\n\t\t\t\t<div class=\"elementor-element elementor-element-2a6ad39 elementor-widget elementor-widget-spacer\" data-id=\"2a6ad39\" data-element_type=\"widget\" data-widget_type=\"spacer.default\">\n\t\t\t\t<div class=\"elementor-widget-container\">\n\t\t\t\t\t<div class=\"elementor-spacer\">\n\t\t\t<div class=\"elementor-spacer-inner\"><\/div>\n\t\t<\/div>\n\t\t\t\t<\/div>\n\t\t\t\t<\/div>\n\t\t\t\t<div class=\"elementor-element elementor-element-2fa1b79 elementor-widget elementor-widget-button\" data-id=\"2fa1b79\" data-element_type=\"widget\" data-widget_type=\"button.default\">\n\t\t\t\t<div class=\"elementor-widget-container\">\n\t\t\t\t\t<div class=\"elementor-button-wrapper\">\n\t\t\t<a class=\"elementor-button elementor-button-link elementor-size-sm\" href=\"http:\/\/www.elmia.se\/boende-och-resa\/\" target=\"_blank\">\n\t\t\t\t\t\t<span class=\"elementor-button-content-wrapper\">\n\t\t\t\t\t\t<span class=\"elementor-button-text\">F\u00f6r mer info om resa och boende<\/span>\n\t\t<\/span>\n\t\t\t\t\t<\/a>\n\t\t<\/div>\n\t\t\t\t<\/div>\n\t\t\t\t<\/div>\n\t\t\t\t<\/div>\n\t\t\t\t<\/div>\n\t\t<div class=\"elementor-element elementor-element-d11eada e-con-full e-flex e-con e-child\" data-id=\"d11eada\" data-element_type=\"container\">\n\t\t\t\t<div class=\"elementor-element elementor-element-d6316a5 elementor-widget elementor-widget-google_maps\" data-id=\"d6316a5\" data-element_type=\"widget\" data-widget_type=\"google_maps.default\">\n\t\t\t\t<div class=\"elementor-widget-container\">\n\t\t\t<style>\/*! elementor - v3.20.0 - 20-03-2024 *\/\n.elementor-widget-google_maps .elementor-widget-container{overflow:hidden}.elementor-widget-google_maps .elementor-custom-embed{line-height:0}.elementor-widget-google_maps iframe{height:300px}<\/style>\t\t<div class=\"elementor-custom-embed\">\n\t\t\t<iframe loading=\"lazy\"\n\t\t\t\t\tsrc=\"https:\/\/maps.google.com\/maps?q=Elmiav%C3%A4gen%2011%2C%20554%2054%20J%C3%B6nk%C3%B6ping&#038;t=m&#038;z=15&#038;output=embed&#038;iwloc=near\"\n\t\t\t\t\ttitle=\"Elmiav\u00e4gen 11, 554 54 J\u00f6nk\u00f6ping\"\n\t\t\t\t\taria-label=\"Elmiav\u00e4gen 11, 554 54 J\u00f6nk\u00f6ping\"\n\t\t\t><\/iframe>\n\t\t<\/div>\n\t\t\t\t<\/div>\n\t\t\t\t<\/div>\n\t\t\t\t<\/div>\n\t\t\t\t\t<\/div>\n\t\t\t\t<\/div>\n\t\t<div class=\"elementor-element elementor-element-ab28633 e-flex e-con-boxed e-con e-parent\" data-id=\"ab28633\" data-element_type=\"container\" data-core-v316-plus=\"true\">\n\t\t\t\t\t<div class=\"e-con-inner\">\n\t\t\t\t<div class=\"elementor-element elementor-element-bd6ff2e elementor-widget elementor-widget-spacer\" data-id=\"bd6ff2e\" data-element_type=\"widget\" data-widget_type=\"spacer.default\">\n\t\t\t\t<div class=\"elementor-widget-container\">\n\t\t\t\t\t<div class=\"elementor-spacer\">\n\t\t\t<div class=\"elementor-spacer-inner\"><\/div>\n\t\t<\/div>\n\t\t\t\t<\/div>\n\t\t\t\t<\/div>\n\t\t\t\t\t<\/div>\n\t\t\t\t<\/div>\n\t\t\t\t<\/div>\n\t\t","protected":false},"excerpt":{"rendered":"<p>M\u00e4ssan \u00e4r kostnadsfri att bes\u00f6ka men gl\u00f6m inte att f\u00f6rregistrera ditt bes\u00f6k p\u00e5 www.cleanmassan.se. Datum: 19-20 november 2025\u200bM\u00e4ssan \u00f6ppettider: 09:00-16:00Adress: Elmia m\u00e4ssan, Elmiav\u00e4gen 11, 554 54 J\u00f6nk\u00f6ping\u200b Elmiam\u00e4ssan har ett utm\u00e4rkt l\u00e4ge i J\u00f6nk\u00f6ping, l\u00e4ttillg\u00e4ngligt f\u00f6r b\u00e5de bes\u00f6kare och utst\u00e4llare. M\u00e4ssan n\u00e5s enkelt med bil, t\u00e5g eller buss. Fr\u00e5n J\u00f6nk\u00f6ping Centralstation tar det endast n\u00e5gra [&hellip;]<\/p>\n","protected":false},"author":3,"featured_media":0,"parent":0,"menu_order":0,"comment_status":"closed","ping_status":"closed","template":"","meta":{"_acf_changed":false,"footnotes":""},"acf":[],"_links":{"self":[{"href":"https:\/\/nmevents.se\/cleanmassan\/wp-json\/wp\/v2\/pages\/772"}],"collection":[{"href":"https:\/\/nmevents.se\/cleanmassan\/wp-json\/wp\/v2\/pages"}],"about":[{"href":"https:\/\/nmevents.se\/cleanmassan\/wp-json\/wp\/v2\/types\/page"}],"author":[{"embeddable":true,"href":"https:\/\/nmevents.se\/cleanmassan\/wp-json\/wp\/v2\/users\/3"}],"replies":[{"embeddable":true,"href":"https:\/\/nmevents.se\/cleanmassan\/wp-json\/wp\/v2\/comments?post=772"}],"version-history":[{"count":31,"href":"https:\/\/nmevents.se\/cleanmassan\/wp-json\/wp\/v2\/pages\/772\/revisions"}],"predecessor-version":[{"id":2219,"href":"https:\/\/nmevents.se\/cleanmassan\/wp-json\/wp\/v2\/pages\/772\/revisions\/2219"}],"wp:attachment":[{"href":"https:\/\/nmevents.se\/cleanmassan\/wp-json\/wp\/v2\/media?parent=772"}],"curies":[{"name":"wp","href":"https:\/\/api.w.org\/{rel}","templated":true}]}}