{"id":2695,"date":"2025-05-02T10:22:54","date_gmt":"2025-05-02T08:22:54","guid":{"rendered":"https:\/\/nmevents.se\/conveniencegalan22\/?page_id=2695"},"modified":"2025-11-12T11:03:34","modified_gmt":"2025-11-12T10:03:34","slug":"bli-partner","status":"publish","type":"page","link":"https:\/\/nmevents.se\/conveniencegalan\/bli-partner\/","title":{"rendered":"Bli partner"},"content":{"rendered":"\t\t<div data-elementor-type=\"wp-page\" data-elementor-id=\"2695\" class=\"elementor elementor-2695\" data-elementor-post-type=\"page\">\n\t\t\t\t<div class=\"elementor-element elementor-element-99cc6f2 e-flex e-con-boxed e-con e-parent\" data-id=\"99cc6f2\" data-element_type=\"container\" data-core-v316-plus=\"true\">\n\t\t\t\t\t<div class=\"e-con-inner\">\n\t\t\t\t<div class=\"elementor-element elementor-element-96ad1a4 elementor-widget elementor-widget-spacer\" data-id=\"96ad1a4\" data-element_type=\"widget\" data-widget_type=\"spacer.default\">\n\t\t\t\t<div class=\"elementor-widget-container\">\n\t\t\t<style>\/*! elementor - v3.20.0 - 20-03-2024 *\/\n.elementor-column .elementor-spacer-inner{height:var(--spacer-size)}.e-con{--container-widget-width:100%}.e-con-inner>.elementor-widget-spacer,.e-con>.elementor-widget-spacer{width:var(--container-widget-width,var(--spacer-size));--align-self:var(--container-widget-align-self,initial);--flex-shrink:0}.e-con-inner>.elementor-widget-spacer>.elementor-widget-container,.e-con>.elementor-widget-spacer>.elementor-widget-container{height:100%;width:100%}.e-con-inner>.elementor-widget-spacer>.elementor-widget-container>.elementor-spacer,.e-con>.elementor-widget-spacer>.elementor-widget-container>.elementor-spacer{height:100%}.e-con-inner>.elementor-widget-spacer>.elementor-widget-container>.elementor-spacer>.elementor-spacer-inner,.e-con>.elementor-widget-spacer>.elementor-widget-container>.elementor-spacer>.elementor-spacer-inner{height:var(--container-widget-height,var(--spacer-size))}.e-con-inner>.elementor-widget-spacer.elementor-widget-empty,.e-con>.elementor-widget-spacer.elementor-widget-empty{position:relative;min-height:22px;min-width:22px}.e-con-inner>.elementor-widget-spacer.elementor-widget-empty .elementor-widget-empty-icon,.e-con>.elementor-widget-spacer.elementor-widget-empty .elementor-widget-empty-icon{position:absolute;top:0;bottom:0;left:0;right:0;margin:auto;padding:0;width:22px;height:22px}<\/style>\t\t<div class=\"elementor-spacer\">\n\t\t\t<div class=\"elementor-spacer-inner\"><\/div>\n\t\t<\/div>\n\t\t\t\t<\/div>\n\t\t\t\t<\/div>\n\t\t\t\t\t<\/div>\n\t\t\t\t<\/div>\n\t\t<div class=\"elementor-element elementor-element-5241d38 e-flex e-con-boxed e-con e-parent\" data-id=\"5241d38\" data-element_type=\"container\" data-core-v316-plus=\"true\">\n\t\t\t\t\t<div class=\"e-con-inner\">\n\t\t<div class=\"elementor-element elementor-element-68a9325 e-con-full e-flex e-con e-child\" data-id=\"68a9325\" data-element_type=\"container\" data-settings=\"{&quot;background_background&quot;:&quot;gradient&quot;}\">\n\t\t\t\t<div class=\"elementor-element elementor-element-a967492 elementor-widget elementor-widget-text-editor\" data-id=\"a967492\" data-element_type=\"widget\" data-widget_type=\"text-editor.default\">\n\t\t\t\t<div class=\"elementor-widget-container\">\n\t\t\t<style>\/*! elementor - v3.20.0 - 20-03-2024 *\/\n.elementor-widget-text-editor.elementor-drop-cap-view-stacked .elementor-drop-cap{background-color:#69727d;color:#fff}.elementor-widget-text-editor.elementor-drop-cap-view-framed .elementor-drop-cap{color:#69727d;border:3px solid;background-color:transparent}.elementor-widget-text-editor:not(.elementor-drop-cap-view-default) .elementor-drop-cap{margin-top:8px}.elementor-widget-text-editor:not(.elementor-drop-cap-view-default) .elementor-drop-cap-letter{width:1em;height:1em}.elementor-widget-text-editor .elementor-drop-cap{float:left;text-align:center;line-height:1;font-size:50px}.elementor-widget-text-editor .elementor-drop-cap-letter{display:inline-block}<\/style>\t\t\t\t<p>Bli partner p\u00e5 <br \/>Conveniencegalan 2026<\/p>\t\t\t\t\t\t<\/div>\n\t\t\t\t<\/div>\n\t\t\t\t<div class=\"elementor-element elementor-element-9e3ac3b elementor-widget elementor-widget-text-editor\" data-id=\"9e3ac3b\" data-element_type=\"widget\" data-widget_type=\"text-editor.default\">\n\t\t\t\t<div class=\"elementor-widget-container\">\n\t\t\t\t\t\t\t<p>Conveniencegalan 2026 m\u00f6jligg\u00f6rs tack vare v\u00e5ra kategoripartners. De partners som st\u00e5r bakom och driver specifika kategorier f\u00e5r m\u00f6jlighet att positionera sig som experter inom sina omr\u00e5den.<\/p><p>Genom partnerskapet ges \u00e4ven chansen att \u00f6ka exponeringen av det egna varum\u00e4rket, vilket har ett h\u00f6gt PR-v\u00e4rde. V\u00e5ra partners kommer att synas i all kommunikation f\u00f6re, under och efter Conveniencegalan.<\/p><p><strong>L\u00e4s mer om v\u00e5ra olika partnerskap nedan.<\/strong><\/p>\t\t\t\t\t\t<\/div>\n\t\t\t\t<\/div>\n\t\t\t\t<div class=\"elementor-element elementor-element-09f3f23 elementor-widget elementor-widget-image\" data-id=\"09f3f23\" data-element_type=\"widget\" data-widget_type=\"image.default\">\n\t\t\t\t<div class=\"elementor-widget-container\">\n\t\t\t<style>\/*! elementor - v3.20.0 - 20-03-2024 *\/\n.elementor-widget-image{text-align:center}.elementor-widget-image a{display:inline-block}.elementor-widget-image a img[src$=\".svg\"]{width:48px}.elementor-widget-image img{vertical-align:middle;display:inline-block}<\/style>\t\t\t\t\t\t\t\t\t\t<img fetchpriority=\"high\" decoding=\"async\" width=\"800\" height=\"904\" src=\"https:\/\/nmevents.se\/conveniencegalan\/wp-content\/uploads\/sites\/71\/2025\/11\/Kristallpris_skugga-906x1024.png\" class=\"attachment-large size-large wp-image-4133\" alt=\"\" srcset=\"https:\/\/nmevents.se\/conveniencegalan\/wp-content\/uploads\/sites\/71\/2025\/11\/Kristallpris_skugga-906x1024.png 906w, https:\/\/nmevents.se\/conveniencegalan\/wp-content\/uploads\/sites\/71\/2025\/11\/Kristallpris_skugga-265x300.png 265w, https:\/\/nmevents.se\/conveniencegalan\/wp-content\/uploads\/sites\/71\/2025\/11\/Kristallpris_skugga-768x868.png 768w, https:\/\/nmevents.se\/conveniencegalan\/wp-content\/uploads\/sites\/71\/2025\/11\/Kristallpris_skugga-1359x1536.png 1359w, https:\/\/nmevents.se\/conveniencegalan\/wp-content\/uploads\/sites\/71\/2025\/11\/Kristallpris_skugga-1812x2048.png 1812w\" sizes=\"(max-width: 800px) 100vw, 800px\" \/>\t\t\t\t\t\t\t\t\t\t\t\t\t<\/div>\n\t\t\t\t<\/div>\n\t\t\t\t<\/div>\n\t\t<div class=\"elementor-element elementor-element-dfd9954 e-con-full e-flex e-con e-child\" data-id=\"dfd9954\" data-element_type=\"container\">\n\t\t\t\t<div class=\"elementor-element elementor-element-7d71c89 elementor-widget elementor-widget-text-editor\" data-id=\"7d71c89\" data-element_type=\"widget\" data-widget_type=\"text-editor.default\">\n\t\t\t\t<div class=\"elementor-widget-container\">\n\t\t\t\t\t\t\t<p>Partnerpaket och priser<\/p>\t\t\t\t\t\t<\/div>\n\t\t\t\t<\/div>\n\t\t\t\t<div class=\"elementor-element elementor-element-567d28a elementor-widget elementor-widget-text-editor\" data-id=\"567d28a\" data-element_type=\"widget\" data-widget_type=\"text-editor.default\">\n\t\t\t\t<div class=\"elementor-widget-container\">\n\t\t\t\t\t\t\t<p><strong>Kategori\u00e4garskap: 120 000<\/strong><\/p>\t\t\t\t\t\t<\/div>\n\t\t\t\t<\/div>\n\t\t\t\t<div class=\"elementor-element elementor-element-ac1ef68 elementor-widget elementor-widget-text-editor\" data-id=\"ac1ef68\" data-element_type=\"widget\" data-widget_type=\"text-editor.default\">\n\t\t\t\t<div class=\"elementor-widget-container\">\n\t\t\t\t\t\t\t<p><strong>I kategori\u00e4garskapet ing\u00e5r:<\/strong><\/p><ul><li>Logotype och utrymme p\u00e5 conveniencegalan.se<\/li><li>Landningssidan f\u00f6r Conveniencegalan<\/li><li>Partneremblem<\/li><li>Partnerfilm att anv\u00e4nda i sociala medier<\/li><li>Presentation p\u00e5 scen av kategori\u00e4garen i samband<br \/>med nomineringen och prisutdelningen<\/li><li>Plats i juryn f\u00f6r aktuell kategori<\/li><li>3 fribiljetter till galan.<\/li><li>1 fribiljett var till finalisterna<\/li><\/ul>\t\t\t\t\t\t<\/div>\n\t\t\t\t<\/div>\n\t\t\t\t<div class=\"elementor-element elementor-element-a231b31 elementor-widget-divider--view-line elementor-widget elementor-widget-divider\" data-id=\"a231b31\" data-element_type=\"widget\" data-widget_type=\"divider.default\">\n\t\t\t\t<div class=\"elementor-widget-container\">\n\t\t\t<style>\/*! elementor - v3.20.0 - 20-03-2024 *\/\n.elementor-widget-divider{--divider-border-style:none;--divider-border-width:1px;--divider-color:#0c0d0e;--divider-icon-size:20px;--divider-element-spacing:10px;--divider-pattern-height:24px;--divider-pattern-size:20px;--divider-pattern-url:none;--divider-pattern-repeat:repeat-x}.elementor-widget-divider .elementor-divider{display:flex}.elementor-widget-divider .elementor-divider__text{font-size:15px;line-height:1;max-width:95%}.elementor-widget-divider .elementor-divider__element{margin:0 var(--divider-element-spacing);flex-shrink:0}.elementor-widget-divider .elementor-icon{font-size:var(--divider-icon-size)}.elementor-widget-divider .elementor-divider-separator{display:flex;margin:0;direction:ltr}.elementor-widget-divider--view-line_icon .elementor-divider-separator,.elementor-widget-divider--view-line_text .elementor-divider-separator{align-items:center}.elementor-widget-divider--view-line_icon .elementor-divider-separator:after,.elementor-widget-divider--view-line_icon .elementor-divider-separator:before,.elementor-widget-divider--view-line_text .elementor-divider-separator:after,.elementor-widget-divider--view-line_text .elementor-divider-separator:before{display:block;content:\"\";border-block-end:0;flex-grow:1;border-block-start:var(--divider-border-width) var(--divider-border-style) var(--divider-color)}.elementor-widget-divider--element-align-left .elementor-divider .elementor-divider-separator>.elementor-divider__svg:first-of-type{flex-grow:0;flex-shrink:100}.elementor-widget-divider--element-align-left .elementor-divider-separator:before{content:none}.elementor-widget-divider--element-align-left .elementor-divider__element{margin-left:0}.elementor-widget-divider--element-align-right .elementor-divider .elementor-divider-separator>.elementor-divider__svg:last-of-type{flex-grow:0;flex-shrink:100}.elementor-widget-divider--element-align-right .elementor-divider-separator:after{content:none}.elementor-widget-divider--element-align-right .elementor-divider__element{margin-right:0}.elementor-widget-divider--element-align-start .elementor-divider .elementor-divider-separator>.elementor-divider__svg:first-of-type{flex-grow:0;flex-shrink:100}.elementor-widget-divider--element-align-start .elementor-divider-separator:before{content:none}.elementor-widget-divider--element-align-start .elementor-divider__element{margin-inline-start:0}.elementor-widget-divider--element-align-end .elementor-divider .elementor-divider-separator>.elementor-divider__svg:last-of-type{flex-grow:0;flex-shrink:100}.elementor-widget-divider--element-align-end .elementor-divider-separator:after{content:none}.elementor-widget-divider--element-align-end .elementor-divider__element{margin-inline-end:0}.elementor-widget-divider:not(.elementor-widget-divider--view-line_text):not(.elementor-widget-divider--view-line_icon) .elementor-divider-separator{border-block-start:var(--divider-border-width) var(--divider-border-style) var(--divider-color)}.elementor-widget-divider--separator-type-pattern{--divider-border-style:none}.elementor-widget-divider--separator-type-pattern.elementor-widget-divider--view-line .elementor-divider-separator,.elementor-widget-divider--separator-type-pattern:not(.elementor-widget-divider--view-line) .elementor-divider-separator:after,.elementor-widget-divider--separator-type-pattern:not(.elementor-widget-divider--view-line) .elementor-divider-separator:before,.elementor-widget-divider--separator-type-pattern:not([class*=elementor-widget-divider--view]) .elementor-divider-separator{width:100%;min-height:var(--divider-pattern-height);-webkit-mask-size:var(--divider-pattern-size) 100%;mask-size:var(--divider-pattern-size) 100%;-webkit-mask-repeat:var(--divider-pattern-repeat);mask-repeat:var(--divider-pattern-repeat);background-color:var(--divider-color);-webkit-mask-image:var(--divider-pattern-url);mask-image:var(--divider-pattern-url)}.elementor-widget-divider--no-spacing{--divider-pattern-size:auto}.elementor-widget-divider--bg-round{--divider-pattern-repeat:round}.rtl .elementor-widget-divider .elementor-divider__text{direction:rtl}.e-con-inner>.elementor-widget-divider,.e-con>.elementor-widget-divider{width:var(--container-widget-width,100%);--flex-grow:var(--container-widget-flex-grow)}<\/style>\t\t<div class=\"elementor-divider\">\n\t\t\t<span class=\"elementor-divider-separator\">\n\t\t\t\t\t\t<\/span>\n\t\t<\/div>\n\t\t\t\t<\/div>\n\t\t\t\t<\/div>\n\t\t\t\t<div class=\"elementor-element elementor-element-ba3e8c3 elementor-widget elementor-widget-text-editor\" data-id=\"ba3e8c3\" data-element_type=\"widget\" data-widget_type=\"text-editor.default\">\n\t\t\t\t<div class=\"elementor-widget-container\">\n\t\t\t\t\t\t\t<p><strong>Galasupporter: 19 500 SEK<\/strong><\/p>\t\t\t\t\t\t<\/div>\n\t\t\t\t<\/div>\n\t\t\t\t<div class=\"elementor-element elementor-element-baa944f elementor-widget elementor-widget-text-editor\" data-id=\"baa944f\" data-element_type=\"widget\" data-widget_type=\"text-editor.default\">\n\t\t\t\t<div class=\"elementor-widget-container\">\n\t\t\t\t\t\t\t<p><strong>Detta ing\u00e5r:<\/strong><\/p><ul><li>2 st deltagarplatser till Conveniencegalan Vasateatern <br \/>4 september (v\u00e4rde 4 190 kr)<\/li><li>Deltagarlista\/G\u00e4stlista fr\u00e5n eventen (namn och f\u00f6retag)<\/li><li>Logotyp i marknadsf\u00f6ring inf\u00f6r och efter eventet<\/li><li>Logotyp p\u00e5 storbildssk\u00e4rm under genomf\u00f6randet<\/li><li>Logotyp p\u00e5 fotov\u00e4gg p\u00e5 Conveniencegalan<\/li><li>Galasupporter-emblem att anv\u00e4nda i mailsignatur, <br \/>sociala medier etc<\/li><\/ul>\t\t\t\t\t\t<\/div>\n\t\t\t\t<\/div>\n\t\t\t\t<div class=\"elementor-element elementor-element-74afbd9 elementor-widget-divider--view-line elementor-widget elementor-widget-divider\" data-id=\"74afbd9\" data-element_type=\"widget\" data-widget_type=\"divider.default\">\n\t\t\t\t<div class=\"elementor-widget-container\">\n\t\t\t\t\t<div class=\"elementor-divider\">\n\t\t\t<span class=\"elementor-divider-separator\">\n\t\t\t\t\t\t<\/span>\n\t\t<\/div>\n\t\t\t\t<\/div>\n\t\t\t\t<\/div>\n\t\t\t\t<div class=\"elementor-element elementor-element-1701147 elementor-widget elementor-widget-text-editor\" data-id=\"1701147\" data-element_type=\"widget\" data-widget_type=\"text-editor.default\">\n\t\t\t\t<div class=\"elementor-widget-container\">\n\t\t\t\t\t\t\t<p><strong>\u00d6vriga paket:<\/strong><\/p>\t\t\t\t\t\t<\/div>\n\t\t\t\t<\/div>\n\t\t\t\t<div class=\"elementor-element elementor-element-3201fc7 elementor-widget elementor-widget-text-editor\" data-id=\"3201fc7\" data-element_type=\"widget\" data-widget_type=\"text-editor.default\">\n\t\t\t\t<div class=\"elementor-widget-container\">\n\t\t\t\t\t\t\t<ul><li>Medverkan i Goodiebags 11 500 SEK<\/li><li>Drinkpartner (Kontakta s\u00e4ljaren f\u00f6r offert)<\/li><li>Mingelpartner (Kontakta s\u00e4ljaren f\u00f6r offert)<\/li><\/ul>\t\t\t\t\t\t<\/div>\n\t\t\t\t<\/div>\n\t\t\t\t<\/div>\n\t\t\t\t\t<\/div>\n\t\t\t\t<\/div>\n\t\t<div class=\"elementor-element elementor-element-de33b7b e-flex e-con-boxed e-con e-parent\" data-id=\"de33b7b\" data-element_type=\"container\" data-core-v316-plus=\"true\">\n\t\t\t\t\t<div class=\"e-con-inner\">\n\t\t\t\t<div class=\"elementor-element elementor-element-43ca517 elementor-widget-divider--view-line elementor-widget elementor-widget-divider\" data-id=\"43ca517\" data-element_type=\"widget\" data-widget_type=\"divider.default\">\n\t\t\t\t<div class=\"elementor-widget-container\">\n\t\t\t\t\t<div class=\"elementor-divider\">\n\t\t\t<span class=\"elementor-divider-separator\">\n\t\t\t\t\t\t<\/span>\n\t\t<\/div>\n\t\t\t\t<\/div>\n\t\t\t\t<\/div>\n\t\t<div class=\"elementor-element elementor-element-15b9d71 e-flex e-con-boxed e-con e-child\" data-id=\"15b9d71\" data-element_type=\"container\">\n\t\t\t\t\t<div class=\"e-con-inner\">\n\t\t\t\t<div class=\"elementor-element elementor-element-855b2f9 elementor-widget elementor-widget-text-editor\" data-id=\"855b2f9\" data-element_type=\"widget\" data-widget_type=\"text-editor.default\">\n\t\t\t\t<div class=\"elementor-widget-container\">\n\t\t\t\t\t\t\t<p>F\u00f6r mer information om partnerskap, kontakta:<\/p>\t\t\t\t\t\t<\/div>\n\t\t\t\t<\/div>\n\t\t\t\t<div class=\"elementor-element elementor-element-68d7b78 elementor-widget elementor-widget-text-editor\" data-id=\"68d7b78\" data-element_type=\"widget\" data-widget_type=\"text-editor.default\">\n\t\t\t\t<div class=\"elementor-widget-container\">\n\t\t\t\t\t\t\t<p><strong>Hans Roos Af Hjelms\u00e4ter<br \/><\/strong>Sales Manager<br \/>+46 (0)73 682 53 98<br class=\"\" \/><a href=\"mailto:hansrafh@nordiskemedier.se\" target=\"_blank\" rel=\"noopener\">hansrafh@nordiskemedier.se<\/a><\/p>\t\t\t\t\t\t<\/div>\n\t\t\t\t<\/div>\n\t\t\t\t\t<\/div>\n\t\t\t\t<\/div>\n\t\t\t\t\t<\/div>\n\t\t\t\t<\/div>\n\t\t<div class=\"elementor-element elementor-element-6f6a6e7 e-flex e-con-boxed e-con e-parent\" data-id=\"6f6a6e7\" data-element_type=\"container\" data-core-v316-plus=\"true\">\n\t\t\t\t\t<div class=\"e-con-inner\">\n\t\t\t\t<div class=\"elementor-element elementor-element-010878a elementor-widget elementor-widget-spacer\" data-id=\"010878a\" data-element_type=\"widget\" data-widget_type=\"spacer.default\">\n\t\t\t\t<div class=\"elementor-widget-container\">\n\t\t\t\t\t<div class=\"elementor-spacer\">\n\t\t\t<div class=\"elementor-spacer-inner\"><\/div>\n\t\t<\/div>\n\t\t\t\t<\/div>\n\t\t\t\t<\/div>\n\t\t\t\t\t<\/div>\n\t\t\t\t<\/div>\n\t\t\t\t<\/div>\n\t\t","protected":false},"excerpt":{"rendered":"<p>Bli partner p\u00e5 Conveniencegalan 2026 Conveniencegalan 2026 m\u00f6jligg\u00f6rs tack vare v\u00e5ra kategoripartners. De partners som st\u00e5r bakom och driver specifika kategorier f\u00e5r m\u00f6jlighet att positionera sig som experter inom sina omr\u00e5den. Genom partnerskapet ges \u00e4ven chansen att \u00f6ka exponeringen av det egna varum\u00e4rket, vilket har ett h\u00f6gt PR-v\u00e4rde. V\u00e5ra partners kommer att synas i all [&hellip;]<\/p>\n","protected":false},"author":21,"featured_media":0,"parent":0,"menu_order":0,"comment_status":"closed","ping_status":"closed","template":"","meta":{"_acf_changed":false,"inline_featured_image":false,"footnotes":""},"acf":[],"_links":{"self":[{"href":"https:\/\/nmevents.se\/conveniencegalan\/wp-json\/wp\/v2\/pages\/2695"}],"collection":[{"href":"https:\/\/nmevents.se\/conveniencegalan\/wp-json\/wp\/v2\/pages"}],"about":[{"href":"https:\/\/nmevents.se\/conveniencegalan\/wp-json\/wp\/v2\/types\/page"}],"author":[{"embeddable":true,"href":"https:\/\/nmevents.se\/conveniencegalan\/wp-json\/wp\/v2\/users\/21"}],"replies":[{"embeddable":true,"href":"https:\/\/nmevents.se\/conveniencegalan\/wp-json\/wp\/v2\/comments?post=2695"}],"version-history":[{"count":85,"href":"https:\/\/nmevents.se\/conveniencegalan\/wp-json\/wp\/v2\/pages\/2695\/revisions"}],"predecessor-version":[{"id":4145,"href":"https:\/\/nmevents.se\/conveniencegalan\/wp-json\/wp\/v2\/pages\/2695\/revisions\/4145"}],"wp:attachment":[{"href":"https:\/\/nmevents.se\/conveniencegalan\/wp-json\/wp\/v2\/media?parent=2695"}],"curies":[{"name":"wp","href":"https:\/\/api.w.org\/{rel}","templated":true}]}}