{"id":201,"date":"2023-11-08T13:46:21","date_gmt":"2023-11-08T11:46:21","guid":{"rendered":"https:\/\/eventdk.nordiske-medier.dk\/atervinningsgalan\/?page_id=201"},"modified":"2025-01-20T14:53:29","modified_gmt":"2025-01-20T13:53:29","slug":"om-oss","status":"publish","type":"page","link":"https:\/\/nmevents.se\/dagligvarudagen\/om-oss\/","title":{"rendered":"Om oss"},"content":{"rendered":"\t\t<div data-elementor-type=\"wp-page\" data-elementor-id=\"201\" class=\"elementor elementor-201\" data-elementor-post-type=\"page\">\n\t\t\t\t<div class=\"elementor-element elementor-element-5f617e2 e-flex e-con-boxed e-con e-parent\" data-id=\"5f617e2\" data-element_type=\"container\" data-core-v316-plus=\"true\">\n\t\t\t\t\t<div class=\"e-con-inner\">\n\t\t\t\t<div class=\"elementor-element elementor-element-e348fe2 elementor-widget elementor-widget-spacer\" data-id=\"e348fe2\" data-element_type=\"widget\" data-widget_type=\"spacer.default\">\n\t\t\t\t<div class=\"elementor-widget-container\">\n\t\t\t<style>\/*! elementor - v3.20.0 - 20-03-2024 *\/\n.elementor-column .elementor-spacer-inner{height:var(--spacer-size)}.e-con{--container-widget-width:100%}.e-con-inner>.elementor-widget-spacer,.e-con>.elementor-widget-spacer{width:var(--container-widget-width,var(--spacer-size));--align-self:var(--container-widget-align-self,initial);--flex-shrink:0}.e-con-inner>.elementor-widget-spacer>.elementor-widget-container,.e-con>.elementor-widget-spacer>.elementor-widget-container{height:100%;width:100%}.e-con-inner>.elementor-widget-spacer>.elementor-widget-container>.elementor-spacer,.e-con>.elementor-widget-spacer>.elementor-widget-container>.elementor-spacer{height:100%}.e-con-inner>.elementor-widget-spacer>.elementor-widget-container>.elementor-spacer>.elementor-spacer-inner,.e-con>.elementor-widget-spacer>.elementor-widget-container>.elementor-spacer>.elementor-spacer-inner{height:var(--container-widget-height,var(--spacer-size))}.e-con-inner>.elementor-widget-spacer.elementor-widget-empty,.e-con>.elementor-widget-spacer.elementor-widget-empty{position:relative;min-height:22px;min-width:22px}.e-con-inner>.elementor-widget-spacer.elementor-widget-empty .elementor-widget-empty-icon,.e-con>.elementor-widget-spacer.elementor-widget-empty .elementor-widget-empty-icon{position:absolute;top:0;bottom:0;left:0;right:0;margin:auto;padding:0;width:22px;height:22px}<\/style>\t\t<div class=\"elementor-spacer\">\n\t\t\t<div class=\"elementor-spacer-inner\"><\/div>\n\t\t<\/div>\n\t\t\t\t<\/div>\n\t\t\t\t<\/div>\n\t\t\t\t\t<\/div>\n\t\t\t\t<\/div>\n\t\t<div class=\"elementor-element elementor-element-9bf97e1 e-flex e-con-boxed e-con e-parent\" data-id=\"9bf97e1\" data-element_type=\"container\" data-core-v316-plus=\"true\">\n\t\t\t\t\t<div class=\"e-con-inner\">\n\t\t<div class=\"elementor-element elementor-element-26e880f e-con-full e-flex e-con e-child\" data-id=\"26e880f\" data-element_type=\"container\">\n\t\t<div class=\"elementor-element elementor-element-1218ba9 e-con-full e-flex e-con e-child\" data-id=\"1218ba9\" data-element_type=\"container\">\n\t\t\t\t<div class=\"elementor-element elementor-element-db081b1 elementor-widget elementor-widget-heading\" data-id=\"db081b1\" data-element_type=\"widget\" data-widget_type=\"heading.default\">\n\t\t\t\t<div class=\"elementor-widget-container\">\n\t\t\t<style>\/*! elementor - v3.20.0 - 20-03-2024 *\/\n.elementor-heading-title{padding:0;margin:0;line-height:1}.elementor-widget-heading .elementor-heading-title[class*=elementor-size-]>a{color:inherit;font-size:inherit;line-height:inherit}.elementor-widget-heading .elementor-heading-title.elementor-size-small{font-size:15px}.elementor-widget-heading .elementor-heading-title.elementor-size-medium{font-size:19px}.elementor-widget-heading .elementor-heading-title.elementor-size-large{font-size:29px}.elementor-widget-heading .elementor-heading-title.elementor-size-xl{font-size:39px}.elementor-widget-heading .elementor-heading-title.elementor-size-xxl{font-size:59px}<\/style><h2 class=\"elementor-heading-title elementor-size-default\">Om Fri K\u00f6penskap<\/h2>\t\t<\/div>\n\t\t\t\t<\/div>\n\t\t\t\t<div class=\"elementor-element elementor-element-57f4328 elementor-widget elementor-widget-text-editor\" data-id=\"57f4328\" data-element_type=\"widget\" data-widget_type=\"text-editor.default\">\n\t\t\t\t<div class=\"elementor-widget-container\">\n\t\t\t<style>\/*! elementor - v3.20.0 - 20-03-2024 *\/\n.elementor-widget-text-editor.elementor-drop-cap-view-stacked .elementor-drop-cap{background-color:#69727d;color:#fff}.elementor-widget-text-editor.elementor-drop-cap-view-framed .elementor-drop-cap{color:#69727d;border:3px solid;background-color:transparent}.elementor-widget-text-editor:not(.elementor-drop-cap-view-default) .elementor-drop-cap{margin-top:8px}.elementor-widget-text-editor:not(.elementor-drop-cap-view-default) .elementor-drop-cap-letter{width:1em;height:1em}.elementor-widget-text-editor .elementor-drop-cap{float:left;text-align:center;line-height:1;font-size:50px}.elementor-widget-text-editor .elementor-drop-cap-letter{display:inline-block}<\/style>\t\t\t\t<p><span style=\"text-align: var(--text-align);\">Fri K\u00f6penskap \u00e4r dagligvaruhandelns oberoende B2B-tidning som bevakat branschen sedan 1943. I Fri K\u00f6penskap bevakas, granskas, analyseras och debatteras allt viktigt som h\u00e4nder inom dagligvarubranschen. L\u00e4sarna \u00e4r handlare och anst\u00e4llda i butiker samt beslutsfattare hos kedjorna, handelns organisationer, livsmedelsf\u00f6retagen och grossisterna.<\/span><\/p><p>Tidningen Fri K\u00f6penskap utkommer med omkring 30 utg\u00e5vor per \u00e5r. P\u00e5 n\u00e4tet n\u00e5r vi cirka 12 000 unika anv\u00e4ndare i veckan rakt in i m\u00e5lgruppen. Digitalt jobbar vi i n\u00e4ra samarbete med v\u00e5r systersajt Food Supply. Nyhetsbrev med h\u00f6g \u00f6ppningsfrekvens skickas ut alla vardagar till n\u00e4rmare 9 500 mottagare. Fri K\u00f6penskap \u00e4r ocks\u00e5 arrang\u00f6r av \u00e5rets st\u00f6rsta och viktigaste branschevent, Dagligvarugalan.<\/p>\t\t\t\t\t\t<\/div>\n\t\t\t\t<\/div>\n\t\t\t\t<div class=\"elementor-element elementor-element-6d0a915 elementor-widget elementor-widget-spacer\" data-id=\"6d0a915\" data-element_type=\"widget\" data-widget_type=\"spacer.default\">\n\t\t\t\t<div class=\"elementor-widget-container\">\n\t\t\t\t\t<div class=\"elementor-spacer\">\n\t\t\t<div class=\"elementor-spacer-inner\"><\/div>\n\t\t<\/div>\n\t\t\t\t<\/div>\n\t\t\t\t<\/div>\n\t\t\t\t<div class=\"elementor-element elementor-element-2b53e79 elementor-widget__width-initial elementor-widget elementor-widget-image\" data-id=\"2b53e79\" data-element_type=\"widget\" data-widget_type=\"image.default\">\n\t\t\t\t<div class=\"elementor-widget-container\">\n\t\t\t<style>\/*! elementor - v3.20.0 - 20-03-2024 *\/\n.elementor-widget-image{text-align:center}.elementor-widget-image a{display:inline-block}.elementor-widget-image a img[src$=\".svg\"]{width:48px}.elementor-widget-image img{vertical-align:middle;display:inline-block}<\/style>\t\t\t\t\t\t\t\t\t\t\t<a href=\"https:\/\/www.fri-kopenskap.se\/products\/subscription.html\" target=\"_blank\">\n\t\t\t\t\t\t\t<img decoding=\"async\" width=\"300\" height=\"69\" src=\"https:\/\/nmevents.se\/dagligvarudagen\/wp-content\/uploads\/sites\/12\/2025\/01\/Knappar-Pren-Fri-kopenskap-300x69.png\" class=\"attachment-medium size-medium wp-image-6214\" alt=\"\" srcset=\"https:\/\/nmevents.se\/dagligvarudagen\/wp-content\/uploads\/sites\/12\/2025\/01\/Knappar-Pren-Fri-kopenskap-300x69.png 300w, https:\/\/nmevents.se\/dagligvarudagen\/wp-content\/uploads\/sites\/12\/2025\/01\/Knappar-Pren-Fri-kopenskap-1024x235.png 1024w, https:\/\/nmevents.se\/dagligvarudagen\/wp-content\/uploads\/sites\/12\/2025\/01\/Knappar-Pren-Fri-kopenskap-768x176.png 768w, https:\/\/nmevents.se\/dagligvarudagen\/wp-content\/uploads\/sites\/12\/2025\/01\/Knappar-Pren-Fri-kopenskap-1536x352.png 1536w, https:\/\/nmevents.se\/dagligvarudagen\/wp-content\/uploads\/sites\/12\/2025\/01\/Knappar-Pren-Fri-kopenskap-2048x469.png 2048w\" sizes=\"(max-width: 300px) 100vw, 300px\" \/>\t\t\t\t\t\t\t\t<\/a>\n\t\t\t\t\t\t\t\t\t\t\t\t\t<\/div>\n\t\t\t\t<\/div>\n\t\t\t\t<\/div>\n\t\t\t\t<\/div>\n\t\t<div class=\"elementor-element elementor-element-57040bd e-con-full e-flex e-con e-child\" data-id=\"57040bd\" data-element_type=\"container\">\n\t\t\t\t<div class=\"elementor-element elementor-element-29ee579 elementor-widget elementor-widget-image\" data-id=\"29ee579\" data-element_type=\"widget\" data-widget_type=\"image.default\">\n\t\t\t\t<div class=\"elementor-widget-container\">\n\t\t\t\t\t\t\t\t\t\t\t\t\t<img fetchpriority=\"high\" decoding=\"async\" width=\"768\" height=\"620\" src=\"https:\/\/nmevents.se\/dagligvarudagen\/wp-content\/uploads\/sites\/12\/2024\/05\/Tidningar_FK-1-768x620.png\" class=\"attachment-medium_large size-medium_large wp-image-3294\" alt=\"\" srcset=\"https:\/\/nmevents.se\/dagligvarudagen\/wp-content\/uploads\/sites\/12\/2024\/05\/Tidningar_FK-1-768x620.png 768w, https:\/\/nmevents.se\/dagligvarudagen\/wp-content\/uploads\/sites\/12\/2024\/05\/Tidningar_FK-1-300x242.png 300w, https:\/\/nmevents.se\/dagligvarudagen\/wp-content\/uploads\/sites\/12\/2024\/05\/Tidningar_FK-1-1024x826.png 1024w, https:\/\/nmevents.se\/dagligvarudagen\/wp-content\/uploads\/sites\/12\/2024\/05\/Tidningar_FK-1-1536x1239.png 1536w, https:\/\/nmevents.se\/dagligvarudagen\/wp-content\/uploads\/sites\/12\/2024\/05\/Tidningar_FK-1.png 2048w\" sizes=\"(max-width: 768px) 100vw, 768px\" \/>\t\t\t\t\t\t\t\t\t\t\t\t\t<\/div>\n\t\t\t\t<\/div>\n\t\t\t\t<div class=\"elementor-element elementor-element-eacb493 elementor-widget elementor-widget-text-editor\" data-id=\"eacb493\" data-element_type=\"widget\" data-widget_type=\"text-editor.default\">\n\t\t\t\t<div class=\"elementor-widget-container\">\n\t\t\t\t\t\t\t<p><strong>Foto: Caroline Magn\u00e9li Holm<\/strong><\/p>\t\t\t\t\t\t<\/div>\n\t\t\t\t<\/div>\n\t\t\t\t<\/div>\n\t\t\t\t\t<\/div>\n\t\t\t\t<\/div>\n\t\t<div class=\"elementor-element elementor-element-72ffe7b e-flex e-con-boxed e-con e-parent\" data-id=\"72ffe7b\" data-element_type=\"container\" data-core-v316-plus=\"true\">\n\t\t\t\t\t<div class=\"e-con-inner\">\n\t\t\t\t<div class=\"elementor-element elementor-element-88e911f elementor-widget elementor-widget-spacer\" data-id=\"88e911f\" data-element_type=\"widget\" data-widget_type=\"spacer.default\">\n\t\t\t\t<div class=\"elementor-widget-container\">\n\t\t\t\t\t<div class=\"elementor-spacer\">\n\t\t\t<div class=\"elementor-spacer-inner\"><\/div>\n\t\t<\/div>\n\t\t\t\t<\/div>\n\t\t\t\t<\/div>\n\t\t\t\t\t<\/div>\n\t\t\t\t<\/div>\n\t\t<div class=\"elementor-element elementor-element-2a271a4 e-flex e-con-boxed e-con e-parent\" data-id=\"2a271a4\" data-element_type=\"container\" data-core-v316-plus=\"true\">\n\t\t\t\t\t<div class=\"e-con-inner\">\n\t\t<div class=\"elementor-element elementor-element-18f3f6b e-con-full e-flex e-con e-child\" data-id=\"18f3f6b\" data-element_type=\"container\">\n\t\t\t\t<div class=\"elementor-element elementor-element-1862245 elementor-widget elementor-widget-heading\" data-id=\"1862245\" data-element_type=\"widget\" data-widget_type=\"heading.default\">\n\t\t\t\t<div class=\"elementor-widget-container\">\n\t\t\t<h2 class=\"elementor-heading-title elementor-size-default\">Om Dagligvarudagen<\/h2>\t\t<\/div>\n\t\t\t\t<\/div>\n\t\t\t\t<div class=\"elementor-element elementor-element-562f9ca elementor-widget elementor-widget-text-editor\" data-id=\"562f9ca\" data-element_type=\"widget\" data-widget_type=\"text-editor.default\">\n\t\t\t\t<div class=\"elementor-widget-container\">\n\t\t\t\t\t\t\t<p>Vi startade med ett event i G\u00f6teborg 2022 i Dagligvarugalans namn och har sedan dess fortsatt att utveckla eventen.\u00a0 Branschen beh\u00f6ver fler platser att m\u00f6tas, n\u00e4tverka, inspireras, f\u00e5 ny kunskap och helt enkelt tr\u00e4ffa andra i branschen. Vi hoppas med dessa event kunna skapa dessa platser samtidigt som vi kopplar ihop eventen med Dagligvarugalan och regionsfinalerna i respektive stad.<\/p><p><span style=\"text-align: var(--text-align);\">Eventen best\u00e5r i dagsl\u00e4get av tre event d\u00e4r vi bjuder in talare fr\u00e5n branschen, samlar branschexperter i paneler f\u00f6r diskutera aktuella \u00e4mnen, vi har regionsfinaler i sex av v\u00e5ra kategorier p\u00e5 Dagligvarugalan och delar ocks\u00e5 ut pris i tv\u00e5 kategorier p\u00e5 Dagligvarudagen Svealand.<\/span><\/p><p><span style=\"text-align: var(--text-align);\">Vi ser fram emot ett inneh\u00e5llsrikt \u00e5r tillsammans med branschen!<\/span><\/p><p><span style=\"text-align: var(--text-align);\">Dagligvarudagen arrangeras av branschtidningen<strong> <a href=\"https:\/\/www.fri-kopenskap.se\/\" target=\"_blank\" rel=\"noopener\">Fri K\u00f6penskap.<\/a><\/strong><\/span><\/p>\t\t\t\t\t\t<\/div>\n\t\t\t\t<\/div>\n\t\t\t\t<div class=\"elementor-element elementor-element-368b479 elementor-widget elementor-widget-spacer\" data-id=\"368b479\" data-element_type=\"widget\" data-widget_type=\"spacer.default\">\n\t\t\t\t<div class=\"elementor-widget-container\">\n\t\t\t\t\t<div class=\"elementor-spacer\">\n\t\t\t<div class=\"elementor-spacer-inner\"><\/div>\n\t\t<\/div>\n\t\t\t\t<\/div>\n\t\t\t\t<\/div>\n\t\t\t\t<\/div>\n\t\t\t\t<div class=\"elementor-element elementor-element-ddb5674 elementor-widget elementor-widget-spacer\" data-id=\"ddb5674\" data-element_type=\"widget\" data-widget_type=\"spacer.default\">\n\t\t\t\t<div class=\"elementor-widget-container\">\n\t\t\t\t\t<div class=\"elementor-spacer\">\n\t\t\t<div class=\"elementor-spacer-inner\"><\/div>\n\t\t<\/div>\n\t\t\t\t<\/div>\n\t\t\t\t<\/div>\n\t\t<div class=\"elementor-element elementor-element-0257217 e-con-full e-flex e-con e-child\" data-id=\"0257217\" data-element_type=\"container\">\n\t\t\t\t<div class=\"elementor-element elementor-element-0d5f93c elementor-widget elementor-widget-image\" data-id=\"0d5f93c\" data-element_type=\"widget\" data-widget_type=\"image.default\">\n\t\t\t\t<div class=\"elementor-widget-container\">\n\t\t\t\t\t\t\t\t\t\t\t\t\t<img decoding=\"async\" width=\"800\" height=\"529\" src=\"https:\/\/nmevents.se\/dagligvarudagen\/wp-content\/uploads\/sites\/12\/2024\/04\/Gruppbild_FK-1024x677.jpg\" class=\"attachment-large size-large wp-image-3043\" alt=\"\" srcset=\"https:\/\/nmevents.se\/dagligvarudagen\/wp-content\/uploads\/sites\/12\/2024\/04\/Gruppbild_FK-1024x677.jpg 1024w, https:\/\/nmevents.se\/dagligvarudagen\/wp-content\/uploads\/sites\/12\/2024\/04\/Gruppbild_FK-300x198.jpg 300w, https:\/\/nmevents.se\/dagligvarudagen\/wp-content\/uploads\/sites\/12\/2024\/04\/Gruppbild_FK-768x508.jpg 768w, https:\/\/nmevents.se\/dagligvarudagen\/wp-content\/uploads\/sites\/12\/2024\/04\/Gruppbild_FK-1536x1015.jpg 1536w, https:\/\/nmevents.se\/dagligvarudagen\/wp-content\/uploads\/sites\/12\/2024\/04\/Gruppbild_FK.jpg 2000w\" sizes=\"(max-width: 800px) 100vw, 800px\" \/>\t\t\t\t\t\t\t\t\t\t\t\t\t<\/div>\n\t\t\t\t<\/div>\n\t\t\t\t<div class=\"elementor-element elementor-element-0b19db5 elementor-widget elementor-widget-text-editor\" data-id=\"0b19db5\" data-element_type=\"widget\" data-widget_type=\"text-editor.default\">\n\t\t\t\t<div class=\"elementor-widget-container\">\n\t\t\t\t\t\t\t<p><strong>Teamet p\u00e5 Fri K\u00f6penskap.<\/strong> Fr\u00e5n v\u00e4nster: Caroline Magn\u00e9li Holm, Projektledare event, Mona Johansson, Redaktionell chef, Jan Ahmadi, Reporter, Max Sundqvist, Mediechef, Joachim Bj\u00f6rk, Redaktionssekreterare, Johan Croon, Reporter, Hans Roos af Hjelms\u00e4ter, Key Account Manager och Mattias Larsson, Reporter.<br \/><br \/><strong>Foto: Evis Renander<\/strong><\/p>\t\t\t\t\t\t<\/div>\n\t\t\t\t<\/div>\n\t\t\t\t<\/div>\n\t\t\t\t\t<\/div>\n\t\t\t\t<\/div>\n\t\t\t\t<\/div>\n\t\t","protected":false},"excerpt":{"rendered":"<p>Om Fri K\u00f6penskap Fri K\u00f6penskap \u00e4r dagligvaruhandelns oberoende B2B-tidning som bevakat branschen sedan 1943. I Fri K\u00f6penskap bevakas, granskas, analyseras och debatteras allt viktigt som h\u00e4nder inom dagligvarubranschen. L\u00e4sarna \u00e4r handlare och anst\u00e4llda i butiker samt beslutsfattare hos kedjorna, handelns organisationer, livsmedelsf\u00f6retagen och grossisterna. Tidningen Fri K\u00f6penskap utkommer med omkring 30 utg\u00e5vor per \u00e5r. P\u00e5 [&hellip;]<\/p>\n","protected":false},"author":1,"featured_media":0,"parent":0,"menu_order":0,"comment_status":"closed","ping_status":"closed","template":"elementor_header_footer","meta":{"_acf_changed":false,"footnotes":""},"acf":[],"_links":{"self":[{"href":"https:\/\/nmevents.se\/dagligvarudagen\/wp-json\/wp\/v2\/pages\/201"}],"collection":[{"href":"https:\/\/nmevents.se\/dagligvarudagen\/wp-json\/wp\/v2\/pages"}],"about":[{"href":"https:\/\/nmevents.se\/dagligvarudagen\/wp-json\/wp\/v2\/types\/page"}],"author":[{"embeddable":true,"href":"https:\/\/nmevents.se\/dagligvarudagen\/wp-json\/wp\/v2\/users\/1"}],"replies":[{"embeddable":true,"href":"https:\/\/nmevents.se\/dagligvarudagen\/wp-json\/wp\/v2\/comments?post=201"}],"version-history":[{"count":180,"href":"https:\/\/nmevents.se\/dagligvarudagen\/wp-json\/wp\/v2\/pages\/201\/revisions"}],"predecessor-version":[{"id":6474,"href":"https:\/\/nmevents.se\/dagligvarudagen\/wp-json\/wp\/v2\/pages\/201\/revisions\/6474"}],"wp:attachment":[{"href":"https:\/\/nmevents.se\/dagligvarudagen\/wp-json\/wp\/v2\/media?parent=201"}],"curies":[{"name":"wp","href":"https:\/\/api.w.org\/{rel}","templated":true}]}}