{"id":1398,"date":"2024-01-12T16:53:03","date_gmt":"2024-01-12T15:53:03","guid":{"rendered":"https:\/\/eventdk.nordiske-medier.dk\/atervinningsgalan\/?page_id=1398"},"modified":"2024-07-04T10:37:08","modified_gmt":"2024-07-04T08:37:08","slug":"vinnare","status":"publish","type":"page","link":"https:\/\/nmevents.se\/dagligvarugalan\/kategoriermall\/vinnare\/","title":{"rendered":"Vinnare"},"content":{"rendered":"\t\t<div data-elementor-type=\"wp-page\" data-elementor-id=\"1398\" class=\"elementor elementor-1398\" data-elementor-post-type=\"page\">\n\t\t\t\t<div class=\"elementor-element elementor-element-9108454 e-flex e-con-boxed e-con e-parent\" data-id=\"9108454\" data-element_type=\"container\" data-core-v316-plus=\"true\">\n\t\t\t\t\t<div class=\"e-con-inner\">\n\t\t<div class=\"elementor-element elementor-element-49a696a e-con-full e-flex e-con e-child\" data-id=\"49a696a\" data-element_type=\"container\">\n\t\t\t\t<div class=\"elementor-element elementor-element-5136050 elementor-widget elementor-widget-heading\" data-id=\"5136050\" data-element_type=\"widget\" data-widget_type=\"heading.default\">\n\t\t\t\t<div class=\"elementor-widget-container\">\n\t\t\t<style>\/*! elementor - v3.20.0 - 20-03-2024 *\/\n.elementor-heading-title{padding:0;margin:0;line-height:1}.elementor-widget-heading .elementor-heading-title[class*=elementor-size-]>a{color:inherit;font-size:inherit;line-height:inherit}.elementor-widget-heading .elementor-heading-title.elementor-size-small{font-size:15px}.elementor-widget-heading .elementor-heading-title.elementor-size-medium{font-size:19px}.elementor-widget-heading .elementor-heading-title.elementor-size-large{font-size:29px}.elementor-widget-heading .elementor-heading-title.elementor-size-xl{font-size:39px}.elementor-widget-heading .elementor-heading-title.elementor-size-xxl{font-size:59px}<\/style><h1 class=\"elementor-heading-title elementor-size-default\">Vinnare<\/h1>\t\t<\/div>\n\t\t\t\t<\/div>\n\t\t\t\t<div class=\"elementor-element elementor-element-c13c984 elementor-widget elementor-widget-heading\" data-id=\"c13c984\" data-element_type=\"widget\" data-widget_type=\"heading.default\">\n\t\t\t\t<div class=\"elementor-widget-container\">\n\t\t\t<h1 class=\"elementor-heading-title elementor-size-default\">Se \u00e5rets vinnare:<\/h1>\t\t<\/div>\n\t\t\t\t<\/div>\n\t\t\t\t<\/div>\n\t\t\t\t\t<\/div>\n\t\t\t\t<\/div>\n\t\t<div class=\"elementor-element elementor-element-6e3a382 e-flex e-con-boxed e-con e-parent\" data-id=\"6e3a382\" data-element_type=\"container\" data-core-v316-plus=\"true\">\n\t\t\t\t\t<div class=\"e-con-inner\">\n\t\t\t\t<div class=\"elementor-element elementor-element-a087f99 elementor-widget__width-inherit elementor-widget elementor-widget-taxonomy-filter\" data-id=\"a087f99\" data-element_type=\"widget\" data-settings=\"{&quot;selected_element&quot;:&quot;ab72607&quot;,&quot;item_alignment_horizontal&quot;:&quot;stretch&quot;,&quot;item_alignment_horizontal_tablet&quot;:&quot;stretch&quot;,&quot;taxonomy&quot;:&quot;relation&quot;,&quot;horizontal_scroll&quot;:&quot;disable&quot;}\" data-widget_type=\"taxonomy-filter.default\">\n\t\t\t\t<div class=\"elementor-widget-container\">\n\t\t\t<style>\/*! elementor-pro - v3.18.0 - 20-12-2023 *\/\n.elementor-widget-taxonomy-filter{--e-filter-display:flex;--e-filter-direction:row;--e-filter-justify-content:center;--e-filter-wrap:wrap;--e-filter-align-items:center;--e-filter-item-width:initial;--e-filter-item-max-width:calc(100% - calc(var(--e-filter-item-padding)*3));--e-filter-item-justify-content:center;--e-filter-item-flex-grow:0;--e-filter-item-align-items:center;--e-filter-item-border-radius:initial;--e-filter-space-between:20px;--e-filter-normal-text-color:#69727d;--e-filter-active-text-color:#0c0d0e;--e-filter-hover-text-color:#0c0d0e;--e-filter-overflow-x:initial;--e-filter-white-space:nowrap;--e-filter-item-align-text:center;--e-filter-item-padding:8px;--e-filter-item-box-sizing:initial}.elementor-widget-taxonomy-filter .e-filter{display:var(--e-filter-display);flex-direction:var(--e-filter-direction);flex-shrink:0;justify-content:var(--e-filter-justify-content);align-items:var(--e-filter-align-items);gap:var(--e-filter-space-between);overflow-x:var(--e-filter-overflow-x);flex-wrap:var(--e-filter-wrap);-ms-overflow-style:none;scrollbar-width:none}.elementor-widget-taxonomy-filter .e-filter::-webkit-scrollbar{display:none}.elementor-widget-taxonomy-filter .e-filter.e-scroll{cursor:grabbing;cursor:-webkit-grabbing}.elementor-widget-taxonomy-filter .e-filter.e-scroll-active{position:relative}.elementor-widget-taxonomy-filter .e-filter.e-scroll-active:before{content:\"\";position:absolute;inset-block:0;inset-inline:-1000vw;z-index:2}.elementor-widget-taxonomy-filter .e-filter-item{all:unset;border:1px #69727d;border-radius:var(--e-filter-item-border-radius);line-height:normal;color:var(--e-filter-normal-text-color);padding:var(--e-filter-item-padding);display:var(--e-filter-display);justify-content:var(--e-filter-item-justify-content);align-items:var(--e-filter-item-align-items);flex-grow:var(--e-filter-item-flex-grow);flex-basis:content;flex-shrink:0;width:var(--e-filter-item-width);max-width:var(--e-filter-item-max-width);white-space:var(--e-filter-white-space);text-align:var(--e-filter-item-align-text);box-sizing:var(--e-filter-item-box-sizing);overflow-wrap:break-word;overflow:hidden}.elementor-widget-taxonomy-filter .e-filter-item[aria-pressed=true]{color:var(--e-filter-active-text-color);border-color:#0c0d0e}.elementor-widget-taxonomy-filter .e-filter-item:hover:not([aria-pressed=true]){color:var(--e-filter-hover-text-color);border-color:#0c0d0e}.elementor-widget-taxonomy-filter .e-filter-item:hover,.elementor-widget-taxonomy-filter .e-filter-item[aria-pressed=true]{background-color:initial}.elementor-widget-taxonomy-filter .e-filter-item[data-filter=__all]{order:-1}.elementor-widget-taxonomy-filter .e-filter-item:focus{background-color:initial;outline:none}.elementor-widget-taxonomy-filter .e-filter-item:focus-visible{outline:5px auto -webkit-focus-ring-color}.elementor-widget-taxonomy-filter .e-filter-empty{background-color:rgba(213,216,220,.8);color:#0c0d0e;text-align:center;font-size:1rem;padding:1rem 0}.elementor-widget-loop-grid .e-loop-item.e-inactive{display:none}<\/style>\t\t<search class=\"e-filter\" role=\"search\" data-base-url=\"https:\/\/nmevents.se\/dagligvarugalan\/\" data-page-num=\"1\">\n\t\t\t\t\t\t\t<button class=\"e-filter-item\" data-filter=\"arets-aggavdelning\" aria-pressed=\"false\">\u00c5rets \u00c4ggavdelning<\/button>\n\t\t\t\t\t\t\t<button class=\"e-filter-item\" data-filter=\"arets-asiatiska-avdelning\" aria-pressed=\"false\">\u00c5rets Asiatiska avdelning<\/button>\n\t\t\t\t\t\t\t<button class=\"e-filter-item\" data-filter=\"arets-brodavdelning\" aria-pressed=\"false\">\u00c5rets Br\u00f6davdelning<\/button>\n\t\t\t\t\t\t\t<button class=\"e-filter-item\" data-filter=\"arets-butik\" aria-pressed=\"false\">\u00c5rets Butik<\/button>\n\t\t\t\t\t\t\t<button class=\"e-filter-item\" data-filter=\"arets-delidisk\" aria-pressed=\"false\">\u00c5rets Delidisk<\/button>\n\t\t\t\t\t\t\t<button class=\"e-filter-item\" data-filter=\"arets-dryckesbutik\" aria-pressed=\"false\">\u00c5rets Dryckesbutik<\/button>\n\t\t\t\t\t\t\t<button class=\"e-filter-item\" data-filter=\"arets-ekoinsats\" aria-pressed=\"false\">\u00c5rets Ekoinsats<\/button>\n\t\t\t\t\t\t\t<button class=\"e-filter-item\" data-filter=\"arets-fiskavdelning\" aria-pressed=\"false\">\u00c5rets Fiskavdelning<\/button>\n\t\t\t\t\t\t\t<button class=\"e-filter-item\" data-filter=\"arets-frukt-grontavdelning\" aria-pressed=\"false\">\u00c5rets Frukt- &amp; Gr\u00f6nt avdelning<\/button>\n\t\t\t\t\t\t\t<button class=\"e-filter-item\" data-filter=\"arets-hembakningsbutik\" aria-pressed=\"false\">\u00c5rets Hembakningsbutik<\/button>\n\t\t\t\t\t\t\t<button class=\"e-filter-item\" data-filter=\"arets-kassazon\" aria-pressed=\"false\">\u00c5rets Kassazon<\/button>\n\t\t\t\t\t\t\t<button class=\"e-filter-item\" data-filter=\"arets-klippbutik\" aria-pressed=\"false\">\u00c5rets Klippbutik<\/button>\n\t\t\t\t\t\t\t<button class=\"e-filter-item\" data-filter=\"arets-leverantor\" aria-pressed=\"false\">\u00c5rets Leverant\u00f6r<\/button>\n\t\t\t\t\t\t\t<button class=\"e-filter-item\" data-filter=\"arets-mejeri-juiceavdelning\" aria-pressed=\"false\">\u00c5rets Mejeri- &amp; Juiceavdelning<\/button>\n\t\t\t\t\t\t\t<button class=\"e-filter-item\" data-filter=\"arets-ostavdelning\" aria-pressed=\"false\">\u00c5rets Ostavdelning<\/button>\n\t\t\t\n\t\t\t\t\t\t\t\t\t<button class=\"e-filter-item\" data-filter=\"__all\" aria-pressed=\"true\">\n\t\t\t\tAlla kategorier\t\t\t<\/button>\n\t\t\t\t\t<\/search>\n\t\t\t\t<\/div>\n\t\t\t\t<\/div>\n\t\t\t\t\t<\/div>\n\t\t\t\t<\/div>\n\t\t<div class=\"elementor-element elementor-element-3e47ab0 e-flex e-con-boxed e-con e-parent\" data-id=\"3e47ab0\" data-element_type=\"container\" data-core-v316-plus=\"true\">\n\t\t\t\t\t<div class=\"e-con-inner\">\n\t\t\t\t<div class=\"elementor-element elementor-element-ab72607 elementor-grid-1 elementor-grid-tablet-1 elementor-grid-mobile-1 elementor-widget elementor-widget-loop-grid\" data-id=\"ab72607\" data-element_type=\"widget\" data-settings=\"{&quot;template_id&quot;:&quot;1403&quot;,&quot;columns&quot;:1,&quot;columns_tablet&quot;:1,&quot;_skin&quot;:&quot;post&quot;,&quot;columns_mobile&quot;:&quot;1&quot;,&quot;edit_handle_selector&quot;:&quot;[data-elementor-type=\\&quot;loop-item\\&quot;]&quot;,&quot;row_gap&quot;:{&quot;unit&quot;:&quot;px&quot;,&quot;size&quot;:&quot;&quot;,&quot;sizes&quot;:[]},&quot;row_gap_tablet&quot;:{&quot;unit&quot;:&quot;px&quot;,&quot;size&quot;:&quot;&quot;,&quot;sizes&quot;:[]},&quot;row_gap_mobile&quot;:{&quot;unit&quot;:&quot;px&quot;,&quot;size&quot;:&quot;&quot;,&quot;sizes&quot;:[]}}\" data-widget_type=\"loop-grid.post\">\n\t\t\t\t<div class=\"elementor-widget-container\">\n\t\t\t<link rel=\"stylesheet\" href=\"https:\/\/nmevents.se\/dagligvarugalan\/wp-content\/plugins\/elementor-pro\/assets\/css\/widget-loop-builder.min.css\">\t\t<div class=\"elementor-loop-container elementor-grid\">\n\t\t<style id=\"loop-1403\">.elementor-1403 .elementor-element.elementor-element-a76d282{--display:flex;--flex-direction:column;--container-widget-width:100%;--container-widget-height:initial;--container-widget-flex-grow:0;--container-widget-align-self:initial;--background-transition:0.3s;border-style:solid;--border-style:solid;border-width:2px 2px 2px 2px;--border-block-start-width:2px;--border-inline-end-width:2px;--border-block-end-width:2px;--border-inline-start-width:2px;--border-radius:15px 15px 15px 15px;--margin-block-start:0px;--margin-block-end:0px;--margin-inline-start:0px;--margin-inline-end:0px;--padding-block-start:30px;--padding-block-end:30px;--padding-inline-start:30px;--padding-inline-end:30px;}.elementor-1403 .elementor-element.elementor-element-a76d282, .elementor-1403 .elementor-element.elementor-element-a76d282::before{--border-transition:0.3s;}.elementor-1403 .elementor-element.elementor-element-8bb69e3{--display:flex;--flex-direction:row;--container-widget-width:initial;--container-widget-height:100%;--container-widget-flex-grow:1;--container-widget-align-self:stretch;--background-transition:0.3s;--padding-block-start:0px;--padding-block-end:0px;--padding-inline-start:0px;--padding-inline-end:0px;}.elementor-1403 .elementor-element.elementor-element-6272e6b{--display:flex;--background-transition:0.3s;}.elementor-1403 .elementor-element.elementor-element-6272e6b.e-con{--flex-grow:0;--flex-shrink:0;}.elementor-1403 .elementor-element.elementor-element-fa0b77d .elementor-heading-title{color:#1B1B1B;font-family:\"Inter\", Sans-serif;font-size:24px;font-weight:600;}.elementor-1403 .elementor-element.elementor-element-4c96965{color:#000000;font-family:\"Lato\", Sans-serif;font-size:16px;font-weight:400;}.elementor-1403 .elementor-element.elementor-element-555d845{--display:flex;--justify-content:center;--background-transition:0.3s;}.elementor-1403 .elementor-element.elementor-element-266d589 img{width:100%;border-radius:0px 0px 0px 0px;}.elementor-1403 .elementor-element.elementor-element-b942b31{--display:flex;--background-transition:0.3s;}@media(max-width:1024px){.elementor-1403 .elementor-element.elementor-element-a76d282{--margin-block-start:25px;--margin-block-end:0px;--margin-inline-start:0px;--margin-inline-end:0px;--padding-block-start:20px;--padding-block-end:20px;--padding-inline-start:20px;--padding-inline-end:20px;}.elementor-1403 .elementor-element.elementor-element-266d589 img{width:80%;}}@media(min-width:768px){.elementor-1403 .elementor-element.elementor-element-a76d282{--content-width:1460px;}.elementor-1403 .elementor-element.elementor-element-6272e6b{--width:59.16%;}.elementor-1403 .elementor-element.elementor-element-b942b31{--content-width:1120px;}}@media(max-width:767px){.elementor-1403 .elementor-element.elementor-element-a76d282{--gap:5px 5px;--margin-block-start:25px;--margin-block-end:0px;--margin-inline-start:0px;--margin-inline-end:0px;--padding-block-start:20px;--padding-block-end:20px;--padding-inline-start:20px;--padding-inline-end:20px;}.elementor-1403 .elementor-element.elementor-element-266d589 img{width:100%;}}<\/style>\t\t<div data-elementor-type=\"loop-item\" data-elementor-id=\"1403\" class=\"elementor elementor-1403 e-loop-item e-loop-item-3659 post-3659 kategori type-kategori status-publish format-standard hentry\" data-elementor-post-type=\"elementor_library\" data-custom-edit-handle=\"1\">\n\t\t\t\t\t<div class=\"elementor-section-wrap\">\n\t\t\t\t\t\t<div class=\"elementor-element elementor-element-a76d282 e-flex e-con-boxed e-con e-parent\" data-id=\"a76d282\" data-element_type=\"container\" id=\"\u00c5rets Butik presenteras av Strongpoint\" data-core-v316-plus=\"true\">\n\t\t\t\t\t<div class=\"e-con-inner\">\n\t\t<div class=\"elementor-element elementor-element-8bb69e3 e-flex e-con-boxed e-con e-child\" data-id=\"8bb69e3\" data-element_type=\"container\">\n\t\t\t\t\t<div class=\"e-con-inner\">\n\t\t<div class=\"elementor-element elementor-element-6272e6b e-con-full e-flex e-con e-child\" data-id=\"6272e6b\" data-element_type=\"container\">\n\t\t\t\t<div class=\"elementor-element elementor-element-fa0b77d elementor-widget elementor-widget-heading\" data-id=\"fa0b77d\" data-element_type=\"widget\" data-widget_type=\"heading.default\">\n\t\t\t\t<div class=\"elementor-widget-container\">\n\t\t\t<h2 class=\"elementor-heading-title elementor-size-default\">\u00c5rets Butik presenteras av Strongpoint<\/h2>\t\t<\/div>\n\t\t\t\t<\/div>\n\t\t\t\t<div class=\"elementor-element elementor-element-4c96965 elementor-widget elementor-widget-text-editor\" data-id=\"4c96965\" data-element_type=\"widget\" data-widget_type=\"text-editor.default\">\n\t\t\t\t<div class=\"elementor-widget-container\">\n\t\t\t<style>\/*! elementor - v3.20.0 - 20-03-2024 *\/\n.elementor-widget-text-editor.elementor-drop-cap-view-stacked .elementor-drop-cap{background-color:#69727d;color:#fff}.elementor-widget-text-editor.elementor-drop-cap-view-framed .elementor-drop-cap{color:#69727d;border:3px solid;background-color:transparent}.elementor-widget-text-editor:not(.elementor-drop-cap-view-default) .elementor-drop-cap{margin-top:8px}.elementor-widget-text-editor:not(.elementor-drop-cap-view-default) .elementor-drop-cap-letter{width:1em;height:1em}.elementor-widget-text-editor .elementor-drop-cap{float:left;text-align:center;line-height:1;font-size:50px}.elementor-widget-text-editor .elementor-drop-cap-letter{display:inline-block}<\/style>\t\t\t\t\u00c5rets Butik har skapat l\u00f6nsamhet \u00f6ver tid genom att kombinera matgl\u00e4dje, nyt\u00e4nkande och aff\u00e4rsk\u00e4nsla. \u00c5rets Butik ska ha funnits i minst tv\u00e5 \u00e5r och vara en destination v\u00e4rd en omv\u00e4g.\r\n\r\nJuryn kommer att s\u00e4rskilt titta p\u00e5 f\u00f6ljande kriterier:\r\n\r\n\u00adMatgl\u00e4dje och k\u00f6pupplevelse\r\nTillv\u00e4xtorientering\r\nInnovationsgrad\r\nDrift och helhet\r\nH\u00e5llbarhet\r\nButikens roll p\u00e5 sin marknad\r\nJury:\r\n\r\nMagnus Ros\u00e9n  (Strongpoint) , Johan Kaij (Retailstrateg\/Grundare, Circel), Joakim Bengtsson (ansvarig f\u00f6r Mat &amp; N\u00e4rmarknad, Ica), Johan Dahl (Aff\u00e4rsutvecklingschef, Hemk\u00f6p), Magnus W\u00e5hlander (Vd, Coop Mitt), Frida \u00c5kerlund (Partner, COO, Retail Academics).\r\n\r\nJuryordf\u00f6rande Mona Johansson (Chefredakt\u00f6r, Fri K\u00f6penskap)\t\t\t\t\t\t<\/div>\n\t\t\t\t<\/div>\n\t\t\t\t<\/div>\n\t\t<div class=\"elementor-element elementor-element-555d845 e-flex e-con-boxed e-con e-child\" data-id=\"555d845\" data-element_type=\"container\">\n\t\t\t\t\t<div class=\"e-con-inner\">\n\t\t\t\t<div class=\"elementor-element elementor-element-266d589 elementor-widget elementor-widget-image\" data-id=\"266d589\" data-element_type=\"widget\" data-widget_type=\"image.default\">\n\t\t\t\t<div class=\"elementor-widget-container\">\n\t\t\t<style>\/*! elementor - v3.20.0 - 20-03-2024 *\/\n.elementor-widget-image{text-align:center}.elementor-widget-image a{display:inline-block}.elementor-widget-image a img[src$=\".svg\"]{width:48px}.elementor-widget-image img{vertical-align:middle;display:inline-block}<\/style>\t\t\t\t\t\t\t\t\t\t<img fetchpriority=\"high\" decoding=\"async\" width=\"2021\" height=\"2049\" src=\"https:\/\/nmevents.se\/dagligvarugalan\/wp-content\/uploads\/sites\/70\/2025\/05\/Partneremblem-Kategori-2025_Butik-1.png\" class=\"attachment-full size-full wp-image-3660\" alt=\"\" \/>\t\t\t\t\t\t\t\t\t\t\t\t\t<\/div>\n\t\t\t\t<\/div>\n\t\t\t\t\t<\/div>\n\t\t\t\t<\/div>\n\t\t\t\t\t<\/div>\n\t\t\t\t<\/div>\n\t\t<div class=\"elementor-element elementor-element-b942b31 e-flex e-con-boxed e-con e-child\" data-id=\"b942b31\" data-element_type=\"container\">\n\t\t\t\t\t<div class=\"e-con-inner\">\n\t\t\t\t<div class=\"elementor-element elementor-element-506a396 elementor-widget elementor-widget-shortcode\" data-id=\"506a396\" data-element_type=\"widget\" data-widget_type=\"shortcode.default\">\n\t\t\t\t<div class=\"elementor-widget-container\">\n\t\t\t\t\t<div class=\"elementor-shortcode\"><\/div>\n\t\t\t\t<\/div>\n\t\t\t\t<\/div>\n\t\t\t\t\t<\/div>\n\t\t\t\t<\/div>\n\t\t\t\t\t<\/div>\n\t\t\t\t<\/div>\n\t\t\t\t\t\t\t<\/div>\n\t\t\t\t<\/div>\n\t\t\t\t<\/div>\n\t\t\n\t\t\t\t<\/div>\n\t\t\t\t<\/div>\n\t\t\t\t\t<\/div>\n\t\t\t\t<\/div>\n\t\t\t\t<\/div>\n\t\t","protected":false},"excerpt":{"rendered":"<p>Se \u00e5rets vinnare: \u00c5rets \u00c5teranv\u00e4ndare \u00c5rets \u00c5tervinningsinspirat\u00f6r \u00c5rets cirkul\u00e4ra bygginitiativ \u00c5rets Cirkul\u00e4ra Initiativ \u00c5rets F\u00f6rebyggare \u00c5rets Innovat\u00f6r inom Avfall &#038; \u00c5tervinning Alla kategorier<\/p>\n","protected":false},"author":1,"featured_media":0,"parent":689,"menu_order":0,"comment_status":"closed","ping_status":"closed","template":"elementor_header_footer","meta":{"_acf_changed":false,"inline_featured_image":false,"footnotes":""},"acf":[],"_links":{"self":[{"href":"https:\/\/nmevents.se\/dagligvarugalan\/wp-json\/wp\/v2\/pages\/1398"}],"collection":[{"href":"https:\/\/nmevents.se\/dagligvarugalan\/wp-json\/wp\/v2\/pages"}],"about":[{"href":"https:\/\/nmevents.se\/dagligvarugalan\/wp-json\/wp\/v2\/types\/page"}],"author":[{"embeddable":true,"href":"https:\/\/nmevents.se\/dagligvarugalan\/wp-json\/wp\/v2\/users\/1"}],"replies":[{"embeddable":true,"href":"https:\/\/nmevents.se\/dagligvarugalan\/wp-json\/wp\/v2\/comments?post=1398"}],"version-history":[{"count":25,"href":"https:\/\/nmevents.se\/dagligvarugalan\/wp-json\/wp\/v2\/pages\/1398\/revisions"}],"predecessor-version":[{"id":2103,"href":"https:\/\/nmevents.se\/dagligvarugalan\/wp-json\/wp\/v2\/pages\/1398\/revisions\/2103"}],"up":[{"embeddable":true,"href":"https:\/\/nmevents.se\/dagligvarugalan\/wp-json\/wp\/v2\/pages\/689"}],"wp:attachment":[{"href":"https:\/\/nmevents.se\/dagligvarugalan\/wp-json\/wp\/v2\/media?parent=1398"}],"curies":[{"name":"wp","href":"https:\/\/api.w.org\/{rel}","templated":true}]}}