{"id":17,"date":"2023-11-06T11:17:16","date_gmt":"2023-11-06T11:17:16","guid":{"rendered":"https:\/\/eventdk.nordiske-medier.dk\/?page_id=17"},"modified":"2026-01-15T16:52:43","modified_gmt":"2026-01-15T15:52:43","slug":"kontakt","status":"publish","type":"page","link":"https:\/\/nmevents.se\/dagligvarugalan\/kontakt\/","title":{"rendered":"Kontakt"},"content":{"rendered":"\t\t<div data-elementor-type=\"wp-page\" data-elementor-id=\"17\" class=\"elementor elementor-17\" data-elementor-post-type=\"page\">\n\t\t\t\t<div class=\"elementor-element elementor-element-2a5d0ef e-flex e-con-boxed e-con e-parent\" data-id=\"2a5d0ef\" data-element_type=\"container\" data-core-v316-plus=\"true\">\n\t\t\t\t\t<div class=\"e-con-inner\">\n\t\t\t\t<div class=\"elementor-element elementor-element-4687767 elementor-widget elementor-widget-spacer\" data-id=\"4687767\" data-element_type=\"widget\" data-widget_type=\"spacer.default\">\n\t\t\t\t<div class=\"elementor-widget-container\">\n\t\t\t<style>\/*! elementor - v3.20.0 - 20-03-2024 *\/\n.elementor-column .elementor-spacer-inner{height:var(--spacer-size)}.e-con{--container-widget-width:100%}.e-con-inner>.elementor-widget-spacer,.e-con>.elementor-widget-spacer{width:var(--container-widget-width,var(--spacer-size));--align-self:var(--container-widget-align-self,initial);--flex-shrink:0}.e-con-inner>.elementor-widget-spacer>.elementor-widget-container,.e-con>.elementor-widget-spacer>.elementor-widget-container{height:100%;width:100%}.e-con-inner>.elementor-widget-spacer>.elementor-widget-container>.elementor-spacer,.e-con>.elementor-widget-spacer>.elementor-widget-container>.elementor-spacer{height:100%}.e-con-inner>.elementor-widget-spacer>.elementor-widget-container>.elementor-spacer>.elementor-spacer-inner,.e-con>.elementor-widget-spacer>.elementor-widget-container>.elementor-spacer>.elementor-spacer-inner{height:var(--container-widget-height,var(--spacer-size))}.e-con-inner>.elementor-widget-spacer.elementor-widget-empty,.e-con>.elementor-widget-spacer.elementor-widget-empty{position:relative;min-height:22px;min-width:22px}.e-con-inner>.elementor-widget-spacer.elementor-widget-empty .elementor-widget-empty-icon,.e-con>.elementor-widget-spacer.elementor-widget-empty .elementor-widget-empty-icon{position:absolute;top:0;bottom:0;left:0;right:0;margin:auto;padding:0;width:22px;height:22px}<\/style>\t\t<div class=\"elementor-spacer\">\n\t\t\t<div class=\"elementor-spacer-inner\"><\/div>\n\t\t<\/div>\n\t\t\t\t<\/div>\n\t\t\t\t<\/div>\n\t\t\t\t\t<\/div>\n\t\t\t\t<\/div>\n\t\t<div class=\"elementor-element elementor-element-dfb21bc e-flex e-con-boxed e-con e-parent\" data-id=\"dfb21bc\" data-element_type=\"container\" data-core-v316-plus=\"true\">\n\t\t\t\t\t<div class=\"e-con-inner\">\n\t\t<div class=\"elementor-element elementor-element-0a44d9e e-con-full e-flex e-con e-child\" data-id=\"0a44d9e\" data-element_type=\"container\">\n\t\t\t\t<div class=\"elementor-element elementor-element-da44281 elementor-widget elementor-widget-image\" data-id=\"da44281\" data-element_type=\"widget\" data-widget_type=\"image.default\">\n\t\t\t\t<div class=\"elementor-widget-container\">\n\t\t\t<style>\/*! elementor - v3.20.0 - 20-03-2024 *\/\n.elementor-widget-image{text-align:center}.elementor-widget-image a{display:inline-block}.elementor-widget-image a img[src$=\".svg\"]{width:48px}.elementor-widget-image img{vertical-align:middle;display:inline-block}<\/style>\t\t\t\t\t\t\t\t\t\t<img fetchpriority=\"high\" decoding=\"async\" width=\"768\" height=\"768\" src=\"https:\/\/nmevents.se\/dagligvarugalan\/wp-content\/uploads\/sites\/70\/2025\/05\/Foton-kontakt_runda_Carro-768x768.png\" class=\"attachment-medium_large size-medium_large wp-image-3292\" alt=\"\" srcset=\"https:\/\/nmevents.se\/dagligvarugalan\/wp-content\/uploads\/sites\/70\/2025\/05\/Foton-kontakt_runda_Carro-768x768.png 768w, https:\/\/nmevents.se\/dagligvarugalan\/wp-content\/uploads\/sites\/70\/2025\/05\/Foton-kontakt_runda_Carro-300x300.png 300w, https:\/\/nmevents.se\/dagligvarugalan\/wp-content\/uploads\/sites\/70\/2025\/05\/Foton-kontakt_runda_Carro-1024x1024.png 1024w, https:\/\/nmevents.se\/dagligvarugalan\/wp-content\/uploads\/sites\/70\/2025\/05\/Foton-kontakt_runda_Carro-150x150.png 150w, https:\/\/nmevents.se\/dagligvarugalan\/wp-content\/uploads\/sites\/70\/2025\/05\/Foton-kontakt_runda_Carro.png 1042w\" sizes=\"(max-width: 768px) 100vw, 768px\" \/>\t\t\t\t\t\t\t\t\t\t\t\t\t<\/div>\n\t\t\t\t<\/div>\n\t\t\t\t<div class=\"elementor-element elementor-element-a009f4e elementor-widget elementor-widget-heading\" data-id=\"a009f4e\" data-element_type=\"widget\" data-widget_type=\"heading.default\">\n\t\t\t\t<div class=\"elementor-widget-container\">\n\t\t\t<style>\/*! elementor - v3.20.0 - 20-03-2024 *\/\n.elementor-heading-title{padding:0;margin:0;line-height:1}.elementor-widget-heading .elementor-heading-title[class*=elementor-size-]>a{color:inherit;font-size:inherit;line-height:inherit}.elementor-widget-heading .elementor-heading-title.elementor-size-small{font-size:15px}.elementor-widget-heading .elementor-heading-title.elementor-size-medium{font-size:19px}.elementor-widget-heading .elementor-heading-title.elementor-size-large{font-size:29px}.elementor-widget-heading .elementor-heading-title.elementor-size-xl{font-size:39px}.elementor-widget-heading .elementor-heading-title.elementor-size-xxl{font-size:59px}<\/style><h3 class=\"elementor-heading-title elementor-size-default\">Caroline Magn\u00e9li Holm<\/h3>\t\t<\/div>\n\t\t\t\t<\/div>\n\t\t\t\t<div class=\"elementor-element elementor-element-0a460ee elementor-widget elementor-widget-text-editor\" data-id=\"0a460ee\" data-element_type=\"widget\" data-widget_type=\"text-editor.default\">\n\t\t\t\t<div class=\"elementor-widget-container\">\n\t\t\t<style>\/*! elementor - v3.20.0 - 20-03-2024 *\/\n.elementor-widget-text-editor.elementor-drop-cap-view-stacked .elementor-drop-cap{background-color:#69727d;color:#fff}.elementor-widget-text-editor.elementor-drop-cap-view-framed .elementor-drop-cap{color:#69727d;border:3px solid;background-color:transparent}.elementor-widget-text-editor:not(.elementor-drop-cap-view-default) .elementor-drop-cap{margin-top:8px}.elementor-widget-text-editor:not(.elementor-drop-cap-view-default) .elementor-drop-cap-letter{width:1em;height:1em}.elementor-widget-text-editor .elementor-drop-cap{float:left;text-align:center;line-height:1;font-size:50px}.elementor-widget-text-editor .elementor-drop-cap-letter{display:inline-block}<\/style>\t\t\t\t<p>Projektledare<br \/><span style=\"text-align: var(--text-align);\">+46 (0) 73 682 53 77<br \/><a href=\"mailto:jens.osterstrom@nordiskemedier.se\">caroline.magneli.holm@nordiskemedier.se<\/a><\/span><br \/><strong>F\u00f6r fr\u00e5gor om eventet<\/strong><\/p>\t\t\t\t\t\t<\/div>\n\t\t\t\t<\/div>\n\t\t\t\t<\/div>\n\t\t<div class=\"elementor-element elementor-element-62e8a59 e-con-full e-flex e-con e-child\" data-id=\"62e8a59\" data-element_type=\"container\">\n\t\t\t\t<div class=\"elementor-element elementor-element-a9ac218 elementor-widget elementor-widget-image\" data-id=\"a9ac218\" data-element_type=\"widget\" data-widget_type=\"image.default\">\n\t\t\t\t<div class=\"elementor-widget-container\">\n\t\t\t\t\t\t\t\t\t\t\t\t\t<img decoding=\"async\" width=\"768\" height=\"768\" src=\"https:\/\/nmevents.se\/dagligvarugalan\/wp-content\/uploads\/sites\/70\/2025\/05\/Foton-kontakt_runda_Tobbe-1-768x768.png\" class=\"attachment-medium_large size-medium_large wp-image-3247\" alt=\"\" srcset=\"https:\/\/nmevents.se\/dagligvarugalan\/wp-content\/uploads\/sites\/70\/2025\/05\/Foton-kontakt_runda_Tobbe-1-768x768.png 768w, https:\/\/nmevents.se\/dagligvarugalan\/wp-content\/uploads\/sites\/70\/2025\/05\/Foton-kontakt_runda_Tobbe-1-300x300.png 300w, https:\/\/nmevents.se\/dagligvarugalan\/wp-content\/uploads\/sites\/70\/2025\/05\/Foton-kontakt_runda_Tobbe-1-1024x1024.png 1024w, https:\/\/nmevents.se\/dagligvarugalan\/wp-content\/uploads\/sites\/70\/2025\/05\/Foton-kontakt_runda_Tobbe-1-150x150.png 150w, https:\/\/nmevents.se\/dagligvarugalan\/wp-content\/uploads\/sites\/70\/2025\/05\/Foton-kontakt_runda_Tobbe-1.png 1042w\" sizes=\"(max-width: 768px) 100vw, 768px\" \/>\t\t\t\t\t\t\t\t\t\t\t\t\t<\/div>\n\t\t\t\t<\/div>\n\t\t\t\t<div class=\"elementor-element elementor-element-708b777 elementor-widget elementor-widget-heading\" data-id=\"708b777\" data-element_type=\"widget\" data-widget_type=\"heading.default\">\n\t\t\t\t<div class=\"elementor-widget-container\">\n\t\t\t<h3 class=\"elementor-heading-title elementor-size-default\">Tobias Estlind<\/h3>\t\t<\/div>\n\t\t\t\t<\/div>\n\t\t\t\t<div class=\"elementor-element elementor-element-ffc9624 elementor-widget elementor-widget-text-editor\" data-id=\"ffc9624\" data-element_type=\"widget\" data-widget_type=\"text-editor.default\">\n\t\t\t\t<div class=\"elementor-widget-container\">\n\t\t\t\t\t\t\t<p>Key Account Manager<br \/>+46 (0)73 523 91 15<br \/><a class=\"staff-member-email\" title=\"Email Tobias Estlind\" href=\"mailto:tobias.estlind@nordiskemedier.se\">tobias.estlind@nordiskemedier.se<\/a><br \/><strong>F\u00f6r fr\u00e5gor bokning till Dagligvarugalan<\/strong><\/p>\t\t\t\t\t\t<\/div>\n\t\t\t\t<\/div>\n\t\t\t\t<\/div>\n\t\t<div class=\"elementor-element elementor-element-d351397 e-con-full e-flex e-con e-child\" data-id=\"d351397\" data-element_type=\"container\">\n\t\t\t\t<div class=\"elementor-element elementor-element-23c99f4 elementor-widget elementor-widget-image\" data-id=\"23c99f4\" data-element_type=\"widget\" data-widget_type=\"image.default\">\n\t\t\t\t<div class=\"elementor-widget-container\">\n\t\t\t\t\t\t\t\t\t\t\t\t\t<img decoding=\"async\" width=\"768\" height=\"768\" src=\"https:\/\/nmevents.se\/dagligvarugalan\/wp-content\/uploads\/sites\/70\/2026\/01\/Alfred_rund-768x768.png\" class=\"attachment-medium_large size-medium_large wp-image-4019\" alt=\"\" srcset=\"https:\/\/nmevents.se\/dagligvarugalan\/wp-content\/uploads\/sites\/70\/2026\/01\/Alfred_rund-768x768.png 768w, https:\/\/nmevents.se\/dagligvarugalan\/wp-content\/uploads\/sites\/70\/2026\/01\/Alfred_rund-300x300.png 300w, https:\/\/nmevents.se\/dagligvarugalan\/wp-content\/uploads\/sites\/70\/2026\/01\/Alfred_rund-1024x1024.png 1024w, https:\/\/nmevents.se\/dagligvarugalan\/wp-content\/uploads\/sites\/70\/2026\/01\/Alfred_rund-150x150.png 150w, https:\/\/nmevents.se\/dagligvarugalan\/wp-content\/uploads\/sites\/70\/2026\/01\/Alfred_rund.png 1042w\" sizes=\"(max-width: 768px) 100vw, 768px\" \/>\t\t\t\t\t\t\t\t\t\t\t\t\t<\/div>\n\t\t\t\t<\/div>\n\t\t\t\t<div class=\"elementor-element elementor-element-1cf12fd elementor-widget elementor-widget-heading\" data-id=\"1cf12fd\" data-element_type=\"widget\" data-widget_type=\"heading.default\">\n\t\t\t\t<div class=\"elementor-widget-container\">\n\t\t\t<h3 class=\"elementor-heading-title elementor-size-default\">Alfred Dahlgren Antelius <\/h3>\t\t<\/div>\n\t\t\t\t<\/div>\n\t\t\t\t<div class=\"elementor-element elementor-element-0ef1fa6 elementor-widget elementor-widget-text-editor\" data-id=\"0ef1fa6\" data-element_type=\"widget\" data-widget_type=\"text-editor.default\">\n\t\t\t\t<div class=\"elementor-widget-container\">\n\t\t\t\t\t\t\t<p>Account Manager<br \/>+46 (0)72 326 10 55\u00a0<br \/><a href=\"mailto:alfred.antelius@nordiskemedier.se\">alfred.antelius@nordiskemedier.se<\/a><br \/><strong>F\u00f6r fr\u00e5gor bokning till Dagligvarugalan<\/strong><\/p>\t\t\t\t\t\t<\/div>\n\t\t\t\t<\/div>\n\t\t\t\t<\/div>\n\t\t<div class=\"elementor-element elementor-element-075a591 e-con-full e-flex e-con e-child\" data-id=\"075a591\" data-element_type=\"container\">\n\t\t\t\t<div class=\"elementor-element elementor-element-91c31ad elementor-widget elementor-widget-image\" data-id=\"91c31ad\" data-element_type=\"widget\" data-widget_type=\"image.default\">\n\t\t\t\t<div class=\"elementor-widget-container\">\n\t\t\t\t\t\t\t\t\t\t\t\t\t<img loading=\"lazy\" decoding=\"async\" width=\"768\" height=\"768\" src=\"https:\/\/nmevents.se\/dagligvarugalan\/wp-content\/uploads\/sites\/70\/2025\/05\/Foton-kontakt_runda_Mona-768x768.png\" class=\"attachment-medium_large size-medium_large wp-image-3293\" alt=\"\" srcset=\"https:\/\/nmevents.se\/dagligvarugalan\/wp-content\/uploads\/sites\/70\/2025\/05\/Foton-kontakt_runda_Mona-768x768.png 768w, https:\/\/nmevents.se\/dagligvarugalan\/wp-content\/uploads\/sites\/70\/2025\/05\/Foton-kontakt_runda_Mona-300x300.png 300w, https:\/\/nmevents.se\/dagligvarugalan\/wp-content\/uploads\/sites\/70\/2025\/05\/Foton-kontakt_runda_Mona-1024x1024.png 1024w, https:\/\/nmevents.se\/dagligvarugalan\/wp-content\/uploads\/sites\/70\/2025\/05\/Foton-kontakt_runda_Mona-150x150.png 150w, https:\/\/nmevents.se\/dagligvarugalan\/wp-content\/uploads\/sites\/70\/2025\/05\/Foton-kontakt_runda_Mona.png 1042w\" sizes=\"(max-width: 768px) 100vw, 768px\" \/>\t\t\t\t\t\t\t\t\t\t\t\t\t<\/div>\n\t\t\t\t<\/div>\n\t\t\t\t<div class=\"elementor-element elementor-element-1bce171 elementor-widget elementor-widget-heading\" data-id=\"1bce171\" data-element_type=\"widget\" data-widget_type=\"heading.default\">\n\t\t\t\t<div class=\"elementor-widget-container\">\n\t\t\t<h3 class=\"elementor-heading-title elementor-size-default\">Mona Johansson<\/h3>\t\t<\/div>\n\t\t\t\t<\/div>\n\t\t\t\t<div class=\"elementor-element elementor-element-af5e3a4 elementor-widget elementor-widget-text-editor\" data-id=\"af5e3a4\" data-element_type=\"widget\" data-widget_type=\"text-editor.default\">\n\t\t\t\t<div class=\"elementor-widget-container\">\n\t\t\t\t\t\t\t<p>Chefredakt\u00f6r<br \/>+46 (0) 73 682 53 63<br \/><a href=\"mailto:Lena.jacobs@nordiskemedier.se\">mona.johansson@nordiskemedier.se<\/a><br \/><strong>F\u00f6r fr\u00e5gor g\u00e4llande pressmeddelanden\u00a0<\/strong><\/p>\t\t\t\t\t\t<\/div>\n\t\t\t\t<\/div>\n\t\t\t\t<\/div>\n\t\t\t\t\t<\/div>\n\t\t\t\t<\/div>\n\t\t<div class=\"elementor-element elementor-element-b9f026f e-flex e-con-boxed e-con e-parent\" data-id=\"b9f026f\" data-element_type=\"container\" data-core-v316-plus=\"true\">\n\t\t\t\t\t<div class=\"e-con-inner\">\n\t\t\t\t<div class=\"elementor-element elementor-element-9a77fe9 elementor-widget elementor-widget-spacer\" data-id=\"9a77fe9\" data-element_type=\"widget\" data-widget_type=\"spacer.default\">\n\t\t\t\t<div class=\"elementor-widget-container\">\n\t\t\t\t\t<div class=\"elementor-spacer\">\n\t\t\t<div class=\"elementor-spacer-inner\"><\/div>\n\t\t<\/div>\n\t\t\t\t<\/div>\n\t\t\t\t<\/div>\n\t\t\t\t\t<\/div>\n\t\t\t\t<\/div>\n\t\t\t\t<\/div>\n\t\t","protected":false},"excerpt":{"rendered":"<p>Caroline Magn\u00e9li Holm Projektledare+46 (0) 73 682 53 77caroline.magneli.holm@nordiskemedier.seF\u00f6r fr\u00e5gor om eventet Tobias Estlind Key Account Manager+46 (0)73 523 91 15tobias.estlind@nordiskemedier.seF\u00f6r fr\u00e5gor bokning till Dagligvarugalan Alfred Dahlgren Antelius Account Manager+46 (0)72 326 10 55\u00a0alfred.antelius@nordiskemedier.seF\u00f6r fr\u00e5gor bokning till Dagligvarugalan Mona Johansson Chefredakt\u00f6r+46 (0) 73 682 53 63mona.johansson@nordiskemedier.seF\u00f6r fr\u00e5gor g\u00e4llande pressmeddelanden\u00a0<\/p>\n","protected":false},"author":1,"featured_media":0,"parent":0,"menu_order":0,"comment_status":"closed","ping_status":"closed","template":"elementor_header_footer","meta":{"_acf_changed":false,"inline_featured_image":false,"footnotes":""},"acf":[],"_links":{"self":[{"href":"https:\/\/nmevents.se\/dagligvarugalan\/wp-json\/wp\/v2\/pages\/17"}],"collection":[{"href":"https:\/\/nmevents.se\/dagligvarugalan\/wp-json\/wp\/v2\/pages"}],"about":[{"href":"https:\/\/nmevents.se\/dagligvarugalan\/wp-json\/wp\/v2\/types\/page"}],"author":[{"embeddable":true,"href":"https:\/\/nmevents.se\/dagligvarugalan\/wp-json\/wp\/v2\/users\/1"}],"replies":[{"embeddable":true,"href":"https:\/\/nmevents.se\/dagligvarugalan\/wp-json\/wp\/v2\/comments?post=17"}],"version-history":[{"count":24,"href":"https:\/\/nmevents.se\/dagligvarugalan\/wp-json\/wp\/v2\/pages\/17\/revisions"}],"predecessor-version":[{"id":4025,"href":"https:\/\/nmevents.se\/dagligvarugalan\/wp-json\/wp\/v2\/pages\/17\/revisions\/4025"}],"wp:attachment":[{"href":"https:\/\/nmevents.se\/dagligvarugalan\/wp-json\/wp\/v2\/media?parent=17"}],"curies":[{"name":"wp","href":"https:\/\/api.w.org\/{rel}","templated":true}]}}