{"id":3777,"date":"2025-10-07T13:19:48","date_gmt":"2025-10-07T11:19:48","guid":{"rendered":"https:\/\/nmevents.se\/habitaiforum\/?page_id=3777"},"modified":"2025-10-13T08:00:37","modified_gmt":"2025-10-13T06:00:37","slug":"breakout-sessions","status":"publish","type":"page","link":"https:\/\/nmevents.se\/habitaiforum\/breakout-sessions\/","title":{"rendered":"Breakout Sessions"},"content":{"rendered":"\t\t<div data-elementor-type=\"wp-page\" data-elementor-id=\"3777\" class=\"elementor elementor-3777\" data-elementor-post-type=\"page\">\n\t\t\t\t<div class=\"elementor-element elementor-element-6900bab e-flex e-con-boxed e-con e-parent\" data-id=\"6900bab\" data-element_type=\"container\" data-core-v316-plus=\"true\">\n\t\t\t\t\t<div class=\"e-con-inner\">\n\t\t\t\t<div class=\"elementor-element elementor-element-3744b03 elementor-widget elementor-widget-spacer\" data-id=\"3744b03\" data-element_type=\"widget\" data-widget_type=\"spacer.default\">\n\t\t\t\t<div class=\"elementor-widget-container\">\n\t\t\t<style>\/*! elementor - v3.20.0 - 20-03-2024 *\/\n.elementor-column .elementor-spacer-inner{height:var(--spacer-size)}.e-con{--container-widget-width:100%}.e-con-inner>.elementor-widget-spacer,.e-con>.elementor-widget-spacer{width:var(--container-widget-width,var(--spacer-size));--align-self:var(--container-widget-align-self,initial);--flex-shrink:0}.e-con-inner>.elementor-widget-spacer>.elementor-widget-container,.e-con>.elementor-widget-spacer>.elementor-widget-container{height:100%;width:100%}.e-con-inner>.elementor-widget-spacer>.elementor-widget-container>.elementor-spacer,.e-con>.elementor-widget-spacer>.elementor-widget-container>.elementor-spacer{height:100%}.e-con-inner>.elementor-widget-spacer>.elementor-widget-container>.elementor-spacer>.elementor-spacer-inner,.e-con>.elementor-widget-spacer>.elementor-widget-container>.elementor-spacer>.elementor-spacer-inner{height:var(--container-widget-height,var(--spacer-size))}.e-con-inner>.elementor-widget-spacer.elementor-widget-empty,.e-con>.elementor-widget-spacer.elementor-widget-empty{position:relative;min-height:22px;min-width:22px}.e-con-inner>.elementor-widget-spacer.elementor-widget-empty .elementor-widget-empty-icon,.e-con>.elementor-widget-spacer.elementor-widget-empty .elementor-widget-empty-icon{position:absolute;top:0;bottom:0;left:0;right:0;margin:auto;padding:0;width:22px;height:22px}<\/style>\t\t<div class=\"elementor-spacer\">\n\t\t\t<div class=\"elementor-spacer-inner\"><\/div>\n\t\t<\/div>\n\t\t\t\t<\/div>\n\t\t\t\t<\/div>\n\t\t\t\t\t<\/div>\n\t\t\t\t<\/div>\n\t\t<div class=\"elementor-element elementor-element-04e74f3 e-flex e-con-boxed e-con e-parent\" data-id=\"04e74f3\" data-element_type=\"container\" data-core-v316-plus=\"true\">\n\t\t\t\t\t<div class=\"e-con-inner\">\n\t\t<div class=\"elementor-element elementor-element-4640607 e-con-full e-flex e-con e-child\" data-id=\"4640607\" data-element_type=\"container\">\n\t\t\t\t<div class=\"elementor-element elementor-element-90f2d1a elementor-widget elementor-widget-text-editor\" data-id=\"90f2d1a\" data-element_type=\"widget\" data-widget_type=\"text-editor.default\">\n\t\t\t\t<div class=\"elementor-widget-container\">\n\t\t\t<style>\/*! elementor - v3.20.0 - 20-03-2024 *\/\n.elementor-widget-text-editor.elementor-drop-cap-view-stacked .elementor-drop-cap{background-color:#69727d;color:#fff}.elementor-widget-text-editor.elementor-drop-cap-view-framed .elementor-drop-cap{color:#69727d;border:3px solid;background-color:transparent}.elementor-widget-text-editor:not(.elementor-drop-cap-view-default) .elementor-drop-cap{margin-top:8px}.elementor-widget-text-editor:not(.elementor-drop-cap-view-default) .elementor-drop-cap-letter{width:1em;height:1em}.elementor-widget-text-editor .elementor-drop-cap{float:left;text-align:center;line-height:1;font-size:50px}.elementor-widget-text-editor .elementor-drop-cap-letter{display:inline-block}<\/style>\t\t\t\t<p>Breakout sessions<\/p>\t\t\t\t\t\t<\/div>\n\t\t\t\t<\/div>\n\t\t\t\t<div class=\"elementor-element elementor-element-7c4bbb5 elementor-widget elementor-widget-text-editor\" data-id=\"7c4bbb5\" data-element_type=\"widget\" data-widget_type=\"text-editor.default\">\n\t\t\t\t<div class=\"elementor-widget-container\">\n\t\t\t\t\t\t\t<p data-start=\"0\" data-end=\"294\">Under eftermiddagen har du m\u00f6jlighet att f\u00e5 ut mesta m\u00f6jliga av din upplevelse genom att delta i en av v\u00e5ra breakout sessions. V\u00e4lj bland flera f\u00f6rel\u00e4sningar och hitta den som passar dig b\u00e4st. Ta del av v\u00e4rdefulla insikter fr\u00e5n branschexperter och f\u00f6rdjupa dina kunskaper inom aktuella \u00e4mnen.<\/p><p data-start=\"296\" data-end=\"381\">L\u00e4s mer om varje session nedan och g\u00f6r ditt val i samband med anm\u00e4lan till eventet.<\/p><p data-start=\"383\" data-end=\"497\" data-is-last-node=\"\" data-is-only-node=\"\">Deltagandet i dessa sessioner ing\u00e5r i din registrering, men antalet platser \u00e4r begr\u00e4nsat. F\u00f6rst till kvarn g\u00e4ller.<\/p>\t\t\t\t\t\t<\/div>\n\t\t\t\t<\/div>\n\t\t\t\t<div class=\"elementor-element elementor-element-71fc393 elementor-widget elementor-widget-button\" data-id=\"71fc393\" data-element_type=\"widget\" data-widget_type=\"button.default\">\n\t\t\t\t<div class=\"elementor-widget-container\">\n\t\t\t\t\t<div class=\"elementor-button-wrapper\">\n\t\t\t<a class=\"elementor-button elementor-button-link elementor-size-sm\" href=\"https:\/\/nmevents.se\/habitaiforum\/anmalan\/\">\n\t\t\t\t\t\t<span class=\"elementor-button-content-wrapper\">\n\t\t\t\t\t\t<span class=\"elementor-button-text\">Registrering >>><\/span>\n\t\t<\/span>\n\t\t\t\t\t<\/a>\n\t\t<\/div>\n\t\t\t\t<\/div>\n\t\t\t\t<\/div>\n\t\t\t\t<\/div>\n\t\t<div class=\"elementor-element elementor-element-e937adc e-con-full e-flex e-con e-child\" data-id=\"e937adc\" data-element_type=\"container\">\n\t\t\t\t<div class=\"elementor-element elementor-element-e3ff8af elementor-widget elementor-widget-image\" data-id=\"e3ff8af\" data-element_type=\"widget\" data-widget_type=\"image.default\">\n\t\t\t\t<div class=\"elementor-widget-container\">\n\t\t\t<style>\/*! elementor - v3.20.0 - 20-03-2024 *\/\n.elementor-widget-image{text-align:center}.elementor-widget-image a{display:inline-block}.elementor-widget-image a img[src$=\".svg\"]{width:48px}.elementor-widget-image img{vertical-align:middle;display:inline-block}<\/style>\t\t\t\t\t\t\t\t\t\t<img fetchpriority=\"high\" decoding=\"async\" width=\"768\" height=\"538\" src=\"https:\/\/nmevents.se\/habitaiforum\/wp-content\/uploads\/sites\/73\/2025\/10\/habit-breakout.jpg\" class=\"attachment-large size-large wp-image-3781\" alt=\"\" srcset=\"https:\/\/nmevents.se\/habitaiforum\/wp-content\/uploads\/sites\/73\/2025\/10\/habit-breakout.jpg 768w, https:\/\/nmevents.se\/habitaiforum\/wp-content\/uploads\/sites\/73\/2025\/10\/habit-breakout-300x210.jpg 300w\" sizes=\"(max-width: 768px) 100vw, 768px\" \/>\t\t\t\t\t\t\t\t\t\t\t\t\t<\/div>\n\t\t\t\t<\/div>\n\t\t\t\t<\/div>\n\t\t\t\t\t<\/div>\n\t\t\t\t<\/div>\n\t\t<div class=\"elementor-element elementor-element-4b595a2 e-flex e-con-boxed e-con e-parent\" data-id=\"4b595a2\" data-element_type=\"container\" data-core-v316-plus=\"true\">\n\t\t\t\t\t<div class=\"e-con-inner\">\n\t\t\t\t<div class=\"elementor-element elementor-element-96449f3 elementor-widget-divider--view-line elementor-widget elementor-widget-divider\" data-id=\"96449f3\" data-element_type=\"widget\" data-widget_type=\"divider.default\">\n\t\t\t\t<div class=\"elementor-widget-container\">\n\t\t\t<style>\/*! elementor - v3.20.0 - 20-03-2024 *\/\n.elementor-widget-divider{--divider-border-style:none;--divider-border-width:1px;--divider-color:#0c0d0e;--divider-icon-size:20px;--divider-element-spacing:10px;--divider-pattern-height:24px;--divider-pattern-size:20px;--divider-pattern-url:none;--divider-pattern-repeat:repeat-x}.elementor-widget-divider .elementor-divider{display:flex}.elementor-widget-divider .elementor-divider__text{font-size:15px;line-height:1;max-width:95%}.elementor-widget-divider .elementor-divider__element{margin:0 var(--divider-element-spacing);flex-shrink:0}.elementor-widget-divider .elementor-icon{font-size:var(--divider-icon-size)}.elementor-widget-divider .elementor-divider-separator{display:flex;margin:0;direction:ltr}.elementor-widget-divider--view-line_icon .elementor-divider-separator,.elementor-widget-divider--view-line_text .elementor-divider-separator{align-items:center}.elementor-widget-divider--view-line_icon .elementor-divider-separator:after,.elementor-widget-divider--view-line_icon .elementor-divider-separator:before,.elementor-widget-divider--view-line_text .elementor-divider-separator:after,.elementor-widget-divider--view-line_text .elementor-divider-separator:before{display:block;content:\"\";border-block-end:0;flex-grow:1;border-block-start:var(--divider-border-width) var(--divider-border-style) var(--divider-color)}.elementor-widget-divider--element-align-left .elementor-divider .elementor-divider-separator>.elementor-divider__svg:first-of-type{flex-grow:0;flex-shrink:100}.elementor-widget-divider--element-align-left .elementor-divider-separator:before{content:none}.elementor-widget-divider--element-align-left .elementor-divider__element{margin-left:0}.elementor-widget-divider--element-align-right .elementor-divider .elementor-divider-separator>.elementor-divider__svg:last-of-type{flex-grow:0;flex-shrink:100}.elementor-widget-divider--element-align-right .elementor-divider-separator:after{content:none}.elementor-widget-divider--element-align-right .elementor-divider__element{margin-right:0}.elementor-widget-divider--element-align-start .elementor-divider .elementor-divider-separator>.elementor-divider__svg:first-of-type{flex-grow:0;flex-shrink:100}.elementor-widget-divider--element-align-start .elementor-divider-separator:before{content:none}.elementor-widget-divider--element-align-start .elementor-divider__element{margin-inline-start:0}.elementor-widget-divider--element-align-end .elementor-divider .elementor-divider-separator>.elementor-divider__svg:last-of-type{flex-grow:0;flex-shrink:100}.elementor-widget-divider--element-align-end .elementor-divider-separator:after{content:none}.elementor-widget-divider--element-align-end .elementor-divider__element{margin-inline-end:0}.elementor-widget-divider:not(.elementor-widget-divider--view-line_text):not(.elementor-widget-divider--view-line_icon) .elementor-divider-separator{border-block-start:var(--divider-border-width) var(--divider-border-style) var(--divider-color)}.elementor-widget-divider--separator-type-pattern{--divider-border-style:none}.elementor-widget-divider--separator-type-pattern.elementor-widget-divider--view-line .elementor-divider-separator,.elementor-widget-divider--separator-type-pattern:not(.elementor-widget-divider--view-line) .elementor-divider-separator:after,.elementor-widget-divider--separator-type-pattern:not(.elementor-widget-divider--view-line) .elementor-divider-separator:before,.elementor-widget-divider--separator-type-pattern:not([class*=elementor-widget-divider--view]) .elementor-divider-separator{width:100%;min-height:var(--divider-pattern-height);-webkit-mask-size:var(--divider-pattern-size) 100%;mask-size:var(--divider-pattern-size) 100%;-webkit-mask-repeat:var(--divider-pattern-repeat);mask-repeat:var(--divider-pattern-repeat);background-color:var(--divider-color);-webkit-mask-image:var(--divider-pattern-url);mask-image:var(--divider-pattern-url)}.elementor-widget-divider--no-spacing{--divider-pattern-size:auto}.elementor-widget-divider--bg-round{--divider-pattern-repeat:round}.rtl .elementor-widget-divider .elementor-divider__text{direction:rtl}.e-con-inner>.elementor-widget-divider,.e-con>.elementor-widget-divider{width:var(--container-widget-width,100%);--flex-grow:var(--container-widget-flex-grow)}<\/style>\t\t<div class=\"elementor-divider\">\n\t\t\t<span class=\"elementor-divider-separator\">\n\t\t\t\t\t\t<\/span>\n\t\t<\/div>\n\t\t\t\t<\/div>\n\t\t\t\t<\/div>\n\t\t\t\t\t<\/div>\n\t\t\t\t<\/div>\n\t\t<div class=\"elementor-element elementor-element-ecd068e e-grid e-con-boxed e-con e-parent\" data-id=\"ecd068e\" data-element_type=\"container\" data-core-v316-plus=\"true\">\n\t\t\t\t\t<div class=\"e-con-inner\">\n\t\t<div class=\"elementor-element elementor-element-412729a e-flex e-con-boxed e-con e-child\" data-id=\"412729a\" data-element_type=\"container\">\n\t\t\t\t\t<div class=\"e-con-inner\">\n\t\t\t\t<div class=\"elementor-element elementor-element-58d0bde elementor-widget elementor-widget-heading\" data-id=\"58d0bde\" data-element_type=\"widget\" data-widget_type=\"heading.default\">\n\t\t\t\t<div class=\"elementor-widget-container\">\n\t\t\t<style>\/*! elementor - v3.20.0 - 20-03-2024 *\/\n.elementor-heading-title{padding:0;margin:0;line-height:1}.elementor-widget-heading .elementor-heading-title[class*=elementor-size-]>a{color:inherit;font-size:inherit;line-height:inherit}.elementor-widget-heading .elementor-heading-title.elementor-size-small{font-size:15px}.elementor-widget-heading .elementor-heading-title.elementor-size-medium{font-size:19px}.elementor-widget-heading .elementor-heading-title.elementor-size-large{font-size:29px}.elementor-widget-heading .elementor-heading-title.elementor-size-xl{font-size:39px}.elementor-widget-heading .elementor-heading-title.elementor-size-xxl{font-size:59px}<\/style><h2 class=\"elementor-heading-title elementor-size-default\">Future smart operation and assortment development<\/h2>\t\t<\/div>\n\t\t\t\t<\/div>\n\t\t\t\t<div class=\"elementor-element elementor-element-c1c4b5b elementor-widget elementor-widget-text-editor\" data-id=\"c1c4b5b\" data-element_type=\"widget\" data-widget_type=\"text-editor.default\">\n\t\t\t\t<div class=\"elementor-widget-container\">\n\t\t\t\t\t\t\t<p>Join Centric Software for a practical deep dive into how early access to reliable data empowers better design and planning decisions. Learn how expanding your AI strategy can unlock efficiency, creativity, and agility across teams.<\/p><p>Don\u2019t miss this opportunity to connect with industry professionals, exchange ideas and gain a first-hand look at the future of fashion and retail through the lens of AI.<\/p>\t\t\t\t\t\t<\/div>\n\t\t\t\t<\/div>\n\t\t\t\t\t<\/div>\n\t\t\t\t<\/div>\n\t\t\t\t<div class=\"elementor-element elementor-element-100ead1 elementor-widget elementor-widget-image\" data-id=\"100ead1\" data-element_type=\"widget\" data-widget_type=\"image.default\">\n\t\t\t\t<div class=\"elementor-widget-container\">\n\t\t\t\t\t\t\t\t\t\t\t\t\t\t<a href=\"https:\/\/www.centricsoftware.com\/\" target=\"_blank\">\n\t\t\t\t\t\t\t<img decoding=\"async\" src=\"https:\/\/nmevents.se\/habitaiforum\/wp-content\/uploads\/sites\/73\/elementor\/thumbs\/Centric_Software_logo_black-rd8ffnompj9m3435i8hkdciq5gdn9p3e9e5414nox6.png\" title=\"Centric_Software_logo_black.png\" alt=\"Centric_Software_logo_black.png\" loading=\"lazy\" \/>\t\t\t\t\t\t\t\t<\/a>\n\t\t\t\t\t\t\t\t\t\t\t\t\t<\/div>\n\t\t\t\t<\/div>\n\t\t\t\t\t<\/div>\n\t\t\t\t<\/div>\n\t\t<div class=\"elementor-element elementor-element-a9559d2 e-flex e-con-boxed e-con e-parent\" data-id=\"a9559d2\" data-element_type=\"container\" data-core-v316-plus=\"true\">\n\t\t\t\t\t<div class=\"e-con-inner\">\n\t\t\t\t<div class=\"elementor-element elementor-element-a21d5b5 elementor-widget-divider--view-line elementor-widget elementor-widget-divider\" data-id=\"a21d5b5\" data-element_type=\"widget\" data-widget_type=\"divider.default\">\n\t\t\t\t<div class=\"elementor-widget-container\">\n\t\t\t\t\t<div class=\"elementor-divider\">\n\t\t\t<span class=\"elementor-divider-separator\">\n\t\t\t\t\t\t<\/span>\n\t\t<\/div>\n\t\t\t\t<\/div>\n\t\t\t\t<\/div>\n\t\t\t\t\t<\/div>\n\t\t\t\t<\/div>\n\t\t<div class=\"elementor-element elementor-element-0f7bea7 e-grid e-con-boxed e-con e-parent\" data-id=\"0f7bea7\" data-element_type=\"container\" data-core-v316-plus=\"true\">\n\t\t\t\t\t<div class=\"e-con-inner\">\n\t\t<div class=\"elementor-element elementor-element-d875416 e-flex e-con-boxed e-con e-child\" data-id=\"d875416\" data-element_type=\"container\">\n\t\t\t\t\t<div class=\"e-con-inner\">\n\t\t\t\t<div class=\"elementor-element elementor-element-09f7ebb elementor-widget elementor-widget-heading\" data-id=\"09f7ebb\" data-element_type=\"widget\" data-widget_type=\"heading.default\">\n\t\t\t\t<div class=\"elementor-widget-container\">\n\t\t\t<h2 class=\"elementor-heading-title elementor-size-default\">AI search och Agentic Commerce<\/h2>\t\t<\/div>\n\t\t\t\t<\/div>\n\t\t\t\t<div class=\"elementor-element elementor-element-364391c elementor-widget elementor-widget-text-editor\" data-id=\"364391c\" data-element_type=\"widget\" data-widget_type=\"text-editor.default\">\n\t\t\t\t<div class=\"elementor-widget-container\">\n\t\t\t\t\t\t\t<p>AI f\u00f6r\u00e4ndrar k\u00f6presan i grunden. N\u00e4r konsumenter allt oftare f\u00e5r sina svar och rekommendationer direkt fr\u00e5n AI-assistenter och agenter f\u00f6r\u00e4ndras hela k\u00f6presan, som snart sker i en AI ist\u00e4llet f\u00f6r p\u00e5 er hemsida.<\/p><p>F\u00f6r varum\u00e4rken inneb\u00e4r det en ny spelplan: synlighet, f\u00f6rtroende och konvertering avg\u00f6rs inte l\u00e4ngre av SEO-positioner utan av hur v\u00e4l deras data och inneh\u00e5ll kan f\u00f6rst\u00e5s, anv\u00e4ndas och representeras av AI. Denna breakout-session utforskar hur bolag redan idag kan f\u00f6rbereda sig f\u00f6r agentic commerce &#8211; och vad som h\u00e4nder om de inte g\u00f6r det.<\/p>\t\t\t\t\t\t<\/div>\n\t\t\t\t<\/div>\n\t\t\t\t\t<\/div>\n\t\t\t\t<\/div>\n\t\t\t\t<div class=\"elementor-element elementor-element-2bec062 elementor-widget elementor-widget-image\" data-id=\"2bec062\" data-element_type=\"widget\" data-widget_type=\"image.default\">\n\t\t\t\t<div class=\"elementor-widget-container\">\n\t\t\t\t\t\t\t\t\t\t\t\t\t\t<a href=\"https:\/\/www.wilgot.ai\/\" target=\"_blank\">\n\t\t\t\t\t\t\t<img decoding=\"async\" src=\"https:\/\/nmevents.se\/habitaiforum\/wp-content\/uploads\/sites\/73\/elementor\/thumbs\/wilgot_logo_black_rgb-rd8ffpk8nhsgfidj1kxece0y18lixctsd19eqsoep8.png\" title=\"wilgot_logo_black_rgb\" alt=\"wilgot_logo_black_rgb\" loading=\"lazy\" \/>\t\t\t\t\t\t\t\t<\/a>\n\t\t\t\t\t\t\t\t\t\t\t\t\t<\/div>\n\t\t\t\t<\/div>\n\t\t\t\t\t<\/div>\n\t\t\t\t<\/div>\n\t\t<div class=\"elementor-element elementor-element-7fe4356 e-flex e-con-boxed e-con e-parent\" data-id=\"7fe4356\" data-element_type=\"container\" data-core-v316-plus=\"true\">\n\t\t\t\t\t<div class=\"e-con-inner\">\n\t\t\t\t<div class=\"elementor-element elementor-element-c76f75a elementor-widget-divider--view-line elementor-widget elementor-widget-divider\" data-id=\"c76f75a\" data-element_type=\"widget\" data-widget_type=\"divider.default\">\n\t\t\t\t<div class=\"elementor-widget-container\">\n\t\t\t\t\t<div class=\"elementor-divider\">\n\t\t\t<span class=\"elementor-divider-separator\">\n\t\t\t\t\t\t<\/span>\n\t\t<\/div>\n\t\t\t\t<\/div>\n\t\t\t\t<\/div>\n\t\t\t\t\t<\/div>\n\t\t\t\t<\/div>\n\t\t<div class=\"elementor-element elementor-element-37eba9a e-grid e-con-boxed e-con e-parent\" data-id=\"37eba9a\" data-element_type=\"container\" data-core-v316-plus=\"true\">\n\t\t\t\t\t<div class=\"e-con-inner\">\n\t\t<div class=\"elementor-element elementor-element-48e412d e-flex e-con-boxed e-con e-child\" data-id=\"48e412d\" data-element_type=\"container\">\n\t\t\t\t\t<div class=\"e-con-inner\">\n\t\t\t\t<div class=\"elementor-element elementor-element-5a614e4 elementor-widget elementor-widget-heading\" data-id=\"5a614e4\" data-element_type=\"widget\" data-widget_type=\"heading.default\">\n\t\t\t\t<div class=\"elementor-widget-container\">\n\t\t\t<h2 class=\"elementor-heading-title elementor-size-default\">Fr\u00e5n teori till praktik - s\u00e5 jobbar du med AI-drivna produktfl\u00f6den<\/h2>\t\t<\/div>\n\t\t\t\t<\/div>\n\t\t\t\t<div class=\"elementor-element elementor-element-b4e5f74 elementor-widget elementor-widget-text-editor\" data-id=\"b4e5f74\" data-element_type=\"widget\" data-widget_type=\"text-editor.default\">\n\t\t\t\t<div class=\"elementor-widget-container\">\n\t\t\t\t\t\t\t<p>I denna breakout-session g\u00e5r vi fr\u00e5n vision till verklighet. Tillsammans utforskar vi hur AI kan anv\u00e4ndas f\u00f6r att automatisera centrala delar kring hanteringen av produktkatalogen\u00a0&#8211; fr\u00e5n att extrahera data fr\u00e5n produktbilder\/skisser till\u00a0databerikning med smarta regler, SEO och AEO. Du f\u00e5r se konkreta exempel, diskutera utmaningar i din egen organisation och f\u00e5 konkreta tips p\u00e5 hur du kan komma ig\u00e5ng snabbt<\/p>\t\t\t\t\t\t<\/div>\n\t\t\t\t<\/div>\n\t\t\t\t\t<\/div>\n\t\t\t\t<\/div>\n\t\t\t\t<div class=\"elementor-element elementor-element-903742f elementor-widget elementor-widget-image\" data-id=\"903742f\" data-element_type=\"widget\" data-widget_type=\"image.default\">\n\t\t\t\t<div class=\"elementor-widget-container\">\n\t\t\t\t\t\t\t\t\t\t\t\t\t\t<a href=\"https:\/\/www.emfas.ai\/\" target=\"_blank\">\n\t\t\t\t\t\t\t<img decoding=\"async\" src=\"https:\/\/nmevents.se\/habitaiforum\/wp-content\/uploads\/sites\/73\/elementor\/thumbs\/emfas_logo-400-rd8ffpk8nhsgfidj1kxece0y18lixctsd19eqsoenu.png\" title=\"emfas_logo-400\" alt=\"emfas_logo-400\" loading=\"lazy\" \/>\t\t\t\t\t\t\t\t<\/a>\n\t\t\t\t\t\t\t\t\t\t\t\t\t<\/div>\n\t\t\t\t<\/div>\n\t\t\t\t\t<\/div>\n\t\t\t\t<\/div>\n\t\t<div class=\"elementor-element elementor-element-fa0cc2b e-flex e-con-boxed e-con e-parent\" data-id=\"fa0cc2b\" data-element_type=\"container\" data-core-v316-plus=\"true\">\n\t\t\t\t\t<div class=\"e-con-inner\">\n\t\t\t\t<div class=\"elementor-element elementor-element-a223ae4 elementor-widget-divider--view-line elementor-widget elementor-widget-divider\" data-id=\"a223ae4\" data-element_type=\"widget\" data-widget_type=\"divider.default\">\n\t\t\t\t<div class=\"elementor-widget-container\">\n\t\t\t\t\t<div class=\"elementor-divider\">\n\t\t\t<span class=\"elementor-divider-separator\">\n\t\t\t\t\t\t<\/span>\n\t\t<\/div>\n\t\t\t\t<\/div>\n\t\t\t\t<\/div>\n\t\t\t\t\t<\/div>\n\t\t\t\t<\/div>\n\t\t<div class=\"elementor-element elementor-element-af3e548 e-flex e-con-boxed e-con e-parent\" data-id=\"af3e548\" data-element_type=\"container\" data-core-v316-plus=\"true\">\n\t\t\t\t\t<div class=\"e-con-inner\">\n\t\t\t\t<div class=\"elementor-element elementor-element-6a3d03d elementor-widget elementor-widget-spacer\" data-id=\"6a3d03d\" data-element_type=\"widget\" data-widget_type=\"spacer.default\">\n\t\t\t\t<div class=\"elementor-widget-container\">\n\t\t\t\t\t<div class=\"elementor-spacer\">\n\t\t\t<div class=\"elementor-spacer-inner\"><\/div>\n\t\t<\/div>\n\t\t\t\t<\/div>\n\t\t\t\t<\/div>\n\t\t\t\t\t<\/div>\n\t\t\t\t<\/div>\n\t\t\t\t<\/div>\n\t\t","protected":false},"excerpt":{"rendered":"<p>Breakout sessions Under eftermiddagen har du m\u00f6jlighet att f\u00e5 ut mesta m\u00f6jliga av din upplevelse genom att delta i en av v\u00e5ra breakout sessions. V\u00e4lj bland flera f\u00f6rel\u00e4sningar och hitta den som passar dig b\u00e4st. Ta del av v\u00e4rdefulla insikter fr\u00e5n branschexperter och f\u00f6rdjupa dina kunskaper inom aktuella \u00e4mnen. L\u00e4s mer om varje session nedan [&hellip;]<\/p>\n","protected":false},"author":6,"featured_media":0,"parent":0,"menu_order":0,"comment_status":"closed","ping_status":"closed","template":"","meta":{"_acf_changed":false,"footnotes":""},"acf":[],"_links":{"self":[{"href":"https:\/\/nmevents.se\/habitaiforum\/wp-json\/wp\/v2\/pages\/3777"}],"collection":[{"href":"https:\/\/nmevents.se\/habitaiforum\/wp-json\/wp\/v2\/pages"}],"about":[{"href":"https:\/\/nmevents.se\/habitaiforum\/wp-json\/wp\/v2\/types\/page"}],"author":[{"embeddable":true,"href":"https:\/\/nmevents.se\/habitaiforum\/wp-json\/wp\/v2\/users\/6"}],"replies":[{"embeddable":true,"href":"https:\/\/nmevents.se\/habitaiforum\/wp-json\/wp\/v2\/comments?post=3777"}],"version-history":[{"count":42,"href":"https:\/\/nmevents.se\/habitaiforum\/wp-json\/wp\/v2\/pages\/3777\/revisions"}],"predecessor-version":[{"id":3872,"href":"https:\/\/nmevents.se\/habitaiforum\/wp-json\/wp\/v2\/pages\/3777\/revisions\/3872"}],"wp:attachment":[{"href":"https:\/\/nmevents.se\/habitaiforum\/wp-json\/wp\/v2\/media?parent=3777"}],"curies":[{"name":"wp","href":"https:\/\/api.w.org\/{rel}","templated":true}]}}