{"id":201,"date":"2023-11-08T13:46:21","date_gmt":"2023-11-08T11:46:21","guid":{"rendered":"https:\/\/eventdk.nordiske-medier.dk\/pack-point-nordic\/?page_id=201"},"modified":"2024-09-10T11:49:22","modified_gmt":"2024-09-10T09:49:22","slug":"om-oss","status":"publish","type":"page","link":"https:\/\/nmevents.se\/habitfashionforum\/om-oss\/","title":{"rendered":"About us"},"content":{"rendered":"\t\t<div data-elementor-type=\"wp-page\" data-elementor-id=\"201\" class=\"elementor elementor-201\" data-elementor-post-type=\"page\">\n\t\t\t\t<div class=\"elementor-element elementor-element-2fd8eac e-flex e-con-boxed e-con e-parent\" data-id=\"2fd8eac\" data-element_type=\"container\" data-core-v316-plus=\"true\">\n\t\t\t\t\t<div class=\"e-con-inner\">\n\t\t\t\t<div class=\"elementor-element elementor-element-d8998bf elementor-widget elementor-widget-spacer\" data-id=\"d8998bf\" data-element_type=\"widget\" data-widget_type=\"spacer.default\">\n\t\t\t\t<div class=\"elementor-widget-container\">\n\t\t\t<style>\/*! elementor - v3.20.0 - 20-03-2024 *\/\n.elementor-column .elementor-spacer-inner{height:var(--spacer-size)}.e-con{--container-widget-width:100%}.e-con-inner>.elementor-widget-spacer,.e-con>.elementor-widget-spacer{width:var(--container-widget-width,var(--spacer-size));--align-self:var(--container-widget-align-self,initial);--flex-shrink:0}.e-con-inner>.elementor-widget-spacer>.elementor-widget-container,.e-con>.elementor-widget-spacer>.elementor-widget-container{height:100%;width:100%}.e-con-inner>.elementor-widget-spacer>.elementor-widget-container>.elementor-spacer,.e-con>.elementor-widget-spacer>.elementor-widget-container>.elementor-spacer{height:100%}.e-con-inner>.elementor-widget-spacer>.elementor-widget-container>.elementor-spacer>.elementor-spacer-inner,.e-con>.elementor-widget-spacer>.elementor-widget-container>.elementor-spacer>.elementor-spacer-inner{height:var(--container-widget-height,var(--spacer-size))}.e-con-inner>.elementor-widget-spacer.elementor-widget-empty,.e-con>.elementor-widget-spacer.elementor-widget-empty{position:relative;min-height:22px;min-width:22px}.e-con-inner>.elementor-widget-spacer.elementor-widget-empty .elementor-widget-empty-icon,.e-con>.elementor-widget-spacer.elementor-widget-empty .elementor-widget-empty-icon{position:absolute;top:0;bottom:0;left:0;right:0;margin:auto;padding:0;width:22px;height:22px}<\/style>\t\t<div class=\"elementor-spacer\">\n\t\t\t<div class=\"elementor-spacer-inner\"><\/div>\n\t\t<\/div>\n\t\t\t\t<\/div>\n\t\t\t\t<\/div>\n\t\t\t\t\t<\/div>\n\t\t\t\t<\/div>\n\t\t<div class=\"elementor-element elementor-element-8d5195a e-flex e-con-boxed e-con e-parent\" data-id=\"8d5195a\" data-element_type=\"container\" data-core-v316-plus=\"true\">\n\t\t\t\t\t<div class=\"e-con-inner\">\n\t\t<div class=\"elementor-element elementor-element-243a48f e-con-full e-flex e-con e-child\" data-id=\"243a48f\" data-element_type=\"container\">\n\t\t\t\t<div class=\"elementor-element elementor-element-42ed4c9 elementor-widget elementor-widget-heading\" data-id=\"42ed4c9\" data-element_type=\"widget\" data-widget_type=\"heading.default\">\n\t\t\t\t<div class=\"elementor-widget-container\">\n\t\t\t<style>\/*! elementor - v3.20.0 - 20-03-2024 *\/\n.elementor-heading-title{padding:0;margin:0;line-height:1}.elementor-widget-heading .elementor-heading-title[class*=elementor-size-]>a{color:inherit;font-size:inherit;line-height:inherit}.elementor-widget-heading .elementor-heading-title.elementor-size-small{font-size:15px}.elementor-widget-heading .elementor-heading-title.elementor-size-medium{font-size:19px}.elementor-widget-heading .elementor-heading-title.elementor-size-large{font-size:29px}.elementor-widget-heading .elementor-heading-title.elementor-size-xl{font-size:39px}.elementor-widget-heading .elementor-heading-title.elementor-size-xxl{font-size:59px}<\/style><h2 class=\"elementor-heading-title elementor-size-default\">Habit Fashion Forum<\/h2>\t\t<\/div>\n\t\t\t\t<\/div>\n\t\t\t\t<div class=\"elementor-element elementor-element-dc21fe1 elementor-widget elementor-widget-text-editor\" data-id=\"dc21fe1\" data-element_type=\"widget\" data-widget_type=\"text-editor.default\">\n\t\t\t\t<div class=\"elementor-widget-container\">\n\t\t\t<style>\/*! elementor - v3.20.0 - 20-03-2024 *\/\n.elementor-widget-text-editor.elementor-drop-cap-view-stacked .elementor-drop-cap{background-color:#69727d;color:#fff}.elementor-widget-text-editor.elementor-drop-cap-view-framed .elementor-drop-cap{color:#69727d;border:3px solid;background-color:transparent}.elementor-widget-text-editor:not(.elementor-drop-cap-view-default) .elementor-drop-cap{margin-top:8px}.elementor-widget-text-editor:not(.elementor-drop-cap-view-default) .elementor-drop-cap-letter{width:1em;height:1em}.elementor-widget-text-editor .elementor-drop-cap{float:left;text-align:center;line-height:1;font-size:50px}.elementor-widget-text-editor .elementor-drop-cap-letter{display:inline-block}<\/style>\t\t\t\t<p>\u00c4r en \u00e5rlig konferens som samlar ledare och innovat\u00f6rer inom modeindustrin f\u00f6r att lyfta och utforska trender, utmaningar och framtida m\u00f6jligheter. Habit Fashion Forum arrangeras av Habit Sko &amp; Mode och erbjuder inspirerande f\u00f6rel\u00e4sningar, paneldiskussioner och workshops. Det \u00e4r en plattform f\u00f6r att skapa v\u00e4rdefulla kontakter och utbyta id\u00e9er. Habit Fashion Forum v\u00e4nder sig till personer i ledande befattningar inom modebranschen.<\/p>\t\t\t\t\t\t<\/div>\n\t\t\t\t<\/div>\n\t\t\t\t<div class=\"elementor-element elementor-element-8dfd8f2 elementor-widget__width-initial elementor-widget elementor-widget-image\" data-id=\"8dfd8f2\" data-element_type=\"widget\" data-widget_type=\"image.default\">\n\t\t\t\t<div class=\"elementor-widget-container\">\n\t\t\t<style>\/*! elementor - v3.20.0 - 20-03-2024 *\/\n.elementor-widget-image{text-align:center}.elementor-widget-image a{display:inline-block}.elementor-widget-image a img[src$=\".svg\"]{width:48px}.elementor-widget-image img{vertical-align:middle;display:inline-block}<\/style>\t\t\t\t\t\t\t\t\t\t\t<a href=\"https:\/\/nmevents.se\/habitfashionforum\/program\/\">\n\t\t\t\t\t\t\t<img decoding=\"async\" width=\"300\" height=\"60\" src=\"https:\/\/nmevents.se\/habitfashionforum\/wp-content\/uploads\/sites\/29\/2024\/09\/Las-programmet-300x60.png\" class=\"attachment-medium size-medium wp-image-1579\" alt=\"\" srcset=\"https:\/\/nmevents.se\/habitfashionforum\/wp-content\/uploads\/sites\/29\/2024\/09\/Las-programmet-300x60.png 300w, https:\/\/nmevents.se\/habitfashionforum\/wp-content\/uploads\/sites\/29\/2024\/09\/Las-programmet.png 400w\" sizes=\"(max-width: 300px) 100vw, 300px\" \/>\t\t\t\t\t\t\t\t<\/a>\n\t\t\t\t\t\t\t\t\t\t\t\t\t<\/div>\n\t\t\t\t<\/div>\n\t\t\t\t<\/div>\n\t\t<div class=\"elementor-element elementor-element-be5b0ce e-con-full e-flex e-con e-child\" data-id=\"be5b0ce\" data-element_type=\"container\">\n\t\t\t\t<div class=\"elementor-element elementor-element-c211166 elementor-widget elementor-widget-image\" data-id=\"c211166\" data-element_type=\"widget\" data-widget_type=\"image.default\">\n\t\t\t\t<div class=\"elementor-widget-container\">\n\t\t\t\t\t\t\t\t\t\t\t\t\t<img fetchpriority=\"high\" decoding=\"async\" width=\"2560\" height=\"1920\" src=\"https:\/\/nmevents.se\/habitfashionforum\/wp-content\/uploads\/sites\/29\/2024\/08\/DSC05858-2-scaled.jpg\" class=\"attachment-full size-full wp-image-1460\" alt=\"\" srcset=\"https:\/\/nmevents.se\/habitfashionforum\/wp-content\/uploads\/sites\/29\/2024\/08\/DSC05858-2-scaled.jpg 2560w, https:\/\/nmevents.se\/habitfashionforum\/wp-content\/uploads\/sites\/29\/2024\/08\/DSC05858-2-300x225.jpg 300w, https:\/\/nmevents.se\/habitfashionforum\/wp-content\/uploads\/sites\/29\/2024\/08\/DSC05858-2-1024x768.jpg 1024w, https:\/\/nmevents.se\/habitfashionforum\/wp-content\/uploads\/sites\/29\/2024\/08\/DSC05858-2-768x576.jpg 768w, https:\/\/nmevents.se\/habitfashionforum\/wp-content\/uploads\/sites\/29\/2024\/08\/DSC05858-2-1536x1152.jpg 1536w, https:\/\/nmevents.se\/habitfashionforum\/wp-content\/uploads\/sites\/29\/2024\/08\/DSC05858-2-2048x1536.jpg 2048w\" sizes=\"(max-width: 2560px) 100vw, 2560px\" \/>\t\t\t\t\t\t\t\t\t\t\t\t\t<\/div>\n\t\t\t\t<\/div>\n\t\t\t\t<\/div>\n\t\t\t\t\t<\/div>\n\t\t\t\t<\/div>\n\t\t<div class=\"elementor-element elementor-element-e716028 e-flex e-con-boxed e-con e-parent\" data-id=\"e716028\" data-element_type=\"container\" data-core-v316-plus=\"true\">\n\t\t\t\t\t<div class=\"e-con-inner\">\n\t\t<div class=\"elementor-element elementor-element-61d0149 e-con-full e-flex e-con e-child\" data-id=\"61d0149\" data-element_type=\"container\">\n\t\t\t\t<div class=\"elementor-element elementor-element-b3b00a1 elementor-widget elementor-widget-image\" data-id=\"b3b00a1\" data-element_type=\"widget\" data-widget_type=\"image.default\">\n\t\t\t\t<div class=\"elementor-widget-container\">\n\t\t\t\t\t\t\t\t\t\t\t\t\t<img decoding=\"async\" width=\"666\" height=\"561\" src=\"https:\/\/nmevents.se\/habitfashionforum\/wp-content\/uploads\/sites\/29\/2024\/08\/Tidningskollageratt.png\" class=\"attachment-large size-large wp-image-1548\" alt=\"\" srcset=\"https:\/\/nmevents.se\/habitfashionforum\/wp-content\/uploads\/sites\/29\/2024\/08\/Tidningskollageratt.png 666w, https:\/\/nmevents.se\/habitfashionforum\/wp-content\/uploads\/sites\/29\/2024\/08\/Tidningskollageratt-300x253.png 300w\" sizes=\"(max-width: 666px) 100vw, 666px\" \/>\t\t\t\t\t\t\t\t\t\t\t\t\t<\/div>\n\t\t\t\t<\/div>\n\t\t\t\t<\/div>\n\t\t<div class=\"elementor-element elementor-element-1101db6 e-con-full e-flex e-con e-child\" data-id=\"1101db6\" data-element_type=\"container\">\n\t\t\t\t<div class=\"elementor-element elementor-element-ec1f428 elementor-widget elementor-widget-heading\" data-id=\"ec1f428\" data-element_type=\"widget\" data-widget_type=\"heading.default\">\n\t\t\t\t<div class=\"elementor-widget-container\">\n\t\t\t<h2 class=\"elementor-heading-title elementor-size-default\">Habit Sko&amp;Mode<\/h2>\t\t<\/div>\n\t\t\t\t<\/div>\n\t\t\t\t<div class=\"elementor-element elementor-element-0b770c8 elementor-widget elementor-widget-text-editor\" data-id=\"0b770c8\" data-element_type=\"widget\" data-widget_type=\"text-editor.default\">\n\t\t\t\t<div class=\"elementor-widget-container\">\n\t\t\t\t\t\t\t<p>Habit Sko &amp; Mode \u00e4r en skandinavisk facktidning f\u00f6r modeindustrin som startade 1961. Habit bevakar aff\u00e4rer och trender inom modebranschen. V\u00e5ra l\u00e4sare inkluderar enskilda kl\u00e4d- och skof\u00f6rs\u00e4ljare, kedjor, leverant\u00f6rer, distribut\u00f6rer och agenter. Habit ger ut fysiska magasin, levererar dagliga nyheter p\u00e5 Habit.se och arrangerar \u00e5rliga evenemang som Habit Fashion Forum, Habit Fashion Awards och Habit Impact Day.<\/p>\t\t\t\t\t\t<\/div>\n\t\t\t\t<\/div>\n\t\t\t\t<\/div>\n\t\t\t\t\t<\/div>\n\t\t\t\t<\/div>\n\t\t\t\t<\/div>\n\t\t","protected":false},"excerpt":{"rendered":"<p>Habit Fashion Forum \u00c4r en \u00e5rlig konferens som samlar ledare och innovat\u00f6rer inom modeindustrin f\u00f6r att lyfta och utforska trender, utmaningar och framtida m\u00f6jligheter. Habit Fashion Forum arrangeras av Habit Sko &amp; Mode och erbjuder inspirerande f\u00f6rel\u00e4sningar, paneldiskussioner och workshops. Det \u00e4r en plattform f\u00f6r att skapa v\u00e4rdefulla kontakter och utbyta id\u00e9er. Habit Fashion Forum [&hellip;]<\/p>\n","protected":false},"author":1,"featured_media":0,"parent":0,"menu_order":0,"comment_status":"closed","ping_status":"closed","template":"elementor_header_footer","meta":{"_acf_changed":false,"footnotes":""},"acf":[],"_links":{"self":[{"href":"https:\/\/nmevents.se\/habitfashionforum\/wp-json\/wp\/v2\/pages\/201"}],"collection":[{"href":"https:\/\/nmevents.se\/habitfashionforum\/wp-json\/wp\/v2\/pages"}],"about":[{"href":"https:\/\/nmevents.se\/habitfashionforum\/wp-json\/wp\/v2\/types\/page"}],"author":[{"embeddable":true,"href":"https:\/\/nmevents.se\/habitfashionforum\/wp-json\/wp\/v2\/users\/1"}],"replies":[{"embeddable":true,"href":"https:\/\/nmevents.se\/habitfashionforum\/wp-json\/wp\/v2\/comments?post=201"}],"version-history":[{"count":52,"href":"https:\/\/nmevents.se\/habitfashionforum\/wp-json\/wp\/v2\/pages\/201\/revisions"}],"predecessor-version":[{"id":1892,"href":"https:\/\/nmevents.se\/habitfashionforum\/wp-json\/wp\/v2\/pages\/201\/revisions\/1892"}],"wp:attachment":[{"href":"https:\/\/nmevents.se\/habitfashionforum\/wp-json\/wp\/v2\/media?parent=201"}],"curies":[{"name":"wp","href":"https:\/\/api.w.org\/{rel}","templated":true}]}}