{"id":696,"date":"2023-11-30T12:24:44","date_gmt":"2023-11-30T10:24:44","guid":{"rendered":"https:\/\/eventdk.nordiske-medier.dk\/pack-point-nordic\/?page_id=696"},"modified":"2024-09-10T11:36:40","modified_gmt":"2024-09-10T09:36:40","slug":"blipartner","status":"publish","type":"page","link":"https:\/\/nmevents.se\/habitfashionforum\/blipartner\/","title":{"rendered":"Become partner"},"content":{"rendered":"\t\t<div data-elementor-type=\"wp-page\" data-elementor-id=\"696\" class=\"elementor elementor-696\" data-elementor-post-type=\"page\">\n\t\t\t\t<div class=\"elementor-element elementor-element-96f1cfc e-flex e-con-boxed e-con e-parent\" data-id=\"96f1cfc\" data-element_type=\"container\" data-core-v316-plus=\"true\">\n\t\t\t\t\t<div class=\"e-con-inner\">\n\t\t\t\t<div class=\"elementor-element elementor-element-b80f838 elementor-widget elementor-widget-spacer\" data-id=\"b80f838\" data-element_type=\"widget\" data-widget_type=\"spacer.default\">\n\t\t\t\t<div class=\"elementor-widget-container\">\n\t\t\t<style>\/*! elementor - v3.20.0 - 20-03-2024 *\/\n.elementor-column .elementor-spacer-inner{height:var(--spacer-size)}.e-con{--container-widget-width:100%}.e-con-inner>.elementor-widget-spacer,.e-con>.elementor-widget-spacer{width:var(--container-widget-width,var(--spacer-size));--align-self:var(--container-widget-align-self,initial);--flex-shrink:0}.e-con-inner>.elementor-widget-spacer>.elementor-widget-container,.e-con>.elementor-widget-spacer>.elementor-widget-container{height:100%;width:100%}.e-con-inner>.elementor-widget-spacer>.elementor-widget-container>.elementor-spacer,.e-con>.elementor-widget-spacer>.elementor-widget-container>.elementor-spacer{height:100%}.e-con-inner>.elementor-widget-spacer>.elementor-widget-container>.elementor-spacer>.elementor-spacer-inner,.e-con>.elementor-widget-spacer>.elementor-widget-container>.elementor-spacer>.elementor-spacer-inner{height:var(--container-widget-height,var(--spacer-size))}.e-con-inner>.elementor-widget-spacer.elementor-widget-empty,.e-con>.elementor-widget-spacer.elementor-widget-empty{position:relative;min-height:22px;min-width:22px}.e-con-inner>.elementor-widget-spacer.elementor-widget-empty .elementor-widget-empty-icon,.e-con>.elementor-widget-spacer.elementor-widget-empty .elementor-widget-empty-icon{position:absolute;top:0;bottom:0;left:0;right:0;margin:auto;padding:0;width:22px;height:22px}<\/style>\t\t<div class=\"elementor-spacer\">\n\t\t\t<div class=\"elementor-spacer-inner\"><\/div>\n\t\t<\/div>\n\t\t\t\t<\/div>\n\t\t\t\t<\/div>\n\t\t\t\t\t<\/div>\n\t\t\t\t<\/div>\n\t\t<div class=\"elementor-element elementor-element-2712f8a e-flex e-con-boxed e-con e-parent\" data-id=\"2712f8a\" data-element_type=\"container\" data-core-v316-plus=\"true\">\n\t\t\t\t\t<div class=\"e-con-inner\">\n\t\t<div class=\"elementor-element elementor-element-1c85df4 e-con-full e-flex e-con e-child\" data-id=\"1c85df4\" data-element_type=\"container\">\n\t\t\t\t<div class=\"elementor-element elementor-element-d37d9bd elementor-widget elementor-widget-heading\" data-id=\"d37d9bd\" data-element_type=\"widget\" data-widget_type=\"heading.default\">\n\t\t\t\t<div class=\"elementor-widget-container\">\n\t\t\t<style>\/*! elementor - v3.20.0 - 20-03-2024 *\/\n.elementor-heading-title{padding:0;margin:0;line-height:1}.elementor-widget-heading .elementor-heading-title[class*=elementor-size-]>a{color:inherit;font-size:inherit;line-height:inherit}.elementor-widget-heading .elementor-heading-title.elementor-size-small{font-size:15px}.elementor-widget-heading .elementor-heading-title.elementor-size-medium{font-size:19px}.elementor-widget-heading .elementor-heading-title.elementor-size-large{font-size:29px}.elementor-widget-heading .elementor-heading-title.elementor-size-xl{font-size:39px}.elementor-widget-heading .elementor-heading-title.elementor-size-xxl{font-size:59px}<\/style><h2 class=\"elementor-heading-title elementor-size-default\">Partnerskap<\/h2>\t\t<\/div>\n\t\t\t\t<\/div>\n\t\t\t\t<div class=\"elementor-element elementor-element-1785686 elementor-widget elementor-widget-spacer\" data-id=\"1785686\" data-element_type=\"widget\" data-widget_type=\"spacer.default\">\n\t\t\t\t<div class=\"elementor-widget-container\">\n\t\t\t\t\t<div class=\"elementor-spacer\">\n\t\t\t<div class=\"elementor-spacer-inner\"><\/div>\n\t\t<\/div>\n\t\t\t\t<\/div>\n\t\t\t\t<\/div>\n\t\t\t\t<div class=\"elementor-element elementor-element-f3b8e47 elementor-widget elementor-widget-text-editor\" data-id=\"f3b8e47\" data-element_type=\"widget\" data-widget_type=\"text-editor.default\">\n\t\t\t\t<div class=\"elementor-widget-container\">\n\t\t\t<style>\/*! elementor - v3.20.0 - 20-03-2024 *\/\n.elementor-widget-text-editor.elementor-drop-cap-view-stacked .elementor-drop-cap{background-color:#69727d;color:#fff}.elementor-widget-text-editor.elementor-drop-cap-view-framed .elementor-drop-cap{color:#69727d;border:3px solid;background-color:transparent}.elementor-widget-text-editor:not(.elementor-drop-cap-view-default) .elementor-drop-cap{margin-top:8px}.elementor-widget-text-editor:not(.elementor-drop-cap-view-default) .elementor-drop-cap-letter{width:1em;height:1em}.elementor-widget-text-editor .elementor-drop-cap{float:left;text-align:center;line-height:1;font-size:50px}.elementor-widget-text-editor .elementor-drop-cap-letter{display:inline-block}<\/style>\t\t\t\t<p>Habit Fashion Forum erbjuder h\u00f6gkvalitativa, dynamiska och professionella aff\u00e4rsplattformar inom modeindustrin. V\u00e5r ambition \u00e4r att sprida kunskap och insikter samt att driva viktiga branschfr\u00e5gor, alltid i samarbete med toppexperter och branschexempel.<\/p>\n<p>Som partner har du m\u00f6jlighet att skapa inneh\u00e5ll och, med din expertis, visa modeindustrin hur ditt f\u00f6retag kan tillf\u00f6ra v\u00e4rde till aff\u00e4rsledare inom Habits aff\u00e4rsn\u00e4tverk.<\/p>\n<p><strong>Scenn\u00e4rvaro<\/strong><\/p>\n<p>Driv en branschfr\u00e5ga och dela med dig av din expertis genom en kundfallstudie eller ett intervju.<\/p>\n<p><strong>Aff\u00e4rsn\u00e4tverk<\/strong><\/p>\n<p>N\u00e4tverka med kunder, framtida klienter och aff\u00e4rspartners.<\/p>\n<p><strong>Kunskap\/inspiration<\/strong><\/p>\n<p>F\u00f6rv\u00e4rva kunskap f\u00f6r dig sj\u00e4lv och dina kollegor, och f\u00e5 relevanta insikter fr\u00e5n branschens ledande representanter och entrepren\u00f6rer.<\/p>\t\t\t\t\t\t<\/div>\n\t\t\t\t<\/div>\n\t\t\t\t<\/div>\n\t\t\t\t<div class=\"elementor-element elementor-element-a9ff844 elementor-widget elementor-widget-spacer\" data-id=\"a9ff844\" data-element_type=\"widget\" data-widget_type=\"spacer.default\">\n\t\t\t\t<div class=\"elementor-widget-container\">\n\t\t\t\t\t<div class=\"elementor-spacer\">\n\t\t\t<div class=\"elementor-spacer-inner\"><\/div>\n\t\t<\/div>\n\t\t\t\t<\/div>\n\t\t\t\t<\/div>\n\t\t<div class=\"elementor-element elementor-element-d28755c e-con-full e-flex e-con e-child\" data-id=\"d28755c\" data-element_type=\"container\">\n\t\t\t\t<div class=\"elementor-element elementor-element-3792e49 elementor-widget__width-initial elementor-widget elementor-widget-image\" data-id=\"3792e49\" data-element_type=\"widget\" data-widget_type=\"image.default\">\n\t\t\t\t<div class=\"elementor-widget-container\">\n\t\t\t<style>\/*! elementor - v3.20.0 - 20-03-2024 *\/\n.elementor-widget-image{text-align:center}.elementor-widget-image a{display:inline-block}.elementor-widget-image a img[src$=\".svg\"]{width:48px}.elementor-widget-image img{vertical-align:middle;display:inline-block}<\/style>\t\t\t\t\t\t\t\t\t\t<img fetchpriority=\"high\" decoding=\"async\" width=\"768\" height=\"768\" src=\"https:\/\/nmevents.se\/habitfashionforum\/wp-content\/uploads\/sites\/29\/2024\/09\/DSC02262_VALD_fix-kopiera-768x768.jpg\" class=\"attachment-medium_large size-medium_large wp-image-1606\" alt=\"\" srcset=\"https:\/\/nmevents.se\/habitfashionforum\/wp-content\/uploads\/sites\/29\/2024\/09\/DSC02262_VALD_fix-kopiera-768x768.jpg 768w, https:\/\/nmevents.se\/habitfashionforum\/wp-content\/uploads\/sites\/29\/2024\/09\/DSC02262_VALD_fix-kopiera-300x300.jpg 300w, https:\/\/nmevents.se\/habitfashionforum\/wp-content\/uploads\/sites\/29\/2024\/09\/DSC02262_VALD_fix-kopiera-150x150.jpg 150w, https:\/\/nmevents.se\/habitfashionforum\/wp-content\/uploads\/sites\/29\/2024\/09\/DSC02262_VALD_fix-kopiera.jpg 1000w\" sizes=\"(max-width: 768px) 100vw, 768px\" \/>\t\t\t\t\t\t\t\t\t\t\t\t\t<\/div>\n\t\t\t\t<\/div>\n\t\t\t\t<div class=\"elementor-element elementor-element-dae6387 elementor-widget__width-initial elementor-widget elementor-widget-text-editor\" data-id=\"dae6387\" data-element_type=\"widget\" data-widget_type=\"text-editor.default\">\n\t\t\t\t<div class=\"elementor-widget-container\">\n\t\t\t\t\t\t\t<p class=\"staff-member-name\"><b>Martin G\u00f6rhed<\/b><br \/>Partneransvarig<br \/>+46 (0)70 995 13 37<br \/>martin.gorhed@nordiskemedier.se<\/p>\t\t\t\t\t\t<\/div>\n\t\t\t\t<\/div>\n\t\t\t\t<\/div>\n\t\t\t\t\t<\/div>\n\t\t\t\t<\/div>\n\t\t\t\t<\/div>\n\t\t","protected":false},"excerpt":{"rendered":"<p>Partnerskap Habit Fashion Forum erbjuder h\u00f6gkvalitativa, dynamiska och professionella aff\u00e4rsplattformar inom modeindustrin. V\u00e5r ambition \u00e4r att sprida kunskap och insikter samt att driva viktiga branschfr\u00e5gor, alltid i samarbete med toppexperter och branschexempel. Som partner har du m\u00f6jlighet att skapa inneh\u00e5ll och, med din expertis, visa modeindustrin hur ditt f\u00f6retag kan tillf\u00f6ra v\u00e4rde till aff\u00e4rsledare inom [&hellip;]<\/p>\n","protected":false},"author":1,"featured_media":0,"parent":0,"menu_order":0,"comment_status":"closed","ping_status":"closed","template":"elementor_header_footer","meta":{"_acf_changed":false,"footnotes":""},"acf":[],"_links":{"self":[{"href":"https:\/\/nmevents.se\/habitfashionforum\/wp-json\/wp\/v2\/pages\/696"}],"collection":[{"href":"https:\/\/nmevents.se\/habitfashionforum\/wp-json\/wp\/v2\/pages"}],"about":[{"href":"https:\/\/nmevents.se\/habitfashionforum\/wp-json\/wp\/v2\/types\/page"}],"author":[{"embeddable":true,"href":"https:\/\/nmevents.se\/habitfashionforum\/wp-json\/wp\/v2\/users\/1"}],"replies":[{"embeddable":true,"href":"https:\/\/nmevents.se\/habitfashionforum\/wp-json\/wp\/v2\/comments?post=696"}],"version-history":[{"count":28,"href":"https:\/\/nmevents.se\/habitfashionforum\/wp-json\/wp\/v2\/pages\/696\/revisions"}],"predecessor-version":[{"id":1876,"href":"https:\/\/nmevents.se\/habitfashionforum\/wp-json\/wp\/v2\/pages\/696\/revisions\/1876"}],"wp:attachment":[{"href":"https:\/\/nmevents.se\/habitfashionforum\/wp-json\/wp\/v2\/media?parent=696"}],"curies":[{"name":"wp","href":"https:\/\/api.w.org\/{rel}","templated":true}]}}