{"id":17,"date":"2023-11-06T11:17:16","date_gmt":"2023-11-06T11:17:16","guid":{"rendered":"https:\/\/eventdk4_.nordiske-medier.dk4_\/?page_id=17"},"modified":"2025-11-10T11:30:17","modified_gmt":"2025-11-10T10:30:17","slug":"kontakt","status":"publish","type":"page","link":"https:\/\/nmevents.se\/habitimpactday\/om-oss\/kontakt\/","title":{"rendered":"Kontakt"},"content":{"rendered":"\t\t<div data-elementor-type=\"wp-page\" data-elementor-id=\"17\" class=\"elementor elementor-17\" data-elementor-post-type=\"page\">\n\t\t\t\t<div class=\"elementor-element elementor-element-f49d677 e-flex e-con-boxed e-con e-parent\" data-id=\"f49d677\" data-element_type=\"container\" data-core-v316-plus=\"true\">\n\t\t\t\t\t<div class=\"e-con-inner\">\n\t\t\t\t<div class=\"elementor-element elementor-element-e722dea elementor-widget elementor-widget-spacer\" data-id=\"e722dea\" data-element_type=\"widget\" data-widget_type=\"spacer.default\">\n\t\t\t\t<div class=\"elementor-widget-container\">\n\t\t\t<style>\/*! elementor - v3.20.0 - 20-03-2024 *\/\n.elementor-column .elementor-spacer-inner{height:var(--spacer-size)}.e-con{--container-widget-width:100%}.e-con-inner>.elementor-widget-spacer,.e-con>.elementor-widget-spacer{width:var(--container-widget-width,var(--spacer-size));--align-self:var(--container-widget-align-self,initial);--flex-shrink:0}.e-con-inner>.elementor-widget-spacer>.elementor-widget-container,.e-con>.elementor-widget-spacer>.elementor-widget-container{height:100%;width:100%}.e-con-inner>.elementor-widget-spacer>.elementor-widget-container>.elementor-spacer,.e-con>.elementor-widget-spacer>.elementor-widget-container>.elementor-spacer{height:100%}.e-con-inner>.elementor-widget-spacer>.elementor-widget-container>.elementor-spacer>.elementor-spacer-inner,.e-con>.elementor-widget-spacer>.elementor-widget-container>.elementor-spacer>.elementor-spacer-inner{height:var(--container-widget-height,var(--spacer-size))}.e-con-inner>.elementor-widget-spacer.elementor-widget-empty,.e-con>.elementor-widget-spacer.elementor-widget-empty{position:relative;min-height:22px;min-width:22px}.e-con-inner>.elementor-widget-spacer.elementor-widget-empty .elementor-widget-empty-icon,.e-con>.elementor-widget-spacer.elementor-widget-empty .elementor-widget-empty-icon{position:absolute;top:0;bottom:0;left:0;right:0;margin:auto;padding:0;width:22px;height:22px}<\/style>\t\t<div class=\"elementor-spacer\">\n\t\t\t<div class=\"elementor-spacer-inner\"><\/div>\n\t\t<\/div>\n\t\t\t\t<\/div>\n\t\t\t\t<\/div>\n\t\t\t\t\t<\/div>\n\t\t\t\t<\/div>\n\t\t<div class=\"elementor-element elementor-element-1df7320 e-flex e-con-boxed e-con e-parent\" data-id=\"1df7320\" data-element_type=\"container\" data-core-v316-plus=\"true\">\n\t\t\t\t\t<div class=\"e-con-inner\">\n\t\t<div class=\"elementor-element elementor-element-36d6a53 e-con-full e-flex e-con e-child\" data-id=\"36d6a53\" data-element_type=\"container\">\n\t\t\t\t<div class=\"elementor-element elementor-element-9112124 elementor-widget elementor-widget-image\" data-id=\"9112124\" data-element_type=\"widget\" data-widget_type=\"image.default\">\n\t\t\t\t<div class=\"elementor-widget-container\">\n\t\t\t<style>\/*! elementor - v3.20.0 - 20-03-2024 *\/\n.elementor-widget-image{text-align:center}.elementor-widget-image a{display:inline-block}.elementor-widget-image a img[src$=\".svg\"]{width:48px}.elementor-widget-image img{vertical-align:middle;display:inline-block}<\/style>\t\t\t\t\t\t\t\t\t\t<img fetchpriority=\"high\" decoding=\"async\" width=\"768\" height=\"512\" src=\"https:\/\/nmevents.se\/habitimpactday\/wp-content\/uploads\/sites\/20\/2025\/11\/Tomas-Wannberg_svv-768x512-1.jpg\" class=\"attachment-large size-large wp-image-3263\" alt=\"\" srcset=\"https:\/\/nmevents.se\/habitimpactday\/wp-content\/uploads\/sites\/20\/2025\/11\/Tomas-Wannberg_svv-768x512-1.jpg 768w, https:\/\/nmevents.se\/habitimpactday\/wp-content\/uploads\/sites\/20\/2025\/11\/Tomas-Wannberg_svv-768x512-1-300x200.jpg 300w\" sizes=\"(max-width: 768px) 100vw, 768px\" \/>\t\t\t\t\t\t\t\t\t\t\t\t\t<\/div>\n\t\t\t\t<\/div>\n\t\t\t\t<div class=\"elementor-element elementor-element-24b9c99 elementor-widget elementor-widget-heading\" data-id=\"24b9c99\" data-element_type=\"widget\" data-widget_type=\"heading.default\">\n\t\t\t\t<div class=\"elementor-widget-container\">\n\t\t\t<style>\/*! elementor - v3.20.0 - 20-03-2024 *\/\n.elementor-heading-title{padding:0;margin:0;line-height:1}.elementor-widget-heading .elementor-heading-title[class*=elementor-size-]>a{color:inherit;font-size:inherit;line-height:inherit}.elementor-widget-heading .elementor-heading-title.elementor-size-small{font-size:15px}.elementor-widget-heading .elementor-heading-title.elementor-size-medium{font-size:19px}.elementor-widget-heading .elementor-heading-title.elementor-size-large{font-size:29px}.elementor-widget-heading .elementor-heading-title.elementor-size-xl{font-size:39px}.elementor-widget-heading .elementor-heading-title.elementor-size-xxl{font-size:59px}<\/style><h3 class=\"elementor-heading-title elementor-size-default\">Tomas Wannberg<\/h3>\t\t<\/div>\n\t\t\t\t<\/div>\n\t\t\t\t<div class=\"elementor-element elementor-element-1d3ed8f elementor-widget elementor-widget-text-editor\" data-id=\"1d3ed8f\" data-element_type=\"widget\" data-widget_type=\"text-editor.default\">\n\t\t\t\t<div class=\"elementor-widget-container\">\n\t\t\t<style>\/*! elementor - v3.20.0 - 20-03-2024 *\/\n.elementor-widget-text-editor.elementor-drop-cap-view-stacked .elementor-drop-cap{background-color:#69727d;color:#fff}.elementor-widget-text-editor.elementor-drop-cap-view-framed .elementor-drop-cap{color:#69727d;border:3px solid;background-color:transparent}.elementor-widget-text-editor:not(.elementor-drop-cap-view-default) .elementor-drop-cap{margin-top:8px}.elementor-widget-text-editor:not(.elementor-drop-cap-view-default) .elementor-drop-cap-letter{width:1em;height:1em}.elementor-widget-text-editor .elementor-drop-cap{float:left;text-align:center;line-height:1;font-size:50px}.elementor-widget-text-editor .elementor-drop-cap-letter{display:inline-block}<\/style>\t\t\t\t<p>Projektledare\u00a0<br \/>+46 (0)73 682 53 50<br \/>tomas.wannberg<a href=\"mailto:marc.feucht@nordiskemedier.se\">@nordiskemedier.se<\/a><\/p>\t\t\t\t\t\t<\/div>\n\t\t\t\t<\/div>\n\t\t\t\t<\/div>\n\t\t<div class=\"elementor-element elementor-element-ac9732f e-con-full e-flex e-con e-child\" data-id=\"ac9732f\" data-element_type=\"container\">\n\t\t\t\t<div class=\"elementor-element elementor-element-a4789f2 elementor-widget elementor-widget-image\" data-id=\"a4789f2\" data-element_type=\"widget\" data-widget_type=\"image.default\">\n\t\t\t\t<div class=\"elementor-widget-container\">\n\t\t\t\t\t\t\t\t\t\t\t\t\t<img decoding=\"async\" width=\"800\" height=\"534\" src=\"https:\/\/nmevents.se\/habitimpactday\/wp-content\/uploads\/sites\/20\/2025\/02\/Freddy-Bustos_svv-1024x683.jpg\" class=\"attachment-large size-large wp-image-1781\" alt=\"\" srcset=\"https:\/\/nmevents.se\/habitimpactday\/wp-content\/uploads\/sites\/20\/2025\/02\/Freddy-Bustos_svv-1024x683.jpg 1024w, https:\/\/nmevents.se\/habitimpactday\/wp-content\/uploads\/sites\/20\/2025\/02\/Freddy-Bustos_svv-300x200.jpg 300w, https:\/\/nmevents.se\/habitimpactday\/wp-content\/uploads\/sites\/20\/2025\/02\/Freddy-Bustos_svv-768x512.jpg 768w, https:\/\/nmevents.se\/habitimpactday\/wp-content\/uploads\/sites\/20\/2025\/02\/Freddy-Bustos_svv-1536x1024.jpg 1536w, https:\/\/nmevents.se\/habitimpactday\/wp-content\/uploads\/sites\/20\/2025\/02\/Freddy-Bustos_svv-2048x1366.jpg 2048w\" sizes=\"(max-width: 800px) 100vw, 800px\" \/>\t\t\t\t\t\t\t\t\t\t\t\t\t<\/div>\n\t\t\t\t<\/div>\n\t\t\t\t<div class=\"elementor-element elementor-element-7802752 elementor-widget elementor-widget-heading\" data-id=\"7802752\" data-element_type=\"widget\" data-widget_type=\"heading.default\">\n\t\t\t\t<div class=\"elementor-widget-container\">\n\t\t\t<h3 class=\"elementor-heading-title elementor-size-default\">Freddy Bustos<\/h3>\t\t<\/div>\n\t\t\t\t<\/div>\n\t\t\t\t<div class=\"elementor-element elementor-element-fe9ce8e elementor-widget elementor-widget-text-editor\" data-id=\"fe9ce8e\" data-element_type=\"widget\" data-widget_type=\"text-editor.default\">\n\t\t\t\t<div class=\"elementor-widget-container\">\n\t\t\t\t\t\t\t<p>F\u00f6rs\u00e4ljningschef<br \/>+46 (0)73 682 53 13<br \/><a href=\"mailto:freddy.bustos@nordiskemedier.se\">freddy.bustos@nordiskemedier.se<\/a><\/p>\t\t\t\t\t\t<\/div>\n\t\t\t\t<\/div>\n\t\t\t\t<\/div>\n\t\t<div class=\"elementor-element elementor-element-4899c6f e-con-full e-flex e-con e-child\" data-id=\"4899c6f\" data-element_type=\"container\">\n\t\t\t\t<div class=\"elementor-element elementor-element-8c89aa8 elementor-widget elementor-widget-image\" data-id=\"8c89aa8\" data-element_type=\"widget\" data-widget_type=\"image.default\">\n\t\t\t\t<div class=\"elementor-widget-container\">\n\t\t\t\t\t\t\t\t\t\t\t\t\t<img decoding=\"async\" width=\"800\" height=\"534\" src=\"https:\/\/nmevents.se\/habitimpactday\/wp-content\/uploads\/sites\/20\/2025\/01\/Kajsa-Astrom_svv-1024x683.jpg\" class=\"attachment-large size-large wp-image-1116\" alt=\"\" srcset=\"https:\/\/nmevents.se\/habitimpactday\/wp-content\/uploads\/sites\/20\/2025\/01\/Kajsa-Astrom_svv-1024x683.jpg 1024w, https:\/\/nmevents.se\/habitimpactday\/wp-content\/uploads\/sites\/20\/2025\/01\/Kajsa-Astrom_svv-300x200.jpg 300w, https:\/\/nmevents.se\/habitimpactday\/wp-content\/uploads\/sites\/20\/2025\/01\/Kajsa-Astrom_svv-768x512.jpg 768w, https:\/\/nmevents.se\/habitimpactday\/wp-content\/uploads\/sites\/20\/2025\/01\/Kajsa-Astrom_svv-1536x1024.jpg 1536w, https:\/\/nmevents.se\/habitimpactday\/wp-content\/uploads\/sites\/20\/2025\/01\/Kajsa-Astrom_svv-2048x1366.jpg 2048w\" sizes=\"(max-width: 800px) 100vw, 800px\" \/>\t\t\t\t\t\t\t\t\t\t\t\t\t<\/div>\n\t\t\t\t<\/div>\n\t\t\t\t<div class=\"elementor-element elementor-element-fa5b147 elementor-widget elementor-widget-heading\" data-id=\"fa5b147\" data-element_type=\"widget\" data-widget_type=\"heading.default\">\n\t\t\t\t<div class=\"elementor-widget-container\">\n\t\t\t<h3 class=\"elementor-heading-title elementor-size-default\">Kajsa \u00c5str\u00f6m<\/h3>\t\t<\/div>\n\t\t\t\t<\/div>\n\t\t\t\t<div class=\"elementor-element elementor-element-6a4ce83 elementor-widget elementor-widget-text-editor\" data-id=\"6a4ce83\" data-element_type=\"widget\" data-widget_type=\"text-editor.default\">\n\t\t\t\t<div class=\"elementor-widget-container\">\n\t\t\t\t\t\t\t<p>Chefredakt\u00f6r Habit Sko&amp;Mode<br \/>+46 (0)73 682 53 91<br \/><a class=\"\" href=\"mailto:kajsa.astrom@nordiskemedier.se\">kajsa.astrom@nordiskemedier.se<\/a><\/p>\t\t\t\t\t\t<\/div>\n\t\t\t\t<\/div>\n\t\t\t\t<\/div>\n\t\t\t\t\t<\/div>\n\t\t\t\t<\/div>\n\t\t<div class=\"elementor-element elementor-element-631dc2d e-flex e-con-boxed e-con e-parent\" data-id=\"631dc2d\" data-element_type=\"container\" data-core-v316-plus=\"true\">\n\t\t\t\t\t<div class=\"e-con-inner\">\n\t\t\t\t<div class=\"elementor-element elementor-element-8cf0ece elementor-widget elementor-widget-spacer\" data-id=\"8cf0ece\" data-element_type=\"widget\" data-widget_type=\"spacer.default\">\n\t\t\t\t<div class=\"elementor-widget-container\">\n\t\t\t\t\t<div class=\"elementor-spacer\">\n\t\t\t<div class=\"elementor-spacer-inner\"><\/div>\n\t\t<\/div>\n\t\t\t\t<\/div>\n\t\t\t\t<\/div>\n\t\t\t\t\t<\/div>\n\t\t\t\t<\/div>\n\t\t\t\t<\/div>\n\t\t","protected":false},"excerpt":{"rendered":"<p>Tomas Wannberg Projektledare\u00a0+46 (0)73 682 53 50tomas.wannberg@nordiskemedier.se Freddy Bustos F\u00f6rs\u00e4ljningschef+46 (0)73 682 53 13freddy.bustos@nordiskemedier.se Kajsa \u00c5str\u00f6m Chefredakt\u00f6r Habit Sko&amp;Mode+46 (0)73 682 53 91kajsa.astrom@nordiskemedier.se<\/p>\n","protected":false},"author":1,"featured_media":0,"parent":201,"menu_order":0,"comment_status":"closed","ping_status":"closed","template":"elementor_header_footer","meta":{"_acf_changed":false,"footnotes":""},"acf":[],"_links":{"self":[{"href":"https:\/\/nmevents.se\/habitimpactday\/wp-json\/wp\/v2\/pages\/17"}],"collection":[{"href":"https:\/\/nmevents.se\/habitimpactday\/wp-json\/wp\/v2\/pages"}],"about":[{"href":"https:\/\/nmevents.se\/habitimpactday\/wp-json\/wp\/v2\/types\/page"}],"author":[{"embeddable":true,"href":"https:\/\/nmevents.se\/habitimpactday\/wp-json\/wp\/v2\/users\/1"}],"replies":[{"embeddable":true,"href":"https:\/\/nmevents.se\/habitimpactday\/wp-json\/wp\/v2\/comments?post=17"}],"version-history":[{"count":43,"href":"https:\/\/nmevents.se\/habitimpactday\/wp-json\/wp\/v2\/pages\/17\/revisions"}],"predecessor-version":[{"id":3287,"href":"https:\/\/nmevents.se\/habitimpactday\/wp-json\/wp\/v2\/pages\/17\/revisions\/3287"}],"up":[{"embeddable":true,"href":"https:\/\/nmevents.se\/habitimpactday\/wp-json\/wp\/v2\/pages\/201"}],"wp:attachment":[{"href":"https:\/\/nmevents.se\/habitimpactday\/wp-json\/wp\/v2\/media?parent=17"}],"curies":[{"name":"wp","href":"https:\/\/api.w.org\/{rel}","templated":true}]}}