{"id":696,"date":"2023-11-30T12:24:44","date_gmt":"2023-11-30T10:24:44","guid":{"rendered":"https:\/\/eventdk.nordiske-medier.dk\/pack-point-nordic\/?page_id=696"},"modified":"2026-02-10T15:33:57","modified_gmt":"2026-02-10T14:33:57","slug":"bli-partner","status":"publish","type":"page","link":"https:\/\/nmevents.se\/habitimpactday\/bli-partner\/","title":{"rendered":"Bli partner"},"content":{"rendered":"\t\t<div data-elementor-type=\"wp-page\" data-elementor-id=\"696\" class=\"elementor elementor-696\" data-elementor-post-type=\"page\">\n\t\t\t\t<div class=\"elementor-element elementor-element-fd143d9 e-flex e-con-boxed e-con e-parent\" data-id=\"fd143d9\" data-element_type=\"container\" data-core-v316-plus=\"true\">\n\t\t\t\t\t<div class=\"e-con-inner\">\n\t\t\t\t<div class=\"elementor-element elementor-element-efd2349 elementor-widget elementor-widget-spacer\" data-id=\"efd2349\" data-element_type=\"widget\" data-widget_type=\"spacer.default\">\n\t\t\t\t<div class=\"elementor-widget-container\">\n\t\t\t<style>\/*! elementor - v3.20.0 - 20-03-2024 *\/\n.elementor-column .elementor-spacer-inner{height:var(--spacer-size)}.e-con{--container-widget-width:100%}.e-con-inner>.elementor-widget-spacer,.e-con>.elementor-widget-spacer{width:var(--container-widget-width,var(--spacer-size));--align-self:var(--container-widget-align-self,initial);--flex-shrink:0}.e-con-inner>.elementor-widget-spacer>.elementor-widget-container,.e-con>.elementor-widget-spacer>.elementor-widget-container{height:100%;width:100%}.e-con-inner>.elementor-widget-spacer>.elementor-widget-container>.elementor-spacer,.e-con>.elementor-widget-spacer>.elementor-widget-container>.elementor-spacer{height:100%}.e-con-inner>.elementor-widget-spacer>.elementor-widget-container>.elementor-spacer>.elementor-spacer-inner,.e-con>.elementor-widget-spacer>.elementor-widget-container>.elementor-spacer>.elementor-spacer-inner{height:var(--container-widget-height,var(--spacer-size))}.e-con-inner>.elementor-widget-spacer.elementor-widget-empty,.e-con>.elementor-widget-spacer.elementor-widget-empty{position:relative;min-height:22px;min-width:22px}.e-con-inner>.elementor-widget-spacer.elementor-widget-empty .elementor-widget-empty-icon,.e-con>.elementor-widget-spacer.elementor-widget-empty .elementor-widget-empty-icon{position:absolute;top:0;bottom:0;left:0;right:0;margin:auto;padding:0;width:22px;height:22px}<\/style>\t\t<div class=\"elementor-spacer\">\n\t\t\t<div class=\"elementor-spacer-inner\"><\/div>\n\t\t<\/div>\n\t\t\t\t<\/div>\n\t\t\t\t<\/div>\n\t\t\t\t\t<\/div>\n\t\t\t\t<\/div>\n\t\t<div class=\"elementor-element elementor-element-b496091 e-flex e-con-boxed e-con e-parent\" data-id=\"b496091\" data-element_type=\"container\" data-core-v316-plus=\"true\">\n\t\t\t\t\t<div class=\"e-con-inner\">\n\t\t\t\t<div class=\"elementor-element elementor-element-a950899 elementor-widget elementor-widget-spacer\" data-id=\"a950899\" data-element_type=\"widget\" data-widget_type=\"spacer.default\">\n\t\t\t\t<div class=\"elementor-widget-container\">\n\t\t\t\t\t<div class=\"elementor-spacer\">\n\t\t\t<div class=\"elementor-spacer-inner\"><\/div>\n\t\t<\/div>\n\t\t\t\t<\/div>\n\t\t\t\t<\/div>\n\t\t\t\t\t<\/div>\n\t\t\t\t<\/div>\n\t\t<div class=\"elementor-element elementor-element-811ffdd e-flex e-con-boxed e-con e-parent\" data-id=\"811ffdd\" data-element_type=\"container\" data-core-v316-plus=\"true\">\n\t\t\t\t\t<div class=\"e-con-inner\">\n\t\t<div class=\"elementor-element elementor-element-14056ea e-con-full e-flex e-con e-child\" data-id=\"14056ea\" data-element_type=\"container\" data-settings=\"{&quot;background_background&quot;:&quot;gradient&quot;}\">\n\t\t\t\t<div class=\"elementor-element elementor-element-51c0119 elementor-widget elementor-widget-text-editor\" data-id=\"51c0119\" data-element_type=\"widget\" data-widget_type=\"text-editor.default\">\n\t\t\t\t<div class=\"elementor-widget-container\">\n\t\t\t<style>\/*! elementor - v3.20.0 - 20-03-2024 *\/\n.elementor-widget-text-editor.elementor-drop-cap-view-stacked .elementor-drop-cap{background-color:#69727d;color:#fff}.elementor-widget-text-editor.elementor-drop-cap-view-framed .elementor-drop-cap{color:#69727d;border:3px solid;background-color:transparent}.elementor-widget-text-editor:not(.elementor-drop-cap-view-default) .elementor-drop-cap{margin-top:8px}.elementor-widget-text-editor:not(.elementor-drop-cap-view-default) .elementor-drop-cap-letter{width:1em;height:1em}.elementor-widget-text-editor .elementor-drop-cap{float:left;text-align:center;line-height:1;font-size:50px}.elementor-widget-text-editor .elementor-drop-cap-letter{display:inline-block}<\/style>\t\t\t\t<p><em>Vill ni delta som partner<br \/>med m\u00f6jlighet att st\u00e4lla ut?<\/em><\/p>\t\t\t\t\t\t<\/div>\n\t\t\t\t<\/div>\n\t\t\t\t<div class=\"elementor-element elementor-element-cf80370 elementor-widget elementor-widget-text-editor\" data-id=\"cf80370\" data-element_type=\"widget\" data-widget_type=\"text-editor.default\">\n\t\t\t\t<div class=\"elementor-widget-container\">\n\t\t\t\t\t\t\t<p><strong>Habit Impact Day 2026<\/strong>\u00a0ger er m\u00f6jlighet att lyfta fram era produkter och tj\u00e4nster f\u00f6r mode- och textilbranschen. Som partner f\u00e5r ni chansen att st\u00e4rka ert varum\u00e4rke och n\u00e5 en m\u00e5lgrupp som aktivt s\u00f6ker l\u00f6sningar f\u00f6r hur branschen kan st\u00e4lla om mot en mer h\u00e5llbar framtid.<\/p>\t\t\t\t\t\t<\/div>\n\t\t\t\t<\/div>\n\t\t\t\t<div class=\"elementor-element elementor-element-53882bb elementor-widget elementor-widget-text-editor\" data-id=\"53882bb\" data-element_type=\"widget\" data-widget_type=\"text-editor.default\">\n\t\t\t\t<div class=\"elementor-widget-container\">\n\t\t\t\t\t\t\t<ul><li><strong>\u00d6kad synlighet<\/strong> \u2013 F\u00e5 exponering bland beslutsfattare och andra nyckelpersoner som \u00e4r engagerade i branschens h\u00e5llbara utveckling.<\/li><li><strong>Direkt kontakt med branschens beslutsfattare<\/strong> \u2013 Skapa personliga m\u00f6ten med personer som \u00e4r centrala f\u00f6r att driva f\u00f6r\u00e4ndring inom mode och textil.<\/li><li><strong>St\u00e4rk ert n\u00e4tverk<\/strong> \u2013 Bygg l\u00e5ngsiktiga relationer med andra akt\u00f6rer inom branschen och skapa samarbetsm\u00f6jligheter f\u00f6r framtiden.<\/li><\/ul><p><span style=\"text-decoration: underline;\"><a href=\"https:\/\/f.nordiskemedier.dk\/2zfot7gw49v6fh1a.pdf\" target=\"_blank\" rel=\"noopener\"><strong>For information in English please click here<\/strong><\/a><\/span><\/p>\t\t\t\t\t\t<\/div>\n\t\t\t\t<\/div>\n\t\t\t\t<\/div>\n\t\t<div class=\"elementor-element elementor-element-cf43cab e-con-full e-flex e-con e-child\" data-id=\"cf43cab\" data-element_type=\"container\">\n\t\t\t\t<div class=\"elementor-element elementor-element-b37ea56 elementor-widget elementor-widget-text-editor\" data-id=\"b37ea56\" data-element_type=\"widget\" data-widget_type=\"text-editor.default\">\n\t\t\t\t<div class=\"elementor-widget-container\">\n\t\t\t\t\t\t\t<p>Partnerskapspaket och priser<\/p>\t\t\t\t\t\t<\/div>\n\t\t\t\t<\/div>\n\t\t\t\t<div class=\"elementor-element elementor-element-503e30e elementor-widget elementor-widget-text-editor\" data-id=\"503e30e\" data-element_type=\"widget\" data-widget_type=\"text-editor.default\">\n\t\t\t\t<div class=\"elementor-widget-container\">\n\t\t\t\t\t\t\t<p><strong>Premiumpaket: 85 000 SEK<\/strong><\/p>\t\t\t\t\t\t<\/div>\n\t\t\t\t<\/div>\n\t\t\t\t<div class=\"elementor-element elementor-element-8d8510a elementor-widget elementor-widget-text-editor\" data-id=\"8d8510a\" data-element_type=\"widget\" data-widget_type=\"text-editor.default\">\n\t\t\t\t<div class=\"elementor-widget-container\">\n\t\t\t\t\t\t\t<p>\u2022 <strong>Breakout-session: <\/strong>H\u00e5ll er egen f\u00f6rel\u00e4sning f\u00f6r upp till 20 deltagare i ett privat konferensrum.<br \/>\u2022 <strong>Huvudscen<\/strong>: 10-minuters presentation som en del av programmet.<br \/>\u2022 <strong>Expo-ytan<\/strong>: Monterbord (2\u00d71 m) med Wi-Fi.<br \/>\u2022 <strong>Framtr\u00e4dande marknadsf\u00f6ring<\/strong>: St\u00f6rst logotyp i all marknadsf\u00f6ring f\u00f6re, under och efter eventet.<br \/>\u2022 <strong>Native-artikel<\/strong>: Publiceras f\u00f6re eller efter eventet (utvecklas i samarbete med en frilansskribent).<br \/>\u2022 <strong>Friplatser<\/strong>: 4 platser f\u00f6r interna deltagare samt 2 biljetter f\u00f6r externa deltagare.<\/p>\t\t\t\t\t\t<\/div>\n\t\t\t\t<\/div>\n\t\t\t\t<div class=\"elementor-element elementor-element-e9544c4 elementor-widget elementor-widget-text-editor\" data-id=\"e9544c4\" data-element_type=\"widget\" data-widget_type=\"text-editor.default\">\n\t\t\t\t<div class=\"elementor-widget-container\">\n\t\t\t\t\t\t\t<p><strong>Standardpaket: 55 000 SEK<\/strong><\/p>\t\t\t\t\t\t<\/div>\n\t\t\t\t<\/div>\n\t\t\t\t<div class=\"elementor-element elementor-element-122b9d6 elementor-widget elementor-widget-text-editor\" data-id=\"122b9d6\" data-element_type=\"widget\" data-widget_type=\"text-editor.default\">\n\t\t\t\t<div class=\"elementor-widget-container\">\n\t\t\t\t\t\t\t<ul><li><strong>Huvudscen<\/strong>: 10-minuters presentation som en del av programmet.<\/li><li><strong>Expo-ytan<\/strong>: Monterbord (2\u00d71 m) med Wi-Fi.<\/li><li><strong>Marknadsf\u00f6ring<\/strong>: Er logotyp inkluderas i all marknadsf\u00f6ring f\u00f6re, under och efter eventet.<\/li><li><strong>Native-artikel<\/strong>: Publiceras f\u00f6re eller efter eventet (utvecklas i samarbete med en frilansskribent).<\/li><li><strong>Friplatser<\/strong>: 4 platser f\u00f6r interna deltagare (m\u00f6jlighet att k\u00f6pa extra biljetter till rabatterat partnerpris.<\/li><\/ul>\t\t\t\t\t\t<\/div>\n\t\t\t\t<\/div>\n\t\t\t\t<div class=\"elementor-element elementor-element-b9416ca elementor-widget elementor-widget-text-editor\" data-id=\"b9416ca\" data-element_type=\"widget\" data-widget_type=\"text-editor.default\">\n\t\t\t\t<div class=\"elementor-widget-container\">\n\t\t\t\t\t\t\t<p><strong>Baspaket: 27 500 SEK<\/strong><\/p>\t\t\t\t\t\t<\/div>\n\t\t\t\t<\/div>\n\t\t\t\t<div class=\"elementor-element elementor-element-e2ad253 elementor-widget elementor-widget-text-editor\" data-id=\"e2ad253\" data-element_type=\"widget\" data-widget_type=\"text-editor.default\">\n\t\t\t\t<div class=\"elementor-widget-container\">\n\t\t\t\t\t\t\t<p>\u2022 <strong>Expo-ytan<\/strong>: Monterbord (2\u00d71 m) med Wi-Fi.<br>\u2022 <strong>Marknadsf\u00f6ring<\/strong>: Er logotyp inkluderas i all marknadsf\u00f6ring f\u00f6re, under och efter eventet.<br>\u2022 <strong>Friplatser<\/strong>: 2 platser f\u00f6r interna deltagare (m\u00f6jlighet att k\u00f6pa extra biljetter till rabatterat partnerpris).<\/p>\t\t\t\t\t\t<\/div>\n\t\t\t\t<\/div>\n\t\t\t\t<\/div>\n\t\t\t\t\t<\/div>\n\t\t\t\t<\/div>\n\t\t<div class=\"elementor-element elementor-element-1124ba9 e-flex e-con-boxed e-con e-parent\" data-id=\"1124ba9\" data-element_type=\"container\" data-core-v316-plus=\"true\">\n\t\t\t\t\t<div class=\"e-con-inner\">\n\t\t\t\t<div class=\"elementor-element elementor-element-550214d elementor-widget elementor-widget-spacer\" data-id=\"550214d\" data-element_type=\"widget\" data-widget_type=\"spacer.default\">\n\t\t\t\t<div class=\"elementor-widget-container\">\n\t\t\t\t\t<div class=\"elementor-spacer\">\n\t\t\t<div class=\"elementor-spacer-inner\"><\/div>\n\t\t<\/div>\n\t\t\t\t<\/div>\n\t\t\t\t<\/div>\n\t\t\t\t\t<\/div>\n\t\t\t\t<\/div>\n\t\t<div class=\"elementor-element elementor-element-ffd47d2 e-con-full e-flex e-con e-parent\" data-id=\"ffd47d2\" data-element_type=\"container\" data-core-v316-plus=\"true\">\n\t\t\t\t<div class=\"elementor-element elementor-element-36fd127 elementor-widget-divider--view-line elementor-widget elementor-widget-divider\" data-id=\"36fd127\" data-element_type=\"widget\" data-widget_type=\"divider.default\">\n\t\t\t\t<div class=\"elementor-widget-container\">\n\t\t\t<style>\/*! elementor - v3.20.0 - 20-03-2024 *\/\n.elementor-widget-divider{--divider-border-style:none;--divider-border-width:1px;--divider-color:#0c0d0e;--divider-icon-size:20px;--divider-element-spacing:10px;--divider-pattern-height:24px;--divider-pattern-size:20px;--divider-pattern-url:none;--divider-pattern-repeat:repeat-x}.elementor-widget-divider .elementor-divider{display:flex}.elementor-widget-divider .elementor-divider__text{font-size:15px;line-height:1;max-width:95%}.elementor-widget-divider .elementor-divider__element{margin:0 var(--divider-element-spacing);flex-shrink:0}.elementor-widget-divider .elementor-icon{font-size:var(--divider-icon-size)}.elementor-widget-divider .elementor-divider-separator{display:flex;margin:0;direction:ltr}.elementor-widget-divider--view-line_icon .elementor-divider-separator,.elementor-widget-divider--view-line_text .elementor-divider-separator{align-items:center}.elementor-widget-divider--view-line_icon .elementor-divider-separator:after,.elementor-widget-divider--view-line_icon .elementor-divider-separator:before,.elementor-widget-divider--view-line_text .elementor-divider-separator:after,.elementor-widget-divider--view-line_text .elementor-divider-separator:before{display:block;content:\"\";border-block-end:0;flex-grow:1;border-block-start:var(--divider-border-width) var(--divider-border-style) var(--divider-color)}.elementor-widget-divider--element-align-left .elementor-divider .elementor-divider-separator>.elementor-divider__svg:first-of-type{flex-grow:0;flex-shrink:100}.elementor-widget-divider--element-align-left .elementor-divider-separator:before{content:none}.elementor-widget-divider--element-align-left .elementor-divider__element{margin-left:0}.elementor-widget-divider--element-align-right .elementor-divider .elementor-divider-separator>.elementor-divider__svg:last-of-type{flex-grow:0;flex-shrink:100}.elementor-widget-divider--element-align-right .elementor-divider-separator:after{content:none}.elementor-widget-divider--element-align-right .elementor-divider__element{margin-right:0}.elementor-widget-divider--element-align-start .elementor-divider .elementor-divider-separator>.elementor-divider__svg:first-of-type{flex-grow:0;flex-shrink:100}.elementor-widget-divider--element-align-start .elementor-divider-separator:before{content:none}.elementor-widget-divider--element-align-start .elementor-divider__element{margin-inline-start:0}.elementor-widget-divider--element-align-end .elementor-divider .elementor-divider-separator>.elementor-divider__svg:last-of-type{flex-grow:0;flex-shrink:100}.elementor-widget-divider--element-align-end .elementor-divider-separator:after{content:none}.elementor-widget-divider--element-align-end .elementor-divider__element{margin-inline-end:0}.elementor-widget-divider:not(.elementor-widget-divider--view-line_text):not(.elementor-widget-divider--view-line_icon) .elementor-divider-separator{border-block-start:var(--divider-border-width) var(--divider-border-style) var(--divider-color)}.elementor-widget-divider--separator-type-pattern{--divider-border-style:none}.elementor-widget-divider--separator-type-pattern.elementor-widget-divider--view-line .elementor-divider-separator,.elementor-widget-divider--separator-type-pattern:not(.elementor-widget-divider--view-line) .elementor-divider-separator:after,.elementor-widget-divider--separator-type-pattern:not(.elementor-widget-divider--view-line) .elementor-divider-separator:before,.elementor-widget-divider--separator-type-pattern:not([class*=elementor-widget-divider--view]) .elementor-divider-separator{width:100%;min-height:var(--divider-pattern-height);-webkit-mask-size:var(--divider-pattern-size) 100%;mask-size:var(--divider-pattern-size) 100%;-webkit-mask-repeat:var(--divider-pattern-repeat);mask-repeat:var(--divider-pattern-repeat);background-color:var(--divider-color);-webkit-mask-image:var(--divider-pattern-url);mask-image:var(--divider-pattern-url)}.elementor-widget-divider--no-spacing{--divider-pattern-size:auto}.elementor-widget-divider--bg-round{--divider-pattern-repeat:round}.rtl .elementor-widget-divider .elementor-divider__text{direction:rtl}.e-con-inner>.elementor-widget-divider,.e-con>.elementor-widget-divider{width:var(--container-widget-width,100%);--flex-grow:var(--container-widget-flex-grow)}<\/style>\t\t<div class=\"elementor-divider\">\n\t\t\t<span class=\"elementor-divider-separator\">\n\t\t\t\t\t\t<\/span>\n\t\t<\/div>\n\t\t\t\t<\/div>\n\t\t\t\t<\/div>\n\t\t\t\t<\/div>\n\t\t<div class=\"elementor-element elementor-element-7e49a6c e-flex e-con-boxed e-con e-parent\" data-id=\"7e49a6c\" data-element_type=\"container\" data-core-v316-plus=\"true\">\n\t\t\t\t\t<div class=\"e-con-inner\">\n\t\t\t\t<div class=\"elementor-element elementor-element-b134678 elementor-widget elementor-widget-text-editor\" data-id=\"b134678\" data-element_type=\"widget\" data-widget_type=\"text-editor.default\">\n\t\t\t\t<div class=\"elementor-widget-container\">\n\t\t\t\t\t\t\t<p>F\u00f6r mer information, kontakta:<\/p>\t\t\t\t\t\t<\/div>\n\t\t\t\t<\/div>\n\t\t\t\t\t<\/div>\n\t\t\t\t<\/div>\n\t\t<div class=\"elementor-element elementor-element-cdda331 e-flex e-con-boxed e-con e-parent\" data-id=\"cdda331\" data-element_type=\"container\" data-core-v316-plus=\"true\">\n\t\t\t\t\t<div class=\"e-con-inner\">\n\t\t<div class=\"elementor-element elementor-element-1c031fd e-con-full e-flex e-con e-child\" data-id=\"1c031fd\" data-element_type=\"container\">\n\t\t\t\t<div class=\"elementor-element elementor-element-43de7b7 elementor-widget elementor-widget-text-editor\" data-id=\"43de7b7\" data-element_type=\"widget\" data-widget_type=\"text-editor.default\">\n\t\t\t\t<div class=\"elementor-widget-container\">\n\t\t\t\t\t\t\t<p><b>Riad Lindholm<\/b><br \/>Key Account Manager<br \/>+46 (0) 70 990 54 29<br \/><a href=\"mailto:riad.lindholm@nordiskemedier.se\">riad.lindholm@nordiskemedier.se<\/a><\/p>\t\t\t\t\t\t<\/div>\n\t\t\t\t<\/div>\n\t\t\t\t<\/div>\n\t\t\t\t\t<\/div>\n\t\t\t\t<\/div>\n\t\t\t\t<\/div>\n\t\t","protected":false},"excerpt":{"rendered":"<p>Vill ni delta som partnermed m\u00f6jlighet att st\u00e4lla ut? Habit Impact Day 2026\u00a0ger er m\u00f6jlighet att lyfta fram era produkter och tj\u00e4nster f\u00f6r mode- och textilbranschen. Som partner f\u00e5r ni chansen att st\u00e4rka ert varum\u00e4rke och n\u00e5 en m\u00e5lgrupp som aktivt s\u00f6ker l\u00f6sningar f\u00f6r hur branschen kan st\u00e4lla om mot en mer h\u00e5llbar framtid. \u00d6kad [&hellip;]<\/p>\n","protected":false},"author":1,"featured_media":0,"parent":0,"menu_order":4,"comment_status":"closed","ping_status":"closed","template":"elementor_header_footer","meta":{"_acf_changed":false,"footnotes":""},"acf":[],"_links":{"self":[{"href":"https:\/\/nmevents.se\/habitimpactday\/wp-json\/wp\/v2\/pages\/696"}],"collection":[{"href":"https:\/\/nmevents.se\/habitimpactday\/wp-json\/wp\/v2\/pages"}],"about":[{"href":"https:\/\/nmevents.se\/habitimpactday\/wp-json\/wp\/v2\/types\/page"}],"author":[{"embeddable":true,"href":"https:\/\/nmevents.se\/habitimpactday\/wp-json\/wp\/v2\/users\/1"}],"replies":[{"embeddable":true,"href":"https:\/\/nmevents.se\/habitimpactday\/wp-json\/wp\/v2\/comments?post=696"}],"version-history":[{"count":133,"href":"https:\/\/nmevents.se\/habitimpactday\/wp-json\/wp\/v2\/pages\/696\/revisions"}],"predecessor-version":[{"id":3421,"href":"https:\/\/nmevents.se\/habitimpactday\/wp-json\/wp\/v2\/pages\/696\/revisions\/3421"}],"wp:attachment":[{"href":"https:\/\/nmevents.se\/habitimpactday\/wp-json\/wp\/v2\/media?parent=696"}],"curies":[{"name":"wp","href":"https:\/\/api.w.org\/{rel}","templated":true}]}}