{"id":17,"date":"2023-11-06T11:17:16","date_gmt":"2023-11-06T11:17:16","guid":{"rendered":"https:\/\/eventdk4_.nordiske-medier.dk4_\/?page_id=17"},"modified":"2026-01-13T10:33:44","modified_gmt":"2026-01-13T09:33:44","slug":"kontakt","status":"publish","type":"page","link":"https:\/\/nmevents.se\/kollektivtrafikdagen\/kontakt\/","title":{"rendered":"Contact"},"content":{"rendered":"\t\t<div data-elementor-type=\"wp-page\" data-elementor-id=\"17\" class=\"elementor elementor-17\" data-elementor-post-type=\"page\">\n\t\t\t\t<div class=\"elementor-element elementor-element-e7673b8 e-flex e-con-boxed e-con e-parent\" data-id=\"e7673b8\" data-element_type=\"container\" data-core-v316-plus=\"true\">\n\t\t\t\t\t<div class=\"e-con-inner\">\n\t\t\t\t<div class=\"elementor-element elementor-element-f43a810 elementor-widget elementor-widget-spacer\" data-id=\"f43a810\" data-element_type=\"widget\" data-widget_type=\"spacer.default\">\n\t\t\t\t<div class=\"elementor-widget-container\">\n\t\t\t<style>\/*! elementor - v3.20.0 - 20-03-2024 *\/\n.elementor-column .elementor-spacer-inner{height:var(--spacer-size)}.e-con{--container-widget-width:100%}.e-con-inner>.elementor-widget-spacer,.e-con>.elementor-widget-spacer{width:var(--container-widget-width,var(--spacer-size));--align-self:var(--container-widget-align-self,initial);--flex-shrink:0}.e-con-inner>.elementor-widget-spacer>.elementor-widget-container,.e-con>.elementor-widget-spacer>.elementor-widget-container{height:100%;width:100%}.e-con-inner>.elementor-widget-spacer>.elementor-widget-container>.elementor-spacer,.e-con>.elementor-widget-spacer>.elementor-widget-container>.elementor-spacer{height:100%}.e-con-inner>.elementor-widget-spacer>.elementor-widget-container>.elementor-spacer>.elementor-spacer-inner,.e-con>.elementor-widget-spacer>.elementor-widget-container>.elementor-spacer>.elementor-spacer-inner{height:var(--container-widget-height,var(--spacer-size))}.e-con-inner>.elementor-widget-spacer.elementor-widget-empty,.e-con>.elementor-widget-spacer.elementor-widget-empty{position:relative;min-height:22px;min-width:22px}.e-con-inner>.elementor-widget-spacer.elementor-widget-empty .elementor-widget-empty-icon,.e-con>.elementor-widget-spacer.elementor-widget-empty .elementor-widget-empty-icon{position:absolute;top:0;bottom:0;left:0;right:0;margin:auto;padding:0;width:22px;height:22px}<\/style>\t\t<div class=\"elementor-spacer\">\n\t\t\t<div class=\"elementor-spacer-inner\"><\/div>\n\t\t<\/div>\n\t\t\t\t<\/div>\n\t\t\t\t<\/div>\n\t\t\t\t\t<\/div>\n\t\t\t\t<\/div>\n\t\t<div class=\"elementor-element elementor-element-1aa1775 e-flex e-con-boxed e-con e-parent\" data-id=\"1aa1775\" data-element_type=\"container\" data-core-v316-plus=\"true\">\n\t\t\t\t\t<div class=\"e-con-inner\">\n\t\t<div class=\"elementor-element elementor-element-3f03078 e-con-full e-flex e-con e-child\" data-id=\"3f03078\" data-element_type=\"container\">\n\t\t\t\t<div class=\"elementor-element elementor-element-2e57701 elementor-widget elementor-widget-image\" data-id=\"2e57701\" data-element_type=\"widget\" data-widget_type=\"image.default\">\n\t\t\t\t<div class=\"elementor-widget-container\">\n\t\t\t<style>\/*! elementor - v3.20.0 - 20-03-2024 *\/\n.elementor-widget-image{text-align:center}.elementor-widget-image a{display:inline-block}.elementor-widget-image a img[src$=\".svg\"]{width:48px}.elementor-widget-image img{vertical-align:middle;display:inline-block}<\/style>\t\t\t\t\t\t\t\t\t\t<img fetchpriority=\"high\" decoding=\"async\" width=\"1058\" height=\"1354\" src=\"https:\/\/nmevents.se\/kollektivtrafikdagen\/wp-content\/uploads\/sites\/53\/2025\/10\/KTD26_kontakt_Jacob.png\" class=\"attachment-full size-full wp-image-2800\" alt=\"\" srcset=\"https:\/\/nmevents.se\/kollektivtrafikdagen\/wp-content\/uploads\/sites\/53\/2025\/10\/KTD26_kontakt_Jacob.png 1058w, https:\/\/nmevents.se\/kollektivtrafikdagen\/wp-content\/uploads\/sites\/53\/2025\/10\/KTD26_kontakt_Jacob-234x300.png 234w, https:\/\/nmevents.se\/kollektivtrafikdagen\/wp-content\/uploads\/sites\/53\/2025\/10\/KTD26_kontakt_Jacob-800x1024.png 800w, https:\/\/nmevents.se\/kollektivtrafikdagen\/wp-content\/uploads\/sites\/53\/2025\/10\/KTD26_kontakt_Jacob-768x983.png 768w\" sizes=\"(max-width: 1058px) 100vw, 1058px\" \/>\t\t\t\t\t\t\t\t\t\t\t\t\t<\/div>\n\t\t\t\t<\/div>\n\t\t\t\t<div class=\"elementor-element elementor-element-1c4e321 elementor-widget elementor-widget-heading\" data-id=\"1c4e321\" data-element_type=\"widget\" data-widget_type=\"heading.default\">\n\t\t\t\t<div class=\"elementor-widget-container\">\n\t\t\t<style>\/*! elementor - v3.20.0 - 20-03-2024 *\/\n.elementor-heading-title{padding:0;margin:0;line-height:1}.elementor-widget-heading .elementor-heading-title[class*=elementor-size-]>a{color:inherit;font-size:inherit;line-height:inherit}.elementor-widget-heading .elementor-heading-title.elementor-size-small{font-size:15px}.elementor-widget-heading .elementor-heading-title.elementor-size-medium{font-size:19px}.elementor-widget-heading .elementor-heading-title.elementor-size-large{font-size:29px}.elementor-widget-heading .elementor-heading-title.elementor-size-xl{font-size:39px}.elementor-widget-heading .elementor-heading-title.elementor-size-xxl{font-size:59px}<\/style><h3 class=\"elementor-heading-title elementor-size-default\">Jacob G\u00fcnd\u00fcz<\/h3>\t\t<\/div>\n\t\t\t\t<\/div>\n\t\t\t\t<div class=\"elementor-element elementor-element-c7a0c3e elementor-widget elementor-widget-text-editor\" data-id=\"c7a0c3e\" data-element_type=\"widget\" data-widget_type=\"text-editor.default\">\n\t\t\t\t<div class=\"elementor-widget-container\">\n\t\t\t<style>\/*! elementor - v3.20.0 - 20-03-2024 *\/\n.elementor-widget-text-editor.elementor-drop-cap-view-stacked .elementor-drop-cap{background-color:#69727d;color:#fff}.elementor-widget-text-editor.elementor-drop-cap-view-framed .elementor-drop-cap{color:#69727d;border:3px solid;background-color:transparent}.elementor-widget-text-editor:not(.elementor-drop-cap-view-default) .elementor-drop-cap{margin-top:8px}.elementor-widget-text-editor:not(.elementor-drop-cap-view-default) .elementor-drop-cap-letter{width:1em;height:1em}.elementor-widget-text-editor .elementor-drop-cap{float:left;text-align:center;line-height:1;font-size:50px}.elementor-widget-text-editor .elementor-drop-cap-letter{display:inline-block}<\/style>\t\t\t\t<p>Mediechef Trafikforum<strong><br \/><\/strong>0<span class=\"\">73-682 53 06<\/span><br \/><a href=\"mailto:jacob.gunduz@nordiskemedier.se\">jacob.gunduz@nordiskemedier.se<\/a><br \/><strong>F\u00f6r bokning till Kollektivtrafikdagen<\/strong><\/p>\t\t\t\t\t\t<\/div>\n\t\t\t\t<\/div>\n\t\t\t\t<\/div>\n\t\t<div class=\"elementor-element elementor-element-e5019c7 e-con-full e-flex e-con e-child\" data-id=\"e5019c7\" data-element_type=\"container\">\n\t\t\t\t<div class=\"elementor-element elementor-element-200a9a0 elementor-widget elementor-widget-image\" data-id=\"200a9a0\" data-element_type=\"widget\" data-widget_type=\"image.default\">\n\t\t\t\t<div class=\"elementor-widget-container\">\n\t\t\t\t\t\t\t\t\t\t\t\t\t<img decoding=\"async\" width=\"1058\" height=\"1358\" src=\"https:\/\/nmevents.se\/kollektivtrafikdagen\/wp-content\/uploads\/sites\/53\/2025\/10\/KTD26_kontakt_Lina.png\" class=\"attachment-full size-full wp-image-2801\" alt=\"\" srcset=\"https:\/\/nmevents.se\/kollektivtrafikdagen\/wp-content\/uploads\/sites\/53\/2025\/10\/KTD26_kontakt_Lina.png 1058w, https:\/\/nmevents.se\/kollektivtrafikdagen\/wp-content\/uploads\/sites\/53\/2025\/10\/KTD26_kontakt_Lina-234x300.png 234w, https:\/\/nmevents.se\/kollektivtrafikdagen\/wp-content\/uploads\/sites\/53\/2025\/10\/KTD26_kontakt_Lina-798x1024.png 798w, https:\/\/nmevents.se\/kollektivtrafikdagen\/wp-content\/uploads\/sites\/53\/2025\/10\/KTD26_kontakt_Lina-768x986.png 768w\" sizes=\"(max-width: 1058px) 100vw, 1058px\" \/>\t\t\t\t\t\t\t\t\t\t\t\t\t<\/div>\n\t\t\t\t<\/div>\n\t\t\t\t<div class=\"elementor-element elementor-element-e0fd1e4 elementor-widget elementor-widget-heading\" data-id=\"e0fd1e4\" data-element_type=\"widget\" data-widget_type=\"heading.default\">\n\t\t\t\t<div class=\"elementor-widget-container\">\n\t\t\t<h3 class=\"elementor-heading-title elementor-size-default\">Caroline Swartling<\/h3>\t\t<\/div>\n\t\t\t\t<\/div>\n\t\t\t\t<div class=\"elementor-element elementor-element-ae55aad elementor-widget elementor-widget-text-editor\" data-id=\"ae55aad\" data-element_type=\"widget\" data-widget_type=\"text-editor.default\">\n\t\t\t\t<div class=\"elementor-widget-container\">\n\t\t\t\t\t\t\t<p>Chefredakt\u00f6r Trafikforum<br \/>073-682 53 10\u00a0<br \/><a href=\"mailto:caroline.swartling@nordiskemedier.se\">caroline.swartling@nordiskemedier.se<\/a><br \/><strong>F\u00f6r fr\u00e5gor g\u00e4llande pressmeddelanden<\/strong><\/p>\t\t\t\t\t\t<\/div>\n\t\t\t\t<\/div>\n\t\t\t\t<\/div>\n\t\t<div class=\"elementor-element elementor-element-61ffb18 e-con-full e-flex e-con e-child\" data-id=\"61ffb18\" data-element_type=\"container\">\n\t\t\t\t<div class=\"elementor-element elementor-element-f1e1b71 elementor-widget elementor-widget-image\" data-id=\"f1e1b71\" data-element_type=\"widget\" data-widget_type=\"image.default\">\n\t\t\t\t<div class=\"elementor-widget-container\">\n\t\t\t\t\t\t\t\t\t\t\t\t\t<img decoding=\"async\" width=\"795\" height=\"1024\" src=\"https:\/\/nmevents.se\/kollektivtrafikdagen\/wp-content\/uploads\/sites\/53\/2025\/10\/KTD26_kontakt_tomas-795x1024.png\" class=\"attachment-large size-large wp-image-2802\" alt=\"\" srcset=\"https:\/\/nmevents.se\/kollektivtrafikdagen\/wp-content\/uploads\/sites\/53\/2025\/10\/KTD26_kontakt_tomas-795x1024.png 795w, https:\/\/nmevents.se\/kollektivtrafikdagen\/wp-content\/uploads\/sites\/53\/2025\/10\/KTD26_kontakt_tomas-233x300.png 233w, https:\/\/nmevents.se\/kollektivtrafikdagen\/wp-content\/uploads\/sites\/53\/2025\/10\/KTD26_kontakt_tomas-768x989.png 768w, https:\/\/nmevents.se\/kollektivtrafikdagen\/wp-content\/uploads\/sites\/53\/2025\/10\/KTD26_kontakt_tomas.png 1058w\" sizes=\"(max-width: 795px) 100vw, 795px\" \/>\t\t\t\t\t\t\t\t\t\t\t\t\t<\/div>\n\t\t\t\t<\/div>\n\t\t\t\t<div class=\"elementor-element elementor-element-b2c6491 elementor-widget elementor-widget-heading\" data-id=\"b2c6491\" data-element_type=\"widget\" data-widget_type=\"heading.default\">\n\t\t\t\t<div class=\"elementor-widget-container\">\n\t\t\t<h3 class=\"elementor-heading-title elementor-size-default\">Tomas Wannberg<\/h3>\t\t<\/div>\n\t\t\t\t<\/div>\n\t\t\t\t<div class=\"elementor-element elementor-element-a1cf129 elementor-widget elementor-widget-text-editor\" data-id=\"a1cf129\" data-element_type=\"widget\" data-widget_type=\"text-editor.default\">\n\t\t\t\t<div class=\"elementor-widget-container\">\n\t\t\t\t\t\t\t<p>Event- &amp; marknadschef, Projektledare<br \/>+46 (0)73 682 53 50<br \/><a class=\"staff-member-email\" title=\"Email Tomas Wannberg\" href=\"mailto:tomas.wannberg@nordiskemedier.se\">tomas.wannberg@nordiskemedier.se<\/a><br \/><strong>F\u00f6r fr\u00e5gor om eventet<\/strong><\/p>\t\t\t\t\t\t<\/div>\n\t\t\t\t<\/div>\n\t\t\t\t<\/div>\n\t\t\t\t\t<\/div>\n\t\t\t\t<\/div>\n\t\t<div class=\"elementor-element elementor-element-c6a4f27 e-flex e-con-boxed e-con e-parent\" data-id=\"c6a4f27\" data-element_type=\"container\" data-core-v316-plus=\"true\">\n\t\t\t\t\t<div class=\"e-con-inner\">\n\t\t\t\t\t<\/div>\n\t\t\t\t<\/div>\n\t\t\t\t<\/div>\n\t\t","protected":false},"excerpt":{"rendered":"<p>Jacob G\u00fcnd\u00fcz Mediechef Trafikforum073-682 53 06jacob.gunduz@nordiskemedier.seF\u00f6r bokning till Kollektivtrafikdagen Caroline Swartling Chefredakt\u00f6r Trafikforum073-682 53 10\u00a0caroline.swartling@nordiskemedier.seF\u00f6r fr\u00e5gor g\u00e4llande pressmeddelanden Tomas Wannberg Event- &amp; marknadschef, Projektledare+46 (0)73 682 53 50tomas.wannberg@nordiskemedier.seF\u00f6r fr\u00e5gor om eventet<\/p>\n","protected":false},"author":1,"featured_media":0,"parent":0,"menu_order":0,"comment_status":"closed","ping_status":"closed","template":"elementor_header_footer","meta":{"_acf_changed":false,"footnotes":""},"acf":[],"_links":{"self":[{"href":"https:\/\/nmevents.se\/kollektivtrafikdagen\/wp-json\/wp\/v2\/pages\/17"}],"collection":[{"href":"https:\/\/nmevents.se\/kollektivtrafikdagen\/wp-json\/wp\/v2\/pages"}],"about":[{"href":"https:\/\/nmevents.se\/kollektivtrafikdagen\/wp-json\/wp\/v2\/types\/page"}],"author":[{"embeddable":true,"href":"https:\/\/nmevents.se\/kollektivtrafikdagen\/wp-json\/wp\/v2\/users\/1"}],"replies":[{"embeddable":true,"href":"https:\/\/nmevents.se\/kollektivtrafikdagen\/wp-json\/wp\/v2\/comments?post=17"}],"version-history":[{"count":124,"href":"https:\/\/nmevents.se\/kollektivtrafikdagen\/wp-json\/wp\/v2\/pages\/17\/revisions"}],"predecessor-version":[{"id":2949,"href":"https:\/\/nmevents.se\/kollektivtrafikdagen\/wp-json\/wp\/v2\/pages\/17\/revisions\/2949"}],"wp:attachment":[{"href":"https:\/\/nmevents.se\/kollektivtrafikdagen\/wp-json\/wp\/v2\/media?parent=17"}],"curies":[{"name":"wp","href":"https:\/\/api.w.org\/{rel}","templated":true}]}}