{"id":600,"date":"2023-11-29T14:13:13","date_gmt":"2023-11-29T12:13:13","guid":{"rendered":"https:\/\/eventdk.nordiske-medier.dk\/pack-point-nordic\/?page_id=600"},"modified":"2026-01-23T15:38:15","modified_gmt":"2026-01-23T14:38:15","slug":"partner","status":"publish","type":"page","link":"https:\/\/nmevents.se\/kollektivtrafikdagen\/partner\/","title":{"rendered":"Partnerskap"},"content":{"rendered":"\t\t<div data-elementor-type=\"wp-page\" data-elementor-id=\"600\" class=\"elementor elementor-600\" data-elementor-post-type=\"page\">\n\t\t\t\t<div class=\"elementor-element elementor-element-01df4a1 e-flex e-con-boxed e-con e-parent\" data-id=\"01df4a1\" data-element_type=\"container\" data-core-v316-plus=\"true\">\n\t\t\t\t\t<div class=\"e-con-inner\">\n\t\t\t\t<div class=\"elementor-element elementor-element-779d468 elementor-widget elementor-widget-spacer\" data-id=\"779d468\" data-element_type=\"widget\" data-widget_type=\"spacer.default\">\n\t\t\t\t<div class=\"elementor-widget-container\">\n\t\t\t<style>\/*! elementor - v3.20.0 - 20-03-2024 *\/\n.elementor-column .elementor-spacer-inner{height:var(--spacer-size)}.e-con{--container-widget-width:100%}.e-con-inner>.elementor-widget-spacer,.e-con>.elementor-widget-spacer{width:var(--container-widget-width,var(--spacer-size));--align-self:var(--container-widget-align-self,initial);--flex-shrink:0}.e-con-inner>.elementor-widget-spacer>.elementor-widget-container,.e-con>.elementor-widget-spacer>.elementor-widget-container{height:100%;width:100%}.e-con-inner>.elementor-widget-spacer>.elementor-widget-container>.elementor-spacer,.e-con>.elementor-widget-spacer>.elementor-widget-container>.elementor-spacer{height:100%}.e-con-inner>.elementor-widget-spacer>.elementor-widget-container>.elementor-spacer>.elementor-spacer-inner,.e-con>.elementor-widget-spacer>.elementor-widget-container>.elementor-spacer>.elementor-spacer-inner{height:var(--container-widget-height,var(--spacer-size))}.e-con-inner>.elementor-widget-spacer.elementor-widget-empty,.e-con>.elementor-widget-spacer.elementor-widget-empty{position:relative;min-height:22px;min-width:22px}.e-con-inner>.elementor-widget-spacer.elementor-widget-empty .elementor-widget-empty-icon,.e-con>.elementor-widget-spacer.elementor-widget-empty .elementor-widget-empty-icon{position:absolute;top:0;bottom:0;left:0;right:0;margin:auto;padding:0;width:22px;height:22px}<\/style>\t\t<div class=\"elementor-spacer\">\n\t\t\t<div class=\"elementor-spacer-inner\"><\/div>\n\t\t<\/div>\n\t\t\t\t<\/div>\n\t\t\t\t<\/div>\n\t\t\t\t\t<\/div>\n\t\t\t\t<\/div>\n\t\t<div class=\"elementor-element elementor-element-482e3e3 e-flex e-con-boxed e-con e-parent\" data-id=\"482e3e3\" data-element_type=\"container\" data-core-v316-plus=\"true\">\n\t\t\t\t\t<div class=\"e-con-inner\">\n\t\t<div class=\"elementor-element elementor-element-2027e17 e-con-full e-flex e-con e-child\" data-id=\"2027e17\" data-element_type=\"container\">\n\t\t\t\t<div class=\"elementor-element elementor-element-c798774 elementor-widget elementor-widget-text-editor\" data-id=\"c798774\" data-element_type=\"widget\" data-widget_type=\"text-editor.default\">\n\t\t\t\t<div class=\"elementor-widget-container\">\n\t\t\t<style>\/*! elementor - v3.20.0 - 20-03-2024 *\/\n.elementor-widget-text-editor.elementor-drop-cap-view-stacked .elementor-drop-cap{background-color:#69727d;color:#fff}.elementor-widget-text-editor.elementor-drop-cap-view-framed .elementor-drop-cap{color:#69727d;border:3px solid;background-color:transparent}.elementor-widget-text-editor:not(.elementor-drop-cap-view-default) .elementor-drop-cap{margin-top:8px}.elementor-widget-text-editor:not(.elementor-drop-cap-view-default) .elementor-drop-cap-letter{width:1em;height:1em}.elementor-widget-text-editor .elementor-drop-cap{float:left;text-align:center;line-height:1;font-size:50px}.elementor-widget-text-editor .elementor-drop-cap-letter{display:inline-block}<\/style>\t\t\t\t<p><span class=\"\"><strong>Delta som utst\u00e4llare och partner<\/strong><\/span><\/p>\t\t\t\t\t\t<\/div>\n\t\t\t\t<\/div>\n\t\t\t\t<div class=\"elementor-element elementor-element-acc0943 elementor-widget elementor-widget-text-editor\" data-id=\"acc0943\" data-element_type=\"widget\" data-widget_type=\"text-editor.default\">\n\t\t\t\t<div class=\"elementor-widget-container\">\n\t\t\t\t\t\t\t<p>Som utst\u00e4llare och partner p\u00e5 Kollektivtrafikdagen ger ni ert f\u00f6retag en unik m\u00f6jlighet att skapa nya aff\u00e4rsm\u00f6jligheter, v\u00e5rda relationerna med era befintliga kunder och knyta v\u00e4rdefulla kontakter med nya partners. Genom att delta hj\u00e4lper ni ocks\u00e5 branschen och dess beslutsfattare att forma framtidens kollektivtrafik, samtidigt som ni st\u00e4rker f\u00f6retagets marknadsn\u00e4rvaro och positionerar ert varum\u00e4rke i ett sammanhang d\u00e4r ledande akt\u00f6rer m\u00f6ts. Ert engagemang och er n\u00e4rvaro bidrar inte bara till utvecklingen av branschen utan \u00f6ppnar \u00e4ven d\u00f6rrar f\u00f6r samarbeten och aff\u00e4rstillf\u00e4llen som fr\u00e4mjar f\u00f6retagets l\u00e5ngsiktiga framg\u00e5ng.<\/p>\t\t\t\t\t\t<\/div>\n\t\t\t\t<\/div>\n\t\t\t\t<div class=\"elementor-element elementor-element-fa84ff9 elementor-widget elementor-widget-text-editor\" data-id=\"fa84ff9\" data-element_type=\"widget\" data-widget_type=\"text-editor.default\">\n\t\t\t\t<div class=\"elementor-widget-container\">\n\t\t\t\t\t\t\t<p><strong>Kontakta mig f\u00f6r mer info:<\/strong><\/p>\t\t\t\t\t\t<\/div>\n\t\t\t\t<\/div>\n\t\t\t\t<div class=\"elementor-element elementor-element-bc851fb elementor-widget elementor-widget-text-editor\" data-id=\"bc851fb\" data-element_type=\"widget\" data-widget_type=\"text-editor.default\">\n\t\t\t\t<div class=\"elementor-widget-container\">\n\t\t\t\t\t\t\t<p class=\"elementor-heading-title elementor-size-default elementor-inline-editing pen\" data-elementor-setting-key=\"title\" data-pen-placeholder=\"Skriv h\u00e4r...\"><strong>Jacob G\u00fcnd\u00fcz\u200b<\/strong><\/p><p><span class=\"\">Mediechef, RT-Forum\u00a0<br class=\"\" \/>+46 736 825 306<br class=\"\" \/><strong class=\"\">jacob.gunduz@nordiskemedier.se<\/strong><\/span><\/p>\t\t\t\t\t\t<\/div>\n\t\t\t\t<\/div>\n\t\t\t\t<\/div>\n\t\t\t\t<div class=\"elementor-element elementor-element-67b6804 elementor-widget elementor-widget-spacer\" data-id=\"67b6804\" data-element_type=\"widget\" data-widget_type=\"spacer.default\">\n\t\t\t\t<div class=\"elementor-widget-container\">\n\t\t\t\t\t<div class=\"elementor-spacer\">\n\t\t\t<div class=\"elementor-spacer-inner\"><\/div>\n\t\t<\/div>\n\t\t\t\t<\/div>\n\t\t\t\t<\/div>\n\t\t<div class=\"elementor-element elementor-element-ed10a70 e-con-full e-flex e-con e-child\" data-id=\"ed10a70\" data-element_type=\"container\">\n\t\t\t\t<div class=\"elementor-element elementor-element-330dfff elementor-widget elementor-widget-image\" data-id=\"330dfff\" data-element_type=\"widget\" data-widget_type=\"image.default\">\n\t\t\t\t<div class=\"elementor-widget-container\">\n\t\t\t<style>\/*! elementor - v3.20.0 - 20-03-2024 *\/\n.elementor-widget-image{text-align:center}.elementor-widget-image a{display:inline-block}.elementor-widget-image a img[src$=\".svg\"]{width:48px}.elementor-widget-image img{vertical-align:middle;display:inline-block}<\/style>\t\t\t\t\t\t\t\t\t\t<img fetchpriority=\"high\" decoding=\"async\" width=\"800\" height=\"450\" src=\"https:\/\/nmevents.se\/kollektivtrafikdagen\/wp-content\/uploads\/sites\/53\/2025\/01\/2-bilder-partnerskap-1024x576.jpg\" class=\"attachment-large size-large wp-image-2161\" alt=\"\" srcset=\"https:\/\/nmevents.se\/kollektivtrafikdagen\/wp-content\/uploads\/sites\/53\/2025\/01\/2-bilder-partnerskap-1024x576.jpg 1024w, https:\/\/nmevents.se\/kollektivtrafikdagen\/wp-content\/uploads\/sites\/53\/2025\/01\/2-bilder-partnerskap-300x169.jpg 300w, https:\/\/nmevents.se\/kollektivtrafikdagen\/wp-content\/uploads\/sites\/53\/2025\/01\/2-bilder-partnerskap-768x432.jpg 768w, https:\/\/nmevents.se\/kollektivtrafikdagen\/wp-content\/uploads\/sites\/53\/2025\/01\/2-bilder-partnerskap.jpg 1200w\" sizes=\"(max-width: 800px) 100vw, 800px\" \/>\t\t\t\t\t\t\t\t\t\t\t\t\t<\/div>\n\t\t\t\t<\/div>\n\t\t\t\t<\/div>\n\t\t\t\t\t<\/div>\n\t\t\t\t<\/div>\n\t\t<div class=\"elementor-element elementor-element-f30b7c3 e-flex e-con-boxed e-con e-parent\" data-id=\"f30b7c3\" data-element_type=\"container\" data-core-v316-plus=\"true\">\n\t\t\t\t\t<div class=\"e-con-inner\">\n\t\t\t\t<div class=\"elementor-element elementor-element-c4c5cf8 elementor-widget elementor-widget-spacer\" data-id=\"c4c5cf8\" data-element_type=\"widget\" data-widget_type=\"spacer.default\">\n\t\t\t\t<div class=\"elementor-widget-container\">\n\t\t\t\t\t<div class=\"elementor-spacer\">\n\t\t\t<div class=\"elementor-spacer-inner\"><\/div>\n\t\t<\/div>\n\t\t\t\t<\/div>\n\t\t\t\t<\/div>\n\t\t\t\t\t<\/div>\n\t\t\t\t<\/div>\n\t\t<div class=\"elementor-element elementor-element-8260869 e-flex e-con-boxed e-con e-parent\" data-id=\"8260869\" data-element_type=\"container\" data-core-v316-plus=\"true\">\n\t\t\t\t\t<div class=\"e-con-inner\">\n\t\t<div class=\"elementor-element elementor-element-768bb04 e-con-full e-flex e-con e-child\" data-id=\"768bb04\" data-element_type=\"container\">\n\t\t\t\t<div class=\"elementor-element elementor-element-115f2e9 elementor-widget elementor-widget-text-editor\" data-id=\"115f2e9\" data-element_type=\"widget\" data-widget_type=\"text-editor.default\">\n\t\t\t\t<div class=\"elementor-widget-container\">\n\t\t\t\t\t\t\t<p><strong>Huvudpartner, Pris: 85 000kr<\/strong><\/p>\t\t\t\t\t\t<\/div>\n\t\t\t\t<\/div>\n\t\t\t\t<div class=\"elementor-element elementor-element-3a14756 elementor-widget elementor-widget-text-editor\" data-id=\"3a14756\" data-element_type=\"widget\" data-widget_type=\"text-editor.default\">\n\t\t\t\t<div class=\"elementor-widget-container\">\n\t\t\t\t\t\t\t<ul><li>Scentid (ca 15 min)<\/li><li>Utst\u00e4llarplats med 2st st\u00e5bord och plats<br \/>f\u00f6r roll-up<\/li><li>Logotype i all marknadsf\u00f6ring som g\u00f6rs<br \/>f\u00f6re, under och efter konferensen<\/li><li>Logotype p\u00e5kollektivtrafikdagen.se med<br \/>klickbar logga f\u00f6r att komma vidare<\/li><li>Billboardbanner p\u00e5 rt-forum en m\u00e5nad<br \/>innan eventet<\/li><li>Ett inf\u00f6rande i v\u00e5rt nyhetsbrev den<br \/>28 maj annons full-size<\/li><li>5 deltagare (v\u00e4rde 2 995 kr \/ pers)<\/li><\/ul>\t\t\t\t\t\t<\/div>\n\t\t\t\t<\/div>\n\t\t\t\t<\/div>\n\t\t\t\t<div class=\"elementor-element elementor-element-7d03347 elementor-widget elementor-widget-spacer\" data-id=\"7d03347\" data-element_type=\"widget\" data-widget_type=\"spacer.default\">\n\t\t\t\t<div class=\"elementor-widget-container\">\n\t\t\t\t\t<div class=\"elementor-spacer\">\n\t\t\t<div class=\"elementor-spacer-inner\"><\/div>\n\t\t<\/div>\n\t\t\t\t<\/div>\n\t\t\t\t<\/div>\n\t\t<div class=\"elementor-element elementor-element-e1908a2 e-con-full e-flex e-con e-child\" data-id=\"e1908a2\" data-element_type=\"container\">\n\t\t\t\t<div class=\"elementor-element elementor-element-8d6b914 elementor-widget elementor-widget-text-editor\" data-id=\"8d6b914\" data-element_type=\"widget\" data-widget_type=\"text-editor.default\">\n\t\t\t\t<div class=\"elementor-widget-container\">\n\t\t\t\t\t\t\t<p><strong>Partner, Pris: 25 000kr<\/strong><\/p>\t\t\t\t\t\t<\/div>\n\t\t\t\t<\/div>\n\t\t\t\t<div class=\"elementor-element elementor-element-66b0ade elementor-widget elementor-widget-text-editor\" data-id=\"66b0ade\" data-element_type=\"widget\" data-widget_type=\"text-editor.default\">\n\t\t\t\t<div class=\"elementor-widget-container\">\n\t\t\t\t\t\t\t<ul><li>Utst\u00e4llarplats med st\u00e5bord och plats f\u00f6r roll-up<\/li><li>Logotype i all marknadsf\u00f6ring som g\u00f6rs f\u00f6re,<br \/>under och efter konferensen.<\/li><li>Logotype p\u00e5 kollektivtrafikdagen.se med<br \/>klickbar logga f\u00f6r att komma vidare<\/li><li>2 deltagare (v\u00e4rde 2 995 kr \/ pers)<\/li><\/ul>\t\t\t\t\t\t<\/div>\n\t\t\t\t<\/div>\n\t\t\t\t<div class=\"elementor-element elementor-element-dbb405e elementor-widget elementor-widget-spacer\" data-id=\"dbb405e\" data-element_type=\"widget\" data-widget_type=\"spacer.default\">\n\t\t\t\t<div class=\"elementor-widget-container\">\n\t\t\t\t\t<div class=\"elementor-spacer\">\n\t\t\t<div class=\"elementor-spacer-inner\"><\/div>\n\t\t<\/div>\n\t\t\t\t<\/div>\n\t\t\t\t<\/div>\n\t\t\t\t<div class=\"elementor-element elementor-element-c4915d1 elementor-widget elementor-widget-spacer\" data-id=\"c4915d1\" data-element_type=\"widget\" data-widget_type=\"spacer.default\">\n\t\t\t\t<div class=\"elementor-widget-container\">\n\t\t\t\t\t<div class=\"elementor-spacer\">\n\t\t\t<div class=\"elementor-spacer-inner\"><\/div>\n\t\t<\/div>\n\t\t\t\t<\/div>\n\t\t\t\t<\/div>\n\t\t\t\t<\/div>\n\t\t\t\t\t<\/div>\n\t\t\t\t<\/div>\n\t\t<div class=\"elementor-element elementor-element-ffa315f e-flex e-con-boxed e-con e-parent\" data-id=\"ffa315f\" data-element_type=\"container\" data-core-v316-plus=\"true\">\n\t\t\t\t\t<div class=\"e-con-inner\">\n\t\t\t\t<div class=\"elementor-element elementor-element-fb295fd elementor-widget elementor-widget-spacer\" data-id=\"fb295fd\" data-element_type=\"widget\" data-widget_type=\"spacer.default\">\n\t\t\t\t<div class=\"elementor-widget-container\">\n\t\t\t\t\t<div class=\"elementor-spacer\">\n\t\t\t<div class=\"elementor-spacer-inner\"><\/div>\n\t\t<\/div>\n\t\t\t\t<\/div>\n\t\t\t\t<\/div>\n\t\t\t\t\t<\/div>\n\t\t\t\t<\/div>\n\t\t<div class=\"elementor-element elementor-element-86deb94 e-flex e-con-boxed e-con e-parent\" data-id=\"86deb94\" data-element_type=\"container\" data-core-v316-plus=\"true\">\n\t\t\t\t\t<div class=\"e-con-inner\">\n\t\t<div class=\"elementor-element elementor-element-8a9c2aa e-con-full e-flex e-con e-child\" data-id=\"8a9c2aa\" data-element_type=\"container\">\n\t\t\t\t<div class=\"elementor-element elementor-element-b0f5a17 elementor-widget elementor-widget-text-editor\" data-id=\"b0f5a17\" data-element_type=\"widget\" data-widget_type=\"text-editor.default\">\n\t\t\t\t<div class=\"elementor-widget-container\">\n\t\t\t\t\t\t\t<p><strong>Partnerpaket med annons, 30 000kr<\/strong><\/p>\t\t\t\t\t\t<\/div>\n\t\t\t\t<\/div>\n\t\t\t\t<div class=\"elementor-element elementor-element-ed876fa elementor-widget elementor-widget-text-editor\" data-id=\"ed876fa\" data-element_type=\"widget\" data-widget_type=\"text-editor.default\">\n\t\t\t\t<div class=\"elementor-widget-container\">\n\t\t\t\t\t\t\t<ul><li>Utst\u00e4llarplats med st\u00e5bord och plats f\u00f6r roll-up<\/li><li>Logotype i all marknadsf\u00f6ring som g\u00f6rs f\u00f6re,<br \/>under och efter konferensen.<\/li><li>Logotype p\u00e5 kollektivtrafikdagen.se med<br \/>klickbar logga f\u00f6r att komma vidare<\/li><li>Kampanjbanner en m\u00e5nad innan eventet<\/li><li>Toppannons i nyhetsbrevet<\/li><li>2 deltagare (v\u00e4rde 2 995 kr \/ pers)<\/li><\/ul>\t\t\t\t\t\t<\/div>\n\t\t\t\t<\/div>\n\t\t\t\t<\/div>\n\t\t\t\t<div class=\"elementor-element elementor-element-66dfeed elementor-widget elementor-widget-spacer\" data-id=\"66dfeed\" data-element_type=\"widget\" data-widget_type=\"spacer.default\">\n\t\t\t\t<div class=\"elementor-widget-container\">\n\t\t\t\t\t<div class=\"elementor-spacer\">\n\t\t\t<div class=\"elementor-spacer-inner\"><\/div>\n\t\t<\/div>\n\t\t\t\t<\/div>\n\t\t\t\t<\/div>\n\t\t<div class=\"elementor-element elementor-element-666bdbc e-con-full e-flex e-con e-child\" data-id=\"666bdbc\" data-element_type=\"container\">\n\t\t\t\t<div class=\"elementor-element elementor-element-6e752ad elementor-widget elementor-widget-text-editor\" data-id=\"6e752ad\" data-element_type=\"widget\" data-widget_type=\"text-editor.default\">\n\t\t\t\t<div class=\"elementor-widget-container\">\n\t\t\t\t\t\t\t<p><strong>Supportpartnerpaket, Pris: 15 000kr<\/strong><\/p>\t\t\t\t\t\t<\/div>\n\t\t\t\t<\/div>\n\t\t\t\t<div class=\"elementor-element elementor-element-6920eec elementor-widget elementor-widget-text-editor\" data-id=\"6920eec\" data-element_type=\"widget\" data-widget_type=\"text-editor.default\">\n\t\t\t\t<div class=\"elementor-widget-container\">\n\t\t\t\t\t\t\t<ul><li style=\"font-size: 16px;\">Exklusiv partnerexponering i samband med lunchen<\/li><li style=\"font-size: 16px;\">Logotype i all marknadsf\u00f6ring som g\u00f6rs f\u00f6re,<br \/>under och efter konferensen.<\/li><li style=\"font-size: 16px;\">Logotype p\u00e5 www.kollektivtrafikdagen.se med<br \/>klickbar logga f\u00f6r att komma vidare<\/li><li style=\"font-size: 16px;\">Kampanjbanner en m\u00e5nad innan eventet<\/li><li style=\"font-size: 16px;\">3 inf\u00f6rande med toppannonser i v\u00e5rt<br \/>nyhetsbrev.<\/li><li style=\"font-size: 16px;\">1 deltagare (v\u00e4rde 2 995 kr \/ pers)<\/li><\/ul>\t\t\t\t\t\t<\/div>\n\t\t\t\t<\/div>\n\t\t\t\t<div class=\"elementor-element elementor-element-f5cdf5e elementor-widget elementor-widget-spacer\" data-id=\"f5cdf5e\" data-element_type=\"widget\" data-widget_type=\"spacer.default\">\n\t\t\t\t<div class=\"elementor-widget-container\">\n\t\t\t\t\t<div class=\"elementor-spacer\">\n\t\t\t<div class=\"elementor-spacer-inner\"><\/div>\n\t\t<\/div>\n\t\t\t\t<\/div>\n\t\t\t\t<\/div>\n\t\t\t\t<div class=\"elementor-element elementor-element-2431197 elementor-widget elementor-widget-spacer\" data-id=\"2431197\" data-element_type=\"widget\" data-widget_type=\"spacer.default\">\n\t\t\t\t<div class=\"elementor-widget-container\">\n\t\t\t\t\t<div class=\"elementor-spacer\">\n\t\t\t<div class=\"elementor-spacer-inner\"><\/div>\n\t\t<\/div>\n\t\t\t\t<\/div>\n\t\t\t\t<\/div>\n\t\t\t\t<\/div>\n\t\t\t\t\t<\/div>\n\t\t\t\t<\/div>\n\t\t<div class=\"elementor-element elementor-element-a526699 e-flex e-con-boxed e-con e-parent\" data-id=\"a526699\" data-element_type=\"container\" data-core-v316-plus=\"true\">\n\t\t\t\t\t<div class=\"e-con-inner\">\n\t\t\t\t<div class=\"elementor-element elementor-element-2118b6a elementor-widget elementor-widget-spacer\" data-id=\"2118b6a\" data-element_type=\"widget\" data-widget_type=\"spacer.default\">\n\t\t\t\t<div class=\"elementor-widget-container\">\n\t\t\t\t\t<div class=\"elementor-spacer\">\n\t\t\t<div class=\"elementor-spacer-inner\"><\/div>\n\t\t<\/div>\n\t\t\t\t<\/div>\n\t\t\t\t<\/div>\n\t\t\t\t\t<\/div>\n\t\t\t\t<\/div>\n\t\t<div class=\"elementor-element elementor-element-68f7f87 e-flex e-con-boxed e-con e-parent\" data-id=\"68f7f87\" data-element_type=\"container\" data-core-v316-plus=\"true\">\n\t\t\t\t\t<div class=\"e-con-inner\">\n\t\t<div class=\"elementor-element elementor-element-c89c7f1 e-con-full e-flex e-con e-child\" data-id=\"c89c7f1\" data-element_type=\"container\">\n\t\t\t\t<div class=\"elementor-element elementor-element-ce179f2 elementor-widget elementor-widget-text-editor\" data-id=\"ce179f2\" data-element_type=\"widget\" data-widget_type=\"text-editor.default\">\n\t\t\t\t<div class=\"elementor-widget-container\">\n\t\t\t\t\t\t\t<p><strong>Lunchpartnerpaket, 20 000kr<\/strong><\/p>\t\t\t\t\t\t<\/div>\n\t\t\t\t<\/div>\n\t\t\t\t<div class=\"elementor-element elementor-element-d7c4c1a elementor-widget elementor-widget-text-editor\" data-id=\"d7c4c1a\" data-element_type=\"widget\" data-widget_type=\"text-editor.default\">\n\t\t\t\t<div class=\"elementor-widget-container\">\n\t\t\t\t\t\t\t<ul><li style=\"font-size: 16px;\">Exklusiv partnerexponering i samband med lunchen<\/li><li style=\"font-size: 16px;\">Logotype i all marknadsf\u00f6ring som g\u00f6rs f\u00f6re,<br \/>under och efter konferensen.<\/li><li style=\"font-size: 16px;\">Logotype p\u00e5 www.kollektivtrafikdagen.se med<br \/>klickbar logga f\u00f6r att komma vidare<\/li><li style=\"font-size: 16px;\">Kampanjbanner en m\u00e5nad innan eventet<\/li><li style=\"font-size: 16px;\">3 inf\u00f6rande med toppannonser i v\u00e5rt<br \/>nyhetsbrev.<\/li><li style=\"font-size: 16px;\">1 deltagare (v\u00e4rde 2 995 kr \/ pers)<\/li><\/ul>\t\t\t\t\t\t<\/div>\n\t\t\t\t<\/div>\n\t\t\t\t<\/div>\n\t\t\t\t<div class=\"elementor-element elementor-element-38356ea elementor-widget elementor-widget-spacer\" data-id=\"38356ea\" data-element_type=\"widget\" data-widget_type=\"spacer.default\">\n\t\t\t\t<div class=\"elementor-widget-container\">\n\t\t\t\t\t<div class=\"elementor-spacer\">\n\t\t\t<div class=\"elementor-spacer-inner\"><\/div>\n\t\t<\/div>\n\t\t\t\t<\/div>\n\t\t\t\t<\/div>\n\t\t\t\t\t<\/div>\n\t\t\t\t<\/div>\n\t\t\t\t<\/div>\n\t\t","protected":false},"excerpt":{"rendered":"<p>Delta som utst\u00e4llare och partner Som utst\u00e4llare och partner p\u00e5 Kollektivtrafikdagen ger ni ert f\u00f6retag en unik m\u00f6jlighet att skapa nya aff\u00e4rsm\u00f6jligheter, v\u00e5rda relationerna med era befintliga kunder och knyta v\u00e4rdefulla kontakter med nya partners. Genom att delta hj\u00e4lper ni ocks\u00e5 branschen och dess beslutsfattare att forma framtidens kollektivtrafik, samtidigt som ni st\u00e4rker f\u00f6retagets marknadsn\u00e4rvaro [&hellip;]<\/p>\n","protected":false},"author":1,"featured_media":0,"parent":0,"menu_order":0,"comment_status":"closed","ping_status":"closed","template":"elementor_header_footer","meta":{"_acf_changed":false,"footnotes":""},"acf":[],"_links":{"self":[{"href":"https:\/\/nmevents.se\/kollektivtrafikdagen\/wp-json\/wp\/v2\/pages\/600"}],"collection":[{"href":"https:\/\/nmevents.se\/kollektivtrafikdagen\/wp-json\/wp\/v2\/pages"}],"about":[{"href":"https:\/\/nmevents.se\/kollektivtrafikdagen\/wp-json\/wp\/v2\/types\/page"}],"author":[{"embeddable":true,"href":"https:\/\/nmevents.se\/kollektivtrafikdagen\/wp-json\/wp\/v2\/users\/1"}],"replies":[{"embeddable":true,"href":"https:\/\/nmevents.se\/kollektivtrafikdagen\/wp-json\/wp\/v2\/comments?post=600"}],"version-history":[{"count":178,"href":"https:\/\/nmevents.se\/kollektivtrafikdagen\/wp-json\/wp\/v2\/pages\/600\/revisions"}],"predecessor-version":[{"id":2977,"href":"https:\/\/nmevents.se\/kollektivtrafikdagen\/wp-json\/wp\/v2\/pages\/600\/revisions\/2977"}],"wp:attachment":[{"href":"https:\/\/nmevents.se\/kollektivtrafikdagen\/wp-json\/wp\/v2\/media?parent=600"}],"curies":[{"name":"wp","href":"https:\/\/api.w.org\/{rel}","templated":true}]}}