{"id":816,"date":"2024-02-27T10:37:03","date_gmt":"2024-02-27T09:37:03","guid":{"rendered":"https:\/\/nmevents.se\/kollektivtrafikdagen2025\/?page_id=816"},"modified":"2025-12-10T16:39:14","modified_gmt":"2025-12-10T15:39:14","slug":"trafikforum","status":"publish","type":"page","link":"https:\/\/nmevents.se\/kollektivtrafikdagen\/trafikforum\/","title":{"rendered":"Om Trafikforum"},"content":{"rendered":"\t\t<div data-elementor-type=\"wp-page\" data-elementor-id=\"816\" class=\"elementor elementor-816\" data-elementor-post-type=\"page\">\n\t\t\t\t<div class=\"elementor-element elementor-element-d587e92 e-flex e-con-boxed e-con e-parent\" data-id=\"d587e92\" data-element_type=\"container\" data-core-v316-plus=\"true\">\n\t\t\t\t\t<div class=\"e-con-inner\">\n\t\t\t\t<div class=\"elementor-element elementor-element-dcdbc87 elementor-widget elementor-widget-spacer\" data-id=\"dcdbc87\" data-element_type=\"widget\" data-widget_type=\"spacer.default\">\n\t\t\t\t<div class=\"elementor-widget-container\">\n\t\t\t<style>\/*! elementor - v3.20.0 - 20-03-2024 *\/\n.elementor-column .elementor-spacer-inner{height:var(--spacer-size)}.e-con{--container-widget-width:100%}.e-con-inner>.elementor-widget-spacer,.e-con>.elementor-widget-spacer{width:var(--container-widget-width,var(--spacer-size));--align-self:var(--container-widget-align-self,initial);--flex-shrink:0}.e-con-inner>.elementor-widget-spacer>.elementor-widget-container,.e-con>.elementor-widget-spacer>.elementor-widget-container{height:100%;width:100%}.e-con-inner>.elementor-widget-spacer>.elementor-widget-container>.elementor-spacer,.e-con>.elementor-widget-spacer>.elementor-widget-container>.elementor-spacer{height:100%}.e-con-inner>.elementor-widget-spacer>.elementor-widget-container>.elementor-spacer>.elementor-spacer-inner,.e-con>.elementor-widget-spacer>.elementor-widget-container>.elementor-spacer>.elementor-spacer-inner{height:var(--container-widget-height,var(--spacer-size))}.e-con-inner>.elementor-widget-spacer.elementor-widget-empty,.e-con>.elementor-widget-spacer.elementor-widget-empty{position:relative;min-height:22px;min-width:22px}.e-con-inner>.elementor-widget-spacer.elementor-widget-empty .elementor-widget-empty-icon,.e-con>.elementor-widget-spacer.elementor-widget-empty .elementor-widget-empty-icon{position:absolute;top:0;bottom:0;left:0;right:0;margin:auto;padding:0;width:22px;height:22px}<\/style>\t\t<div class=\"elementor-spacer\">\n\t\t\t<div class=\"elementor-spacer-inner\"><\/div>\n\t\t<\/div>\n\t\t\t\t<\/div>\n\t\t\t\t<\/div>\n\t\t\t\t\t<\/div>\n\t\t\t\t<\/div>\n\t\t<div class=\"elementor-element elementor-element-1ef4fed e-flex e-con-boxed e-con e-parent\" data-id=\"1ef4fed\" data-element_type=\"container\" data-core-v316-plus=\"true\">\n\t\t\t\t\t<div class=\"e-con-inner\">\n\t\t<div class=\"elementor-element elementor-element-b32109e e-con-full e-flex e-con e-child\" data-id=\"b32109e\" data-element_type=\"container\">\n\t\t\t\t<div class=\"elementor-element elementor-element-cc2a6b3 elementor-widget__width-initial elementor-widget elementor-widget-text-editor\" data-id=\"cc2a6b3\" data-element_type=\"widget\" data-widget_type=\"text-editor.default\">\n\t\t\t\t<div class=\"elementor-widget-container\">\n\t\t\t<style>\/*! elementor - v3.20.0 - 20-03-2024 *\/\n.elementor-widget-text-editor.elementor-drop-cap-view-stacked .elementor-drop-cap{background-color:#69727d;color:#fff}.elementor-widget-text-editor.elementor-drop-cap-view-framed .elementor-drop-cap{color:#69727d;border:3px solid;background-color:transparent}.elementor-widget-text-editor:not(.elementor-drop-cap-view-default) .elementor-drop-cap{margin-top:8px}.elementor-widget-text-editor:not(.elementor-drop-cap-view-default) .elementor-drop-cap-letter{width:1em;height:1em}.elementor-widget-text-editor .elementor-drop-cap{float:left;text-align:center;line-height:1;font-size:50px}.elementor-widget-text-editor .elementor-drop-cap-letter{display:inline-block}<\/style>\t\t\t\t<p><strong>Nordens ledande <br>branschtidning inom persontrafik<\/strong><\/p>\t\t\t\t\t\t<\/div>\n\t\t\t\t<\/div>\n\t\t\t\t<div class=\"elementor-element elementor-element-9118474 elementor-widget elementor-widget-text-editor\" data-id=\"9118474\" data-element_type=\"widget\" data-widget_type=\"text-editor.default\">\n\t\t\t\t<div class=\"elementor-widget-container\">\n\t\t\t\t\t\t\t<p>Trafikforum \u00e4r Nordens ledande branschtidning f\u00f6r all slags<br \/>persontrafik utom flyg. Trafikforum synar allt fr\u00e5n lokal och<br \/>regional kollektivtrafik till l\u00e5ngv\u00e4ga trafik med b\u00e5de buss, t\u00e5g<br \/>och taxi. Hela Sverige bevakas och vi genomf\u00f6r \u00e4ven relevant<br \/>internationell bevakning.<br \/>Tidningen kompletteras av sin hemsida rt-forum med daglig<br \/>rapportering samt nyhetsbrev varje vecka. Vi skapar egna<br \/>branschm\u00f6ten samt bevakar viktiga seminarier och m\u00e4ssor.<br \/>Trafikforum har ett n\u00e4ra samarbete med Sveriges Bussf\u00f6retag<br \/>och utkommer som e-tidning samt tryckt papperstidning.<\/p><p>Caroline Swartling<br \/>Chefredakt\u00f6r<\/p>\t\t\t\t\t\t<\/div>\n\t\t\t\t<\/div>\n\t\t\t\t<div class=\"elementor-element elementor-element-75ff77c elementor-widget elementor-widget-text-editor\" data-id=\"75ff77c\" data-element_type=\"widget\" data-widget_type=\"text-editor.default\">\n\t\t\t\t<div class=\"elementor-widget-container\">\n\t\t\t\t\t\t\t<p><strong>Bes\u00f6k oss g\u00e4rna p\u00e5\u00a0<a title=\"Res- &amp; Trafikforum\" href=\"https:\/\/www.rt-forum.se\/\" target=\"_blank\" rel=\"noopener\">rt-forum.se!<\/a><\/strong><\/p>\t\t\t\t\t\t<\/div>\n\t\t\t\t<\/div>\n\t\t\t\t<\/div>\n\t\t\t\t<div class=\"elementor-element elementor-element-87aced3 elementor-widget__width-initial elementor-widget elementor-widget-image\" data-id=\"87aced3\" data-element_type=\"widget\" data-widget_type=\"image.default\">\n\t\t\t\t<div class=\"elementor-widget-container\">\n\t\t\t<style>\/*! elementor - v3.20.0 - 20-03-2024 *\/\n.elementor-widget-image{text-align:center}.elementor-widget-image a{display:inline-block}.elementor-widget-image a img[src$=\".svg\"]{width:48px}.elementor-widget-image img{vertical-align:middle;display:inline-block}<\/style>\t\t\t\t\t\t\t\t\t\t<img fetchpriority=\"high\" decoding=\"async\" width=\"800\" height=\"800\" src=\"https:\/\/nmevents.se\/kollektivtrafikdagen\/wp-content\/uploads\/sites\/53\/2024\/12\/omslag.jpg\" class=\"attachment-large size-large wp-image-1936\" alt=\"\" srcset=\"https:\/\/nmevents.se\/kollektivtrafikdagen\/wp-content\/uploads\/sites\/53\/2024\/12\/omslag.jpg 1000w, https:\/\/nmevents.se\/kollektivtrafikdagen\/wp-content\/uploads\/sites\/53\/2024\/12\/omslag-300x300.jpg 300w, https:\/\/nmevents.se\/kollektivtrafikdagen\/wp-content\/uploads\/sites\/53\/2024\/12\/omslag-150x150.jpg 150w, https:\/\/nmevents.se\/kollektivtrafikdagen\/wp-content\/uploads\/sites\/53\/2024\/12\/omslag-768x768.jpg 768w\" sizes=\"(max-width: 800px) 100vw, 800px\" \/>\t\t\t\t\t\t\t\t\t\t\t\t\t<\/div>\n\t\t\t\t<\/div>\n\t\t\t\t\t<\/div>\n\t\t\t\t<\/div>\n\t\t<div class=\"elementor-element elementor-element-93eb456 e-flex e-con-boxed e-con e-parent\" data-id=\"93eb456\" data-element_type=\"container\" data-core-v316-plus=\"true\">\n\t\t\t\t\t<div class=\"e-con-inner\">\n\t\t\t\t<div class=\"elementor-element elementor-element-2235f07 elementor-widget elementor-widget-spacer\" data-id=\"2235f07\" data-element_type=\"widget\" data-widget_type=\"spacer.default\">\n\t\t\t\t<div class=\"elementor-widget-container\">\n\t\t\t\t\t<div class=\"elementor-spacer\">\n\t\t\t<div class=\"elementor-spacer-inner\"><\/div>\n\t\t<\/div>\n\t\t\t\t<\/div>\n\t\t\t\t<\/div>\n\t\t\t\t\t<\/div>\n\t\t\t\t<\/div>\n\t\t<div class=\"elementor-element elementor-element-3ce7621 e-flex e-con-boxed e-con e-parent\" data-id=\"3ce7621\" data-element_type=\"container\" data-core-v316-plus=\"true\">\n\t\t\t\t\t<div class=\"e-con-inner\">\n\t\t\t\t<div class=\"elementor-element elementor-element-793b918 elementor-widget elementor-widget-spacer\" data-id=\"793b918\" data-element_type=\"widget\" data-widget_type=\"spacer.default\">\n\t\t\t\t<div class=\"elementor-widget-container\">\n\t\t\t\t\t<div class=\"elementor-spacer\">\n\t\t\t<div class=\"elementor-spacer-inner\"><\/div>\n\t\t<\/div>\n\t\t\t\t<\/div>\n\t\t\t\t<\/div>\n\t\t\t\t<div class=\"elementor-element elementor-element-d6a657d elementor-widget elementor-widget-text-editor\" data-id=\"d6a657d\" data-element_type=\"widget\" data-widget_type=\"text-editor.default\">\n\t\t\t\t<div class=\"elementor-widget-container\">\n\t\t\t\t\t\t\t<p class=\"elementor-heading-title elementor-size-default\"><strong>Under 2026 arrangerar vi \u00e4ven<\/strong><\/p>\t\t\t\t\t\t<\/div>\n\t\t\t\t<\/div>\n\t\t\t\t<div class=\"elementor-element elementor-element-1648ec3 elementor-widget elementor-widget-spacer\" data-id=\"1648ec3\" data-element_type=\"widget\" data-widget_type=\"spacer.default\">\n\t\t\t\t<div class=\"elementor-widget-container\">\n\t\t\t\t\t<div class=\"elementor-spacer\">\n\t\t\t<div class=\"elementor-spacer-inner\"><\/div>\n\t\t<\/div>\n\t\t\t\t<\/div>\n\t\t\t\t<\/div>\n\t\t\t\t\t<\/div>\n\t\t\t\t<\/div>\n\t\t<div class=\"elementor-element elementor-element-16ba1b4 e-flex e-con-boxed e-con e-parent\" data-id=\"16ba1b4\" data-element_type=\"container\" data-core-v316-plus=\"true\">\n\t\t\t\t\t<div class=\"e-con-inner\">\n\t\t\t\t<div class=\"elementor-element elementor-element-3e0522c elementor-widget elementor-widget-spacer\" data-id=\"3e0522c\" data-element_type=\"widget\" data-widget_type=\"spacer.default\">\n\t\t\t\t<div class=\"elementor-widget-container\">\n\t\t\t\t\t<div class=\"elementor-spacer\">\n\t\t\t<div class=\"elementor-spacer-inner\"><\/div>\n\t\t<\/div>\n\t\t\t\t<\/div>\n\t\t\t\t<\/div>\n\t\t\t\t\t<\/div>\n\t\t\t\t<\/div>\n\t\t<div class=\"elementor-element elementor-element-9d70f04 e-flex e-con-boxed e-con e-parent\" data-id=\"9d70f04\" data-element_type=\"container\" data-core-v316-plus=\"true\">\n\t\t\t\t\t<div class=\"e-con-inner\">\n\t\t<div class=\"elementor-element elementor-element-988a984 e-con-full e-flex e-con e-child\" data-id=\"988a984\" data-element_type=\"container\">\n\t\t\t\t<div class=\"elementor-element elementor-element-d965c63 elementor-widget elementor-widget-image\" data-id=\"d965c63\" data-element_type=\"widget\" data-widget_type=\"image.default\">\n\t\t\t\t<div class=\"elementor-widget-container\">\n\t\t\t\t\t\t\t\t\t\t\t\t\t\t<a href=\"https:\/\/nmevents.se\/bussforar-sm\/\" target=\"_blank\">\n\t\t\t\t\t\t\t<img decoding=\"async\" width=\"1190\" height=\"985\" src=\"https:\/\/nmevents.se\/kollektivtrafikdagen\/wp-content\/uploads\/sites\/53\/2024\/12\/BFSM_logo_CMYK-2025_outline.png\" class=\"attachment-full size-full wp-image-1792\" alt=\"\" srcset=\"https:\/\/nmevents.se\/kollektivtrafikdagen\/wp-content\/uploads\/sites\/53\/2024\/12\/BFSM_logo_CMYK-2025_outline.png 1190w, https:\/\/nmevents.se\/kollektivtrafikdagen\/wp-content\/uploads\/sites\/53\/2024\/12\/BFSM_logo_CMYK-2025_outline-300x248.png 300w, https:\/\/nmevents.se\/kollektivtrafikdagen\/wp-content\/uploads\/sites\/53\/2024\/12\/BFSM_logo_CMYK-2025_outline-1024x848.png 1024w, https:\/\/nmevents.se\/kollektivtrafikdagen\/wp-content\/uploads\/sites\/53\/2024\/12\/BFSM_logo_CMYK-2025_outline-768x636.png 768w\" sizes=\"(max-width: 1190px) 100vw, 1190px\" \/>\t\t\t\t\t\t\t\t<\/a>\n\t\t\t\t\t\t\t\t\t\t\t\t\t<\/div>\n\t\t\t\t<\/div>\n\t\t\t\t<\/div>\n\t\t\t\t<div class=\"elementor-element elementor-element-50638a8 elementor-widget elementor-widget-spacer\" data-id=\"50638a8\" data-element_type=\"widget\" data-widget_type=\"spacer.default\">\n\t\t\t\t<div class=\"elementor-widget-container\">\n\t\t\t\t\t<div class=\"elementor-spacer\">\n\t\t\t<div class=\"elementor-spacer-inner\"><\/div>\n\t\t<\/div>\n\t\t\t\t<\/div>\n\t\t\t\t<\/div>\n\t\t<div class=\"elementor-element elementor-element-a69a034 e-con-full e-flex e-con e-child\" data-id=\"a69a034\" data-element_type=\"container\">\n\t\t\t\t<div class=\"elementor-element elementor-element-2c89b5e elementor-widget elementor-widget-text-editor\" data-id=\"2c89b5e\" data-element_type=\"widget\" data-widget_type=\"text-editor.default\">\n\t\t\t\t<div class=\"elementor-widget-container\">\n\t\t\t\t\t\t\t<p><strong>Bussf\u00f6rar-SM<\/strong><\/p>\t\t\t\t\t\t<\/div>\n\t\t\t\t<\/div>\n\t\t\t\t<div class=\"elementor-element elementor-element-04a7e86 elementor-widget elementor-widget-text-editor\" data-id=\"04a7e86\" data-element_type=\"widget\" data-widget_type=\"text-editor.default\">\n\t\t\t\t<div class=\"elementor-widget-container\">\n\t\t\t\t\t\t\t<p>Syftet med Bussf\u00f6rar-SM \u00e4r att \u00f6ka fokus p\u00e5 och h\u00f6ja statusen f\u00f6r<br \/>bussf\u00f6raryrket eftersom rekryteringsbehovet \u00e4r mycket stort och<br \/>branschens krav st\u00e4ndigt \u00f6kar.<\/p><p>Varje \u00e5r genomf\u00f6rs en miljard resor inom kollektivtraken. En av<br \/>de viktigaste yrkesgrupperna inom branschen \u00e4r bussf\u00f6raryrket som har en nyckelroll f\u00f6r att resan ska bli behaglig och s\u00e4ker. Bussf\u00f6rar-SM arrangeras f\u00f6r att uppm\u00e4rksamma bussf\u00f6rarna och visa<br \/>hur viktig deras kompetens \u00e4r.<\/p><p>Bussf\u00f6raren \u00e4r f\u00f6retagets ansikte ut\u00e5t och det \u00e4r viktigt att bussf\u00f6raren \u00e4r serviceinriktad, representativ och har ett bra kundbem\u00f6tande. Som bussf\u00f6rare ska man kunna k\u00f6ra fordonet mjukt och s\u00e4kert, ekonomiskt och riskmedvetet. Man ska \u00e4ven kunna<br \/>man\u00f6vrera fordonet i tr\u00e5nga trafikmilj\u00f6er och vara kvalitets- och<br \/>milj\u00f6medveten.<\/p>\t\t\t\t\t\t<\/div>\n\t\t\t\t<\/div>\n\t\t\t\t<div class=\"elementor-element elementor-element-2b1058b elementor-widget elementor-widget-button\" data-id=\"2b1058b\" data-element_type=\"widget\" data-widget_type=\"button.default\">\n\t\t\t\t<div class=\"elementor-widget-container\">\n\t\t\t\t\t<div class=\"elementor-button-wrapper\">\n\t\t\t<a class=\"elementor-button elementor-button-link elementor-size-sm\" href=\"https:\/\/nmevents.se\/bussforar-sm\/\" target=\"_blank\">\n\t\t\t\t\t\t<span class=\"elementor-button-content-wrapper\">\n\t\t\t\t\t\t<span class=\"elementor-button-text\">Bes\u00f6k Bussf\u00f6rar-SM<\/span>\n\t\t<\/span>\n\t\t\t\t\t<\/a>\n\t\t<\/div>\n\t\t\t\t<\/div>\n\t\t\t\t<\/div>\n\t\t\t\t<\/div>\n\t\t\t\t\t<\/div>\n\t\t\t\t<\/div>\n\t\t\t\t<\/div>\n\t\t","protected":false},"excerpt":{"rendered":"<p>Nordens ledande branschtidning inom persontrafik Trafikforum \u00e4r Nordens ledande branschtidning f\u00f6r all slagspersontrafik utom flyg. Trafikforum synar allt fr\u00e5n lokal ochregional kollektivtrafik till l\u00e5ngv\u00e4ga trafik med b\u00e5de buss, t\u00e5goch taxi. Hela Sverige bevakas och vi genomf\u00f6r \u00e4ven relevantinternationell bevakning.Tidningen kompletteras av sin hemsida rt-forum med dagligrapportering samt nyhetsbrev varje vecka. Vi skapar egnabranschm\u00f6ten samt bevakar [&hellip;]<\/p>\n","protected":false},"author":9,"featured_media":0,"parent":0,"menu_order":0,"comment_status":"closed","ping_status":"closed","template":"","meta":{"_acf_changed":false,"footnotes":""},"acf":[],"_links":{"self":[{"href":"https:\/\/nmevents.se\/kollektivtrafikdagen\/wp-json\/wp\/v2\/pages\/816"}],"collection":[{"href":"https:\/\/nmevents.se\/kollektivtrafikdagen\/wp-json\/wp\/v2\/pages"}],"about":[{"href":"https:\/\/nmevents.se\/kollektivtrafikdagen\/wp-json\/wp\/v2\/types\/page"}],"author":[{"embeddable":true,"href":"https:\/\/nmevents.se\/kollektivtrafikdagen\/wp-json\/wp\/v2\/users\/9"}],"replies":[{"embeddable":true,"href":"https:\/\/nmevents.se\/kollektivtrafikdagen\/wp-json\/wp\/v2\/comments?post=816"}],"version-history":[{"count":149,"href":"https:\/\/nmevents.se\/kollektivtrafikdagen\/wp-json\/wp\/v2\/pages\/816\/revisions"}],"predecessor-version":[{"id":2926,"href":"https:\/\/nmevents.se\/kollektivtrafikdagen\/wp-json\/wp\/v2\/pages\/816\/revisions\/2926"}],"wp:attachment":[{"href":"https:\/\/nmevents.se\/kollektivtrafikdagen\/wp-json\/wp\/v2\/media?parent=816"}],"curies":[{"name":"wp","href":"https:\/\/api.w.org\/{rel}","templated":true}]}}