{"id":17,"date":"2023-11-06T11:17:16","date_gmt":"2023-11-06T11:17:16","guid":{"rendered":"https:\/\/eventdk4_.nordiske-medier.dk4_\/?page_id=17"},"modified":"2026-04-08T08:19:35","modified_gmt":"2026-04-08T06:19:35","slug":"omoss","status":"publish","type":"page","link":"https:\/\/nmevents.se\/medtechdagen\/omoss\/","title":{"rendered":"Om oss"},"content":{"rendered":"\t\t<div data-elementor-type=\"wp-page\" data-elementor-id=\"17\" class=\"elementor elementor-17\" data-elementor-post-type=\"page\">\n\t\t\t\t<div class=\"elementor-element elementor-element-e6d161e e-flex e-con-boxed e-con e-parent\" data-id=\"e6d161e\" data-element_type=\"container\" data-core-v316-plus=\"true\">\n\t\t\t\t\t<div class=\"e-con-inner\">\n\t\t\t\t<div class=\"elementor-element elementor-element-ae692ad elementor-widget elementor-widget-spacer\" data-id=\"ae692ad\" data-element_type=\"widget\" data-widget_type=\"spacer.default\">\n\t\t\t\t<div class=\"elementor-widget-container\">\n\t\t\t<style>\/*! elementor - v3.20.0 - 20-03-2024 *\/\n.elementor-column .elementor-spacer-inner{height:var(--spacer-size)}.e-con{--container-widget-width:100%}.e-con-inner>.elementor-widget-spacer,.e-con>.elementor-widget-spacer{width:var(--container-widget-width,var(--spacer-size));--align-self:var(--container-widget-align-self,initial);--flex-shrink:0}.e-con-inner>.elementor-widget-spacer>.elementor-widget-container,.e-con>.elementor-widget-spacer>.elementor-widget-container{height:100%;width:100%}.e-con-inner>.elementor-widget-spacer>.elementor-widget-container>.elementor-spacer,.e-con>.elementor-widget-spacer>.elementor-widget-container>.elementor-spacer{height:100%}.e-con-inner>.elementor-widget-spacer>.elementor-widget-container>.elementor-spacer>.elementor-spacer-inner,.e-con>.elementor-widget-spacer>.elementor-widget-container>.elementor-spacer>.elementor-spacer-inner{height:var(--container-widget-height,var(--spacer-size))}.e-con-inner>.elementor-widget-spacer.elementor-widget-empty,.e-con>.elementor-widget-spacer.elementor-widget-empty{position:relative;min-height:22px;min-width:22px}.e-con-inner>.elementor-widget-spacer.elementor-widget-empty .elementor-widget-empty-icon,.e-con>.elementor-widget-spacer.elementor-widget-empty .elementor-widget-empty-icon{position:absolute;top:0;bottom:0;left:0;right:0;margin:auto;padding:0;width:22px;height:22px}<\/style>\t\t<div class=\"elementor-spacer\">\n\t\t\t<div class=\"elementor-spacer-inner\"><\/div>\n\t\t<\/div>\n\t\t\t\t<\/div>\n\t\t\t\t<\/div>\n\t\t\t\t\t<\/div>\n\t\t\t\t<\/div>\n\t\t<div class=\"elementor-element elementor-element-e45dad3 e-flex e-con-boxed e-con e-parent\" data-id=\"e45dad3\" data-element_type=\"container\" data-core-v316-plus=\"true\">\n\t\t\t\t\t<div class=\"e-con-inner\">\n\t\t<div class=\"elementor-element elementor-element-41abe2e e-con-full e-flex e-con e-child\" data-id=\"41abe2e\" data-element_type=\"container\">\n\t\t\t\t<div class=\"elementor-element elementor-element-fbabc16 elementor-widget elementor-widget-heading\" data-id=\"fbabc16\" data-element_type=\"widget\" data-widget_type=\"heading.default\">\n\t\t\t\t<div class=\"elementor-widget-container\">\n\t\t\t<style>\/*! elementor - v3.20.0 - 20-03-2024 *\/\n.elementor-heading-title{padding:0;margin:0;line-height:1}.elementor-widget-heading .elementor-heading-title[class*=elementor-size-]>a{color:inherit;font-size:inherit;line-height:inherit}.elementor-widget-heading .elementor-heading-title.elementor-size-small{font-size:15px}.elementor-widget-heading .elementor-heading-title.elementor-size-medium{font-size:19px}.elementor-widget-heading .elementor-heading-title.elementor-size-large{font-size:29px}.elementor-widget-heading .elementor-heading-title.elementor-size-xl{font-size:39px}.elementor-widget-heading .elementor-heading-title.elementor-size-xxl{font-size:59px}<\/style><h1 class=\"elementor-heading-title elementor-size-default\">Medtech Magazine<\/h1>\t\t<\/div>\n\t\t\t\t<\/div>\n\t\t\t\t<div class=\"elementor-element elementor-element-8ca6bc5 elementor-widget elementor-widget-text-editor\" data-id=\"8ca6bc5\" data-element_type=\"widget\" data-widget_type=\"text-editor.default\">\n\t\t\t\t<div class=\"elementor-widget-container\">\n\t\t\t<style>\/*! elementor - v3.20.0 - 20-03-2024 *\/\n.elementor-widget-text-editor.elementor-drop-cap-view-stacked .elementor-drop-cap{background-color:#69727d;color:#fff}.elementor-widget-text-editor.elementor-drop-cap-view-framed .elementor-drop-cap{color:#69727d;border:3px solid;background-color:transparent}.elementor-widget-text-editor:not(.elementor-drop-cap-view-default) .elementor-drop-cap{margin-top:8px}.elementor-widget-text-editor:not(.elementor-drop-cap-view-default) .elementor-drop-cap-letter{width:1em;height:1em}.elementor-widget-text-editor .elementor-drop-cap{float:left;text-align:center;line-height:1;font-size:50px}.elementor-widget-text-editor .elementor-drop-cap-letter{display:inline-block}<\/style>\t\t\t\t<p><span data-teams=\"true\">Medtech Magazine \u00e4r en oberoende tidning som bevakar och skriver om det som engagerar och intresserar den medicintekniska sektorn.<br \/><\/span><\/p><p><span data-teams=\"true\">M\u00e5lgruppen f\u00f6r tidningen \u00e4r beslutsfattare p\u00e5 medtechf\u00f6retagen, ink\u00f6pare\/upphandlare p\u00e5 regionerna och i sjukv\u00e5rden. <\/span><span data-teams=\"true\">D\u00e4rtill kommer verksamhetschefer\/v\u00e5rdenhetschefer i b\u00e5de<br \/>sluten och \u00f6ppen v\u00e5rd, medicintekniska chefer, sjukhusledningar samt regionr\u00e5d. <\/span><\/p><p><span data-teams=\"true\">I viss m\u00e5n n\u00e5r tidningen \u00e4ven andra ber\u00f6rda i omv\u00e4rlden f\u00f6r medtech som till exempel myndigheter, politiker och slutanv\u00e4ndare.<\/span><\/p><p><span data-teams=\"true\">Tidningen inneh\u00e5ller intervjuer, nyheter och reportage. H\u00e4r behandlas upphandling, politik, finans och \u00e4mnen som \u00e4r viktiga f\u00f6r leverant\u00f6rer och ink\u00f6pare av medicinteknik, som till exempel certifiering, regulatoriska \u00e4renden, kvalitetshantering, export, innovationer och mycket, mycket mer.<\/span><\/p>\t\t\t\t\t\t<\/div>\n\t\t\t\t<\/div>\n\t\t\t\t<div class=\"elementor-element elementor-element-66ec7e4 elementor-widget-divider--view-line elementor-widget elementor-widget-divider\" data-id=\"66ec7e4\" data-element_type=\"widget\" data-widget_type=\"divider.default\">\n\t\t\t\t<div class=\"elementor-widget-container\">\n\t\t\t<style>\/*! elementor - v3.20.0 - 20-03-2024 *\/\n.elementor-widget-divider{--divider-border-style:none;--divider-border-width:1px;--divider-color:#0c0d0e;--divider-icon-size:20px;--divider-element-spacing:10px;--divider-pattern-height:24px;--divider-pattern-size:20px;--divider-pattern-url:none;--divider-pattern-repeat:repeat-x}.elementor-widget-divider .elementor-divider{display:flex}.elementor-widget-divider .elementor-divider__text{font-size:15px;line-height:1;max-width:95%}.elementor-widget-divider .elementor-divider__element{margin:0 var(--divider-element-spacing);flex-shrink:0}.elementor-widget-divider .elementor-icon{font-size:var(--divider-icon-size)}.elementor-widget-divider .elementor-divider-separator{display:flex;margin:0;direction:ltr}.elementor-widget-divider--view-line_icon .elementor-divider-separator,.elementor-widget-divider--view-line_text .elementor-divider-separator{align-items:center}.elementor-widget-divider--view-line_icon .elementor-divider-separator:after,.elementor-widget-divider--view-line_icon .elementor-divider-separator:before,.elementor-widget-divider--view-line_text .elementor-divider-separator:after,.elementor-widget-divider--view-line_text .elementor-divider-separator:before{display:block;content:\"\";border-block-end:0;flex-grow:1;border-block-start:var(--divider-border-width) var(--divider-border-style) var(--divider-color)}.elementor-widget-divider--element-align-left .elementor-divider .elementor-divider-separator>.elementor-divider__svg:first-of-type{flex-grow:0;flex-shrink:100}.elementor-widget-divider--element-align-left .elementor-divider-separator:before{content:none}.elementor-widget-divider--element-align-left .elementor-divider__element{margin-left:0}.elementor-widget-divider--element-align-right .elementor-divider .elementor-divider-separator>.elementor-divider__svg:last-of-type{flex-grow:0;flex-shrink:100}.elementor-widget-divider--element-align-right .elementor-divider-separator:after{content:none}.elementor-widget-divider--element-align-right .elementor-divider__element{margin-right:0}.elementor-widget-divider--element-align-start .elementor-divider .elementor-divider-separator>.elementor-divider__svg:first-of-type{flex-grow:0;flex-shrink:100}.elementor-widget-divider--element-align-start .elementor-divider-separator:before{content:none}.elementor-widget-divider--element-align-start .elementor-divider__element{margin-inline-start:0}.elementor-widget-divider--element-align-end .elementor-divider .elementor-divider-separator>.elementor-divider__svg:last-of-type{flex-grow:0;flex-shrink:100}.elementor-widget-divider--element-align-end .elementor-divider-separator:after{content:none}.elementor-widget-divider--element-align-end .elementor-divider__element{margin-inline-end:0}.elementor-widget-divider:not(.elementor-widget-divider--view-line_text):not(.elementor-widget-divider--view-line_icon) .elementor-divider-separator{border-block-start:var(--divider-border-width) var(--divider-border-style) var(--divider-color)}.elementor-widget-divider--separator-type-pattern{--divider-border-style:none}.elementor-widget-divider--separator-type-pattern.elementor-widget-divider--view-line .elementor-divider-separator,.elementor-widget-divider--separator-type-pattern:not(.elementor-widget-divider--view-line) .elementor-divider-separator:after,.elementor-widget-divider--separator-type-pattern:not(.elementor-widget-divider--view-line) .elementor-divider-separator:before,.elementor-widget-divider--separator-type-pattern:not([class*=elementor-widget-divider--view]) .elementor-divider-separator{width:100%;min-height:var(--divider-pattern-height);-webkit-mask-size:var(--divider-pattern-size) 100%;mask-size:var(--divider-pattern-size) 100%;-webkit-mask-repeat:var(--divider-pattern-repeat);mask-repeat:var(--divider-pattern-repeat);background-color:var(--divider-color);-webkit-mask-image:var(--divider-pattern-url);mask-image:var(--divider-pattern-url)}.elementor-widget-divider--no-spacing{--divider-pattern-size:auto}.elementor-widget-divider--bg-round{--divider-pattern-repeat:round}.rtl .elementor-widget-divider .elementor-divider__text{direction:rtl}.e-con-inner>.elementor-widget-divider,.e-con>.elementor-widget-divider{width:var(--container-widget-width,100%);--flex-grow:var(--container-widget-flex-grow)}<\/style>\t\t<div class=\"elementor-divider\">\n\t\t\t<span class=\"elementor-divider-separator\">\n\t\t\t\t\t\t<\/span>\n\t\t<\/div>\n\t\t\t\t<\/div>\n\t\t\t\t<\/div>\n\t\t\t\t<div class=\"elementor-element elementor-element-e896180 elementor-widget elementor-widget-text-editor\" data-id=\"e896180\" data-element_type=\"widget\" data-widget_type=\"text-editor.default\">\n\t\t\t\t<div class=\"elementor-widget-container\">\n\t\t\t\t\t\t\t<p><span data-teams=\"true\">Tidningen utkommer fyra g\u00e5nger varje \u00e5r och sajten uppdateras dagligen med nyheter.<br \/>Tre g\u00e5nger i veckan skickar vi ut nyhetsbrev, varav ett av breven har s\u00e4rskilt fokus p\u00e5 hj\u00e4lpmedel. <\/span><span data-teams=\"true\">H\u00e5ll dig steget f\u00f6re konkurrenterna. Prenumerera idag och l\u00e5t oss vara er guide genom medtechbranschens snabba f\u00f6r\u00e4ndringar!\u00a0<\/span><\/p>\t\t\t\t\t\t<\/div>\n\t\t\t\t<\/div>\n\t\t\t\t<div class=\"elementor-element elementor-element-b9358d9 elementor-widget elementor-widget-text-editor\" data-id=\"b9358d9\" data-element_type=\"widget\" data-widget_type=\"text-editor.default\">\n\t\t\t\t<div class=\"elementor-widget-container\">\n\t\t\t\t\t\t\t<p>Prenumerationserbjudande!<\/p>\t\t\t\t\t\t<\/div>\n\t\t\t\t<\/div>\n\t\t\t\t<div class=\"elementor-element elementor-element-122a532 elementor-widget elementor-widget-text-editor\" data-id=\"122a532\" data-element_type=\"widget\" data-widget_type=\"text-editor.default\">\n\t\t\t\t<div class=\"elementor-widget-container\">\n\t\t\t\t\t\t\t<p>Nya prenumeranter f\u00e5r 20% rabatt under sitt f\u00f6rsta \u00e5r p\u00e5 Print + Digital-prenumeration, <br><strong>2 552 kr<\/strong> (ord.pris 2 995 kr).<\/p>\n<p><span style=\"font-size: 1rem;\">Erbjudandet g\u00e4ller endast nya prenumeranter. F\u00f6r att avsluta din prenumeration, v\u00e4nligen mejla <\/span><em style=\"font-size: 1rem;\">prenumeration@nordiskemedier.se<\/em><span style=\"font-size: 1rem;\"> minst en m\u00e5nad innan f\u00f6rnyelsedatumet.<\/span><\/p>\t\t\t\t\t\t<\/div>\n\t\t\t\t<\/div>\n\t\t\t\t<div class=\"elementor-element elementor-element-0137b28 elementor-widget elementor-widget-image\" data-id=\"0137b28\" data-element_type=\"widget\" data-widget_type=\"image.default\">\n\t\t\t\t<div class=\"elementor-widget-container\">\n\t\t\t<style>\/*! elementor - v3.20.0 - 20-03-2024 *\/\n.elementor-widget-image{text-align:center}.elementor-widget-image a{display:inline-block}.elementor-widget-image a img[src$=\".svg\"]{width:48px}.elementor-widget-image img{vertical-align:middle;display:inline-block}<\/style>\t\t\t\t\t\t\t\t\t\t\t<a href=\"https:\/\/www.medtechmagazine.se\/products\/subscription-special-offer.html?id=948&#038;campaign_code=\">\n\t\t\t\t\t\t\t<img fetchpriority=\"high\" decoding=\"async\" width=\"800\" height=\"271\" src=\"https:\/\/nmevents.se\/medtechdagen\/wp-content\/uploads\/sites\/65\/2025\/04\/MTD25_knappar_pren-1024x347.png\" class=\"attachment-large size-large wp-image-1836\" alt=\"\" srcset=\"https:\/\/nmevents.se\/medtechdagen\/wp-content\/uploads\/sites\/65\/2025\/04\/MTD25_knappar_pren-1024x347.png 1024w, https:\/\/nmevents.se\/medtechdagen\/wp-content\/uploads\/sites\/65\/2025\/04\/MTD25_knappar_pren-300x102.png 300w, https:\/\/nmevents.se\/medtechdagen\/wp-content\/uploads\/sites\/65\/2025\/04\/MTD25_knappar_pren-768x261.png 768w, https:\/\/nmevents.se\/medtechdagen\/wp-content\/uploads\/sites\/65\/2025\/04\/MTD25_knappar_pren-1536x521.png 1536w, https:\/\/nmevents.se\/medtechdagen\/wp-content\/uploads\/sites\/65\/2025\/04\/MTD25_knappar_pren-2048x695.png 2048w\" sizes=\"(max-width: 800px) 100vw, 800px\" \/>\t\t\t\t\t\t\t\t<\/a>\n\t\t\t\t\t\t\t\t\t\t\t\t\t<\/div>\n\t\t\t\t<\/div>\n\t\t\t\t<\/div>\n\t\t\t\t<div class=\"elementor-element elementor-element-4c98c50 elementor-widget elementor-widget-spacer\" data-id=\"4c98c50\" data-element_type=\"widget\" data-widget_type=\"spacer.default\">\n\t\t\t\t<div class=\"elementor-widget-container\">\n\t\t\t\t\t<div class=\"elementor-spacer\">\n\t\t\t<div class=\"elementor-spacer-inner\"><\/div>\n\t\t<\/div>\n\t\t\t\t<\/div>\n\t\t\t\t<\/div>\n\t\t<div class=\"elementor-element elementor-element-b54a4ae e-con-full e-flex e-con e-child\" data-id=\"b54a4ae\" data-element_type=\"container\">\n\t\t\t\t<div class=\"elementor-element elementor-element-70b62dd elementor-widget elementor-widget-image\" data-id=\"70b62dd\" data-element_type=\"widget\" data-widget_type=\"image.default\">\n\t\t\t\t<div class=\"elementor-widget-container\">\n\t\t\t\t\t\t\t\t\t\t\t\t\t<img decoding=\"async\" width=\"431\" height=\"1024\" src=\"https:\/\/nmevents.se\/medtechdagen\/wp-content\/uploads\/sites\/65\/2025\/04\/Medtechdagen25_GAN5-431x1024.png\" class=\"attachment-large size-large wp-image-1807\" alt=\"\" srcset=\"https:\/\/nmevents.se\/medtechdagen\/wp-content\/uploads\/sites\/65\/2025\/04\/Medtechdagen25_GAN5-431x1024.png 431w, https:\/\/nmevents.se\/medtechdagen\/wp-content\/uploads\/sites\/65\/2025\/04\/Medtechdagen25_GAN5-126x300.png 126w, https:\/\/nmevents.se\/medtechdagen\/wp-content\/uploads\/sites\/65\/2025\/04\/Medtechdagen25_GAN5-768x1824.png 768w, https:\/\/nmevents.se\/medtechdagen\/wp-content\/uploads\/sites\/65\/2025\/04\/Medtechdagen25_GAN5-647x1536.png 647w, https:\/\/nmevents.se\/medtechdagen\/wp-content\/uploads\/sites\/65\/2025\/04\/Medtechdagen25_GAN5-862x2048.png 862w, https:\/\/nmevents.se\/medtechdagen\/wp-content\/uploads\/sites\/65\/2025\/04\/Medtechdagen25_GAN5.png 1250w\" sizes=\"(max-width: 431px) 100vw, 431px\" \/>\t\t\t\t\t\t\t\t\t\t\t\t\t<\/div>\n\t\t\t\t<\/div>\n\t\t\t\t<\/div>\n\t\t\t\t\t<\/div>\n\t\t\t\t<\/div>\n\t\t\t\t<\/div>\n\t\t","protected":false},"excerpt":{"rendered":"<p>Medtech Magazine Medtech Magazine \u00e4r en oberoende tidning som bevakar och skriver om det som engagerar och intresserar den medicintekniska sektorn. M\u00e5lgruppen f\u00f6r tidningen \u00e4r beslutsfattare p\u00e5 medtechf\u00f6retagen, ink\u00f6pare\/upphandlare p\u00e5 regionerna och i sjukv\u00e5rden. D\u00e4rtill kommer verksamhetschefer\/v\u00e5rdenhetschefer i b\u00e5desluten och \u00f6ppen v\u00e5rd, medicintekniska chefer, sjukhusledningar samt regionr\u00e5d. I viss m\u00e5n n\u00e5r tidningen \u00e4ven andra ber\u00f6rda [&hellip;]<\/p>\n","protected":false},"author":1,"featured_media":0,"parent":0,"menu_order":0,"comment_status":"closed","ping_status":"closed","template":"elementor_header_footer","meta":{"_acf_changed":false,"footnotes":""},"acf":[],"_links":{"self":[{"href":"https:\/\/nmevents.se\/medtechdagen\/wp-json\/wp\/v2\/pages\/17"}],"collection":[{"href":"https:\/\/nmevents.se\/medtechdagen\/wp-json\/wp\/v2\/pages"}],"about":[{"href":"https:\/\/nmevents.se\/medtechdagen\/wp-json\/wp\/v2\/types\/page"}],"author":[{"embeddable":true,"href":"https:\/\/nmevents.se\/medtechdagen\/wp-json\/wp\/v2\/users\/1"}],"replies":[{"embeddable":true,"href":"https:\/\/nmevents.se\/medtechdagen\/wp-json\/wp\/v2\/comments?post=17"}],"version-history":[{"count":95,"href":"https:\/\/nmevents.se\/medtechdagen\/wp-json\/wp\/v2\/pages\/17\/revisions"}],"predecessor-version":[{"id":2922,"href":"https:\/\/nmevents.se\/medtechdagen\/wp-json\/wp\/v2\/pages\/17\/revisions\/2922"}],"wp:attachment":[{"href":"https:\/\/nmevents.se\/medtechdagen\/wp-json\/wp\/v2\/media?parent=17"}],"curies":[{"name":"wp","href":"https:\/\/api.w.org\/{rel}","templated":true}]}}