{"id":1905,"date":"2025-05-08T13:36:01","date_gmt":"2025-05-08T11:36:01","guid":{"rendered":"https:\/\/nmevents.se\/medtechdagen\/?page_id=1905"},"modified":"2026-04-09T18:44:21","modified_gmt":"2026-04-09T16:44:21","slug":"anmalan","status":"publish","type":"page","link":"https:\/\/nmevents.se\/medtechdagen\/anmalan\/","title":{"rendered":"Anm\u00e4lan"},"content":{"rendered":"\t\t<div data-elementor-type=\"wp-page\" data-elementor-id=\"1905\" class=\"elementor elementor-1905\" data-elementor-post-type=\"page\">\n\t\t\t\t<div class=\"elementor-element elementor-element-9796f7c e-flex e-con-boxed e-con e-parent\" data-id=\"9796f7c\" data-element_type=\"container\" data-core-v316-plus=\"true\">\n\t\t\t\t\t<div class=\"e-con-inner\">\n\t\t\t\t<div class=\"elementor-element elementor-element-71817c8 elementor-widget elementor-widget-spacer\" data-id=\"71817c8\" data-element_type=\"widget\" data-widget_type=\"spacer.default\">\n\t\t\t\t<div class=\"elementor-widget-container\">\n\t\t\t<style>\/*! elementor - v3.20.0 - 20-03-2024 *\/\n.elementor-column .elementor-spacer-inner{height:var(--spacer-size)}.e-con{--container-widget-width:100%}.e-con-inner>.elementor-widget-spacer,.e-con>.elementor-widget-spacer{width:var(--container-widget-width,var(--spacer-size));--align-self:var(--container-widget-align-self,initial);--flex-shrink:0}.e-con-inner>.elementor-widget-spacer>.elementor-widget-container,.e-con>.elementor-widget-spacer>.elementor-widget-container{height:100%;width:100%}.e-con-inner>.elementor-widget-spacer>.elementor-widget-container>.elementor-spacer,.e-con>.elementor-widget-spacer>.elementor-widget-container>.elementor-spacer{height:100%}.e-con-inner>.elementor-widget-spacer>.elementor-widget-container>.elementor-spacer>.elementor-spacer-inner,.e-con>.elementor-widget-spacer>.elementor-widget-container>.elementor-spacer>.elementor-spacer-inner{height:var(--container-widget-height,var(--spacer-size))}.e-con-inner>.elementor-widget-spacer.elementor-widget-empty,.e-con>.elementor-widget-spacer.elementor-widget-empty{position:relative;min-height:22px;min-width:22px}.e-con-inner>.elementor-widget-spacer.elementor-widget-empty .elementor-widget-empty-icon,.e-con>.elementor-widget-spacer.elementor-widget-empty .elementor-widget-empty-icon{position:absolute;top:0;bottom:0;left:0;right:0;margin:auto;padding:0;width:22px;height:22px}<\/style>\t\t<div class=\"elementor-spacer\">\n\t\t\t<div class=\"elementor-spacer-inner\"><\/div>\n\t\t<\/div>\n\t\t\t\t<\/div>\n\t\t\t\t<\/div>\n\t\t\t\t\t<\/div>\n\t\t\t\t<\/div>\n\t\t<div class=\"elementor-element elementor-element-b6f0482 e-flex e-con-boxed e-con e-parent\" data-id=\"b6f0482\" data-element_type=\"container\" data-core-v316-plus=\"true\">\n\t\t\t\t\t<div class=\"e-con-inner\">\n\t\t<div class=\"elementor-element elementor-element-bab4358 e-con-full e-flex e-con e-child\" data-id=\"bab4358\" data-element_type=\"container\">\n\t\t<div class=\"elementor-element elementor-element-d1a1d54 e-con-full e-flex e-con e-child\" data-id=\"d1a1d54\" data-element_type=\"container\">\n\t\t\t\t<div class=\"elementor-element elementor-element-2fa8688 elementor-widget elementor-widget-text-editor\" data-id=\"2fa8688\" data-element_type=\"widget\" data-widget_type=\"text-editor.default\">\n\t\t\t\t<div class=\"elementor-widget-container\">\n\t\t\t<style>\/*! elementor - v3.20.0 - 20-03-2024 *\/\n.elementor-widget-text-editor.elementor-drop-cap-view-stacked .elementor-drop-cap{background-color:#69727d;color:#fff}.elementor-widget-text-editor.elementor-drop-cap-view-framed .elementor-drop-cap{color:#69727d;border:3px solid;background-color:transparent}.elementor-widget-text-editor:not(.elementor-drop-cap-view-default) .elementor-drop-cap{margin-top:8px}.elementor-widget-text-editor:not(.elementor-drop-cap-view-default) .elementor-drop-cap-letter{width:1em;height:1em}.elementor-widget-text-editor .elementor-drop-cap{float:left;text-align:center;line-height:1;font-size:50px}.elementor-widget-text-editor .elementor-drop-cap-letter{display:inline-block}<\/style>\t\t\t\t<p class=\"\">Nu kan du registrera dig till <br \/>Medtechdagen <em>2026<\/em><\/p>\t\t\t\t\t\t<\/div>\n\t\t\t\t<\/div>\n\t\t\t\t<div class=\"elementor-element elementor-element-c44ab09 elementor-widget elementor-widget-text-editor\" data-id=\"c44ab09\" data-element_type=\"widget\" data-widget_type=\"text-editor.default\">\n\t\t\t\t<div class=\"elementor-widget-container\">\n\t\t\t\t\t\t\t<p><span class=\"\"><strong>Datum: <\/strong>Torsdagen den 24 september 2026<\/span><\/p><p><span class=\"\"><strong>Plats: <\/strong>Life City, Solnav\u00e4gen 3h, Stockholm. <a href=\"https:\/\/www.google.com\/maps\/place\/Life+City\/@59.347098,18.030936,11z\/data=!4m6!3m5!1s0x465f9d28382e5517:0x6e40807f94fc6b0c!8m2!3d59.3470976!4d18.0309359!16s%2Fg%2F11h75zh4m4?hl=sv-SE&amp;entry=ttu&amp;g_ep=EgoyMDI1MDExMC4wIKXMDSoASAFQAw%3D%3D\" target=\"_blank\" rel=\"noopener\"><strong>Klicka h\u00e4r f\u00f6r v\u00e4gvisning<\/strong><\/a><br \/><\/span><\/p><p><strong>Tid:<\/strong> Registreringen b\u00f6rjar kl. 08.00. Programmet avslutas omkring kl. 15.30, f\u00f6ljt av n\u00e4tverksmingel med after work<\/p><p class=\"\"><strong>Pris: Just nu kan du boka din plats f\u00f6r Early Birdpris.<br \/><\/strong>Delta f\u00f6r endast <strong>1695 kr<\/strong> ord pris\u00a0<strong>2095 kr<\/strong> \u2013 dryck, f\u00f6rt\u00e4ring och n\u00e4tv\u00e4rksmingel ing\u00e5r i biljettpriset.\u00a0<\/p>\t\t\t\t\t\t<\/div>\n\t\t\t\t<\/div>\n\t\t\t\t<div class=\"elementor-element elementor-element-732454a elementor-widget elementor-widget-text-editor\" data-id=\"732454a\" data-element_type=\"widget\" data-widget_type=\"text-editor.default\">\n\t\t\t\t<div class=\"elementor-widget-container\">\n\t\t\t\t\t\t\t<p class=\"\"><span class=\"\">Anm\u00e4lan \u00e4r bindande. Vid f\u00f6rhinder beh\u00f6ver du avboka din plats senast 14 september f\u00f6r att undvika en avgift p\u00e5 499 kr + moms 25%. <\/span><strong>Antalet platser \u00e4r begr\u00e4nsat, s\u00e5 boka din plats idag.<\/strong><\/p>\t\t\t\t\t\t<\/div>\n\t\t\t\t<\/div>\n\t\t\t\t<div class=\"elementor-element elementor-element-7d9b25c elementor-widget elementor-widget-image\" data-id=\"7d9b25c\" data-element_type=\"widget\" data-widget_type=\"image.default\">\n\t\t\t\t<div class=\"elementor-widget-container\">\n\t\t\t<style>\/*! elementor - v3.20.0 - 20-03-2024 *\/\n.elementor-widget-image{text-align:center}.elementor-widget-image a{display:inline-block}.elementor-widget-image a img[src$=\".svg\"]{width:48px}.elementor-widget-image img{vertical-align:middle;display:inline-block}<\/style>\t\t\t\t\t\t\t\t\t\t\t<a href=\"https:\/\/www.trippus.net\/Md26_earlybird\" target=\"_blank\">\n\t\t\t\t\t\t\t<img fetchpriority=\"high\" decoding=\"async\" width=\"800\" height=\"271\" src=\"https:\/\/nmevents.se\/medtechdagen\/wp-content\/uploads\/sites\/65\/2025\/05\/MTD25_knappar_Anmalan-1024x347.png\" class=\"attachment-large size-large wp-image-1969\" alt=\"\" srcset=\"https:\/\/nmevents.se\/medtechdagen\/wp-content\/uploads\/sites\/65\/2025\/05\/MTD25_knappar_Anmalan-1024x347.png 1024w, https:\/\/nmevents.se\/medtechdagen\/wp-content\/uploads\/sites\/65\/2025\/05\/MTD25_knappar_Anmalan-300x102.png 300w, https:\/\/nmevents.se\/medtechdagen\/wp-content\/uploads\/sites\/65\/2025\/05\/MTD25_knappar_Anmalan-768x261.png 768w, https:\/\/nmevents.se\/medtechdagen\/wp-content\/uploads\/sites\/65\/2025\/05\/MTD25_knappar_Anmalan-1536x521.png 1536w, https:\/\/nmevents.se\/medtechdagen\/wp-content\/uploads\/sites\/65\/2025\/05\/MTD25_knappar_Anmalan-2048x695.png 2048w\" sizes=\"(max-width: 800px) 100vw, 800px\" \/>\t\t\t\t\t\t\t\t<\/a>\n\t\t\t\t\t\t\t\t\t\t\t\t\t<\/div>\n\t\t\t\t<\/div>\n\t\t\t\t<\/div>\n\t\t\t\t<div class=\"elementor-element elementor-element-8251c45 elementor-widget elementor-widget-spacer\" data-id=\"8251c45\" data-element_type=\"widget\" data-widget_type=\"spacer.default\">\n\t\t\t\t<div class=\"elementor-widget-container\">\n\t\t\t\t\t<div class=\"elementor-spacer\">\n\t\t\t<div class=\"elementor-spacer-inner\"><\/div>\n\t\t<\/div>\n\t\t\t\t<\/div>\n\t\t\t\t<\/div>\n\t\t<div class=\"elementor-element elementor-element-1c31f52 e-con-full e-flex e-con e-child\" data-id=\"1c31f52\" data-element_type=\"container\">\n\t\t\t\t<div class=\"elementor-element elementor-element-90acbc1 elementor-widget elementor-widget-image\" data-id=\"90acbc1\" data-element_type=\"widget\" data-widget_type=\"image.default\">\n\t\t\t\t<div class=\"elementor-widget-container\">\n\t\t\t\t\t\t\t\t\t\t\t\t\t<img decoding=\"async\" width=\"800\" height=\"800\" src=\"https:\/\/nmevents.se\/medtechdagen\/wp-content\/uploads\/sites\/65\/2025\/05\/HID_lokal.jpg\" class=\"attachment-large size-large wp-image-1906\" alt=\"\" srcset=\"https:\/\/nmevents.se\/medtechdagen\/wp-content\/uploads\/sites\/65\/2025\/05\/HID_lokal.jpg 1000w, https:\/\/nmevents.se\/medtechdagen\/wp-content\/uploads\/sites\/65\/2025\/05\/HID_lokal-300x300.jpg 300w, https:\/\/nmevents.se\/medtechdagen\/wp-content\/uploads\/sites\/65\/2025\/05\/HID_lokal-150x150.jpg 150w, https:\/\/nmevents.se\/medtechdagen\/wp-content\/uploads\/sites\/65\/2025\/05\/HID_lokal-768x768.jpg 768w\" sizes=\"(max-width: 800px) 100vw, 800px\" \/>\t\t\t\t\t\t\t\t\t\t\t\t\t<\/div>\n\t\t\t\t<\/div>\n\t\t\t\t<\/div>\n\t\t\t\t<\/div>\n\t\t\t\t\t<\/div>\n\t\t\t\t<\/div>\n\t\t<div class=\"elementor-element elementor-element-a824960 e-con-full e-flex e-con e-parent\" data-id=\"a824960\" data-element_type=\"container\" data-core-v316-plus=\"true\">\n\t\t\t\t<div class=\"elementor-element elementor-element-31a0066 elementor-widget-divider--view-line elementor-widget elementor-widget-divider\" data-id=\"31a0066\" data-element_type=\"widget\" data-widget_type=\"divider.default\">\n\t\t\t\t<div class=\"elementor-widget-container\">\n\t\t\t<style>\/*! elementor - v3.20.0 - 20-03-2024 *\/\n.elementor-widget-divider{--divider-border-style:none;--divider-border-width:1px;--divider-color:#0c0d0e;--divider-icon-size:20px;--divider-element-spacing:10px;--divider-pattern-height:24px;--divider-pattern-size:20px;--divider-pattern-url:none;--divider-pattern-repeat:repeat-x}.elementor-widget-divider .elementor-divider{display:flex}.elementor-widget-divider .elementor-divider__text{font-size:15px;line-height:1;max-width:95%}.elementor-widget-divider .elementor-divider__element{margin:0 var(--divider-element-spacing);flex-shrink:0}.elementor-widget-divider .elementor-icon{font-size:var(--divider-icon-size)}.elementor-widget-divider .elementor-divider-separator{display:flex;margin:0;direction:ltr}.elementor-widget-divider--view-line_icon .elementor-divider-separator,.elementor-widget-divider--view-line_text .elementor-divider-separator{align-items:center}.elementor-widget-divider--view-line_icon .elementor-divider-separator:after,.elementor-widget-divider--view-line_icon .elementor-divider-separator:before,.elementor-widget-divider--view-line_text .elementor-divider-separator:after,.elementor-widget-divider--view-line_text .elementor-divider-separator:before{display:block;content:\"\";border-block-end:0;flex-grow:1;border-block-start:var(--divider-border-width) var(--divider-border-style) var(--divider-color)}.elementor-widget-divider--element-align-left .elementor-divider .elementor-divider-separator>.elementor-divider__svg:first-of-type{flex-grow:0;flex-shrink:100}.elementor-widget-divider--element-align-left .elementor-divider-separator:before{content:none}.elementor-widget-divider--element-align-left .elementor-divider__element{margin-left:0}.elementor-widget-divider--element-align-right .elementor-divider .elementor-divider-separator>.elementor-divider__svg:last-of-type{flex-grow:0;flex-shrink:100}.elementor-widget-divider--element-align-right .elementor-divider-separator:after{content:none}.elementor-widget-divider--element-align-right .elementor-divider__element{margin-right:0}.elementor-widget-divider--element-align-start .elementor-divider .elementor-divider-separator>.elementor-divider__svg:first-of-type{flex-grow:0;flex-shrink:100}.elementor-widget-divider--element-align-start .elementor-divider-separator:before{content:none}.elementor-widget-divider--element-align-start .elementor-divider__element{margin-inline-start:0}.elementor-widget-divider--element-align-end .elementor-divider .elementor-divider-separator>.elementor-divider__svg:last-of-type{flex-grow:0;flex-shrink:100}.elementor-widget-divider--element-align-end .elementor-divider-separator:after{content:none}.elementor-widget-divider--element-align-end .elementor-divider__element{margin-inline-end:0}.elementor-widget-divider:not(.elementor-widget-divider--view-line_text):not(.elementor-widget-divider--view-line_icon) .elementor-divider-separator{border-block-start:var(--divider-border-width) var(--divider-border-style) var(--divider-color)}.elementor-widget-divider--separator-type-pattern{--divider-border-style:none}.elementor-widget-divider--separator-type-pattern.elementor-widget-divider--view-line .elementor-divider-separator,.elementor-widget-divider--separator-type-pattern:not(.elementor-widget-divider--view-line) .elementor-divider-separator:after,.elementor-widget-divider--separator-type-pattern:not(.elementor-widget-divider--view-line) .elementor-divider-separator:before,.elementor-widget-divider--separator-type-pattern:not([class*=elementor-widget-divider--view]) .elementor-divider-separator{width:100%;min-height:var(--divider-pattern-height);-webkit-mask-size:var(--divider-pattern-size) 100%;mask-size:var(--divider-pattern-size) 100%;-webkit-mask-repeat:var(--divider-pattern-repeat);mask-repeat:var(--divider-pattern-repeat);background-color:var(--divider-color);-webkit-mask-image:var(--divider-pattern-url);mask-image:var(--divider-pattern-url)}.elementor-widget-divider--no-spacing{--divider-pattern-size:auto}.elementor-widget-divider--bg-round{--divider-pattern-repeat:round}.rtl .elementor-widget-divider .elementor-divider__text{direction:rtl}.e-con-inner>.elementor-widget-divider,.e-con>.elementor-widget-divider{width:var(--container-widget-width,100%);--flex-grow:var(--container-widget-flex-grow)}<\/style>\t\t<div class=\"elementor-divider\">\n\t\t\t<span class=\"elementor-divider-separator\">\n\t\t\t\t\t\t<\/span>\n\t\t<\/div>\n\t\t\t\t<\/div>\n\t\t\t\t<\/div>\n\t\t\t\t<\/div>\n\t\t<div class=\"elementor-element elementor-element-f3790f1 e-flex e-con-boxed e-con e-parent\" data-id=\"f3790f1\" data-element_type=\"container\" data-core-v316-plus=\"true\">\n\t\t\t\t\t<div class=\"e-con-inner\">\n\t\t\t\t<div class=\"elementor-element elementor-element-a940bd0 elementor-widget elementor-widget-text-editor\" data-id=\"a940bd0\" data-element_type=\"widget\" data-widget_type=\"text-editor.default\">\n\t\t\t\t<div class=\"elementor-widget-container\">\n\t\t\t\t\t\t\t<p class=\"\">\u00c4r du leverant\u00f6r?<\/p>\t\t\t\t\t\t<\/div>\n\t\t\t\t<\/div>\n\t\t\t\t\t<\/div>\n\t\t\t\t<\/div>\n\t\t<div class=\"elementor-element elementor-element-544176d e-flex e-con-boxed e-con e-parent\" data-id=\"544176d\" data-element_type=\"container\" data-core-v316-plus=\"true\">\n\t\t\t\t\t<div class=\"e-con-inner\">\n\t\t<div class=\"elementor-element elementor-element-addbafb e-con-full e-flex e-con e-child\" data-id=\"addbafb\" data-element_type=\"container\">\n\t\t<div class=\"elementor-element elementor-element-7902cf5 e-con-full e-flex e-con e-child\" data-id=\"7902cf5\" data-element_type=\"container\">\n\t\t\t\t<div class=\"elementor-element elementor-element-defe500 elementor-widget elementor-widget-text-editor\" data-id=\"defe500\" data-element_type=\"widget\" data-widget_type=\"text-editor.default\">\n\t\t\t\t<div class=\"elementor-widget-container\">\n\t\t\t\t\t\t\t<p><strong>Leverant\u00f6rer<\/strong>\u00a0 som inte deltar som partner eller utst\u00e4llare kommer att debiteras ett h\u00f6gre biljettpris. Denna \u00e5tg\u00e4rd syftar till att ge v\u00e5ra betalande partners optimala <br \/>m\u00f6jligheter att knyta nya samarbeten och dra nytta av evenemanget fullt ut. Tack f\u00f6r ert f\u00f6rst\u00e5else och vi ser fram emot en givande upplevelse f\u00f6r alla deltagare.<\/p><p><strong>Pris: <\/strong>4995 kr \u2013 dryck, f\u00f6rt\u00e4ring och afterwork ing\u00e5r i biljettpriset.\u00a0<\/p>\t\t\t\t\t\t<\/div>\n\t\t\t\t<\/div>\n\t\t\t\t<\/div>\n\t\t\t\t<\/div>\n\t\t<div class=\"elementor-element elementor-element-4b166c5 e-con-full e-flex e-con e-child\" data-id=\"4b166c5\" data-element_type=\"container\">\n\t\t\t\t<div class=\"elementor-element elementor-element-bf44aed elementor-widget elementor-widget-text-editor\" data-id=\"bf44aed\" data-element_type=\"widget\" data-widget_type=\"text-editor.default\">\n\t\t\t\t<div class=\"elementor-widget-container\">\n\t\t\t\t\t\t\t<p>\u00c4r du leverant\u00f6r till branschen och vill delta som partner maila till <strong>valdemar.ahlroth@nordiskemedier.se\u00a0<\/strong><\/p><p>F\u00f6r information, l\u00e4s om v\u00e5ra partnerskapserbjudandet under fliken <em>Bli partner<\/em>, h\u00f6gst upp p\u00e5 sidan.<\/p>\t\t\t\t\t\t<\/div>\n\t\t\t\t<\/div>\n\t\t\t\t<div class=\"elementor-element elementor-element-209246b elementor-widget elementor-widget-image\" data-id=\"209246b\" data-element_type=\"widget\" data-widget_type=\"image.default\">\n\t\t\t\t<div class=\"elementor-widget-container\">\n\t\t\t\t\t\t\t\t\t\t\t\t\t\t<a href=\"https:\/\/www.trippus.net\/Md26_leverantor\" target=\"_blank\">\n\t\t\t\t\t\t\t<img fetchpriority=\"high\" decoding=\"async\" width=\"800\" height=\"271\" src=\"https:\/\/nmevents.se\/medtechdagen\/wp-content\/uploads\/sites\/65\/2025\/05\/MTD25_knappar_Anmalan-1024x347.png\" class=\"attachment-large size-large wp-image-1969\" alt=\"\" srcset=\"https:\/\/nmevents.se\/medtechdagen\/wp-content\/uploads\/sites\/65\/2025\/05\/MTD25_knappar_Anmalan-1024x347.png 1024w, https:\/\/nmevents.se\/medtechdagen\/wp-content\/uploads\/sites\/65\/2025\/05\/MTD25_knappar_Anmalan-300x102.png 300w, https:\/\/nmevents.se\/medtechdagen\/wp-content\/uploads\/sites\/65\/2025\/05\/MTD25_knappar_Anmalan-768x261.png 768w, https:\/\/nmevents.se\/medtechdagen\/wp-content\/uploads\/sites\/65\/2025\/05\/MTD25_knappar_Anmalan-1536x521.png 1536w, https:\/\/nmevents.se\/medtechdagen\/wp-content\/uploads\/sites\/65\/2025\/05\/MTD25_knappar_Anmalan-2048x695.png 2048w\" sizes=\"(max-width: 800px) 100vw, 800px\" \/>\t\t\t\t\t\t\t\t<\/a>\n\t\t\t\t\t\t\t\t\t\t\t\t\t<\/div>\n\t\t\t\t<\/div>\n\t\t\t\t<\/div>\n\t\t\t\t\t<\/div>\n\t\t\t\t<\/div>\n\t\t<div class=\"elementor-element elementor-element-2575a7b e-flex e-con-boxed e-con e-parent\" data-id=\"2575a7b\" data-element_type=\"container\" data-core-v316-plus=\"true\">\n\t\t\t\t\t<div class=\"e-con-inner\">\n\t\t\t\t<div class=\"elementor-element elementor-element-98b882f elementor-widget elementor-widget-spacer\" data-id=\"98b882f\" data-element_type=\"widget\" data-widget_type=\"spacer.default\">\n\t\t\t\t<div class=\"elementor-widget-container\">\n\t\t\t\t\t<div class=\"elementor-spacer\">\n\t\t\t<div class=\"elementor-spacer-inner\"><\/div>\n\t\t<\/div>\n\t\t\t\t<\/div>\n\t\t\t\t<\/div>\n\t\t\t\t\t<\/div>\n\t\t\t\t<\/div>\n\t\t<div class=\"elementor-element elementor-element-73e94b9 e-con-full e-flex e-con e-parent\" data-id=\"73e94b9\" data-element_type=\"container\" data-core-v316-plus=\"true\">\n\t\t\t\t<div class=\"elementor-element elementor-element-b195cc4 elementor-widget elementor-widget-spacer\" data-id=\"b195cc4\" data-element_type=\"widget\" data-widget_type=\"spacer.default\">\n\t\t\t\t<div class=\"elementor-widget-container\">\n\t\t\t\t\t<div class=\"elementor-spacer\">\n\t\t\t<div class=\"elementor-spacer-inner\"><\/div>\n\t\t<\/div>\n\t\t\t\t<\/div>\n\t\t\t\t<\/div>\n\t\t<div class=\"elementor-element elementor-element-03aa7bc e-con-full e-flex e-con e-child\" data-id=\"03aa7bc\" data-element_type=\"container\">\n\t\t\t\t<div class=\"elementor-element elementor-element-02ebdd3 elementor-widget elementor-widget-text-editor\" data-id=\"02ebdd3\" data-element_type=\"widget\" data-widget_type=\"text-editor.default\">\n\t\t\t\t<div class=\"elementor-widget-container\">\n\t\t\t\t\t\t\t<p><strong>Vi ses den 24 september p\u00e5 <a title=\"Life City\" href=\"https:\/\/www.lifecity.se\/\" target=\"_blank\" rel=\"noopener\">Life City\u00a0<\/a>i Stockholm!<\/strong><\/p>\t\t\t\t\t\t<\/div>\n\t\t\t\t<\/div>\n\t\t\t\t<\/div>\n\t\t\t\t<\/div>\n\t\t\t\t<\/div>\n\t\t","protected":false},"excerpt":{"rendered":"<p>Nu kan du registrera dig till Medtechdagen 2026 Datum: Torsdagen den 24 september 2026 Plats: Life City, Solnav\u00e4gen 3h, Stockholm. Klicka h\u00e4r f\u00f6r v\u00e4gvisning Tid: Registreringen b\u00f6rjar kl. 08.00. Programmet avslutas omkring kl. 15.30, f\u00f6ljt av n\u00e4tverksmingel med after work Pris: Just nu kan du boka din plats f\u00f6r Early Birdpris.Delta f\u00f6r endast 1695 kr [&hellip;]<\/p>\n","protected":false},"author":5,"featured_media":0,"parent":0,"menu_order":0,"comment_status":"closed","ping_status":"closed","template":"","meta":{"_acf_changed":false,"footnotes":""},"acf":[],"_links":{"self":[{"href":"https:\/\/nmevents.se\/medtechdagen\/wp-json\/wp\/v2\/pages\/1905"}],"collection":[{"href":"https:\/\/nmevents.se\/medtechdagen\/wp-json\/wp\/v2\/pages"}],"about":[{"href":"https:\/\/nmevents.se\/medtechdagen\/wp-json\/wp\/v2\/types\/page"}],"author":[{"embeddable":true,"href":"https:\/\/nmevents.se\/medtechdagen\/wp-json\/wp\/v2\/users\/5"}],"replies":[{"embeddable":true,"href":"https:\/\/nmevents.se\/medtechdagen\/wp-json\/wp\/v2\/comments?post=1905"}],"version-history":[{"count":74,"href":"https:\/\/nmevents.se\/medtechdagen\/wp-json\/wp\/v2\/pages\/1905\/revisions"}],"predecessor-version":[{"id":2929,"href":"https:\/\/nmevents.se\/medtechdagen\/wp-json\/wp\/v2\/pages\/1905\/revisions\/2929"}],"wp:attachment":[{"href":"https:\/\/nmevents.se\/medtechdagen\/wp-json\/wp\/v2\/media?parent=1905"}],"curies":[{"name":"wp","href":"https:\/\/api.w.org\/{rel}","templated":true}]}}