{"id":2966,"date":"2025-06-27T10:43:46","date_gmt":"2025-06-27T08:43:46","guid":{"rendered":"https:\/\/nmevents.se\/motordagenlive\/?page_id=2966"},"modified":"2025-08-29T08:34:11","modified_gmt":"2025-08-29T06:34:11","slug":"talare-demonstratorer","status":"publish","type":"page","link":"https:\/\/nmevents.se\/motordagenlive\/talare-demonstratorer\/","title":{"rendered":"Talare\/Demonstrat\u00f6rer"},"content":{"rendered":"\t\t<div data-elementor-type=\"wp-page\" data-elementor-id=\"2966\" class=\"elementor elementor-2966\" data-elementor-post-type=\"page\">\n\t\t\t\t<div class=\"elementor-element elementor-element-fe2394b e-flex e-con-boxed e-con e-parent\" data-id=\"fe2394b\" data-element_type=\"container\" data-core-v316-plus=\"true\">\n\t\t\t\t\t<div class=\"e-con-inner\">\n\t\t\t\t<div class=\"elementor-element elementor-element-cb3925c elementor-widget elementor-widget-text-editor\" data-id=\"cb3925c\" data-element_type=\"widget\" data-widget_type=\"text-editor.default\">\n\t\t\t\t<div class=\"elementor-widget-container\">\n\t\t\t<style>\/*! elementor - v3.20.0 - 20-03-2024 *\/\n.elementor-widget-text-editor.elementor-drop-cap-view-stacked .elementor-drop-cap{background-color:#69727d;color:#fff}.elementor-widget-text-editor.elementor-drop-cap-view-framed .elementor-drop-cap{color:#69727d;border:3px solid;background-color:transparent}.elementor-widget-text-editor:not(.elementor-drop-cap-view-default) .elementor-drop-cap{margin-top:8px}.elementor-widget-text-editor:not(.elementor-drop-cap-view-default) .elementor-drop-cap-letter{width:1em;height:1em}.elementor-widget-text-editor .elementor-drop-cap{float:left;text-align:center;line-height:1;font-size:50px}.elementor-widget-text-editor .elementor-drop-cap-letter{display:inline-block}<\/style>\t\t\t\t<p>Dagens talare<\/p>\t\t\t\t\t\t<\/div>\n\t\t\t\t<\/div>\n\t\t\t\t\t<\/div>\n\t\t\t\t<\/div>\n\t\t<div class=\"elementor-element elementor-element-162d653 e-flex e-con-boxed e-con e-parent\" data-id=\"162d653\" data-element_type=\"container\" data-core-v316-plus=\"true\">\n\t\t\t\t\t<div class=\"e-con-inner\">\n\t\t<div class=\"elementor-element elementor-element-398baff e-con-full e-flex e-con e-child\" data-id=\"398baff\" data-element_type=\"container\">\n\t\t\t\t<div class=\"elementor-element elementor-element-40c1b8d elementor-widget elementor-widget-image\" data-id=\"40c1b8d\" data-element_type=\"widget\" data-widget_type=\"image.default\">\n\t\t\t\t<div class=\"elementor-widget-container\">\n\t\t\t<style>\/*! elementor - v3.20.0 - 20-03-2024 *\/\n.elementor-widget-image{text-align:center}.elementor-widget-image a{display:inline-block}.elementor-widget-image a img[src$=\".svg\"]{width:48px}.elementor-widget-image img{vertical-align:middle;display:inline-block}<\/style>\t\t\t\t\t\t\t\t\t\t<img fetchpriority=\"high\" decoding=\"async\" width=\"822\" height=\"822\" src=\"https:\/\/nmevents.se\/motordagenlive\/wp-content\/uploads\/sites\/56\/2025\/06\/daniel-odesberg-e1751014111295.png\" class=\"attachment-full size-full wp-image-2976\" alt=\"\" srcset=\"https:\/\/nmevents.se\/motordagenlive\/wp-content\/uploads\/sites\/56\/2025\/06\/daniel-odesberg-e1751014111295.png 822w, https:\/\/nmevents.se\/motordagenlive\/wp-content\/uploads\/sites\/56\/2025\/06\/daniel-odesberg-e1751014111295-300x300.png 300w, https:\/\/nmevents.se\/motordagenlive\/wp-content\/uploads\/sites\/56\/2025\/06\/daniel-odesberg-e1751014111295-150x150.png 150w, https:\/\/nmevents.se\/motordagenlive\/wp-content\/uploads\/sites\/56\/2025\/06\/daniel-odesberg-e1751014111295-768x768.png 768w\" sizes=\"(max-width: 822px) 100vw, 822px\" \/>\t\t\t\t\t\t\t\t\t\t\t\t\t<\/div>\n\t\t\t\t<\/div>\n\t\t\t\t<div class=\"elementor-element elementor-element-067456f elementor-widget elementor-widget-heading\" data-id=\"067456f\" data-element_type=\"widget\" data-widget_type=\"heading.default\">\n\t\t\t\t<div class=\"elementor-widget-container\">\n\t\t\t<style>\/*! elementor - v3.20.0 - 20-03-2024 *\/\n.elementor-heading-title{padding:0;margin:0;line-height:1}.elementor-widget-heading .elementor-heading-title[class*=elementor-size-]>a{color:inherit;font-size:inherit;line-height:inherit}.elementor-widget-heading .elementor-heading-title.elementor-size-small{font-size:15px}.elementor-widget-heading .elementor-heading-title.elementor-size-medium{font-size:19px}.elementor-widget-heading .elementor-heading-title.elementor-size-large{font-size:29px}.elementor-widget-heading .elementor-heading-title.elementor-size-xl{font-size:39px}.elementor-widget-heading .elementor-heading-title.elementor-size-xxl{font-size:59px}<\/style><h3 class=\"elementor-heading-title elementor-size-default\">Daniel Odsberg<\/h3>\t\t<\/div>\n\t\t\t\t<\/div>\n\t\t\t\t<div class=\"elementor-element elementor-element-bf2fc1f elementor-widget elementor-widget-text-editor\" data-id=\"bf2fc1f\" data-element_type=\"widget\" data-widget_type=\"text-editor.default\">\n\t\t\t\t<div class=\"elementor-widget-container\">\n\t\t\t\t\t\t\t<p><span class=\"\"><strong>Head of sales, Kvdbil<br><\/strong><em>Ta begagnathandeln fr\u00e5n lokal till nationell niv\u00e5 genom digitala verktyg<\/em><\/span><\/p>\t\t\t\t\t\t<\/div>\n\t\t\t\t<\/div>\n\t\t\t\t<\/div>\n\t\t<div class=\"elementor-element elementor-element-7e1b618 e-con-full e-flex e-con e-child\" data-id=\"7e1b618\" data-element_type=\"container\">\n\t\t\t\t<div class=\"elementor-element elementor-element-eb05345 elementor-widget elementor-widget-image\" data-id=\"eb05345\" data-element_type=\"widget\" data-widget_type=\"image.default\">\n\t\t\t\t<div class=\"elementor-widget-container\">\n\t\t\t\t\t\t\t\t\t\t\t\t\t<img decoding=\"async\" width=\"1417\" height=\"1417\" src=\"https:\/\/nmevents.se\/motordagenlive\/wp-content\/uploads\/sites\/56\/2025\/06\/Jonas-Edlund-1-e1751014182951.jpg\" class=\"attachment-full size-full wp-image-2977\" alt=\"\" srcset=\"https:\/\/nmevents.se\/motordagenlive\/wp-content\/uploads\/sites\/56\/2025\/06\/Jonas-Edlund-1-e1751014182951.jpg 1417w, https:\/\/nmevents.se\/motordagenlive\/wp-content\/uploads\/sites\/56\/2025\/06\/Jonas-Edlund-1-e1751014182951-300x300.jpg 300w, https:\/\/nmevents.se\/motordagenlive\/wp-content\/uploads\/sites\/56\/2025\/06\/Jonas-Edlund-1-e1751014182951-1024x1024.jpg 1024w, https:\/\/nmevents.se\/motordagenlive\/wp-content\/uploads\/sites\/56\/2025\/06\/Jonas-Edlund-1-e1751014182951-150x150.jpg 150w, https:\/\/nmevents.se\/motordagenlive\/wp-content\/uploads\/sites\/56\/2025\/06\/Jonas-Edlund-1-e1751014182951-768x768.jpg 768w\" sizes=\"(max-width: 1417px) 100vw, 1417px\" \/>\t\t\t\t\t\t\t\t\t\t\t\t\t<\/div>\n\t\t\t\t<\/div>\n\t\t\t\t<div class=\"elementor-element elementor-element-d4ad3c8 elementor-widget elementor-widget-heading\" data-id=\"d4ad3c8\" data-element_type=\"widget\" data-widget_type=\"heading.default\">\n\t\t\t\t<div class=\"elementor-widget-container\">\n\t\t\t<h3 class=\"elementor-heading-title elementor-size-default\">Jonas Edlund<\/h3>\t\t<\/div>\n\t\t\t\t<\/div>\n\t\t\t\t<div class=\"elementor-element elementor-element-081eaa6 elementor-widget elementor-widget-text-editor\" data-id=\"081eaa6\" data-element_type=\"widget\" data-widget_type=\"text-editor.default\">\n\t\t\t\t<div class=\"elementor-widget-container\">\n\t\t\t\t\t\t\t<p><strong><span class=\"\">Kundutveckling, Vroom<br \/><\/span><\/strong><em>Vagnparken i f\u00f6r\u00e4ndring<\/em><\/p>\t\t\t\t\t\t<\/div>\n\t\t\t\t<\/div>\n\t\t\t\t<\/div>\n\t\t<div class=\"elementor-element elementor-element-83031a9 e-con-full e-flex e-con e-child\" data-id=\"83031a9\" data-element_type=\"container\">\n\t\t\t\t<div class=\"elementor-element elementor-element-a3ea5ac elementor-widget elementor-widget-image\" data-id=\"a3ea5ac\" data-element_type=\"widget\" data-widget_type=\"image.default\">\n\t\t\t\t<div class=\"elementor-widget-container\">\n\t\t\t\t\t\t\t\t\t\t\t\t\t<img decoding=\"async\" width=\"1366\" height=\"1366\" src=\"https:\/\/nmevents.se\/motordagenlive\/wp-content\/uploads\/sites\/56\/2025\/06\/Ulf-1-e1751014386787.jpg\" class=\"attachment-full size-full wp-image-2987\" alt=\"\" srcset=\"https:\/\/nmevents.se\/motordagenlive\/wp-content\/uploads\/sites\/56\/2025\/06\/Ulf-1-e1751014386787.jpg 1366w, https:\/\/nmevents.se\/motordagenlive\/wp-content\/uploads\/sites\/56\/2025\/06\/Ulf-1-e1751014386787-300x300.jpg 300w, https:\/\/nmevents.se\/motordagenlive\/wp-content\/uploads\/sites\/56\/2025\/06\/Ulf-1-e1751014386787-1024x1024.jpg 1024w, https:\/\/nmevents.se\/motordagenlive\/wp-content\/uploads\/sites\/56\/2025\/06\/Ulf-1-e1751014386787-150x150.jpg 150w, https:\/\/nmevents.se\/motordagenlive\/wp-content\/uploads\/sites\/56\/2025\/06\/Ulf-1-e1751014386787-768x768.jpg 768w\" sizes=\"(max-width: 1366px) 100vw, 1366px\" \/>\t\t\t\t\t\t\t\t\t\t\t\t\t<\/div>\n\t\t\t\t<\/div>\n\t\t\t\t<div class=\"elementor-element elementor-element-a586fb0 elementor-widget elementor-widget-heading\" data-id=\"a586fb0\" data-element_type=\"widget\" data-widget_type=\"heading.default\">\n\t\t\t\t<div class=\"elementor-widget-container\">\n\t\t\t<h3 class=\"elementor-heading-title elementor-size-default\">Ulf Roberts-Jones<\/h3>\t\t<\/div>\n\t\t\t\t<\/div>\n\t\t\t\t<div class=\"elementor-element elementor-element-0682ae0 elementor-widget elementor-widget-text-editor\" data-id=\"0682ae0\" data-element_type=\"widget\" data-widget_type=\"text-editor.default\">\n\t\t\t\t<div class=\"elementor-widget-container\">\n\t\t\t\t\t\t\t<p><strong>Vd, Vroom<br \/><\/strong><em>Vagnparken i f\u00f6r\u00e4ndring<\/em><strong><br \/><\/strong><\/p>\t\t\t\t\t\t<\/div>\n\t\t\t\t<\/div>\n\t\t\t\t<\/div>\n\t\t\t\t\t<\/div>\n\t\t\t\t<\/div>\n\t\t<div class=\"elementor-element elementor-element-00eb200 e-flex e-con-boxed e-con e-parent\" data-id=\"00eb200\" data-element_type=\"container\" data-core-v316-plus=\"true\">\n\t\t\t\t\t<div class=\"e-con-inner\">\n\t\t<div class=\"elementor-element elementor-element-8bf0050 e-con-full e-flex e-con e-child\" data-id=\"8bf0050\" data-element_type=\"container\">\n\t\t\t\t<div class=\"elementor-element elementor-element-98515c4 elementor-widget elementor-widget-image\" data-id=\"98515c4\" data-element_type=\"widget\" data-widget_type=\"image.default\">\n\t\t\t\t<div class=\"elementor-widget-container\">\n\t\t\t\t\t\t\t\t\t\t\t\t\t<img loading=\"lazy\" decoding=\"async\" width=\"600\" height=\"600\" src=\"https:\/\/nmevents.se\/motordagenlive\/wp-content\/uploads\/sites\/56\/2025\/06\/Keith-Jordell-1-2-e1751014337856.jpg\" class=\"attachment-full size-full wp-image-2983\" alt=\"\" srcset=\"https:\/\/nmevents.se\/motordagenlive\/wp-content\/uploads\/sites\/56\/2025\/06\/Keith-Jordell-1-2-e1751014337856.jpg 600w, https:\/\/nmevents.se\/motordagenlive\/wp-content\/uploads\/sites\/56\/2025\/06\/Keith-Jordell-1-2-e1751014337856-300x300.jpg 300w, https:\/\/nmevents.se\/motordagenlive\/wp-content\/uploads\/sites\/56\/2025\/06\/Keith-Jordell-1-2-e1751014337856-150x150.jpg 150w\" sizes=\"(max-width: 600px) 100vw, 600px\" \/>\t\t\t\t\t\t\t\t\t\t\t\t\t<\/div>\n\t\t\t\t<\/div>\n\t\t\t\t<div class=\"elementor-element elementor-element-525de68 elementor-widget elementor-widget-heading\" data-id=\"525de68\" data-element_type=\"widget\" data-widget_type=\"heading.default\">\n\t\t\t\t<div class=\"elementor-widget-container\">\n\t\t\t<h3 class=\"elementor-heading-title elementor-size-default\">Keith Jordell<\/h3>\t\t<\/div>\n\t\t\t\t<\/div>\n\t\t\t\t<div class=\"elementor-element elementor-element-f179427 elementor-widget elementor-widget-text-editor\" data-id=\"f179427\" data-element_type=\"widget\" data-widget_type=\"text-editor.default\">\n\t\t\t\t<div class=\"elementor-widget-container\">\n\t\t\t\t\t\t\t<p><strong><span class=\"\">Chef M-Fleet Glas, Mekonomen Company<br \/><\/span><\/strong><span class=\"\"><em>Stenskott som h\u00e5llbar aff\u00e4r \u2013 Den glasklara aff\u00e4ren f\u00f6r alla verkst\u00e4der<\/em><\/span><strong><span class=\"\"><br \/><\/span><\/strong><\/p>\t\t\t\t\t\t<\/div>\n\t\t\t\t<\/div>\n\t\t\t\t<\/div>\n\t\t<div class=\"elementor-element elementor-element-e7b6752 e-con-full e-flex e-con e-child\" data-id=\"e7b6752\" data-element_type=\"container\">\n\t\t\t\t<div class=\"elementor-element elementor-element-12ada0e elementor-widget elementor-widget-image\" data-id=\"12ada0e\" data-element_type=\"widget\" data-widget_type=\"image.default\">\n\t\t\t\t<div class=\"elementor-widget-container\">\n\t\t\t\t\t\t\t\t\t\t\t\t\t<img loading=\"lazy\" decoding=\"async\" width=\"2560\" height=\"2560\" src=\"https:\/\/nmevents.se\/motordagenlive\/wp-content\/uploads\/sites\/56\/2025\/08\/magnus-scaled.jpg\" class=\"attachment-full size-full wp-image-3111\" alt=\"\" srcset=\"https:\/\/nmevents.se\/motordagenlive\/wp-content\/uploads\/sites\/56\/2025\/08\/magnus-scaled.jpg 2560w, https:\/\/nmevents.se\/motordagenlive\/wp-content\/uploads\/sites\/56\/2025\/08\/magnus-300x300.jpg 300w, https:\/\/nmevents.se\/motordagenlive\/wp-content\/uploads\/sites\/56\/2025\/08\/magnus-1024x1024.jpg 1024w, https:\/\/nmevents.se\/motordagenlive\/wp-content\/uploads\/sites\/56\/2025\/08\/magnus-150x150.jpg 150w, https:\/\/nmevents.se\/motordagenlive\/wp-content\/uploads\/sites\/56\/2025\/08\/magnus-768x768.jpg 768w, https:\/\/nmevents.se\/motordagenlive\/wp-content\/uploads\/sites\/56\/2025\/08\/magnus-1536x1536.jpg 1536w, https:\/\/nmevents.se\/motordagenlive\/wp-content\/uploads\/sites\/56\/2025\/08\/magnus-2048x2048.jpg 2048w\" sizes=\"(max-width: 2560px) 100vw, 2560px\" \/>\t\t\t\t\t\t\t\t\t\t\t\t\t<\/div>\n\t\t\t\t<\/div>\n\t\t\t\t<div class=\"elementor-element elementor-element-75a6a10 elementor-widget elementor-widget-heading\" data-id=\"75a6a10\" data-element_type=\"widget\" data-widget_type=\"heading.default\">\n\t\t\t\t<div class=\"elementor-widget-container\">\n\t\t\t<h3 class=\"elementor-heading-title elementor-size-default\">Magnus Anseklev<\/h3>\t\t<\/div>\n\t\t\t\t<\/div>\n\t\t\t\t<div class=\"elementor-element elementor-element-2f2ab29 elementor-widget elementor-widget-text-editor\" data-id=\"2f2ab29\" data-element_type=\"widget\" data-widget_type=\"text-editor.default\">\n\t\t\t\t<div class=\"elementor-widget-container\">\n\t\t\t\t\t\t\t<p><strong>Director Global Partnerships Marketing and Sales, NIRA Dynamics<br \/><\/strong><em>Trygga resor b\u00f6rjar med s\u00e4kra hjul &#8211; Teknik som f\u00f6rhindrar hjullossning<\/em><\/p>\t\t\t\t\t\t<\/div>\n\t\t\t\t<\/div>\n\t\t\t\t<\/div>\n\t\t<div class=\"elementor-element elementor-element-13c8d9d e-con-full e-flex e-con e-child\" data-id=\"13c8d9d\" data-element_type=\"container\">\n\t\t\t\t<\/div>\n\t\t\t\t\t<\/div>\n\t\t\t\t<\/div>\n\t\t<div class=\"elementor-element elementor-element-13e71ce e-flex e-con-boxed e-con e-parent\" data-id=\"13e71ce\" data-element_type=\"container\" data-core-v316-plus=\"true\">\n\t\t\t\t\t<div class=\"e-con-inner\">\n\t\t\t\t<div class=\"elementor-element elementor-element-bd76db4 elementor-widget elementor-widget-text-editor\" data-id=\"bd76db4\" data-element_type=\"widget\" data-widget_type=\"text-editor.default\">\n\t\t\t\t<div class=\"elementor-widget-container\">\n\t\t\t\t\t\t\t<p>Demonstrat\u00f6rer<\/p>\t\t\t\t\t\t<\/div>\n\t\t\t\t<\/div>\n\t\t\t\t\t<\/div>\n\t\t\t\t<\/div>\n\t\t<div class=\"elementor-element elementor-element-c46cdfb e-flex e-con-boxed e-con e-parent\" data-id=\"c46cdfb\" data-element_type=\"container\" data-core-v316-plus=\"true\">\n\t\t\t\t\t<div class=\"e-con-inner\">\n\t\t<div class=\"elementor-element elementor-element-2b3d8f0 e-con-full e-flex e-con e-child\" data-id=\"2b3d8f0\" data-element_type=\"container\">\n\t\t\t\t<div class=\"elementor-element elementor-element-e176aa1 elementor-widget__width-initial elementor-widget elementor-widget-image\" data-id=\"e176aa1\" data-element_type=\"widget\" data-widget_type=\"image.default\">\n\t\t\t\t<div class=\"elementor-widget-container\">\n\t\t\t\t\t\t\t\t\t\t\t\t\t\t<a href=\"https:\/\/www.cejn.com\/sv-se\/\" target=\"_blank\">\n\t\t\t\t\t\t\t<img loading=\"lazy\" decoding=\"async\" width=\"346\" height=\"221\" src=\"https:\/\/nmevents.se\/motordagenlive\/wp-content\/uploads\/sites\/56\/2025\/04\/Rityta-1@5x-e1749717044646.png\" class=\"attachment-full size-full wp-image-2844\" alt=\"\" srcset=\"https:\/\/nmevents.se\/motordagenlive\/wp-content\/uploads\/sites\/56\/2025\/04\/Rityta-1@5x-e1749717044646.png 346w, https:\/\/nmevents.se\/motordagenlive\/wp-content\/uploads\/sites\/56\/2025\/04\/Rityta-1@5x-e1749717044646-300x192.png 300w\" sizes=\"(max-width: 346px) 100vw, 346px\" \/>\t\t\t\t\t\t\t\t<\/a>\n\t\t\t\t\t\t\t\t\t\t\t\t\t<\/div>\n\t\t\t\t<\/div>\n\t\t\t\t<\/div>\n\t\t<div class=\"elementor-element elementor-element-37e80bf e-con-full e-flex e-con e-child\" data-id=\"37e80bf\" data-element_type=\"container\">\n\t\t\t\t<div class=\"elementor-element elementor-element-f712e44 elementor-widget elementor-widget-image\" data-id=\"f712e44\" data-element_type=\"widget\" data-widget_type=\"image.default\">\n\t\t\t\t<div class=\"elementor-widget-container\">\n\t\t\t\t\t\t\t\t\t\t\t\t\t\t<a href=\"https:\/\/www.autoglassrestore.se\/kontakt\" target=\"_blank\">\n\t\t\t\t\t\t\t<img loading=\"lazy\" decoding=\"async\" width=\"382\" height=\"194\" src=\"https:\/\/nmevents.se\/motordagenlive\/wp-content\/uploads\/sites\/56\/2025\/06\/Logo-AGR-oval-2.png\" class=\"attachment-full size-full wp-image-2923\" alt=\"\" srcset=\"https:\/\/nmevents.se\/motordagenlive\/wp-content\/uploads\/sites\/56\/2025\/06\/Logo-AGR-oval-2.png 382w, https:\/\/nmevents.se\/motordagenlive\/wp-content\/uploads\/sites\/56\/2025\/06\/Logo-AGR-oval-2-300x152.png 300w\" sizes=\"(max-width: 382px) 100vw, 382px\" \/>\t\t\t\t\t\t\t\t<\/a>\n\t\t\t\t\t\t\t\t\t\t\t\t\t<\/div>\n\t\t\t\t<\/div>\n\t\t\t\t<\/div>\n\t\t<div class=\"elementor-element elementor-element-edb2485 e-con-full e-flex e-con e-child\" data-id=\"edb2485\" data-element_type=\"container\">\n\t\t\t\t<div class=\"elementor-element elementor-element-d28d1d9 elementor-widget elementor-widget-image\" data-id=\"d28d1d9\" data-element_type=\"widget\" data-widget_type=\"image.default\">\n\t\t\t\t<div class=\"elementor-widget-container\">\n\t\t\t\t\t\t\t\t\t\t\t\t\t\t<a href=\"https:\/\/www.speedtrading.se\/\" target=\"_blank\">\n\t\t\t\t\t\t\t<img loading=\"lazy\" decoding=\"async\" width=\"1024\" height=\"252\" src=\"https:\/\/nmevents.se\/motordagenlive\/wp-content\/uploads\/sites\/56\/2025\/05\/Speed_Trading.jpg\" class=\"attachment-full size-full wp-image-2872\" alt=\"\" srcset=\"https:\/\/nmevents.se\/motordagenlive\/wp-content\/uploads\/sites\/56\/2025\/05\/Speed_Trading.jpg 1024w, https:\/\/nmevents.se\/motordagenlive\/wp-content\/uploads\/sites\/56\/2025\/05\/Speed_Trading-300x74.jpg 300w, https:\/\/nmevents.se\/motordagenlive\/wp-content\/uploads\/sites\/56\/2025\/05\/Speed_Trading-768x189.jpg 768w\" sizes=\"(max-width: 1024px) 100vw, 1024px\" \/>\t\t\t\t\t\t\t\t<\/a>\n\t\t\t\t\t\t\t\t\t\t\t\t\t<\/div>\n\t\t\t\t<\/div>\n\t\t\t\t<\/div>\n\t\t\t\t\t<\/div>\n\t\t\t\t<\/div>\n\t\t<div class=\"elementor-element elementor-element-a556767 e-flex e-con-boxed e-con e-parent\" data-id=\"a556767\" data-element_type=\"container\" data-core-v316-plus=\"true\">\n\t\t\t\t\t<div class=\"e-con-inner\">\n\t\t<div class=\"elementor-element elementor-element-41168f5 e-con-full e-flex e-con e-child\" data-id=\"41168f5\" data-element_type=\"container\">\n\t\t\t\t<div class=\"elementor-element elementor-element-f4b2762 elementor-widget elementor-widget-image\" data-id=\"f4b2762\" data-element_type=\"widget\" data-widget_type=\"image.default\">\n\t\t\t\t<div class=\"elementor-widget-container\">\n\t\t\t\t\t\t\t\t\t\t\t\t\t\t<a href=\"https:\/\/www.niradynamics.com\/products\/road-health?utm_term=&#038;utm_campaign=PMAX-INFRA-25&#038;utm_source=adwords&#038;utm_medium=ppc&#038;hsa_acc=1326993342&#038;hsa_cam=22351656676&#038;hsa_grp=&#038;hsa_ad=&#038;hsa_src=x&#038;hsa_tgt=&#038;hsa_kw=&#038;hsa_mt=&#038;hsa_net=adwords&#038;hsa_ver=3&#038;gad_source=1&#038;gad_campaignid=22351668679&#038;gclid=EAIaIQobChMIwK2H87nrjQMV8FqRBR1TQQtZEAAYASAAEgLvnvD_BwE\" target=\"_blank\">\n\t\t\t\t\t\t\t<img loading=\"lazy\" decoding=\"async\" width=\"1984\" height=\"735\" src=\"https:\/\/nmevents.se\/motordagenlive\/wp-content\/uploads\/sites\/56\/2025\/06\/Nira-Control-AB.jpg\" class=\"attachment-full size-full wp-image-2892\" alt=\"\" srcset=\"https:\/\/nmevents.se\/motordagenlive\/wp-content\/uploads\/sites\/56\/2025\/06\/Nira-Control-AB.jpg 1984w, https:\/\/nmevents.se\/motordagenlive\/wp-content\/uploads\/sites\/56\/2025\/06\/Nira-Control-AB-300x111.jpg 300w, https:\/\/nmevents.se\/motordagenlive\/wp-content\/uploads\/sites\/56\/2025\/06\/Nira-Control-AB-1024x379.jpg 1024w, https:\/\/nmevents.se\/motordagenlive\/wp-content\/uploads\/sites\/56\/2025\/06\/Nira-Control-AB-768x285.jpg 768w, https:\/\/nmevents.se\/motordagenlive\/wp-content\/uploads\/sites\/56\/2025\/06\/Nira-Control-AB-1536x569.jpg 1536w\" sizes=\"(max-width: 1984px) 100vw, 1984px\" \/>\t\t\t\t\t\t\t\t<\/a>\n\t\t\t\t\t\t\t\t\t\t\t\t\t<\/div>\n\t\t\t\t<\/div>\n\t\t\t\t<\/div>\n\t\t<div class=\"elementor-element elementor-element-e167f0a e-con-full e-flex e-con e-child\" data-id=\"e167f0a\" data-element_type=\"container\">\n\t\t\t\t<div class=\"elementor-element elementor-element-6e190af elementor-widget elementor-widget-image\" data-id=\"6e190af\" data-element_type=\"widget\" data-widget_type=\"image.default\">\n\t\t\t\t<div class=\"elementor-widget-container\">\n\t\t\t\t\t\t\t\t\t\t\t\t\t\t<a href=\"https:\/\/www.elektropartner.com\/sv\" target=\"_blank\">\n\t\t\t\t\t\t\t<img loading=\"lazy\" decoding=\"async\" width=\"1194\" height=\"330\" src=\"https:\/\/nmevents.se\/motordagenlive\/wp-content\/uploads\/sites\/56\/2025\/06\/Elektropart_frit.png\" class=\"attachment-full size-full wp-image-2893\" alt=\"\" srcset=\"https:\/\/nmevents.se\/motordagenlive\/wp-content\/uploads\/sites\/56\/2025\/06\/Elektropart_frit.png 1194w, https:\/\/nmevents.se\/motordagenlive\/wp-content\/uploads\/sites\/56\/2025\/06\/Elektropart_frit-300x83.png 300w, https:\/\/nmevents.se\/motordagenlive\/wp-content\/uploads\/sites\/56\/2025\/06\/Elektropart_frit-1024x283.png 1024w, https:\/\/nmevents.se\/motordagenlive\/wp-content\/uploads\/sites\/56\/2025\/06\/Elektropart_frit-768x212.png 768w\" sizes=\"(max-width: 1194px) 100vw, 1194px\" \/>\t\t\t\t\t\t\t\t<\/a>\n\t\t\t\t\t\t\t\t\t\t\t\t\t<\/div>\n\t\t\t\t<\/div>\n\t\t\t\t<\/div>\n\t\t<div class=\"elementor-element elementor-element-4be6b78 e-con-full e-flex e-con e-child\" data-id=\"4be6b78\" data-element_type=\"container\">\n\t\t\t\t<div class=\"elementor-element elementor-element-8b09d15 elementor-widget elementor-widget-image\" data-id=\"8b09d15\" data-element_type=\"widget\" data-widget_type=\"image.default\">\n\t\t\t\t<div class=\"elementor-widget-container\">\n\t\t\t\t\t\t\t\t\t\t\t\t\t\t<a href=\"https:\/\/dinbil.se\/\" target=\"_blank\">\n\t\t\t\t\t\t\t<img loading=\"lazy\" decoding=\"async\" width=\"414\" height=\"129\" src=\"https:\/\/nmevents.se\/motordagenlive\/wp-content\/uploads\/sites\/56\/2025\/06\/DinBil_Logotyp_v1.0_PMS-C_Svart.png\" class=\"attachment-full size-full wp-image-2907\" alt=\"\" srcset=\"https:\/\/nmevents.se\/motordagenlive\/wp-content\/uploads\/sites\/56\/2025\/06\/DinBil_Logotyp_v1.0_PMS-C_Svart.png 414w, https:\/\/nmevents.se\/motordagenlive\/wp-content\/uploads\/sites\/56\/2025\/06\/DinBil_Logotyp_v1.0_PMS-C_Svart-300x93.png 300w\" sizes=\"(max-width: 414px) 100vw, 414px\" \/>\t\t\t\t\t\t\t\t<\/a>\n\t\t\t\t\t\t\t\t\t\t\t\t\t<\/div>\n\t\t\t\t<\/div>\n\t\t\t\t<\/div>\n\t\t\t\t\t<\/div>\n\t\t\t\t<\/div>\n\t\t<div class=\"elementor-element elementor-element-f88ae87 e-flex e-con-boxed e-con e-parent\" data-id=\"f88ae87\" data-element_type=\"container\" data-core-v316-plus=\"true\">\n\t\t\t\t\t<div class=\"e-con-inner\">\n\t\t\t\t<div class=\"elementor-element elementor-element-b1b3213 elementor-widget elementor-widget-spacer\" data-id=\"b1b3213\" data-element_type=\"widget\" data-widget_type=\"spacer.default\">\n\t\t\t\t<div class=\"elementor-widget-container\">\n\t\t\t<style>\/*! elementor - v3.20.0 - 20-03-2024 *\/\n.elementor-column .elementor-spacer-inner{height:var(--spacer-size)}.e-con{--container-widget-width:100%}.e-con-inner>.elementor-widget-spacer,.e-con>.elementor-widget-spacer{width:var(--container-widget-width,var(--spacer-size));--align-self:var(--container-widget-align-self,initial);--flex-shrink:0}.e-con-inner>.elementor-widget-spacer>.elementor-widget-container,.e-con>.elementor-widget-spacer>.elementor-widget-container{height:100%;width:100%}.e-con-inner>.elementor-widget-spacer>.elementor-widget-container>.elementor-spacer,.e-con>.elementor-widget-spacer>.elementor-widget-container>.elementor-spacer{height:100%}.e-con-inner>.elementor-widget-spacer>.elementor-widget-container>.elementor-spacer>.elementor-spacer-inner,.e-con>.elementor-widget-spacer>.elementor-widget-container>.elementor-spacer>.elementor-spacer-inner{height:var(--container-widget-height,var(--spacer-size))}.e-con-inner>.elementor-widget-spacer.elementor-widget-empty,.e-con>.elementor-widget-spacer.elementor-widget-empty{position:relative;min-height:22px;min-width:22px}.e-con-inner>.elementor-widget-spacer.elementor-widget-empty .elementor-widget-empty-icon,.e-con>.elementor-widget-spacer.elementor-widget-empty .elementor-widget-empty-icon{position:absolute;top:0;bottom:0;left:0;right:0;margin:auto;padding:0;width:22px;height:22px}<\/style>\t\t<div class=\"elementor-spacer\">\n\t\t\t<div class=\"elementor-spacer-inner\"><\/div>\n\t\t<\/div>\n\t\t\t\t<\/div>\n\t\t\t\t<\/div>\n\t\t\t\t\t<\/div>\n\t\t\t\t<\/div>\n\t\t\t\t<\/div>\n\t\t","protected":false},"excerpt":{"rendered":"<p>Dagens talare Daniel Odsberg Head of sales, KvdbilTa begagnathandeln fr\u00e5n lokal till nationell niv\u00e5 genom digitala verktyg Jonas Edlund Kundutveckling, VroomVagnparken i f\u00f6r\u00e4ndring Ulf Roberts-Jones Vd, VroomVagnparken i f\u00f6r\u00e4ndring Keith Jordell Chef M-Fleet Glas, Mekonomen CompanyStenskott som h\u00e5llbar aff\u00e4r \u2013 Den glasklara aff\u00e4ren f\u00f6r alla verkst\u00e4der Magnus Anseklev Director Global Partnerships Marketing and Sales, NIRA [&hellip;]<\/p>\n","protected":false},"author":21,"featured_media":0,"parent":0,"menu_order":0,"comment_status":"closed","ping_status":"closed","template":"","meta":{"_acf_changed":false,"footnotes":""},"acf":[],"_links":{"self":[{"href":"https:\/\/nmevents.se\/motordagenlive\/wp-json\/wp\/v2\/pages\/2966"}],"collection":[{"href":"https:\/\/nmevents.se\/motordagenlive\/wp-json\/wp\/v2\/pages"}],"about":[{"href":"https:\/\/nmevents.se\/motordagenlive\/wp-json\/wp\/v2\/types\/page"}],"author":[{"embeddable":true,"href":"https:\/\/nmevents.se\/motordagenlive\/wp-json\/wp\/v2\/users\/21"}],"replies":[{"embeddable":true,"href":"https:\/\/nmevents.se\/motordagenlive\/wp-json\/wp\/v2\/comments?post=2966"}],"version-history":[{"count":37,"href":"https:\/\/nmevents.se\/motordagenlive\/wp-json\/wp\/v2\/pages\/2966\/revisions"}],"predecessor-version":[{"id":3114,"href":"https:\/\/nmevents.se\/motordagenlive\/wp-json\/wp\/v2\/pages\/2966\/revisions\/3114"}],"wp:attachment":[{"href":"https:\/\/nmevents.se\/motordagenlive\/wp-json\/wp\/v2\/media?parent=2966"}],"curies":[{"name":"wp","href":"https:\/\/api.w.org\/{rel}","templated":true}]}}