{"id":17,"date":"2023-11-06T11:17:16","date_gmt":"2023-11-06T11:17:16","guid":{"rendered":"https:\/\/eventdk4_.nordiske-medier.dk4_\/?page_id=17"},"modified":"2024-11-04T15:31:19","modified_gmt":"2024-11-04T14:31:19","slug":"kontakt","status":"publish","type":"page","link":"https:\/\/nmevents.se\/nmplus\/kontakt\/","title":{"rendered":"Kontakt"},"content":{"rendered":"\t\t<div data-elementor-type=\"wp-page\" data-elementor-id=\"17\" class=\"elementor elementor-17\" data-elementor-post-type=\"page\">\n\t\t\t\t<div class=\"elementor-element elementor-element-bbdf963 e-flex e-con-boxed e-con e-parent\" data-id=\"bbdf963\" data-element_type=\"container\" data-core-v316-plus=\"true\">\n\t\t\t\t\t<div class=\"e-con-inner\">\n\t\t<div class=\"elementor-element elementor-element-f9ce19b e-con-full e-flex e-con e-child\" data-id=\"f9ce19b\" data-element_type=\"container\">\n\t\t\t\t<div class=\"elementor-element elementor-element-61022a1 elementor-widget elementor-widget-heading\" data-id=\"61022a1\" data-element_type=\"widget\" data-widget_type=\"heading.default\">\n\t\t\t\t<div class=\"elementor-widget-container\">\n\t\t\t<style>\/*! elementor - v3.20.0 - 20-03-2024 *\/\n.elementor-heading-title{padding:0;margin:0;line-height:1}.elementor-widget-heading .elementor-heading-title[class*=elementor-size-]>a{color:inherit;font-size:inherit;line-height:inherit}.elementor-widget-heading .elementor-heading-title.elementor-size-small{font-size:15px}.elementor-widget-heading .elementor-heading-title.elementor-size-medium{font-size:19px}.elementor-widget-heading .elementor-heading-title.elementor-size-large{font-size:29px}.elementor-widget-heading .elementor-heading-title.elementor-size-xl{font-size:39px}.elementor-widget-heading .elementor-heading-title.elementor-size-xxl{font-size:59px}<\/style><h1 class=\"elementor-heading-title elementor-size-default\">Om oss<\/h1>\t\t<\/div>\n\t\t\t\t<\/div>\n\t\t\t\t<\/div>\n\t\t\t\t\t<\/div>\n\t\t\t\t<\/div>\n\t\t<div class=\"elementor-element elementor-element-c7efad2 e-flex e-con-boxed e-con e-parent\" data-id=\"c7efad2\" data-element_type=\"container\" data-core-v316-plus=\"true\">\n\t\t\t\t\t<div class=\"e-con-inner\">\n\t\t<div class=\"elementor-element elementor-element-cf3fb9e e-con-full e-flex e-con e-child\" data-id=\"cf3fb9e\" data-element_type=\"container\">\n\t\t\t\t<div class=\"elementor-element elementor-element-8d2fab7 elementor-widget elementor-widget-heading\" data-id=\"8d2fab7\" data-element_type=\"widget\" data-widget_type=\"heading.default\">\n\t\t\t\t<div class=\"elementor-widget-container\">\n\t\t\t<h2 class=\"elementor-heading-title elementor-size-default\">V\u00e5ra kurser<\/h2>\t\t<\/div>\n\t\t\t\t<\/div>\n\t\t\t\t<div class=\"elementor-element elementor-element-52f3fd4 elementor-widget elementor-widget-text-editor\" data-id=\"52f3fd4\" data-element_type=\"widget\" data-widget_type=\"text-editor.default\">\n\t\t\t\t<div class=\"elementor-widget-container\">\n\t\t\t<style>\/*! elementor - v3.20.0 - 20-03-2024 *\/\n.elementor-widget-text-editor.elementor-drop-cap-view-stacked .elementor-drop-cap{background-color:#69727d;color:#fff}.elementor-widget-text-editor.elementor-drop-cap-view-framed .elementor-drop-cap{color:#69727d;border:3px solid;background-color:transparent}.elementor-widget-text-editor:not(.elementor-drop-cap-view-default) .elementor-drop-cap{margin-top:8px}.elementor-widget-text-editor:not(.elementor-drop-cap-view-default) .elementor-drop-cap-letter{width:1em;height:1em}.elementor-widget-text-editor .elementor-drop-cap{float:left;text-align:center;line-height:1;font-size:50px}.elementor-widget-text-editor .elementor-drop-cap-letter{display:inline-block}<\/style>\t\t\t\t<p>F\u00f6rkovra dig i egen takt med Nordiske Mediers branschspecifika utbildningar. Vi erbjuder digitala kurser som \u00e4r b\u00e5de roliga och informativa, d\u00e4r du sj\u00e4lv best\u00e4mmer tid och plats f\u00f6r studierna.<\/p><p>V\u00e5rt utbud v\u00e4xer st\u00e4ndigt med utbildningar ledda av experter inom olika omr\u00e5den. Varje kurs inneh\u00e5ller video-lektioner, sj\u00e4lvtester, arbetsuppgifter och diskussionsfr\u00e5gor, samt nedladdningsbart material. Du har tillg\u00e5ng till kursinneh\u00e5llet i ett halv\u00e5r och kan repetera avsnitt vid behov.<\/p><p>F\u00f6r att avsluta utbildningen g\u00f6rs ett test som ger dig ett diplom som bekr\u00e4ftar dina nya kunskaper. Om du saknar en specifik utbildning, kontakta oss s\u00e5 utvecklar vi en tillsammans med experter inom ditt omr\u00e5de.<\/p>\t\t\t\t\t\t<\/div>\n\t\t\t\t<\/div>\n\t\t\t\t<\/div>\n\t\t\t\t\t<\/div>\n\t\t\t\t<\/div>\n\t\t<div class=\"elementor-element elementor-element-a88975b e-flex e-con-boxed e-con e-parent\" data-id=\"a88975b\" data-element_type=\"container\" data-core-v316-plus=\"true\">\n\t\t\t\t\t<div class=\"e-con-inner\">\n\t\t\t\t<div class=\"elementor-element elementor-element-c23bb48 elementor-widget elementor-widget-heading\" data-id=\"c23bb48\" data-element_type=\"widget\" data-widget_type=\"heading.default\">\n\t\t\t\t<div class=\"elementor-widget-container\">\n\t\t\t<h3 class=\"elementor-heading-title elementor-size-default\">Har du fr\u00e5gor? - Kontakta oss<\/h3>\t\t<\/div>\n\t\t\t\t<\/div>\n\t\t\t\t\t<\/div>\n\t\t\t\t<\/div>\n\t\t<div class=\"elementor-element elementor-element-1df7320 e-flex e-con-boxed e-con e-parent\" data-id=\"1df7320\" data-element_type=\"container\" data-core-v316-plus=\"true\">\n\t\t\t\t\t<div class=\"e-con-inner\">\n\t\t<div class=\"elementor-element elementor-element-36d6a53 e-con-full e-flex e-con e-child\" data-id=\"36d6a53\" data-element_type=\"container\">\n\t\t\t\t<div class=\"elementor-element elementor-element-9112124 elementor-widget elementor-widget-image\" data-id=\"9112124\" data-element_type=\"widget\" data-widget_type=\"image.default\">\n\t\t\t\t<div class=\"elementor-widget-container\">\n\t\t\t<style>\/*! elementor - v3.20.0 - 20-03-2024 *\/\n.elementor-widget-image{text-align:center}.elementor-widget-image a{display:inline-block}.elementor-widget-image a img[src$=\".svg\"]{width:48px}.elementor-widget-image img{vertical-align:middle;display:inline-block}<\/style>\t\t\t\t\t\t\t\t\t\t<img fetchpriority=\"high\" decoding=\"async\" width=\"300\" height=\"241\" src=\"https:\/\/nmevents.se\/nmplus\/wp-content\/uploads\/sites\/22\/2024\/03\/NMplus_Kontakt_Josefine-2-300x241.png\" class=\"attachment-medium size-medium wp-image-1285\" alt=\"\" srcset=\"https:\/\/nmevents.se\/nmplus\/wp-content\/uploads\/sites\/22\/2024\/03\/NMplus_Kontakt_Josefine-2-300x241.png 300w, https:\/\/nmevents.se\/nmplus\/wp-content\/uploads\/sites\/22\/2024\/03\/NMplus_Kontakt_Josefine-2.png 379w\" sizes=\"(max-width: 300px) 100vw, 300px\" \/>\t\t\t\t\t\t\t\t\t\t\t\t\t<\/div>\n\t\t\t\t<\/div>\n\t\t\t\t<div class=\"elementor-element elementor-element-24b9c99 elementor-widget elementor-widget-heading\" data-id=\"24b9c99\" data-element_type=\"widget\" data-widget_type=\"heading.default\">\n\t\t\t\t<div class=\"elementor-widget-container\">\n\t\t\t<h4 class=\"elementor-heading-title elementor-size-default\">Josefine Rydstedt<\/h4>\t\t<\/div>\n\t\t\t\t<\/div>\n\t\t\t\t<div class=\"elementor-element elementor-element-1d3ed8f elementor-widget elementor-widget-text-editor\" data-id=\"1d3ed8f\" data-element_type=\"widget\" data-widget_type=\"text-editor.default\">\n\t\t\t\t<div class=\"elementor-widget-container\">\n\t\t\t\t\t\t\t<p><br \/>Projektledare event och kurser<\/p><p>+46 (0)70 171 61 79<\/p><p><a href=\"mailto:josefine.rydstedt@nordiskemedier.se\">josefine.rydstedt@nordiskemedier.se<\/a><\/p>\t\t\t\t\t\t<\/div>\n\t\t\t\t<\/div>\n\t\t\t\t<\/div>\n\t\t<div class=\"elementor-element elementor-element-ac9732f e-con-full e-flex e-con e-child\" data-id=\"ac9732f\" data-element_type=\"container\">\n\t\t\t\t<div class=\"elementor-element elementor-element-9ae02e4 elementor-widget elementor-widget-image\" data-id=\"9ae02e4\" data-element_type=\"widget\" data-widget_type=\"image.default\">\n\t\t\t\t<div class=\"elementor-widget-container\">\n\t\t\t\t\t\t\t\t\t\t\t\t\t<img decoding=\"async\" width=\"300\" height=\"241\" src=\"https:\/\/nmevents.se\/nmplus\/wp-content\/uploads\/sites\/22\/2024\/03\/NMplus_Kontakt_Mona-2-300x241.png\" class=\"attachment-medium size-medium wp-image-1286\" alt=\"\" srcset=\"https:\/\/nmevents.se\/nmplus\/wp-content\/uploads\/sites\/22\/2024\/03\/NMplus_Kontakt_Mona-2-300x241.png 300w, https:\/\/nmevents.se\/nmplus\/wp-content\/uploads\/sites\/22\/2024\/03\/NMplus_Kontakt_Mona-2.png 379w\" sizes=\"(max-width: 300px) 100vw, 300px\" \/>\t\t\t\t\t\t\t\t\t\t\t\t\t<\/div>\n\t\t\t\t<\/div>\n\t\t\t\t<div class=\"elementor-element elementor-element-7802752 elementor-widget elementor-widget-heading\" data-id=\"7802752\" data-element_type=\"widget\" data-widget_type=\"heading.default\">\n\t\t\t\t<div class=\"elementor-widget-container\">\n\t\t\t<h4 class=\"elementor-heading-title elementor-size-default\">Mona Johansson<\/h4>\t\t<\/div>\n\t\t\t\t<\/div>\n\t\t\t\t<div class=\"elementor-element elementor-element-fe9ce8e elementor-widget elementor-widget-text-editor\" data-id=\"fe9ce8e\" data-element_type=\"widget\" data-widget_type=\"text-editor.default\">\n\t\t\t\t<div class=\"elementor-widget-container\">\n\t\t\t\t\t\t\t<p><br \/>Redaktionell chef<\/p><p><a href=\"tel:+46 (0)736825312\">+46 (0)73\u00a0682 53 63<\/a><\/p><p><a href=\"mailto:mona.johansson@nordiskemedier.se\">mona.johansson@nordiskemedier.se<\/a><\/p>\t\t\t\t\t\t<\/div>\n\t\t\t\t<\/div>\n\t\t\t\t<\/div>\n\t\t\t\t\t<\/div>\n\t\t\t\t<\/div>\n\t\t\t\t<\/div>\n\t\t","protected":false},"excerpt":{"rendered":"<p>Om oss V\u00e5ra kurser F\u00f6rkovra dig i egen takt med Nordiske Mediers branschspecifika utbildningar. Vi erbjuder digitala kurser som \u00e4r b\u00e5de roliga och informativa, d\u00e4r du sj\u00e4lv best\u00e4mmer tid och plats f\u00f6r studierna. V\u00e5rt utbud v\u00e4xer st\u00e4ndigt med utbildningar ledda av experter inom olika omr\u00e5den. Varje kurs inneh\u00e5ller video-lektioner, sj\u00e4lvtester, arbetsuppgifter och diskussionsfr\u00e5gor, samt nedladdningsbart [&hellip;]<\/p>\n","protected":false},"author":1,"featured_media":0,"parent":0,"menu_order":0,"comment_status":"closed","ping_status":"closed","template":"elementor_header_footer","meta":{"_acf_changed":false,"footnotes":""},"acf":[],"_links":{"self":[{"href":"https:\/\/nmevents.se\/nmplus\/wp-json\/wp\/v2\/pages\/17"}],"collection":[{"href":"https:\/\/nmevents.se\/nmplus\/wp-json\/wp\/v2\/pages"}],"about":[{"href":"https:\/\/nmevents.se\/nmplus\/wp-json\/wp\/v2\/types\/page"}],"author":[{"embeddable":true,"href":"https:\/\/nmevents.se\/nmplus\/wp-json\/wp\/v2\/users\/1"}],"replies":[{"embeddable":true,"href":"https:\/\/nmevents.se\/nmplus\/wp-json\/wp\/v2\/comments?post=17"}],"version-history":[{"count":18,"href":"https:\/\/nmevents.se\/nmplus\/wp-json\/wp\/v2\/pages\/17\/revisions"}],"predecessor-version":[{"id":1662,"href":"https:\/\/nmevents.se\/nmplus\/wp-json\/wp\/v2\/pages\/17\/revisions\/1662"}],"wp:attachment":[{"href":"https:\/\/nmevents.se\/nmplus\/wp-json\/wp\/v2\/media?parent=17"}],"curies":[{"name":"wp","href":"https:\/\/api.w.org\/{rel}","templated":true}]}}