{"id":17,"date":"2023-11-06T11:17:16","date_gmt":"2023-11-06T11:17:16","guid":{"rendered":"https:\/\/eventdk3_.nordiske-medier.dk3_\/?page_id=17"},"modified":"2025-11-28T16:21:35","modified_gmt":"2025-11-28T15:21:35","slug":"kontakt","status":"publish","type":"page","link":"https:\/\/nmevents.se\/nordicgrocerystoreexpo\/kontakt\/","title":{"rendered":"Kontakt"},"content":{"rendered":"\t\t<div data-elementor-type=\"wp-page\" data-elementor-id=\"17\" class=\"elementor elementor-17\" data-elementor-post-type=\"page\">\n\t\t\t\t<div class=\"elementor-element elementor-element-2348812 e-flex e-con-boxed e-con e-parent\" data-id=\"2348812\" data-element_type=\"container\" data-core-v316-plus=\"true\">\n\t\t\t\t\t<div class=\"e-con-inner\">\n\t\t\t\t<div class=\"elementor-element elementor-element-644caeb elementor-widget elementor-widget-spacer\" data-id=\"644caeb\" data-element_type=\"widget\" data-widget_type=\"spacer.default\">\n\t\t\t\t<div class=\"elementor-widget-container\">\n\t\t\t<style>\/*! elementor - v3.20.0 - 20-03-2024 *\/\n.elementor-column .elementor-spacer-inner{height:var(--spacer-size)}.e-con{--container-widget-width:100%}.e-con-inner>.elementor-widget-spacer,.e-con>.elementor-widget-spacer{width:var(--container-widget-width,var(--spacer-size));--align-self:var(--container-widget-align-self,initial);--flex-shrink:0}.e-con-inner>.elementor-widget-spacer>.elementor-widget-container,.e-con>.elementor-widget-spacer>.elementor-widget-container{height:100%;width:100%}.e-con-inner>.elementor-widget-spacer>.elementor-widget-container>.elementor-spacer,.e-con>.elementor-widget-spacer>.elementor-widget-container>.elementor-spacer{height:100%}.e-con-inner>.elementor-widget-spacer>.elementor-widget-container>.elementor-spacer>.elementor-spacer-inner,.e-con>.elementor-widget-spacer>.elementor-widget-container>.elementor-spacer>.elementor-spacer-inner{height:var(--container-widget-height,var(--spacer-size))}.e-con-inner>.elementor-widget-spacer.elementor-widget-empty,.e-con>.elementor-widget-spacer.elementor-widget-empty{position:relative;min-height:22px;min-width:22px}.e-con-inner>.elementor-widget-spacer.elementor-widget-empty .elementor-widget-empty-icon,.e-con>.elementor-widget-spacer.elementor-widget-empty .elementor-widget-empty-icon{position:absolute;top:0;bottom:0;left:0;right:0;margin:auto;padding:0;width:22px;height:22px}<\/style>\t\t<div class=\"elementor-spacer\">\n\t\t\t<div class=\"elementor-spacer-inner\"><\/div>\n\t\t<\/div>\n\t\t\t\t<\/div>\n\t\t\t\t<\/div>\n\t\t\t\t\t<\/div>\n\t\t\t\t<\/div>\n\t\t<div class=\"elementor-element elementor-element-1df7320 e-flex e-con-boxed e-con e-parent\" data-id=\"1df7320\" data-element_type=\"container\" data-core-v316-plus=\"true\">\n\t\t\t\t\t<div class=\"e-con-inner\">\n\t\t<div class=\"elementor-element elementor-element-36d6a53 e-con-full e-flex e-con e-child\" data-id=\"36d6a53\" data-element_type=\"container\">\n\t\t\t\t<div class=\"elementor-element elementor-element-9112124 elementor-widget__width-initial elementor-widget elementor-widget-image\" data-id=\"9112124\" data-element_type=\"widget\" data-widget_type=\"image.default\">\n\t\t\t\t<div class=\"elementor-widget-container\">\n\t\t\t<style>\/*! elementor - v3.20.0 - 20-03-2024 *\/\n.elementor-widget-image{text-align:center}.elementor-widget-image a{display:inline-block}.elementor-widget-image a img[src$=\".svg\"]{width:48px}.elementor-widget-image img{vertical-align:middle;display:inline-block}<\/style>\t\t\t\t\t\t\t\t\t\t<img fetchpriority=\"high\" decoding=\"async\" width=\"938\" height=\"1021\" src=\"https:\/\/nmevents.se\/nordicgrocerystoreexpo\/wp-content\/uploads\/sites\/40\/2025\/10\/NGSE26_Webb_kontakt.png\" class=\"attachment-full size-full wp-image-3261\" alt=\"\" srcset=\"https:\/\/nmevents.se\/nordicgrocerystoreexpo\/wp-content\/uploads\/sites\/40\/2025\/10\/NGSE26_Webb_kontakt.png 938w, https:\/\/nmevents.se\/nordicgrocerystoreexpo\/wp-content\/uploads\/sites\/40\/2025\/10\/NGSE26_Webb_kontakt-276x300.png 276w, https:\/\/nmevents.se\/nordicgrocerystoreexpo\/wp-content\/uploads\/sites\/40\/2025\/10\/NGSE26_Webb_kontakt-768x836.png 768w\" sizes=\"(max-width: 938px) 100vw, 938px\" \/>\t\t\t\t\t\t\t\t\t\t\t\t\t<\/div>\n\t\t\t\t<\/div>\n\t\t\t\t<div class=\"elementor-element elementor-element-24b9c99 elementor-widget elementor-widget-heading\" data-id=\"24b9c99\" data-element_type=\"widget\" data-widget_type=\"heading.default\">\n\t\t\t\t<div class=\"elementor-widget-container\">\n\t\t\t<style>\/*! elementor - v3.20.0 - 20-03-2024 *\/\n.elementor-heading-title{padding:0;margin:0;line-height:1}.elementor-widget-heading .elementor-heading-title[class*=elementor-size-]>a{color:inherit;font-size:inherit;line-height:inherit}.elementor-widget-heading .elementor-heading-title.elementor-size-small{font-size:15px}.elementor-widget-heading .elementor-heading-title.elementor-size-medium{font-size:19px}.elementor-widget-heading .elementor-heading-title.elementor-size-large{font-size:29px}.elementor-widget-heading .elementor-heading-title.elementor-size-xl{font-size:39px}.elementor-widget-heading .elementor-heading-title.elementor-size-xxl{font-size:59px}<\/style><h3 class=\"elementor-heading-title elementor-size-default\">Caroline Magnel\u00ed<\/h3>\t\t<\/div>\n\t\t\t\t<\/div>\n\t\t\t\t<div class=\"elementor-element elementor-element-1d3ed8f elementor-widget elementor-widget-text-editor\" data-id=\"1d3ed8f\" data-element_type=\"widget\" data-widget_type=\"text-editor.default\">\n\t\t\t\t<div class=\"elementor-widget-container\">\n\t\t\t<style>\/*! elementor - v3.20.0 - 20-03-2024 *\/\n.elementor-widget-text-editor.elementor-drop-cap-view-stacked .elementor-drop-cap{background-color:#69727d;color:#fff}.elementor-widget-text-editor.elementor-drop-cap-view-framed .elementor-drop-cap{color:#69727d;border:3px solid;background-color:transparent}.elementor-widget-text-editor:not(.elementor-drop-cap-view-default) .elementor-drop-cap{margin-top:8px}.elementor-widget-text-editor:not(.elementor-drop-cap-view-default) .elementor-drop-cap-letter{width:1em;height:1em}.elementor-widget-text-editor .elementor-drop-cap{float:left;text-align:center;line-height:1;font-size:50px}.elementor-widget-text-editor .elementor-drop-cap-letter{display:inline-block}<\/style>\t\t\t\t<p class=\"staff-member-position\">Projektledare, Event<br \/>+46 73 682 53 77<br \/><a class=\"staff-member-email\" title=\"Email Caroline Magn\u00e9li Holm\" href=\"mailto:caroline.magneli.holm@nordiskemedier.se\">caroline.magneli@nordiskemedier.se<\/a><br \/><strong>F\u00f6r fr\u00e5gor om m\u00e4ssan<\/strong><\/p>\t\t\t\t\t\t<\/div>\n\t\t\t\t<\/div>\n\t\t\t\t<\/div>\n\t\t<div class=\"elementor-element elementor-element-c2f13a9 e-con-full e-flex e-con e-child\" data-id=\"c2f13a9\" data-element_type=\"container\">\n\t\t\t\t<div class=\"elementor-element elementor-element-5d2f83c elementor-widget__width-initial elementor-widget elementor-widget-image\" data-id=\"5d2f83c\" data-element_type=\"widget\" data-widget_type=\"image.default\">\n\t\t\t\t<div class=\"elementor-widget-container\">\n\t\t\t\t\t\t\t\t\t\t\t\t\t<img decoding=\"async\" width=\"938\" height=\"1021\" src=\"https:\/\/nmevents.se\/nordicgrocerystoreexpo\/wp-content\/uploads\/sites\/40\/2025\/11\/NGSE26_Webb_kontakt22.png\" class=\"attachment-full size-full wp-image-3319\" alt=\"\" srcset=\"https:\/\/nmevents.se\/nordicgrocerystoreexpo\/wp-content\/uploads\/sites\/40\/2025\/11\/NGSE26_Webb_kontakt22.png 938w, https:\/\/nmevents.se\/nordicgrocerystoreexpo\/wp-content\/uploads\/sites\/40\/2025\/11\/NGSE26_Webb_kontakt22-276x300.png 276w, https:\/\/nmevents.se\/nordicgrocerystoreexpo\/wp-content\/uploads\/sites\/40\/2025\/11\/NGSE26_Webb_kontakt22-768x836.png 768w\" sizes=\"(max-width: 938px) 100vw, 938px\" \/>\t\t\t\t\t\t\t\t\t\t\t\t\t<\/div>\n\t\t\t\t<\/div>\n\t\t\t\t<div class=\"elementor-element elementor-element-1c95324 elementor-widget elementor-widget-heading\" data-id=\"1c95324\" data-element_type=\"widget\" data-widget_type=\"heading.default\">\n\t\t\t\t<div class=\"elementor-widget-container\">\n\t\t\t<h3 class=\"elementor-heading-title elementor-size-default\">Tobias Estlind<\/h3>\t\t<\/div>\n\t\t\t\t<\/div>\n\t\t\t\t<div class=\"elementor-element elementor-element-b5400fb elementor-widget elementor-widget-text-editor\" data-id=\"b5400fb\" data-element_type=\"widget\" data-widget_type=\"text-editor.default\">\n\t\t\t\t<div class=\"elementor-widget-container\">\n\t\t\t\t\t\t\t<p><span style=\"color: #1e1e1e;\">Key Account Manager<br \/>073 523 91 15<br \/><a href=\"mailto:tobias.estlind@nordiskemedier.se\">tobias.estlind@nordiskemedier.se<\/a><br \/><strong>F\u00f6r bokning av utst\u00e4llarplats<\/strong><br \/><\/span><\/p>\t\t\t\t\t\t<\/div>\n\t\t\t\t<\/div>\n\t\t\t\t<\/div>\n\t\t<div class=\"elementor-element elementor-element-94e6f9c e-con-full e-flex e-con e-child\" data-id=\"94e6f9c\" data-element_type=\"container\">\n\t\t\t\t<div class=\"elementor-element elementor-element-5b2cb41 elementor-widget__width-initial elementor-widget elementor-widget-image\" data-id=\"5b2cb41\" data-element_type=\"widget\" data-widget_type=\"image.default\">\n\t\t\t\t<div class=\"elementor-widget-container\">\n\t\t\t\t\t\t\t\t\t\t\t\t\t<img decoding=\"async\" width=\"938\" height=\"1021\" src=\"https:\/\/nmevents.se\/nordicgrocerystoreexpo\/wp-content\/uploads\/sites\/40\/2025\/11\/NGSE26_Webb_kontakt2.png\" class=\"attachment-full size-full wp-image-3318\" alt=\"\" srcset=\"https:\/\/nmevents.se\/nordicgrocerystoreexpo\/wp-content\/uploads\/sites\/40\/2025\/11\/NGSE26_Webb_kontakt2.png 938w, https:\/\/nmevents.se\/nordicgrocerystoreexpo\/wp-content\/uploads\/sites\/40\/2025\/11\/NGSE26_Webb_kontakt2-276x300.png 276w, https:\/\/nmevents.se\/nordicgrocerystoreexpo\/wp-content\/uploads\/sites\/40\/2025\/11\/NGSE26_Webb_kontakt2-768x836.png 768w\" sizes=\"(max-width: 938px) 100vw, 938px\" \/>\t\t\t\t\t\t\t\t\t\t\t\t\t<\/div>\n\t\t\t\t<\/div>\n\t\t\t\t<div class=\"elementor-element elementor-element-bea2d41 elementor-widget elementor-widget-heading\" data-id=\"bea2d41\" data-element_type=\"widget\" data-widget_type=\"heading.default\">\n\t\t\t\t<div class=\"elementor-widget-container\">\n\t\t\t<h3 class=\"elementor-heading-title elementor-size-default\">Alfred Dahlgren Antelius<\/h3>\t\t<\/div>\n\t\t\t\t<\/div>\n\t\t\t\t<div class=\"elementor-element elementor-element-8c5ccde elementor-widget elementor-widget-text-editor\" data-id=\"8c5ccde\" data-element_type=\"widget\" data-widget_type=\"text-editor.default\">\n\t\t\t\t<div class=\"elementor-widget-container\">\n\t\t\t\t\t\t\t<p><span style=\"color: #1e1e1e;\">Account Manager<br \/>072 326 10 55<br \/><a href=\"mailto:alfred.antelius@nordiskemedier.se\">alfred.antelius@nordiskemedier.se<\/a><br \/><strong>F\u00f6r bokning av utst\u00e4llarplats<\/strong><br \/><\/span><\/p>\t\t\t\t\t\t<\/div>\n\t\t\t\t<\/div>\n\t\t\t\t<\/div>\n\t\t\t\t\t<\/div>\n\t\t\t\t<\/div>\n\t\t\t\t<\/div>\n\t\t","protected":false},"excerpt":{"rendered":"<p>Caroline Magnel\u00ed Projektledare, Event+46 73 682 53 77caroline.magneli@nordiskemedier.seF\u00f6r fr\u00e5gor om m\u00e4ssan Tobias Estlind Key Account Manager073 523 91 15tobias.estlind@nordiskemedier.seF\u00f6r bokning av utst\u00e4llarplats Alfred Dahlgren Antelius Account Manager072 326 10 55alfred.antelius@nordiskemedier.seF\u00f6r bokning av utst\u00e4llarplats<\/p>\n","protected":false},"author":1,"featured_media":0,"parent":0,"menu_order":0,"comment_status":"closed","ping_status":"closed","template":"elementor_header_footer","meta":{"_acf_changed":false,"footnotes":""},"acf":[],"_links":{"self":[{"href":"https:\/\/nmevents.se\/nordicgrocerystoreexpo\/wp-json\/wp\/v2\/pages\/17"}],"collection":[{"href":"https:\/\/nmevents.se\/nordicgrocerystoreexpo\/wp-json\/wp\/v2\/pages"}],"about":[{"href":"https:\/\/nmevents.se\/nordicgrocerystoreexpo\/wp-json\/wp\/v2\/types\/page"}],"author":[{"embeddable":true,"href":"https:\/\/nmevents.se\/nordicgrocerystoreexpo\/wp-json\/wp\/v2\/users\/1"}],"replies":[{"embeddable":true,"href":"https:\/\/nmevents.se\/nordicgrocerystoreexpo\/wp-json\/wp\/v2\/comments?post=17"}],"version-history":[{"count":57,"href":"https:\/\/nmevents.se\/nordicgrocerystoreexpo\/wp-json\/wp\/v2\/pages\/17\/revisions"}],"predecessor-version":[{"id":3322,"href":"https:\/\/nmevents.se\/nordicgrocerystoreexpo\/wp-json\/wp\/v2\/pages\/17\/revisions\/3322"}],"wp:attachment":[{"href":"https:\/\/nmevents.se\/nordicgrocerystoreexpo\/wp-json\/wp\/v2\/media?parent=17"}],"curies":[{"name":"wp","href":"https:\/\/api.w.org\/{rel}","templated":true}]}}