{"id":203,"date":"2023-11-08T13:46:21","date_gmt":"2023-11-08T11:46:21","guid":{"rendered":"https:\/\/eventdk.nordiske-medier.dk\/clean-facility\/?page_id=203"},"modified":"2026-03-25T16:59:15","modified_gmt":"2026-03-25T15:59:15","slug":"besokare","status":"publish","type":"page","link":"https:\/\/nmevents.se\/nordicgrocerystoreexpo\/besokare\/","title":{"rendered":"Bes\u00f6kare"},"content":{"rendered":"\t\t<div data-elementor-type=\"wp-page\" data-elementor-id=\"203\" class=\"elementor elementor-203\" data-elementor-post-type=\"page\">\n\t\t\t\t<div class=\"elementor-element elementor-element-89d1353 e-flex e-con-boxed e-con e-parent\" data-id=\"89d1353\" data-element_type=\"container\" data-core-v316-plus=\"true\">\n\t\t\t\t\t<div class=\"e-con-inner\">\n\t\t\t\t<div class=\"elementor-element elementor-element-5a36e49 elementor-skin-carousel elementor-arrows-yes elementor-pagination-type-bullets elementor-pagination-position-outside elementor-widget elementor-widget-media-carousel\" data-id=\"5a36e49\" data-element_type=\"widget\" data-settings=\"{&quot;skin&quot;:&quot;carousel&quot;,&quot;effect&quot;:&quot;slide&quot;,&quot;show_arrows&quot;:&quot;yes&quot;,&quot;pagination&quot;:&quot;bullets&quot;,&quot;speed&quot;:500,&quot;autoplay&quot;:&quot;yes&quot;,&quot;autoplay_speed&quot;:5000,&quot;loop&quot;:&quot;yes&quot;,&quot;pause_on_hover&quot;:&quot;yes&quot;,&quot;pause_on_interaction&quot;:&quot;yes&quot;,&quot;space_between&quot;:{&quot;unit&quot;:&quot;px&quot;,&quot;size&quot;:10,&quot;sizes&quot;:[]},&quot;space_between_tablet&quot;:{&quot;unit&quot;:&quot;px&quot;,&quot;size&quot;:10,&quot;sizes&quot;:[]},&quot;space_between_mobile&quot;:{&quot;unit&quot;:&quot;px&quot;,&quot;size&quot;:10,&quot;sizes&quot;:[]}}\" data-widget_type=\"media-carousel.default\">\n\t\t\t\t<div class=\"elementor-widget-container\">\n\t\t\t<link rel=\"stylesheet\" href=\"https:\/\/nmevents.se\/nordicgrocerystoreexpo\/wp-content\/plugins\/elementor-pro\/assets\/css\/widget-carousel.min.css\">\t\t<div class=\"elementor-swiper\">\n\t\t\t<div class=\"elementor-main-swiper swiper\">\n\t\t\t\t<div class=\"swiper-wrapper\">\n\t\t\t\t\t\t\t\t\t\t\t<div class=\"swiper-slide\">\n\t\t\t\t\t\t\t\t\t<div class=\"elementor-carousel-image\" role=\"img\" aria-label=\"IMG_7773\" style=\"background-image: url(&#039;https:\/\/nmevents.se\/nordicgrocerystoreexpo\/wp-content\/uploads\/sites\/40\/2024\/10\/IMG_7773.jpeg&#039;)\">\n\n\t\t\t\n\t\t\t\t\t<\/div>\n\t\t\t\t\t\t\t\t<\/div>\n\t\t\t\t\t\t\t\t\t\t\t<div class=\"swiper-slide\">\n\t\t\t\t\t\t\t\t\t<div class=\"elementor-carousel-image\" role=\"img\" aria-label=\"IMG_7937\" style=\"background-image: url(&#039;https:\/\/nmevents.se\/nordicgrocerystoreexpo\/wp-content\/uploads\/sites\/40\/2024\/10\/IMG_7937.jpeg&#039;)\">\n\n\t\t\t\n\t\t\t\t\t<\/div>\n\t\t\t\t\t\t\t\t<\/div>\n\t\t\t\t\t\t\t\t\t\t\t<div class=\"swiper-slide\">\n\t\t\t\t\t\t\t\t\t<div class=\"elementor-carousel-image\" role=\"img\" aria-label=\"4\" style=\"background-image: url(&#039;https:\/\/nmevents.se\/nordicgrocerystoreexpo\/wp-content\/uploads\/sites\/40\/2024\/10\/4.jpg&#039;)\">\n\n\t\t\t\n\t\t\t\t\t<\/div>\n\t\t\t\t\t\t\t\t<\/div>\n\t\t\t\t\t\t\t\t\t\t\t<div class=\"swiper-slide\">\n\t\t\t\t\t\t\t\t\t<div class=\"elementor-carousel-image\" role=\"img\" aria-label=\"Databricks-Workman-Event-monterdesign-7\" style=\"background-image: url(&#039;https:\/\/nmevents.se\/nordicgrocerystoreexpo\/wp-content\/uploads\/sites\/40\/2024\/10\/Databricks-Workman-Event-monterdesign-7.jpeg&#039;)\">\n\n\t\t\t\n\t\t\t\t\t<\/div>\n\t\t\t\t\t\t\t\t<\/div>\n\t\t\t\t\t\t\t\t\t\t\t<div class=\"swiper-slide\">\n\t\t\t\t\t\t\t\t\t<div class=\"elementor-carousel-image\" role=\"img\" aria-label=\"IMG_7959\" style=\"background-image: url(&#039;https:\/\/nmevents.se\/nordicgrocerystoreexpo\/wp-content\/uploads\/sites\/40\/2024\/10\/IMG_7959.jpeg&#039;)\">\n\n\t\t\t\n\t\t\t\t\t<\/div>\n\t\t\t\t\t\t\t\t<\/div>\n\t\t\t\t\t\t\t\t\t\t\t<div class=\"swiper-slide\">\n\t\t\t\t\t\t\t\t\t<div class=\"elementor-carousel-image\" role=\"img\" aria-label=\"1\" style=\"background-image: url(&#039;https:\/\/nmevents.se\/nordicgrocerystoreexpo\/wp-content\/uploads\/sites\/40\/2024\/10\/1.jpg&#039;)\">\n\n\t\t\t\n\t\t\t\t\t<\/div>\n\t\t\t\t\t\t\t\t<\/div>\n\t\t\t\t\t\t\t\t\t\t\t<div class=\"swiper-slide\">\n\t\t\t\t\t\t\t\t\t<div class=\"elementor-carousel-image\" role=\"img\" aria-label=\"Lenovo-15\" style=\"background-image: url(&#039;https:\/\/nmevents.se\/nordicgrocerystoreexpo\/wp-content\/uploads\/sites\/40\/2024\/10\/Lenovo-15-1.jpg&#039;)\">\n\n\t\t\t\n\t\t\t\t\t<\/div>\n\t\t\t\t\t\t\t\t<\/div>\n\t\t\t\t\t\t\t\t\t<\/div>\n\t\t\t\t\t\t\t\t\t\t\t\t\t\t\t<div class=\"swiper-pagination\"><\/div>\n\t\t\t\t\t\t\t\t\t\t\t\t\t\t\t\t<div class=\"elementor-swiper-button elementor-swiper-button-prev\" role=\"button\" tabindex=\"0\">\n\t\t\t\t\t\t\t<svg aria-hidden=\"true\" class=\"e-font-icon-svg e-eicon-chevron-left\" viewBox=\"0 0 1000 1000\" xmlns=\"http:\/\/www.w3.org\/2000\/svg\"><path d=\"M646 125C629 125 613 133 604 142L308 442C296 454 292 471 292 487 292 504 296 521 308 533L604 854C617 867 629 875 646 875 663 875 679 871 692 858 704 846 713 829 713 812 713 796 708 779 692 767L438 487 692 225C700 217 708 204 708 187 708 171 704 154 692 142 675 129 663 125 646 125Z\"><\/path><\/svg>\t\t\t\t\t\t\t<span class=\"elementor-screen-only\">F\u00f6reg\u00e5ende<\/span>\n\t\t\t\t\t\t<\/div>\n\t\t\t\t\t\t<div class=\"elementor-swiper-button elementor-swiper-button-next\" role=\"button\" tabindex=\"0\">\n\t\t\t\t\t\t\t<svg aria-hidden=\"true\" class=\"e-font-icon-svg e-eicon-chevron-right\" viewBox=\"0 0 1000 1000\" xmlns=\"http:\/\/www.w3.org\/2000\/svg\"><path d=\"M696 533C708 521 713 504 713 487 713 471 708 454 696 446L400 146C388 133 375 125 354 125 338 125 325 129 313 142 300 154 292 171 292 187 292 204 296 221 308 233L563 492 304 771C292 783 288 800 288 817 288 833 296 850 308 863 321 871 338 875 354 875 371 875 388 867 400 854L696 533Z\"><\/path><\/svg>\t\t\t\t\t\t\t<span class=\"elementor-screen-only\">N\u00e4sta<\/span>\n\t\t\t\t\t\t<\/div>\n\t\t\t\t\t\t\t\t\t\t\t\t<\/div>\n\t\t<\/div>\n\t\t\t\t<\/div>\n\t\t\t\t<\/div>\n\t\t\t\t\t<\/div>\n\t\t\t\t<\/div>\n\t\t<div class=\"elementor-element elementor-element-fb3195e e-flex e-con-boxed e-con e-parent\" data-id=\"fb3195e\" data-element_type=\"container\" data-core-v316-plus=\"true\">\n\t\t\t\t\t<div class=\"e-con-inner\">\n\t\t\t\t<div class=\"elementor-element elementor-element-4cdb267 elementor-widget elementor-widget-spacer\" data-id=\"4cdb267\" data-element_type=\"widget\" data-widget_type=\"spacer.default\">\n\t\t\t\t<div class=\"elementor-widget-container\">\n\t\t\t<style>\/*! elementor - v3.20.0 - 20-03-2024 *\/\n.elementor-column .elementor-spacer-inner{height:var(--spacer-size)}.e-con{--container-widget-width:100%}.e-con-inner>.elementor-widget-spacer,.e-con>.elementor-widget-spacer{width:var(--container-widget-width,var(--spacer-size));--align-self:var(--container-widget-align-self,initial);--flex-shrink:0}.e-con-inner>.elementor-widget-spacer>.elementor-widget-container,.e-con>.elementor-widget-spacer>.elementor-widget-container{height:100%;width:100%}.e-con-inner>.elementor-widget-spacer>.elementor-widget-container>.elementor-spacer,.e-con>.elementor-widget-spacer>.elementor-widget-container>.elementor-spacer{height:100%}.e-con-inner>.elementor-widget-spacer>.elementor-widget-container>.elementor-spacer>.elementor-spacer-inner,.e-con>.elementor-widget-spacer>.elementor-widget-container>.elementor-spacer>.elementor-spacer-inner{height:var(--container-widget-height,var(--spacer-size))}.e-con-inner>.elementor-widget-spacer.elementor-widget-empty,.e-con>.elementor-widget-spacer.elementor-widget-empty{position:relative;min-height:22px;min-width:22px}.e-con-inner>.elementor-widget-spacer.elementor-widget-empty .elementor-widget-empty-icon,.e-con>.elementor-widget-spacer.elementor-widget-empty .elementor-widget-empty-icon{position:absolute;top:0;bottom:0;left:0;right:0;margin:auto;padding:0;width:22px;height:22px}<\/style>\t\t<div class=\"elementor-spacer\">\n\t\t\t<div class=\"elementor-spacer-inner\"><\/div>\n\t\t<\/div>\n\t\t\t\t<\/div>\n\t\t\t\t<\/div>\n\t\t\t\t\t<\/div>\n\t\t\t\t<\/div>\n\t\t<div class=\"elementor-element elementor-element-efa0388 e-flex e-con-boxed e-con e-parent\" data-id=\"efa0388\" data-element_type=\"container\" data-core-v316-plus=\"true\">\n\t\t\t\t\t<div class=\"e-con-inner\">\n\t\t<div class=\"elementor-element elementor-element-b588be7 e-con-full e-flex e-con e-child\" data-id=\"b588be7\" data-element_type=\"container\">\n\t\t\t\t<div class=\"elementor-element elementor-element-3c9acab elementor-widget elementor-widget-heading\" data-id=\"3c9acab\" data-element_type=\"widget\" data-widget_type=\"heading.default\">\n\t\t\t\t<div class=\"elementor-widget-container\">\n\t\t\t<style>\/*! elementor - v3.20.0 - 20-03-2024 *\/\n.elementor-heading-title{padding:0;margin:0;line-height:1}.elementor-widget-heading .elementor-heading-title[class*=elementor-size-]>a{color:inherit;font-size:inherit;line-height:inherit}.elementor-widget-heading .elementor-heading-title.elementor-size-small{font-size:15px}.elementor-widget-heading .elementor-heading-title.elementor-size-medium{font-size:19px}.elementor-widget-heading .elementor-heading-title.elementor-size-large{font-size:29px}.elementor-widget-heading .elementor-heading-title.elementor-size-xl{font-size:39px}.elementor-widget-heading .elementor-heading-title.elementor-size-xxl{font-size:59px}<\/style><h1 class=\"elementor-heading-title elementor-size-default\">F\u00f6r bes\u00f6kare<\/h1>\t\t<\/div>\n\t\t\t\t<\/div>\n\t\t\t\t<div class=\"elementor-element elementor-element-e523010 elementor-widget elementor-widget-text-editor\" data-id=\"e523010\" data-element_type=\"widget\" data-widget_type=\"text-editor.default\">\n\t\t\t\t<div class=\"elementor-widget-container\">\n\t\t\t<style>\/*! elementor - v3.20.0 - 20-03-2024 *\/\n.elementor-widget-text-editor.elementor-drop-cap-view-stacked .elementor-drop-cap{background-color:#69727d;color:#fff}.elementor-widget-text-editor.elementor-drop-cap-view-framed .elementor-drop-cap{color:#69727d;border:3px solid;background-color:transparent}.elementor-widget-text-editor:not(.elementor-drop-cap-view-default) .elementor-drop-cap{margin-top:8px}.elementor-widget-text-editor:not(.elementor-drop-cap-view-default) .elementor-drop-cap-letter{width:1em;height:1em}.elementor-widget-text-editor .elementor-drop-cap{float:left;text-align:center;line-height:1;font-size:50px}.elementor-widget-text-editor .elementor-drop-cap-letter{display:inline-block}<\/style>\t\t\t\t<p>Allt under ett tak<\/p>\t\t\t\t\t\t<\/div>\n\t\t\t\t<\/div>\n\t\t\t\t<div class=\"elementor-element elementor-element-44fb167 elementor-widget elementor-widget-text-editor\" data-id=\"44fb167\" data-element_type=\"widget\" data-widget_type=\"text-editor.default\">\n\t\t\t\t<div class=\"elementor-widget-container\">\n\t\t\t\t\t\t\t<p><span class=\"elementor-icon-list-text\">Nordic Grocery Store Expo \u00e4r den f\u00f6rsta nischade m\u00e4ssan inom dagligvaruhandeln i Norden.\u00a0 Syftet \u00e4r att skapa en m\u00f6tesplats f\u00f6r branschen d\u00e4r leverant\u00f6rer f\u00e5r m\u00f6jlighet att presentera och visa det senast i branschen. Som bes\u00f6kare hittar du allt du beh\u00f6ver f\u00f6r\u00a0 din livsmedelsbutik.\u00a0<\/span><\/p><p><strong>P\u00e5 m\u00e4ssgolvet<br \/><\/strong>H\u00e4r presenteras det mesta som \u00e4r v\u00e4rt att se och l\u00e4ra om nya produkter, tj\u00e4nster och innovationer.\u00a0<\/p>\t\t\t\t\t\t<\/div>\n\t\t\t\t<\/div>\n\t\t\t\t<div class=\"elementor-element elementor-element-b8715c5 elementor-widget elementor-widget-image\" data-id=\"b8715c5\" data-element_type=\"widget\" data-widget_type=\"image.default\">\n\t\t\t\t<div class=\"elementor-widget-container\">\n\t\t\t<style>\/*! elementor - v3.20.0 - 20-03-2024 *\/\n.elementor-widget-image{text-align:center}.elementor-widget-image a{display:inline-block}.elementor-widget-image a img[src$=\".svg\"]{width:48px}.elementor-widget-image img{vertical-align:middle;display:inline-block}<\/style>\t\t\t\t\t\t\t\t\t\t\t<a href=\"https:\/\/www.trippus.se\/web\/registration\/registration.aspx?view=registration&#038;idcategory=AB0ILBAzHJY49SCkKSh4w3IxVAS5hLt-l-loXalaNQOYXUAOPsWFJi1HAngEROAn2OiHeepL7wzN&#038;ln=swe\" target=\"_blank\">\n\t\t\t\t\t\t\t<img fetchpriority=\"high\" decoding=\"async\" width=\"417\" height=\"169\" src=\"https:\/\/nmevents.se\/nordicgrocerystoreexpo\/wp-content\/uploads\/sites\/40\/2025\/01\/NSGE25_knappar_besokare-anmal-bla.png\" class=\"attachment-large size-large wp-image-2046\" alt=\"\" srcset=\"https:\/\/nmevents.se\/nordicgrocerystoreexpo\/wp-content\/uploads\/sites\/40\/2025\/01\/NSGE25_knappar_besokare-anmal-bla.png 417w, https:\/\/nmevents.se\/nordicgrocerystoreexpo\/wp-content\/uploads\/sites\/40\/2025\/01\/NSGE25_knappar_besokare-anmal-bla-300x122.png 300w\" sizes=\"(max-width: 417px) 100vw, 417px\" \/>\t\t\t\t\t\t\t\t<\/a>\n\t\t\t\t\t\t\t\t\t\t\t\t\t<\/div>\n\t\t\t\t<\/div>\n\t\t\t\t<div class=\"elementor-element elementor-element-84d23a9 elementor-widget elementor-widget-text-editor\" data-id=\"84d23a9\" data-element_type=\"widget\" data-widget_type=\"text-editor.default\">\n\t\t\t\t<div class=\"elementor-widget-container\">\n\t\t\t\t\t\t\t<p><strong>Bubbelscenen powered by Dagligvarudagen<br \/><\/strong>Parallellt med m\u00e4ssan arrangeras Dagligvarudagen mitt p\u00e5 m\u00e4ssgolvet med ett varierat program som ger dig m\u00f6jlighet till fortbildning och inspiration. Vi varvar talare fr\u00e5n branschen med panelsamtal och prisutdelning i regionfinaler och utvalda kategorier som koras i Dagligvarugalans namn.<\/p>\t\t\t\t\t\t<\/div>\n\t\t\t\t<\/div>\n\t\t\t\t<div class=\"elementor-element elementor-element-71ac116 elementor-widget elementor-widget-image\" data-id=\"71ac116\" data-element_type=\"widget\" data-widget_type=\"image.default\">\n\t\t\t\t<div class=\"elementor-widget-container\">\n\t\t\t\t\t\t\t\t\t\t\t\t\t\t<a href=\"https:\/\/www.trippus.net\/M\u00e4ssbes\u00f6kare_NGSE_2026\" target=\"_blank\">\n\t\t\t\t\t\t\t<img decoding=\"async\" width=\"800\" height=\"184\" src=\"https:\/\/nmevents.se\/nordicgrocerystoreexpo\/wp-content\/uploads\/sites\/40\/2025\/03\/DVD25_Knapp_Svealand-besokare-1024x235.png\" class=\"attachment-large size-large wp-image-2500\" alt=\"\" srcset=\"https:\/\/nmevents.se\/nordicgrocerystoreexpo\/wp-content\/uploads\/sites\/40\/2025\/03\/DVD25_Knapp_Svealand-besokare-1024x235.png 1024w, https:\/\/nmevents.se\/nordicgrocerystoreexpo\/wp-content\/uploads\/sites\/40\/2025\/03\/DVD25_Knapp_Svealand-besokare-300x69.png 300w, https:\/\/nmevents.se\/nordicgrocerystoreexpo\/wp-content\/uploads\/sites\/40\/2025\/03\/DVD25_Knapp_Svealand-besokare-768x176.png 768w, https:\/\/nmevents.se\/nordicgrocerystoreexpo\/wp-content\/uploads\/sites\/40\/2025\/03\/DVD25_Knapp_Svealand-besokare-1536x352.png 1536w, https:\/\/nmevents.se\/nordicgrocerystoreexpo\/wp-content\/uploads\/sites\/40\/2025\/03\/DVD25_Knapp_Svealand-besokare-2048x469.png 2048w\" sizes=\"(max-width: 800px) 100vw, 800px\" \/>\t\t\t\t\t\t\t\t<\/a>\n\t\t\t\t\t\t\t\t\t\t\t\t\t<\/div>\n\t\t\t\t<\/div>\n\t\t\t\t<div class=\"elementor-element elementor-element-b042392 elementor-widget elementor-widget-text-editor\" data-id=\"b042392\" data-element_type=\"widget\" data-widget_type=\"text-editor.default\">\n\t\t\t\t<div class=\"elementor-widget-container\">\n\t\t\t\t\t\t\t<p><strong>Varmt v\u00e4lkommen till nordens enda nischade m\u00e4ssa f\u00f6r dagligvarubranschen!<\/strong><\/p>\t\t\t\t\t\t<\/div>\n\t\t\t\t<\/div>\n\t\t\t\t<\/div>\n\t\t\t\t<div class=\"elementor-element elementor-element-dd0420e elementor-widget elementor-widget-spacer\" data-id=\"dd0420e\" data-element_type=\"widget\" data-widget_type=\"spacer.default\">\n\t\t\t\t<div class=\"elementor-widget-container\">\n\t\t\t\t\t<div class=\"elementor-spacer\">\n\t\t\t<div class=\"elementor-spacer-inner\"><\/div>\n\t\t<\/div>\n\t\t\t\t<\/div>\n\t\t\t\t<\/div>\n\t\t<div class=\"elementor-element elementor-element-31e9970 e-con-full e-flex e-con e-child\" data-id=\"31e9970\" data-element_type=\"container\" data-settings=\"{&quot;background_background&quot;:&quot;gradient&quot;}\">\n\t\t\t\t<div class=\"elementor-element elementor-element-4adcd8d elementor-widget elementor-widget-spacer\" data-id=\"4adcd8d\" data-element_type=\"widget\" data-widget_type=\"spacer.default\">\n\t\t\t\t<div class=\"elementor-widget-container\">\n\t\t\t\t\t<div class=\"elementor-spacer\">\n\t\t\t<div class=\"elementor-spacer-inner\"><\/div>\n\t\t<\/div>\n\t\t\t\t<\/div>\n\t\t\t\t<\/div>\n\t\t\t\t<div class=\"elementor-element elementor-element-885e4f0 elementor-widget elementor-widget-heading\" data-id=\"885e4f0\" data-element_type=\"widget\" data-widget_type=\"heading.default\">\n\t\t\t\t<div class=\"elementor-widget-container\">\n\t\t\t<h1 class=\"elementor-heading-title elementor-size-default\">Praktisk information<\/h1>\t\t<\/div>\n\t\t\t\t<\/div>\n\t\t\t\t<div class=\"elementor-element elementor-element-98ad738 elementor-widget elementor-widget-spacer\" data-id=\"98ad738\" data-element_type=\"widget\" data-widget_type=\"spacer.default\">\n\t\t\t\t<div class=\"elementor-widget-container\">\n\t\t\t\t\t<div class=\"elementor-spacer\">\n\t\t\t<div class=\"elementor-spacer-inner\"><\/div>\n\t\t<\/div>\n\t\t\t\t<\/div>\n\t\t\t\t<\/div>\n\t\t\t\t<div class=\"elementor-element elementor-element-9a7d71b elementor-widget elementor-widget-text-editor\" data-id=\"9a7d71b\" data-element_type=\"widget\" data-widget_type=\"text-editor.default\">\n\t\t\t\t<div class=\"elementor-widget-container\">\n\t\t\t\t\t\t\t<h3><strong>\u00d6ppettider<\/strong><\/h3><ul><li><b>Tisdag 6 oktober<br \/><\/b>Registreringen \u00f6ppnar kl. 10.30<br \/>M\u00e4ssan \u00f6ppen Kl. 11.00 &#8211; 16.00<br \/>Kl. 16.00 &#8211; 16.30 Prisutdelning p\u00e5 Bubbelscenen i kategorierna \u00c5rets Hemmakontor, \u00c5rets Klippbutik och \u00c5rets Butiksinredning.<strong>\u00a0<\/strong>\u00a0Efterf\u00f6ljande mingel till 18.00. D\u00e4refter middag i Riddaresalen f\u00f6r de som anm\u00e4lt sig.<\/li><li><b>Onsdag 7 oktober<br \/><\/b>Registreringen \u00f6ppnar kl. 10.30<br \/>M\u00e4ssan \u00f6ppnar kl. 11.00 &#8211; 16.00<br \/>Kl. 15.00 Prisutdelning i regionfinalerna \u00c5rets Butik, \u00c5rets Delidisk och \u00c5rets \u00c4ggavdelning p\u00e5 Bubbelscenen.<br \/><br \/>M\u00e4ssan \u00e4r kostnadsfri att bes\u00f6ka men gl\u00f6m inte att f\u00f6rregistrera ditt bes\u00f6k och ta ut din entr\u00e9biljett och ta med den till m\u00e4ssan. Du kan skriva ut den eller ha den i din telefon. P\u00e5 plats s\u00e5 scannar vi din kod p\u00e5 biljetten och din namnbricka skrivs ut.<\/li><\/ul>\t\t\t\t\t\t<\/div>\n\t\t\t\t<\/div>\n\t\t\t\t<div class=\"elementor-element elementor-element-eeb085a elementor-widget elementor-widget-text-editor\" data-id=\"eeb085a\" data-element_type=\"widget\" data-widget_type=\"text-editor.default\">\n\t\t\t\t<div class=\"elementor-widget-container\">\n\t\t\t\t\t\t\t<h3><strong>Hitta hit<\/strong><\/h3><p data-pm-slice=\"0 0 []\">M\u00fcnchenbryggeriet ligger centralt p\u00e5 S\u00f6dermalm i Stockholm och \u00e4r ett av stadens mest v\u00e4lk\u00e4nda landm\u00e4rken. Hit tar du dig enkelt med alla kommunikationer, vilket g\u00f6r M\u00fcnchenbryggeriet Event &amp; Konferens till en l\u00e4ttillg\u00e4nglig och sj\u00e4lvklar plats f\u00f6r m\u00f6ten, konferenser och fest.<\/p><p>N\u00e4rmaste bussh\u00e5llplats \u00e4r \u201cM\u00fcnchenbryggeriet\u201d, och n\u00e4rmaste tunnelbanestation \u00e4r Mariatorget, uppg\u00e5ng Torkel Knutssonsgatan<\/p>\t\t\t\t\t\t<\/div>\n\t\t\t\t<\/div>\n\t\t\t\t<div class=\"elementor-element elementor-element-59d4dd5 elementor-widget elementor-widget-text-editor\" data-id=\"59d4dd5\" data-element_type=\"widget\" data-widget_type=\"text-editor.default\">\n\t\t\t\t<div class=\"elementor-widget-container\">\n\t\t\t\t\t\t\t<h3><strong>Boende<br \/><\/strong><\/h3><p>Vi samarbetar med <strong><a href=\"https:\/\/www.hilton.com\/en\/hotels\/stoslhi-hilton-stockholm-slussen\/?SEO_id=GMB-EMEA-HI-STOSLHI\">Hilton Slussen\u00a0<\/a><\/strong><\/p><p>Som bes\u00f6kare p\u00e5 p\u00e5 m\u00e4ssan\u00a0<\/p>\t\t\t\t\t\t<\/div>\n\t\t\t\t<\/div>\n\t\t\t\t<div class=\"elementor-element elementor-element-a51720f elementor-widget elementor-widget-text-editor\" data-id=\"a51720f\" data-element_type=\"widget\" data-widget_type=\"text-editor.default\">\n\t\t\t\t<div class=\"elementor-widget-container\">\n\t\t\t\t\t\t\t<p><strong>Adress:<\/strong> Ellenviksv\u00e4gen 1, 131 52 Nacka Strand, Sweden<\/p>\t\t\t\t\t\t<\/div>\n\t\t\t\t<\/div>\n\t\t\t\t<\/div>\n\t\t\t\t\t<\/div>\n\t\t\t\t<\/div>\n\t\t\t\t<\/div>\n\t\t","protected":false},"excerpt":{"rendered":"<p>F\u00f6reg\u00e5ende N\u00e4sta F\u00f6r bes\u00f6kare Allt under ett tak Nordic Grocery Store Expo \u00e4r den f\u00f6rsta nischade m\u00e4ssan inom dagligvaruhandeln i Norden.\u00a0 Syftet \u00e4r att skapa en m\u00f6tesplats f\u00f6r branschen d\u00e4r leverant\u00f6rer f\u00e5r m\u00f6jlighet att presentera och visa det senast i branschen. Som bes\u00f6kare hittar du allt du beh\u00f6ver f\u00f6r\u00a0 din livsmedelsbutik.\u00a0 P\u00e5 m\u00e4ssgolvetH\u00e4r presenteras det [&hellip;]<\/p>\n","protected":false},"author":1,"featured_media":0,"parent":0,"menu_order":0,"comment_status":"closed","ping_status":"closed","template":"elementor_header_footer","meta":{"_acf_changed":false,"footnotes":""},"acf":[],"_links":{"self":[{"href":"https:\/\/nmevents.se\/nordicgrocerystoreexpo\/wp-json\/wp\/v2\/pages\/203"}],"collection":[{"href":"https:\/\/nmevents.se\/nordicgrocerystoreexpo\/wp-json\/wp\/v2\/pages"}],"about":[{"href":"https:\/\/nmevents.se\/nordicgrocerystoreexpo\/wp-json\/wp\/v2\/types\/page"}],"author":[{"embeddable":true,"href":"https:\/\/nmevents.se\/nordicgrocerystoreexpo\/wp-json\/wp\/v2\/users\/1"}],"replies":[{"embeddable":true,"href":"https:\/\/nmevents.se\/nordicgrocerystoreexpo\/wp-json\/wp\/v2\/comments?post=203"}],"version-history":[{"count":132,"href":"https:\/\/nmevents.se\/nordicgrocerystoreexpo\/wp-json\/wp\/v2\/pages\/203\/revisions"}],"predecessor-version":[{"id":3405,"href":"https:\/\/nmevents.se\/nordicgrocerystoreexpo\/wp-json\/wp\/v2\/pages\/203\/revisions\/3405"}],"wp:attachment":[{"href":"https:\/\/nmevents.se\/nordicgrocerystoreexpo\/wp-json\/wp\/v2\/media?parent=203"}],"curies":[{"name":"wp","href":"https:\/\/api.w.org\/{rel}","templated":true}]}}