{"id":205,"date":"2023-11-08T13:46:21","date_gmt":"2023-11-08T11:46:21","guid":{"rendered":"https:\/\/eventdk.nordiske-medier.dk\/clean-facility\/?page_id=205"},"modified":"2025-06-16T10:41:56","modified_gmt":"2025-06-16T08:41:56","slug":"utstallare","status":"publish","type":"page","link":"https:\/\/nmevents.se\/nordicgrocerystoreexpo\/utstallare\/","title":{"rendered":"Utst\u00e4llare"},"content":{"rendered":"\t\t<div data-elementor-type=\"wp-page\" data-elementor-id=\"205\" class=\"elementor elementor-205\" data-elementor-post-type=\"page\">\n\t\t\t\t<div class=\"elementor-element elementor-element-4703815 e-flex e-con-boxed e-con e-parent\" data-id=\"4703815\" data-element_type=\"container\" data-core-v316-plus=\"true\">\n\t\t\t\t\t<div class=\"e-con-inner\">\n\t\t\t\t<div class=\"elementor-element elementor-element-b2464f3 elementor-widget elementor-widget-spacer\" data-id=\"b2464f3\" data-element_type=\"widget\" data-widget_type=\"spacer.default\">\n\t\t\t\t<div class=\"elementor-widget-container\">\n\t\t\t<style>\/*! elementor - v3.20.0 - 20-03-2024 *\/\n.elementor-column .elementor-spacer-inner{height:var(--spacer-size)}.e-con{--container-widget-width:100%}.e-con-inner>.elementor-widget-spacer,.e-con>.elementor-widget-spacer{width:var(--container-widget-width,var(--spacer-size));--align-self:var(--container-widget-align-self,initial);--flex-shrink:0}.e-con-inner>.elementor-widget-spacer>.elementor-widget-container,.e-con>.elementor-widget-spacer>.elementor-widget-container{height:100%;width:100%}.e-con-inner>.elementor-widget-spacer>.elementor-widget-container>.elementor-spacer,.e-con>.elementor-widget-spacer>.elementor-widget-container>.elementor-spacer{height:100%}.e-con-inner>.elementor-widget-spacer>.elementor-widget-container>.elementor-spacer>.elementor-spacer-inner,.e-con>.elementor-widget-spacer>.elementor-widget-container>.elementor-spacer>.elementor-spacer-inner{height:var(--container-widget-height,var(--spacer-size))}.e-con-inner>.elementor-widget-spacer.elementor-widget-empty,.e-con>.elementor-widget-spacer.elementor-widget-empty{position:relative;min-height:22px;min-width:22px}.e-con-inner>.elementor-widget-spacer.elementor-widget-empty .elementor-widget-empty-icon,.e-con>.elementor-widget-spacer.elementor-widget-empty .elementor-widget-empty-icon{position:absolute;top:0;bottom:0;left:0;right:0;margin:auto;padding:0;width:22px;height:22px}<\/style>\t\t<div class=\"elementor-spacer\">\n\t\t\t<div class=\"elementor-spacer-inner\"><\/div>\n\t\t<\/div>\n\t\t\t\t<\/div>\n\t\t\t\t<\/div>\n\t\t\t\t\t<\/div>\n\t\t\t\t<\/div>\n\t\t<div class=\"elementor-element elementor-element-280467b e-flex e-con-boxed e-con e-parent\" data-id=\"280467b\" data-element_type=\"container\" data-core-v316-plus=\"true\">\n\t\t\t\t\t<div class=\"e-con-inner\">\n\t\t<div class=\"elementor-element elementor-element-5319a0d e-con-full e-flex e-con e-child\" data-id=\"5319a0d\" data-element_type=\"container\">\n\t\t\t\t<div class=\"elementor-element elementor-element-5d148a3 elementor-widget elementor-widget-text-editor\" data-id=\"5d148a3\" data-element_type=\"widget\" data-widget_type=\"text-editor.default\">\n\t\t\t\t<div class=\"elementor-widget-container\">\n\t\t\t<style>\/*! elementor - v3.20.0 - 20-03-2024 *\/\n.elementor-widget-text-editor.elementor-drop-cap-view-stacked .elementor-drop-cap{background-color:#69727d;color:#fff}.elementor-widget-text-editor.elementor-drop-cap-view-framed .elementor-drop-cap{color:#69727d;border:3px solid;background-color:transparent}.elementor-widget-text-editor:not(.elementor-drop-cap-view-default) .elementor-drop-cap{margin-top:8px}.elementor-widget-text-editor:not(.elementor-drop-cap-view-default) .elementor-drop-cap-letter{width:1em;height:1em}.elementor-widget-text-editor .elementor-drop-cap{float:left;text-align:center;line-height:1;font-size:50px}.elementor-widget-text-editor .elementor-drop-cap-letter{display:inline-block}<\/style>\t\t\t\t<p>\u00c4r du leverant\u00f6r till branschen?<strong><br \/><\/strong><\/p>\t\t\t\t\t\t<\/div>\n\t\t\t\t<\/div>\n\t\t\t\t<div class=\"elementor-element elementor-element-c2ef7ac elementor-widget elementor-widget-text-editor\" data-id=\"c2ef7ac\" data-element_type=\"widget\" data-widget_type=\"text-editor.default\">\n\t\t\t\t<div class=\"elementor-widget-container\">\n\t\t\t\t\t\t\t<p>D\u00e5 \u00e4r detta platsen f\u00f6r dig!<\/p>\t\t\t\t\t\t<\/div>\n\t\t\t\t<\/div>\n\t\t\t\t<div class=\"elementor-element elementor-element-83860e9 elementor-widget__width-initial elementor-widget elementor-widget-text-editor\" data-id=\"83860e9\" data-element_type=\"widget\" data-widget_type=\"text-editor.default\">\n\t\t\t\t<div class=\"elementor-widget-container\">\n\t\t\t\t\t\t\t<p><span data-teams=\"true\"><span class=\"ui-provider a b c d e f g h i j k l m n o p q r s t u v w x y z ab ac ae af ag ah ai aj ak\" dir=\"ltr\"><strong>Som utst\u00e4llare p\u00e5 Nordic Grocery Store Expo f\u00e5r du m\u00f6jligheten att visa upp dina produkter f\u00f6r en engagerad och relevant m\u00e5lgrupp, skapa nya kontakter och st\u00e4rka ditt varum\u00e4rke i branschen.<\/strong><\/span><\/span><\/p><div class=\"group\/conversation-turn relative flex w-full min-w-0 flex-col agent-turn\"><div class=\"flex-col gap-1 md:gap-3\"><div class=\"flex max-w-full flex-col flex-grow\"><div class=\"min-h-8 text-message flex w-full flex-col items-end gap-2 whitespace-normal break-words [.text-message+&amp;]:mt-5\" dir=\"auto\" data-message-author-role=\"assistant\" data-message-id=\"97e8531d-1b98-4456-97ba-4e7ca8161eb3\" data-message-model-slug=\"gpt-4o\"><div class=\"flex w-full flex-col gap-1 empty:hidden first:pt-[3px]\"><div class=\"markdown prose w-full break-words dark:prose-invert light\"><p>Delta p\u00e5 en arena d\u00e4r dagligvaruhandeln st\u00e5r i centrum och m\u00f6t en k\u00f6pstark, beslutsfattande m\u00e5lgrupp genom bransch\u00f6verskridande m\u00f6ten. Som utst\u00e4llare f\u00e5r ni m\u00f6jlighet att f\u00f6rst\u00e4rka ert varum\u00e4rke och bef\u00e4sta er marknadsposition. Belys ert budskap f\u00f6re, under och efter Nordic Grocery Store Expo genom v\u00e5r mediekanal Fri K\u00f6penskap, och n\u00e5 ut till r\u00e4tt publik vid r\u00e4tt tillf\u00e4lle.<\/p><\/div><\/div><\/div><\/div><\/div><\/div><p><span style=\"text-align: var(--text-align)\">Det finns olika s\u00e4tt att synas under Nordic Grocery Store Expo och vi skr\u00e4ddarsyr g\u00e4rna ditt <\/span><span style=\"text-align: var(--text-align)\">partnerskap efter dina behov och m\u00e5l. <\/span>Vi erbjuder allt fr\u00e5n utst\u00e4llningsplats till partnerpaket eller talartid.<\/p>\t\t\t\t\t\t<\/div>\n\t\t\t\t<\/div>\n\t\t\t\t<div class=\"elementor-element elementor-element-3836565 elementor-widget elementor-widget-text-editor\" data-id=\"3836565\" data-element_type=\"widget\" data-widget_type=\"text-editor.default\">\n\t\t\t\t<div class=\"elementor-widget-container\">\n\t\t\t\t\t\t\t<p><strong><a href=\"https:\/\/f.nordiskemedier.dk\/22uuz2k86plosj6a.pdf\" target=\"_blank\" rel=\"noopener\">Utst\u00e4llarinbjudan SE<\/a><\/strong><\/p><p><strong><a href=\"https:\/\/f.nordiskemedier.dk\/2eve73a6u2fkuufa.pdf\" target=\"_blank\" rel=\"noopener\">Utst\u00e4llarinbjudan ENG<\/a><\/strong><\/p><p><strong><a href=\"https:\/\/f.nordiskemedier.dk\/2kiidof1thmum58a.pdf\" target=\"_blank\" rel=\"noopener\">Bokningsvillkor<\/a><\/strong><\/p>\t\t\t\t\t\t<\/div>\n\t\t\t\t<\/div>\n\t\t\t\t<\/div>\n\t\t<div class=\"elementor-element elementor-element-6f91069 e-con-full e-flex e-con e-child\" data-id=\"6f91069\" data-element_type=\"container\">\n\t\t<div class=\"elementor-element elementor-element-7103495 e-con-full e-flex e-con e-child\" data-id=\"7103495\" data-element_type=\"container\">\n\t\t\t\t<div class=\"elementor-element elementor-element-0c43d0b elementor-widget__width-initial elementor-widget elementor-widget-image\" data-id=\"0c43d0b\" data-element_type=\"widget\" data-widget_type=\"image.default\">\n\t\t\t\t<div class=\"elementor-widget-container\">\n\t\t\t<style>\/*! elementor - v3.20.0 - 20-03-2024 *\/\n.elementor-widget-image{text-align:center}.elementor-widget-image a{display:inline-block}.elementor-widget-image a img[src$=\".svg\"]{width:48px}.elementor-widget-image img{vertical-align:middle;display:inline-block}<\/style>\t\t\t\t\t\t\t\t\t\t<img fetchpriority=\"high\" decoding=\"async\" width=\"800\" height=\"887\" src=\"https:\/\/nmevents.se\/nordicgrocerystoreexpo\/wp-content\/uploads\/sites\/40\/2024\/10\/12.jpg\" class=\"attachment-large size-large wp-image-1522\" alt=\"\" srcset=\"https:\/\/nmevents.se\/nordicgrocerystoreexpo\/wp-content\/uploads\/sites\/40\/2024\/10\/12.jpg 800w, https:\/\/nmevents.se\/nordicgrocerystoreexpo\/wp-content\/uploads\/sites\/40\/2024\/10\/12-271x300.jpg 271w, https:\/\/nmevents.se\/nordicgrocerystoreexpo\/wp-content\/uploads\/sites\/40\/2024\/10\/12-768x852.jpg 768w\" sizes=\"(max-width: 800px) 100vw, 800px\" \/>\t\t\t\t\t\t\t\t\t\t\t\t\t<\/div>\n\t\t\t\t<\/div>\n\t\t\t\t<\/div>\n\t\t\t\t<\/div>\n\t\t\t\t\t<\/div>\n\t\t\t\t<\/div>\n\t\t<div class=\"elementor-element elementor-element-a8a74f2 e-flex e-con-boxed e-con e-parent\" data-id=\"a8a74f2\" data-element_type=\"container\" data-core-v316-plus=\"true\">\n\t\t\t\t\t<div class=\"e-con-inner\">\n\t\t\t\t<div class=\"elementor-element elementor-element-3bac593 elementor-widget elementor-widget-spacer\" data-id=\"3bac593\" data-element_type=\"widget\" data-widget_type=\"spacer.default\">\n\t\t\t\t<div class=\"elementor-widget-container\">\n\t\t\t\t\t<div class=\"elementor-spacer\">\n\t\t\t<div class=\"elementor-spacer-inner\"><\/div>\n\t\t<\/div>\n\t\t\t\t<\/div>\n\t\t\t\t<\/div>\n\t\t\t\t\t<\/div>\n\t\t\t\t<\/div>\n\t\t<div class=\"elementor-element elementor-element-af4ea1f e-flex e-con-boxed e-con e-parent\" data-id=\"af4ea1f\" data-element_type=\"container\" data-core-v316-plus=\"true\">\n\t\t\t\t\t<div class=\"e-con-inner\">\n\t\t<div class=\"elementor-element elementor-element-fb2b150 e-con-full e-flex e-con e-child\" data-id=\"fb2b150\" data-element_type=\"container\">\n\t\t\t\t<div class=\"elementor-element elementor-element-71f1c50 elementor-widget elementor-widget-text-editor\" data-id=\"71f1c50\" data-element_type=\"widget\" data-widget_type=\"text-editor.default\">\n\t\t\t\t<div class=\"elementor-widget-container\">\n\t\t\t\t\t\t\t<p>Vill du st\u00e4lla ut p\u00e5 m\u00e4ssan <br \/>eller bli partner? Kontakta:<\/p>\t\t\t\t\t\t<\/div>\n\t\t\t\t<\/div>\n\t\t\t\t<\/div>\n\t\t<div class=\"elementor-element elementor-element-c7b4e59 e-con-full e-flex e-con e-child\" data-id=\"c7b4e59\" data-element_type=\"container\">\n\t\t<div class=\"elementor-element elementor-element-33e5e40 e-con-full e-flex e-con e-child\" data-id=\"33e5e40\" data-element_type=\"container\">\n\t\t\t\t<div class=\"elementor-element elementor-element-5d361c8 elementor-widget elementor-widget-text-editor\" data-id=\"5d361c8\" data-element_type=\"widget\" data-widget_type=\"text-editor.default\">\n\t\t\t\t<div class=\"elementor-widget-container\">\n\t\t\t\t\t\t\t<p><strong>Sales Manager<\/strong><br \/>Hans Roos af Hjelms\u00e4ter<br \/>+46 (0)73 682 53 98<br \/><a title=\"Email Hans Roos af Hjelms\u00e4ter\" href=\"mailto:hansrafh@nordiskemedier.se\">hansrafh@nordiskemedier.se<\/a><\/p><p style=\"background-image: initial; background-position: initial; background-size: initial; background-repeat: initial; background-attachment: initial; background-origin: initial; background-clip: initial;\"><span lang=\"EN-US\" style=\"border: 1pt none windowtext; padding: 0cm;\"><b>Key Account Manager<br \/><\/b>Valdemar Ahlroth<\/span><i><span lang=\"EN-US\" style=\"border: 1pt none windowtext; padding: 0cm;\"><b><br \/><\/b><\/span><\/i>+46 (0)70 769 43 14<br \/><a href=\"mailto:valdemar.ahlroth@nordiskemedier.se\">valdemar.ahlroth@nordiskemedier.se<\/a><\/p><p style=\"background-image: initial; background-position: initial; background-size: initial; background-repeat: initial; background-attachment: initial; background-origin: initial; background-clip: initial;\"><br \/><br \/><\/p>\t\t\t\t\t\t<\/div>\n\t\t\t\t<\/div>\n\t\t\t\t<\/div>\n\t\t\t\t<\/div>\n\t\t\t\t\t<\/div>\n\t\t\t\t<\/div>\n\t\t<div class=\"elementor-element elementor-element-2760012 e-flex e-con-boxed e-con e-parent\" data-id=\"2760012\" data-element_type=\"container\" data-core-v316-plus=\"true\">\n\t\t\t\t\t<div class=\"e-con-inner\">\n\t\t\t\t<div class=\"elementor-element elementor-element-5036599 elementor-widget elementor-widget-spacer\" data-id=\"5036599\" data-element_type=\"widget\" data-widget_type=\"spacer.default\">\n\t\t\t\t<div class=\"elementor-widget-container\">\n\t\t\t\t\t<div class=\"elementor-spacer\">\n\t\t\t<div class=\"elementor-spacer-inner\"><\/div>\n\t\t<\/div>\n\t\t\t\t<\/div>\n\t\t\t\t<\/div>\n\t\t\t\t\t<\/div>\n\t\t\t\t<\/div>\n\t\t<div class=\"elementor-element elementor-element-bca56ea e-flex e-con-boxed e-con e-parent\" data-id=\"bca56ea\" data-element_type=\"container\" data-core-v316-plus=\"true\">\n\t\t\t\t\t<div class=\"e-con-inner\">\n\t\t<div class=\"elementor-element elementor-element-d436010 e-flex e-con-boxed e-con e-child\" data-id=\"d436010\" data-element_type=\"container\">\n\t\t\t\t\t<div class=\"e-con-inner\">\n\t\t<div class=\"elementor-element elementor-element-5b899cc e-con-full e-flex e-con e-child\" data-id=\"5b899cc\" data-element_type=\"container\">\n\t\t\t\t<div class=\"elementor-element elementor-element-b81dae6 elementor-widget elementor-widget-text-editor\" data-id=\"b81dae6\" data-element_type=\"widget\" data-widget_type=\"text-editor.default\">\n\t\t\t\t<div class=\"elementor-widget-container\">\n\t\t\t\t\t\t\t<p><strong>Workman Event<\/strong><\/p>\t\t\t\t\t\t<\/div>\n\t\t\t\t<\/div>\n\t\t\t\t<div class=\"elementor-element elementor-element-6c058d1 elementor-widget elementor-widget-text-editor\" data-id=\"6c058d1\" data-element_type=\"widget\" data-widget_type=\"text-editor.default\">\n\t\t\t\t<div class=\"elementor-widget-container\">\n\t\t\t\t\t\t\t<p><strong>Workman Event \u00e4r en av Skandinaviens ledande helhetsleverant\u00f6rer inom event-, utst\u00e4llnings- och m\u00e4ssproduktion.<\/strong><\/p><p>Som partner erbjuder vi full service med design, projektledning och produktion under ett och samma tak.\u00a0Med flexibilitet och kostnadseffektiva l\u00f6sningar av h\u00f6g kvalit\u00e9 producerar vi m\u00f6tesplatser anpassade efter dig som kund och dina behov!<\/p><p>Oavsett om du beh\u00f6ver en kompakt och effektiv monter eller en imponerande tv\u00e5v\u00e5ningsl\u00f6sning, \u00e4r v\u00e5rt fokus att f\u00f6rverkliga din vision. Hos oss tar vi ansvar f\u00f6r att varje monter, oavsett dess storlek och budget. V\u00e5rt m\u00e5l \u00e4r att erbjuda er en professionell exponering, vare sig det handlar om en stor exponeringsyta eller enskilda exponeringsmaterial.<\/p><p><strong>Se v\u00e5r shop: <a href=\"https:\/\/www.workman.se\/shop-event\/\">workman.se\u00a0<\/a><\/strong><\/p><p><strong>Information om monterdesign: <a href=\"https:\/\/www.workman.se\/monterdesign\/\">workman.se<\/a><\/strong><\/p>\t\t\t\t\t\t<\/div>\n\t\t\t\t<\/div>\n\t\t\t\t<\/div>\n\t\t<div class=\"elementor-element elementor-element-46ff1b2 e-con-full e-flex e-con e-child\" data-id=\"46ff1b2\" data-element_type=\"container\">\n\t\t\t\t<div class=\"elementor-element elementor-element-84a956f elementor-widget elementor-widget-spacer\" data-id=\"84a956f\" data-element_type=\"widget\" data-widget_type=\"spacer.default\">\n\t\t\t\t<div class=\"elementor-widget-container\">\n\t\t\t\t\t<div class=\"elementor-spacer\">\n\t\t\t<div class=\"elementor-spacer-inner\"><\/div>\n\t\t<\/div>\n\t\t\t\t<\/div>\n\t\t\t\t<\/div>\n\t\t\t\t<div class=\"elementor-element elementor-element-573ccf8 elementor-widget elementor-widget-image\" data-id=\"573ccf8\" data-element_type=\"widget\" data-widget_type=\"image.default\">\n\t\t\t\t<div class=\"elementor-widget-container\">\n\t\t\t\t\t\t\t\t\t\t\t\t\t<img decoding=\"async\" width=\"800\" height=\"594\" src=\"https:\/\/nmevents.se\/nordicgrocerystoreexpo\/wp-content\/uploads\/sites\/40\/2024\/10\/wm_logo-svart.png\" class=\"attachment-large size-large wp-image-1574\" alt=\"\" \/>\t\t\t\t\t\t\t\t\t\t\t\t\t<\/div>\n\t\t\t\t<\/div>\n\t\t\t\t<\/div>\n\t\t\t\t\t<\/div>\n\t\t\t\t<\/div>\n\t\t\t\t\t<\/div>\n\t\t\t\t<\/div>\n\t\t\t\t<\/div>\n\t\t","protected":false},"excerpt":{"rendered":"<p>\u00c4r du leverant\u00f6r till branschen? D\u00e5 \u00e4r detta platsen f\u00f6r dig! Som utst\u00e4llare p\u00e5 Nordic Grocery Store Expo f\u00e5r du m\u00f6jligheten att visa upp dina produkter f\u00f6r en engagerad och relevant m\u00e5lgrupp, skapa nya kontakter och st\u00e4rka ditt varum\u00e4rke i branschen. Delta p\u00e5 en arena d\u00e4r dagligvaruhandeln st\u00e5r i centrum och m\u00f6t en k\u00f6pstark, beslutsfattande [&hellip;]<\/p>\n","protected":false},"author":1,"featured_media":0,"parent":0,"menu_order":0,"comment_status":"closed","ping_status":"closed","template":"elementor_header_footer","meta":{"_acf_changed":false,"footnotes":""},"acf":[],"_links":{"self":[{"href":"https:\/\/nmevents.se\/nordicgrocerystoreexpo\/wp-json\/wp\/v2\/pages\/205"}],"collection":[{"href":"https:\/\/nmevents.se\/nordicgrocerystoreexpo\/wp-json\/wp\/v2\/pages"}],"about":[{"href":"https:\/\/nmevents.se\/nordicgrocerystoreexpo\/wp-json\/wp\/v2\/types\/page"}],"author":[{"embeddable":true,"href":"https:\/\/nmevents.se\/nordicgrocerystoreexpo\/wp-json\/wp\/v2\/users\/1"}],"replies":[{"embeddable":true,"href":"https:\/\/nmevents.se\/nordicgrocerystoreexpo\/wp-json\/wp\/v2\/comments?post=205"}],"version-history":[{"count":156,"href":"https:\/\/nmevents.se\/nordicgrocerystoreexpo\/wp-json\/wp\/v2\/pages\/205\/revisions"}],"predecessor-version":[{"id":2747,"href":"https:\/\/nmevents.se\/nordicgrocerystoreexpo\/wp-json\/wp\/v2\/pages\/205\/revisions\/2747"}],"wp:attachment":[{"href":"https:\/\/nmevents.se\/nordicgrocerystoreexpo\/wp-json\/wp\/v2\/media?parent=205"}],"curies":[{"name":"wp","href":"https:\/\/api.w.org\/{rel}","templated":true}]}}