{"id":512,"date":"2023-11-29T12:27:33","date_gmt":"2023-11-29T10:27:33","guid":{"rendered":"https:\/\/eventdk.nordiske-medier.dk\/clean-facility\/?page_id=512"},"modified":"2026-04-24T11:01:37","modified_gmt":"2026-04-24T09:01:37","slug":"hallskiss","status":"publish","type":"page","link":"https:\/\/nmevents.se\/nordicgrocerystoreexpo\/utstallare\/hallskiss\/","title":{"rendered":"Hallskiss"},"content":{"rendered":"\t\t<div data-elementor-type=\"wp-page\" data-elementor-id=\"512\" class=\"elementor elementor-512\" data-elementor-post-type=\"page\">\n\t\t\t\t<div class=\"elementor-element elementor-element-6789b16 e-con-full e-flex e-con e-parent\" data-id=\"6789b16\" data-element_type=\"container\" data-core-v316-plus=\"true\">\n\t\t\t\t<div class=\"elementor-element elementor-element-d907e3a elementor-widget elementor-widget-image-gallery\" data-id=\"d907e3a\" data-element_type=\"widget\" data-widget_type=\"image-gallery.default\">\n\t\t\t\t<div class=\"elementor-widget-container\">\n\t\t\t<style>\/*! elementor - v3.20.0 - 20-03-2024 *\/\n.elementor-image-gallery .gallery-item{display:inline-block;text-align:center;vertical-align:top;width:100%;max-width:100%;margin:0 auto}.elementor-image-gallery .gallery-item img{margin:0 auto}.elementor-image-gallery .gallery-item .gallery-caption{margin:0}.elementor-image-gallery figure img{display:block}.elementor-image-gallery figure figcaption{width:100%}.gallery-spacing-custom .elementor-image-gallery .gallery-icon{padding:0}@media (min-width:768px){.elementor-image-gallery .gallery-columns-2 .gallery-item{max-width:50%}.elementor-image-gallery .gallery-columns-3 .gallery-item{max-width:33.33%}.elementor-image-gallery .gallery-columns-4 .gallery-item{max-width:25%}.elementor-image-gallery .gallery-columns-5 .gallery-item{max-width:20%}.elementor-image-gallery .gallery-columns-6 .gallery-item{max-width:16.666%}.elementor-image-gallery .gallery-columns-7 .gallery-item{max-width:14.28%}.elementor-image-gallery .gallery-columns-8 .gallery-item{max-width:12.5%}.elementor-image-gallery .gallery-columns-9 .gallery-item{max-width:11.11%}.elementor-image-gallery .gallery-columns-10 .gallery-item{max-width:10%}}@media (min-width:480px) and (max-width:767px){.elementor-image-gallery .gallery.gallery-columns-2 .gallery-item,.elementor-image-gallery .gallery.gallery-columns-3 .gallery-item,.elementor-image-gallery .gallery.gallery-columns-4 .gallery-item,.elementor-image-gallery .gallery.gallery-columns-5 .gallery-item,.elementor-image-gallery .gallery.gallery-columns-6 .gallery-item,.elementor-image-gallery .gallery.gallery-columns-7 .gallery-item,.elementor-image-gallery .gallery.gallery-columns-8 .gallery-item,.elementor-image-gallery .gallery.gallery-columns-9 .gallery-item,.elementor-image-gallery .gallery.gallery-columns-10 .gallery-item{max-width:50%}}@media (max-width:479px){.elementor-image-gallery .gallery.gallery-columns-2 .gallery-item,.elementor-image-gallery .gallery.gallery-columns-3 .gallery-item,.elementor-image-gallery .gallery.gallery-columns-4 .gallery-item,.elementor-image-gallery .gallery.gallery-columns-5 .gallery-item,.elementor-image-gallery .gallery.gallery-columns-6 .gallery-item,.elementor-image-gallery .gallery.gallery-columns-7 .gallery-item,.elementor-image-gallery .gallery.gallery-columns-8 .gallery-item,.elementor-image-gallery .gallery.gallery-columns-9 .gallery-item,.elementor-image-gallery .gallery.gallery-columns-10 .gallery-item{max-width:100%}}<\/style>\t\t<div class=\"elementor-image-gallery\">\n\t\t\t<div id='gallery-1' class='gallery galleryid-512 gallery-columns-1 gallery-size-full'><figure class='gallery-item'>\n\t\t\t<div class='gallery-icon landscape'>\n\t\t\t\t<a data-elementor-open-lightbox=\"yes\" data-elementor-lightbox-slideshow=\"d907e3a\" data-elementor-lightbox-title=\"Hallskiss_NGSE_24_April\" data-e-action-hash=\"#elementor-action%3Aaction%3Dlightbox%26settings%3DeyJpZCI6MzUxNywidXJsIjoiaHR0cHM6XC9cL25tZXZlbnRzLnNlXC9ub3JkaWNncm9jZXJ5c3RvcmVleHBvXC93cC1jb250ZW50XC91cGxvYWRzXC9zaXRlc1wvNDBcLzIwMjZcLzA0XC9IYWxsc2tpc3NfTkdTRV8yNF9BcHJpbC0xLnBuZyIsInNsaWRlc2hvdyI6ImQ5MDdlM2EifQ%3D%3D\" href='https:\/\/nmevents.se\/nordicgrocerystoreexpo\/wp-content\/uploads\/sites\/40\/2026\/04\/Hallskiss_NGSE_24_April-1.png'><img fetchpriority=\"high\" decoding=\"async\" width=\"3315\" height=\"2358\" src=\"https:\/\/nmevents.se\/nordicgrocerystoreexpo\/wp-content\/uploads\/sites\/40\/2026\/04\/Hallskiss_NGSE_24_April-1.png\" class=\"attachment-full size-full\" alt=\"\" srcset=\"https:\/\/nmevents.se\/nordicgrocerystoreexpo\/wp-content\/uploads\/sites\/40\/2026\/04\/Hallskiss_NGSE_24_April-1.png 3315w, https:\/\/nmevents.se\/nordicgrocerystoreexpo\/wp-content\/uploads\/sites\/40\/2026\/04\/Hallskiss_NGSE_24_April-1-300x213.png 300w, https:\/\/nmevents.se\/nordicgrocerystoreexpo\/wp-content\/uploads\/sites\/40\/2026\/04\/Hallskiss_NGSE_24_April-1-1024x728.png 1024w, https:\/\/nmevents.se\/nordicgrocerystoreexpo\/wp-content\/uploads\/sites\/40\/2026\/04\/Hallskiss_NGSE_24_April-1-768x546.png 768w, https:\/\/nmevents.se\/nordicgrocerystoreexpo\/wp-content\/uploads\/sites\/40\/2026\/04\/Hallskiss_NGSE_24_April-1-1536x1093.png 1536w, https:\/\/nmevents.se\/nordicgrocerystoreexpo\/wp-content\/uploads\/sites\/40\/2026\/04\/Hallskiss_NGSE_24_April-1-2048x1457.png 2048w\" sizes=\"(max-width: 3315px) 100vw, 3315px\" \/><\/a>\n\t\t\t<\/div><\/figure>\n\t\t<\/div>\n\t\t<\/div>\n\t\t\t\t<\/div>\n\t\t\t\t<\/div>\n\t\t\t\t<\/div>\n\t\t<div class=\"elementor-element elementor-element-f6675c7 e-flex e-con-boxed e-con e-parent\" data-id=\"f6675c7\" data-element_type=\"container\" data-core-v316-plus=\"true\">\n\t\t\t\t\t<div class=\"e-con-inner\">\n\t\t\t\t<div class=\"elementor-element elementor-element-e8b69ab elementor-widget elementor-widget-spacer\" data-id=\"e8b69ab\" data-element_type=\"widget\" data-widget_type=\"spacer.default\">\n\t\t\t\t<div class=\"elementor-widget-container\">\n\t\t\t<style>\/*! elementor - v3.20.0 - 20-03-2024 *\/\n.elementor-column .elementor-spacer-inner{height:var(--spacer-size)}.e-con{--container-widget-width:100%}.e-con-inner>.elementor-widget-spacer,.e-con>.elementor-widget-spacer{width:var(--container-widget-width,var(--spacer-size));--align-self:var(--container-widget-align-self,initial);--flex-shrink:0}.e-con-inner>.elementor-widget-spacer>.elementor-widget-container,.e-con>.elementor-widget-spacer>.elementor-widget-container{height:100%;width:100%}.e-con-inner>.elementor-widget-spacer>.elementor-widget-container>.elementor-spacer,.e-con>.elementor-widget-spacer>.elementor-widget-container>.elementor-spacer{height:100%}.e-con-inner>.elementor-widget-spacer>.elementor-widget-container>.elementor-spacer>.elementor-spacer-inner,.e-con>.elementor-widget-spacer>.elementor-widget-container>.elementor-spacer>.elementor-spacer-inner{height:var(--container-widget-height,var(--spacer-size))}.e-con-inner>.elementor-widget-spacer.elementor-widget-empty,.e-con>.elementor-widget-spacer.elementor-widget-empty{position:relative;min-height:22px;min-width:22px}.e-con-inner>.elementor-widget-spacer.elementor-widget-empty .elementor-widget-empty-icon,.e-con>.elementor-widget-spacer.elementor-widget-empty .elementor-widget-empty-icon{position:absolute;top:0;bottom:0;left:0;right:0;margin:auto;padding:0;width:22px;height:22px}<\/style>\t\t<div class=\"elementor-spacer\">\n\t\t\t<div class=\"elementor-spacer-inner\"><\/div>\n\t\t<\/div>\n\t\t\t\t<\/div>\n\t\t\t\t<\/div>\n\t\t\t\t\t<\/div>\n\t\t\t\t<\/div>\n\t\t<div class=\"elementor-element elementor-element-9703ada e-flex e-con-boxed e-con e-parent\" data-id=\"9703ada\" data-element_type=\"container\" data-core-v316-plus=\"true\">\n\t\t\t\t\t<div class=\"e-con-inner\">\n\t\t\t\t<div class=\"elementor-element elementor-element-0e759a9 elementor-widget elementor-widget-spacer\" data-id=\"0e759a9\" data-element_type=\"widget\" data-widget_type=\"spacer.default\">\n\t\t\t\t<div class=\"elementor-widget-container\">\n\t\t\t\t\t<div class=\"elementor-spacer\">\n\t\t\t<div class=\"elementor-spacer-inner\"><\/div>\n\t\t<\/div>\n\t\t\t\t<\/div>\n\t\t\t\t<\/div>\n\t\t\t\t\t<\/div>\n\t\t\t\t<\/div>\n\t\t<div class=\"elementor-element elementor-element-a61d3d2 e-flex e-con-boxed e-con e-parent\" data-id=\"a61d3d2\" data-element_type=\"container\" data-core-v316-plus=\"true\">\n\t\t\t\t\t<div class=\"e-con-inner\">\n\t\t\t\t<div class=\"elementor-element elementor-element-36ac34c elementor-widget elementor-widget-text-editor\" data-id=\"36ac34c\" data-element_type=\"widget\" data-widget_type=\"text-editor.default\">\n\t\t\t\t<div class=\"elementor-widget-container\">\n\t\t\t<style>\/*! elementor - v3.20.0 - 20-03-2024 *\/\n.elementor-widget-text-editor.elementor-drop-cap-view-stacked .elementor-drop-cap{background-color:#69727d;color:#fff}.elementor-widget-text-editor.elementor-drop-cap-view-framed .elementor-drop-cap{color:#69727d;border:3px solid;background-color:transparent}.elementor-widget-text-editor:not(.elementor-drop-cap-view-default) .elementor-drop-cap{margin-top:8px}.elementor-widget-text-editor:not(.elementor-drop-cap-view-default) .elementor-drop-cap-letter{width:1em;height:1em}.elementor-widget-text-editor .elementor-drop-cap{float:left;text-align:center;line-height:1;font-size:50px}.elementor-widget-text-editor .elementor-drop-cap-letter{display:inline-block}<\/style>\t\t\t\t<p>Hallskissen uppdateras inom 1-2 dagar vid f\u00f6rs\u00e4ljning, kontakta Tobias eller Alfred s\u00e5 hj\u00e4lper de dig att hitta r\u00e4tt!<\/p>\t\t\t\t\t\t<\/div>\n\t\t\t\t<\/div>\n\t\t\t\t\t<\/div>\n\t\t\t\t<\/div>\n\t\t<div class=\"elementor-element elementor-element-0fa4073 e-flex e-con-boxed e-con e-parent\" data-id=\"0fa4073\" data-element_type=\"container\" data-core-v316-plus=\"true\">\n\t\t\t\t\t<div class=\"e-con-inner\">\n\t\t<div class=\"elementor-element elementor-element-5d78f52 e-con-full e-flex e-con e-child\" data-id=\"5d78f52\" data-element_type=\"container\">\n\t\t\t\t<div class=\"elementor-element elementor-element-da99117 elementor-widget elementor-widget-text-editor\" data-id=\"da99117\" data-element_type=\"widget\" data-widget_type=\"text-editor.default\">\n\t\t\t\t<div class=\"elementor-widget-container\">\n\t\t\t\t\t\t\t<p><strong>Tobias Estlind<\/strong><br \/>Key Account Manager<br \/>073 523 91 15<br \/><a href=\"mailto:tobias.estlind@nordiskemedier.se\">tobias.estlind@nordiskemedier.se<\/a><\/p>\t\t\t\t\t\t<\/div>\n\t\t\t\t<\/div>\n\t\t\t\t<\/div>\n\t\t<div class=\"elementor-element elementor-element-fbf60b2 e-con-full e-flex e-con e-child\" data-id=\"fbf60b2\" data-element_type=\"container\">\n\t\t\t\t<div class=\"elementor-element elementor-element-a8440d1 elementor-widget elementor-widget-text-editor\" data-id=\"a8440d1\" data-element_type=\"widget\" data-widget_type=\"text-editor.default\">\n\t\t\t\t<div class=\"elementor-widget-container\">\n\t\t\t\t\t\t\t<p><strong>Alfred Dahlgren Antelius<\/strong><br \/>Account Manager<br \/>072 326 10 55<br \/><a href=\"mailto:alfred.antelius@nordiskemedier.se\">alfred.antelius@nordiskemedier.se<\/a><\/p>\t\t\t\t\t\t<\/div>\n\t\t\t\t<\/div>\n\t\t\t\t<\/div>\n\t\t\t\t\t<\/div>\n\t\t\t\t<\/div>\n\t\t\t\t<\/div>\n\t\t","protected":false},"excerpt":{"rendered":"<p>Hallskissen uppdateras inom 1-2 dagar vid f\u00f6rs\u00e4ljning, kontakta Tobias eller Alfred s\u00e5 hj\u00e4lper de dig att hitta r\u00e4tt! Tobias EstlindKey Account Manager073 523 91 15tobias.estlind@nordiskemedier.se Alfred Dahlgren AnteliusAccount Manager072 326 10 55alfred.antelius@nordiskemedier.se<\/p>\n","protected":false},"author":1,"featured_media":0,"parent":205,"menu_order":0,"comment_status":"closed","ping_status":"closed","template":"elementor_header_footer","meta":{"_acf_changed":false,"footnotes":""},"acf":[],"_links":{"self":[{"href":"https:\/\/nmevents.se\/nordicgrocerystoreexpo\/wp-json\/wp\/v2\/pages\/512"}],"collection":[{"href":"https:\/\/nmevents.se\/nordicgrocerystoreexpo\/wp-json\/wp\/v2\/pages"}],"about":[{"href":"https:\/\/nmevents.se\/nordicgrocerystoreexpo\/wp-json\/wp\/v2\/types\/page"}],"author":[{"embeddable":true,"href":"https:\/\/nmevents.se\/nordicgrocerystoreexpo\/wp-json\/wp\/v2\/users\/1"}],"replies":[{"embeddable":true,"href":"https:\/\/nmevents.se\/nordicgrocerystoreexpo\/wp-json\/wp\/v2\/comments?post=512"}],"version-history":[{"count":276,"href":"https:\/\/nmevents.se\/nordicgrocerystoreexpo\/wp-json\/wp\/v2\/pages\/512\/revisions"}],"predecessor-version":[{"id":3520,"href":"https:\/\/nmevents.se\/nordicgrocerystoreexpo\/wp-json\/wp\/v2\/pages\/512\/revisions\/3520"}],"up":[{"embeddable":true,"href":"https:\/\/nmevents.se\/nordicgrocerystoreexpo\/wp-json\/wp\/v2\/pages\/205"}],"wp:attachment":[{"href":"https:\/\/nmevents.se\/nordicgrocerystoreexpo\/wp-json\/wp\/v2\/media?parent=512"}],"curies":[{"name":"wp","href":"https:\/\/api.w.org\/{rel}","templated":true}]}}