{"id":1499,"date":"2025-04-23T15:21:34","date_gmt":"2025-04-23T13:21:34","guid":{"rendered":"https:\/\/nmevents.se\/packpointnordic-malmo\/?page_id=1499"},"modified":"2025-06-26T14:07:06","modified_gmt":"2025-06-26T12:07:06","slug":"kontakt-2","status":"publish","type":"page","link":"https:\/\/nmevents.se\/packpointnordic-malmo\/kontakt-2\/","title":{"rendered":"Kontakt"},"content":{"rendered":"\t\t<div data-elementor-type=\"wp-page\" data-elementor-id=\"1499\" class=\"elementor elementor-1499\" data-elementor-post-type=\"page\">\n\t\t\t\t<div class=\"elementor-element elementor-element-a0f923e e-flex e-con-boxed e-con e-parent\" data-id=\"a0f923e\" data-element_type=\"container\" data-core-v316-plus=\"true\">\n\t\t\t\t\t<div class=\"e-con-inner\">\n\t\t\t\t<div class=\"elementor-element elementor-element-5221a08 elementor-widget elementor-widget-spacer\" data-id=\"5221a08\" data-element_type=\"widget\" data-widget_type=\"spacer.default\">\n\t\t\t\t<div class=\"elementor-widget-container\">\n\t\t\t<style>\/*! elementor - v3.20.0 - 20-03-2024 *\/\n.elementor-column .elementor-spacer-inner{height:var(--spacer-size)}.e-con{--container-widget-width:100%}.e-con-inner>.elementor-widget-spacer,.e-con>.elementor-widget-spacer{width:var(--container-widget-width,var(--spacer-size));--align-self:var(--container-widget-align-self,initial);--flex-shrink:0}.e-con-inner>.elementor-widget-spacer>.elementor-widget-container,.e-con>.elementor-widget-spacer>.elementor-widget-container{height:100%;width:100%}.e-con-inner>.elementor-widget-spacer>.elementor-widget-container>.elementor-spacer,.e-con>.elementor-widget-spacer>.elementor-widget-container>.elementor-spacer{height:100%}.e-con-inner>.elementor-widget-spacer>.elementor-widget-container>.elementor-spacer>.elementor-spacer-inner,.e-con>.elementor-widget-spacer>.elementor-widget-container>.elementor-spacer>.elementor-spacer-inner{height:var(--container-widget-height,var(--spacer-size))}.e-con-inner>.elementor-widget-spacer.elementor-widget-empty,.e-con>.elementor-widget-spacer.elementor-widget-empty{position:relative;min-height:22px;min-width:22px}.e-con-inner>.elementor-widget-spacer.elementor-widget-empty .elementor-widget-empty-icon,.e-con>.elementor-widget-spacer.elementor-widget-empty .elementor-widget-empty-icon{position:absolute;top:0;bottom:0;left:0;right:0;margin:auto;padding:0;width:22px;height:22px}<\/style>\t\t<div class=\"elementor-spacer\">\n\t\t\t<div class=\"elementor-spacer-inner\"><\/div>\n\t\t<\/div>\n\t\t\t\t<\/div>\n\t\t\t\t<\/div>\n\t\t\t\t\t<\/div>\n\t\t\t\t<\/div>\n\t\t<div class=\"elementor-element elementor-element-7ea2fe0 e-flex e-con-boxed e-con e-parent\" data-id=\"7ea2fe0\" data-element_type=\"container\" data-core-v316-plus=\"true\">\n\t\t\t\t\t<div class=\"e-con-inner\">\n\t\t<div class=\"elementor-element elementor-element-1b1d9e5 e-con-full e-flex e-con e-child\" data-id=\"1b1d9e5\" data-element_type=\"container\">\n\t\t\t\t<div class=\"elementor-element elementor-element-3789b48 elementor-widget elementor-widget-image\" data-id=\"3789b48\" data-element_type=\"widget\" data-widget_type=\"image.default\">\n\t\t\t\t<div class=\"elementor-widget-container\">\n\t\t\t<style>\/*! elementor - v3.20.0 - 20-03-2024 *\/\n.elementor-widget-image{text-align:center}.elementor-widget-image a{display:inline-block}.elementor-widget-image a img[src$=\".svg\"]{width:48px}.elementor-widget-image img{vertical-align:middle;display:inline-block}<\/style>\t\t\t\t\t\t\t\t\t\t<img fetchpriority=\"high\" decoding=\"async\" width=\"500\" height=\"500\" src=\"https:\/\/nmevents.se\/packpointnordic-malmo\/wp-content\/uploads\/sites\/64\/2025\/05\/Per-Stefa_NYn.png\" class=\"attachment-large size-large wp-image-1597\" alt=\"\" srcset=\"https:\/\/nmevents.se\/packpointnordic-malmo\/wp-content\/uploads\/sites\/64\/2025\/05\/Per-Stefa_NYn.png 500w, https:\/\/nmevents.se\/packpointnordic-malmo\/wp-content\/uploads\/sites\/64\/2025\/05\/Per-Stefa_NYn-300x300.png 300w, https:\/\/nmevents.se\/packpointnordic-malmo\/wp-content\/uploads\/sites\/64\/2025\/05\/Per-Stefa_NYn-150x150.png 150w\" sizes=\"(max-width: 500px) 100vw, 500px\" \/>\t\t\t\t\t\t\t\t\t\t\t\t\t<\/div>\n\t\t\t\t<\/div>\n\t\t\t\t<div class=\"elementor-element elementor-element-2bb0916 elementor-widget elementor-widget-heading\" data-id=\"2bb0916\" data-element_type=\"widget\" data-widget_type=\"heading.default\">\n\t\t\t\t<div class=\"elementor-widget-container\">\n\t\t\t<style>\/*! elementor - v3.20.0 - 20-03-2024 *\/\n.elementor-heading-title{padding:0;margin:0;line-height:1}.elementor-widget-heading .elementor-heading-title[class*=elementor-size-]>a{color:inherit;font-size:inherit;line-height:inherit}.elementor-widget-heading .elementor-heading-title.elementor-size-small{font-size:15px}.elementor-widget-heading .elementor-heading-title.elementor-size-medium{font-size:19px}.elementor-widget-heading .elementor-heading-title.elementor-size-large{font-size:29px}.elementor-widget-heading .elementor-heading-title.elementor-size-xl{font-size:39px}.elementor-widget-heading .elementor-heading-title.elementor-size-xxl{font-size:59px}<\/style><h3 class=\"elementor-heading-title elementor-size-default\">Per-Stefan Gersbro<\/h3>\t\t<\/div>\n\t\t\t\t<\/div>\n\t\t\t\t<div class=\"elementor-element elementor-element-d08e06d elementor-widget elementor-widget-text-editor\" data-id=\"d08e06d\" data-element_type=\"widget\" data-widget_type=\"text-editor.default\">\n\t\t\t\t<div class=\"elementor-widget-container\">\n\t\t\t<style>\/*! elementor - v3.20.0 - 20-03-2024 *\/\n.elementor-widget-text-editor.elementor-drop-cap-view-stacked .elementor-drop-cap{background-color:#69727d;color:#fff}.elementor-widget-text-editor.elementor-drop-cap-view-framed .elementor-drop-cap{color:#69727d;border:3px solid;background-color:transparent}.elementor-widget-text-editor:not(.elementor-drop-cap-view-default) .elementor-drop-cap{margin-top:8px}.elementor-widget-text-editor:not(.elementor-drop-cap-view-default) .elementor-drop-cap-letter{width:1em;height:1em}.elementor-widget-text-editor .elementor-drop-cap{float:left;text-align:center;line-height:1;font-size:50px}.elementor-widget-text-editor .elementor-drop-cap-letter{display:inline-block}<\/style>\t\t\t\t<p class=\"staff-member-position\">Projektledare, Pack Point Nordic<br \/>070 998 96 91<br \/><a href=\"mailto:psg@paccedo.com\">psg@paccedo.com<\/a>\u00a0<\/p>\t\t\t\t\t\t<\/div>\n\t\t\t\t<\/div>\n\t\t\t\t<\/div>\n\t\t<div class=\"elementor-element elementor-element-1c0ee6f e-con-full e-flex e-con e-child\" data-id=\"1c0ee6f\" data-element_type=\"container\">\n\t\t\t\t<div class=\"elementor-element elementor-element-514c286 elementor-widget elementor-widget-image\" data-id=\"514c286\" data-element_type=\"widget\" data-widget_type=\"image.default\">\n\t\t\t\t<div class=\"elementor-widget-container\">\n\t\t\t\t\t\t\t\t\t\t\t\t\t<img decoding=\"async\" width=\"300\" height=\"300\" src=\"https:\/\/nmevents.se\/packpointnordic-malmo\/wp-content\/uploads\/sites\/64\/2025\/05\/peter_ratt.jpg\" class=\"attachment-medium_large size-medium_large wp-image-1545\" alt=\"\" srcset=\"https:\/\/nmevents.se\/packpointnordic-malmo\/wp-content\/uploads\/sites\/64\/2025\/05\/peter_ratt.jpg 300w, https:\/\/nmevents.se\/packpointnordic-malmo\/wp-content\/uploads\/sites\/64\/2025\/05\/peter_ratt-150x150.jpg 150w\" sizes=\"(max-width: 300px) 100vw, 300px\" \/>\t\t\t\t\t\t\t\t\t\t\t\t\t<\/div>\n\t\t\t\t<\/div>\n\t\t\t\t<div class=\"elementor-element elementor-element-20eddfc elementor-widget elementor-widget-heading\" data-id=\"20eddfc\" data-element_type=\"widget\" data-widget_type=\"heading.default\">\n\t\t\t\t<div class=\"elementor-widget-container\">\n\t\t\t<h3 class=\"elementor-heading-title elementor-size-default\">Peter Olofsson<\/h3>\t\t<\/div>\n\t\t\t\t<\/div>\n\t\t\t\t<div class=\"elementor-element elementor-element-ad1883b elementor-widget elementor-widget-text-editor\" data-id=\"ad1883b\" data-element_type=\"widget\" data-widget_type=\"text-editor.default\">\n\t\t\t\t<div class=\"elementor-widget-container\">\n\t\t\t\t\t\t\t<p class=\"staff-member-position\">Chefredakt\u00f6r<br \/>070 833 54 86<br \/><a class=\"staff-member-email\" title=\"Email Peter Olofsson\" href=\"mailto:peter.olofsson@nordiskemedier.se\">peter.olofsson@nordiskemedier.se<\/a><\/p>\t\t\t\t\t\t<\/div>\n\t\t\t\t<\/div>\n\t\t\t\t<\/div>\n\t\t\t\t\t<\/div>\n\t\t\t\t<\/div>\n\t\t<div class=\"elementor-element elementor-element-5076fcb e-flex e-con-boxed e-con e-parent\" data-id=\"5076fcb\" data-element_type=\"container\" data-core-v316-plus=\"true\">\n\t\t\t\t\t<div class=\"e-con-inner\">\n\t\t<div class=\"elementor-element elementor-element-309a107 e-con-full e-flex e-con e-child\" data-id=\"309a107\" data-element_type=\"container\">\n\t\t\t\t<div class=\"elementor-element elementor-element-30b280a elementor-widget elementor-widget-spacer\" data-id=\"30b280a\" data-element_type=\"widget\" data-widget_type=\"spacer.default\">\n\t\t\t\t<div class=\"elementor-widget-container\">\n\t\t\t\t\t<div class=\"elementor-spacer\">\n\t\t\t<div class=\"elementor-spacer-inner\"><\/div>\n\t\t<\/div>\n\t\t\t\t<\/div>\n\t\t\t\t<\/div>\n\t\t\t\t<div class=\"elementor-element elementor-element-9e84dd3 elementor-widget elementor-widget-image\" data-id=\"9e84dd3\" data-element_type=\"widget\" data-widget_type=\"image.default\">\n\t\t\t\t<div class=\"elementor-widget-container\">\n\t\t\t\t\t\t\t\t\t\t\t\t\t<img decoding=\"async\" width=\"300\" height=\"300\" src=\"https:\/\/nmevents.se\/packpointnordic-malmo\/wp-content\/uploads\/sites\/64\/2025\/05\/marc_ratt.jpg\" class=\"attachment-full size-full wp-image-1542\" alt=\"\" srcset=\"https:\/\/nmevents.se\/packpointnordic-malmo\/wp-content\/uploads\/sites\/64\/2025\/05\/marc_ratt.jpg 300w, https:\/\/nmevents.se\/packpointnordic-malmo\/wp-content\/uploads\/sites\/64\/2025\/05\/marc_ratt-150x150.jpg 150w\" sizes=\"(max-width: 300px) 100vw, 300px\" \/>\t\t\t\t\t\t\t\t\t\t\t\t\t<\/div>\n\t\t\t\t<\/div>\n\t\t\t\t<div class=\"elementor-element elementor-element-f742e8b elementor-widget elementor-widget-heading\" data-id=\"f742e8b\" data-element_type=\"widget\" data-widget_type=\"heading.default\">\n\t\t\t\t<div class=\"elementor-widget-container\">\n\t\t\t<h3 class=\"elementor-heading-title elementor-size-default\">Marc Feucht\n<\/h3>\t\t<\/div>\n\t\t\t\t<\/div>\n\t\t\t\t<div class=\"elementor-element elementor-element-926d27f elementor-widget elementor-widget-text-editor\" data-id=\"926d27f\" data-element_type=\"widget\" data-widget_type=\"text-editor.default\">\n\t\t\t\t<div class=\"elementor-widget-container\">\n\t\t\t\t\t\t\t<p class=\"staff-member-position\">Projektledare, Event<br \/>073 682 53 26<br \/><a class=\"staff-member-email\" title=\"Email Marc Feucht\" href=\"mailto:marc.feucht@nordiskemedier.se\">marc.feucht@nordiskemedier.se<\/a><\/p>\t\t\t\t\t\t<\/div>\n\t\t\t\t<\/div>\n\t\t\t\t<\/div>\n\t\t<div class=\"elementor-element elementor-element-60bfa00 e-con-full e-flex e-con e-child\" data-id=\"60bfa00\" data-element_type=\"container\">\n\t\t\t\t<div class=\"elementor-element elementor-element-bdde129 elementor-widget elementor-widget-image\" data-id=\"bdde129\" data-element_type=\"widget\" data-widget_type=\"image.default\">\n\t\t\t\t<div class=\"elementor-widget-container\">\n\t\t\t\t\t\t\t\t\t\t\t\t\t<img loading=\"lazy\" decoding=\"async\" width=\"300\" height=\"300\" src=\"https:\/\/nmevents.se\/packpointnordic-malmo\/wp-content\/uploads\/sites\/64\/2025\/05\/jerker_ratratt.jpg\" class=\"attachment-full size-full wp-image-1543\" alt=\"\" srcset=\"https:\/\/nmevents.se\/packpointnordic-malmo\/wp-content\/uploads\/sites\/64\/2025\/05\/jerker_ratratt.jpg 300w, https:\/\/nmevents.se\/packpointnordic-malmo\/wp-content\/uploads\/sites\/64\/2025\/05\/jerker_ratratt-150x150.jpg 150w\" sizes=\"(max-width: 300px) 100vw, 300px\" \/>\t\t\t\t\t\t\t\t\t\t\t\t\t<\/div>\n\t\t\t\t<\/div>\n\t\t\t\t<div class=\"elementor-element elementor-element-52aeed1 elementor-widget elementor-widget-heading\" data-id=\"52aeed1\" data-element_type=\"widget\" data-widget_type=\"heading.default\">\n\t\t\t\t<div class=\"elementor-widget-container\">\n\t\t\t<h3 class=\"elementor-heading-title elementor-size-default\">Jerker Evaldsson\n<\/h3>\t\t<\/div>\n\t\t\t\t<\/div>\n\t\t\t\t<div class=\"elementor-element elementor-element-063f03d elementor-widget elementor-widget-text-editor\" data-id=\"063f03d\" data-element_type=\"widget\" data-widget_type=\"text-editor.default\">\n\t\t\t\t<div class=\"elementor-widget-container\">\n\t\t\t\t\t\t\t<p class=\"staff-member-position\">F\u00f6rs\u00e4ljningschef\u00a0<br \/>070 975 99 40<br \/><a href=\"mailto:jerker.evaldsson@nordiskemedier.se\">jerker.evaldsson@nordiskemedier.se<\/a><\/p>\t\t\t\t\t\t<\/div>\n\t\t\t\t<\/div>\n\t\t\t\t<\/div>\n\t\t<div class=\"elementor-element elementor-element-d3747f0 e-con-full e-flex e-con e-child\" data-id=\"d3747f0\" data-element_type=\"container\">\n\t\t\t\t<div class=\"elementor-element elementor-element-b9d5fad elementor-widget elementor-widget-spacer\" data-id=\"b9d5fad\" data-element_type=\"widget\" data-widget_type=\"spacer.default\">\n\t\t\t\t<div class=\"elementor-widget-container\">\n\t\t\t\t\t<div class=\"elementor-spacer\">\n\t\t\t<div class=\"elementor-spacer-inner\"><\/div>\n\t\t<\/div>\n\t\t\t\t<\/div>\n\t\t\t\t<\/div>\n\t\t\t\t<div class=\"elementor-element elementor-element-172332f elementor-widget elementor-widget-image\" data-id=\"172332f\" data-element_type=\"widget\" data-widget_type=\"image.default\">\n\t\t\t\t<div class=\"elementor-widget-container\">\n\t\t\t\t\t\t\t\t\t\t\t\t\t<img loading=\"lazy\" decoding=\"async\" width=\"300\" height=\"300\" src=\"https:\/\/nmevents.se\/packpointnordic-malmo\/wp-content\/uploads\/sites\/64\/2025\/05\/magnus_ratt.jpg\" class=\"attachment-medium_large size-medium_large wp-image-1544\" alt=\"\" srcset=\"https:\/\/nmevents.se\/packpointnordic-malmo\/wp-content\/uploads\/sites\/64\/2025\/05\/magnus_ratt.jpg 300w, https:\/\/nmevents.se\/packpointnordic-malmo\/wp-content\/uploads\/sites\/64\/2025\/05\/magnus_ratt-150x150.jpg 150w\" sizes=\"(max-width: 300px) 100vw, 300px\" \/>\t\t\t\t\t\t\t\t\t\t\t\t\t<\/div>\n\t\t\t\t<\/div>\n\t\t\t\t<div class=\"elementor-element elementor-element-dbde40e elementor-widget elementor-widget-heading\" data-id=\"dbde40e\" data-element_type=\"widget\" data-widget_type=\"heading.default\">\n\t\t\t\t<div class=\"elementor-widget-container\">\n\t\t\t<h3 class=\"elementor-heading-title elementor-size-default\">Magnus Wrigert\n<\/h3>\t\t<\/div>\n\t\t\t\t<\/div>\n\t\t\t\t<div class=\"elementor-element elementor-element-393417e elementor-widget elementor-widget-text-editor\" data-id=\"393417e\" data-element_type=\"widget\" data-widget_type=\"text-editor.default\">\n\t\t\t\t<div class=\"elementor-widget-container\">\n\t\t\t\t\t\t\t<p class=\"staff-member-position\">Medias\u00e4ljare<br \/>073 682 53 37<br \/><a class=\"staff-member-email\" title=\"Email Magnus Wrigert\" href=\"mailto:magnus.wrigert@nordiskemedier.se\">magnus.wrigert@nordiskemedier.se<\/a><\/p>\t\t\t\t\t\t<\/div>\n\t\t\t\t<\/div>\n\t\t\t\t<\/div>\n\t\t\t\t\t<\/div>\n\t\t\t\t<\/div>\n\t\t<div class=\"elementor-element elementor-element-a029984 e-flex e-con-boxed e-con e-parent\" data-id=\"a029984\" data-element_type=\"container\" data-core-v316-plus=\"true\">\n\t\t\t\t\t<div class=\"e-con-inner\">\n\t\t\t\t<div class=\"elementor-element elementor-element-54ff3bb elementor-widget elementor-widget-spacer\" data-id=\"54ff3bb\" data-element_type=\"widget\" data-widget_type=\"spacer.default\">\n\t\t\t\t<div class=\"elementor-widget-container\">\n\t\t\t\t\t<div class=\"elementor-spacer\">\n\t\t\t<div class=\"elementor-spacer-inner\"><\/div>\n\t\t<\/div>\n\t\t\t\t<\/div>\n\t\t\t\t<\/div>\n\t\t\t\t\t<\/div>\n\t\t\t\t<\/div>\n\t\t\t\t<\/div>\n\t\t","protected":false},"excerpt":{"rendered":"<p>Per-Stefan Gersbro Projektledare, Pack Point Nordic 070 998 96 91 psg@paccedo.com Peter Olofsson Chefredakt\u00f6r 070 833 54 86 peter.olofsson@nordiskemedier.se Marc Feucht Projektledare, Event 073 682 53 26 marc.feucht@nordiskemedier.se Jerker Evaldsson F\u00f6rs\u00e4ljningschef 070 975 99 40 jerker.evaldsson@nordiskemedier.se Magnus Wrigert Medias\u00e4ljare 073 682 53 37 magnus.wrigert@nordiskemedier.se<\/p>\n","protected":false},"author":21,"featured_media":0,"parent":0,"menu_order":0,"comment_status":"closed","ping_status":"closed","template":"","meta":{"_acf_changed":false,"footnotes":""},"acf":[],"_links":{"self":[{"href":"https:\/\/nmevents.se\/packpointnordic-malmo\/wp-json\/wp\/v2\/pages\/1499"}],"collection":[{"href":"https:\/\/nmevents.se\/packpointnordic-malmo\/wp-json\/wp\/v2\/pages"}],"about":[{"href":"https:\/\/nmevents.se\/packpointnordic-malmo\/wp-json\/wp\/v2\/types\/page"}],"author":[{"embeddable":true,"href":"https:\/\/nmevents.se\/packpointnordic-malmo\/wp-json\/wp\/v2\/users\/21"}],"replies":[{"embeddable":true,"href":"https:\/\/nmevents.se\/packpointnordic-malmo\/wp-json\/wp\/v2\/comments?post=1499"}],"version-history":[{"count":17,"href":"https:\/\/nmevents.se\/packpointnordic-malmo\/wp-json\/wp\/v2\/pages\/1499\/revisions"}],"predecessor-version":[{"id":1812,"href":"https:\/\/nmevents.se\/packpointnordic-malmo\/wp-json\/wp\/v2\/pages\/1499\/revisions\/1812"}],"wp:attachment":[{"href":"https:\/\/nmevents.se\/packpointnordic-malmo\/wp-json\/wp\/v2\/media?parent=1499"}],"curies":[{"name":"wp","href":"https:\/\/api.w.org\/{rel}","templated":true}]}}