{"id":17,"date":"2023-11-06T11:17:16","date_gmt":"2023-11-06T11:17:16","guid":{"rendered":"https:\/\/eventdk4_.nordiske-medier.dk4_\/?page_id=17"},"modified":"2025-06-26T14:03:58","modified_gmt":"2025-06-26T12:03:58","slug":"omoss","status":"publish","type":"page","link":"https:\/\/nmevents.se\/packpointnordic\/omoss\/","title":{"rendered":"Om oss"},"content":{"rendered":"\t\t<div data-elementor-type=\"wp-page\" data-elementor-id=\"17\" class=\"elementor elementor-17\" data-elementor-post-type=\"page\">\n\t\t\t\t<div class=\"elementor-element elementor-element-18b2725 e-flex e-con-boxed e-con e-parent\" data-id=\"18b2725\" data-element_type=\"container\" data-core-v316-plus=\"true\">\n\t\t\t\t\t<div class=\"e-con-inner\">\n\t\t\t\t<div class=\"elementor-element elementor-element-32cf2da elementor-widget elementor-widget-spacer\" data-id=\"32cf2da\" data-element_type=\"widget\" data-widget_type=\"spacer.default\">\n\t\t\t\t<div class=\"elementor-widget-container\">\n\t\t\t<style>\/*! elementor - v3.20.0 - 20-03-2024 *\/\n.elementor-column .elementor-spacer-inner{height:var(--spacer-size)}.e-con{--container-widget-width:100%}.e-con-inner>.elementor-widget-spacer,.e-con>.elementor-widget-spacer{width:var(--container-widget-width,var(--spacer-size));--align-self:var(--container-widget-align-self,initial);--flex-shrink:0}.e-con-inner>.elementor-widget-spacer>.elementor-widget-container,.e-con>.elementor-widget-spacer>.elementor-widget-container{height:100%;width:100%}.e-con-inner>.elementor-widget-spacer>.elementor-widget-container>.elementor-spacer,.e-con>.elementor-widget-spacer>.elementor-widget-container>.elementor-spacer{height:100%}.e-con-inner>.elementor-widget-spacer>.elementor-widget-container>.elementor-spacer>.elementor-spacer-inner,.e-con>.elementor-widget-spacer>.elementor-widget-container>.elementor-spacer>.elementor-spacer-inner{height:var(--container-widget-height,var(--spacer-size))}.e-con-inner>.elementor-widget-spacer.elementor-widget-empty,.e-con>.elementor-widget-spacer.elementor-widget-empty{position:relative;min-height:22px;min-width:22px}.e-con-inner>.elementor-widget-spacer.elementor-widget-empty .elementor-widget-empty-icon,.e-con>.elementor-widget-spacer.elementor-widget-empty .elementor-widget-empty-icon{position:absolute;top:0;bottom:0;left:0;right:0;margin:auto;padding:0;width:22px;height:22px}<\/style>\t\t<div class=\"elementor-spacer\">\n\t\t\t<div class=\"elementor-spacer-inner\"><\/div>\n\t\t<\/div>\n\t\t\t\t<\/div>\n\t\t\t\t<\/div>\n\t\t\t\t\t<\/div>\n\t\t\t\t<\/div>\n\t\t<div class=\"elementor-element elementor-element-c70c04a e-flex e-con-boxed e-con e-parent\" data-id=\"c70c04a\" data-element_type=\"container\" data-core-v316-plus=\"true\">\n\t\t\t\t\t<div class=\"e-con-inner\">\n\t\t<div class=\"elementor-element elementor-element-21cdac3 e-con-full e-flex e-con e-child\" data-id=\"21cdac3\" data-element_type=\"container\">\n\t\t\t\t<div class=\"elementor-element elementor-element-9c77a0d elementor-widget elementor-widget-text-editor\" data-id=\"9c77a0d\" data-element_type=\"widget\" data-widget_type=\"text-editor.default\">\n\t\t\t\t<div class=\"elementor-widget-container\">\n\t\t\t<style>\/*! elementor - v3.20.0 - 20-03-2024 *\/\n.elementor-widget-text-editor.elementor-drop-cap-view-stacked .elementor-drop-cap{background-color:#69727d;color:#fff}.elementor-widget-text-editor.elementor-drop-cap-view-framed .elementor-drop-cap{color:#69727d;border:3px solid;background-color:transparent}.elementor-widget-text-editor:not(.elementor-drop-cap-view-default) .elementor-drop-cap{margin-top:8px}.elementor-widget-text-editor:not(.elementor-drop-cap-view-default) .elementor-drop-cap-letter{width:1em;height:1em}.elementor-widget-text-editor .elementor-drop-cap{float:left;text-align:center;line-height:1;font-size:50px}.elementor-widget-text-editor .elementor-drop-cap-letter{display:inline-block}<\/style>\t\t\t\t<p>Om Pack Point Nordic\u00a0<\/p>\t\t\t\t\t\t<\/div>\n\t\t\t\t<\/div>\n\t\t\t\t<div class=\"elementor-element elementor-element-b0bee58 elementor-widget__width-inherit elementor-widget elementor-widget-text-editor\" data-id=\"b0bee58\" data-element_type=\"widget\" data-widget_type=\"text-editor.default\">\n\t\t\t\t<div class=\"elementor-widget-container\">\n\t\t\t\t\t\t\t<p class=\"\">Pack Point Nordic \u00e4r en \u00e5rligt \u00e5terkommande konferens som samlar experter, utvecklare och beslutsfattare fr\u00e5n hela f\u00f6rpackningsv\u00e4rdekedjan. H\u00e4r m\u00f6ts deltagare f\u00f6r att utbyta erfarenheter, diskutera aktuella utmaningar och driva sakfr\u00e5gor fram\u00e5t inom f\u00f6rpackningsbranschen.<\/p><p class=\"\">Konferensen h\u00e5lls i Stockholm och Malm\u00f6 och har snabbt etablerat sig som en viktig plattform f\u00f6r alla som vill h\u00e5lla sig uppdaterade om de senaste trenderna och framtidens m\u00f6jligheter. Med talare fr\u00e5n b\u00e5de Norden och andra europeiska l\u00e4nder f\u00e5r du unika insikter om f\u00f6rpackningens hela livscykel \u2013 fr\u00e5n utveckling och produktion till anv\u00e4ndning och \u00e5tervinning.<\/p><p class=\"\">Pack Point Nordic \u00e4r inte bara en kunskapsarena utan ocks\u00e5 en utm\u00e4rkt m\u00f6jlighet att bygga v\u00e4rdefulla kontakter, st\u00e4rka ditt varum\u00e4rke och f\u00e5 inspiration som kan bidra till att driva din verksamhet fram\u00e5t.<\/p>\t\t\t\t\t\t<\/div>\n\t\t\t\t<\/div>\n\t\t\t\t<\/div>\n\t\t\t\t<div class=\"elementor-element elementor-element-298b773 elementor-widget__width-initial elementor-widget elementor-widget-spacer\" data-id=\"298b773\" data-element_type=\"widget\" data-widget_type=\"spacer.default\">\n\t\t\t\t<div class=\"elementor-widget-container\">\n\t\t\t\t\t<div class=\"elementor-spacer\">\n\t\t\t<div class=\"elementor-spacer-inner\"><\/div>\n\t\t<\/div>\n\t\t\t\t<\/div>\n\t\t\t\t<\/div>\n\t\t<div class=\"elementor-element elementor-element-c51cbe4 e-con-full e-flex e-con e-child\" data-id=\"c51cbe4\" data-element_type=\"container\">\n\t\t\t\t<div class=\"elementor-element elementor-element-46e5431 elementor-widget elementor-widget-image\" data-id=\"46e5431\" data-element_type=\"widget\" data-widget_type=\"image.default\">\n\t\t\t\t<div class=\"elementor-widget-container\">\n\t\t\t<style>\/*! elementor - v3.20.0 - 20-03-2024 *\/\n.elementor-widget-image{text-align:center}.elementor-widget-image a{display:inline-block}.elementor-widget-image a img[src$=\".svg\"]{width:48px}.elementor-widget-image img{vertical-align:middle;display:inline-block}<\/style>\t\t\t\t\t\t\t\t\t\t<img fetchpriority=\"high\" decoding=\"async\" width=\"772\" height=\"1024\" src=\"https:\/\/nmevents.se\/packpointnordic\/wp-content\/uploads\/sites\/62\/2025\/05\/bild-om-oss-sidan_VIT-772x1024.png\" class=\"attachment-large size-large wp-image-1705\" alt=\"\" srcset=\"https:\/\/nmevents.se\/packpointnordic\/wp-content\/uploads\/sites\/62\/2025\/05\/bild-om-oss-sidan_VIT-772x1024.png 772w, https:\/\/nmevents.se\/packpointnordic\/wp-content\/uploads\/sites\/62\/2025\/05\/bild-om-oss-sidan_VIT-226x300.png 226w, https:\/\/nmevents.se\/packpointnordic\/wp-content\/uploads\/sites\/62\/2025\/05\/bild-om-oss-sidan_VIT-768x1018.png 768w, https:\/\/nmevents.se\/packpointnordic\/wp-content\/uploads\/sites\/62\/2025\/05\/bild-om-oss-sidan_VIT.png 1000w\" sizes=\"(max-width: 772px) 100vw, 772px\" \/>\t\t\t\t\t\t\t\t\t\t\t\t\t<\/div>\n\t\t\t\t<\/div>\n\t\t\t\t<\/div>\n\t\t\t\t\t<\/div>\n\t\t\t\t<\/div>\n\t\t<div class=\"elementor-element elementor-element-1884647 e-flex e-con-boxed e-con e-parent\" data-id=\"1884647\" data-element_type=\"container\" data-core-v316-plus=\"true\">\n\t\t\t\t\t<div class=\"e-con-inner\">\n\t\t\t\t<div class=\"elementor-element elementor-element-6e4e13e elementor-widget elementor-widget-spacer\" data-id=\"6e4e13e\" data-element_type=\"widget\" data-widget_type=\"spacer.default\">\n\t\t\t\t<div class=\"elementor-widget-container\">\n\t\t\t\t\t<div class=\"elementor-spacer\">\n\t\t\t<div class=\"elementor-spacer-inner\"><\/div>\n\t\t<\/div>\n\t\t\t\t<\/div>\n\t\t\t\t<\/div>\n\t\t\t\t\t<\/div>\n\t\t\t\t<\/div>\n\t\t<div class=\"elementor-element elementor-element-821a268 e-flex e-con-boxed e-con e-parent\" data-id=\"821a268\" data-element_type=\"container\" data-core-v316-plus=\"true\">\n\t\t\t\t\t<div class=\"e-con-inner\">\n\t\t\t\t<div class=\"elementor-element elementor-element-70d4814 elementor-widget elementor-widget-spacer\" data-id=\"70d4814\" data-element_type=\"widget\" data-widget_type=\"spacer.default\">\n\t\t\t\t<div class=\"elementor-widget-container\">\n\t\t\t\t\t<div class=\"elementor-spacer\">\n\t\t\t<div class=\"elementor-spacer-inner\"><\/div>\n\t\t<\/div>\n\t\t\t\t<\/div>\n\t\t\t\t<\/div>\n\t\t\t\t<div class=\"elementor-element elementor-element-f88f762 elementor-widget elementor-widget-text-editor\" data-id=\"f88f762\" data-element_type=\"widget\" data-widget_type=\"text-editor.default\">\n\t\t\t\t<div class=\"elementor-widget-container\">\n\t\t\t\t\t\t\t<p class=\"\">Varf\u00f6r ska du delta p\u00e5 Pack Point Nordic?<\/p>\t\t\t\t\t\t<\/div>\n\t\t\t\t<\/div>\n\t\t\t\t<div class=\"elementor-element elementor-element-7006f97 elementor-widget elementor-widget-spacer\" data-id=\"7006f97\" data-element_type=\"widget\" data-widget_type=\"spacer.default\">\n\t\t\t\t<div class=\"elementor-widget-container\">\n\t\t\t\t\t<div class=\"elementor-spacer\">\n\t\t\t<div class=\"elementor-spacer-inner\"><\/div>\n\t\t<\/div>\n\t\t\t\t<\/div>\n\t\t\t\t<\/div>\n\t\t\t\t\t<\/div>\n\t\t\t\t<\/div>\n\t\t<div class=\"elementor-element elementor-element-3d2dc35 e-flex e-con-boxed e-con e-parent\" data-id=\"3d2dc35\" data-element_type=\"container\" data-core-v316-plus=\"true\">\n\t\t\t\t\t<div class=\"e-con-inner\">\n\t\t\t\t<div class=\"elementor-element elementor-element-cff68c3 elementor-widget elementor-widget-spacer\" data-id=\"cff68c3\" data-element_type=\"widget\" data-widget_type=\"spacer.default\">\n\t\t\t\t<div class=\"elementor-widget-container\">\n\t\t\t\t\t<div class=\"elementor-spacer\">\n\t\t\t<div class=\"elementor-spacer-inner\"><\/div>\n\t\t<\/div>\n\t\t\t\t<\/div>\n\t\t\t\t<\/div>\n\t\t\t\t\t<\/div>\n\t\t\t\t<\/div>\n\t\t<div class=\"elementor-element elementor-element-d07c157 e-flex e-con-boxed e-con e-parent\" data-id=\"d07c157\" data-element_type=\"container\" data-core-v316-plus=\"true\">\n\t\t\t\t\t<div class=\"e-con-inner\">\n\t\t\t\t<div class=\"elementor-element elementor-element-a5e92b4 elementor-widget elementor-widget-text-editor\" data-id=\"a5e92b4\" data-element_type=\"widget\" data-widget_type=\"text-editor.default\">\n\t\t\t\t<div class=\"elementor-widget-container\">\n\t\t\t\t\t\t\t<p class=\"\">Som bes\u00f6kare ger vi dig det senaste inom h\u00e5llbarhet f\u00f6r minskat klimatavtryck och \u00f6kad \u00e5tervinning, nya lagar som kan p\u00e5verka din f\u00f6rpackning, materialink\u00f6p eller till och med maskinpark, exempel p\u00e5 framg\u00e5ngsrik f\u00f6rpackningsutveckling f\u00f6r en \u00f6kad konsumentupplevelse eller f\u00f6r en effektivare intern logistik, b\u00e4ttre milj\u00f6index eller minskade kostnader. Pack Point Nordic kan enklast beskrivas som ett sm\u00f6rg\u00e5sbord av aha-upplevelser som kommer att p\u00e5verka ditt f\u00f6rpackningsval idag och i framtiden.<\/p>\t\t\t\t\t\t<\/div>\n\t\t\t\t<\/div>\n\t\t\t\t\t<\/div>\n\t\t\t\t<\/div>\n\t\t<div class=\"elementor-element elementor-element-ce2a424 e-flex e-con-boxed e-con e-parent\" data-id=\"ce2a424\" data-element_type=\"container\" data-core-v316-plus=\"true\">\n\t\t\t\t\t<div class=\"e-con-inner\">\n\t\t\t\t<div class=\"elementor-element elementor-element-db53c38 elementor-widget elementor-widget-spacer\" data-id=\"db53c38\" data-element_type=\"widget\" data-widget_type=\"spacer.default\">\n\t\t\t\t<div class=\"elementor-widget-container\">\n\t\t\t\t\t<div class=\"elementor-spacer\">\n\t\t\t<div class=\"elementor-spacer-inner\"><\/div>\n\t\t<\/div>\n\t\t\t\t<\/div>\n\t\t\t\t<\/div>\n\t\t\t\t\t<\/div>\n\t\t\t\t<\/div>\n\t\t\t\t<\/div>\n\t\t","protected":false},"excerpt":{"rendered":"<p>Om Pack Point Nordic Pack Point Nordic \u00e4r en \u00e5rligt \u00e5terkommande konferens som samlar experter, utvecklare och beslutsfattare fr\u00e5n hela f\u00f6rpackningsv\u00e4rdekedjan. H\u00e4r m\u00f6ts deltagare f\u00f6r att utbyta erfarenheter, diskutera aktuella utmaningar och driva sakfr\u00e5gor fram\u00e5t inom f\u00f6rpackningsbranschen. Konferensen h\u00e5lls i Stockholm och Malm\u00f6 och har snabbt etablerat sig som en viktig plattform f\u00f6r alla som [&hellip;]<\/p>\n","protected":false},"author":1,"featured_media":0,"parent":0,"menu_order":0,"comment_status":"closed","ping_status":"closed","template":"elementor_header_footer","meta":{"_acf_changed":false,"footnotes":""},"acf":[],"_links":{"self":[{"href":"https:\/\/nmevents.se\/packpointnordic\/wp-json\/wp\/v2\/pages\/17"}],"collection":[{"href":"https:\/\/nmevents.se\/packpointnordic\/wp-json\/wp\/v2\/pages"}],"about":[{"href":"https:\/\/nmevents.se\/packpointnordic\/wp-json\/wp\/v2\/types\/page"}],"author":[{"embeddable":true,"href":"https:\/\/nmevents.se\/packpointnordic\/wp-json\/wp\/v2\/users\/1"}],"replies":[{"embeddable":true,"href":"https:\/\/nmevents.se\/packpointnordic\/wp-json\/wp\/v2\/comments?post=17"}],"version-history":[{"count":105,"href":"https:\/\/nmevents.se\/packpointnordic\/wp-json\/wp\/v2\/pages\/17\/revisions"}],"predecessor-version":[{"id":1809,"href":"https:\/\/nmevents.se\/packpointnordic\/wp-json\/wp\/v2\/pages\/17\/revisions\/1809"}],"wp:attachment":[{"href":"https:\/\/nmevents.se\/packpointnordic\/wp-json\/wp\/v2\/media?parent=17"}],"curies":[{"name":"wp","href":"https:\/\/api.w.org\/{rel}","templated":true}]}}