{"id":696,"date":"2023-11-30T12:24:44","date_gmt":"2023-11-30T10:24:44","guid":{"rendered":"https:\/\/eventdk.nordiske-medier.dk\/pack-point-nordic\/?page_id=696"},"modified":"2025-06-26T14:03:31","modified_gmt":"2025-06-26T12:03:31","slug":"kontakt","status":"publish","type":"page","link":"https:\/\/nmevents.se\/packpointnordic\/kontakt\/","title":{"rendered":"Kontakt"},"content":{"rendered":"\t\t<div data-elementor-type=\"wp-page\" data-elementor-id=\"696\" class=\"elementor elementor-696\" data-elementor-post-type=\"page\">\n\t\t\t\t<div class=\"elementor-element elementor-element-4f4aedb e-flex e-con-boxed e-con e-parent\" data-id=\"4f4aedb\" data-element_type=\"container\" data-core-v316-plus=\"true\">\n\t\t\t\t\t<div class=\"e-con-inner\">\n\t\t\t\t<div class=\"elementor-element elementor-element-88a2081 elementor-widget elementor-widget-spacer\" data-id=\"88a2081\" data-element_type=\"widget\" data-widget_type=\"spacer.default\">\n\t\t\t\t<div class=\"elementor-widget-container\">\n\t\t\t<style>\/*! elementor - v3.20.0 - 20-03-2024 *\/\n.elementor-column .elementor-spacer-inner{height:var(--spacer-size)}.e-con{--container-widget-width:100%}.e-con-inner>.elementor-widget-spacer,.e-con>.elementor-widget-spacer{width:var(--container-widget-width,var(--spacer-size));--align-self:var(--container-widget-align-self,initial);--flex-shrink:0}.e-con-inner>.elementor-widget-spacer>.elementor-widget-container,.e-con>.elementor-widget-spacer>.elementor-widget-container{height:100%;width:100%}.e-con-inner>.elementor-widget-spacer>.elementor-widget-container>.elementor-spacer,.e-con>.elementor-widget-spacer>.elementor-widget-container>.elementor-spacer{height:100%}.e-con-inner>.elementor-widget-spacer>.elementor-widget-container>.elementor-spacer>.elementor-spacer-inner,.e-con>.elementor-widget-spacer>.elementor-widget-container>.elementor-spacer>.elementor-spacer-inner{height:var(--container-widget-height,var(--spacer-size))}.e-con-inner>.elementor-widget-spacer.elementor-widget-empty,.e-con>.elementor-widget-spacer.elementor-widget-empty{position:relative;min-height:22px;min-width:22px}.e-con-inner>.elementor-widget-spacer.elementor-widget-empty .elementor-widget-empty-icon,.e-con>.elementor-widget-spacer.elementor-widget-empty .elementor-widget-empty-icon{position:absolute;top:0;bottom:0;left:0;right:0;margin:auto;padding:0;width:22px;height:22px}<\/style>\t\t<div class=\"elementor-spacer\">\n\t\t\t<div class=\"elementor-spacer-inner\"><\/div>\n\t\t<\/div>\n\t\t\t\t<\/div>\n\t\t\t\t<\/div>\n\t\t\t\t\t<\/div>\n\t\t\t\t<\/div>\n\t\t<div class=\"elementor-element elementor-element-72be408 e-flex e-con-boxed e-con e-parent\" data-id=\"72be408\" data-element_type=\"container\" data-core-v316-plus=\"true\">\n\t\t\t\t\t<div class=\"e-con-inner\">\n\t\t<div class=\"elementor-element elementor-element-e778ab9 e-con-full e-flex e-con e-child\" data-id=\"e778ab9\" data-element_type=\"container\">\n\t\t\t\t<div class=\"elementor-element elementor-element-b2253c4 elementor-widget elementor-widget-image\" data-id=\"b2253c4\" data-element_type=\"widget\" data-widget_type=\"image.default\">\n\t\t\t\t<div class=\"elementor-widget-container\">\n\t\t\t<style>\/*! elementor - v3.20.0 - 20-03-2024 *\/\n.elementor-widget-image{text-align:center}.elementor-widget-image a{display:inline-block}.elementor-widget-image a img[src$=\".svg\"]{width:48px}.elementor-widget-image img{vertical-align:middle;display:inline-block}<\/style>\t\t\t\t\t\t\t\t\t\t<img fetchpriority=\"high\" decoding=\"async\" width=\"500\" height=\"500\" src=\"https:\/\/nmevents.se\/packpointnordic\/wp-content\/uploads\/sites\/62\/2025\/05\/Per-Stefa_NYn.png\" class=\"attachment-large size-large wp-image-1739\" alt=\"\" srcset=\"https:\/\/nmevents.se\/packpointnordic\/wp-content\/uploads\/sites\/62\/2025\/05\/Per-Stefa_NYn.png 500w, https:\/\/nmevents.se\/packpointnordic\/wp-content\/uploads\/sites\/62\/2025\/05\/Per-Stefa_NYn-300x300.png 300w, https:\/\/nmevents.se\/packpointnordic\/wp-content\/uploads\/sites\/62\/2025\/05\/Per-Stefa_NYn-150x150.png 150w\" sizes=\"(max-width: 500px) 100vw, 500px\" \/>\t\t\t\t\t\t\t\t\t\t\t\t\t<\/div>\n\t\t\t\t<\/div>\n\t\t\t\t<div class=\"elementor-element elementor-element-0be302b elementor-widget elementor-widget-heading\" data-id=\"0be302b\" data-element_type=\"widget\" data-widget_type=\"heading.default\">\n\t\t\t\t<div class=\"elementor-widget-container\">\n\t\t\t<style>\/*! elementor - v3.20.0 - 20-03-2024 *\/\n.elementor-heading-title{padding:0;margin:0;line-height:1}.elementor-widget-heading .elementor-heading-title[class*=elementor-size-]>a{color:inherit;font-size:inherit;line-height:inherit}.elementor-widget-heading .elementor-heading-title.elementor-size-small{font-size:15px}.elementor-widget-heading .elementor-heading-title.elementor-size-medium{font-size:19px}.elementor-widget-heading .elementor-heading-title.elementor-size-large{font-size:29px}.elementor-widget-heading .elementor-heading-title.elementor-size-xl{font-size:39px}.elementor-widget-heading .elementor-heading-title.elementor-size-xxl{font-size:59px}<\/style><h3 class=\"elementor-heading-title elementor-size-default\">Per-Stefan Gersbro<\/h3>\t\t<\/div>\n\t\t\t\t<\/div>\n\t\t\t\t<div class=\"elementor-element elementor-element-c6df24f elementor-widget elementor-widget-text-editor\" data-id=\"c6df24f\" data-element_type=\"widget\" data-widget_type=\"text-editor.default\">\n\t\t\t\t<div class=\"elementor-widget-container\">\n\t\t\t<style>\/*! elementor - v3.20.0 - 20-03-2024 *\/\n.elementor-widget-text-editor.elementor-drop-cap-view-stacked .elementor-drop-cap{background-color:#69727d;color:#fff}.elementor-widget-text-editor.elementor-drop-cap-view-framed .elementor-drop-cap{color:#69727d;border:3px solid;background-color:transparent}.elementor-widget-text-editor:not(.elementor-drop-cap-view-default) .elementor-drop-cap{margin-top:8px}.elementor-widget-text-editor:not(.elementor-drop-cap-view-default) .elementor-drop-cap-letter{width:1em;height:1em}.elementor-widget-text-editor .elementor-drop-cap{float:left;text-align:center;line-height:1;font-size:50px}.elementor-widget-text-editor .elementor-drop-cap-letter{display:inline-block}<\/style>\t\t\t\t<p class=\"staff-member-position\">Projektledare, Pack Point Nordic<br \/>070 998 96 91<br \/><a href=\"mailto:psg@paccedo.com\">psg@paccedo.com<\/a>\u00a0<\/p>\t\t\t\t\t\t<\/div>\n\t\t\t\t<\/div>\n\t\t\t\t<\/div>\n\t\t<div class=\"elementor-element elementor-element-ecc3664 e-con-full e-flex e-con e-child\" data-id=\"ecc3664\" data-element_type=\"container\">\n\t\t\t\t<div class=\"elementor-element elementor-element-b180793 elementor-widget elementor-widget-image\" data-id=\"b180793\" data-element_type=\"widget\" data-widget_type=\"image.default\">\n\t\t\t\t<div class=\"elementor-widget-container\">\n\t\t\t\t\t\t\t\t\t\t\t\t\t<img decoding=\"async\" width=\"300\" height=\"300\" src=\"https:\/\/nmevents.se\/packpointnordic\/wp-content\/uploads\/sites\/62\/2025\/05\/peter_ratt-1.jpg\" class=\"attachment-medium_large size-medium_large wp-image-1740\" alt=\"\" srcset=\"https:\/\/nmevents.se\/packpointnordic\/wp-content\/uploads\/sites\/62\/2025\/05\/peter_ratt-1.jpg 300w, https:\/\/nmevents.se\/packpointnordic\/wp-content\/uploads\/sites\/62\/2025\/05\/peter_ratt-1-150x150.jpg 150w\" sizes=\"(max-width: 300px) 100vw, 300px\" \/>\t\t\t\t\t\t\t\t\t\t\t\t\t<\/div>\n\t\t\t\t<\/div>\n\t\t\t\t<div class=\"elementor-element elementor-element-1d15488 elementor-widget elementor-widget-heading\" data-id=\"1d15488\" data-element_type=\"widget\" data-widget_type=\"heading.default\">\n\t\t\t\t<div class=\"elementor-widget-container\">\n\t\t\t<h3 class=\"elementor-heading-title elementor-size-default\">Peter Olofsson<\/h3>\t\t<\/div>\n\t\t\t\t<\/div>\n\t\t\t\t<div class=\"elementor-element elementor-element-76d067b elementor-widget elementor-widget-text-editor\" data-id=\"76d067b\" data-element_type=\"widget\" data-widget_type=\"text-editor.default\">\n\t\t\t\t<div class=\"elementor-widget-container\">\n\t\t\t\t\t\t\t<p class=\"staff-member-position\">Chefredakt\u00f6r<br \/>070 833 54 86<br \/><a class=\"staff-member-email\" title=\"Email Peter Olofsson\" href=\"mailto:peter.olofsson@nordiskemedier.se\">peter.olofsson@nordiskemedier.se<\/a><\/p>\t\t\t\t\t\t<\/div>\n\t\t\t\t<\/div>\n\t\t\t\t<\/div>\n\t\t\t\t\t<\/div>\n\t\t\t\t<\/div>\n\t\t<div class=\"elementor-element elementor-element-f855760 e-flex e-con-boxed e-con e-parent\" data-id=\"f855760\" data-element_type=\"container\" data-core-v316-plus=\"true\">\n\t\t\t\t\t<div class=\"e-con-inner\">\n\t\t<div class=\"elementor-element elementor-element-cc74977 e-con-full e-flex e-con e-child\" data-id=\"cc74977\" data-element_type=\"container\">\n\t\t\t\t<div class=\"elementor-element elementor-element-f1b84b8 elementor-widget elementor-widget-spacer\" data-id=\"f1b84b8\" data-element_type=\"widget\" data-widget_type=\"spacer.default\">\n\t\t\t\t<div class=\"elementor-widget-container\">\n\t\t\t\t\t<div class=\"elementor-spacer\">\n\t\t\t<div class=\"elementor-spacer-inner\"><\/div>\n\t\t<\/div>\n\t\t\t\t<\/div>\n\t\t\t\t<\/div>\n\t\t\t\t<div class=\"elementor-element elementor-element-83cff57 elementor-widget elementor-widget-image\" data-id=\"83cff57\" data-element_type=\"widget\" data-widget_type=\"image.default\">\n\t\t\t\t<div class=\"elementor-widget-container\">\n\t\t\t\t\t\t\t\t\t\t\t\t\t<img decoding=\"async\" width=\"300\" height=\"300\" src=\"https:\/\/nmevents.se\/packpointnordic\/wp-content\/uploads\/sites\/62\/2025\/05\/marc_ratt-1.jpg\" class=\"attachment-full size-full wp-image-1741\" alt=\"\" srcset=\"https:\/\/nmevents.se\/packpointnordic\/wp-content\/uploads\/sites\/62\/2025\/05\/marc_ratt-1.jpg 300w, https:\/\/nmevents.se\/packpointnordic\/wp-content\/uploads\/sites\/62\/2025\/05\/marc_ratt-1-150x150.jpg 150w\" sizes=\"(max-width: 300px) 100vw, 300px\" \/>\t\t\t\t\t\t\t\t\t\t\t\t\t<\/div>\n\t\t\t\t<\/div>\n\t\t\t\t<div class=\"elementor-element elementor-element-922ac5c elementor-widget elementor-widget-heading\" data-id=\"922ac5c\" data-element_type=\"widget\" data-widget_type=\"heading.default\">\n\t\t\t\t<div class=\"elementor-widget-container\">\n\t\t\t<h3 class=\"elementor-heading-title elementor-size-default\">Marc Feucht\n<\/h3>\t\t<\/div>\n\t\t\t\t<\/div>\n\t\t\t\t<div class=\"elementor-element elementor-element-945bcf0 elementor-widget elementor-widget-text-editor\" data-id=\"945bcf0\" data-element_type=\"widget\" data-widget_type=\"text-editor.default\">\n\t\t\t\t<div class=\"elementor-widget-container\">\n\t\t\t\t\t\t\t<p class=\"staff-member-position\">Projektledare<br \/>073 682 53 26<br \/><a class=\"staff-member-email\" title=\"Email Marc Feucht\" href=\"mailto:marc.feucht@nordiskemedier.se\">marc.feucht@nordiskemedier.se<\/a><\/p>\t\t\t\t\t\t<\/div>\n\t\t\t\t<\/div>\n\t\t\t\t<\/div>\n\t\t<div class=\"elementor-element elementor-element-71f630e e-con-full e-flex e-con e-child\" data-id=\"71f630e\" data-element_type=\"container\">\n\t\t\t\t<div class=\"elementor-element elementor-element-896f8ed elementor-widget elementor-widget-image\" data-id=\"896f8ed\" data-element_type=\"widget\" data-widget_type=\"image.default\">\n\t\t\t\t<div class=\"elementor-widget-container\">\n\t\t\t\t\t\t\t\t\t\t\t\t\t<img loading=\"lazy\" decoding=\"async\" width=\"300\" height=\"300\" src=\"https:\/\/nmevents.se\/packpointnordic\/wp-content\/uploads\/sites\/62\/2025\/05\/jerker_ratratt-1.jpg\" class=\"attachment-full size-full wp-image-1742\" alt=\"\" srcset=\"https:\/\/nmevents.se\/packpointnordic\/wp-content\/uploads\/sites\/62\/2025\/05\/jerker_ratratt-1.jpg 300w, https:\/\/nmevents.se\/packpointnordic\/wp-content\/uploads\/sites\/62\/2025\/05\/jerker_ratratt-1-150x150.jpg 150w\" sizes=\"(max-width: 300px) 100vw, 300px\" \/>\t\t\t\t\t\t\t\t\t\t\t\t\t<\/div>\n\t\t\t\t<\/div>\n\t\t\t\t<div class=\"elementor-element elementor-element-58055f4 elementor-widget elementor-widget-heading\" data-id=\"58055f4\" data-element_type=\"widget\" data-widget_type=\"heading.default\">\n\t\t\t\t<div class=\"elementor-widget-container\">\n\t\t\t<h3 class=\"elementor-heading-title elementor-size-default\">Jerker Evaldsson\n<\/h3>\t\t<\/div>\n\t\t\t\t<\/div>\n\t\t\t\t<div class=\"elementor-element elementor-element-b3b502c elementor-widget elementor-widget-text-editor\" data-id=\"b3b502c\" data-element_type=\"widget\" data-widget_type=\"text-editor.default\">\n\t\t\t\t<div class=\"elementor-widget-container\">\n\t\t\t\t\t\t\t<p class=\"staff-member-position\">F\u00f6rs\u00e4ljningschef\u00a0<br \/>070 975 99 40<br \/><a href=\"mailto:jerker.evaldsson@nordiskemedier.se\">jerker.evaldsson@nordiskemedier.se<\/a><\/p>\t\t\t\t\t\t<\/div>\n\t\t\t\t<\/div>\n\t\t\t\t<\/div>\n\t\t<div class=\"elementor-element elementor-element-8399f2d e-con-full e-flex e-con e-child\" data-id=\"8399f2d\" data-element_type=\"container\">\n\t\t\t\t<div class=\"elementor-element elementor-element-cc7afff elementor-widget elementor-widget-spacer\" data-id=\"cc7afff\" data-element_type=\"widget\" data-widget_type=\"spacer.default\">\n\t\t\t\t<div class=\"elementor-widget-container\">\n\t\t\t\t\t<div class=\"elementor-spacer\">\n\t\t\t<div class=\"elementor-spacer-inner\"><\/div>\n\t\t<\/div>\n\t\t\t\t<\/div>\n\t\t\t\t<\/div>\n\t\t\t\t<div class=\"elementor-element elementor-element-3626c2f elementor-widget elementor-widget-image\" data-id=\"3626c2f\" data-element_type=\"widget\" data-widget_type=\"image.default\">\n\t\t\t\t<div class=\"elementor-widget-container\">\n\t\t\t\t\t\t\t\t\t\t\t\t\t<img loading=\"lazy\" decoding=\"async\" width=\"300\" height=\"300\" src=\"https:\/\/nmevents.se\/packpointnordic\/wp-content\/uploads\/sites\/62\/2025\/05\/magnus_ratt-1.jpg\" class=\"attachment-medium_large size-medium_large wp-image-1743\" alt=\"\" srcset=\"https:\/\/nmevents.se\/packpointnordic\/wp-content\/uploads\/sites\/62\/2025\/05\/magnus_ratt-1.jpg 300w, https:\/\/nmevents.se\/packpointnordic\/wp-content\/uploads\/sites\/62\/2025\/05\/magnus_ratt-1-150x150.jpg 150w\" sizes=\"(max-width: 300px) 100vw, 300px\" \/>\t\t\t\t\t\t\t\t\t\t\t\t\t<\/div>\n\t\t\t\t<\/div>\n\t\t\t\t<div class=\"elementor-element elementor-element-31fe2d9 elementor-widget elementor-widget-heading\" data-id=\"31fe2d9\" data-element_type=\"widget\" data-widget_type=\"heading.default\">\n\t\t\t\t<div class=\"elementor-widget-container\">\n\t\t\t<h3 class=\"elementor-heading-title elementor-size-default\">Magnus Wrigert\n<\/h3>\t\t<\/div>\n\t\t\t\t<\/div>\n\t\t\t\t<div class=\"elementor-element elementor-element-d70d0da elementor-widget elementor-widget-text-editor\" data-id=\"d70d0da\" data-element_type=\"widget\" data-widget_type=\"text-editor.default\">\n\t\t\t\t<div class=\"elementor-widget-container\">\n\t\t\t\t\t\t\t<p class=\"staff-member-position\">Medias\u00e4ljare<br \/>073 682 53 37<br \/><a class=\"staff-member-email\" title=\"Email Magnus Wrigert\" href=\"mailto:magnus.wrigert@nordiskemedier.se\">magnus.wrigert@nordiskemedier.se<\/a><\/p>\t\t\t\t\t\t<\/div>\n\t\t\t\t<\/div>\n\t\t\t\t<\/div>\n\t\t\t\t\t<\/div>\n\t\t\t\t<\/div>\n\t\t<div class=\"elementor-element elementor-element-79e6ea0 e-flex e-con-boxed e-con e-parent\" data-id=\"79e6ea0\" data-element_type=\"container\" data-core-v316-plus=\"true\">\n\t\t\t\t\t<div class=\"e-con-inner\">\n\t\t\t\t<div class=\"elementor-element elementor-element-fe4bc56 elementor-widget elementor-widget-spacer\" data-id=\"fe4bc56\" data-element_type=\"widget\" data-widget_type=\"spacer.default\">\n\t\t\t\t<div class=\"elementor-widget-container\">\n\t\t\t\t\t<div class=\"elementor-spacer\">\n\t\t\t<div class=\"elementor-spacer-inner\"><\/div>\n\t\t<\/div>\n\t\t\t\t<\/div>\n\t\t\t\t<\/div>\n\t\t\t\t\t<\/div>\n\t\t\t\t<\/div>\n\t\t\t\t<\/div>\n\t\t","protected":false},"excerpt":{"rendered":"<p>Per-Stefan Gersbro Projektledare, Pack Point Nordic 070 998 96 91 psg@paccedo.com Peter Olofsson Chefredakt\u00f6r 070 833 54 86 peter.olofsson@nordiskemedier.se Marc Feucht Projektledare 073 682 53 26 marc.feucht@nordiskemedier.se Jerker Evaldsson F\u00f6rs\u00e4ljningschef 070 975 99 40 jerker.evaldsson@nordiskemedier.se Magnus Wrigert Medias\u00e4ljare 073 682 53 37 magnus.wrigert@nordiskemedier.se<\/p>\n","protected":false},"author":1,"featured_media":0,"parent":0,"menu_order":0,"comment_status":"closed","ping_status":"closed","template":"elementor_header_footer","meta":{"_acf_changed":false,"footnotes":""},"acf":[],"_links":{"self":[{"href":"https:\/\/nmevents.se\/packpointnordic\/wp-json\/wp\/v2\/pages\/696"}],"collection":[{"href":"https:\/\/nmevents.se\/packpointnordic\/wp-json\/wp\/v2\/pages"}],"about":[{"href":"https:\/\/nmevents.se\/packpointnordic\/wp-json\/wp\/v2\/types\/page"}],"author":[{"embeddable":true,"href":"https:\/\/nmevents.se\/packpointnordic\/wp-json\/wp\/v2\/users\/1"}],"replies":[{"embeddable":true,"href":"https:\/\/nmevents.se\/packpointnordic\/wp-json\/wp\/v2\/comments?post=696"}],"version-history":[{"count":106,"href":"https:\/\/nmevents.se\/packpointnordic\/wp-json\/wp\/v2\/pages\/696\/revisions"}],"predecessor-version":[{"id":1806,"href":"https:\/\/nmevents.se\/packpointnordic\/wp-json\/wp\/v2\/pages\/696\/revisions\/1806"}],"wp:attachment":[{"href":"https:\/\/nmevents.se\/packpointnordic\/wp-json\/wp\/v2\/media?parent=696"}],"curies":[{"name":"wp","href":"https:\/\/api.w.org\/{rel}","templated":true}]}}