{"id":17,"date":"2023-11-06T11:17:16","date_gmt":"2023-11-06T11:17:16","guid":{"rendered":"https:\/\/eventdk4_.nordiske-medier.dk4_\/?page_id=17"},"modified":"2026-01-13T15:54:43","modified_gmt":"2026-01-13T14:54:43","slug":"kontakt","status":"publish","type":"page","link":"https:\/\/nmevents.se\/recyclingcup\/kontakt\/","title":{"rendered":"Kontakt"},"content":{"rendered":"\t\t<div data-elementor-type=\"wp-page\" data-elementor-id=\"17\" class=\"elementor elementor-17\" data-elementor-post-type=\"page\">\n\t\t\t\t<div class=\"elementor-element elementor-element-43f59f8 e-flex e-con-boxed e-con e-parent\" data-id=\"43f59f8\" data-element_type=\"container\" data-core-v316-plus=\"true\">\n\t\t\t\t\t<div class=\"e-con-inner\">\n\t\t\t\t<div class=\"elementor-element elementor-element-600e899 elementor-widget elementor-widget-spacer\" data-id=\"600e899\" data-element_type=\"widget\" data-widget_type=\"spacer.default\">\n\t\t\t\t<div class=\"elementor-widget-container\">\n\t\t\t<style>\/*! elementor - v3.20.0 - 20-03-2024 *\/\n.elementor-column .elementor-spacer-inner{height:var(--spacer-size)}.e-con{--container-widget-width:100%}.e-con-inner>.elementor-widget-spacer,.e-con>.elementor-widget-spacer{width:var(--container-widget-width,var(--spacer-size));--align-self:var(--container-widget-align-self,initial);--flex-shrink:0}.e-con-inner>.elementor-widget-spacer>.elementor-widget-container,.e-con>.elementor-widget-spacer>.elementor-widget-container{height:100%;width:100%}.e-con-inner>.elementor-widget-spacer>.elementor-widget-container>.elementor-spacer,.e-con>.elementor-widget-spacer>.elementor-widget-container>.elementor-spacer{height:100%}.e-con-inner>.elementor-widget-spacer>.elementor-widget-container>.elementor-spacer>.elementor-spacer-inner,.e-con>.elementor-widget-spacer>.elementor-widget-container>.elementor-spacer>.elementor-spacer-inner{height:var(--container-widget-height,var(--spacer-size))}.e-con-inner>.elementor-widget-spacer.elementor-widget-empty,.e-con>.elementor-widget-spacer.elementor-widget-empty{position:relative;min-height:22px;min-width:22px}.e-con-inner>.elementor-widget-spacer.elementor-widget-empty .elementor-widget-empty-icon,.e-con>.elementor-widget-spacer.elementor-widget-empty .elementor-widget-empty-icon{position:absolute;top:0;bottom:0;left:0;right:0;margin:auto;padding:0;width:22px;height:22px}<\/style>\t\t<div class=\"elementor-spacer\">\n\t\t\t<div class=\"elementor-spacer-inner\"><\/div>\n\t\t<\/div>\n\t\t\t\t<\/div>\n\t\t\t\t<\/div>\n\t\t\t\t\t<\/div>\n\t\t\t\t<\/div>\n\t\t<div class=\"elementor-element elementor-element-4962d51 e-flex e-con-boxed e-con e-parent\" data-id=\"4962d51\" data-element_type=\"container\" data-core-v316-plus=\"true\">\n\t\t\t\t\t<div class=\"e-con-inner\">\n\t\t<div class=\"elementor-element elementor-element-4f11154 e-con-full e-flex e-con e-child\" data-id=\"4f11154\" data-element_type=\"container\">\n\t\t\t\t<div class=\"elementor-element elementor-element-432c348 elementor-widget elementor-widget-image\" data-id=\"432c348\" data-element_type=\"widget\" data-widget_type=\"image.default\">\n\t\t\t\t<div class=\"elementor-widget-container\">\n\t\t\t<style>\/*! elementor - v3.20.0 - 20-03-2024 *\/\n.elementor-widget-image{text-align:center}.elementor-widget-image a{display:inline-block}.elementor-widget-image a img[src$=\".svg\"]{width:48px}.elementor-widget-image img{vertical-align:middle;display:inline-block}<\/style>\t\t\t\t\t\t\t\t\t\t<img fetchpriority=\"high\" decoding=\"async\" width=\"1000\" height=\"1000\" src=\"https:\/\/nmevents.se\/recyclingcup\/wp-content\/uploads\/sites\/23\/2025\/03\/Peter-Olofsson_frilagd.png\" class=\"attachment-full size-full wp-image-2209\" alt=\"\" srcset=\"https:\/\/nmevents.se\/recyclingcup\/wp-content\/uploads\/sites\/23\/2025\/03\/Peter-Olofsson_frilagd.png 1000w, https:\/\/nmevents.se\/recyclingcup\/wp-content\/uploads\/sites\/23\/2025\/03\/Peter-Olofsson_frilagd-300x300.png 300w, https:\/\/nmevents.se\/recyclingcup\/wp-content\/uploads\/sites\/23\/2025\/03\/Peter-Olofsson_frilagd-150x150.png 150w, https:\/\/nmevents.se\/recyclingcup\/wp-content\/uploads\/sites\/23\/2025\/03\/Peter-Olofsson_frilagd-768x768.png 768w\" sizes=\"(max-width: 1000px) 100vw, 1000px\" \/>\t\t\t\t\t\t\t\t\t\t\t\t\t<\/div>\n\t\t\t\t<\/div>\n\t\t<div class=\"elementor-element elementor-element-a2a9d35 e-con-full e-flex e-con e-child\" data-id=\"a2a9d35\" data-element_type=\"container\">\n\t\t\t\t<div class=\"elementor-element elementor-element-464b214 elementor-widget elementor-widget-heading\" data-id=\"464b214\" data-element_type=\"widget\" data-widget_type=\"heading.default\">\n\t\t\t\t<div class=\"elementor-widget-container\">\n\t\t\t<style>\/*! elementor - v3.20.0 - 20-03-2024 *\/\n.elementor-heading-title{padding:0;margin:0;line-height:1}.elementor-widget-heading .elementor-heading-title[class*=elementor-size-]>a{color:inherit;font-size:inherit;line-height:inherit}.elementor-widget-heading .elementor-heading-title.elementor-size-small{font-size:15px}.elementor-widget-heading .elementor-heading-title.elementor-size-medium{font-size:19px}.elementor-widget-heading .elementor-heading-title.elementor-size-large{font-size:29px}.elementor-widget-heading .elementor-heading-title.elementor-size-xl{font-size:39px}.elementor-widget-heading .elementor-heading-title.elementor-size-xxl{font-size:59px}<\/style><h5 class=\"elementor-heading-title elementor-size-default\">Peter Olofsson<\/h5>\t\t<\/div>\n\t\t\t\t<\/div>\n\t\t\t\t<div class=\"elementor-element elementor-element-f19b7a2 elementor-widget elementor-widget-text-editor\" data-id=\"f19b7a2\" data-element_type=\"widget\" data-widget_type=\"text-editor.default\">\n\t\t\t\t<div class=\"elementor-widget-container\">\n\t\t\t<style>\/*! elementor - v3.20.0 - 20-03-2024 *\/\n.elementor-widget-text-editor.elementor-drop-cap-view-stacked .elementor-drop-cap{background-color:#69727d;color:#fff}.elementor-widget-text-editor.elementor-drop-cap-view-framed .elementor-drop-cap{color:#69727d;border:3px solid;background-color:transparent}.elementor-widget-text-editor:not(.elementor-drop-cap-view-default) .elementor-drop-cap{margin-top:8px}.elementor-widget-text-editor:not(.elementor-drop-cap-view-default) .elementor-drop-cap-letter{width:1em;height:1em}.elementor-widget-text-editor .elementor-drop-cap{float:left;text-align:center;line-height:1;font-size:50px}.elementor-widget-text-editor .elementor-drop-cap-letter{display:inline-block}<\/style>\t\t\t\t<p>Chefredakt\u00f6r<br class=\"\" \/>070-833 54 86<br \/>peter.olofsson@nordiskemedier.se<\/p>\t\t\t\t\t\t<\/div>\n\t\t\t\t<\/div>\n\t\t\t\t<\/div>\n\t\t\t\t<\/div>\n\t\t<div class=\"elementor-element elementor-element-79874f9 e-con-full e-flex e-con e-child\" data-id=\"79874f9\" data-element_type=\"container\">\n\t\t\t\t<div class=\"elementor-element elementor-element-d8c044a elementor-widget elementor-widget-image\" data-id=\"d8c044a\" data-element_type=\"widget\" data-widget_type=\"image.default\">\n\t\t\t\t<div class=\"elementor-widget-container\">\n\t\t\t\t\t\t\t\t\t\t\t\t\t<img decoding=\"async\" width=\"1707\" height=\"1707\" src=\"https:\/\/nmevents.se\/recyclingcup\/wp-content\/uploads\/sites\/23\/2025\/03\/JE12_-1.jpg\" class=\"attachment-full size-full wp-image-2210\" alt=\"\" srcset=\"https:\/\/nmevents.se\/recyclingcup\/wp-content\/uploads\/sites\/23\/2025\/03\/JE12_-1.jpg 1707w, https:\/\/nmevents.se\/recyclingcup\/wp-content\/uploads\/sites\/23\/2025\/03\/JE12_-1-300x300.jpg 300w, https:\/\/nmevents.se\/recyclingcup\/wp-content\/uploads\/sites\/23\/2025\/03\/JE12_-1-1024x1024.jpg 1024w, https:\/\/nmevents.se\/recyclingcup\/wp-content\/uploads\/sites\/23\/2025\/03\/JE12_-1-150x150.jpg 150w, https:\/\/nmevents.se\/recyclingcup\/wp-content\/uploads\/sites\/23\/2025\/03\/JE12_-1-768x768.jpg 768w, https:\/\/nmevents.se\/recyclingcup\/wp-content\/uploads\/sites\/23\/2025\/03\/JE12_-1-1536x1536.jpg 1536w\" sizes=\"(max-width: 1707px) 100vw, 1707px\" \/>\t\t\t\t\t\t\t\t\t\t\t\t\t<\/div>\n\t\t\t\t<\/div>\n\t\t<div class=\"elementor-element elementor-element-3b72033 e-con-full e-flex e-con e-child\" data-id=\"3b72033\" data-element_type=\"container\">\n\t\t\t\t<div class=\"elementor-element elementor-element-7eff8b3 elementor-widget elementor-widget-heading\" data-id=\"7eff8b3\" data-element_type=\"widget\" data-widget_type=\"heading.default\">\n\t\t\t\t<div class=\"elementor-widget-container\">\n\t\t\t<h5 class=\"elementor-heading-title elementor-size-default\">Jerker Evaldsson<\/h5>\t\t<\/div>\n\t\t\t\t<\/div>\n\t\t\t\t<div class=\"elementor-element elementor-element-9cb60bb elementor-widget elementor-widget-text-editor\" data-id=\"9cb60bb\" data-element_type=\"widget\" data-widget_type=\"text-editor.default\">\n\t\t\t\t<div class=\"elementor-widget-container\">\n\t\t\t\t\t\t\t<p>F\u00f6rs\u00e4ljningschef<br class=\"\" \/>070-975 99 40<br \/>jerker.evaldsson@nordiskemedier.se<\/p>\t\t\t\t\t\t<\/div>\n\t\t\t\t<\/div>\n\t\t\t\t<\/div>\n\t\t\t\t<\/div>\n\t\t<div class=\"elementor-element elementor-element-f56cce2 e-con-full e-flex e-con e-child\" data-id=\"f56cce2\" data-element_type=\"container\">\n\t\t\t\t<div class=\"elementor-element elementor-element-ceaba54 elementor-widget elementor-widget-image\" data-id=\"ceaba54\" data-element_type=\"widget\" data-widget_type=\"image.default\">\n\t\t\t\t<div class=\"elementor-widget-container\">\n\t\t\t\t\t\t\t\t\t\t\t\t\t<img decoding=\"async\" width=\"1000\" height=\"1000\" src=\"https:\/\/nmevents.se\/recyclingcup\/wp-content\/uploads\/sites\/23\/2025\/03\/Josefine-Rydstedt.png\" class=\"attachment-full size-full wp-image-2211\" alt=\"\" srcset=\"https:\/\/nmevents.se\/recyclingcup\/wp-content\/uploads\/sites\/23\/2025\/03\/Josefine-Rydstedt.png 1000w, https:\/\/nmevents.se\/recyclingcup\/wp-content\/uploads\/sites\/23\/2025\/03\/Josefine-Rydstedt-300x300.png 300w, https:\/\/nmevents.se\/recyclingcup\/wp-content\/uploads\/sites\/23\/2025\/03\/Josefine-Rydstedt-150x150.png 150w, https:\/\/nmevents.se\/recyclingcup\/wp-content\/uploads\/sites\/23\/2025\/03\/Josefine-Rydstedt-768x768.png 768w\" sizes=\"(max-width: 1000px) 100vw, 1000px\" \/>\t\t\t\t\t\t\t\t\t\t\t\t\t<\/div>\n\t\t\t\t<\/div>\n\t\t<div class=\"elementor-element elementor-element-f39e859 e-con-full e-flex e-con e-child\" data-id=\"f39e859\" data-element_type=\"container\">\n\t\t\t\t<div class=\"elementor-element elementor-element-cc6bd7e elementor-widget elementor-widget-heading\" data-id=\"cc6bd7e\" data-element_type=\"widget\" data-widget_type=\"heading.default\">\n\t\t\t\t<div class=\"elementor-widget-container\">\n\t\t\t<h5 class=\"elementor-heading-title elementor-size-default\">Josefine Rydstedt<\/h5>\t\t<\/div>\n\t\t\t\t<\/div>\n\t\t\t\t<div class=\"elementor-element elementor-element-b70b431 elementor-widget elementor-widget-text-editor\" data-id=\"b70b431\" data-element_type=\"widget\" data-widget_type=\"text-editor.default\">\n\t\t\t\t<div class=\"elementor-widget-container\">\n\t\t\t\t\t\t\t<p>Projektledare<br \/>\u00a0070-171 61 79<br \/>josefine.rydstedt@nordiskemedier.se<\/p>\t\t\t\t\t\t<\/div>\n\t\t\t\t<\/div>\n\t\t\t\t<\/div>\n\t\t\t\t<\/div>\n\t\t<div class=\"elementor-element elementor-element-bf8cbd8 e-con-full elementor-hidden-desktop elementor-hidden-tablet elementor-hidden-mobile e-flex e-con e-child\" data-id=\"bf8cbd8\" data-element_type=\"container\">\n\t\t\t\t<div class=\"elementor-element elementor-element-0beb8a0 elementor-widget elementor-widget-image\" data-id=\"0beb8a0\" data-element_type=\"widget\" data-widget_type=\"image.default\">\n\t\t\t\t<div class=\"elementor-widget-container\">\n\t\t\t\t\t\t\t\t\t\t\t\t\t<img loading=\"lazy\" decoding=\"async\" width=\"300\" height=\"300\" src=\"https:\/\/nmevents.se\/recyclingcup\/wp-content\/uploads\/sites\/23\/2025\/03\/Lena-Jacobs_svv-300x300-1.jpg\" class=\"attachment-full size-full wp-image-2212\" alt=\"\" srcset=\"https:\/\/nmevents.se\/recyclingcup\/wp-content\/uploads\/sites\/23\/2025\/03\/Lena-Jacobs_svv-300x300-1.jpg 300w, https:\/\/nmevents.se\/recyclingcup\/wp-content\/uploads\/sites\/23\/2025\/03\/Lena-Jacobs_svv-300x300-1-150x150.jpg 150w\" sizes=\"(max-width: 300px) 100vw, 300px\" \/>\t\t\t\t\t\t\t\t\t\t\t\t\t<\/div>\n\t\t\t\t<\/div>\n\t\t<div class=\"elementor-element elementor-element-0844977 e-con-full e-flex e-con e-child\" data-id=\"0844977\" data-element_type=\"container\">\n\t\t\t\t<div class=\"elementor-element elementor-element-5bd32eb elementor-widget elementor-widget-heading\" data-id=\"5bd32eb\" data-element_type=\"widget\" data-widget_type=\"heading.default\">\n\t\t\t\t<div class=\"elementor-widget-container\">\n\t\t\t<h5 class=\"elementor-heading-title elementor-size-default\">Lena Jacobs<\/h5>\t\t<\/div>\n\t\t\t\t<\/div>\n\t\t\t\t<div class=\"elementor-element elementor-element-6cca387 elementor-widget elementor-widget-text-editor\" data-id=\"6cca387\" data-element_type=\"widget\" data-widget_type=\"text-editor.default\">\n\t\t\t\t<div class=\"elementor-widget-container\">\n\t\t\t\t\t\t\t<p>Medias\u00e4ljare<br \/>073-682 53 19<br \/>lena.jacobs@nordiskemedier.se<\/p>\t\t\t\t\t\t<\/div>\n\t\t\t\t<\/div>\n\t\t\t\t<\/div>\n\t\t\t\t<\/div>\n\t\t\t\t\t<\/div>\n\t\t\t\t<\/div>\n\t\t\t\t<\/div>\n\t\t","protected":false},"excerpt":{"rendered":"<p>Peter Olofsson Chefredakt\u00f6r070-833 54 86peter.olofsson@nordiskemedier.se Jerker Evaldsson F\u00f6rs\u00e4ljningschef070-975 99 40jerker.evaldsson@nordiskemedier.se Josefine Rydstedt Projektledare\u00a0070-171 61 79josefine.rydstedt@nordiskemedier.se Lena Jacobs Medias\u00e4ljare073-682 53 19lena.jacobs@nordiskemedier.se<\/p>\n","protected":false},"author":1,"featured_media":0,"parent":0,"menu_order":0,"comment_status":"closed","ping_status":"closed","template":"elementor_header_footer","meta":{"_acf_changed":false,"footnotes":""},"acf":[],"_links":{"self":[{"href":"https:\/\/nmevents.se\/recyclingcup\/wp-json\/wp\/v2\/pages\/17"}],"collection":[{"href":"https:\/\/nmevents.se\/recyclingcup\/wp-json\/wp\/v2\/pages"}],"about":[{"href":"https:\/\/nmevents.se\/recyclingcup\/wp-json\/wp\/v2\/types\/page"}],"author":[{"embeddable":true,"href":"https:\/\/nmevents.se\/recyclingcup\/wp-json\/wp\/v2\/users\/1"}],"replies":[{"embeddable":true,"href":"https:\/\/nmevents.se\/recyclingcup\/wp-json\/wp\/v2\/comments?post=17"}],"version-history":[{"count":27,"href":"https:\/\/nmevents.se\/recyclingcup\/wp-json\/wp\/v2\/pages\/17\/revisions"}],"predecessor-version":[{"id":2735,"href":"https:\/\/nmevents.se\/recyclingcup\/wp-json\/wp\/v2\/pages\/17\/revisions\/2735"}],"wp:attachment":[{"href":"https:\/\/nmevents.se\/recyclingcup\/wp-json\/wp\/v2\/media?parent=17"}],"curies":[{"name":"wp","href":"https:\/\/api.w.org\/{rel}","templated":true}]}}