{"id":600,"date":"2023-11-29T14:13:13","date_gmt":"2023-11-29T12:13:13","guid":{"rendered":"https:\/\/eventdk.nordiske-medier.dk\/pack-point-nordic\/?page_id=600"},"modified":"2026-02-11T11:23:20","modified_gmt":"2026-02-11T10:23:20","slug":"fordeltagaren","status":"publish","type":"page","link":"https:\/\/nmevents.se\/recyclingcup\/fordeltagaren\/","title":{"rendered":"F\u00f6r deltagaren"},"content":{"rendered":"\t\t<div data-elementor-type=\"wp-page\" data-elementor-id=\"600\" class=\"elementor elementor-600\" data-elementor-post-type=\"page\">\n\t\t\t\t<div class=\"elementor-element elementor-element-d0cf7ca e-flex e-con-boxed e-con e-parent\" data-id=\"d0cf7ca\" data-element_type=\"container\" data-core-v316-plus=\"true\">\n\t\t\t\t\t<div class=\"e-con-inner\">\n\t\t\t\t<div class=\"elementor-element elementor-element-e60519a elementor-widget elementor-widget-spacer\" data-id=\"e60519a\" data-element_type=\"widget\" data-widget_type=\"spacer.default\">\n\t\t\t\t<div class=\"elementor-widget-container\">\n\t\t\t<style>\/*! elementor - v3.20.0 - 20-03-2024 *\/\n.elementor-column .elementor-spacer-inner{height:var(--spacer-size)}.e-con{--container-widget-width:100%}.e-con-inner>.elementor-widget-spacer,.e-con>.elementor-widget-spacer{width:var(--container-widget-width,var(--spacer-size));--align-self:var(--container-widget-align-self,initial);--flex-shrink:0}.e-con-inner>.elementor-widget-spacer>.elementor-widget-container,.e-con>.elementor-widget-spacer>.elementor-widget-container{height:100%;width:100%}.e-con-inner>.elementor-widget-spacer>.elementor-widget-container>.elementor-spacer,.e-con>.elementor-widget-spacer>.elementor-widget-container>.elementor-spacer{height:100%}.e-con-inner>.elementor-widget-spacer>.elementor-widget-container>.elementor-spacer>.elementor-spacer-inner,.e-con>.elementor-widget-spacer>.elementor-widget-container>.elementor-spacer>.elementor-spacer-inner{height:var(--container-widget-height,var(--spacer-size))}.e-con-inner>.elementor-widget-spacer.elementor-widget-empty,.e-con>.elementor-widget-spacer.elementor-widget-empty{position:relative;min-height:22px;min-width:22px}.e-con-inner>.elementor-widget-spacer.elementor-widget-empty .elementor-widget-empty-icon,.e-con>.elementor-widget-spacer.elementor-widget-empty .elementor-widget-empty-icon{position:absolute;top:0;bottom:0;left:0;right:0;margin:auto;padding:0;width:22px;height:22px}<\/style>\t\t<div class=\"elementor-spacer\">\n\t\t\t<div class=\"elementor-spacer-inner\"><\/div>\n\t\t<\/div>\n\t\t\t\t<\/div>\n\t\t\t\t<\/div>\n\t\t\t\t\t<\/div>\n\t\t\t\t<\/div>\n\t\t<div class=\"elementor-element elementor-element-c5087a0 e-flex e-con-boxed e-con e-parent\" data-id=\"c5087a0\" data-element_type=\"container\" data-core-v316-plus=\"true\">\n\t\t\t\t\t<div class=\"e-con-inner\">\n\t\t<div class=\"elementor-element elementor-element-ab11a4c e-con-full e-flex e-con e-child\" data-id=\"ab11a4c\" data-element_type=\"container\">\n\t\t\t\t<div class=\"elementor-element elementor-element-5b1f71e elementor-widget elementor-widget-heading\" data-id=\"5b1f71e\" data-element_type=\"widget\" data-widget_type=\"heading.default\">\n\t\t\t\t<div class=\"elementor-widget-container\">\n\t\t\t<style>\/*! elementor - v3.20.0 - 20-03-2024 *\/\n.elementor-heading-title{padding:0;margin:0;line-height:1}.elementor-widget-heading .elementor-heading-title[class*=elementor-size-]>a{color:inherit;font-size:inherit;line-height:inherit}.elementor-widget-heading .elementor-heading-title.elementor-size-small{font-size:15px}.elementor-widget-heading .elementor-heading-title.elementor-size-medium{font-size:19px}.elementor-widget-heading .elementor-heading-title.elementor-size-large{font-size:29px}.elementor-widget-heading .elementor-heading-title.elementor-size-xl{font-size:39px}.elementor-widget-heading .elementor-heading-title.elementor-size-xxl{font-size:59px}<\/style><h3 class=\"elementor-heading-title elementor-size-default\">Prelimin\u00e4rt uppl\u00e4gg f\u00f6r dagen<\/h3>\t\t<\/div>\n\t\t\t\t<\/div>\n\t\t\t\t<div class=\"elementor-element elementor-element-b4ed0e7 elementor-widget elementor-widget-heading\" data-id=\"b4ed0e7\" data-element_type=\"widget\" data-widget_type=\"heading.default\">\n\t\t\t\t<div class=\"elementor-widget-container\">\n\t\t\t<h2 class=\"elementor-heading-title elementor-size-default\">27 augusti, Ombergs Golf Resort<\/h2>\t\t<\/div>\n\t\t\t\t<\/div>\n\t\t<div class=\"elementor-element elementor-element-7c4a84f e-con-full e-flex e-con e-child\" data-id=\"7c4a84f\" data-element_type=\"container\">\n\t\t<div class=\"elementor-element elementor-element-465754b e-flex e-con-boxed e-con e-child\" data-id=\"465754b\" data-element_type=\"container\">\n\t\t\t\t\t<div class=\"e-con-inner\">\n\t\t<div class=\"elementor-element elementor-element-2a51782 e-con-full e-flex e-con e-child\" data-id=\"2a51782\" data-element_type=\"container\">\n\t\t\t\t<div class=\"elementor-element elementor-element-e8dee30 elementor-widget elementor-widget-text-editor\" data-id=\"e8dee30\" data-element_type=\"widget\" data-widget_type=\"text-editor.default\">\n\t\t\t\t<div class=\"elementor-widget-container\">\n\t\t\t<style>\/*! elementor - v3.20.0 - 20-03-2024 *\/\n.elementor-widget-text-editor.elementor-drop-cap-view-stacked .elementor-drop-cap{background-color:#69727d;color:#fff}.elementor-widget-text-editor.elementor-drop-cap-view-framed .elementor-drop-cap{color:#69727d;border:3px solid;background-color:transparent}.elementor-widget-text-editor:not(.elementor-drop-cap-view-default) .elementor-drop-cap{margin-top:8px}.elementor-widget-text-editor:not(.elementor-drop-cap-view-default) .elementor-drop-cap-letter{width:1em;height:1em}.elementor-widget-text-editor .elementor-drop-cap{float:left;text-align:center;line-height:1;font-size:50px}.elementor-widget-text-editor .elementor-drop-cap-letter{display:inline-block}<\/style>\t\t\t\t<p><strong>08:00<\/strong><\/p>\t\t\t\t\t\t<\/div>\n\t\t\t\t<\/div>\n\t\t\t\t<\/div>\n\t\t<div class=\"elementor-element elementor-element-37567fe e-flex e-con-boxed e-con e-child\" data-id=\"37567fe\" data-element_type=\"container\">\n\t\t\t\t\t<div class=\"e-con-inner\">\n\t\t\t\t<div class=\"elementor-element elementor-element-d73eca1 elementor-widget elementor-widget-heading\" data-id=\"d73eca1\" data-element_type=\"widget\" data-widget_type=\"heading.default\">\n\t\t\t\t<div class=\"elementor-widget-container\">\n\t\t\t<h3 class=\"elementor-heading-title elementor-size-default\">Samling vid klubbhuset f\u00f6r information och utdelning av startkit samt scorekort.<\/h3>\t\t<\/div>\n\t\t\t\t<\/div>\n\t\t\t\t\t<\/div>\n\t\t\t\t<\/div>\n\t\t\t\t\t<\/div>\n\t\t\t\t<\/div>\n\t\t\t\t<div class=\"elementor-element elementor-element-90481ee elementor-widget-divider--view-line elementor-widget elementor-widget-divider\" data-id=\"90481ee\" data-element_type=\"widget\" data-widget_type=\"divider.default\">\n\t\t\t\t<div class=\"elementor-widget-container\">\n\t\t\t<style>\/*! elementor - v3.20.0 - 20-03-2024 *\/\n.elementor-widget-divider{--divider-border-style:none;--divider-border-width:1px;--divider-color:#0c0d0e;--divider-icon-size:20px;--divider-element-spacing:10px;--divider-pattern-height:24px;--divider-pattern-size:20px;--divider-pattern-url:none;--divider-pattern-repeat:repeat-x}.elementor-widget-divider .elementor-divider{display:flex}.elementor-widget-divider .elementor-divider__text{font-size:15px;line-height:1;max-width:95%}.elementor-widget-divider .elementor-divider__element{margin:0 var(--divider-element-spacing);flex-shrink:0}.elementor-widget-divider .elementor-icon{font-size:var(--divider-icon-size)}.elementor-widget-divider .elementor-divider-separator{display:flex;margin:0;direction:ltr}.elementor-widget-divider--view-line_icon .elementor-divider-separator,.elementor-widget-divider--view-line_text .elementor-divider-separator{align-items:center}.elementor-widget-divider--view-line_icon .elementor-divider-separator:after,.elementor-widget-divider--view-line_icon .elementor-divider-separator:before,.elementor-widget-divider--view-line_text .elementor-divider-separator:after,.elementor-widget-divider--view-line_text .elementor-divider-separator:before{display:block;content:\"\";border-block-end:0;flex-grow:1;border-block-start:var(--divider-border-width) var(--divider-border-style) var(--divider-color)}.elementor-widget-divider--element-align-left .elementor-divider .elementor-divider-separator>.elementor-divider__svg:first-of-type{flex-grow:0;flex-shrink:100}.elementor-widget-divider--element-align-left .elementor-divider-separator:before{content:none}.elementor-widget-divider--element-align-left .elementor-divider__element{margin-left:0}.elementor-widget-divider--element-align-right .elementor-divider .elementor-divider-separator>.elementor-divider__svg:last-of-type{flex-grow:0;flex-shrink:100}.elementor-widget-divider--element-align-right .elementor-divider-separator:after{content:none}.elementor-widget-divider--element-align-right .elementor-divider__element{margin-right:0}.elementor-widget-divider--element-align-start .elementor-divider .elementor-divider-separator>.elementor-divider__svg:first-of-type{flex-grow:0;flex-shrink:100}.elementor-widget-divider--element-align-start .elementor-divider-separator:before{content:none}.elementor-widget-divider--element-align-start .elementor-divider__element{margin-inline-start:0}.elementor-widget-divider--element-align-end .elementor-divider .elementor-divider-separator>.elementor-divider__svg:last-of-type{flex-grow:0;flex-shrink:100}.elementor-widget-divider--element-align-end .elementor-divider-separator:after{content:none}.elementor-widget-divider--element-align-end .elementor-divider__element{margin-inline-end:0}.elementor-widget-divider:not(.elementor-widget-divider--view-line_text):not(.elementor-widget-divider--view-line_icon) .elementor-divider-separator{border-block-start:var(--divider-border-width) var(--divider-border-style) var(--divider-color)}.elementor-widget-divider--separator-type-pattern{--divider-border-style:none}.elementor-widget-divider--separator-type-pattern.elementor-widget-divider--view-line .elementor-divider-separator,.elementor-widget-divider--separator-type-pattern:not(.elementor-widget-divider--view-line) .elementor-divider-separator:after,.elementor-widget-divider--separator-type-pattern:not(.elementor-widget-divider--view-line) .elementor-divider-separator:before,.elementor-widget-divider--separator-type-pattern:not([class*=elementor-widget-divider--view]) .elementor-divider-separator{width:100%;min-height:var(--divider-pattern-height);-webkit-mask-size:var(--divider-pattern-size) 100%;mask-size:var(--divider-pattern-size) 100%;-webkit-mask-repeat:var(--divider-pattern-repeat);mask-repeat:var(--divider-pattern-repeat);background-color:var(--divider-color);-webkit-mask-image:var(--divider-pattern-url);mask-image:var(--divider-pattern-url)}.elementor-widget-divider--no-spacing{--divider-pattern-size:auto}.elementor-widget-divider--bg-round{--divider-pattern-repeat:round}.rtl .elementor-widget-divider .elementor-divider__text{direction:rtl}.e-con-inner>.elementor-widget-divider,.e-con>.elementor-widget-divider{width:var(--container-widget-width,100%);--flex-grow:var(--container-widget-flex-grow)}<\/style>\t\t<div class=\"elementor-divider\">\n\t\t\t<span class=\"elementor-divider-separator\">\n\t\t\t\t\t\t<\/span>\n\t\t<\/div>\n\t\t\t\t<\/div>\n\t\t\t\t<\/div>\n\t\t<div class=\"elementor-element elementor-element-c626cd0 e-flex e-con-boxed e-con e-child\" data-id=\"c626cd0\" data-element_type=\"container\">\n\t\t\t\t\t<div class=\"e-con-inner\">\n\t\t<div class=\"elementor-element elementor-element-cd25793 e-con-full e-flex e-con e-child\" data-id=\"cd25793\" data-element_type=\"container\">\n\t\t\t\t<div class=\"elementor-element elementor-element-50d744b elementor-widget elementor-widget-text-editor\" data-id=\"50d744b\" data-element_type=\"widget\" data-widget_type=\"text-editor.default\">\n\t\t\t\t<div class=\"elementor-widget-container\">\n\t\t\t\t\t\t\t<p><strong>09:00<\/strong><\/p>\t\t\t\t\t\t<\/div>\n\t\t\t\t<\/div>\n\t\t\t\t<\/div>\n\t\t<div class=\"elementor-element elementor-element-9706741 e-flex e-con-boxed e-con e-child\" data-id=\"9706741\" data-element_type=\"container\">\n\t\t\t\t\t<div class=\"e-con-inner\">\n\t\t\t\t<div class=\"elementor-element elementor-element-f048346 elementor-widget elementor-widget-heading\" data-id=\"f048346\" data-element_type=\"widget\" data-widget_type=\"heading.default\">\n\t\t\t\t<div class=\"elementor-widget-container\">\n\t\t\t<h3 class=\"elementor-heading-title elementor-size-default\">Shotgun start. Under dagen bjuder vi p\u00e5 f\u00f6rt\u00e4ring l\u00e4ngst banan.<\/h3>\t\t<\/div>\n\t\t\t\t<\/div>\n\t\t\t\t\t<\/div>\n\t\t\t\t<\/div>\n\t\t\t\t\t<\/div>\n\t\t\t\t<\/div>\n\t\t\t\t<div class=\"elementor-element elementor-element-e906c30 elementor-widget-divider--view-line elementor-widget elementor-widget-divider\" data-id=\"e906c30\" data-element_type=\"widget\" data-widget_type=\"divider.default\">\n\t\t\t\t<div class=\"elementor-widget-container\">\n\t\t\t\t\t<div class=\"elementor-divider\">\n\t\t\t<span class=\"elementor-divider-separator\">\n\t\t\t\t\t\t<\/span>\n\t\t<\/div>\n\t\t\t\t<\/div>\n\t\t\t\t<\/div>\n\t\t<div class=\"elementor-element elementor-element-bb1b513 e-flex e-con-boxed e-con e-child\" data-id=\"bb1b513\" data-element_type=\"container\">\n\t\t\t\t\t<div class=\"e-con-inner\">\n\t\t<div class=\"elementor-element elementor-element-92f52bf e-con-full e-flex e-con e-child\" data-id=\"92f52bf\" data-element_type=\"container\">\n\t\t\t\t<div class=\"elementor-element elementor-element-57ebf4f elementor-widget elementor-widget-text-editor\" data-id=\"57ebf4f\" data-element_type=\"widget\" data-widget_type=\"text-editor.default\">\n\t\t\t\t<div class=\"elementor-widget-container\">\n\t\t\t\t\t\t\t<p><strong>18:30<\/strong><\/p>\t\t\t\t\t\t<\/div>\n\t\t\t\t<\/div>\n\t\t\t\t<\/div>\n\t\t<div class=\"elementor-element elementor-element-9f209eb e-flex e-con-boxed e-con e-child\" data-id=\"9f209eb\" data-element_type=\"container\">\n\t\t\t\t\t<div class=\"e-con-inner\">\n\t\t\t\t<div class=\"elementor-element elementor-element-87e2269 elementor-widget elementor-widget-heading\" data-id=\"87e2269\" data-element_type=\"widget\" data-widget_type=\"heading.default\">\n\t\t\t\t<div class=\"elementor-widget-container\">\n\t\t\t<h3 class=\"elementor-heading-title elementor-size-default\">Drink och prisutdelning med efterf\u00f6ljande trer\u00e4tters middag.\u00a0<\/h3>\t\t<\/div>\n\t\t\t\t<\/div>\n\t\t\t\t\t<\/div>\n\t\t\t\t<\/div>\n\t\t\t\t\t<\/div>\n\t\t\t\t<\/div>\n\t\t\t\t<div class=\"elementor-element elementor-element-3025a61 elementor-widget-divider--view-line elementor-widget elementor-widget-divider\" data-id=\"3025a61\" data-element_type=\"widget\" data-widget_type=\"divider.default\">\n\t\t\t\t<div class=\"elementor-widget-container\">\n\t\t\t\t\t<div class=\"elementor-divider\">\n\t\t\t<span class=\"elementor-divider-separator\">\n\t\t\t\t\t\t<\/span>\n\t\t<\/div>\n\t\t\t\t<\/div>\n\t\t\t\t<\/div>\n\t\t\t\t<\/div>\n\t\t\t\t<div class=\"elementor-element elementor-element-7657012 elementor-widget elementor-widget-text-editor\" data-id=\"7657012\" data-element_type=\"widget\" data-widget_type=\"text-editor.default\">\n\t\t\t\t<div class=\"elementor-widget-container\">\n\t\t\t\t\t\t\t<p><strong><em>Anm\u00e4l dig idag!<\/em><\/strong><\/p>\t\t\t\t\t\t<\/div>\n\t\t\t\t<\/div>\n\t\t\t\t<div class=\"elementor-element elementor-element-a9e1e15 elementor-widget elementor-widget-text-editor\" data-id=\"a9e1e15\" data-element_type=\"widget\" data-widget_type=\"text-editor.default\">\n\t\t\t\t<div class=\"elementor-widget-container\">\n\t\t\t\t\t\t\t<p><span style=\"color: inherit; font-family: inherit; font-size: 1rem; text-align: var(--text-align);\">I startavgiften ing\u00e5r greenfee, frukost, f\u00f6rt\u00e4ring under dagen samt drink och trer\u00e4tters middag p\u00e5 kv\u00e4llen. Boende ing\u00e5r inte i startavgiften utan bokas p\u00e5 egen hand, se mer info nedan.<br \/><strong><a href=\"https:\/\/www.trippus.net\/Reccup26_anmalan\"><em>Anm\u00e4l dig till Recyling Cup h\u00e4r!<\/em><\/a><\/strong><\/span><\/p>\t\t\t\t\t\t<\/div>\n\t\t\t\t<\/div>\n\t\t\t\t<\/div>\n\t\t\t\t<div class=\"elementor-element elementor-element-91bdbb1 elementor-widget elementor-widget-spacer\" data-id=\"91bdbb1\" data-element_type=\"widget\" data-widget_type=\"spacer.default\">\n\t\t\t\t<div class=\"elementor-widget-container\">\n\t\t\t\t\t<div class=\"elementor-spacer\">\n\t\t\t<div class=\"elementor-spacer-inner\"><\/div>\n\t\t<\/div>\n\t\t\t\t<\/div>\n\t\t\t\t<\/div>\n\t\t<div class=\"elementor-element elementor-element-5bd8026 e-con-full e-flex e-con e-child\" data-id=\"5bd8026\" data-element_type=\"container\">\n\t\t\t\t<div class=\"elementor-element elementor-element-49670fc elementor-widget elementor-widget-text-editor\" data-id=\"49670fc\" data-element_type=\"widget\" data-widget_type=\"text-editor.default\">\n\t\t\t\t<div class=\"elementor-widget-container\">\n\t\t\t\t\t\t\t<p><strong><em>Blir du vinnaren av Recycling Cup 2026?\u00a0<\/em><\/strong><\/p>\t\t\t\t\t\t<\/div>\n\t\t\t\t<\/div>\n\t\t\t\t<div class=\"elementor-element elementor-element-e32d20e elementor-widget elementor-widget-image\" data-id=\"e32d20e\" data-element_type=\"widget\" data-widget_type=\"image.default\">\n\t\t\t\t<div class=\"elementor-widget-container\">\n\t\t\t<style>\/*! elementor - v3.20.0 - 20-03-2024 *\/\n.elementor-widget-image{text-align:center}.elementor-widget-image a{display:inline-block}.elementor-widget-image a img[src$=\".svg\"]{width:48px}.elementor-widget-image img{vertical-align:middle;display:inline-block}<\/style>\t\t\t\t\t\t\t\t\t\t<img fetchpriority=\"high\" decoding=\"async\" width=\"1024\" height=\"683\" src=\"https:\/\/nmevents.se\/recyclingcup\/wp-content\/uploads\/sites\/23\/2025\/03\/TROPHY-1.png\" class=\"attachment-full size-full wp-image-2357\" alt=\"\" srcset=\"https:\/\/nmevents.se\/recyclingcup\/wp-content\/uploads\/sites\/23\/2025\/03\/TROPHY-1.png 1024w, https:\/\/nmevents.se\/recyclingcup\/wp-content\/uploads\/sites\/23\/2025\/03\/TROPHY-1-300x200.png 300w, https:\/\/nmevents.se\/recyclingcup\/wp-content\/uploads\/sites\/23\/2025\/03\/TROPHY-1-768x512.png 768w\" sizes=\"(max-width: 1024px) 100vw, 1024px\" \/>\t\t\t\t\t\t\t\t\t\t\t\t\t<\/div>\n\t\t\t\t<\/div>\n\t\t\t\t<\/div>\n\t\t\t\t\t<\/div>\n\t\t\t\t<\/div>\n\t\t<div class=\"elementor-element elementor-element-9e639ba e-flex e-con-boxed e-con e-parent\" data-id=\"9e639ba\" data-element_type=\"container\" data-core-v316-plus=\"true\">\n\t\t\t\t\t<div class=\"e-con-inner\">\n\t\t<div class=\"elementor-element elementor-element-4bffcc3 e-con-full e-flex e-con e-child\" data-id=\"4bffcc3\" data-element_type=\"container\">\n\t\t\t\t<div class=\"elementor-element elementor-element-4c3f5a6 elementor-widget elementor-widget-image\" data-id=\"4c3f5a6\" data-element_type=\"widget\" data-widget_type=\"image.default\">\n\t\t\t\t<div class=\"elementor-widget-container\">\n\t\t\t\t\t\t\t\t\t\t\t\t\t<img decoding=\"async\" width=\"1300\" height=\"873\" src=\"https:\/\/nmevents.se\/recyclingcup\/wp-content\/uploads\/sites\/23\/2026\/01\/638_omb_a_jacob_sjoman_9504_LORES.jpg\" class=\"attachment-full size-full wp-image-2709\" alt=\"\" srcset=\"https:\/\/nmevents.se\/recyclingcup\/wp-content\/uploads\/sites\/23\/2026\/01\/638_omb_a_jacob_sjoman_9504_LORES.jpg 1300w, https:\/\/nmevents.se\/recyclingcup\/wp-content\/uploads\/sites\/23\/2026\/01\/638_omb_a_jacob_sjoman_9504_LORES-300x201.jpg 300w, https:\/\/nmevents.se\/recyclingcup\/wp-content\/uploads\/sites\/23\/2026\/01\/638_omb_a_jacob_sjoman_9504_LORES-1024x688.jpg 1024w, https:\/\/nmevents.se\/recyclingcup\/wp-content\/uploads\/sites\/23\/2026\/01\/638_omb_a_jacob_sjoman_9504_LORES-768x516.jpg 768w\" sizes=\"(max-width: 1300px) 100vw, 1300px\" \/>\t\t\t\t\t\t\t\t\t\t\t\t\t<\/div>\n\t\t\t\t<\/div>\n\t\t\t\t<\/div>\n\t\t\t\t<div class=\"elementor-element elementor-element-c13dba1 elementor-widget elementor-widget-spacer\" data-id=\"c13dba1\" data-element_type=\"widget\" data-widget_type=\"spacer.default\">\n\t\t\t\t<div class=\"elementor-widget-container\">\n\t\t\t\t\t<div class=\"elementor-spacer\">\n\t\t\t<div class=\"elementor-spacer-inner\"><\/div>\n\t\t<\/div>\n\t\t\t\t<\/div>\n\t\t\t\t<\/div>\n\t\t<div class=\"elementor-element elementor-element-f7fd164 e-con-full e-flex e-con e-child\" data-id=\"f7fd164\" data-element_type=\"container\">\n\t\t\t\t<div class=\"elementor-element elementor-element-61ff246 elementor-widget elementor-widget-text-editor\" data-id=\"61ff246\" data-element_type=\"widget\" data-widget_type=\"text-editor.default\">\n\t\t\t\t<div class=\"elementor-widget-container\">\n\t\t\t\t\t\t\t<p><strong><em>Boende<\/em><\/strong><\/p>\t\t\t\t\t\t<\/div>\n\t\t\t\t<\/div>\n\t\t\t\t<div class=\"elementor-element elementor-element-9243dea elementor-widget elementor-widget-text-editor\" data-id=\"9243dea\" data-element_type=\"widget\" data-widget_type=\"text-editor.default\">\n\t\t\t\t<div class=\"elementor-widget-container\">\n\t\t\t\t\t\t\t<p><span style=\"color: inherit; font-family: inherit; font-size: 1rem; text-align: var(--text-align);\">Boende ing\u00e5r inte i startavgiften utan bokas p\u00e5 egen hand. <\/span>Mellan den <strong>26 &#8211; 28 augusti<\/strong> har vi har l\u00e5st ett antal rum med specialpris p\u00e5 Ombergs Golf Resort.<\/p><p><strong>Enkellrum<\/strong>: 1200 kr\/natt\/person inkl. frukost.<br \/><strong>Dubbellrum<\/strong>: 800 kr\/natt\/person inkl. frukost.<\/p><p><strong>Bokas:<\/strong> 0144 &#8211; 121 60 alt <a href=\"info@ombergsgolfresort.se\">info@ombergsgolfresort.se<\/a><\/p><p>Uppge\u00a0<strong>&#8221;Recycling Cup&#8221;<\/strong>\u00a0n\u00e4r du bokar.<\/p><p><em>Mer information hittar ni p\u00e5 <a href=\"https:\/\/www.ombergsgolfresort.se\/\">https:\/\/www.ombergsgolfresort.se\/<\/a><\/em><\/p><p>F\u00f6r de som kommer redan den 26\/8 har man specialpris p\u00e5 greenfee\/inspel: 550 kr<span style=\"text-align: var(--text-align);\">, uppge &#8221;<\/span><span style=\"text-align: var(--text-align); font-weight: bolder;\">Recycling Cup<\/span><span style=\"text-align: var(--text-align);\">&#8221;.<\/span><\/p><p><strong>Plats: <\/strong>Ombergs Golf Resort<strong><br \/>Adress: <\/strong>Storalund, 59993, \u00d6DESH\u00d6G<\/p>\t\t\t\t\t\t<\/div>\n\t\t\t\t<\/div>\n\t\t\t\t<div class=\"elementor-element elementor-element-279d778 elementor-align-left elementor-widget elementor-widget-button\" data-id=\"279d778\" data-element_type=\"widget\" data-widget_type=\"button.default\">\n\t\t\t\t<div class=\"elementor-widget-container\">\n\t\t\t\t\t<div class=\"elementor-button-wrapper\">\n\t\t\t<a class=\"elementor-button elementor-button-link elementor-size-sm\" href=\"https:\/\/www.trippus.net\/Reccup26_anmalan\">\n\t\t\t\t\t\t<span class=\"elementor-button-content-wrapper\">\n\t\t\t\t\t\t<span class=\"elementor-button-text\">Anm\u00e4l dig h\u00e4r!<\/span>\n\t\t<\/span>\n\t\t\t\t\t<\/a>\n\t\t<\/div>\n\t\t\t\t<\/div>\n\t\t\t\t<\/div>\n\t\t\t\t<\/div>\n\t\t\t\t\t<\/div>\n\t\t\t\t<\/div>\n\t\t<div class=\"elementor-element elementor-element-ec802d7 e-flex e-con-boxed e-con e-parent\" data-id=\"ec802d7\" data-element_type=\"container\" data-core-v316-plus=\"true\">\n\t\t\t\t\t<div class=\"e-con-inner\">\n\t\t\t\t<div class=\"elementor-element elementor-element-1793502 elementor-widget elementor-widget-spacer\" data-id=\"1793502\" data-element_type=\"widget\" data-widget_type=\"spacer.default\">\n\t\t\t\t<div class=\"elementor-widget-container\">\n\t\t\t\t\t<div class=\"elementor-spacer\">\n\t\t\t<div class=\"elementor-spacer-inner\"><\/div>\n\t\t<\/div>\n\t\t\t\t<\/div>\n\t\t\t\t<\/div>\n\t\t\t\t\t<\/div>\n\t\t\t\t<\/div>\n\t\t\t\t<\/div>\n\t\t","protected":false},"excerpt":{"rendered":"<p>Prelimin\u00e4rt uppl\u00e4gg f\u00f6r dagen 27 augusti, Ombergs Golf Resort 08:00 Samling vid klubbhuset f\u00f6r information och utdelning av startkit samt scorekort. 09:00 Shotgun start. Under dagen bjuder vi p\u00e5 f\u00f6rt\u00e4ring l\u00e4ngst banan. 18:30 Drink och prisutdelning med efterf\u00f6ljande trer\u00e4tters middag.\u00a0 Anm\u00e4l dig idag! I startavgiften ing\u00e5r greenfee, frukost, f\u00f6rt\u00e4ring under dagen samt drink och trer\u00e4tters [&hellip;]<\/p>\n","protected":false},"author":1,"featured_media":0,"parent":0,"menu_order":0,"comment_status":"closed","ping_status":"closed","template":"elementor_header_footer","meta":{"_acf_changed":false,"footnotes":""},"acf":[],"_links":{"self":[{"href":"https:\/\/nmevents.se\/recyclingcup\/wp-json\/wp\/v2\/pages\/600"}],"collection":[{"href":"https:\/\/nmevents.se\/recyclingcup\/wp-json\/wp\/v2\/pages"}],"about":[{"href":"https:\/\/nmevents.se\/recyclingcup\/wp-json\/wp\/v2\/types\/page"}],"author":[{"embeddable":true,"href":"https:\/\/nmevents.se\/recyclingcup\/wp-json\/wp\/v2\/users\/1"}],"replies":[{"embeddable":true,"href":"https:\/\/nmevents.se\/recyclingcup\/wp-json\/wp\/v2\/comments?post=600"}],"version-history":[{"count":264,"href":"https:\/\/nmevents.se\/recyclingcup\/wp-json\/wp\/v2\/pages\/600\/revisions"}],"predecessor-version":[{"id":2787,"href":"https:\/\/nmevents.se\/recyclingcup\/wp-json\/wp\/v2\/pages\/600\/revisions\/2787"}],"wp:attachment":[{"href":"https:\/\/nmevents.se\/recyclingcup\/wp-json\/wp\/v2\/media?parent=600"}],"curies":[{"name":"wp","href":"https:\/\/api.w.org\/{rel}","templated":true}]}}