{"id":808,"date":"2024-02-21T10:27:50","date_gmt":"2024-02-21T09:27:50","guid":{"rendered":"https:\/\/nmevents.se\/recyclingcup\/?page_id=808"},"modified":"2026-03-11T13:58:35","modified_gmt":"2026-03-11T12:58:35","slug":"blir-var-partner","status":"publish","type":"page","link":"https:\/\/nmevents.se\/recyclingcup\/blir-var-partner\/","title":{"rendered":"Bli v\u00e5r partner"},"content":{"rendered":"\t\t<div data-elementor-type=\"wp-page\" data-elementor-id=\"808\" class=\"elementor elementor-808\" data-elementor-post-type=\"page\">\n\t\t\t\t<div class=\"elementor-element elementor-element-6ae9be4 e-flex e-con-boxed e-con e-parent\" data-id=\"6ae9be4\" data-element_type=\"container\" data-core-v316-plus=\"true\">\n\t\t\t\t\t<div class=\"e-con-inner\">\n\t\t\t\t<div class=\"elementor-element elementor-element-e1ccfbc elementor-widget elementor-widget-spacer\" data-id=\"e1ccfbc\" data-element_type=\"widget\" data-widget_type=\"spacer.default\">\n\t\t\t\t<div class=\"elementor-widget-container\">\n\t\t\t<style>\/*! elementor - v3.20.0 - 20-03-2024 *\/\n.elementor-column .elementor-spacer-inner{height:var(--spacer-size)}.e-con{--container-widget-width:100%}.e-con-inner>.elementor-widget-spacer,.e-con>.elementor-widget-spacer{width:var(--container-widget-width,var(--spacer-size));--align-self:var(--container-widget-align-self,initial);--flex-shrink:0}.e-con-inner>.elementor-widget-spacer>.elementor-widget-container,.e-con>.elementor-widget-spacer>.elementor-widget-container{height:100%;width:100%}.e-con-inner>.elementor-widget-spacer>.elementor-widget-container>.elementor-spacer,.e-con>.elementor-widget-spacer>.elementor-widget-container>.elementor-spacer{height:100%}.e-con-inner>.elementor-widget-spacer>.elementor-widget-container>.elementor-spacer>.elementor-spacer-inner,.e-con>.elementor-widget-spacer>.elementor-widget-container>.elementor-spacer>.elementor-spacer-inner{height:var(--container-widget-height,var(--spacer-size))}.e-con-inner>.elementor-widget-spacer.elementor-widget-empty,.e-con>.elementor-widget-spacer.elementor-widget-empty{position:relative;min-height:22px;min-width:22px}.e-con-inner>.elementor-widget-spacer.elementor-widget-empty .elementor-widget-empty-icon,.e-con>.elementor-widget-spacer.elementor-widget-empty .elementor-widget-empty-icon{position:absolute;top:0;bottom:0;left:0;right:0;margin:auto;padding:0;width:22px;height:22px}<\/style>\t\t<div class=\"elementor-spacer\">\n\t\t\t<div class=\"elementor-spacer-inner\"><\/div>\n\t\t<\/div>\n\t\t\t\t<\/div>\n\t\t\t\t<\/div>\n\t\t\t\t\t<\/div>\n\t\t\t\t<\/div>\n\t\t<div class=\"elementor-element elementor-element-28eab1d e-flex e-con-boxed e-con e-parent\" data-id=\"28eab1d\" data-element_type=\"container\" data-core-v316-plus=\"true\">\n\t\t\t\t\t<div class=\"e-con-inner\">\n\t\t<div class=\"elementor-element elementor-element-73d31c8 e-con-full e-flex e-con e-child\" data-id=\"73d31c8\" data-element_type=\"container\" data-settings=\"{&quot;background_background&quot;:&quot;gradient&quot;}\">\n\t\t\t\t<div class=\"elementor-element elementor-element-3ab678c elementor-widget__width-initial elementor-widget elementor-widget-text-editor\" data-id=\"3ab678c\" data-element_type=\"widget\" data-widget_type=\"text-editor.default\">\n\t\t\t\t<div class=\"elementor-widget-container\">\n\t\t\t<style>\/*! elementor - v3.20.0 - 20-03-2024 *\/\n.elementor-widget-text-editor.elementor-drop-cap-view-stacked .elementor-drop-cap{background-color:#69727d;color:#fff}.elementor-widget-text-editor.elementor-drop-cap-view-framed .elementor-drop-cap{color:#69727d;border:3px solid;background-color:transparent}.elementor-widget-text-editor:not(.elementor-drop-cap-view-default) .elementor-drop-cap{margin-top:8px}.elementor-widget-text-editor:not(.elementor-drop-cap-view-default) .elementor-drop-cap-letter{width:1em;height:1em}.elementor-widget-text-editor .elementor-drop-cap{float:left;text-align:center;line-height:1;font-size:50px}.elementor-widget-text-editor .elementor-drop-cap-letter{display:inline-block}<\/style>\t\t\t\t<p><em>Varf\u00f6r ska ni delta som partner?<\/em><\/p>\t\t\t\t\t\t<\/div>\n\t\t\t\t<\/div>\n\t\t\t\t<div class=\"elementor-element elementor-element-5fc2742 elementor-widget elementor-widget-text-editor\" data-id=\"5fc2742\" data-element_type=\"widget\" data-widget_type=\"text-editor.default\">\n\t\t\t\t<div class=\"elementor-widget-container\">\n\t\t\t\t\t\t\t<p><span data-teams=\"true\">Som partner\/h\u00e5lv\u00e4rd p\u00e5 Recycling Cup ger ni ert f\u00f6retag m\u00f6jlighet att skapa nya aff\u00e4rsm\u00f6jligheter, v\u00e5rda befintliga kunder och st\u00e4rka ert varum\u00e4rke. Vi erbjuder:<\/span><\/p>\t\t\t\t\t\t<\/div>\n\t\t\t\t<\/div>\n\t\t\t\t<div class=\"elementor-element elementor-element-148face elementor-widget elementor-widget-text-editor\" data-id=\"148face\" data-element_type=\"widget\" data-widget_type=\"text-editor.default\">\n\t\t\t\t<div class=\"elementor-widget-container\">\n\t\t\t\t\t\t\t<ul><li>\u00a0Logotype i all marknadsf\u00f6ring kring Recycling cup, t ex annons och e-utskick<\/li><li>M\u00f6jlighet till giveaways i startkitet<\/li><li>M\u00f6jlighet till happening\/t\u00e4vling vid ett av h\u00e5len<\/li><li>Logotype p\u00e5 recyclingcup.se<\/li><li>M\u00f6jlighet till synlighet med rollup vid prisutdelningen<\/li><li>Tillg\u00e5ng till deltagarlista<\/li><\/ul>\t\t\t\t\t\t<\/div>\n\t\t\t\t<\/div>\n\t\t\t\t<div class=\"elementor-element elementor-element-649225a elementor-widget elementor-widget-text-editor\" data-id=\"649225a\" data-element_type=\"widget\" data-widget_type=\"text-editor.default\">\n\t\t\t\t<div class=\"elementor-widget-container\">\n\t\t\t\t\t\t\t<p><strong>Pris 22 000:-<\/strong><\/p>\t\t\t\t\t\t<\/div>\n\t\t\t\t<\/div>\n\t\t\t\t<div class=\"elementor-element elementor-element-206851b elementor-align-left elementor-widget elementor-widget-button\" data-id=\"206851b\" data-element_type=\"widget\" data-widget_type=\"button.default\">\n\t\t\t\t<div class=\"elementor-widget-container\">\n\t\t\t\t\t<div class=\"elementor-button-wrapper\">\n\t\t\t<a class=\"elementor-button elementor-button-link elementor-size-lg\" href=\"https:\/\/f.nordiskemedier.dk\/2tlay8to8jcf5h9a.pdf\">\n\t\t\t\t\t\t<span class=\"elementor-button-content-wrapper\">\n\t\t\t\t\t\t<span class=\"elementor-button-text\">Klicka h\u00e4r f\u00f6r mer information <\/span>\n\t\t<\/span>\n\t\t\t\t\t<\/a>\n\t\t<\/div>\n\t\t\t\t<\/div>\n\t\t\t\t<\/div>\n\t\t\t\t<div class=\"elementor-element elementor-element-e2fe847 elementor-widget elementor-widget-spacer\" data-id=\"e2fe847\" data-element_type=\"widget\" data-widget_type=\"spacer.default\">\n\t\t\t\t<div class=\"elementor-widget-container\">\n\t\t\t\t\t<div class=\"elementor-spacer\">\n\t\t\t<div class=\"elementor-spacer-inner\"><\/div>\n\t\t<\/div>\n\t\t\t\t<\/div>\n\t\t\t\t<\/div>\n\t\t\t\t<div class=\"elementor-element elementor-element-3d129b2 elementor-widget elementor-widget-text-editor\" data-id=\"3d129b2\" data-element_type=\"widget\" data-widget_type=\"text-editor.default\">\n\t\t\t\t<div class=\"elementor-widget-container\">\n\t\t\t\t\t\t\t<p>Allm\u00e4nna best\u00e4mmelser event &#8211; <a href=\"https:\/\/f.nordiskemedier.dk\/2tzbt2g055ntg9xa.pdf\" target=\"_blank\" rel=\"noopener\"><em>ladda ner pdf h\u00e4r<\/em><\/a><\/p>\t\t\t\t\t\t<\/div>\n\t\t\t\t<\/div>\n\t\t\t\t<\/div>\n\t\t<div class=\"elementor-element elementor-element-a582f5d e-con-full e-flex e-con e-child\" data-id=\"a582f5d\" data-element_type=\"container\">\n\t\t\t\t<div class=\"elementor-element elementor-element-f7f8e52 elementor-widget elementor-widget-image\" data-id=\"f7f8e52\" data-element_type=\"widget\" data-widget_type=\"image.default\">\n\t\t\t\t<div class=\"elementor-widget-container\">\n\t\t\t<style>\/*! elementor - v3.20.0 - 20-03-2024 *\/\n.elementor-widget-image{text-align:center}.elementor-widget-image a{display:inline-block}.elementor-widget-image a img[src$=\".svg\"]{width:48px}.elementor-widget-image img{vertical-align:middle;display:inline-block}<\/style>\t\t\t\t\t\t\t\t\t\t<img fetchpriority=\"high\" decoding=\"async\" width=\"800\" height=\"450\" src=\"https:\/\/nmevents.se\/recyclingcup\/wp-content\/uploads\/sites\/23\/2025\/03\/20240829_184148-1024x576.jpg\" class=\"attachment-large size-large wp-image-2088\" alt=\"\" srcset=\"https:\/\/nmevents.se\/recyclingcup\/wp-content\/uploads\/sites\/23\/2025\/03\/20240829_184148-1024x576.jpg 1024w, https:\/\/nmevents.se\/recyclingcup\/wp-content\/uploads\/sites\/23\/2025\/03\/20240829_184148-300x169.jpg 300w, https:\/\/nmevents.se\/recyclingcup\/wp-content\/uploads\/sites\/23\/2025\/03\/20240829_184148-768x432.jpg 768w, https:\/\/nmevents.se\/recyclingcup\/wp-content\/uploads\/sites\/23\/2025\/03\/20240829_184148-1536x864.jpg 1536w, https:\/\/nmevents.se\/recyclingcup\/wp-content\/uploads\/sites\/23\/2025\/03\/20240829_184148-2048x1153.jpg 2048w\" sizes=\"(max-width: 800px) 100vw, 800px\" \/>\t\t\t\t\t\t\t\t\t\t\t\t\t<\/div>\n\t\t\t\t<\/div>\n\t\t\t\t<div class=\"elementor-element elementor-element-0b9f86f elementor-widget elementor-widget-image\" data-id=\"0b9f86f\" data-element_type=\"widget\" data-widget_type=\"image.default\">\n\t\t\t\t<div class=\"elementor-widget-container\">\n\t\t\t\t\t\t\t\t\t\t\t\t\t<img decoding=\"async\" width=\"800\" height=\"450\" src=\"https:\/\/nmevents.se\/recyclingcup\/wp-content\/uploads\/sites\/23\/2024\/09\/20240829_101310-1024x576.jpg\" class=\"attachment-large size-large wp-image-1846\" alt=\"\" srcset=\"https:\/\/nmevents.se\/recyclingcup\/wp-content\/uploads\/sites\/23\/2024\/09\/20240829_101310-1024x576.jpg 1024w, https:\/\/nmevents.se\/recyclingcup\/wp-content\/uploads\/sites\/23\/2024\/09\/20240829_101310-300x169.jpg 300w, https:\/\/nmevents.se\/recyclingcup\/wp-content\/uploads\/sites\/23\/2024\/09\/20240829_101310-768x432.jpg 768w, https:\/\/nmevents.se\/recyclingcup\/wp-content\/uploads\/sites\/23\/2024\/09\/20240829_101310-1536x864.jpg 1536w, https:\/\/nmevents.se\/recyclingcup\/wp-content\/uploads\/sites\/23\/2024\/09\/20240829_101310-2048x1153.jpg 2048w\" sizes=\"(max-width: 800px) 100vw, 800px\" \/>\t\t\t\t\t\t\t\t\t\t\t\t\t<\/div>\n\t\t\t\t<\/div>\n\t\t\t\t<\/div>\n\t\t\t\t\t<\/div>\n\t\t\t\t<\/div>\n\t\t<div class=\"elementor-element elementor-element-cbcfb48 e-flex e-con-boxed e-con e-parent\" data-id=\"cbcfb48\" data-element_type=\"container\" data-core-v316-plus=\"true\">\n\t\t\t\t\t<div class=\"e-con-inner\">\n\t\t<div class=\"elementor-element elementor-element-a2fd8f6 e-con-full e-flex e-con e-child\" data-id=\"a2fd8f6\" data-element_type=\"container\">\n\t\t\t\t<div class=\"elementor-element elementor-element-7d4cddf elementor-widget elementor-widget-text-editor\" data-id=\"7d4cddf\" data-element_type=\"widget\" data-widget_type=\"text-editor.default\">\n\t\t\t\t<div class=\"elementor-widget-container\">\n\t\t\t\t\t\t\t<p><em>F\u00f6r mer information, kontakta:<\/em><\/p>\t\t\t\t\t\t<\/div>\n\t\t\t\t<\/div>\n\t\t\t\t<div class=\"elementor-element elementor-element-5538de4 elementor-widget elementor-widget-heading\" data-id=\"5538de4\" data-element_type=\"widget\" data-widget_type=\"heading.default\">\n\t\t\t\t<div class=\"elementor-widget-container\">\n\t\t\t<style>\/*! elementor - v3.20.0 - 20-03-2024 *\/\n.elementor-heading-title{padding:0;margin:0;line-height:1}.elementor-widget-heading .elementor-heading-title[class*=elementor-size-]>a{color:inherit;font-size:inherit;line-height:inherit}.elementor-widget-heading .elementor-heading-title.elementor-size-small{font-size:15px}.elementor-widget-heading .elementor-heading-title.elementor-size-medium{font-size:19px}.elementor-widget-heading .elementor-heading-title.elementor-size-large{font-size:29px}.elementor-widget-heading .elementor-heading-title.elementor-size-xl{font-size:39px}.elementor-widget-heading .elementor-heading-title.elementor-size-xxl{font-size:59px}<\/style><h3 class=\"elementor-heading-title elementor-size-default\">Jerker Evaldsson<\/h3>\t\t<\/div>\n\t\t\t\t<\/div>\n\t\t\t\t<div class=\"elementor-element elementor-element-cd523c4 elementor-widget__width-initial elementor-widget elementor-widget-text-editor\" data-id=\"cd523c4\" data-element_type=\"widget\" data-widget_type=\"text-editor.default\">\n\t\t\t\t<div class=\"elementor-widget-container\">\n\t\t\t\t\t\t\t<p>F\u00f6rs\u00e4ljningschef\u00a0<br \/><span style=\"text-align: var(--text-align);\">+46 (0) 70 975 99 40<br \/><\/span><a href=\"mailto:jerker.evaldsson@nordiskemedier.se\">jerker.evaldsson@nordiskemedier.se<\/a><\/p>\t\t\t\t\t\t<\/div>\n\t\t\t\t<\/div>\n\t\t\t\t<\/div>\n\t\t<div class=\"elementor-element elementor-element-c5f53b5 e-con-full e-flex e-con e-child\" data-id=\"c5f53b5\" data-element_type=\"container\">\n\t\t\t\t<div class=\"elementor-element elementor-element-f0832a8 elementor-widget elementor-widget-image\" data-id=\"f0832a8\" data-element_type=\"widget\" data-widget_type=\"image.default\">\n\t\t\t\t<div class=\"elementor-widget-container\">\n\t\t\t\t\t\t\t\t\t\t<figure class=\"wp-caption\">\n\t\t\t\t\t\t\t\t\t\t<img decoding=\"async\" width=\"300\" height=\"169\" src=\"https:\/\/nmevents.se\/recyclingcup\/wp-content\/uploads\/sites\/23\/2025\/03\/GettyImages-1313031682-1-300x169.png\" class=\"attachment-medium size-medium wp-image-2398\" alt=\"\" srcset=\"https:\/\/nmevents.se\/recyclingcup\/wp-content\/uploads\/sites\/23\/2025\/03\/GettyImages-1313031682-1-300x169.png 300w, https:\/\/nmevents.se\/recyclingcup\/wp-content\/uploads\/sites\/23\/2025\/03\/GettyImages-1313031682-1-1024x576.png 1024w, https:\/\/nmevents.se\/recyclingcup\/wp-content\/uploads\/sites\/23\/2025\/03\/GettyImages-1313031682-1-768x432.png 768w, https:\/\/nmevents.se\/recyclingcup\/wp-content\/uploads\/sites\/23\/2025\/03\/GettyImages-1313031682-1-1536x864.png 1536w, https:\/\/nmevents.se\/recyclingcup\/wp-content\/uploads\/sites\/23\/2025\/03\/GettyImages-1313031682-1-2048x1152.png 2048w\" sizes=\"(max-width: 300px) 100vw, 300px\" \/>\t\t\t\t\t\t\t\t\t\t\t<figcaption class=\"widget-image-caption wp-caption-text\"><\/figcaption>\n\t\t\t\t\t\t\t\t\t\t<\/figure>\n\t\t\t\t\t\t\t<\/div>\n\t\t\t\t<\/div>\n\t\t\t\t<\/div>\n\t\t\t\t\t<\/div>\n\t\t\t\t<\/div>\n\t\t<div class=\"elementor-element elementor-element-0500a7d e-flex e-con-boxed e-con e-parent\" data-id=\"0500a7d\" data-element_type=\"container\" data-core-v316-plus=\"true\">\n\t\t\t\t\t<div class=\"e-con-inner\">\n\t\t\t\t<div class=\"elementor-element elementor-element-836a271 elementor-widget-divider--view-line elementor-widget elementor-widget-divider\" data-id=\"836a271\" data-element_type=\"widget\" data-widget_type=\"divider.default\">\n\t\t\t\t<div class=\"elementor-widget-container\">\n\t\t\t<style>\/*! elementor - v3.20.0 - 20-03-2024 *\/\n.elementor-widget-divider{--divider-border-style:none;--divider-border-width:1px;--divider-color:#0c0d0e;--divider-icon-size:20px;--divider-element-spacing:10px;--divider-pattern-height:24px;--divider-pattern-size:20px;--divider-pattern-url:none;--divider-pattern-repeat:repeat-x}.elementor-widget-divider .elementor-divider{display:flex}.elementor-widget-divider .elementor-divider__text{font-size:15px;line-height:1;max-width:95%}.elementor-widget-divider .elementor-divider__element{margin:0 var(--divider-element-spacing);flex-shrink:0}.elementor-widget-divider .elementor-icon{font-size:var(--divider-icon-size)}.elementor-widget-divider .elementor-divider-separator{display:flex;margin:0;direction:ltr}.elementor-widget-divider--view-line_icon .elementor-divider-separator,.elementor-widget-divider--view-line_text .elementor-divider-separator{align-items:center}.elementor-widget-divider--view-line_icon .elementor-divider-separator:after,.elementor-widget-divider--view-line_icon .elementor-divider-separator:before,.elementor-widget-divider--view-line_text .elementor-divider-separator:after,.elementor-widget-divider--view-line_text .elementor-divider-separator:before{display:block;content:\"\";border-block-end:0;flex-grow:1;border-block-start:var(--divider-border-width) var(--divider-border-style) var(--divider-color)}.elementor-widget-divider--element-align-left .elementor-divider .elementor-divider-separator>.elementor-divider__svg:first-of-type{flex-grow:0;flex-shrink:100}.elementor-widget-divider--element-align-left .elementor-divider-separator:before{content:none}.elementor-widget-divider--element-align-left .elementor-divider__element{margin-left:0}.elementor-widget-divider--element-align-right .elementor-divider .elementor-divider-separator>.elementor-divider__svg:last-of-type{flex-grow:0;flex-shrink:100}.elementor-widget-divider--element-align-right .elementor-divider-separator:after{content:none}.elementor-widget-divider--element-align-right .elementor-divider__element{margin-right:0}.elementor-widget-divider--element-align-start .elementor-divider .elementor-divider-separator>.elementor-divider__svg:first-of-type{flex-grow:0;flex-shrink:100}.elementor-widget-divider--element-align-start .elementor-divider-separator:before{content:none}.elementor-widget-divider--element-align-start .elementor-divider__element{margin-inline-start:0}.elementor-widget-divider--element-align-end .elementor-divider .elementor-divider-separator>.elementor-divider__svg:last-of-type{flex-grow:0;flex-shrink:100}.elementor-widget-divider--element-align-end .elementor-divider-separator:after{content:none}.elementor-widget-divider--element-align-end .elementor-divider__element{margin-inline-end:0}.elementor-widget-divider:not(.elementor-widget-divider--view-line_text):not(.elementor-widget-divider--view-line_icon) .elementor-divider-separator{border-block-start:var(--divider-border-width) var(--divider-border-style) var(--divider-color)}.elementor-widget-divider--separator-type-pattern{--divider-border-style:none}.elementor-widget-divider--separator-type-pattern.elementor-widget-divider--view-line .elementor-divider-separator,.elementor-widget-divider--separator-type-pattern:not(.elementor-widget-divider--view-line) .elementor-divider-separator:after,.elementor-widget-divider--separator-type-pattern:not(.elementor-widget-divider--view-line) .elementor-divider-separator:before,.elementor-widget-divider--separator-type-pattern:not([class*=elementor-widget-divider--view]) .elementor-divider-separator{width:100%;min-height:var(--divider-pattern-height);-webkit-mask-size:var(--divider-pattern-size) 100%;mask-size:var(--divider-pattern-size) 100%;-webkit-mask-repeat:var(--divider-pattern-repeat);mask-repeat:var(--divider-pattern-repeat);background-color:var(--divider-color);-webkit-mask-image:var(--divider-pattern-url);mask-image:var(--divider-pattern-url)}.elementor-widget-divider--no-spacing{--divider-pattern-size:auto}.elementor-widget-divider--bg-round{--divider-pattern-repeat:round}.rtl .elementor-widget-divider .elementor-divider__text{direction:rtl}.e-con-inner>.elementor-widget-divider,.e-con>.elementor-widget-divider{width:var(--container-widget-width,100%);--flex-grow:var(--container-widget-flex-grow)}<\/style>\t\t<div class=\"elementor-divider\">\n\t\t\t<span class=\"elementor-divider-separator\">\n\t\t\t\t\t\t<\/span>\n\t\t<\/div>\n\t\t\t\t<\/div>\n\t\t\t\t<\/div>\n\t\t\t\t\t<\/div>\n\t\t\t\t<\/div>\n\t\t\t\t<\/div>\n\t\t","protected":false},"excerpt":{"rendered":"<p>Varf\u00f6r ska ni delta som partner? Som partner\/h\u00e5lv\u00e4rd p\u00e5 Recycling Cup ger ni ert f\u00f6retag m\u00f6jlighet att skapa nya aff\u00e4rsm\u00f6jligheter, v\u00e5rda befintliga kunder och st\u00e4rka ert varum\u00e4rke. Vi erbjuder: \u00a0Logotype i all marknadsf\u00f6ring kring Recycling cup, t ex annons och e-utskick M\u00f6jlighet till giveaways i startkitet M\u00f6jlighet till happening\/t\u00e4vling vid ett av h\u00e5len Logotype p\u00e5 [&hellip;]<\/p>\n","protected":false},"author":12,"featured_media":0,"parent":0,"menu_order":0,"comment_status":"closed","ping_status":"closed","template":"","meta":{"_acf_changed":false,"footnotes":""},"acf":[],"_links":{"self":[{"href":"https:\/\/nmevents.se\/recyclingcup\/wp-json\/wp\/v2\/pages\/808"}],"collection":[{"href":"https:\/\/nmevents.se\/recyclingcup\/wp-json\/wp\/v2\/pages"}],"about":[{"href":"https:\/\/nmevents.se\/recyclingcup\/wp-json\/wp\/v2\/types\/page"}],"author":[{"embeddable":true,"href":"https:\/\/nmevents.se\/recyclingcup\/wp-json\/wp\/v2\/users\/12"}],"replies":[{"embeddable":true,"href":"https:\/\/nmevents.se\/recyclingcup\/wp-json\/wp\/v2\/comments?post=808"}],"version-history":[{"count":144,"href":"https:\/\/nmevents.se\/recyclingcup\/wp-json\/wp\/v2\/pages\/808\/revisions"}],"predecessor-version":[{"id":2851,"href":"https:\/\/nmevents.se\/recyclingcup\/wp-json\/wp\/v2\/pages\/808\/revisions\/2851"}],"wp:attachment":[{"href":"https:\/\/nmevents.se\/recyclingcup\/wp-json\/wp\/v2\/media?parent=808"}],"curies":[{"name":"wp","href":"https:\/\/api.w.org\/{rel}","templated":true}]}}