{"id":1465,"date":"2024-08-15T10:16:08","date_gmt":"2024-08-15T08:16:08","guid":{"rendered":"https:\/\/nmevents.se\/recyclingdagen\/?page_id=1465"},"modified":"2024-08-23T14:38:09","modified_gmt":"2024-08-23T12:38:09","slug":"recyclingdagen-sthlm","status":"publish","type":"page","link":"https:\/\/nmevents.se\/recyclingdagen\/recyclingdagen-sthlm\/","title":{"rendered":"Stockholm 18 april"},"content":{"rendered":"\t\t<div data-elementor-type=\"wp-page\" data-elementor-id=\"1465\" class=\"elementor elementor-1465\" data-elementor-post-type=\"page\">\n\t\t\t\t<div class=\"elementor-element elementor-element-41c64c0 e-flex e-con-boxed e-con e-parent\" data-id=\"41c64c0\" data-element_type=\"container\" data-core-v316-plus=\"true\">\n\t\t\t\t\t<div class=\"e-con-inner\">\n\t\t\t\t<div class=\"elementor-element elementor-element-67075f8 elementor-widget elementor-widget-text-editor\" data-id=\"67075f8\" data-element_type=\"widget\" data-widget_type=\"text-editor.default\">\n\t\t\t\t<div class=\"elementor-widget-container\">\n\t\t\t<style>\/*! elementor - v3.20.0 - 20-03-2024 *\/\n.elementor-widget-text-editor.elementor-drop-cap-view-stacked .elementor-drop-cap{background-color:#69727d;color:#fff}.elementor-widget-text-editor.elementor-drop-cap-view-framed .elementor-drop-cap{color:#69727d;border:3px solid;background-color:transparent}.elementor-widget-text-editor:not(.elementor-drop-cap-view-default) .elementor-drop-cap{margin-top:8px}.elementor-widget-text-editor:not(.elementor-drop-cap-view-default) .elementor-drop-cap-letter{width:1em;height:1em}.elementor-widget-text-editor .elementor-drop-cap{float:left;text-align:center;line-height:1;font-size:50px}.elementor-widget-text-editor .elementor-drop-cap-letter{display:inline-block}<\/style>\t\t\t\t<p><span class=\"\" style=\"font-size: 20px;\"><strong>Recyclingdagen Stockholm gjorde comeback!<\/strong><\/span><br \/><span style=\"font-size: 18px;\"><em>Efter n\u00e5gra \u00e5rs uppeh\u00e5ll \u00e5terkom Recyclingdagen Stockholm. Den 18 april arrangerarde vi, med st\u00f6d fr\u00e5n branschorganisationerna <strong>Svenska J\u00e4rn<\/strong> och <strong>\u00c5tervinningsindustrin<\/strong>, en endagskonferens vars \u00f6vergripande tema handlade om metall- och skrot\u00e5tervinning. Det flikades \u00e4ven in dagsaktuella och angel\u00e4gna fr\u00e5gest\u00e4llningar och exempel g\u00e4llande \u00e5tervinning av batterier, elektronik och solcellspaneler.<\/em><\/span><br \/><br class=\"\" \/>Bakgrunden till att vi satsade p\u00e5 en s\u00e5dan h\u00e4r konferens \u00e4r att tillg\u00e5ngen p\u00e5 bland annat s\u00e4llsynta jordartsmetaller blivit en h\u00f6gaktuell fr\u00e5ga i ljuset av s\u00e5v\u00e4l pandemin som kriget i Ukraina, samtidigt som samh\u00e4llet f\u00f6rbereder sig p\u00e5 en gr\u00f6n omst\u00e4llning som kommer att \u00f6ka efterfr\u00e5gan p\u00e5 s\u00e5v\u00e4l dessa som andra, mer konventionella metaller. Inte minst kommer omst\u00e4llningen inom svensk j\u00e4rn- och st\u00e5lindustri att p\u00e5tagligt p\u00e5verka marknaden f\u00f6r st\u00e5lskrot. Vi st\u00e5r sannolikt ocks\u00e5 inf\u00f6r en veritabel v\u00e5g av uttj\u00e4nta solcellspaneler som ska tas om hand, och samtidigt sker kraftfulla satsningar p\u00e5 \u00e5tervinning av elfordonsbatterier s\u00e5v\u00e4l i Sverige som i omv\u00e4rlden. Hur \u00f6verg\u00e5ngen till elfordon p\u00e5verkar bildemontering och -\u00e5tervinning \u00e4r ocks\u00e5 en h\u00f6gintressant fr\u00e5ga. Allt detta hade vi som ambition att belysa under dagen.<\/p>\t\t\t\t\t\t<\/div>\n\t\t\t\t<\/div>\n\t\t\t\t<div class=\"elementor-element elementor-element-ebc8f3f elementor-widget elementor-widget-text-editor\" data-id=\"ebc8f3f\" data-element_type=\"widget\" data-widget_type=\"text-editor.default\">\n\t\t\t\t<div class=\"elementor-widget-container\">\n\t\t\t\t\t\t\t<h4><span class=\"\">Vi vill rikta ett stort tacka till alla samarbetspartners, talare och deltagare som deltog p\u00e5 Recyclingdagen i Stockholm. Det blev en heldag med m\u00e5nga diskussioner och samtal.<\/span><\/h4>\t\t\t\t\t\t<\/div>\n\t\t\t\t<\/div>\n\t\t\t\t\t<\/div>\n\t\t\t\t<\/div>\n\t\t<div class=\"elementor-element elementor-element-bab8c2e e-flex e-con-boxed e-con e-parent\" data-id=\"bab8c2e\" data-element_type=\"container\" data-core-v316-plus=\"true\">\n\t\t\t\t\t<div class=\"e-con-inner\">\n\t\t\t\t<div class=\"elementor-element elementor-element-05b8cbc elementor-widget elementor-widget-gallery\" data-id=\"05b8cbc\" data-element_type=\"widget\" data-settings=\"{&quot;lazyload&quot;:&quot;yes&quot;,&quot;gallery_layout&quot;:&quot;grid&quot;,&quot;columns&quot;:4,&quot;columns_tablet&quot;:2,&quot;columns_mobile&quot;:1,&quot;gap&quot;:{&quot;unit&quot;:&quot;px&quot;,&quot;size&quot;:10,&quot;sizes&quot;:[]},&quot;gap_tablet&quot;:{&quot;unit&quot;:&quot;px&quot;,&quot;size&quot;:10,&quot;sizes&quot;:[]},&quot;gap_mobile&quot;:{&quot;unit&quot;:&quot;px&quot;,&quot;size&quot;:10,&quot;sizes&quot;:[]},&quot;link_to&quot;:&quot;file&quot;,&quot;aspect_ratio&quot;:&quot;3:2&quot;,&quot;overlay_background&quot;:&quot;yes&quot;,&quot;content_hover_animation&quot;:&quot;fade-in&quot;}\" data-widget_type=\"gallery.default\">\n\t\t\t\t<div class=\"elementor-widget-container\">\n\t\t\t<style>\/*! elementor-pro - v3.18.0 - 20-12-2023 *\/\n.elementor-gallery__container{min-height:1px}.elementor-gallery-item{position:relative;overflow:hidden;display:block;text-decoration:none;border:solid var(--image-border-width) var(--image-border-color);border-radius:var(--image-border-radius)}.elementor-gallery-item__content,.elementor-gallery-item__overlay{height:100%;width:100%;position:absolute;top:0;left:0}.elementor-gallery-item__overlay{mix-blend-mode:var(--overlay-mix-blend-mode);transition-duration:var(--overlay-transition-duration);transition-property:mix-blend-mode,transform,opacity,background-color}.elementor-gallery-item__image.e-gallery-image{transition-duration:var(--image-transition-duration);transition-property:filter,transform}.elementor-gallery-item__content{display:flex;flex-direction:column;justify-content:var(--content-justify-content,center);align-items:center;text-align:var(--content-text-align);padding:var(--content-padding)}.elementor-gallery-item__content>div{transition-duration:var(--content-transition-duration)}.elementor-gallery-item__content.elementor-gallery--sequenced-animation>div:nth-child(2){transition-delay:calc(var(--content-transition-delay) \/ 3)}.elementor-gallery-item__content.elementor-gallery--sequenced-animation>div:nth-child(3){transition-delay:calc(var(--content-transition-delay) \/ 3 * 2)}.elementor-gallery-item__content.elementor-gallery--sequenced-animation>div:nth-child(4){transition-delay:calc(var(--content-transition-delay) \/ 3 * 3)}.elementor-gallery-item__description{color:var(--description-text-color,#fff);width:100%}.elementor-gallery-item__title{color:var(--title-text-color,#fff);font-weight:700;width:100%}.elementor-gallery__titles-container{display:flex;flex-wrap:wrap;justify-content:var(--titles-container-justify-content,center);margin-bottom:20px}.elementor-gallery__titles-container:not(.e--pointer-framed) .elementor-item:after,.elementor-gallery__titles-container:not(.e--pointer-framed) .elementor-item:before{background-color:var(--galleries-pointer-bg-color-hover)}.elementor-gallery__titles-container:not(.e--pointer-framed) .elementor-item.elementor-item-active:after,.elementor-gallery__titles-container:not(.e--pointer-framed) .elementor-item.elementor-item-active:before{background-color:var(--galleries-pointer-bg-color-active)}.elementor-gallery__titles-container.e--pointer-framed .elementor-item:before{border-color:var(--galleries-pointer-bg-color-hover);border-width:var(--galleries-pointer-border-width)}.elementor-gallery__titles-container.e--pointer-framed .elementor-item:after{border-color:var(--galleries-pointer-bg-color-hover)}.elementor-gallery__titles-container.e--pointer-framed .elementor-item.elementor-item-active:after,.elementor-gallery__titles-container.e--pointer-framed .elementor-item.elementor-item-active:before{border-color:var(--galleries-pointer-bg-color-active)}.elementor-gallery__titles-container.e--pointer-framed.e--animation-draw .elementor-item:before{border-left-width:var(--galleries-pointer-border-width);border-bottom-width:var(--galleries-pointer-border-width);border-right-width:0;border-top-width:0}.elementor-gallery__titles-container.e--pointer-framed.e--animation-draw .elementor-item:after{border-left-width:0;border-bottom-width:0;border-right-width:var(--galleries-pointer-border-width);border-top-width:var(--galleries-pointer-border-width)}.elementor-gallery__titles-container.e--pointer-framed.e--animation-corners .elementor-item:before{border-left-width:var(--galleries-pointer-border-width);border-bottom-width:0;border-right-width:0;border-top-width:var(--galleries-pointer-border-width)}.elementor-gallery__titles-container.e--pointer-framed.e--animation-corners .elementor-item:after{border-left-width:0;border-bottom-width:var(--galleries-pointer-border-width);border-right-width:var(--galleries-pointer-border-width);border-top-width:0}.elementor-gallery__titles-container .e--pointer-double-line .elementor-item:after,.elementor-gallery__titles-container .e--pointer-double-line .elementor-item:before,.elementor-gallery__titles-container .e--pointer-overline .elementor-item:before,.elementor-gallery__titles-container .e--pointer-underline .elementor-item:after{height:var(--galleries-pointer-border-width)}.elementor-gallery-title{--space-between:10px;cursor:pointer;color:#6d7882;font-weight:500;position:relative;padding:7px 14px;transition:all .3s}.elementor-gallery-title--active{color:#495157}.elementor-gallery-title:not(:last-child){margin-right:var(--space-between)}.elementor-gallery-item__title+.elementor-gallery-item__description{margin-top:var(--description-margin-top)}.e-gallery-item.elementor-gallery-item{transition-property:all}.e-gallery-item.elementor-animated-content .elementor-animated-item--enter-from-bottom,.e-gallery-item.elementor-animated-content .elementor-animated-item--enter-from-left,.e-gallery-item.elementor-animated-content .elementor-animated-item--enter-from-right,.e-gallery-item.elementor-animated-content .elementor-animated-item--enter-from-top,.e-gallery-item:focus .elementor-gallery__item-overlay-bg,.e-gallery-item:focus .elementor-gallery__item-overlay-content,.e-gallery-item:focus .elementor-gallery__item-overlay-content__description,.e-gallery-item:focus .elementor-gallery__item-overlay-content__title,.e-gallery-item:hover .elementor-gallery__item-overlay-bg,.e-gallery-item:hover .elementor-gallery__item-overlay-content,.e-gallery-item:hover .elementor-gallery__item-overlay-content__description,.e-gallery-item:hover .elementor-gallery__item-overlay-content__title{opacity:1}a.elementor-item.elementor-gallery-title{color:var(--galleries-title-color-normal)}a.elementor-item.elementor-gallery-title.elementor-item-active,a.elementor-item.elementor-gallery-title.highlighted,a.elementor-item.elementor-gallery-title:focus,a.elementor-item.elementor-gallery-title:hover{color:var(--galleries-title-color-hover)}a.elementor-item.elementor-gallery-title.elementor-item-active{color:var(--gallery-title-color-active)}.e-con-inner>.elementor-widget-gallery,.e-con>.elementor-widget-gallery{width:var(--container-widget-width);--flex-grow:var(--container-widget-flex-grow)}<\/style>\t\t<div class=\"elementor-gallery__container\">\n\t\t\t\t\t\t\t<a class=\"e-gallery-item elementor-gallery-item elementor-animated-content\" href=\"https:\/\/nmevents.se\/recyclingdagen\/wp-content\/uploads\/sites\/17\/2024\/08\/104918173.jpg\" data-elementor-open-lightbox=\"yes\" data-elementor-lightbox-slideshow=\"05b8cbc\" data-elementor-lightbox-title=\"104918173\" data-e-action-hash=\"#elementor-action%3Aaction%3Dlightbox%26settings%3DeyJpZCI6MTQ3MSwidXJsIjoiaHR0cHM6XC9cL25tZXZlbnRzLnNlXC9yZWN5Y2xpbmdkYWdlblwvd3AtY29udGVudFwvdXBsb2Fkc1wvc2l0ZXNcLzE3XC8yMDI0XC8wOFwvMTA0OTE4MTczLmpwZyIsInNsaWRlc2hvdyI6IjA1YjhjYmMifQ%3D%3D\">\n\t\t\t\t\t<div class=\"e-gallery-image elementor-gallery-item__image\" data-thumbnail=\"https:\/\/nmevents.se\/recyclingdagen\/wp-content\/uploads\/sites\/17\/2024\/08\/104918173-300x180.jpg\" data-width=\"300\" data-height=\"180\" aria-label=\"\" role=\"img\" ><\/div>\n\t\t\t\t\t\t\t\t\t\t\t<div class=\"elementor-gallery-item__overlay\"><\/div>\n\t\t\t\t\t\t\t\t\t\t\t\t\t\t<\/a>\n\t\t\t\t\t\t\t<a class=\"e-gallery-item elementor-gallery-item elementor-animated-content\" href=\"https:\/\/nmevents.se\/recyclingdagen\/wp-content\/uploads\/sites\/17\/2024\/08\/image00005-scaled.jpeg\" data-elementor-open-lightbox=\"yes\" data-elementor-lightbox-slideshow=\"05b8cbc\" data-elementor-lightbox-title=\"image00005\" data-e-action-hash=\"#elementor-action%3Aaction%3Dlightbox%26settings%3DeyJpZCI6MTQ3MiwidXJsIjoiaHR0cHM6XC9cL25tZXZlbnRzLnNlXC9yZWN5Y2xpbmdkYWdlblwvd3AtY29udGVudFwvdXBsb2Fkc1wvc2l0ZXNcLzE3XC8yMDI0XC8wOFwvaW1hZ2UwMDAwNS1zY2FsZWQuanBlZyIsInNsaWRlc2hvdyI6IjA1YjhjYmMifQ%3D%3D\">\n\t\t\t\t\t<div class=\"e-gallery-image elementor-gallery-item__image\" data-thumbnail=\"https:\/\/nmevents.se\/recyclingdagen\/wp-content\/uploads\/sites\/17\/2024\/08\/image00005-225x300.jpeg\" data-width=\"225\" data-height=\"300\" aria-label=\"\" role=\"img\" ><\/div>\n\t\t\t\t\t\t\t\t\t\t\t<div class=\"elementor-gallery-item__overlay\"><\/div>\n\t\t\t\t\t\t\t\t\t\t\t\t\t\t<\/a>\n\t\t\t\t\t\t\t<a class=\"e-gallery-item elementor-gallery-item elementor-animated-content\" href=\"https:\/\/nmevents.se\/recyclingdagen\/wp-content\/uploads\/sites\/17\/2024\/08\/IMG_3005-scaled.jpg\" data-elementor-open-lightbox=\"yes\" data-elementor-lightbox-slideshow=\"05b8cbc\" data-elementor-lightbox-title=\"IMG_3005\" data-e-action-hash=\"#elementor-action%3Aaction%3Dlightbox%26settings%3DeyJpZCI6MTQ3MywidXJsIjoiaHR0cHM6XC9cL25tZXZlbnRzLnNlXC9yZWN5Y2xpbmdkYWdlblwvd3AtY29udGVudFwvdXBsb2Fkc1wvc2l0ZXNcLzE3XC8yMDI0XC8wOFwvSU1HXzMwMDUtc2NhbGVkLmpwZyIsInNsaWRlc2hvdyI6IjA1YjhjYmMifQ%3D%3D\">\n\t\t\t\t\t<div class=\"e-gallery-image elementor-gallery-item__image\" data-thumbnail=\"https:\/\/nmevents.se\/recyclingdagen\/wp-content\/uploads\/sites\/17\/2024\/08\/IMG_3005-300x225.jpg\" data-width=\"300\" data-height=\"225\" aria-label=\"\" role=\"img\" ><\/div>\n\t\t\t\t\t\t\t\t\t\t\t<div class=\"elementor-gallery-item__overlay\"><\/div>\n\t\t\t\t\t\t\t\t\t\t\t\t\t\t<\/a>\n\t\t\t\t\t\t\t<a class=\"e-gallery-item elementor-gallery-item elementor-animated-content\" href=\"https:\/\/nmevents.se\/recyclingdagen\/wp-content\/uploads\/sites\/17\/2024\/08\/IMG_3001-scaled.jpg\" data-elementor-open-lightbox=\"yes\" data-elementor-lightbox-slideshow=\"05b8cbc\" data-elementor-lightbox-title=\"IMG_3001\" data-e-action-hash=\"#elementor-action%3Aaction%3Dlightbox%26settings%3DeyJpZCI6MTQ3NCwidXJsIjoiaHR0cHM6XC9cL25tZXZlbnRzLnNlXC9yZWN5Y2xpbmdkYWdlblwvd3AtY29udGVudFwvdXBsb2Fkc1wvc2l0ZXNcLzE3XC8yMDI0XC8wOFwvSU1HXzMwMDEtc2NhbGVkLmpwZyIsInNsaWRlc2hvdyI6IjA1YjhjYmMifQ%3D%3D\">\n\t\t\t\t\t<div class=\"e-gallery-image elementor-gallery-item__image\" data-thumbnail=\"https:\/\/nmevents.se\/recyclingdagen\/wp-content\/uploads\/sites\/17\/2024\/08\/IMG_3001-300x225.jpg\" data-width=\"300\" data-height=\"225\" aria-label=\"\" role=\"img\" ><\/div>\n\t\t\t\t\t\t\t\t\t\t\t<div class=\"elementor-gallery-item__overlay\"><\/div>\n\t\t\t\t\t\t\t\t\t\t\t\t\t\t<\/a>\n\t\t\t\t\t\t\t<a class=\"e-gallery-item elementor-gallery-item elementor-animated-content\" href=\"https:\/\/nmevents.se\/recyclingdagen\/wp-content\/uploads\/sites\/17\/2024\/08\/image00019-scaled.jpeg\" data-elementor-open-lightbox=\"yes\" data-elementor-lightbox-slideshow=\"05b8cbc\" data-elementor-lightbox-title=\"image00019\" data-e-action-hash=\"#elementor-action%3Aaction%3Dlightbox%26settings%3DeyJpZCI6MTQ3NSwidXJsIjoiaHR0cHM6XC9cL25tZXZlbnRzLnNlXC9yZWN5Y2xpbmdkYWdlblwvd3AtY29udGVudFwvdXBsb2Fkc1wvc2l0ZXNcLzE3XC8yMDI0XC8wOFwvaW1hZ2UwMDAxOS1zY2FsZWQuanBlZyIsInNsaWRlc2hvdyI6IjA1YjhjYmMifQ%3D%3D\">\n\t\t\t\t\t<div class=\"e-gallery-image elementor-gallery-item__image\" data-thumbnail=\"https:\/\/nmevents.se\/recyclingdagen\/wp-content\/uploads\/sites\/17\/2024\/08\/image00019-225x300.jpeg\" data-width=\"225\" data-height=\"300\" aria-label=\"\" role=\"img\" ><\/div>\n\t\t\t\t\t\t\t\t\t\t\t<div class=\"elementor-gallery-item__overlay\"><\/div>\n\t\t\t\t\t\t\t\t\t\t\t\t\t\t<\/a>\n\t\t\t\t\t\t\t<a class=\"e-gallery-item elementor-gallery-item elementor-animated-content\" href=\"https:\/\/nmevents.se\/recyclingdagen\/wp-content\/uploads\/sites\/17\/2024\/08\/IMG_2975-scaled.jpg\" data-elementor-open-lightbox=\"yes\" data-elementor-lightbox-slideshow=\"05b8cbc\" data-elementor-lightbox-title=\"IMG_2975\" data-e-action-hash=\"#elementor-action%3Aaction%3Dlightbox%26settings%3DeyJpZCI6MTQ3NiwidXJsIjoiaHR0cHM6XC9cL25tZXZlbnRzLnNlXC9yZWN5Y2xpbmdkYWdlblwvd3AtY29udGVudFwvdXBsb2Fkc1wvc2l0ZXNcLzE3XC8yMDI0XC8wOFwvSU1HXzI5NzUtc2NhbGVkLmpwZyIsInNsaWRlc2hvdyI6IjA1YjhjYmMifQ%3D%3D\">\n\t\t\t\t\t<div class=\"e-gallery-image elementor-gallery-item__image\" data-thumbnail=\"https:\/\/nmevents.se\/recyclingdagen\/wp-content\/uploads\/sites\/17\/2024\/08\/IMG_2975-300x225.jpg\" data-width=\"300\" data-height=\"225\" aria-label=\"\" role=\"img\" ><\/div>\n\t\t\t\t\t\t\t\t\t\t\t<div class=\"elementor-gallery-item__overlay\"><\/div>\n\t\t\t\t\t\t\t\t\t\t\t\t\t\t<\/a>\n\t\t\t\t\t\t\t<a class=\"e-gallery-item elementor-gallery-item elementor-animated-content\" href=\"https:\/\/nmevents.se\/recyclingdagen\/wp-content\/uploads\/sites\/17\/2024\/08\/IMG_2971-scaled.jpg\" data-elementor-open-lightbox=\"yes\" data-elementor-lightbox-slideshow=\"05b8cbc\" data-elementor-lightbox-title=\"IMG_2971\" data-e-action-hash=\"#elementor-action%3Aaction%3Dlightbox%26settings%3DeyJpZCI6MTQ3NywidXJsIjoiaHR0cHM6XC9cL25tZXZlbnRzLnNlXC9yZWN5Y2xpbmdkYWdlblwvd3AtY29udGVudFwvdXBsb2Fkc1wvc2l0ZXNcLzE3XC8yMDI0XC8wOFwvSU1HXzI5NzEtc2NhbGVkLmpwZyIsInNsaWRlc2hvdyI6IjA1YjhjYmMifQ%3D%3D\">\n\t\t\t\t\t<div class=\"e-gallery-image elementor-gallery-item__image\" data-thumbnail=\"https:\/\/nmevents.se\/recyclingdagen\/wp-content\/uploads\/sites\/17\/2024\/08\/IMG_2971-300x225.jpg\" data-width=\"300\" data-height=\"225\" aria-label=\"\" role=\"img\" ><\/div>\n\t\t\t\t\t\t\t\t\t\t\t<div class=\"elementor-gallery-item__overlay\"><\/div>\n\t\t\t\t\t\t\t\t\t\t\t\t\t\t<\/a>\n\t\t\t\t\t\t\t<a class=\"e-gallery-item elementor-gallery-item elementor-animated-content\" href=\"https:\/\/nmevents.se\/recyclingdagen\/wp-content\/uploads\/sites\/17\/2024\/08\/IMG_2980-kopia-scaled.jpg\" data-elementor-open-lightbox=\"yes\" data-elementor-lightbox-slideshow=\"05b8cbc\" data-elementor-lightbox-title=\"IMG_2980 - kopia\" data-e-action-hash=\"#elementor-action%3Aaction%3Dlightbox%26settings%3DeyJpZCI6MTQ3OCwidXJsIjoiaHR0cHM6XC9cL25tZXZlbnRzLnNlXC9yZWN5Y2xpbmdkYWdlblwvd3AtY29udGVudFwvdXBsb2Fkc1wvc2l0ZXNcLzE3XC8yMDI0XC8wOFwvSU1HXzI5ODAta29waWEtc2NhbGVkLmpwZyIsInNsaWRlc2hvdyI6IjA1YjhjYmMifQ%3D%3D\">\n\t\t\t\t\t<div class=\"e-gallery-image elementor-gallery-item__image\" data-thumbnail=\"https:\/\/nmevents.se\/recyclingdagen\/wp-content\/uploads\/sites\/17\/2024\/08\/IMG_2980-kopia-300x300.jpg\" data-width=\"300\" data-height=\"300\" aria-label=\"\" role=\"img\" ><\/div>\n\t\t\t\t\t\t\t\t\t\t\t<div class=\"elementor-gallery-item__overlay\"><\/div>\n\t\t\t\t\t\t\t\t\t\t\t\t\t\t<\/a>\n\t\t\t\t\t<\/div>\n\t\t\t<\/div>\n\t\t\t\t<\/div>\n\t\t\t\t\t<\/div>\n\t\t\t\t<\/div>\n\t\t<div class=\"elementor-element elementor-element-a94480d e-flex e-con-boxed e-con e-parent\" data-id=\"a94480d\" data-element_type=\"container\" data-core-v316-plus=\"true\">\n\t\t\t\t\t<div class=\"e-con-inner\">\n\t\t\t\t<div class=\"elementor-element elementor-element-416b49f elementor-widget elementor-widget-image\" data-id=\"416b49f\" data-element_type=\"widget\" data-widget_type=\"image.default\">\n\t\t\t\t<div class=\"elementor-widget-container\">\n\t\t\t<style>\/*! elementor - v3.20.0 - 20-03-2024 *\/\n.elementor-widget-image{text-align:center}.elementor-widget-image a{display:inline-block}.elementor-widget-image a img[src$=\".svg\"]{width:48px}.elementor-widget-image img{vertical-align:middle;display:inline-block}<\/style>\t\t\t\t\t\t\t\t\t\t<img decoding=\"async\" src=\"https:\/\/nmevents.se\/recyclingdagen\/wp-content\/uploads\/sites\/17\/2024\/08\/GAN-Footer_240319.jpg\" title=\"GAN-Footer_240319\" alt=\"GAN-Footer_240319\" loading=\"lazy\" \/>\t\t\t\t\t\t\t\t\t\t\t\t\t<\/div>\n\t\t\t\t<\/div>\n\t\t\t\t\t<\/div>\n\t\t\t\t<\/div>\n\t\t\t\t<\/div>\n\t\t","protected":false},"excerpt":{"rendered":"<p>Recyclingdagen Stockholm gjorde comeback!Efter n\u00e5gra \u00e5rs uppeh\u00e5ll \u00e5terkom Recyclingdagen Stockholm. Den 18 april arrangerarde vi, med st\u00f6d fr\u00e5n branschorganisationerna Svenska J\u00e4rn och \u00c5tervinningsindustrin, en endagskonferens vars \u00f6vergripande tema handlade om metall- och skrot\u00e5tervinning. Det flikades \u00e4ven in dagsaktuella och angel\u00e4gna fr\u00e5gest\u00e4llningar och exempel g\u00e4llande \u00e5tervinning av batterier, elektronik och solcellspaneler. Bakgrunden till att vi satsade [&hellip;]<\/p>\n","protected":false},"author":5,"featured_media":0,"parent":0,"menu_order":0,"comment_status":"closed","ping_status":"closed","template":"","meta":{"_acf_changed":false,"footnotes":""},"acf":[],"_links":{"self":[{"href":"https:\/\/nmevents.se\/recyclingdagen\/wp-json\/wp\/v2\/pages\/1465"}],"collection":[{"href":"https:\/\/nmevents.se\/recyclingdagen\/wp-json\/wp\/v2\/pages"}],"about":[{"href":"https:\/\/nmevents.se\/recyclingdagen\/wp-json\/wp\/v2\/types\/page"}],"author":[{"embeddable":true,"href":"https:\/\/nmevents.se\/recyclingdagen\/wp-json\/wp\/v2\/users\/5"}],"replies":[{"embeddable":true,"href":"https:\/\/nmevents.se\/recyclingdagen\/wp-json\/wp\/v2\/comments?post=1465"}],"version-history":[{"count":37,"href":"https:\/\/nmevents.se\/recyclingdagen\/wp-json\/wp\/v2\/pages\/1465\/revisions"}],"predecessor-version":[{"id":1754,"href":"https:\/\/nmevents.se\/recyclingdagen\/wp-json\/wp\/v2\/pages\/1465\/revisions\/1754"}],"wp:attachment":[{"href":"https:\/\/nmevents.se\/recyclingdagen\/wp-json\/wp\/v2\/media?parent=1465"}],"curies":[{"name":"wp","href":"https:\/\/api.w.org\/{rel}","templated":true}]}}