{"id":201,"date":"2023-11-08T13:46:21","date_gmt":"2023-11-08T11:46:21","guid":{"rendered":"https:\/\/eventdk.nordiske-medier.dk\/pack-point-nordic\/?page_id=201"},"modified":"2026-01-29T13:16:21","modified_gmt":"2026-01-29T12:16:21","slug":"om-oss","status":"publish","type":"page","link":"https:\/\/nmevents.se\/recyclingdagen\/om-oss\/","title":{"rendered":"Om oss"},"content":{"rendered":"\t\t<div data-elementor-type=\"wp-page\" data-elementor-id=\"201\" class=\"elementor elementor-201\" data-elementor-post-type=\"page\">\n\t\t\t\t<div class=\"elementor-element elementor-element-67d271a e-flex e-con-boxed e-con e-parent\" data-id=\"67d271a\" data-element_type=\"container\" data-core-v316-plus=\"true\">\n\t\t\t\t\t<div class=\"e-con-inner\">\n\t\t\t\t<div class=\"elementor-element elementor-element-f4e1119 elementor-widget elementor-widget-spacer\" data-id=\"f4e1119\" data-element_type=\"widget\" data-widget_type=\"spacer.default\">\n\t\t\t\t<div class=\"elementor-widget-container\">\n\t\t\t<style>\/*! elementor - v3.20.0 - 20-03-2024 *\/\n.elementor-column .elementor-spacer-inner{height:var(--spacer-size)}.e-con{--container-widget-width:100%}.e-con-inner>.elementor-widget-spacer,.e-con>.elementor-widget-spacer{width:var(--container-widget-width,var(--spacer-size));--align-self:var(--container-widget-align-self,initial);--flex-shrink:0}.e-con-inner>.elementor-widget-spacer>.elementor-widget-container,.e-con>.elementor-widget-spacer>.elementor-widget-container{height:100%;width:100%}.e-con-inner>.elementor-widget-spacer>.elementor-widget-container>.elementor-spacer,.e-con>.elementor-widget-spacer>.elementor-widget-container>.elementor-spacer{height:100%}.e-con-inner>.elementor-widget-spacer>.elementor-widget-container>.elementor-spacer>.elementor-spacer-inner,.e-con>.elementor-widget-spacer>.elementor-widget-container>.elementor-spacer>.elementor-spacer-inner{height:var(--container-widget-height,var(--spacer-size))}.e-con-inner>.elementor-widget-spacer.elementor-widget-empty,.e-con>.elementor-widget-spacer.elementor-widget-empty{position:relative;min-height:22px;min-width:22px}.e-con-inner>.elementor-widget-spacer.elementor-widget-empty .elementor-widget-empty-icon,.e-con>.elementor-widget-spacer.elementor-widget-empty .elementor-widget-empty-icon{position:absolute;top:0;bottom:0;left:0;right:0;margin:auto;padding:0;width:22px;height:22px}<\/style>\t\t<div class=\"elementor-spacer\">\n\t\t\t<div class=\"elementor-spacer-inner\"><\/div>\n\t\t<\/div>\n\t\t\t\t<\/div>\n\t\t\t\t<\/div>\n\t\t\t\t\t<\/div>\n\t\t\t\t<\/div>\n\t\t<div class=\"elementor-element elementor-element-26e0b50 e-flex e-con-boxed e-con e-parent\" data-id=\"26e0b50\" data-element_type=\"container\" data-core-v316-plus=\"true\">\n\t\t\t\t\t<div class=\"e-con-inner\">\n\t\t<div class=\"elementor-element elementor-element-afabacc e-con-full e-flex e-con e-child\" data-id=\"afabacc\" data-element_type=\"container\">\n\t\t\t\t<div class=\"elementor-element elementor-element-908d963 elementor-widget elementor-widget-text-editor\" data-id=\"908d963\" data-element_type=\"widget\" data-widget_type=\"text-editor.default\">\n\t\t\t\t<div class=\"elementor-widget-container\">\n\t\t\t<style>\/*! elementor - v3.20.0 - 20-03-2024 *\/\n.elementor-widget-text-editor.elementor-drop-cap-view-stacked .elementor-drop-cap{background-color:#69727d;color:#fff}.elementor-widget-text-editor.elementor-drop-cap-view-framed .elementor-drop-cap{color:#69727d;border:3px solid;background-color:transparent}.elementor-widget-text-editor:not(.elementor-drop-cap-view-default) .elementor-drop-cap{margin-top:8px}.elementor-widget-text-editor:not(.elementor-drop-cap-view-default) .elementor-drop-cap-letter{width:1em;height:1em}.elementor-widget-text-editor .elementor-drop-cap{float:left;text-align:center;line-height:1;font-size:50px}.elementor-widget-text-editor .elementor-drop-cap-letter{display:inline-block}<\/style>\t\t\t\t<p>2026 med Recycling<\/p>\t\t\t\t\t\t<\/div>\n\t\t\t\t<\/div>\n\t\t\t\t<div class=\"elementor-element elementor-element-e020bbb elementor-widget elementor-widget-text-editor\" data-id=\"e020bbb\" data-element_type=\"widget\" data-widget_type=\"text-editor.default\">\n\t\t\t\t<div class=\"elementor-widget-container\">\n\t\t\t\t\t\t\t<p>Recycling, landets ledande tidskrift inom avfallshantering, \u00e5tervinning och cirkul\u00e4r ekonomi, kommer under 2026 ut med sex tryckta utg\u00e5vor. I till\u00e4gg till det publicerar vi dagligen nyheter kring avfall, \u00e5tervinning och cirkul\u00e4r ekonomi p\u00e5<strong>\u00a0<a href=\"https:\/\/www.recyclingnet.se\/\" target=\"_blank\" rel=\"noopener\">recyclingnet.se<\/a>.<\/strong>\u00a0Dessutom, tv\u00e5 g\u00e5nger i veckan skickar vi v\u00e5rt nyhetsbrev till drygt 6600 mottagare i branschen.<\/p><p>Recycling \u00e4r inte bara en leverant\u00f6r av branschnyheter i form av tidningar, webbportal och nyhetsbrev, utan vi \u00e4r \u00e4ven arrang\u00f6r av ett antal uppskattade \u00e5rliga event.<\/p>\t\t\t\t\t\t<\/div>\n\t\t\t\t<\/div>\n\t\t\t\t<div class=\"elementor-element elementor-element-9c8fafd elementor-widget elementor-widget-button\" data-id=\"9c8fafd\" data-element_type=\"widget\" data-widget_type=\"button.default\">\n\t\t\t\t<div class=\"elementor-widget-container\">\n\t\t\t\t\t<div class=\"elementor-button-wrapper\">\n\t\t\t<a class=\"elementor-button elementor-button-link elementor-size-sm\" href=\"https:\/\/www.recyclingnet.se\/\" target=\"_blank\">\n\t\t\t\t\t\t<span class=\"elementor-button-content-wrapper\">\n\t\t\t\t\t\t<span class=\"elementor-button-text\">Bes\u00f6k v\u00e5r webbsida h\u00e4r<\/span>\n\t\t<\/span>\n\t\t\t\t\t<\/a>\n\t\t<\/div>\n\t\t\t\t<\/div>\n\t\t\t\t<\/div>\n\t\t\t\t<\/div>\n\t\t<div class=\"elementor-element elementor-element-35737e9 e-con-full e-flex e-con e-child\" data-id=\"35737e9\" data-element_type=\"container\">\n\t\t\t\t<div class=\"elementor-element elementor-element-dfcdaae elementor-widget elementor-widget-image\" data-id=\"dfcdaae\" data-element_type=\"widget\" data-widget_type=\"image.default\">\n\t\t\t\t<div class=\"elementor-widget-container\">\n\t\t\t<style>\/*! elementor - v3.20.0 - 20-03-2024 *\/\n.elementor-widget-image{text-align:center}.elementor-widget-image a{display:inline-block}.elementor-widget-image a img[src$=\".svg\"]{width:48px}.elementor-widget-image img{vertical-align:middle;display:inline-block}<\/style>\t\t\t\t\t\t\t\t\t\t<img fetchpriority=\"high\" decoding=\"async\" width=\"666\" height=\"561\" src=\"https:\/\/nmevents.se\/recyclingdagen\/wp-content\/uploads\/sites\/17\/2025\/08\/Tidningskollage.png\" class=\"attachment-full size-full wp-image-3937\" alt=\"\" srcset=\"https:\/\/nmevents.se\/recyclingdagen\/wp-content\/uploads\/sites\/17\/2025\/08\/Tidningskollage.png 666w, https:\/\/nmevents.se\/recyclingdagen\/wp-content\/uploads\/sites\/17\/2025\/08\/Tidningskollage-300x253.png 300w\" sizes=\"(max-width: 666px) 100vw, 666px\" \/>\t\t\t\t\t\t\t\t\t\t\t\t\t<\/div>\n\t\t\t\t<\/div>\n\t\t\t\t<\/div>\n\t\t\t\t\t<\/div>\n\t\t\t\t<\/div>\n\t\t<div class=\"elementor-element elementor-element-e54755e e-flex e-con-boxed e-con e-parent\" data-id=\"e54755e\" data-element_type=\"container\" data-settings=\"{&quot;background_background&quot;:&quot;gradient&quot;}\" data-core-v316-plus=\"true\">\n\t\t\t\t\t<div class=\"e-con-inner\">\n\t\t\t\t<div class=\"elementor-element elementor-element-0a89184 elementor-widget elementor-widget-text-editor\" data-id=\"0a89184\" data-element_type=\"widget\" data-widget_type=\"text-editor.default\">\n\t\t\t\t<div class=\"elementor-widget-container\">\n\t\t\t\t\t\t\t<p>V\u00e5ra \u00f6vriga event<\/p>\t\t\t\t\t\t<\/div>\n\t\t\t\t<\/div>\n\t\t\t\t\t<\/div>\n\t\t\t\t<\/div>\n\t\t<div class=\"elementor-element elementor-element-9ff6365 e-flex e-con-boxed e-con e-parent\" data-id=\"9ff6365\" data-element_type=\"container\" data-core-v316-plus=\"true\">\n\t\t\t\t\t<div class=\"e-con-inner\">\n\t\t\t\t<div class=\"elementor-element elementor-element-12ffa9a elementor-widget elementor-widget-spacer\" data-id=\"12ffa9a\" data-element_type=\"widget\" data-widget_type=\"spacer.default\">\n\t\t\t\t<div class=\"elementor-widget-container\">\n\t\t\t\t\t<div class=\"elementor-spacer\">\n\t\t\t<div class=\"elementor-spacer-inner\"><\/div>\n\t\t<\/div>\n\t\t\t\t<\/div>\n\t\t\t\t<\/div>\n\t\t\t\t\t<\/div>\n\t\t\t\t<\/div>\n\t\t<div class=\"elementor-element elementor-element-2c2a3bc e-flex e-con-boxed e-con e-parent\" data-id=\"2c2a3bc\" data-element_type=\"container\" data-core-v316-plus=\"true\">\n\t\t\t\t\t<div class=\"e-con-inner\">\n\t\t<div class=\"elementor-element elementor-element-ecff12c e-con-full e-flex e-con e-child\" data-id=\"ecff12c\" data-element_type=\"container\">\n\t\t<div class=\"elementor-element elementor-element-61bff69 e-con-full e-flex e-con e-child\" data-id=\"61bff69\" data-element_type=\"container\">\n\t\t\t\t<div class=\"elementor-element elementor-element-0b70063 elementor-widget elementor-widget-text-editor\" data-id=\"0b70063\" data-element_type=\"widget\" data-widget_type=\"text-editor.default\">\n\t\t\t\t<div class=\"elementor-widget-container\">\n\t\t\t\t\t\t\t<p>\u00c5tervinningsgalan<\/p>\t\t\t\t\t\t<\/div>\n\t\t\t\t<\/div>\n\t\t\t\t<div class=\"elementor-element elementor-element-55774a7 elementor-widget elementor-widget-text-editor\" data-id=\"55774a7\" data-element_type=\"widget\" data-widget_type=\"text-editor.default\">\n\t\t\t\t<div class=\"elementor-widget-container\">\n\t\t\t\t\t\t\t<p>\u00c5tervinningsgalan arrangeras av tidningen Recycling i samarbete med Avfall Sverige och \u00c5tervinningsindustrierna. I \u00e5tervinningsbranschen finns det m\u00e5nga framg\u00e5ngsrika, kloka och modiga f\u00f6retag som vi vill hylla. Detta \u00e4r ett evenemang d\u00e4r alla i branschen kan m\u00f6tas, utbyta erfarenheter och tillsammans fira branschens hj\u00e4ltar.<\/p>\t\t\t\t\t\t<\/div>\n\t\t\t\t<\/div>\n\t\t\t\t<div class=\"elementor-element elementor-element-1f44388 elementor-widget elementor-widget-button\" data-id=\"1f44388\" data-element_type=\"widget\" data-widget_type=\"button.default\">\n\t\t\t\t<div class=\"elementor-widget-container\">\n\t\t\t\t\t<div class=\"elementor-button-wrapper\">\n\t\t\t<a class=\"elementor-button elementor-button-link elementor-size-sm\" href=\"https:\/\/nmevents.se\/atervinningsgalan\/\" target=\"_blank\">\n\t\t\t\t\t\t<span class=\"elementor-button-content-wrapper\">\n\t\t\t\t\t\t<span class=\"elementor-button-text\">F\u00f6r mer info & anm\u00e4lan<\/span>\n\t\t<\/span>\n\t\t\t\t\t<\/a>\n\t\t<\/div>\n\t\t\t\t<\/div>\n\t\t\t\t<\/div>\n\t\t\t\t<\/div>\n\t\t\t\t<\/div>\n\t\t<div class=\"elementor-element elementor-element-898f049 e-con-full e-flex e-con e-child\" data-id=\"898f049\" data-element_type=\"container\">\n\t\t<div class=\"elementor-element elementor-element-87dbee1 e-con-full e-flex e-con e-child\" data-id=\"87dbee1\" data-element_type=\"container\">\n\t\t\t\t<div class=\"elementor-element elementor-element-56ca11b elementor-widget elementor-widget-text-editor\" data-id=\"56ca11b\" data-element_type=\"widget\" data-widget_type=\"text-editor.default\">\n\t\t\t\t<div class=\"elementor-widget-container\">\n\t\t\t\t\t\t\t<p>Recycling Cup<\/p>\t\t\t\t\t\t<\/div>\n\t\t\t\t<\/div>\n\t\t\t\t<div class=\"elementor-element elementor-element-6d82c97 elementor-widget elementor-widget-text-editor\" data-id=\"6d82c97\" data-element_type=\"widget\" data-widget_type=\"text-editor.default\">\n\t\t\t\t<div class=\"elementor-widget-container\">\n\t\t\t\t\t\t\t<p>Recycling Cup \u00e4r \u00e5tervinningsbranschens \u00e4ldsta och mest prestigefyllda golft\u00e4vling. Under denna dag \u00e4r det spel, mingel och n\u00e4tverk som st\u00e5r i fokus, detta under avslappnade och trevliga former. P\u00e5 Recycling Cup tr\u00e4ffar du nya kunder, dina nuvarande kunder och dina branschkollegor.<\/p>\t\t\t\t\t\t<\/div>\n\t\t\t\t<\/div>\n\t\t\t\t<div class=\"elementor-element elementor-element-a714213 elementor-widget elementor-widget-button\" data-id=\"a714213\" data-element_type=\"widget\" data-widget_type=\"button.default\">\n\t\t\t\t<div class=\"elementor-widget-container\">\n\t\t\t\t\t<div class=\"elementor-button-wrapper\">\n\t\t\t<a class=\"elementor-button elementor-button-link elementor-size-sm\" href=\"https:\/\/nmevents.se\/recyclingcup\/\" target=\"_blank\">\n\t\t\t\t\t\t<span class=\"elementor-button-content-wrapper\">\n\t\t\t\t\t\t<span class=\"elementor-button-text\">F\u00f6r mer info & anm\u00e4lan<\/span>\n\t\t<\/span>\n\t\t\t\t\t<\/a>\n\t\t<\/div>\n\t\t\t\t<\/div>\n\t\t\t\t<\/div>\n\t\t\t\t<\/div>\n\t\t\t\t<\/div>\n\t\t\t\t\t<\/div>\n\t\t\t\t<\/div>\n\t\t<div class=\"elementor-element elementor-element-43dba85 e-flex e-con-boxed e-con e-parent\" data-id=\"43dba85\" data-element_type=\"container\" data-core-v316-plus=\"true\">\n\t\t\t\t\t<div class=\"e-con-inner\">\n\t\t\t\t<div class=\"elementor-element elementor-element-bfb6561 elementor-widget elementor-widget-spacer\" data-id=\"bfb6561\" data-element_type=\"widget\" data-widget_type=\"spacer.default\">\n\t\t\t\t<div class=\"elementor-widget-container\">\n\t\t\t\t\t<div class=\"elementor-spacer\">\n\t\t\t<div class=\"elementor-spacer-inner\"><\/div>\n\t\t<\/div>\n\t\t\t\t<\/div>\n\t\t\t\t<\/div>\n\t\t\t\t\t<\/div>\n\t\t\t\t<\/div>\n\t\t<div class=\"elementor-element elementor-element-8fe6d1d e-flex e-con-boxed e-con e-child\" data-id=\"8fe6d1d\" data-element_type=\"container\">\n\t\t\t\t\t<div class=\"e-con-inner\">\n\t\t\t\t<div class=\"elementor-element elementor-element-9f2741c elementor-widget elementor-widget-video\" data-id=\"9f2741c\" data-element_type=\"widget\" data-settings=\"{&quot;youtube_url&quot;:&quot;https:\\\/\\\/youtu.be\\\/j0LqxumJ3SU?si=HywMdWZTtuajUKCY&quot;,&quot;video_type&quot;:&quot;youtube&quot;,&quot;controls&quot;:&quot;yes&quot;}\" data-widget_type=\"video.default\">\n\t\t\t\t<div class=\"elementor-widget-container\">\n\t\t\t<style>\/*! elementor - v3.20.0 - 20-03-2024 *\/\n.elementor-widget-video .elementor-widget-container{overflow:hidden;transform:translateZ(0)}.elementor-widget-video .elementor-wrapper{aspect-ratio:var(--video-aspect-ratio)}.elementor-widget-video .elementor-wrapper iframe,.elementor-widget-video .elementor-wrapper video{height:100%;width:100%;display:flex;border:none;background-color:#000}@supports not (aspect-ratio:1\/1){.elementor-widget-video .elementor-wrapper{position:relative;overflow:hidden;height:0;padding-bottom:calc(100% \/ var(--video-aspect-ratio))}.elementor-widget-video .elementor-wrapper iframe,.elementor-widget-video .elementor-wrapper video{position:absolute;top:0;right:0;bottom:0;left:0}}.elementor-widget-video .elementor-open-inline .elementor-custom-embed-image-overlay{position:absolute;top:0;right:0;bottom:0;left:0;background-size:cover;background-position:50%}.elementor-widget-video .elementor-custom-embed-image-overlay{cursor:pointer;text-align:center}.elementor-widget-video .elementor-custom-embed-image-overlay:hover .elementor-custom-embed-play i{opacity:1}.elementor-widget-video .elementor-custom-embed-image-overlay img{display:block;width:100%;aspect-ratio:var(--video-aspect-ratio);-o-object-fit:cover;object-fit:cover;-o-object-position:center center;object-position:center center}@supports not (aspect-ratio:1\/1){.elementor-widget-video .elementor-custom-embed-image-overlay{position:relative;overflow:hidden;height:0;padding-bottom:calc(100% \/ var(--video-aspect-ratio))}.elementor-widget-video .elementor-custom-embed-image-overlay img{position:absolute;top:0;right:0;bottom:0;left:0}}.elementor-widget-video .e-hosted-video .elementor-video{-o-object-fit:cover;object-fit:cover}.e-con-inner>.elementor-widget-video,.e-con>.elementor-widget-video{width:var(--container-widget-width);--flex-grow:var(--container-widget-flex-grow)}<\/style>\t\t<div class=\"elementor-wrapper elementor-open-inline\">\n\t\t\t<div class=\"elementor-video\"><\/div>\t\t<\/div>\n\t\t\t\t<\/div>\n\t\t\t\t<\/div>\n\t\t\t\t\t<\/div>\n\t\t\t\t<\/div>\n\t\t<div class=\"elementor-element elementor-element-40dd771 e-flex e-con-boxed e-con e-parent\" data-id=\"40dd771\" data-element_type=\"container\" data-core-v316-plus=\"true\">\n\t\t\t\t\t<div class=\"e-con-inner\">\n\t\t\t\t<div class=\"elementor-element elementor-element-ef3f93b elementor-widget elementor-widget-spacer\" data-id=\"ef3f93b\" data-element_type=\"widget\" data-widget_type=\"spacer.default\">\n\t\t\t\t<div class=\"elementor-widget-container\">\n\t\t\t\t\t<div class=\"elementor-spacer\">\n\t\t\t<div class=\"elementor-spacer-inner\"><\/div>\n\t\t<\/div>\n\t\t\t\t<\/div>\n\t\t\t\t<\/div>\n\t\t\t\t\t<\/div>\n\t\t\t\t<\/div>\n\t\t\t\t<\/div>\n\t\t","protected":false},"excerpt":{"rendered":"<p>2026 med Recycling Recycling, landets ledande tidskrift inom avfallshantering, \u00e5tervinning och cirkul\u00e4r ekonomi, kommer under 2026 ut med sex tryckta utg\u00e5vor. I till\u00e4gg till det publicerar vi dagligen nyheter kring avfall, \u00e5tervinning och cirkul\u00e4r ekonomi p\u00e5\u00a0recyclingnet.se.\u00a0Dessutom, tv\u00e5 g\u00e5nger i veckan skickar vi v\u00e5rt nyhetsbrev till drygt 6600 mottagare i branschen. Recycling \u00e4r inte bara en [&hellip;]<\/p>\n","protected":false},"author":1,"featured_media":0,"parent":0,"menu_order":0,"comment_status":"closed","ping_status":"closed","template":"elementor_header_footer","meta":{"_acf_changed":false,"footnotes":""},"acf":[],"_links":{"self":[{"href":"https:\/\/nmevents.se\/recyclingdagen\/wp-json\/wp\/v2\/pages\/201"}],"collection":[{"href":"https:\/\/nmevents.se\/recyclingdagen\/wp-json\/wp\/v2\/pages"}],"about":[{"href":"https:\/\/nmevents.se\/recyclingdagen\/wp-json\/wp\/v2\/types\/page"}],"author":[{"embeddable":true,"href":"https:\/\/nmevents.se\/recyclingdagen\/wp-json\/wp\/v2\/users\/1"}],"replies":[{"embeddable":true,"href":"https:\/\/nmevents.se\/recyclingdagen\/wp-json\/wp\/v2\/comments?post=201"}],"version-history":[{"count":120,"href":"https:\/\/nmevents.se\/recyclingdagen\/wp-json\/wp\/v2\/pages\/201\/revisions"}],"predecessor-version":[{"id":4740,"href":"https:\/\/nmevents.se\/recyclingdagen\/wp-json\/wp\/v2\/pages\/201\/revisions\/4740"}],"wp:attachment":[{"href":"https:\/\/nmevents.se\/recyclingdagen\/wp-json\/wp\/v2\/media?parent=201"}],"curies":[{"name":"wp","href":"https:\/\/api.w.org\/{rel}","templated":true}]}}